{"id":61936,"date":"2022-03-01T16:35:49","date_gmt":"2022-03-01T16:35:49","guid":{"rendered":"https:\/\/u-pol.com\/home-2\/"},"modified":"2022-09-30T09:52:23","modified_gmt":"2022-09-30T09:52:23","slug":"home-de","status":"publish","type":"page","link":"https:\/\/u-pol.com\/de\/","title":{"rendered":"Home"},"content":{"rendered":"<p><div class=\"fusion-fullwidth fullwidth-box fusion-builder-row-1 fusion-flex-container nonhundred-percent-fullwidth non-hundred-percent-height-scrolling\" style=\"--awb-border-radius-top-left:0px;--awb-border-radius-top-right:0px;--awb-border-radius-bottom-right:0px;--awb-border-radius-bottom-left:0px;--awb-flex-wrap:wrap;\" ><div class=\"fusion-builder-row fusion-row fusion-flex-align-items-flex-start fusion-flex-content-wrap\" style=\"max-width:1203.6px;margin-left: calc(-2% \/ 2 );margin-right: calc(-2% \/ 2 );\"><div class=\"fusion-layout-column fusion_builder_column fusion-builder-column-0 fusion_builder_column_1_2 1_2 fusion-flex-column\" style=\"--awb-bg-size:cover;--awb-width-large:50%;--awb-margin-top-large:0px;--awb-spacing-right-large:1.96%;--awb-margin-bottom-large:20px;--awb-spacing-left-large:1.96%;--awb-width-medium:50%;--awb-order-medium:1;--awb-spacing-right-medium:1.96%;--awb-spacing-left-medium:1.96%;--awb-width-small:100%;--awb-order-small:6;--awb-spacing-right-small:0.98%;--awb-spacing-left-small:0.98%;\"><div class=\"fusion-column-wrapper fusion-column-has-shadow fusion-flex-justify-content-flex-start fusion-content-layout-column\"><div class=\"fusion-image-element \" style=\"--awb-caption-title-font-family:var(--h2_typography-font-family);--awb-caption-title-font-weight:var(--h2_typography-font-weight);--awb-caption-title-font-style:var(--h2_typography-font-style);--awb-caption-title-size:var(--h2_typography-font-size);--awb-caption-title-transform:var(--h2_typography-text-transform);--awb-caption-title-line-height:var(--h2_typography-line-height);--awb-caption-title-letter-spacing:var(--h2_typography-letter-spacing);\"><span class=\" fusion-imageframe imageframe-none imageframe-1 hover-type-none\"><a class=\"fusion-no-lightbox\" href=\"https:\/\/u-pol.com\/de\/sds-tds\/\" target=\"_self\" aria-label=\"27386 687x444px Web Banner_Download Files v1 GER\"><img decoding=\"async\" width=\"1431\" height=\"925\" alt=\"Laden Sie die TDS\/SDS-Dateien herunter\" src=\"https:\/\/u-pol.com\/wp-content\/uploads\/27386-687x444px-Web-Banner_Download-Files-v1-GER.jpg\" data-orig-src=\"https:\/\/u-pol.com\/wp-content\/uploads\/27386-687x444px-Web-Banner_Download-Files-v1-GER.jpg\" class=\"lazyload img-responsive wp-image-64510\" srcset=\"data:image\/svg+xml,%3Csvg%20xmlns%3D%27http%3A%2F%2Fwww.w3.org%2F2000%2Fsvg%27%20width%3D%271431%27%20height%3D%27925%27%20viewBox%3D%270%200%201431%20925%27%3E%3Crect%20width%3D%271431%27%20height%3D%27925%27%20fill-opacity%3D%220%22%2F%3E%3C%2Fsvg%3E\" data-srcset=\"https:\/\/u-pol.com\/wp-content\/uploads\/27386-687x444px-Web-Banner_Download-Files-v1-GER-200x129.jpg 200w, https:\/\/u-pol.com\/wp-content\/uploads\/27386-687x444px-Web-Banner_Download-Files-v1-GER-400x259.jpg 400w, https:\/\/u-pol.com\/wp-content\/uploads\/27386-687x444px-Web-Banner_Download-Files-v1-GER-600x388.jpg 600w, https:\/\/u-pol.com\/wp-content\/uploads\/27386-687x444px-Web-Banner_Download-Files-v1-GER-800x517.jpg 800w, https:\/\/u-pol.com\/wp-content\/uploads\/27386-687x444px-Web-Banner_Download-Files-v1-GER-1200x776.jpg 1200w, https:\/\/u-pol.com\/wp-content\/uploads\/27386-687x444px-Web-Banner_Download-Files-v1-GER.jpg 1431w\" data-sizes=\"auto\" data-orig-sizes=\"(max-width: 640px) 100vw, 600px\" \/><\/a><\/span><\/div><\/div><\/div><div class=\"fusion-layout-column fusion_builder_column fusion-builder-column-1 fusion_builder_column_1_2 1_2 fusion-flex-column\" style=\"--awb-bg-size:cover;--awb-width-large:50%;--awb-margin-top-large:0px;--awb-spacing-right-large:1.96%;--awb-margin-bottom-large:20px;--awb-spacing-left-large:1.96%;--awb-width-medium:50%;--awb-order-medium:2;--awb-spacing-right-medium:1.96%;--awb-spacing-left-medium:1.96%;--awb-width-small:100%;--awb-order-small:5;--awb-spacing-right-small:0.98%;--awb-spacing-left-small:0.98%;\"><div class=\"fusion-column-wrapper fusion-column-has-shadow fusion-flex-justify-content-flex-start fusion-content-layout-column\"><div class=\"fusion-image-element \" style=\"--awb-caption-title-font-family:var(--h2_typography-font-family);--awb-caption-title-font-weight:var(--h2_typography-font-weight);--awb-caption-title-font-style:var(--h2_typography-font-style);--awb-caption-title-size:var(--h2_typography-font-size);--awb-caption-title-transform:var(--h2_typography-text-transform);--awb-caption-title-line-height:var(--h2_typography-line-height);--awb-caption-title-letter-spacing:var(--h2_typography-letter-spacing);\"><span class=\" fusion-imageframe imageframe-none imageframe-2 hover-type-none\"><a class=\"fusion-no-lightbox\" href=\"https:\/\/u-pol.com\/de\/sprays\/sprays-premium\/\" target=\"_self\" aria-label=\"27386 687x444px Web Banner_Premium Aerosols GER 2\"><img decoding=\"async\" width=\"1431\" height=\"925\" alt=\"Premium Aerosols\" src=\"https:\/\/u-pol.com\/wp-content\/uploads\/27386-687x444px-Web-Banner_Premium-Aerosols-GER-2.jpg\" data-orig-src=\"https:\/\/u-pol.com\/wp-content\/uploads\/27386-687x444px-Web-Banner_Premium-Aerosols-GER-2.jpg\" class=\"lazyload img-responsive wp-image-64521\" srcset=\"data:image\/svg+xml,%3Csvg%20xmlns%3D%27http%3A%2F%2Fwww.w3.org%2F2000%2Fsvg%27%20width%3D%271431%27%20height%3D%27925%27%20viewBox%3D%270%200%201431%20925%27%3E%3Crect%20width%3D%271431%27%20height%3D%27925%27%20fill-opacity%3D%220%22%2F%3E%3C%2Fsvg%3E\" data-srcset=\"https:\/\/u-pol.com\/wp-content\/uploads\/27386-687x444px-Web-Banner_Premium-Aerosols-GER-2-200x129.jpg 200w, https:\/\/u-pol.com\/wp-content\/uploads\/27386-687x444px-Web-Banner_Premium-Aerosols-GER-2-400x259.jpg 400w, https:\/\/u-pol.com\/wp-content\/uploads\/27386-687x444px-Web-Banner_Premium-Aerosols-GER-2-600x388.jpg 600w, https:\/\/u-pol.com\/wp-content\/uploads\/27386-687x444px-Web-Banner_Premium-Aerosols-GER-2-800x517.jpg 800w, https:\/\/u-pol.com\/wp-content\/uploads\/27386-687x444px-Web-Banner_Premium-Aerosols-GER-2-1200x776.jpg 1200w, https:\/\/u-pol.com\/wp-content\/uploads\/27386-687x444px-Web-Banner_Premium-Aerosols-GER-2.jpg 1431w\" data-sizes=\"auto\" data-orig-sizes=\"(max-width: 640px) 100vw, 600px\" \/><\/a><\/span><\/div><\/div><\/div><div class=\"fusion-layout-column fusion_builder_column fusion-builder-column-2 fusion_builder_column_1_2 1_2 fusion-flex-column\" style=\"--awb-bg-size:cover;--awb-width-large:50%;--awb-margin-top-large:0px;--awb-spacing-right-large:1.96%;--awb-margin-bottom-large:20px;--awb-spacing-left-large:1.96%;--awb-width-medium:50%;--awb-order-medium:3;--awb-spacing-right-medium:1.96%;--awb-spacing-left-medium:1.96%;--awb-width-small:100%;--awb-order-small:8;--awb-spacing-right-small:0.98%;--awb-spacing-left-small:0.98%;\"><div class=\"fusion-column-wrapper fusion-column-has-shadow fusion-flex-justify-content-flex-start fusion-content-layout-column\"><div class=\"fusion-image-element \" style=\"--awb-caption-title-font-family:var(--h2_typography-font-family);--awb-caption-title-font-weight:var(--h2_typography-font-weight);--awb-caption-title-font-style:var(--h2_typography-font-style);--awb-caption-title-size:var(--h2_typography-font-size);--awb-caption-title-transform:var(--h2_typography-text-transform);--awb-caption-title-line-height:var(--h2_typography-line-height);--awb-caption-title-letter-spacing:var(--h2_typography-letter-spacing);\"><span class=\" fusion-imageframe imageframe-none imageframe-3 hover-type-none\"><a class=\"fusion-no-lightbox\" href=\"https:\/\/www.raptorcoatings.com\/de\/de#.YzaxH9jMJAg\" target=\"_self\" aria-label=\"RAPTOR\"><img decoding=\"async\" width=\"1431\" height=\"925\" alt=\"Der Unterschied ist klar\" src=\"https:\/\/u-pol.com\/wp-content\/uploads\/27386-687x444px-Web-Banner_Raptor-GER-2.jpg\" data-orig-src=\"https:\/\/u-pol.com\/wp-content\/uploads\/27386-687x444px-Web-Banner_Raptor-GER-2.jpg\" class=\"lazyload img-responsive wp-image-64533\" srcset=\"data:image\/svg+xml,%3Csvg%20xmlns%3D%27http%3A%2F%2Fwww.w3.org%2F2000%2Fsvg%27%20width%3D%271431%27%20height%3D%27925%27%20viewBox%3D%270%200%201431%20925%27%3E%3Crect%20width%3D%271431%27%20height%3D%27925%27%20fill-opacity%3D%220%22%2F%3E%3C%2Fsvg%3E\" data-srcset=\"https:\/\/u-pol.com\/wp-content\/uploads\/27386-687x444px-Web-Banner_Raptor-GER-2-200x129.jpg 200w, https:\/\/u-pol.com\/wp-content\/uploads\/27386-687x444px-Web-Banner_Raptor-GER-2-400x259.jpg 400w, https:\/\/u-pol.com\/wp-content\/uploads\/27386-687x444px-Web-Banner_Raptor-GER-2-600x388.jpg 600w, https:\/\/u-pol.com\/wp-content\/uploads\/27386-687x444px-Web-Banner_Raptor-GER-2-800x517.jpg 800w, https:\/\/u-pol.com\/wp-content\/uploads\/27386-687x444px-Web-Banner_Raptor-GER-2-1200x776.jpg 1200w, https:\/\/u-pol.com\/wp-content\/uploads\/27386-687x444px-Web-Banner_Raptor-GER-2.jpg 1431w\" data-sizes=\"auto\" data-orig-sizes=\"(max-width: 640px) 100vw, 600px\" \/><\/a><\/span><\/div><\/div><\/div><div class=\"fusion-layout-column fusion_builder_column fusion-builder-column-3 fusion_builder_column_1_2 1_2 fusion-flex-column\" style=\"--awb-bg-size:cover;--awb-width-large:50%;--awb-margin-top-large:0px;--awb-spacing-right-large:1.96%;--awb-margin-bottom-large:20px;--awb-spacing-left-large:1.96%;--awb-width-medium:50%;--awb-order-medium:4;--awb-spacing-right-medium:1.96%;--awb-spacing-left-medium:1.96%;--awb-width-small:100%;--awb-order-small:7;--awb-spacing-right-small:0.98%;--awb-spacing-left-small:0.98%;\"><div class=\"fusion-column-wrapper fusion-column-has-shadow fusion-flex-justify-content-flex-start fusion-content-layout-column\"><div class=\"fusion-image-element \" style=\"--awb-caption-title-font-family:var(--h2_typography-font-family);--awb-caption-title-font-weight:var(--h2_typography-font-weight);--awb-caption-title-font-style:var(--h2_typography-font-style);--awb-caption-title-size:var(--h2_typography-font-size);--awb-caption-title-transform:var(--h2_typography-text-transform);--awb-caption-title-line-height:var(--h2_typography-line-height);--awb-caption-title-letter-spacing:var(--h2_typography-letter-spacing);\"><span class=\" fusion-imageframe imageframe-none imageframe-4 hover-type-none\"><a class=\"fusion-no-lightbox\" href=\"https:\/\/u-pol.com\/de\/finden-sie-einen-fachhaendler\/\" target=\"_self\" aria-label=\"Find a Distributor\"><img decoding=\"async\" width=\"1431\" height=\"925\" alt=\"Finden Sie Ihren n\u00e4chsten U-POL-Fachh\u00e4ndler\" src=\"https:\/\/u-pol.com\/wp-content\/uploads\/27386-687x444px-Web-Banner_Find-A-Distributor-v1-GER.jpg\" data-orig-src=\"https:\/\/u-pol.com\/wp-content\/uploads\/27386-687x444px-Web-Banner_Find-A-Distributor-v1-GER.jpg\" class=\"lazyload img-responsive wp-image-64544\" srcset=\"data:image\/svg+xml,%3Csvg%20xmlns%3D%27http%3A%2F%2Fwww.w3.org%2F2000%2Fsvg%27%20width%3D%271431%27%20height%3D%27925%27%20viewBox%3D%270%200%201431%20925%27%3E%3Crect%20width%3D%271431%27%20height%3D%27925%27%20fill-opacity%3D%220%22%2F%3E%3C%2Fsvg%3E\" data-srcset=\"https:\/\/u-pol.com\/wp-content\/uploads\/27386-687x444px-Web-Banner_Find-A-Distributor-v1-GER-200x129.jpg 200w, https:\/\/u-pol.com\/wp-content\/uploads\/27386-687x444px-Web-Banner_Find-A-Distributor-v1-GER-400x259.jpg 400w, https:\/\/u-pol.com\/wp-content\/uploads\/27386-687x444px-Web-Banner_Find-A-Distributor-v1-GER-600x388.jpg 600w, https:\/\/u-pol.com\/wp-content\/uploads\/27386-687x444px-Web-Banner_Find-A-Distributor-v1-GER-800x517.jpg 800w, https:\/\/u-pol.com\/wp-content\/uploads\/27386-687x444px-Web-Banner_Find-A-Distributor-v1-GER-1200x776.jpg 1200w, https:\/\/u-pol.com\/wp-content\/uploads\/27386-687x444px-Web-Banner_Find-A-Distributor-v1-GER.jpg 1431w\" data-sizes=\"auto\" data-orig-sizes=\"(max-width: 640px) 100vw, 600px\" \/><\/a><\/span><\/div><\/div><\/div><\/div><\/div><div class=\"fusion-fullwidth fullwidth-box fusion-builder-row-2 fusion-flex-container nonhundred-percent-fullwidth non-hundred-percent-height-scrolling\" style=\"--awb-border-radius-top-left:0px;--awb-border-radius-top-right:0px;--awb-border-radius-bottom-right:0px;--awb-border-radius-bottom-left:0px;--awb-flex-wrap:wrap;\" ><div class=\"fusion-builder-row fusion-row fusion-flex-align-items-flex-start fusion-flex-content-wrap\" style=\"max-width:1203.6px;margin-left: calc(-2% \/ 2 );margin-right: calc(-2% \/ 2 );\"><div class=\"fusion-layout-column fusion_builder_column fusion-builder-column-4 fusion_builder_column_1_1 1_1 fusion-flex-column\" style=\"--awb-padding-top:15px;--awb-padding-right:15px;--awb-padding-bottom:5px;--awb-padding-left:15px;--awb-bg-color:var(--awb-custom_color_1);--awb-bg-color-hover:var(--awb-custom_color_1);--awb-bg-size:cover;--awb-width-large:100%;--awb-margin-top-large:0px;--awb-spacing-right-large:0.98%;--awb-margin-bottom-large:20px;--awb-spacing-left-large:0.98%;--awb-width-medium:100%;--awb-order-medium:0;--awb-spacing-right-medium:0.98%;--awb-spacing-left-medium:0.98%;--awb-width-small:100%;--awb-order-small:0;--awb-spacing-right-small:0.98%;--awb-spacing-left-small:0.98%;\"><div class=\"fusion-column-wrapper fusion-column-has-shadow fusion-flex-justify-content-flex-start fusion-content-layout-column\"><div class=\"fusion-text fusion-text-1\" style=\"--awb-text-transform:none;\"><h1>U-POL \u2013 Driving Surface Perfection<\/h1>\n<p>U-POL IST EIN WELTWEIT F\u00dcHRENDES UNTERNEHMEN IM BEREICH AUTOREPARATURLACKE UND AUF SPACHTEL, BESCHICHTUNGEN, SPRAYS, HAFTMITTEL UND MIT LACK VERBUNDENE PRODUKTE SPEZIALISIERT.<\/p>\n<p>Als weltweit anerkanntes, in \u00fcber 100 L\u00e4ndern vertrieblich t\u00e4tiges Unternehmen hat U-POL den Anspruch, seinen Kunden kontinuierlich die Qualit\u00e4tsprodukte bereitzustellen, die von Fachleuten verlangt werden. \u00dcber 75 Jahre Geschichte und Erfahrung in der Branche, die fortgesetzte Investition in modernste Fertigungsst\u00e4tten und unser guter Ruf als Innovator sorgen daf\u00fcr, dass Sie bei U-POL nichts weniger als Weltklasseprodukte erhalten.<\/p>\n<\/div><\/div><\/div><\/div><\/div><\/p>\n","protected":false},"excerpt":{"rendered":"","protected":false},"author":2,"featured_media":0,"parent":0,"menu_order":1,"comment_status":"closed","ping_status":"closed","template":"","meta":{"footnotes":""},"class_list":["post-61936","page","type-page","status-publish","hentry"],"yoast_head":"<title>Home - U-Pol<\/title>\n<meta name=\"description\" content=\"U-POL is a World leader in automotive refinishing products specializing in fillers, coatings, aerosols, adhesives and paint related products.\" \/>\n<meta name=\"robots\" content=\"index, follow, max-snippet:-1, max-image-preview:large, max-video-preview:-1\" \/>\n<link rel=\"canonical\" href=\"https:\/\/u-pol.com\/de\/\" \/>\n<meta property=\"og:locale\" content=\"de_DE\" \/>\n<meta property=\"og:type\" content=\"article\" \/>\n<meta property=\"og:title\" content=\"Home - U-Pol\" \/>\n<meta property=\"og:description\" content=\"U-POL is a World leader in automotive refinishing products specializing in fillers, coatings, aerosols, adhesives and paint related products.\" \/>\n<meta property=\"og:url\" content=\"https:\/\/u-pol.com\/de\/\" \/>\n<meta property=\"og:site_name\" content=\"U-Pol\" \/>\n<meta property=\"article:publisher\" content=\"https:\/\/www.facebook.com\/U-POL-UK-409641822803819\/\" \/>\n<meta property=\"article:modified_time\" content=\"2022-09-30T09:52:23+00:00\" \/>\n<meta property=\"og:image\" content=\"https:\/\/u-pol.com\/wp-content\/uploads\/UPOL-ret-sticky-bLogo-1.png\" \/>\n\t<meta property=\"og:image:width\" content=\"250\" \/>\n\t<meta property=\"og:image:height\" content=\"150\" \/>\n\t<meta property=\"og:image:type\" content=\"image\/png\" \/>\n<meta name=\"twitter:card\" content=\"summary_large_image\" \/>\n<meta name=\"twitter:site\" content=\"@UpolUK\" \/>\n<meta name=\"twitter:label1\" content=\"Gesch\u00e4tzte Lesezeit\" \/>\n\t<meta name=\"twitter:data1\" content=\"17\u00a0Minuten\" \/>\n<script type=\"application\/ld+json\" class=\"yoast-schema-graph\">{\"@context\":\"https:\/\/schema.org\",\"@graph\":[{\"@type\":\"WebPage\",\"@id\":\"https:\/\/u-pol.com\/de\/\",\"url\":\"https:\/\/u-pol.com\/de\/\",\"name\":\"Home - U-Pol\",\"isPartOf\":{\"@id\":\"https:\/\/u-pol.com\/de\/#website\"},\"datePublished\":\"2022-03-01T16:35:49+00:00\",\"dateModified\":\"2022-09-30T09:52:23+00:00\",\"description\":\"U-POL is a World leader in automotive refinishing products specializing in fillers, coatings, aerosols, adhesives and paint related products.\",\"breadcrumb\":{\"@id\":\"https:\/\/u-pol.com\/de\/#breadcrumb\"},\"inLanguage\":\"de\",\"potentialAction\":[{\"@type\":\"ReadAction\",\"target\":[\"https:\/\/u-pol.com\/de\/\"]}]},{\"@type\":\"BreadcrumbList\",\"@id\":\"https:\/\/u-pol.com\/de\/#breadcrumb\",\"itemListElement\":[{\"@type\":\"ListItem\",\"position\":1,\"name\":\"Home\",\"item\":\"https:\/\/u-pol.com\/de\/\"},{\"@type\":\"ListItem\",\"position\":2,\"name\":\"Home\"}]},{\"@type\":\"WebSite\",\"@id\":\"https:\/\/u-pol.com\/de\/#website\",\"url\":\"https:\/\/u-pol.com\/de\/\",\"name\":\"U-Pol\",\"description\":\"\",\"publisher\":{\"@id\":\"https:\/\/u-pol.com\/de\/#organization\"},\"potentialAction\":[{\"@type\":\"SearchAction\",\"target\":{\"@type\":\"EntryPoint\",\"urlTemplate\":\"https:\/\/u-pol.com\/de\/?s={search_term_string}\"},\"query-input\":{\"@type\":\"PropertyValueSpecification\",\"valueRequired\":true,\"valueName\":\"search_term_string\"}}],\"inLanguage\":\"de\"},{\"@type\":\"Organization\",\"@id\":\"https:\/\/u-pol.com\/de\/#organization\",\"name\":\"U-POL\",\"url\":\"https:\/\/u-pol.com\/de\/\",\"logo\":{\"@type\":\"ImageObject\",\"inLanguage\":\"de\",\"@id\":\"https:\/\/u-pol.com\/de\/#\/schema\/logo\/image\/\",\"url\":\"https:\/\/u-pol.com\/wp-content\/uploads\/UPOL-sticky-bLogo.png\",\"contentUrl\":\"https:\/\/u-pol.com\/wp-content\/uploads\/UPOL-sticky-bLogo.png\",\"width\":125,\"height\":75,\"caption\":\"U-POL\"},\"image\":{\"@id\":\"https:\/\/u-pol.com\/de\/#\/schema\/logo\/image\/\"},\"sameAs\":[\"https:\/\/www.facebook.com\/U-POL-UK-409641822803819\/\",\"https:\/\/x.com\/UpolUK\"]}]}<\/script>","yoast_head_json":{"title":"Home - U-Pol","description":"U-POL is a World leader in automotive refinishing products specializing in fillers, coatings, aerosols, adhesives and paint related products.","robots":{"index":"index","follow":"follow","max-snippet":"max-snippet:-1","max-image-preview":"max-image-preview:large","max-video-preview":"max-video-preview:-1"},"canonical":"https:\/\/u-pol.com\/de\/","og_locale":"de_DE","og_type":"article","og_title":"Home - U-Pol","og_description":"U-POL is a World leader in automotive refinishing products specializing in fillers, coatings, aerosols, adhesives and paint related products.","og_url":"https:\/\/u-pol.com\/de\/","og_site_name":"U-Pol","article_publisher":"https:\/\/www.facebook.com\/U-POL-UK-409641822803819\/","article_modified_time":"2022-09-30T09:52:23+00:00","og_image":[{"width":250,"height":150,"url":"https:\/\/u-pol.com\/wp-content\/uploads\/UPOL-ret-sticky-bLogo-1.png","type":"image\/png"}],"twitter_card":"summary_large_image","twitter_site":"@UpolUK","twitter_misc":{"Gesch\u00e4tzte Lesezeit":"17\u00a0Minuten"},"schema":{"@context":"https:\/\/schema.org","@graph":[{"@type":"WebPage","@id":"https:\/\/u-pol.com\/de\/","url":"https:\/\/u-pol.com\/de\/","name":"Home - U-Pol","isPartOf":{"@id":"https:\/\/u-pol.com\/de\/#website"},"datePublished":"2022-03-01T16:35:49+00:00","dateModified":"2022-09-30T09:52:23+00:00","description":"U-POL is a World leader in automotive refinishing products specializing in fillers, coatings, aerosols, adhesives and paint related products.","breadcrumb":{"@id":"https:\/\/u-pol.com\/de\/#breadcrumb"},"inLanguage":"de","potentialAction":[{"@type":"ReadAction","target":["https:\/\/u-pol.com\/de\/"]}]},{"@type":"BreadcrumbList","@id":"https:\/\/u-pol.com\/de\/#breadcrumb","itemListElement":[{"@type":"ListItem","position":1,"name":"Home","item":"https:\/\/u-pol.com\/de\/"},{"@type":"ListItem","position":2,"name":"Home"}]},{"@type":"WebSite","@id":"https:\/\/u-pol.com\/de\/#website","url":"https:\/\/u-pol.com\/de\/","name":"U-Pol","description":"","publisher":{"@id":"https:\/\/u-pol.com\/de\/#organization"},"potentialAction":[{"@type":"SearchAction","target":{"@type":"EntryPoint","urlTemplate":"https:\/\/u-pol.com\/de\/?s={search_term_string}"},"query-input":{"@type":"PropertyValueSpecification","valueRequired":true,"valueName":"search_term_string"}}],"inLanguage":"de"},{"@type":"Organization","@id":"https:\/\/u-pol.com\/de\/#organization","name":"U-POL","url":"https:\/\/u-pol.com\/de\/","logo":{"@type":"ImageObject","inLanguage":"de","@id":"https:\/\/u-pol.com\/de\/#\/schema\/logo\/image\/","url":"https:\/\/u-pol.com\/wp-content\/uploads\/UPOL-sticky-bLogo.png","contentUrl":"https:\/\/u-pol.com\/wp-content\/uploads\/UPOL-sticky-bLogo.png","width":125,"height":75,"caption":"U-POL"},"image":{"@id":"https:\/\/u-pol.com\/de\/#\/schema\/logo\/image\/"},"sameAs":["https:\/\/www.facebook.com\/U-POL-UK-409641822803819\/","https:\/\/x.com\/UpolUK"]}]}},"_links":{"self":[{"href":"https:\/\/u-pol.com\/de\/wp-json\/wp\/v2\/pages\/61936","targetHints":{"allow":["GET"]}}],"collection":[{"href":"https:\/\/u-pol.com\/de\/wp-json\/wp\/v2\/pages"}],"about":[{"href":"https:\/\/u-pol.com\/de\/wp-json\/wp\/v2\/types\/page"}],"author":[{"embeddable":true,"href":"https:\/\/u-pol.com\/de\/wp-json\/wp\/v2\/users\/2"}],"replies":[{"embeddable":true,"href":"https:\/\/u-pol.com\/de\/wp-json\/wp\/v2\/comments?post=61936"}],"version-history":[{"count":5,"href":"https:\/\/u-pol.com\/de\/wp-json\/wp\/v2\/pages\/61936\/revisions"}],"predecessor-version":[{"id":64568,"href":"https:\/\/u-pol.com\/de\/wp-json\/wp\/v2\/pages\/61936\/revisions\/64568"}],"wp:attachment":[{"href":"https:\/\/u-pol.com\/de\/wp-json\/wp\/v2\/media?parent=61936"}],"curies":[{"name":"wp","href":"https:\/\/api.w.org\/{rel}","templated":true}]}}