{"id":63288,"date":"2022-03-04T08:13:33","date_gmt":"2022-03-04T08:13:33","guid":{"rendered":"https:\/\/u-pol.com\/uber-uns\/"},"modified":"2026-05-12T08:49:53","modified_gmt":"2026-05-12T08:49:53","slug":"uber-uns","status":"publish","type":"page","link":"https:\/\/u-pol.com\/de\/uber-uns\/","title":{"rendered":"\u00dcber uns"},"content":{"rendered":"<p><div class=\"fusion-fullwidth fullwidth-box fusion-builder-row-1 fusion-flex-container nonhundred-percent-fullwidth non-hundred-percent-height-scrolling\" style=\"--awb-border-radius-top-left:0px;--awb-border-radius-top-right:0px;--awb-border-radius-bottom-right:0px;--awb-border-radius-bottom-left:0px;--awb-flex-wrap:wrap;\" ><div class=\"fusion-builder-row fusion-row fusion-flex-align-items-flex-start fusion-flex-content-wrap\" style=\"max-width:1203.6px;margin-left: calc(-2% \/ 2 );margin-right: calc(-2% \/ 2 );\"><div class=\"fusion-layout-column fusion_builder_column fusion-builder-column-0 fusion_builder_column_1_1 1_1 fusion-flex-column\" style=\"--awb-padding-top:10px;--awb-padding-right:15px;--awb-padding-left:15px;--awb-overflow:hidden;--awb-bg-size:cover;--awb-border-radius:0px 0px 0px 30px;--awb-width-large:100%;--awb-margin-top-large:0px;--awb-spacing-right-large:0.98%;--awb-margin-bottom-large:20px;--awb-spacing-left-large:0.98%;--awb-width-medium:100%;--awb-order-medium:0;--awb-spacing-right-medium:0.98%;--awb-spacing-left-medium:0.98%;--awb-width-small:100%;--awb-order-small:5;--awb-spacing-right-small:0.98%;--awb-spacing-left-small:0.98%;\"><div class=\"fusion-column-wrapper lazyload fusion-column-has-shadow fusion-flex-justify-content-center fusion-content-layout-column fusion-column-has-bg-image\" data-bg-url=\"https:\/\/u-pol.com\/wp-content\/uploads\/upol-metal.png\" data-bg=\"https:\/\/u-pol.com\/wp-content\/uploads\/upol-metal.png\"><div class=\"fusion-text fusion-text-1\" style=\"--awb-text-transform:none;\"><h1 style=\"font-size: 20px;\">\u00dcber uns<\/h1>\n<\/div><\/div><\/div><div class=\"fusion-layout-column fusion_builder_column fusion-builder-column-1 fusion_builder_column_1_1 1_1 fusion-flex-column\" style=\"--awb-bg-size:cover;--awb-width-large:100%;--awb-margin-top-large:0px;--awb-spacing-right-large:0.98%;--awb-margin-bottom-large:20px;--awb-spacing-left-large:0.98%;--awb-width-medium:100%;--awb-order-medium:0;--awb-spacing-right-medium:0.98%;--awb-spacing-left-medium:0.98%;--awb-width-small:100%;--awb-order-small:7;--awb-spacing-right-small:0.98%;--awb-spacing-left-small:0.98%;\"><div class=\"fusion-column-wrapper fusion-column-has-shadow fusion-flex-justify-content-flex-start fusion-content-layout-column\"><div class=\"fusion-text fusion-text-2\" style=\"--awb-text-transform:none;\"><p>U-POL IST EIN WELTWEIT F\u00dcHRENDES UNTERNEHMEN IM BEREICH AUTOREPARATURLACKE UND AUF SPACHTEL, BESCHICHTUNGEN, SPRAYS, HAFTMITTEL UND MIT LACK VERBUNDENE PRODUKTE SPEZIALISIERT.<\/p>\n<p>Als weltweit anerkanntes, in \u00fcber 100 L\u00e4ndern vertrieblich t\u00e4tiges Unternehmen hat U-POL den Anspruch, seinen Kunden kontinuierlich die Qualit\u00e4tsprodukte bereitzustellen, die von Fachleuten verlangt werden.<br \/>\n\u00dcber 75 Jahre Geschichte und Erfahrung in der Branche, die fortgesetzte Investition in modernste Fertigungsst\u00e4tten und unser guter Ruf als Innovator sorgen daf\u00fcr, dass Sie bei U-POL nichts weniger als Weltklasseprodukte erhalten.<\/p>\n<p>U-POL-Produkte wurden f\u00fcr die professionellen Anwender von heute konzipiert und entwickelt. Unsere Produkte wurden entwickelt, um die Effizienz von Karosseriewerkst\u00e4tten zu verbessern und jedes Mal auf Anhieb ein hervorragendes Ergebnis zu gew\u00e4hrleisten.<\/p>\n<\/div><\/div><\/div><\/div><\/div><div class=\"fusion-fullwidth fullwidth-box fusion-builder-row-2 fusion-flex-container nonhundred-percent-fullwidth non-hundred-percent-height-scrolling\" style=\"--awb-border-radius-top-left:0px;--awb-border-radius-top-right:0px;--awb-border-radius-bottom-right:0px;--awb-border-radius-bottom-left:0px;--awb-flex-wrap:wrap;\" ><div class=\"fusion-builder-row fusion-row fusion-flex-align-items-flex-start fusion-flex-content-wrap\" style=\"max-width:1203.6px;margin-left: calc(-2% \/ 2 );margin-right: calc(-2% \/ 2 );\"><div class=\"fusion-layout-column fusion_builder_column fusion-builder-column-2 fusion_builder_column_1_1 1_1 fusion-flex-column\" style=\"--awb-bg-size:cover;--awb-width-large:100%;--awb-margin-top-large:10px;--awb-spacing-right-large:0.98%;--awb-margin-bottom-large:0px;--awb-spacing-left-large:0.98%;--awb-width-medium:100%;--awb-order-medium:0;--awb-spacing-right-medium:0.98%;--awb-spacing-left-medium:0.98%;--awb-width-small:100%;--awb-order-small:0;--awb-spacing-right-small:0.98%;--awb-spacing-left-small:0.98%;\"><div class=\"fusion-column-wrapper fusion-column-has-shadow fusion-flex-justify-content-flex-start fusion-content-layout-column\"><div class=\"fusion-text fusion-text-3\" style=\"--awb-text-transform:none;\"><p><span style=\"color: #000000;\">Klicken Sie zum Herunterladen unserer:<\/span><\/p>\n<\/div><\/div><\/div><div class=\"fusion-layout-column fusion_builder_column fusion-builder-column-3 fusion_builder_column_1_5 1_5 fusion-flex-column\" style=\"--awb-bg-size:cover;--awb-width-large:20%;--awb-margin-top-large:0px;--awb-spacing-right-large:4.9%;--awb-margin-bottom-large:20px;--awb-spacing-left-large:4.9%;--awb-width-medium:20%;--awb-order-medium:0;--awb-spacing-right-medium:4.9%;--awb-spacing-left-medium:4.9%;--awb-width-small:100%;--awb-order-small:0;--awb-spacing-right-small:0.98%;--awb-spacing-left-small:0.98%;\"><div class=\"fusion-column-wrapper fusion-column-has-shadow fusion-flex-justify-content-flex-start fusion-content-layout-column\"><div ><a class=\"fusion-button button-flat fusion-button-default-size button-default fusion-button-default button-1 fusion-button-span-yes fusion-button-default-type\" target=\"_blank\" rel=\"noopener noreferrer\" href=\"https:\/\/u-pol.com\/wp-content\/uploads\/ISO-9001-2015-FM-656303-002.pdf\"><span class=\"fusion-button-text awb-button__text awb-button__text--default\">ISO 9001-Zertifikat<\/span><\/a><\/div><\/div><\/div><div class=\"fusion-layout-column fusion_builder_column fusion-builder-column-4 fusion_builder_column_1_5 1_5 fusion-flex-column\" style=\"--awb-bg-size:cover;--awb-width-large:20%;--awb-margin-top-large:0px;--awb-spacing-right-large:4.9%;--awb-margin-bottom-large:20px;--awb-spacing-left-large:4.9%;--awb-width-medium:20%;--awb-order-medium:0;--awb-spacing-right-medium:4.9%;--awb-spacing-left-medium:4.9%;--awb-width-small:100%;--awb-order-small:0;--awb-spacing-right-small:0.98%;--awb-spacing-left-small:0.98%;\"><div class=\"fusion-column-wrapper fusion-column-has-shadow fusion-flex-justify-content-flex-start fusion-content-layout-column\"><div ><a class=\"fusion-button button-flat fusion-button-default-size button-default fusion-button-default button-2 fusion-button-span-yes fusion-button-default-type\" target=\"_blank\" rel=\"noopener noreferrer\" href=\"https:\/\/u-pol.com\/wp-content\/uploads\/0025853-16949-ENGUS-IATF.pdf\"><span class=\"fusion-button-text awb-button__text awb-button__text--default\">IATF 16949 Zertifikat<\/span><\/a><\/div><\/div><\/div><div class=\"fusion-layout-column fusion_builder_column fusion-builder-column-5 fusion_builder_column_1_5 1_5 fusion-flex-column\" style=\"--awb-bg-size:cover;--awb-width-large:20%;--awb-margin-top-large:0px;--awb-spacing-right-large:4.9%;--awb-margin-bottom-large:20px;--awb-spacing-left-large:4.9%;--awb-width-medium:20%;--awb-order-medium:0;--awb-spacing-right-medium:4.9%;--awb-spacing-left-medium:4.9%;--awb-width-small:100%;--awb-order-small:0;--awb-spacing-right-small:0.98%;--awb-spacing-left-small:0.98%;\"><div class=\"fusion-column-wrapper fusion-column-has-shadow fusion-flex-justify-content-flex-start fusion-content-layout-column\"><div ><a class=\"fusion-button button-flat fusion-button-default-size button-default fusion-button-default button-3 fusion-button-span-yes fusion-button-default-type\" target=\"_blank\" rel=\"noopener noreferrer\" href=\"https:\/\/u-pol.com\/wp-content\/uploads\/C-QA-POL-91-EN-U-POL-Quality-Policy-2.pdf\"><span class=\"fusion-button-text awb-button__text awb-button__text--default\">Qualit\u00e4tspolitik<\/span><\/a><\/div><\/div><\/div><div class=\"fusion-layout-column fusion_builder_column fusion-builder-column-6 fusion_builder_column_1_5 1_5 fusion-flex-column\" style=\"--awb-bg-size:cover;--awb-width-large:20%;--awb-margin-top-large:0px;--awb-spacing-right-large:4.9%;--awb-margin-bottom-large:20px;--awb-spacing-left-large:4.9%;--awb-width-medium:20%;--awb-order-medium:0;--awb-spacing-right-medium:4.9%;--awb-spacing-left-medium:4.9%;--awb-width-small:100%;--awb-order-small:0;--awb-spacing-right-small:0.98%;--awb-spacing-left-small:0.98%;\"><div class=\"fusion-column-wrapper fusion-column-has-shadow fusion-flex-justify-content-flex-start fusion-content-layout-column\"><div ><a class=\"fusion-button button-flat fusion-button-default-size button-default fusion-button-default button-4 fusion-button-span-yes fusion-button-default-type\" style=\"--button_padding-right:10px;--button_padding-left:10px;\" target=\"_blank\" rel=\"noopener noreferrer\" href=\"https:\/\/u-pol.com\/wp-content\/uploads\/Axalta-The-Modern-Slavery-Act-Disclosure-Statement-FINAL-Oct-2015.pdf\"><span class=\"fusion-button-text awb-button__text awb-button__text--default\">Erkl\u00e4rung zur modernen Sklaverei<\/span><\/a><\/div><\/div><\/div><div class=\"fusion-layout-column fusion_builder_column fusion-builder-column-7 fusion_builder_column_1_5 1_5 fusion-flex-column\" style=\"--awb-bg-size:cover;--awb-width-large:20%;--awb-margin-top-large:0px;--awb-spacing-right-large:4.9%;--awb-margin-bottom-large:20px;--awb-spacing-left-large:4.9%;--awb-width-medium:20%;--awb-order-medium:0;--awb-spacing-right-medium:4.9%;--awb-spacing-left-medium:4.9%;--awb-width-small:100%;--awb-order-small:0;--awb-spacing-right-small:0.98%;--awb-spacing-left-small:0.98%;\"><div class=\"fusion-column-wrapper fusion-column-has-shadow fusion-flex-justify-content-flex-start fusion-content-layout-column\"><div ><a class=\"fusion-button button-flat fusion-button-default-size button-default fusion-button-default button-5 fusion-button-span-yes fusion-button-default-type\" target=\"_blank\" rel=\"noopener noreferrer\" href=\"https:\/\/u-pol.com\/wp-content\/uploads\/UPOL-Holdings-Limited-Section-172-Companies-Act-Directors-Report-1.pdf\"><span class=\"fusion-button-text awb-button__text awb-button__text--default\">UPOL Holdings Limited Abschnitt 172 Companies Act &#8211; Bericht der Gesch\u00e4ftsf\u00fchrung<\/span><\/a><\/div><\/div><\/div><\/div><\/div><\/p>\n","protected":false},"excerpt":{"rendered":"","protected":false},"author":2,"featured_media":0,"parent":0,"menu_order":30,"comment_status":"closed","ping_status":"closed","template":"","meta":{"footnotes":""},"class_list":["post-63288","page","type-page","status-publish","hentry"],"yoast_head":"<title>\u00dcber uns - U-Pol<\/title>\n<meta name=\"description\" content=\"U-POL is a World leader in automotive refinishing products specializing in fillers, coatings, aerosols, adhesives and paint related products.\" \/>\n<meta name=\"robots\" content=\"index, follow, max-snippet:-1, max-image-preview:large, max-video-preview:-1\" \/>\n<link rel=\"canonical\" href=\"https:\/\/u-pol.com\/de\/uber-uns\/\" \/>\n<meta property=\"og:locale\" content=\"de_DE\" \/>\n<meta property=\"og:type\" content=\"article\" \/>\n<meta property=\"og:title\" content=\"\u00dcber uns - U-Pol\" \/>\n<meta property=\"og:description\" content=\"U-POL is a World leader in automotive refinishing products specializing in fillers, coatings, aerosols, adhesives and paint related products.\" \/>\n<meta property=\"og:url\" content=\"https:\/\/u-pol.com\/de\/uber-uns\/\" \/>\n<meta property=\"og:site_name\" content=\"U-Pol\" \/>\n<meta property=\"article:publisher\" content=\"https:\/\/www.facebook.com\/U-POL-UK-409641822803819\/\" \/>\n<meta property=\"article:modified_time\" content=\"2026-05-12T08:49:53+00:00\" \/>\n<meta property=\"og:image\" content=\"https:\/\/u-pol.com\/wp-content\/uploads\/UPOL-ret-sticky-bLogo-1.png\" \/>\n\t<meta property=\"og:image:width\" content=\"250\" \/>\n\t<meta property=\"og:image:height\" content=\"150\" \/>\n\t<meta property=\"og:image:type\" content=\"image\/png\" \/>\n<meta name=\"twitter:card\" content=\"summary_large_image\" \/>\n<meta name=\"twitter:site\" content=\"@UpolUK\" \/>\n<meta name=\"twitter:label1\" content=\"Gesch\u00e4tzte Lesezeit\" \/>\n\t<meta name=\"twitter:data1\" content=\"20\u00a0Minuten\" \/>\n<script type=\"application\/ld+json\" class=\"yoast-schema-graph\">{\"@context\":\"https:\/\/schema.org\",\"@graph\":[{\"@type\":\"WebPage\",\"@id\":\"https:\/\/u-pol.com\/de\/uber-uns\/\",\"url\":\"https:\/\/u-pol.com\/de\/uber-uns\/\",\"name\":\"\u00dcber uns - U-Pol\",\"isPartOf\":{\"@id\":\"https:\/\/u-pol.com\/de\/#website\"},\"datePublished\":\"2022-03-04T08:13:33+00:00\",\"dateModified\":\"2026-05-12T08:49:53+00:00\",\"description\":\"U-POL is a World leader in automotive refinishing products specializing in fillers, coatings, aerosols, adhesives and paint related products.\",\"breadcrumb\":{\"@id\":\"https:\/\/u-pol.com\/de\/uber-uns\/#breadcrumb\"},\"inLanguage\":\"de\",\"potentialAction\":[{\"@type\":\"ReadAction\",\"target\":[\"https:\/\/u-pol.com\/de\/uber-uns\/\"]}]},{\"@type\":\"BreadcrumbList\",\"@id\":\"https:\/\/u-pol.com\/de\/uber-uns\/#breadcrumb\",\"itemListElement\":[{\"@type\":\"ListItem\",\"position\":1,\"name\":\"Home\",\"item\":\"https:\/\/u-pol.com\/de\/\"},{\"@type\":\"ListItem\",\"position\":2,\"name\":\"\u00dcber uns\"}]},{\"@type\":\"WebSite\",\"@id\":\"https:\/\/u-pol.com\/de\/#website\",\"url\":\"https:\/\/u-pol.com\/de\/\",\"name\":\"U-Pol\",\"description\":\"\",\"publisher\":{\"@id\":\"https:\/\/u-pol.com\/de\/#organization\"},\"potentialAction\":[{\"@type\":\"SearchAction\",\"target\":{\"@type\":\"EntryPoint\",\"urlTemplate\":\"https:\/\/u-pol.com\/de\/?s={search_term_string}\"},\"query-input\":{\"@type\":\"PropertyValueSpecification\",\"valueRequired\":true,\"valueName\":\"search_term_string\"}}],\"inLanguage\":\"de\"},{\"@type\":\"Organization\",\"@id\":\"https:\/\/u-pol.com\/de\/#organization\",\"name\":\"U-POL\",\"url\":\"https:\/\/u-pol.com\/de\/\",\"logo\":{\"@type\":\"ImageObject\",\"inLanguage\":\"de\",\"@id\":\"https:\/\/u-pol.com\/de\/#\/schema\/logo\/image\/\",\"url\":\"https:\/\/u-pol.com\/wp-content\/uploads\/UPOL-sticky-bLogo.png\",\"contentUrl\":\"https:\/\/u-pol.com\/wp-content\/uploads\/UPOL-sticky-bLogo.png\",\"width\":125,\"height\":75,\"caption\":\"U-POL\"},\"image\":{\"@id\":\"https:\/\/u-pol.com\/de\/#\/schema\/logo\/image\/\"},\"sameAs\":[\"https:\/\/www.facebook.com\/U-POL-UK-409641822803819\/\",\"https:\/\/x.com\/UpolUK\"]}]}<\/script>","yoast_head_json":{"title":"\u00dcber uns - U-Pol","description":"U-POL is a World leader in automotive refinishing products specializing in fillers, coatings, aerosols, adhesives and paint related products.","robots":{"index":"index","follow":"follow","max-snippet":"max-snippet:-1","max-image-preview":"max-image-preview:large","max-video-preview":"max-video-preview:-1"},"canonical":"https:\/\/u-pol.com\/de\/uber-uns\/","og_locale":"de_DE","og_type":"article","og_title":"\u00dcber uns - U-Pol","og_description":"U-POL is a World leader in automotive refinishing products specializing in fillers, coatings, aerosols, adhesives and paint related products.","og_url":"https:\/\/u-pol.com\/de\/uber-uns\/","og_site_name":"U-Pol","article_publisher":"https:\/\/www.facebook.com\/U-POL-UK-409641822803819\/","article_modified_time":"2026-05-12T08:49:53+00:00","og_image":[{"width":250,"height":150,"url":"https:\/\/u-pol.com\/wp-content\/uploads\/UPOL-ret-sticky-bLogo-1.png","type":"image\/png"}],"twitter_card":"summary_large_image","twitter_site":"@UpolUK","twitter_misc":{"Gesch\u00e4tzte Lesezeit":"20\u00a0Minuten"},"schema":{"@context":"https:\/\/schema.org","@graph":[{"@type":"WebPage","@id":"https:\/\/u-pol.com\/de\/uber-uns\/","url":"https:\/\/u-pol.com\/de\/uber-uns\/","name":"\u00dcber uns - U-Pol","isPartOf":{"@id":"https:\/\/u-pol.com\/de\/#website"},"datePublished":"2022-03-04T08:13:33+00:00","dateModified":"2026-05-12T08:49:53+00:00","description":"U-POL is a World leader in automotive refinishing products specializing in fillers, coatings, aerosols, adhesives and paint related products.","breadcrumb":{"@id":"https:\/\/u-pol.com\/de\/uber-uns\/#breadcrumb"},"inLanguage":"de","potentialAction":[{"@type":"ReadAction","target":["https:\/\/u-pol.com\/de\/uber-uns\/"]}]},{"@type":"BreadcrumbList","@id":"https:\/\/u-pol.com\/de\/uber-uns\/#breadcrumb","itemListElement":[{"@type":"ListItem","position":1,"name":"Home","item":"https:\/\/u-pol.com\/de\/"},{"@type":"ListItem","position":2,"name":"\u00dcber uns"}]},{"@type":"WebSite","@id":"https:\/\/u-pol.com\/de\/#website","url":"https:\/\/u-pol.com\/de\/","name":"U-Pol","description":"","publisher":{"@id":"https:\/\/u-pol.com\/de\/#organization"},"potentialAction":[{"@type":"SearchAction","target":{"@type":"EntryPoint","urlTemplate":"https:\/\/u-pol.com\/de\/?s={search_term_string}"},"query-input":{"@type":"PropertyValueSpecification","valueRequired":true,"valueName":"search_term_string"}}],"inLanguage":"de"},{"@type":"Organization","@id":"https:\/\/u-pol.com\/de\/#organization","name":"U-POL","url":"https:\/\/u-pol.com\/de\/","logo":{"@type":"ImageObject","inLanguage":"de","@id":"https:\/\/u-pol.com\/de\/#\/schema\/logo\/image\/","url":"https:\/\/u-pol.com\/wp-content\/uploads\/UPOL-sticky-bLogo.png","contentUrl":"https:\/\/u-pol.com\/wp-content\/uploads\/UPOL-sticky-bLogo.png","width":125,"height":75,"caption":"U-POL"},"image":{"@id":"https:\/\/u-pol.com\/de\/#\/schema\/logo\/image\/"},"sameAs":["https:\/\/www.facebook.com\/U-POL-UK-409641822803819\/","https:\/\/x.com\/UpolUK"]}]}},"_links":{"self":[{"href":"https:\/\/u-pol.com\/de\/wp-json\/wp\/v2\/pages\/63288","targetHints":{"allow":["GET"]}}],"collection":[{"href":"https:\/\/u-pol.com\/de\/wp-json\/wp\/v2\/pages"}],"about":[{"href":"https:\/\/u-pol.com\/de\/wp-json\/wp\/v2\/types\/page"}],"author":[{"embeddable":true,"href":"https:\/\/u-pol.com\/de\/wp-json\/wp\/v2\/users\/2"}],"replies":[{"embeddable":true,"href":"https:\/\/u-pol.com\/de\/wp-json\/wp\/v2\/comments?post=63288"}],"version-history":[{"count":11,"href":"https:\/\/u-pol.com\/de\/wp-json\/wp\/v2\/pages\/63288\/revisions"}],"predecessor-version":[{"id":129830,"href":"https:\/\/u-pol.com\/de\/wp-json\/wp\/v2\/pages\/63288\/revisions\/129830"}],"wp:attachment":[{"href":"https:\/\/u-pol.com\/de\/wp-json\/wp\/v2\/media?parent=63288"}],"curies":[{"name":"wp","href":"https:\/\/api.w.org\/{rel}","templated":true}]}}