{"id":116307,"date":"2025-06-20T10:11:44","date_gmt":"2025-06-20T10:11:44","guid":{"rendered":"https:\/\/u-pol.com\/?post_type=product&#038;p=116307"},"modified":"2025-11-11T11:27:47","modified_gmt":"2025-11-11T11:27:47","slug":"maximum-klarlack","status":"publish","type":"product","link":"https:\/\/u-pol.com\/de\/product\/beschichtungen\/klarlacke\/maximum-klarlack\/","title":{"rendered":"Maximum Klarlack"},"content":{"rendered":"<div class=\"fusion-fullwidth fullwidth-box fusion-builder-row-1 fusion-flex-container has-pattern-background has-mask-background nonhundred-percent-fullwidth non-hundred-percent-height-scrolling\" style=\"--awb-border-radius-top-left:0px;--awb-border-radius-top-right:0px;--awb-border-radius-bottom-right:0px;--awb-border-radius-bottom-left:0px;--awb-flex-wrap:wrap;\" ><div class=\"fusion-builder-row fusion-row fusion-flex-align-items-flex-start fusion-flex-content-wrap\" style=\"max-width:1203.6px;margin-left: calc(-2% \/ 2 );margin-right: calc(-2% \/ 2 );\"><div class=\"fusion-layout-column fusion_builder_column fusion-builder-column-0 fusion_builder_column_1_1 1_1 fusion-flex-column\" style=\"--awb-bg-size:cover;--awb-width-large:100%;--awb-margin-top-large:0px;--awb-spacing-right-large:0.98%;--awb-margin-bottom-large:20px;--awb-spacing-left-large:0.98%;--awb-width-medium:100%;--awb-order-medium:0;--awb-spacing-right-medium:0.98%;--awb-spacing-left-medium:0.98%;--awb-width-small:100%;--awb-order-small:0;--awb-spacing-right-small:0.98%;--awb-spacing-left-small:0.98%;\"><div class=\"fusion-column-wrapper fusion-column-has-shadow fusion-flex-justify-content-flex-start fusion-content-layout-column\">\n<div class=\"table-1\">\n<table width=\"100%\">\n<thead>\n<tr>\n<th align=\"left\">Artikelnummer<\/th>\n<th align=\"left\">Gebindegr\u00f6\u00dfe<\/th>\n<th align=\"left\">Farbe<\/th>\n<th align=\"left\">VE<\/th>\n<th align=\"left\">Technisches Datenblatt<\/th>\n<th align=\"left\">Sicherheitsdatenblatt<\/th>\n<\/tr>\n<\/thead>\n<tbody>\n<tr>\n<td align=\"left\">MXMCL\/1<\/td>\n<td align=\"left\">1l<\/td>\n<td align=\"left\">Klarlack<\/td>\n<td align=\"left\">6<\/td>\n<td align=\"left\"><a href=\"https:\/\/u-pol.com\/wp-content\/uploads\/MAXIMUM-21-CLEARCOAT-MXMCL-TDS-DE.pdf\">MXMCL TDS<\/a><\/td>\n<td align=\"left\"><a href=\"https:\/\/use-qa-inf-apiacs.azure-api.net\/publishedsds\/item\/24083\">MXMCL SDS<\/a><\/td>\n<\/tr>\n<tr>\n<td align=\"left\">MXMH\/M<\/td>\n<td align=\"left\">500ml<\/td>\n<td align=\"left\">H\u00e4rter<\/td>\n<td align=\"left\">6<\/td>\n<td align=\"left\"><a href=\"https:\/\/u-pol.com\/wp-content\/uploads\/MAXIMUM-21-CLEARCOAT-MXMCL-TDS-DE.pdf\">MXMH TDS<\/a><\/td>\n<td align=\"left\"><a href=\"https:\/\/use-qa-inf-apiacs.azure-api.net\/publishedsds\/item\/23568\">MXMH SDS<\/a><\/td>\n<\/tr>\n<tr>\n<td align=\"left\">MXMCL\/5<\/td>\n<td align=\"left\">5l<\/td>\n<td align=\"left\">Klarlack<\/td>\n<td align=\"left\">2<\/td>\n<td align=\"left\"><a href=\"https:\/\/u-pol.com\/wp-content\/uploads\/MAXIMUM-21-CLEARCOAT-MXMCL-TDS-DE.pdf\">MXMCL TDS<\/a><\/td>\n<td align=\"left\"><a href=\"https:\/\/use-qa-inf-apiacs.azure-api.net\/publishedsds\/item\/24083\">MXMCL SDS<\/a><\/td>\n<\/tr>\n<tr>\n<td align=\"left\">MXMH\/25<\/td>\n<td align=\"left\">2.5l<\/td>\n<td align=\"left\">H\u00e4rter<\/td>\n<td align=\"left\">4<\/td>\n<td align=\"left\"><a href=\"https:\/\/u-pol.com\/wp-content\/uploads\/MAXIMUM-21-CLEARCOAT-MXMCL-TDS-DE.pdf\">MXMH TDS<\/a><\/td>\n<td align=\"left\"><a href=\"https:\/\/use-qa-inf-apiacs.azure-api.net\/publishedsds\/item\/23568\">MXMH SDS<\/a><\/td>\n<\/tr>\n<\/tbody>\n<\/table>\n<\/div>\n<\/div><\/div><\/div><\/div>\n","protected":false},"excerpt":{"rendered":"<p>Wenn Sie einen UV-best\u00e4ndigen Klarlack mit einem hervorragenden Preis-Leistungs-Verh\u00e4ltnis suchen, der einfach aufzutragen ist, ein kristallklares Finish mit ausgezeichneter Glanzbest\u00e4ndigkeit liefert und leicht zu polieren ist, dann w\u00e4hlen Sie Maximum \u2013 und erleben Sie den Unterschied. Dieser Hochleistungs-Klarlack ist der beste in seiner Klasse und die erste Wahl f\u00fcr Profis, die ein High-End-Produkt zum besten Preis suchen.<br \/>\n\u2022 HS Klarlack 2:1<br \/>\n\u2022 Einfach in zwei Spritzg\u00e4ngen aufzutragen<br \/>\n\u2022 Kristallklares Finish mit ausgezeichneter Glanzbest\u00e4ndigkeit<br \/>\n\u2022 Hervorragendes Oberfl\u00e4chenfinish<br \/>\n\u2022 Strapazierf\u00e4hig und UV-best\u00e4ndig<br \/>\n\u2022 Ideal f\u00fcr kleine und mittlere Reparaturen<br \/>\n\u2022 Ausgezeichnetes Preis-Leistungs-Verh\u00e4ltnis<\/p>\n","protected":false},"featured_media":47835,"template":"","meta":[],"product_brand":[],"product_cat":[1417,1418],"product_tag":[],"class_list":{"0":"post-116307","1":"product","2":"type-product","3":"status-publish","4":"has-post-thumbnail","6":"product_cat-beschichtungen","7":"product_cat-klarlacke","9":"first","10":"instock","11":"shipping-taxable","12":"product-type-simple"},"yoast_head":"<title>Maximum Klarlack - U-Pol<\/title>\n<meta name=\"description\" content=\"U-POL is a World leader in automotive refinishing products specializing in fillers, coatings, aerosols, adhesives and paint related products.\" \/>\n<meta name=\"robots\" content=\"index, follow, max-snippet:-1, max-image-preview:large, max-video-preview:-1\" \/>\n<link rel=\"canonical\" href=\"https:\/\/u-pol.com\/de\/product\/beschichtungen\/klarlacke\/maximum-klarlack\/\" \/>\n<meta property=\"og:locale\" content=\"de_DE\" \/>\n<meta property=\"og:type\" content=\"article\" \/>\n<meta property=\"og:title\" content=\"Maximum Klarlack - U-Pol\" \/>\n<meta property=\"og:description\" content=\"U-POL is a World leader in automotive refinishing products specializing in fillers, coatings, aerosols, adhesives and paint related products.\" \/>\n<meta property=\"og:url\" content=\"https:\/\/u-pol.com\/de\/product\/beschichtungen\/klarlacke\/maximum-klarlack\/\" \/>\n<meta property=\"og:site_name\" content=\"U-Pol\" \/>\n<meta property=\"article:publisher\" content=\"https:\/\/www.facebook.com\/U-POL-UK-409641822803819\/\" \/>\n<meta property=\"article:modified_time\" content=\"2025-11-11T11:27:47+00:00\" \/>\n<meta property=\"og:image\" content=\"https:\/\/u-pol.com\/wp-content\/uploads\/MAXIMUM-HS-Clearcoat.jpg\" \/>\n\t<meta property=\"og:image:width\" content=\"500\" \/>\n\t<meta property=\"og:image:height\" content=\"500\" \/>\n\t<meta property=\"og:image:type\" content=\"image\/jpeg\" \/>\n<meta name=\"twitter:card\" content=\"summary_large_image\" \/>\n<meta name=\"twitter:site\" content=\"@UpolUK\" \/>\n<meta name=\"twitter:label1\" content=\"Gesch\u00e4tzte Lesezeit\" \/>\n\t<meta name=\"twitter:data1\" content=\"5\u00a0Minuten\" \/>\n<script type=\"application\/ld+json\" class=\"yoast-schema-graph\">{\"@context\":\"https:\/\/schema.org\",\"@graph\":[{\"@type\":\"WebPage\",\"@id\":\"https:\/\/u-pol.com\/de\/product\/beschichtungen\/klarlacke\/maximum-klarlack\/\",\"url\":\"https:\/\/u-pol.com\/de\/product\/beschichtungen\/klarlacke\/maximum-klarlack\/\",\"name\":\"Maximum Klarlack - U-Pol\",\"isPartOf\":{\"@id\":\"https:\/\/u-pol.com\/de\/#website\"},\"primaryImageOfPage\":{\"@id\":\"https:\/\/u-pol.com\/de\/product\/beschichtungen\/klarlacke\/maximum-klarlack\/#primaryimage\"},\"image\":{\"@id\":\"https:\/\/u-pol.com\/de\/product\/beschichtungen\/klarlacke\/maximum-klarlack\/#primaryimage\"},\"thumbnailUrl\":\"https:\/\/u-pol.com\/wp-content\/uploads\/MAXIMUM-HS-Clearcoat.jpg\",\"datePublished\":\"2025-06-20T10:11:44+00:00\",\"dateModified\":\"2025-11-11T11:27:47+00:00\",\"description\":\"U-POL is a World leader in automotive refinishing products specializing in fillers, coatings, aerosols, adhesives and paint related products.\",\"breadcrumb\":{\"@id\":\"https:\/\/u-pol.com\/de\/product\/beschichtungen\/klarlacke\/maximum-klarlack\/#breadcrumb\"},\"inLanguage\":\"de\",\"potentialAction\":[{\"@type\":\"ReadAction\",\"target\":[\"https:\/\/u-pol.com\/de\/product\/beschichtungen\/klarlacke\/maximum-klarlack\/\"]}]},{\"@type\":\"ImageObject\",\"inLanguage\":\"de\",\"@id\":\"https:\/\/u-pol.com\/de\/product\/beschichtungen\/klarlacke\/maximum-klarlack\/#primaryimage\",\"url\":\"https:\/\/u-pol.com\/wp-content\/uploads\/MAXIMUM-HS-Clearcoat.jpg\",\"contentUrl\":\"https:\/\/u-pol.com\/wp-content\/uploads\/MAXIMUM-HS-Clearcoat.jpg\",\"width\":500,\"height\":500,\"caption\":\"MAXIMUM HS Clearcoat (2:1)\"},{\"@type\":\"BreadcrumbList\",\"@id\":\"https:\/\/u-pol.com\/de\/product\/beschichtungen\/klarlacke\/maximum-klarlack\/#breadcrumb\",\"itemListElement\":[{\"@type\":\"ListItem\",\"position\":1,\"name\":\"Home\",\"item\":\"https:\/\/u-pol.com\/de\/\"},{\"@type\":\"ListItem\",\"position\":2,\"name\":\"Shop\",\"item\":\"https:\/\/u-pol.com\/?page_id=235\"},{\"@type\":\"ListItem\",\"position\":3,\"name\":\"Maximum Klarlack\"}]},{\"@type\":\"WebSite\",\"@id\":\"https:\/\/u-pol.com\/de\/#website\",\"url\":\"https:\/\/u-pol.com\/de\/\",\"name\":\"U-Pol\",\"description\":\"\",\"publisher\":{\"@id\":\"https:\/\/u-pol.com\/de\/#organization\"},\"potentialAction\":[{\"@type\":\"SearchAction\",\"target\":{\"@type\":\"EntryPoint\",\"urlTemplate\":\"https:\/\/u-pol.com\/de\/?s={search_term_string}\"},\"query-input\":{\"@type\":\"PropertyValueSpecification\",\"valueRequired\":true,\"valueName\":\"search_term_string\"}}],\"inLanguage\":\"de\"},{\"@type\":\"Organization\",\"@id\":\"https:\/\/u-pol.com\/de\/#organization\",\"name\":\"U-POL\",\"url\":\"https:\/\/u-pol.com\/de\/\",\"logo\":{\"@type\":\"ImageObject\",\"inLanguage\":\"de\",\"@id\":\"https:\/\/u-pol.com\/de\/#\/schema\/logo\/image\/\",\"url\":\"https:\/\/u-pol.com\/wp-content\/uploads\/UPOL-sticky-bLogo.png\",\"contentUrl\":\"https:\/\/u-pol.com\/wp-content\/uploads\/UPOL-sticky-bLogo.png\",\"width\":125,\"height\":75,\"caption\":\"U-POL\"},\"image\":{\"@id\":\"https:\/\/u-pol.com\/de\/#\/schema\/logo\/image\/\"},\"sameAs\":[\"https:\/\/www.facebook.com\/U-POL-UK-409641822803819\/\",\"https:\/\/x.com\/UpolUK\"]}]}<\/script>","yoast_head_json":{"title":"Maximum Klarlack - U-Pol","description":"U-POL is a World leader in automotive refinishing products specializing in fillers, coatings, aerosols, adhesives and paint related products.","robots":{"index":"index","follow":"follow","max-snippet":"max-snippet:-1","max-image-preview":"max-image-preview:large","max-video-preview":"max-video-preview:-1"},"canonical":"https:\/\/u-pol.com\/de\/product\/beschichtungen\/klarlacke\/maximum-klarlack\/","og_locale":"de_DE","og_type":"article","og_title":"Maximum Klarlack - U-Pol","og_description":"U-POL is a World leader in automotive refinishing products specializing in fillers, coatings, aerosols, adhesives and paint related products.","og_url":"https:\/\/u-pol.com\/de\/product\/beschichtungen\/klarlacke\/maximum-klarlack\/","og_site_name":"U-Pol","article_publisher":"https:\/\/www.facebook.com\/U-POL-UK-409641822803819\/","article_modified_time":"2025-11-11T11:27:47+00:00","og_image":[{"width":500,"height":500,"url":"https:\/\/u-pol.com\/wp-content\/uploads\/MAXIMUM-HS-Clearcoat.jpg","type":"image\/jpeg"}],"twitter_card":"summary_large_image","twitter_site":"@UpolUK","twitter_misc":{"Gesch\u00e4tzte Lesezeit":"5\u00a0Minuten"},"schema":{"@context":"https:\/\/schema.org","@graph":[{"@type":"WebPage","@id":"https:\/\/u-pol.com\/de\/product\/beschichtungen\/klarlacke\/maximum-klarlack\/","url":"https:\/\/u-pol.com\/de\/product\/beschichtungen\/klarlacke\/maximum-klarlack\/","name":"Maximum Klarlack - U-Pol","isPartOf":{"@id":"https:\/\/u-pol.com\/de\/#website"},"primaryImageOfPage":{"@id":"https:\/\/u-pol.com\/de\/product\/beschichtungen\/klarlacke\/maximum-klarlack\/#primaryimage"},"image":{"@id":"https:\/\/u-pol.com\/de\/product\/beschichtungen\/klarlacke\/maximum-klarlack\/#primaryimage"},"thumbnailUrl":"https:\/\/u-pol.com\/wp-content\/uploads\/MAXIMUM-HS-Clearcoat.jpg","datePublished":"2025-06-20T10:11:44+00:00","dateModified":"2025-11-11T11:27:47+00:00","description":"U-POL is a World leader in automotive refinishing products specializing in fillers, coatings, aerosols, adhesives and paint related products.","breadcrumb":{"@id":"https:\/\/u-pol.com\/de\/product\/beschichtungen\/klarlacke\/maximum-klarlack\/#breadcrumb"},"inLanguage":"de","potentialAction":[{"@type":"ReadAction","target":["https:\/\/u-pol.com\/de\/product\/beschichtungen\/klarlacke\/maximum-klarlack\/"]}]},{"@type":"ImageObject","inLanguage":"de","@id":"https:\/\/u-pol.com\/de\/product\/beschichtungen\/klarlacke\/maximum-klarlack\/#primaryimage","url":"https:\/\/u-pol.com\/wp-content\/uploads\/MAXIMUM-HS-Clearcoat.jpg","contentUrl":"https:\/\/u-pol.com\/wp-content\/uploads\/MAXIMUM-HS-Clearcoat.jpg","width":500,"height":500,"caption":"MAXIMUM HS Clearcoat (2:1)"},{"@type":"BreadcrumbList","@id":"https:\/\/u-pol.com\/de\/product\/beschichtungen\/klarlacke\/maximum-klarlack\/#breadcrumb","itemListElement":[{"@type":"ListItem","position":1,"name":"Home","item":"https:\/\/u-pol.com\/de\/"},{"@type":"ListItem","position":2,"name":"Shop","item":"https:\/\/u-pol.com\/?page_id=235"},{"@type":"ListItem","position":3,"name":"Maximum Klarlack"}]},{"@type":"WebSite","@id":"https:\/\/u-pol.com\/de\/#website","url":"https:\/\/u-pol.com\/de\/","name":"U-Pol","description":"","publisher":{"@id":"https:\/\/u-pol.com\/de\/#organization"},"potentialAction":[{"@type":"SearchAction","target":{"@type":"EntryPoint","urlTemplate":"https:\/\/u-pol.com\/de\/?s={search_term_string}"},"query-input":{"@type":"PropertyValueSpecification","valueRequired":true,"valueName":"search_term_string"}}],"inLanguage":"de"},{"@type":"Organization","@id":"https:\/\/u-pol.com\/de\/#organization","name":"U-POL","url":"https:\/\/u-pol.com\/de\/","logo":{"@type":"ImageObject","inLanguage":"de","@id":"https:\/\/u-pol.com\/de\/#\/schema\/logo\/image\/","url":"https:\/\/u-pol.com\/wp-content\/uploads\/UPOL-sticky-bLogo.png","contentUrl":"https:\/\/u-pol.com\/wp-content\/uploads\/UPOL-sticky-bLogo.png","width":125,"height":75,"caption":"U-POL"},"image":{"@id":"https:\/\/u-pol.com\/de\/#\/schema\/logo\/image\/"},"sameAs":["https:\/\/www.facebook.com\/U-POL-UK-409641822803819\/","https:\/\/x.com\/UpolUK"]}]}},"_links":{"self":[{"href":"https:\/\/u-pol.com\/de\/wp-json\/wp\/v2\/product\/116307","targetHints":{"allow":["GET"]}}],"collection":[{"href":"https:\/\/u-pol.com\/de\/wp-json\/wp\/v2\/product"}],"about":[{"href":"https:\/\/u-pol.com\/de\/wp-json\/wp\/v2\/types\/product"}],"wp:featuredmedia":[{"embeddable":true,"href":"https:\/\/u-pol.com\/de\/wp-json\/wp\/v2\/media\/47835"}],"wp:attachment":[{"href":"https:\/\/u-pol.com\/de\/wp-json\/wp\/v2\/media?parent=116307"}],"wp:term":[{"taxonomy":"product_brand","embeddable":true,"href":"https:\/\/u-pol.com\/de\/wp-json\/wp\/v2\/product_brand?post=116307"},{"taxonomy":"product_cat","embeddable":true,"href":"https:\/\/u-pol.com\/de\/wp-json\/wp\/v2\/product_cat?post=116307"},{"taxonomy":"product_tag","embeddable":true,"href":"https:\/\/u-pol.com\/de\/wp-json\/wp\/v2\/product_tag?post=116307"}],"curies":[{"name":"wp","href":"https:\/\/api.w.org\/{rel}","templated":true}]}}