{"id":62292,"date":"2022-04-05T09:33:09","date_gmt":"2022-04-05T09:33:09","guid":{"rendered":"https:\/\/u-pol.com\/product\/uncategorized\/raptor-2k-aerosol-protective-coating-2\/"},"modified":"2023-05-11T12:07:20","modified_gmt":"2023-05-11T12:07:20","slug":"raptor-2k-aerosol-protective-coating-2","status":"publish","type":"product","link":"https:\/\/u-pol.com\/de\/product\/raptor-schutzlackierung-robuste-und-tonbare\/raptor-2k-spray\/raptor-2k-aerosol-protective-coating-2\/","title":{"rendered":"2K SPRAYDOSE"},"content":{"rendered":"<div class=\"fusion-fullwidth fullwidth-box fusion-builder-row-1 fusion-flex-container nonhundred-percent-fullwidth non-hundred-percent-height-scrolling\" style=\"--awb-border-radius-top-left:0px;--awb-border-radius-top-right:0px;--awb-border-radius-bottom-right:0px;--awb-border-radius-bottom-left:0px;--awb-margin-top:20px;--awb-flex-wrap:wrap;\" ><div class=\"fusion-builder-row fusion-row fusion-flex-align-items-flex-start fusion-flex-content-wrap\" style=\"max-width:1203.6px;margin-left: calc(-2% \/ 2 );margin-right: calc(-2% \/ 2 );\"><div class=\"fusion-layout-column fusion_builder_column fusion-builder-column-0 fusion_builder_column_1_1 1_1 fusion-flex-column\" style=\"--awb-bg-size:cover;--awb-width-large:100%;--awb-margin-top-large:0px;--awb-spacing-right-large:0.98%;--awb-margin-bottom-large:20px;--awb-spacing-left-large:0.98%;--awb-width-medium:100%;--awb-order-medium:0;--awb-spacing-right-medium:0.98%;--awb-spacing-left-medium:0.98%;--awb-width-small:100%;--awb-order-small:0;--awb-spacing-right-small:0.98%;--awb-spacing-left-small:0.98%;\"><div class=\"fusion-column-wrapper fusion-column-has-shadow fusion-flex-justify-content-flex-start fusion-content-layout-column\">\n<div class=\"table-1\">\n<table style=\"height: 86px;\" width=\"1142\">\n<thead>\n<tr>\n<th align=\"left\">Teilnummer<\/th>\n<th align=\"left\">Gebindegr\u00f6\u00dfe<\/th>\n<th align=\"left\">Farbe<\/th>\n<th align=\"left\">VE<\/th>\n<th align=\"left\">Technisches Datenblatt<\/th>\n<th align=\"left\">Sicherheitsdatenblatt<\/th>\n<\/tr>\n<\/thead>\n<tbody>\n<tr>\n<td align=\"left\">RLB\/AL<\/td>\n<td align=\"left\">400 ml Spraydose<\/td>\n<td align=\"left\">Schwarz<\/td>\n<td align=\"left\">6<\/td>\n<td align=\"left\"><a href=\"https:\/\/www.raptorcoatings.com\/files\/34032\/rlbal-TDS-DE\" target=\"_blank\" rel=\"noopener\">RLB\/AL TDS<\/a><\/td>\n<td align=\"left\"><a href=\"https:\/\/u-pol.com\/wp-content\/uploads\/RLBAL-SDS-DE.pdf\" target=\"_blank\" rel=\"noopener\">RLB\/AL SDS<\/a><\/td>\n<\/tr>\n<tr>\n<td align=\"left\">RLW\/AL<\/td>\n<td align=\"left\">400 ml Spraydose<\/td>\n<td align=\"left\">Wei\u00df<\/td>\n<td align=\"left\">6<\/td>\n<td align=\"left\"><a href=\"https:\/\/www.raptorcoatings.com\/files\/34031\/rlwal-TDS-DE\" target=\"_blank\" rel=\"noopener\">RLW\/AL TDS<\/a><\/td>\n<td align=\"left\"><a href=\"https:\/\/www.raptorcoatings.com\/files\/40563\/rlwal-SDS-DE\" target=\"_blank\" rel=\"noopener\">RLW\/AL SDS<\/a><\/td>\n<\/tr>\n<\/tbody>\n<\/table>\n<\/div>\n<\/div><\/div><\/div><\/div>\n","protected":false},"excerpt":{"rendered":"<p>Die praktische RAPTOR 2K-Spraydose bietet eine schnelle und einfache Methode zur Anwendung von RAPTOR mit optimalen Ergebnissen. Spr\u00fchausr\u00fcstung ist nicht erforderlich. Ideal f\u00fcr punktuelle Ausbesserungen und kleine Aufgaben. RAPTOR ist mehr als nur Ladefl\u00e4chenschutz und stellt eine extrem haltbare und robuste Schutzlackierung dar. Verwenden Sie RAPTOR auf verschiedenen Oberfl\u00e4chen, die eine Schutzschicht ben\u00f6tigen, welche auch anspruchsvollsten Bedingungen gerecht wird. Die Verwendung von RAPTOR ist ganz einfach \u2013 nun k\u00f6nnen Sie RAPTOR 2K-Spray bequem aufspr\u00fchen, ohne Dreck und Saubermachen. Ganz leicht!<\/p>\n<p>\u2022 Einfach und bequem: Aktivierung mithilfe des Ventils an der Basis<br \/>\n\u2022 Grobe Oberfl\u00e4chenstruktur wie bei einer Pistole<br \/>\n\u2022 Spr\u00fchausr\u00fcstung ist nicht erforderlich<\/p>\n","protected":false},"featured_media":47892,"template":"","meta":[],"product_brand":[],"product_cat":[1431,1432],"product_tag":[1348],"class_list":{"0":"post-62292","1":"product","2":"type-product","3":"status-publish","4":"has-post-thumbnail","6":"product_cat-raptor-schutzlackierung-robuste-und-tonbare","7":"product_cat-raptor-2k-spray","8":"product_tag-raptor-de","10":"first","11":"instock","12":"downloadable","13":"virtual","14":"sold-individually","15":"product-type-simple"},"yoast_head":"<title>2K SPRAYDOSE - U-Pol<\/title>\n<meta name=\"description\" content=\"The RAPTOR 2K System Aerosol offers a fast, easy way to apply RAPTOR without compromising performance, no spray equipment necessary.\" \/>\n<meta name=\"robots\" content=\"index, follow, max-snippet:-1, max-image-preview:large, max-video-preview:-1\" \/>\n<link rel=\"canonical\" href=\"https:\/\/u-pol.com\/de\/product\/raptor-schutzlackierung-robuste-und-tonbare\/raptor-2k-spray\/raptor-2k-aerosol-protective-coating-2\/\" \/>\n<meta property=\"og:locale\" content=\"de_DE\" \/>\n<meta property=\"og:type\" content=\"article\" \/>\n<meta property=\"og:title\" content=\"2K SPRAYDOSE - U-Pol\" \/>\n<meta property=\"og:description\" content=\"The RAPTOR 2K System Aerosol offers a fast, easy way to apply RAPTOR without compromising performance, no spray equipment necessary.\" \/>\n<meta property=\"og:url\" content=\"https:\/\/u-pol.com\/de\/product\/raptor-schutzlackierung-robuste-und-tonbare\/raptor-2k-spray\/raptor-2k-aerosol-protective-coating-2\/\" \/>\n<meta property=\"og:site_name\" content=\"U-Pol\" \/>\n<meta property=\"article:publisher\" content=\"https:\/\/www.facebook.com\/U-POL-UK-409641822803819\/\" \/>\n<meta property=\"article:modified_time\" content=\"2023-05-11T12:07:20+00:00\" \/>\n<meta property=\"og:image\" content=\"https:\/\/u-pol.com\/wp-content\/uploads\/RLB-RAPTOR-2K-Aerosol-Protective-Coating.jpg\" \/>\n\t<meta property=\"og:image:width\" content=\"500\" \/>\n\t<meta property=\"og:image:height\" content=\"500\" \/>\n\t<meta property=\"og:image:type\" content=\"image\/jpeg\" \/>\n<meta name=\"twitter:card\" content=\"summary_large_image\" \/>\n<meta name=\"twitter:site\" content=\"@UpolUK\" \/>\n<meta name=\"twitter:label1\" content=\"Gesch\u00e4tzte Lesezeit\" \/>\n\t<meta name=\"twitter:data1\" content=\"3\u00a0Minuten\" \/>\n<script type=\"application\/ld+json\" class=\"yoast-schema-graph\">{\"@context\":\"https:\/\/schema.org\",\"@graph\":[{\"@type\":\"WebPage\",\"@id\":\"https:\/\/u-pol.com\/de\/product\/raptor-schutzlackierung-robuste-und-tonbare\/raptor-2k-spray\/raptor-2k-aerosol-protective-coating-2\/\",\"url\":\"https:\/\/u-pol.com\/de\/product\/raptor-schutzlackierung-robuste-und-tonbare\/raptor-2k-spray\/raptor-2k-aerosol-protective-coating-2\/\",\"name\":\"2K SPRAYDOSE - U-Pol\",\"isPartOf\":{\"@id\":\"https:\/\/u-pol.com\/de\/#website\"},\"primaryImageOfPage\":{\"@id\":\"https:\/\/u-pol.com\/de\/product\/raptor-schutzlackierung-robuste-und-tonbare\/raptor-2k-spray\/raptor-2k-aerosol-protective-coating-2\/#primaryimage\"},\"image\":{\"@id\":\"https:\/\/u-pol.com\/de\/product\/raptor-schutzlackierung-robuste-und-tonbare\/raptor-2k-spray\/raptor-2k-aerosol-protective-coating-2\/#primaryimage\"},\"thumbnailUrl\":\"https:\/\/u-pol.com\/wp-content\/uploads\/RLB-RAPTOR-2K-Aerosol-Protective-Coating.jpg\",\"datePublished\":\"2022-04-05T09:33:09+00:00\",\"dateModified\":\"2023-05-11T12:07:20+00:00\",\"description\":\"The RAPTOR 2K System Aerosol offers a fast, easy way to apply RAPTOR without compromising performance, no spray equipment necessary.\",\"breadcrumb\":{\"@id\":\"https:\/\/u-pol.com\/de\/product\/raptor-schutzlackierung-robuste-und-tonbare\/raptor-2k-spray\/raptor-2k-aerosol-protective-coating-2\/#breadcrumb\"},\"inLanguage\":\"de\",\"potentialAction\":[{\"@type\":\"ReadAction\",\"target\":[\"https:\/\/u-pol.com\/de\/product\/raptor-schutzlackierung-robuste-und-tonbare\/raptor-2k-spray\/raptor-2k-aerosol-protective-coating-2\/\"]}]},{\"@type\":\"ImageObject\",\"inLanguage\":\"de\",\"@id\":\"https:\/\/u-pol.com\/de\/product\/raptor-schutzlackierung-robuste-und-tonbare\/raptor-2k-spray\/raptor-2k-aerosol-protective-coating-2\/#primaryimage\",\"url\":\"https:\/\/u-pol.com\/wp-content\/uploads\/RLB-RAPTOR-2K-Aerosol-Protective-Coating.jpg\",\"contentUrl\":\"https:\/\/u-pol.com\/wp-content\/uploads\/RLB-RAPTOR-2K-Aerosol-Protective-Coating.jpg\",\"width\":500,\"height\":500,\"caption\":\"RAPTOR 2K Aerosol Protective Coating\"},{\"@type\":\"BreadcrumbList\",\"@id\":\"https:\/\/u-pol.com\/de\/product\/raptor-schutzlackierung-robuste-und-tonbare\/raptor-2k-spray\/raptor-2k-aerosol-protective-coating-2\/#breadcrumb\",\"itemListElement\":[{\"@type\":\"ListItem\",\"position\":1,\"name\":\"Home\",\"item\":\"https:\/\/u-pol.com\/de\/\"},{\"@type\":\"ListItem\",\"position\":2,\"name\":\"Shop\",\"item\":\"https:\/\/u-pol.com\/?page_id=235\"},{\"@type\":\"ListItem\",\"position\":3,\"name\":\"2K SPRAYDOSE\"}]},{\"@type\":\"WebSite\",\"@id\":\"https:\/\/u-pol.com\/de\/#website\",\"url\":\"https:\/\/u-pol.com\/de\/\",\"name\":\"U-Pol\",\"description\":\"\",\"publisher\":{\"@id\":\"https:\/\/u-pol.com\/de\/#organization\"},\"potentialAction\":[{\"@type\":\"SearchAction\",\"target\":{\"@type\":\"EntryPoint\",\"urlTemplate\":\"https:\/\/u-pol.com\/de\/?s={search_term_string}\"},\"query-input\":{\"@type\":\"PropertyValueSpecification\",\"valueRequired\":true,\"valueName\":\"search_term_string\"}}],\"inLanguage\":\"de\"},{\"@type\":\"Organization\",\"@id\":\"https:\/\/u-pol.com\/de\/#organization\",\"name\":\"U-POL\",\"url\":\"https:\/\/u-pol.com\/de\/\",\"logo\":{\"@type\":\"ImageObject\",\"inLanguage\":\"de\",\"@id\":\"https:\/\/u-pol.com\/de\/#\/schema\/logo\/image\/\",\"url\":\"https:\/\/u-pol.com\/wp-content\/uploads\/UPOL-sticky-bLogo.png\",\"contentUrl\":\"https:\/\/u-pol.com\/wp-content\/uploads\/UPOL-sticky-bLogo.png\",\"width\":125,\"height\":75,\"caption\":\"U-POL\"},\"image\":{\"@id\":\"https:\/\/u-pol.com\/de\/#\/schema\/logo\/image\/\"},\"sameAs\":[\"https:\/\/www.facebook.com\/U-POL-UK-409641822803819\/\",\"https:\/\/x.com\/UpolUK\"]}]}<\/script>","yoast_head_json":{"title":"2K SPRAYDOSE - U-Pol","description":"The RAPTOR 2K System Aerosol offers a fast, easy way to apply RAPTOR without compromising performance, no spray equipment necessary.","robots":{"index":"index","follow":"follow","max-snippet":"max-snippet:-1","max-image-preview":"max-image-preview:large","max-video-preview":"max-video-preview:-1"},"canonical":"https:\/\/u-pol.com\/de\/product\/raptor-schutzlackierung-robuste-und-tonbare\/raptor-2k-spray\/raptor-2k-aerosol-protective-coating-2\/","og_locale":"de_DE","og_type":"article","og_title":"2K SPRAYDOSE - U-Pol","og_description":"The RAPTOR 2K System Aerosol offers a fast, easy way to apply RAPTOR without compromising performance, no spray equipment necessary.","og_url":"https:\/\/u-pol.com\/de\/product\/raptor-schutzlackierung-robuste-und-tonbare\/raptor-2k-spray\/raptor-2k-aerosol-protective-coating-2\/","og_site_name":"U-Pol","article_publisher":"https:\/\/www.facebook.com\/U-POL-UK-409641822803819\/","article_modified_time":"2023-05-11T12:07:20+00:00","og_image":[{"width":500,"height":500,"url":"https:\/\/u-pol.com\/wp-content\/uploads\/RLB-RAPTOR-2K-Aerosol-Protective-Coating.jpg","type":"image\/jpeg"}],"twitter_card":"summary_large_image","twitter_site":"@UpolUK","twitter_misc":{"Gesch\u00e4tzte Lesezeit":"3\u00a0Minuten"},"schema":{"@context":"https:\/\/schema.org","@graph":[{"@type":"WebPage","@id":"https:\/\/u-pol.com\/de\/product\/raptor-schutzlackierung-robuste-und-tonbare\/raptor-2k-spray\/raptor-2k-aerosol-protective-coating-2\/","url":"https:\/\/u-pol.com\/de\/product\/raptor-schutzlackierung-robuste-und-tonbare\/raptor-2k-spray\/raptor-2k-aerosol-protective-coating-2\/","name":"2K SPRAYDOSE - U-Pol","isPartOf":{"@id":"https:\/\/u-pol.com\/de\/#website"},"primaryImageOfPage":{"@id":"https:\/\/u-pol.com\/de\/product\/raptor-schutzlackierung-robuste-und-tonbare\/raptor-2k-spray\/raptor-2k-aerosol-protective-coating-2\/#primaryimage"},"image":{"@id":"https:\/\/u-pol.com\/de\/product\/raptor-schutzlackierung-robuste-und-tonbare\/raptor-2k-spray\/raptor-2k-aerosol-protective-coating-2\/#primaryimage"},"thumbnailUrl":"https:\/\/u-pol.com\/wp-content\/uploads\/RLB-RAPTOR-2K-Aerosol-Protective-Coating.jpg","datePublished":"2022-04-05T09:33:09+00:00","dateModified":"2023-05-11T12:07:20+00:00","description":"The RAPTOR 2K System Aerosol offers a fast, easy way to apply RAPTOR without compromising performance, no spray equipment necessary.","breadcrumb":{"@id":"https:\/\/u-pol.com\/de\/product\/raptor-schutzlackierung-robuste-und-tonbare\/raptor-2k-spray\/raptor-2k-aerosol-protective-coating-2\/#breadcrumb"},"inLanguage":"de","potentialAction":[{"@type":"ReadAction","target":["https:\/\/u-pol.com\/de\/product\/raptor-schutzlackierung-robuste-und-tonbare\/raptor-2k-spray\/raptor-2k-aerosol-protective-coating-2\/"]}]},{"@type":"ImageObject","inLanguage":"de","@id":"https:\/\/u-pol.com\/de\/product\/raptor-schutzlackierung-robuste-und-tonbare\/raptor-2k-spray\/raptor-2k-aerosol-protective-coating-2\/#primaryimage","url":"https:\/\/u-pol.com\/wp-content\/uploads\/RLB-RAPTOR-2K-Aerosol-Protective-Coating.jpg","contentUrl":"https:\/\/u-pol.com\/wp-content\/uploads\/RLB-RAPTOR-2K-Aerosol-Protective-Coating.jpg","width":500,"height":500,"caption":"RAPTOR 2K Aerosol Protective Coating"},{"@type":"BreadcrumbList","@id":"https:\/\/u-pol.com\/de\/product\/raptor-schutzlackierung-robuste-und-tonbare\/raptor-2k-spray\/raptor-2k-aerosol-protective-coating-2\/#breadcrumb","itemListElement":[{"@type":"ListItem","position":1,"name":"Home","item":"https:\/\/u-pol.com\/de\/"},{"@type":"ListItem","position":2,"name":"Shop","item":"https:\/\/u-pol.com\/?page_id=235"},{"@type":"ListItem","position":3,"name":"2K SPRAYDOSE"}]},{"@type":"WebSite","@id":"https:\/\/u-pol.com\/de\/#website","url":"https:\/\/u-pol.com\/de\/","name":"U-Pol","description":"","publisher":{"@id":"https:\/\/u-pol.com\/de\/#organization"},"potentialAction":[{"@type":"SearchAction","target":{"@type":"EntryPoint","urlTemplate":"https:\/\/u-pol.com\/de\/?s={search_term_string}"},"query-input":{"@type":"PropertyValueSpecification","valueRequired":true,"valueName":"search_term_string"}}],"inLanguage":"de"},{"@type":"Organization","@id":"https:\/\/u-pol.com\/de\/#organization","name":"U-POL","url":"https:\/\/u-pol.com\/de\/","logo":{"@type":"ImageObject","inLanguage":"de","@id":"https:\/\/u-pol.com\/de\/#\/schema\/logo\/image\/","url":"https:\/\/u-pol.com\/wp-content\/uploads\/UPOL-sticky-bLogo.png","contentUrl":"https:\/\/u-pol.com\/wp-content\/uploads\/UPOL-sticky-bLogo.png","width":125,"height":75,"caption":"U-POL"},"image":{"@id":"https:\/\/u-pol.com\/de\/#\/schema\/logo\/image\/"},"sameAs":["https:\/\/www.facebook.com\/U-POL-UK-409641822803819\/","https:\/\/x.com\/UpolUK"]}]}},"_links":{"self":[{"href":"https:\/\/u-pol.com\/de\/wp-json\/wp\/v2\/product\/62292","targetHints":{"allow":["GET"]}}],"collection":[{"href":"https:\/\/u-pol.com\/de\/wp-json\/wp\/v2\/product"}],"about":[{"href":"https:\/\/u-pol.com\/de\/wp-json\/wp\/v2\/types\/product"}],"wp:featuredmedia":[{"embeddable":true,"href":"https:\/\/u-pol.com\/de\/wp-json\/wp\/v2\/media\/47892"}],"wp:attachment":[{"href":"https:\/\/u-pol.com\/de\/wp-json\/wp\/v2\/media?parent=62292"}],"wp:term":[{"taxonomy":"product_brand","embeddable":true,"href":"https:\/\/u-pol.com\/de\/wp-json\/wp\/v2\/product_brand?post=62292"},{"taxonomy":"product_cat","embeddable":true,"href":"https:\/\/u-pol.com\/de\/wp-json\/wp\/v2\/product_cat?post=62292"},{"taxonomy":"product_tag","embeddable":true,"href":"https:\/\/u-pol.com\/de\/wp-json\/wp\/v2\/product_tag?post=62292"}],"curies":[{"name":"wp","href":"https:\/\/api.w.org\/{rel}","templated":true}]}}