{"id":62300,"date":"2022-04-05T09:53:16","date_gmt":"2022-04-05T09:53:16","guid":{"rendered":"https:\/\/u-pol.com\/product\/unkategorisiert\/application-gun-for-raptor-gravitex\/"},"modified":"2022-10-11T09:33:27","modified_gmt":"2022-10-11T09:33:27","slug":"application-gun-for-raptor-gravitex","status":"publish","type":"product","link":"https:\/\/u-pol.com\/de\/product\/raptor-schutzlackierung-robuste-und-tonbare\/raptor-zubehor\/application-gun-for-raptor-gravitex\/","title":{"rendered":"Anwendungspistole"},"content":{"rendered":"<div class=\"fusion-fullwidth fullwidth-box fusion-builder-row-1 fusion-flex-container nonhundred-percent-fullwidth non-hundred-percent-height-scrolling\" style=\"--awb-border-radius-top-left:0px;--awb-border-radius-top-right:0px;--awb-border-radius-bottom-right:0px;--awb-border-radius-bottom-left:0px;--awb-margin-top:20px;--awb-flex-wrap:wrap;\" ><div class=\"fusion-builder-row fusion-row fusion-flex-align-items-flex-start fusion-flex-content-wrap\" style=\"max-width:1203.6px;margin-left: calc(-2% \/ 2 );margin-right: calc(-2% \/ 2 );\"><div class=\"fusion-layout-column fusion_builder_column fusion-builder-column-0 fusion_builder_column_1_1 1_1 fusion-flex-column\" style=\"--awb-bg-size:cover;--awb-width-large:100%;--awb-margin-top-large:0px;--awb-spacing-right-large:0.98%;--awb-margin-bottom-large:20px;--awb-spacing-left-large:0.98%;--awb-width-medium:100%;--awb-order-medium:0;--awb-spacing-right-medium:0.98%;--awb-spacing-left-medium:0.98%;--awb-width-small:100%;--awb-order-small:0;--awb-spacing-right-small:0.98%;--awb-spacing-left-small:0.98%;\"><div class=\"fusion-column-wrapper fusion-column-has-shadow fusion-flex-justify-content-flex-start fusion-content-layout-column\">\n<div class=\"table-1\">\n<table width=\"100%\">\n<thead>\n<tr>\n<th align=\"left\">Teilnummer<\/th>\n<th align=\"left\">Gebindegr\u00f6\u00dfe<\/th>\n<th align=\"left\">Farbe<\/th>\n<th align=\"left\">VE<\/th>\n<th align=\"left\">Technisches Datenblatt<\/th>\n<th align=\"left\">Sicherheitsdatenblatt<\/th>\n<\/tr>\n<\/thead>\n<tbody>\n<tr>\n<td align=\"left\">GUN\/1<\/td>\n<td align=\"left\"><\/td>\n<td align=\"left\">&#8211;<\/td>\n<td align=\"left\">5<\/td>\n<td align=\"left\"><\/td>\n<td align=\"left\"><\/td>\n<\/tr>\n<\/tbody>\n<\/table>\n<\/div>\n<\/div><\/div><\/div><\/div>\n","protected":false},"excerpt":{"rendered":"<p>Speziell entwickelt f\u00fcr RAPTOR-Flaschen mit europ\u00e4ischem Gewinde und l\u00e4ngerem Tauchrohr. Direktes Aufschrauben auf die Plastikflasche.<\/p>\n<ul>\n<li>Geringes Gewicht und leicht zu verwenden<\/li>\n<li>Einfache Reinigung durch abnehmbares Tauchrohr und D\u00fcse<\/li>\n<li>L\u00e4ngeres Pick-up-Rohr f\u00fcr bessere Ergebnisse mit RAPTOR-Flaschen<\/li>\n<\/ul>\n","protected":false},"featured_media":47886,"template":"","meta":[],"product_brand":[],"product_cat":[1431,1433],"product_tag":[1348],"class_list":{"0":"post-62300","1":"product","2":"type-product","3":"status-publish","4":"has-post-thumbnail","6":"product_cat-raptor-schutzlackierung-robuste-und-tonbare","7":"product_cat-raptor-zubehor","8":"product_tag-raptor-de","10":"first","11":"instock","12":"downloadable","13":"virtual","14":"sold-individually","15":"product-type-simple"},"yoast_head":"<title>Anwendungspistole - U-Pol<\/title>\n<meta name=\"description\" content=\"Screw directly onto the plastic bottle. Lightweight and easy to use. Easy clean with removable dip tube and nozzle.\" \/>\n<meta name=\"robots\" content=\"index, follow, max-snippet:-1, max-image-preview:large, max-video-preview:-1\" \/>\n<link rel=\"canonical\" href=\"https:\/\/u-pol.com\/de\/product\/raptor-schutzlackierung-robuste-und-tonbare\/raptor-zubehor\/application-gun-for-raptor-gravitex\/\" \/>\n<meta property=\"og:locale\" content=\"de_DE\" \/>\n<meta property=\"og:type\" content=\"article\" \/>\n<meta property=\"og:title\" content=\"Anwendungspistole - U-Pol\" \/>\n<meta property=\"og:description\" content=\"Screw directly onto the plastic bottle. Lightweight and easy to use. Easy clean with removable dip tube and nozzle.\" \/>\n<meta property=\"og:url\" content=\"https:\/\/u-pol.com\/de\/product\/raptor-schutzlackierung-robuste-und-tonbare\/raptor-zubehor\/application-gun-for-raptor-gravitex\/\" \/>\n<meta property=\"og:site_name\" content=\"U-Pol\" \/>\n<meta property=\"article:publisher\" content=\"https:\/\/www.facebook.com\/U-POL-UK-409641822803819\/\" \/>\n<meta property=\"article:modified_time\" content=\"2022-10-11T09:33:27+00:00\" \/>\n<meta property=\"og:image\" content=\"https:\/\/u-pol.com\/wp-content\/uploads\/GUN-Application-Gun-For-Raptor-Gravitex.jpg\" \/>\n\t<meta property=\"og:image:width\" content=\"500\" \/>\n\t<meta property=\"og:image:height\" content=\"500\" \/>\n\t<meta property=\"og:image:type\" content=\"image\/jpeg\" \/>\n<meta name=\"twitter:card\" content=\"summary_large_image\" \/>\n<meta name=\"twitter:site\" content=\"@UpolUK\" \/>\n<meta name=\"twitter:label1\" content=\"Gesch\u00e4tzte Lesezeit\" \/>\n\t<meta name=\"twitter:data1\" content=\"3\u00a0Minuten\" \/>\n<script type=\"application\/ld+json\" class=\"yoast-schema-graph\">{\"@context\":\"https:\/\/schema.org\",\"@graph\":[{\"@type\":\"WebPage\",\"@id\":\"https:\/\/u-pol.com\/de\/product\/raptor-schutzlackierung-robuste-und-tonbare\/raptor-zubehor\/application-gun-for-raptor-gravitex\/\",\"url\":\"https:\/\/u-pol.com\/de\/product\/raptor-schutzlackierung-robuste-und-tonbare\/raptor-zubehor\/application-gun-for-raptor-gravitex\/\",\"name\":\"Anwendungspistole - U-Pol\",\"isPartOf\":{\"@id\":\"https:\/\/u-pol.com\/de\/#website\"},\"primaryImageOfPage\":{\"@id\":\"https:\/\/u-pol.com\/de\/product\/raptor-schutzlackierung-robuste-und-tonbare\/raptor-zubehor\/application-gun-for-raptor-gravitex\/#primaryimage\"},\"image\":{\"@id\":\"https:\/\/u-pol.com\/de\/product\/raptor-schutzlackierung-robuste-und-tonbare\/raptor-zubehor\/application-gun-for-raptor-gravitex\/#primaryimage\"},\"thumbnailUrl\":\"https:\/\/u-pol.com\/wp-content\/uploads\/GUN-Application-Gun-For-Raptor-Gravitex.jpg\",\"datePublished\":\"2022-04-05T09:53:16+00:00\",\"dateModified\":\"2022-10-11T09:33:27+00:00\",\"description\":\"Screw directly onto the plastic bottle. Lightweight and easy to use. Easy clean with removable dip tube and nozzle.\",\"breadcrumb\":{\"@id\":\"https:\/\/u-pol.com\/de\/product\/raptor-schutzlackierung-robuste-und-tonbare\/raptor-zubehor\/application-gun-for-raptor-gravitex\/#breadcrumb\"},\"inLanguage\":\"de\",\"potentialAction\":[{\"@type\":\"ReadAction\",\"target\":[\"https:\/\/u-pol.com\/de\/product\/raptor-schutzlackierung-robuste-und-tonbare\/raptor-zubehor\/application-gun-for-raptor-gravitex\/\"]}]},{\"@type\":\"ImageObject\",\"inLanguage\":\"de\",\"@id\":\"https:\/\/u-pol.com\/de\/product\/raptor-schutzlackierung-robuste-und-tonbare\/raptor-zubehor\/application-gun-for-raptor-gravitex\/#primaryimage\",\"url\":\"https:\/\/u-pol.com\/wp-content\/uploads\/GUN-Application-Gun-For-Raptor-Gravitex.jpg\",\"contentUrl\":\"https:\/\/u-pol.com\/wp-content\/uploads\/GUN-Application-Gun-For-Raptor-Gravitex.jpg\",\"width\":500,\"height\":500,\"caption\":\"Application Gun For RAPTOR &amp; GRAVITEX\"},{\"@type\":\"BreadcrumbList\",\"@id\":\"https:\/\/u-pol.com\/de\/product\/raptor-schutzlackierung-robuste-und-tonbare\/raptor-zubehor\/application-gun-for-raptor-gravitex\/#breadcrumb\",\"itemListElement\":[{\"@type\":\"ListItem\",\"position\":1,\"name\":\"Home\",\"item\":\"https:\/\/u-pol.com\/de\/\"},{\"@type\":\"ListItem\",\"position\":2,\"name\":\"Shop\",\"item\":\"https:\/\/u-pol.com\/?page_id=235\"},{\"@type\":\"ListItem\",\"position\":3,\"name\":\"Anwendungspistole\"}]},{\"@type\":\"WebSite\",\"@id\":\"https:\/\/u-pol.com\/de\/#website\",\"url\":\"https:\/\/u-pol.com\/de\/\",\"name\":\"U-Pol\",\"description\":\"\",\"publisher\":{\"@id\":\"https:\/\/u-pol.com\/de\/#organization\"},\"potentialAction\":[{\"@type\":\"SearchAction\",\"target\":{\"@type\":\"EntryPoint\",\"urlTemplate\":\"https:\/\/u-pol.com\/de\/?s={search_term_string}\"},\"query-input\":{\"@type\":\"PropertyValueSpecification\",\"valueRequired\":true,\"valueName\":\"search_term_string\"}}],\"inLanguage\":\"de\"},{\"@type\":\"Organization\",\"@id\":\"https:\/\/u-pol.com\/de\/#organization\",\"name\":\"U-POL\",\"url\":\"https:\/\/u-pol.com\/de\/\",\"logo\":{\"@type\":\"ImageObject\",\"inLanguage\":\"de\",\"@id\":\"https:\/\/u-pol.com\/de\/#\/schema\/logo\/image\/\",\"url\":\"https:\/\/u-pol.com\/wp-content\/uploads\/UPOL-sticky-bLogo.png\",\"contentUrl\":\"https:\/\/u-pol.com\/wp-content\/uploads\/UPOL-sticky-bLogo.png\",\"width\":125,\"height\":75,\"caption\":\"U-POL\"},\"image\":{\"@id\":\"https:\/\/u-pol.com\/de\/#\/schema\/logo\/image\/\"},\"sameAs\":[\"https:\/\/www.facebook.com\/U-POL-UK-409641822803819\/\",\"https:\/\/x.com\/UpolUK\"]}]}<\/script>","yoast_head_json":{"title":"Anwendungspistole - U-Pol","description":"Screw directly onto the plastic bottle. Lightweight and easy to use. Easy clean with removable dip tube and nozzle.","robots":{"index":"index","follow":"follow","max-snippet":"max-snippet:-1","max-image-preview":"max-image-preview:large","max-video-preview":"max-video-preview:-1"},"canonical":"https:\/\/u-pol.com\/de\/product\/raptor-schutzlackierung-robuste-und-tonbare\/raptor-zubehor\/application-gun-for-raptor-gravitex\/","og_locale":"de_DE","og_type":"article","og_title":"Anwendungspistole - U-Pol","og_description":"Screw directly onto the plastic bottle. Lightweight and easy to use. Easy clean with removable dip tube and nozzle.","og_url":"https:\/\/u-pol.com\/de\/product\/raptor-schutzlackierung-robuste-und-tonbare\/raptor-zubehor\/application-gun-for-raptor-gravitex\/","og_site_name":"U-Pol","article_publisher":"https:\/\/www.facebook.com\/U-POL-UK-409641822803819\/","article_modified_time":"2022-10-11T09:33:27+00:00","og_image":[{"width":500,"height":500,"url":"https:\/\/u-pol.com\/wp-content\/uploads\/GUN-Application-Gun-For-Raptor-Gravitex.jpg","type":"image\/jpeg"}],"twitter_card":"summary_large_image","twitter_site":"@UpolUK","twitter_misc":{"Gesch\u00e4tzte Lesezeit":"3\u00a0Minuten"},"schema":{"@context":"https:\/\/schema.org","@graph":[{"@type":"WebPage","@id":"https:\/\/u-pol.com\/de\/product\/raptor-schutzlackierung-robuste-und-tonbare\/raptor-zubehor\/application-gun-for-raptor-gravitex\/","url":"https:\/\/u-pol.com\/de\/product\/raptor-schutzlackierung-robuste-und-tonbare\/raptor-zubehor\/application-gun-for-raptor-gravitex\/","name":"Anwendungspistole - U-Pol","isPartOf":{"@id":"https:\/\/u-pol.com\/de\/#website"},"primaryImageOfPage":{"@id":"https:\/\/u-pol.com\/de\/product\/raptor-schutzlackierung-robuste-und-tonbare\/raptor-zubehor\/application-gun-for-raptor-gravitex\/#primaryimage"},"image":{"@id":"https:\/\/u-pol.com\/de\/product\/raptor-schutzlackierung-robuste-und-tonbare\/raptor-zubehor\/application-gun-for-raptor-gravitex\/#primaryimage"},"thumbnailUrl":"https:\/\/u-pol.com\/wp-content\/uploads\/GUN-Application-Gun-For-Raptor-Gravitex.jpg","datePublished":"2022-04-05T09:53:16+00:00","dateModified":"2022-10-11T09:33:27+00:00","description":"Screw directly onto the plastic bottle. Lightweight and easy to use. Easy clean with removable dip tube and nozzle.","breadcrumb":{"@id":"https:\/\/u-pol.com\/de\/product\/raptor-schutzlackierung-robuste-und-tonbare\/raptor-zubehor\/application-gun-for-raptor-gravitex\/#breadcrumb"},"inLanguage":"de","potentialAction":[{"@type":"ReadAction","target":["https:\/\/u-pol.com\/de\/product\/raptor-schutzlackierung-robuste-und-tonbare\/raptor-zubehor\/application-gun-for-raptor-gravitex\/"]}]},{"@type":"ImageObject","inLanguage":"de","@id":"https:\/\/u-pol.com\/de\/product\/raptor-schutzlackierung-robuste-und-tonbare\/raptor-zubehor\/application-gun-for-raptor-gravitex\/#primaryimage","url":"https:\/\/u-pol.com\/wp-content\/uploads\/GUN-Application-Gun-For-Raptor-Gravitex.jpg","contentUrl":"https:\/\/u-pol.com\/wp-content\/uploads\/GUN-Application-Gun-For-Raptor-Gravitex.jpg","width":500,"height":500,"caption":"Application Gun For RAPTOR &amp; GRAVITEX"},{"@type":"BreadcrumbList","@id":"https:\/\/u-pol.com\/de\/product\/raptor-schutzlackierung-robuste-und-tonbare\/raptor-zubehor\/application-gun-for-raptor-gravitex\/#breadcrumb","itemListElement":[{"@type":"ListItem","position":1,"name":"Home","item":"https:\/\/u-pol.com\/de\/"},{"@type":"ListItem","position":2,"name":"Shop","item":"https:\/\/u-pol.com\/?page_id=235"},{"@type":"ListItem","position":3,"name":"Anwendungspistole"}]},{"@type":"WebSite","@id":"https:\/\/u-pol.com\/de\/#website","url":"https:\/\/u-pol.com\/de\/","name":"U-Pol","description":"","publisher":{"@id":"https:\/\/u-pol.com\/de\/#organization"},"potentialAction":[{"@type":"SearchAction","target":{"@type":"EntryPoint","urlTemplate":"https:\/\/u-pol.com\/de\/?s={search_term_string}"},"query-input":{"@type":"PropertyValueSpecification","valueRequired":true,"valueName":"search_term_string"}}],"inLanguage":"de"},{"@type":"Organization","@id":"https:\/\/u-pol.com\/de\/#organization","name":"U-POL","url":"https:\/\/u-pol.com\/de\/","logo":{"@type":"ImageObject","inLanguage":"de","@id":"https:\/\/u-pol.com\/de\/#\/schema\/logo\/image\/","url":"https:\/\/u-pol.com\/wp-content\/uploads\/UPOL-sticky-bLogo.png","contentUrl":"https:\/\/u-pol.com\/wp-content\/uploads\/UPOL-sticky-bLogo.png","width":125,"height":75,"caption":"U-POL"},"image":{"@id":"https:\/\/u-pol.com\/de\/#\/schema\/logo\/image\/"},"sameAs":["https:\/\/www.facebook.com\/U-POL-UK-409641822803819\/","https:\/\/x.com\/UpolUK"]}]}},"_links":{"self":[{"href":"https:\/\/u-pol.com\/de\/wp-json\/wp\/v2\/product\/62300","targetHints":{"allow":["GET"]}}],"collection":[{"href":"https:\/\/u-pol.com\/de\/wp-json\/wp\/v2\/product"}],"about":[{"href":"https:\/\/u-pol.com\/de\/wp-json\/wp\/v2\/types\/product"}],"wp:featuredmedia":[{"embeddable":true,"href":"https:\/\/u-pol.com\/de\/wp-json\/wp\/v2\/media\/47886"}],"wp:attachment":[{"href":"https:\/\/u-pol.com\/de\/wp-json\/wp\/v2\/media?parent=62300"}],"wp:term":[{"taxonomy":"product_brand","embeddable":true,"href":"https:\/\/u-pol.com\/de\/wp-json\/wp\/v2\/product_brand?post=62300"},{"taxonomy":"product_cat","embeddable":true,"href":"https:\/\/u-pol.com\/de\/wp-json\/wp\/v2\/product_cat?post=62300"},{"taxonomy":"product_tag","embeddable":true,"href":"https:\/\/u-pol.com\/de\/wp-json\/wp\/v2\/product_tag?post=62300"}],"curies":[{"name":"wp","href":"https:\/\/api.w.org\/{rel}","templated":true}]}}