{"id":62307,"date":"2022-04-04T13:55:57","date_gmt":"2022-04-04T13:55:57","guid":{"rendered":"https:\/\/u-pol.com\/product\/unkategorisiert\/clear1-uv-resistant-clearcoat\/"},"modified":"2025-11-11T11:29:53","modified_gmt":"2025-11-11T11:29:53","slug":"clear1-uv-resistant-clearcoat","status":"publish","type":"product","link":"https:\/\/u-pol.com\/de\/product\/sprays\/sprays-premium\/clear1-uv-resistant-clearcoat\/","title":{"rendered":"CLEAR#1 UV-best\u00e4ndiger Klarlack"},"content":{"rendered":"<div class=\"fusion-fullwidth fullwidth-box fusion-builder-row-1 fusion-flex-container nonhundred-percent-fullwidth non-hundred-percent-height-scrolling\" style=\"--awb-border-radius-top-left:0px;--awb-border-radius-top-right:0px;--awb-border-radius-bottom-right:0px;--awb-border-radius-bottom-left:0px;--awb-margin-top:20px;--awb-flex-wrap:wrap;\" ><div class=\"fusion-builder-row fusion-row fusion-flex-align-items-flex-start fusion-flex-content-wrap\" style=\"max-width:1203.6px;margin-left: calc(-2% \/ 2 );margin-right: calc(-2% \/ 2 );\"><div class=\"fusion-layout-column fusion_builder_column fusion-builder-column-0 fusion_builder_column_1_1 1_1 fusion-flex-column\" style=\"--awb-bg-size:cover;--awb-width-large:100%;--awb-margin-top-large:0px;--awb-spacing-right-large:0.98%;--awb-margin-bottom-large:20px;--awb-spacing-left-large:0.98%;--awb-width-medium:100%;--awb-order-medium:0;--awb-spacing-right-medium:0.98%;--awb-spacing-left-medium:0.98%;--awb-width-small:100%;--awb-order-small:0;--awb-spacing-right-small:0.98%;--awb-spacing-left-small:0.98%;\"><div class=\"fusion-column-wrapper fusion-column-has-shadow fusion-flex-justify-content-flex-start fusion-content-layout-column\">\n<div class=\"table-1\">\n<table width=\"100%\">\n<thead>\n<tr>\n<th align=\"left\">Teilnummer<\/th>\n<th align=\"left\">Gebindegr\u00f6\u00dfe<\/th>\n<th align=\"left\">Farbe<\/th>\n<th align=\"left\">VE<\/th>\n<th align=\"left\">Technisches Datenblatt<\/th>\n<th align=\"left\">Sicherheitsdatenblatt<\/th>\n<\/tr>\n<\/thead>\n<tbody>\n<tr>\n<td align=\"left\">CLEAR\/AL<\/td>\n<td align=\"left\">Spraydose 450 ml<\/td>\n<td align=\"left\">Klar<\/td>\n<td align=\"left\">6<\/td>\n<td align=\"left\"><a href=\"https:\/\/u-pol.com\/wp-content\/uploads\/CLEAR1-TDS-GER_A.pdf\" target=\"_blank\" rel=\"noopener\">CLEAR\/AL TDS<\/a><\/td>\n<td align=\"left\"><a href=\"https:\/\/use-qa-inf-apiacs.azure-api.net\/publishedsds\/item\/23369\" target=\"_blank\" rel=\"noopener\">CLEAR\/AL SDS<\/a><\/td>\n<\/tr>\n<\/tbody>\n<\/table>\n<\/div>\n<\/div><\/div><\/div><\/div>\n","protected":false},"excerpt":{"rendered":"<p>UV-best\u00e4ndiger Klarlack<\/p>\n<p>Ein fortschrittlicher Klarlack, der ein ausgezeichnetes Hochglanzfinish in Form eines praktischen Sprays bietet. Ideal f\u00fcr punktuelle Reparaturen, z. B. an Kotfl\u00fcgeln, Sto\u00dff\u00e4ngerabdeckungen,<br \/>\nSpiegelabdeckungen und Zierleisten.<\/p>\n<p>\u2022 Hochgl\u00e4nzende Oberfl\u00e4che und exzellente Tiefe f\u00fcr eine nahtlose und gut verblendete Reparatur<br \/>\n\u2022 Schnell trocknend f\u00fcr erh\u00f6hte Produktivit\u00e4t und UV-best\u00e4ndig f\u00fcr au\u00dfergew\u00f6hnliche Haltbarkeit<br \/>\n\u2022 Kompatibel mit den meisten wasser- und l\u00f6sungsmittelbasierten Farbsystemen<\/p>\n<p><img decoding=\"async\" class=\"alignnone wp-image-126512 size-thumbnail\" src=\"https:\/\/u-pol.com\/wp-content\/uploads\/1200x675_Axalta_Axcess_logo-150x84.png\" alt=\"\" width=\"150\" height=\"84\" srcset=\"https:\/\/u-pol.com\/wp-content\/uploads\/1200x675_Axalta_Axcess_logo-150x84.png 150w, https:\/\/u-pol.com\/wp-content\/uploads\/1200x675_Axalta_Axcess_logo-200x113.png 200w, https:\/\/u-pol.com\/wp-content\/uploads\/1200x675_Axalta_Axcess_logo-400x225.png 400w, https:\/\/u-pol.com\/wp-content\/uploads\/1200x675_Axalta_Axcess_logo-500x281.png 500w, https:\/\/u-pol.com\/wp-content\/uploads\/1200x675_Axalta_Axcess_logo-512x288.png 512w, https:\/\/u-pol.com\/wp-content\/uploads\/1200x675_Axalta_Axcess_logo-600x338.png 600w, https:\/\/u-pol.com\/wp-content\/uploads\/1200x675_Axalta_Axcess_logo-700x394.png 700w, https:\/\/u-pol.com\/wp-content\/uploads\/1200x675_Axalta_Axcess_logo-768x432.png 768w, https:\/\/u-pol.com\/wp-content\/uploads\/1200x675_Axalta_Axcess_logo-800x450.png 800w, https:\/\/u-pol.com\/wp-content\/uploads\/1200x675_Axalta_Axcess_logo-1024x576.png 1024w, https:\/\/u-pol.com\/wp-content\/uploads\/1200x675_Axalta_Axcess_logo.png 1200w\" sizes=\"(max-width: 150px) 100vw, 150px\" \/><\/p>\n<p>*Axalta partners can purchase U-Pol products directly from <a href=\"https:\/\/u-pol.com\/de\/axalta-axcess\/\">Axalta Axcess &#8211; U-Pol<\/a><\/p>\n","protected":false},"featured_media":47856,"template":"","meta":[],"product_brand":[],"product_cat":[1408,1412],"product_tag":[1342],"class_list":{"0":"post-62307","1":"product","2":"type-product","3":"status-publish","4":"has-post-thumbnail","6":"product_cat-sprays","7":"product_cat-sprays-premium","8":"product_tag-premium-aerosols-de","10":"first","11":"instock","12":"downloadable","13":"virtual","14":"sold-individually","15":"product-type-simple"},"yoast_head":"<title>CLEAR#1 UV-best\u00e4ndiger Klarlack - U-Pol<\/title>\n<meta name=\"description\" content=\"Advanced clearcoat that gives an excellent high gloss finish with UV resistance and durability. Ideal for spot repairs, wing mirror covers, door handles and mouldings.\" \/>\n<meta name=\"robots\" content=\"index, follow, max-snippet:-1, max-image-preview:large, max-video-preview:-1\" \/>\n<link rel=\"canonical\" href=\"https:\/\/u-pol.com\/de\/product\/sprays\/sprays-premium\/clear1-uv-resistant-clearcoat\/\" \/>\n<meta property=\"og:locale\" content=\"de_DE\" \/>\n<meta property=\"og:type\" content=\"article\" \/>\n<meta property=\"og:title\" content=\"CLEAR#1 UV-best\u00e4ndiger Klarlack - U-Pol\" \/>\n<meta property=\"og:description\" content=\"Advanced clearcoat that gives an excellent high gloss finish with UV resistance and durability. Ideal for spot repairs, wing mirror covers, door handles and mouldings.\" \/>\n<meta property=\"og:url\" content=\"https:\/\/u-pol.com\/de\/product\/sprays\/sprays-premium\/clear1-uv-resistant-clearcoat\/\" \/>\n<meta property=\"og:site_name\" content=\"U-Pol\" \/>\n<meta property=\"article:publisher\" content=\"https:\/\/www.facebook.com\/U-POL-UK-409641822803819\/\" \/>\n<meta property=\"article:modified_time\" content=\"2025-11-11T11:29:53+00:00\" \/>\n<meta property=\"og:image\" content=\"https:\/\/u-pol.com\/wp-content\/uploads\/CLEAR-1-UV-Resistant-Clearcoat.jpg\" \/>\n\t<meta property=\"og:image:width\" content=\"500\" \/>\n\t<meta property=\"og:image:height\" content=\"500\" \/>\n\t<meta property=\"og:image:type\" content=\"image\/jpeg\" \/>\n<meta name=\"twitter:card\" content=\"summary_large_image\" \/>\n<meta name=\"twitter:site\" content=\"@UpolUK\" \/>\n<meta name=\"twitter:label1\" content=\"Gesch\u00e4tzte Lesezeit\" \/>\n\t<meta name=\"twitter:data1\" content=\"3\u00a0Minuten\" \/>\n<script type=\"application\/ld+json\" class=\"yoast-schema-graph\">{\"@context\":\"https:\/\/schema.org\",\"@graph\":[{\"@type\":\"WebPage\",\"@id\":\"https:\/\/u-pol.com\/de\/product\/sprays\/sprays-premium\/clear1-uv-resistant-clearcoat\/\",\"url\":\"https:\/\/u-pol.com\/de\/product\/sprays\/sprays-premium\/clear1-uv-resistant-clearcoat\/\",\"name\":\"CLEAR#1 UV-best\u00e4ndiger Klarlack - U-Pol\",\"isPartOf\":{\"@id\":\"https:\/\/u-pol.com\/de\/#website\"},\"primaryImageOfPage\":{\"@id\":\"https:\/\/u-pol.com\/de\/product\/sprays\/sprays-premium\/clear1-uv-resistant-clearcoat\/#primaryimage\"},\"image\":{\"@id\":\"https:\/\/u-pol.com\/de\/product\/sprays\/sprays-premium\/clear1-uv-resistant-clearcoat\/#primaryimage\"},\"thumbnailUrl\":\"https:\/\/u-pol.com\/wp-content\/uploads\/CLEAR-1-UV-Resistant-Clearcoat.jpg\",\"datePublished\":\"2022-04-04T13:55:57+00:00\",\"dateModified\":\"2025-11-11T11:29:53+00:00\",\"description\":\"Advanced clearcoat that gives an excellent high gloss finish with UV resistance and durability. Ideal for spot repairs, wing mirror covers, door handles and mouldings.\",\"breadcrumb\":{\"@id\":\"https:\/\/u-pol.com\/de\/product\/sprays\/sprays-premium\/clear1-uv-resistant-clearcoat\/#breadcrumb\"},\"inLanguage\":\"de\",\"potentialAction\":[{\"@type\":\"ReadAction\",\"target\":[\"https:\/\/u-pol.com\/de\/product\/sprays\/sprays-premium\/clear1-uv-resistant-clearcoat\/\"]}]},{\"@type\":\"ImageObject\",\"inLanguage\":\"de\",\"@id\":\"https:\/\/u-pol.com\/de\/product\/sprays\/sprays-premium\/clear1-uv-resistant-clearcoat\/#primaryimage\",\"url\":\"https:\/\/u-pol.com\/wp-content\/uploads\/CLEAR-1-UV-Resistant-Clearcoat.jpg\",\"contentUrl\":\"https:\/\/u-pol.com\/wp-content\/uploads\/CLEAR-1-UV-Resistant-Clearcoat.jpg\",\"width\":500,\"height\":500,\"caption\":\"CLEAR#1 UV Resistant Clearcoat\"},{\"@type\":\"BreadcrumbList\",\"@id\":\"https:\/\/u-pol.com\/de\/product\/sprays\/sprays-premium\/clear1-uv-resistant-clearcoat\/#breadcrumb\",\"itemListElement\":[{\"@type\":\"ListItem\",\"position\":1,\"name\":\"Home\",\"item\":\"https:\/\/u-pol.com\/de\/\"},{\"@type\":\"ListItem\",\"position\":2,\"name\":\"Shop\",\"item\":\"https:\/\/u-pol.com\/?page_id=235\"},{\"@type\":\"ListItem\",\"position\":3,\"name\":\"CLEAR#1 UV-best\u00e4ndiger Klarlack\"}]},{\"@type\":\"WebSite\",\"@id\":\"https:\/\/u-pol.com\/de\/#website\",\"url\":\"https:\/\/u-pol.com\/de\/\",\"name\":\"U-Pol\",\"description\":\"\",\"publisher\":{\"@id\":\"https:\/\/u-pol.com\/de\/#organization\"},\"potentialAction\":[{\"@type\":\"SearchAction\",\"target\":{\"@type\":\"EntryPoint\",\"urlTemplate\":\"https:\/\/u-pol.com\/de\/?s={search_term_string}\"},\"query-input\":{\"@type\":\"PropertyValueSpecification\",\"valueRequired\":true,\"valueName\":\"search_term_string\"}}],\"inLanguage\":\"de\"},{\"@type\":\"Organization\",\"@id\":\"https:\/\/u-pol.com\/de\/#organization\",\"name\":\"U-POL\",\"url\":\"https:\/\/u-pol.com\/de\/\",\"logo\":{\"@type\":\"ImageObject\",\"inLanguage\":\"de\",\"@id\":\"https:\/\/u-pol.com\/de\/#\/schema\/logo\/image\/\",\"url\":\"https:\/\/u-pol.com\/wp-content\/uploads\/UPOL-sticky-bLogo.png\",\"contentUrl\":\"https:\/\/u-pol.com\/wp-content\/uploads\/UPOL-sticky-bLogo.png\",\"width\":125,\"height\":75,\"caption\":\"U-POL\"},\"image\":{\"@id\":\"https:\/\/u-pol.com\/de\/#\/schema\/logo\/image\/\"},\"sameAs\":[\"https:\/\/www.facebook.com\/U-POL-UK-409641822803819\/\",\"https:\/\/x.com\/UpolUK\"]}]}<\/script>","yoast_head_json":{"title":"CLEAR#1 UV-best\u00e4ndiger Klarlack - U-Pol","description":"Advanced clearcoat that gives an excellent high gloss finish with UV resistance and durability. Ideal for spot repairs, wing mirror covers, door handles and mouldings.","robots":{"index":"index","follow":"follow","max-snippet":"max-snippet:-1","max-image-preview":"max-image-preview:large","max-video-preview":"max-video-preview:-1"},"canonical":"https:\/\/u-pol.com\/de\/product\/sprays\/sprays-premium\/clear1-uv-resistant-clearcoat\/","og_locale":"de_DE","og_type":"article","og_title":"CLEAR#1 UV-best\u00e4ndiger Klarlack - U-Pol","og_description":"Advanced clearcoat that gives an excellent high gloss finish with UV resistance and durability. Ideal for spot repairs, wing mirror covers, door handles and mouldings.","og_url":"https:\/\/u-pol.com\/de\/product\/sprays\/sprays-premium\/clear1-uv-resistant-clearcoat\/","og_site_name":"U-Pol","article_publisher":"https:\/\/www.facebook.com\/U-POL-UK-409641822803819\/","article_modified_time":"2025-11-11T11:29:53+00:00","og_image":[{"width":500,"height":500,"url":"https:\/\/u-pol.com\/wp-content\/uploads\/CLEAR-1-UV-Resistant-Clearcoat.jpg","type":"image\/jpeg"}],"twitter_card":"summary_large_image","twitter_site":"@UpolUK","twitter_misc":{"Gesch\u00e4tzte Lesezeit":"3\u00a0Minuten"},"schema":{"@context":"https:\/\/schema.org","@graph":[{"@type":"WebPage","@id":"https:\/\/u-pol.com\/de\/product\/sprays\/sprays-premium\/clear1-uv-resistant-clearcoat\/","url":"https:\/\/u-pol.com\/de\/product\/sprays\/sprays-premium\/clear1-uv-resistant-clearcoat\/","name":"CLEAR#1 UV-best\u00e4ndiger Klarlack - U-Pol","isPartOf":{"@id":"https:\/\/u-pol.com\/de\/#website"},"primaryImageOfPage":{"@id":"https:\/\/u-pol.com\/de\/product\/sprays\/sprays-premium\/clear1-uv-resistant-clearcoat\/#primaryimage"},"image":{"@id":"https:\/\/u-pol.com\/de\/product\/sprays\/sprays-premium\/clear1-uv-resistant-clearcoat\/#primaryimage"},"thumbnailUrl":"https:\/\/u-pol.com\/wp-content\/uploads\/CLEAR-1-UV-Resistant-Clearcoat.jpg","datePublished":"2022-04-04T13:55:57+00:00","dateModified":"2025-11-11T11:29:53+00:00","description":"Advanced clearcoat that gives an excellent high gloss finish with UV resistance and durability. Ideal for spot repairs, wing mirror covers, door handles and mouldings.","breadcrumb":{"@id":"https:\/\/u-pol.com\/de\/product\/sprays\/sprays-premium\/clear1-uv-resistant-clearcoat\/#breadcrumb"},"inLanguage":"de","potentialAction":[{"@type":"ReadAction","target":["https:\/\/u-pol.com\/de\/product\/sprays\/sprays-premium\/clear1-uv-resistant-clearcoat\/"]}]},{"@type":"ImageObject","inLanguage":"de","@id":"https:\/\/u-pol.com\/de\/product\/sprays\/sprays-premium\/clear1-uv-resistant-clearcoat\/#primaryimage","url":"https:\/\/u-pol.com\/wp-content\/uploads\/CLEAR-1-UV-Resistant-Clearcoat.jpg","contentUrl":"https:\/\/u-pol.com\/wp-content\/uploads\/CLEAR-1-UV-Resistant-Clearcoat.jpg","width":500,"height":500,"caption":"CLEAR#1 UV Resistant Clearcoat"},{"@type":"BreadcrumbList","@id":"https:\/\/u-pol.com\/de\/product\/sprays\/sprays-premium\/clear1-uv-resistant-clearcoat\/#breadcrumb","itemListElement":[{"@type":"ListItem","position":1,"name":"Home","item":"https:\/\/u-pol.com\/de\/"},{"@type":"ListItem","position":2,"name":"Shop","item":"https:\/\/u-pol.com\/?page_id=235"},{"@type":"ListItem","position":3,"name":"CLEAR#1 UV-best\u00e4ndiger Klarlack"}]},{"@type":"WebSite","@id":"https:\/\/u-pol.com\/de\/#website","url":"https:\/\/u-pol.com\/de\/","name":"U-Pol","description":"","publisher":{"@id":"https:\/\/u-pol.com\/de\/#organization"},"potentialAction":[{"@type":"SearchAction","target":{"@type":"EntryPoint","urlTemplate":"https:\/\/u-pol.com\/de\/?s={search_term_string}"},"query-input":{"@type":"PropertyValueSpecification","valueRequired":true,"valueName":"search_term_string"}}],"inLanguage":"de"},{"@type":"Organization","@id":"https:\/\/u-pol.com\/de\/#organization","name":"U-POL","url":"https:\/\/u-pol.com\/de\/","logo":{"@type":"ImageObject","inLanguage":"de","@id":"https:\/\/u-pol.com\/de\/#\/schema\/logo\/image\/","url":"https:\/\/u-pol.com\/wp-content\/uploads\/UPOL-sticky-bLogo.png","contentUrl":"https:\/\/u-pol.com\/wp-content\/uploads\/UPOL-sticky-bLogo.png","width":125,"height":75,"caption":"U-POL"},"image":{"@id":"https:\/\/u-pol.com\/de\/#\/schema\/logo\/image\/"},"sameAs":["https:\/\/www.facebook.com\/U-POL-UK-409641822803819\/","https:\/\/x.com\/UpolUK"]}]}},"_links":{"self":[{"href":"https:\/\/u-pol.com\/de\/wp-json\/wp\/v2\/product\/62307","targetHints":{"allow":["GET"]}}],"collection":[{"href":"https:\/\/u-pol.com\/de\/wp-json\/wp\/v2\/product"}],"about":[{"href":"https:\/\/u-pol.com\/de\/wp-json\/wp\/v2\/types\/product"}],"wp:featuredmedia":[{"embeddable":true,"href":"https:\/\/u-pol.com\/de\/wp-json\/wp\/v2\/media\/47856"}],"wp:attachment":[{"href":"https:\/\/u-pol.com\/de\/wp-json\/wp\/v2\/media?parent=62307"}],"wp:term":[{"taxonomy":"product_brand","embeddable":true,"href":"https:\/\/u-pol.com\/de\/wp-json\/wp\/v2\/product_brand?post=62307"},{"taxonomy":"product_cat","embeddable":true,"href":"https:\/\/u-pol.com\/de\/wp-json\/wp\/v2\/product_cat?post=62307"},{"taxonomy":"product_tag","embeddable":true,"href":"https:\/\/u-pol.com\/de\/wp-json\/wp\/v2\/product_tag?post=62307"}],"curies":[{"name":"wp","href":"https:\/\/api.w.org\/{rel}","templated":true}]}}