{"id":64386,"date":"2022-04-05T09:51:18","date_gmt":"2022-04-05T09:51:18","guid":{"rendered":"https:\/\/u-pol.com\/product\/uncategorized\/adhesion-promoter-2\/"},"modified":"2022-10-11T09:34:27","modified_gmt":"2022-10-11T09:34:27","slug":"adhesion-promoter-2","status":"publish","type":"product","link":"https:\/\/u-pol.com\/de\/product\/raptor-schutzlackierung-robuste-und-tonbare\/raptor-zubehor\/adhesion-promoter-2\/","title":{"rendered":"Haftmittel"},"content":{"rendered":"<div class=\"fusion-fullwidth fullwidth-box fusion-builder-row-1 fusion-flex-container nonhundred-percent-fullwidth non-hundred-percent-height-scrolling\" style=\"--awb-border-radius-top-left:0px;--awb-border-radius-top-right:0px;--awb-border-radius-bottom-right:0px;--awb-border-radius-bottom-left:0px;--awb-margin-top:20px;--awb-flex-wrap:wrap;\" ><div class=\"fusion-builder-row fusion-row fusion-flex-align-items-flex-start fusion-flex-content-wrap\" style=\"max-width:1203.6px;margin-left: calc(-2% \/ 2 );margin-right: calc(-2% \/ 2 );\"><div class=\"fusion-layout-column fusion_builder_column fusion-builder-column-0 fusion_builder_column_1_1 1_1 fusion-flex-column\" style=\"--awb-bg-size:cover;--awb-width-large:100%;--awb-margin-top-large:0px;--awb-spacing-right-large:0.98%;--awb-margin-bottom-large:20px;--awb-spacing-left-large:0.98%;--awb-width-medium:100%;--awb-order-medium:0;--awb-spacing-right-medium:0.98%;--awb-spacing-left-medium:0.98%;--awb-width-small:100%;--awb-order-small:0;--awb-spacing-right-small:0.98%;--awb-spacing-left-small:0.98%;\"><div class=\"fusion-column-wrapper fusion-column-has-shadow fusion-flex-justify-content-flex-start fusion-content-layout-column\">\n<div class=\"table-1\">\n<table width=\"100%\">\n<thead>\n<tr>\n<th align=\"left\">Teilnummer<\/th>\n<th align=\"left\">Gebindegr\u00f6\u00dfe<\/th>\n<th align=\"left\">Farbe<\/th>\n<th align=\"left\">VE<\/th>\n<th align=\"left\">Technisches Datenblatt<\/th>\n<th align=\"left\">Sicherheitsdatenblatt<\/th>\n<\/tr>\n<\/thead>\n<tbody>\n<tr>\n<td align=\"left\">RPTAP\/AL<\/td>\n<td align=\"left\">Spraydose 450 ml<\/td>\n<td align=\"left\">Klar<\/td>\n<td align=\"left\">6<\/td>\n<td align=\"left\"><a href=\"https:\/\/u-pol.com\/wp-content\/uploads\/RPTAPAL-TDS-DE_A.pdf\" target=\"_blank\" rel=\"noopener\">RPTAP\/AL TDS<\/a><\/td>\n<td align=\"left\"><a href=\"https:\/\/u-pol.com\/wp-content\/uploads\/RPTAPAL-SDS-DE.pdf\" target=\"_blank\" rel=\"noopener\">RPTAP\/AL SDS<\/a><\/td>\n<\/tr>\n<\/tbody>\n<\/table>\n<\/div>\n<\/div><\/div><\/div><\/div>\n","protected":false},"excerpt":{"rendered":"<p>U-POL bietet ein vollst\u00e4ndiges Sortiment an Zusatzprodukten f\u00fcr die Vorbereitung, Anwendung und Optimierung Ihrer RAPTOR-Applikation an. F\u00f6rdert die Lackhaftung auf den meisten Automobiloberfl\u00e4chen wie Kunststoff, Aluminium, verzinktem Stahl, Zink, lackierten Oberfl\u00e4chen, Fiberglas und auch Spachtel. Macht ein Abschleifen von Oberfl\u00e4chen in schwer zu schleifenden Bereichen (wie unter Motorhauben oder Kofferraumdeckeln) \u00fcberfl\u00fcssig.<\/p>\n<ul>\n<li>Exzellente Haftungseigenschaften<\/li>\n<li>Spr\u00fcht flach<\/li>\n<li>Kann mit den meisten wasser- oder l\u00f6sungsmittelbasierten Lacksystemen \u00fcberlackiert werden<\/li>\n<li>Dient als Schutzschicht gegen Abheben oder Angriffe durch L\u00f6sungsmittel<\/li>\n<\/ul>\n","protected":false},"featured_media":47896,"template":"","meta":[],"product_brand":[],"product_cat":[1431,1433],"product_tag":[1348],"class_list":{"0":"post-64386","1":"product","2":"type-product","3":"status-publish","4":"has-post-thumbnail","6":"product_cat-raptor-schutzlackierung-robuste-und-tonbare","7":"product_cat-raptor-zubehor","8":"product_tag-raptor-de","10":"first","11":"instock","12":"downloadable","13":"virtual","14":"sold-individually","15":"product-type-simple"},"yoast_head":"<title>Haftmittel - U-Pol<\/title>\n<meta name=\"description\" content=\"Promotes paint adhesion to most automotive surfaces, like plastics, aluminium, galvanized metal, zinc, painted surfaces, fibreglass and bodyfillers.\" \/>\n<meta name=\"robots\" content=\"index, follow, max-snippet:-1, max-image-preview:large, max-video-preview:-1\" \/>\n<link rel=\"canonical\" href=\"https:\/\/u-pol.com\/de\/product\/raptor-schutzlackierung-robuste-und-tonbare\/raptor-zubehor\/adhesion-promoter-2\/\" \/>\n<meta property=\"og:locale\" content=\"de_DE\" \/>\n<meta property=\"og:type\" content=\"article\" \/>\n<meta property=\"og:title\" content=\"Haftmittel - U-Pol\" \/>\n<meta property=\"og:description\" content=\"Promotes paint adhesion to most automotive surfaces, like plastics, aluminium, galvanized metal, zinc, painted surfaces, fibreglass and bodyfillers.\" \/>\n<meta property=\"og:url\" content=\"https:\/\/u-pol.com\/de\/product\/raptor-schutzlackierung-robuste-und-tonbare\/raptor-zubehor\/adhesion-promoter-2\/\" \/>\n<meta property=\"og:site_name\" content=\"U-Pol\" \/>\n<meta property=\"article:publisher\" content=\"https:\/\/www.facebook.com\/U-POL-UK-409641822803819\/\" \/>\n<meta property=\"article:modified_time\" content=\"2022-10-11T09:34:27+00:00\" \/>\n<meta property=\"og:image\" content=\"https:\/\/u-pol.com\/wp-content\/uploads\/RPTAP-Adhesion-Promoter.jpg\" \/>\n\t<meta property=\"og:image:width\" content=\"500\" \/>\n\t<meta property=\"og:image:height\" content=\"500\" \/>\n\t<meta property=\"og:image:type\" content=\"image\/jpeg\" \/>\n<meta name=\"twitter:card\" content=\"summary_large_image\" \/>\n<meta name=\"twitter:site\" content=\"@UpolUK\" \/>\n<meta name=\"twitter:label1\" content=\"Gesch\u00e4tzte Lesezeit\" \/>\n\t<meta name=\"twitter:data1\" content=\"3\u00a0Minuten\" \/>\n<script type=\"application\/ld+json\" class=\"yoast-schema-graph\">{\"@context\":\"https:\/\/schema.org\",\"@graph\":[{\"@type\":\"WebPage\",\"@id\":\"https:\/\/u-pol.com\/de\/product\/raptor-schutzlackierung-robuste-und-tonbare\/raptor-zubehor\/adhesion-promoter-2\/\",\"url\":\"https:\/\/u-pol.com\/de\/product\/raptor-schutzlackierung-robuste-und-tonbare\/raptor-zubehor\/adhesion-promoter-2\/\",\"name\":\"Haftmittel - U-Pol\",\"isPartOf\":{\"@id\":\"https:\/\/u-pol.com\/de\/#website\"},\"primaryImageOfPage\":{\"@id\":\"https:\/\/u-pol.com\/de\/product\/raptor-schutzlackierung-robuste-und-tonbare\/raptor-zubehor\/adhesion-promoter-2\/#primaryimage\"},\"image\":{\"@id\":\"https:\/\/u-pol.com\/de\/product\/raptor-schutzlackierung-robuste-und-tonbare\/raptor-zubehor\/adhesion-promoter-2\/#primaryimage\"},\"thumbnailUrl\":\"https:\/\/u-pol.com\/wp-content\/uploads\/RPTAP-Adhesion-Promoter.jpg\",\"datePublished\":\"2022-04-05T09:51:18+00:00\",\"dateModified\":\"2022-10-11T09:34:27+00:00\",\"description\":\"Promotes paint adhesion to most automotive surfaces, like plastics, aluminium, galvanized metal, zinc, painted surfaces, fibreglass and bodyfillers.\",\"breadcrumb\":{\"@id\":\"https:\/\/u-pol.com\/de\/product\/raptor-schutzlackierung-robuste-und-tonbare\/raptor-zubehor\/adhesion-promoter-2\/#breadcrumb\"},\"inLanguage\":\"de\",\"potentialAction\":[{\"@type\":\"ReadAction\",\"target\":[\"https:\/\/u-pol.com\/de\/product\/raptor-schutzlackierung-robuste-und-tonbare\/raptor-zubehor\/adhesion-promoter-2\/\"]}]},{\"@type\":\"ImageObject\",\"inLanguage\":\"de\",\"@id\":\"https:\/\/u-pol.com\/de\/product\/raptor-schutzlackierung-robuste-und-tonbare\/raptor-zubehor\/adhesion-promoter-2\/#primaryimage\",\"url\":\"https:\/\/u-pol.com\/wp-content\/uploads\/RPTAP-Adhesion-Promoter.jpg\",\"contentUrl\":\"https:\/\/u-pol.com\/wp-content\/uploads\/RPTAP-Adhesion-Promoter.jpg\",\"width\":500,\"height\":500,\"caption\":\"Adhesion Promoter\"},{\"@type\":\"BreadcrumbList\",\"@id\":\"https:\/\/u-pol.com\/de\/product\/raptor-schutzlackierung-robuste-und-tonbare\/raptor-zubehor\/adhesion-promoter-2\/#breadcrumb\",\"itemListElement\":[{\"@type\":\"ListItem\",\"position\":1,\"name\":\"Home\",\"item\":\"https:\/\/u-pol.com\/de\/\"},{\"@type\":\"ListItem\",\"position\":2,\"name\":\"Shop\",\"item\":\"https:\/\/u-pol.com\/?page_id=235\"},{\"@type\":\"ListItem\",\"position\":3,\"name\":\"Haftmittel\"}]},{\"@type\":\"WebSite\",\"@id\":\"https:\/\/u-pol.com\/de\/#website\",\"url\":\"https:\/\/u-pol.com\/de\/\",\"name\":\"U-Pol\",\"description\":\"\",\"publisher\":{\"@id\":\"https:\/\/u-pol.com\/de\/#organization\"},\"potentialAction\":[{\"@type\":\"SearchAction\",\"target\":{\"@type\":\"EntryPoint\",\"urlTemplate\":\"https:\/\/u-pol.com\/de\/?s={search_term_string}\"},\"query-input\":{\"@type\":\"PropertyValueSpecification\",\"valueRequired\":true,\"valueName\":\"search_term_string\"}}],\"inLanguage\":\"de\"},{\"@type\":\"Organization\",\"@id\":\"https:\/\/u-pol.com\/de\/#organization\",\"name\":\"U-POL\",\"url\":\"https:\/\/u-pol.com\/de\/\",\"logo\":{\"@type\":\"ImageObject\",\"inLanguage\":\"de\",\"@id\":\"https:\/\/u-pol.com\/de\/#\/schema\/logo\/image\/\",\"url\":\"https:\/\/u-pol.com\/wp-content\/uploads\/UPOL-sticky-bLogo.png\",\"contentUrl\":\"https:\/\/u-pol.com\/wp-content\/uploads\/UPOL-sticky-bLogo.png\",\"width\":125,\"height\":75,\"caption\":\"U-POL\"},\"image\":{\"@id\":\"https:\/\/u-pol.com\/de\/#\/schema\/logo\/image\/\"},\"sameAs\":[\"https:\/\/www.facebook.com\/U-POL-UK-409641822803819\/\",\"https:\/\/x.com\/UpolUK\"]}]}<\/script>","yoast_head_json":{"title":"Haftmittel - U-Pol","description":"Promotes paint adhesion to most automotive surfaces, like plastics, aluminium, galvanized metal, zinc, painted surfaces, fibreglass and bodyfillers.","robots":{"index":"index","follow":"follow","max-snippet":"max-snippet:-1","max-image-preview":"max-image-preview:large","max-video-preview":"max-video-preview:-1"},"canonical":"https:\/\/u-pol.com\/de\/product\/raptor-schutzlackierung-robuste-und-tonbare\/raptor-zubehor\/adhesion-promoter-2\/","og_locale":"de_DE","og_type":"article","og_title":"Haftmittel - U-Pol","og_description":"Promotes paint adhesion to most automotive surfaces, like plastics, aluminium, galvanized metal, zinc, painted surfaces, fibreglass and bodyfillers.","og_url":"https:\/\/u-pol.com\/de\/product\/raptor-schutzlackierung-robuste-und-tonbare\/raptor-zubehor\/adhesion-promoter-2\/","og_site_name":"U-Pol","article_publisher":"https:\/\/www.facebook.com\/U-POL-UK-409641822803819\/","article_modified_time":"2022-10-11T09:34:27+00:00","og_image":[{"width":500,"height":500,"url":"https:\/\/u-pol.com\/wp-content\/uploads\/RPTAP-Adhesion-Promoter.jpg","type":"image\/jpeg"}],"twitter_card":"summary_large_image","twitter_site":"@UpolUK","twitter_misc":{"Gesch\u00e4tzte Lesezeit":"3\u00a0Minuten"},"schema":{"@context":"https:\/\/schema.org","@graph":[{"@type":"WebPage","@id":"https:\/\/u-pol.com\/de\/product\/raptor-schutzlackierung-robuste-und-tonbare\/raptor-zubehor\/adhesion-promoter-2\/","url":"https:\/\/u-pol.com\/de\/product\/raptor-schutzlackierung-robuste-und-tonbare\/raptor-zubehor\/adhesion-promoter-2\/","name":"Haftmittel - U-Pol","isPartOf":{"@id":"https:\/\/u-pol.com\/de\/#website"},"primaryImageOfPage":{"@id":"https:\/\/u-pol.com\/de\/product\/raptor-schutzlackierung-robuste-und-tonbare\/raptor-zubehor\/adhesion-promoter-2\/#primaryimage"},"image":{"@id":"https:\/\/u-pol.com\/de\/product\/raptor-schutzlackierung-robuste-und-tonbare\/raptor-zubehor\/adhesion-promoter-2\/#primaryimage"},"thumbnailUrl":"https:\/\/u-pol.com\/wp-content\/uploads\/RPTAP-Adhesion-Promoter.jpg","datePublished":"2022-04-05T09:51:18+00:00","dateModified":"2022-10-11T09:34:27+00:00","description":"Promotes paint adhesion to most automotive surfaces, like plastics, aluminium, galvanized metal, zinc, painted surfaces, fibreglass and bodyfillers.","breadcrumb":{"@id":"https:\/\/u-pol.com\/de\/product\/raptor-schutzlackierung-robuste-und-tonbare\/raptor-zubehor\/adhesion-promoter-2\/#breadcrumb"},"inLanguage":"de","potentialAction":[{"@type":"ReadAction","target":["https:\/\/u-pol.com\/de\/product\/raptor-schutzlackierung-robuste-und-tonbare\/raptor-zubehor\/adhesion-promoter-2\/"]}]},{"@type":"ImageObject","inLanguage":"de","@id":"https:\/\/u-pol.com\/de\/product\/raptor-schutzlackierung-robuste-und-tonbare\/raptor-zubehor\/adhesion-promoter-2\/#primaryimage","url":"https:\/\/u-pol.com\/wp-content\/uploads\/RPTAP-Adhesion-Promoter.jpg","contentUrl":"https:\/\/u-pol.com\/wp-content\/uploads\/RPTAP-Adhesion-Promoter.jpg","width":500,"height":500,"caption":"Adhesion Promoter"},{"@type":"BreadcrumbList","@id":"https:\/\/u-pol.com\/de\/product\/raptor-schutzlackierung-robuste-und-tonbare\/raptor-zubehor\/adhesion-promoter-2\/#breadcrumb","itemListElement":[{"@type":"ListItem","position":1,"name":"Home","item":"https:\/\/u-pol.com\/de\/"},{"@type":"ListItem","position":2,"name":"Shop","item":"https:\/\/u-pol.com\/?page_id=235"},{"@type":"ListItem","position":3,"name":"Haftmittel"}]},{"@type":"WebSite","@id":"https:\/\/u-pol.com\/de\/#website","url":"https:\/\/u-pol.com\/de\/","name":"U-Pol","description":"","publisher":{"@id":"https:\/\/u-pol.com\/de\/#organization"},"potentialAction":[{"@type":"SearchAction","target":{"@type":"EntryPoint","urlTemplate":"https:\/\/u-pol.com\/de\/?s={search_term_string}"},"query-input":{"@type":"PropertyValueSpecification","valueRequired":true,"valueName":"search_term_string"}}],"inLanguage":"de"},{"@type":"Organization","@id":"https:\/\/u-pol.com\/de\/#organization","name":"U-POL","url":"https:\/\/u-pol.com\/de\/","logo":{"@type":"ImageObject","inLanguage":"de","@id":"https:\/\/u-pol.com\/de\/#\/schema\/logo\/image\/","url":"https:\/\/u-pol.com\/wp-content\/uploads\/UPOL-sticky-bLogo.png","contentUrl":"https:\/\/u-pol.com\/wp-content\/uploads\/UPOL-sticky-bLogo.png","width":125,"height":75,"caption":"U-POL"},"image":{"@id":"https:\/\/u-pol.com\/de\/#\/schema\/logo\/image\/"},"sameAs":["https:\/\/www.facebook.com\/U-POL-UK-409641822803819\/","https:\/\/x.com\/UpolUK"]}]}},"_links":{"self":[{"href":"https:\/\/u-pol.com\/de\/wp-json\/wp\/v2\/product\/64386","targetHints":{"allow":["GET"]}}],"collection":[{"href":"https:\/\/u-pol.com\/de\/wp-json\/wp\/v2\/product"}],"about":[{"href":"https:\/\/u-pol.com\/de\/wp-json\/wp\/v2\/types\/product"}],"wp:featuredmedia":[{"embeddable":true,"href":"https:\/\/u-pol.com\/de\/wp-json\/wp\/v2\/media\/47896"}],"wp:attachment":[{"href":"https:\/\/u-pol.com\/de\/wp-json\/wp\/v2\/media?parent=64386"}],"wp:term":[{"taxonomy":"product_brand","embeddable":true,"href":"https:\/\/u-pol.com\/de\/wp-json\/wp\/v2\/product_brand?post=64386"},{"taxonomy":"product_cat","embeddable":true,"href":"https:\/\/u-pol.com\/de\/wp-json\/wp\/v2\/product_cat?post=64386"},{"taxonomy":"product_tag","embeddable":true,"href":"https:\/\/u-pol.com\/de\/wp-json\/wp\/v2\/product_tag?post=64386"}],"curies":[{"name":"wp","href":"https:\/\/api.w.org\/{rel}","templated":true}]}}