{"id":96430,"date":"2024-07-16T12:27:33","date_gmt":"2024-07-16T12:27:33","guid":{"rendered":"https:\/\/u-pol.com\/?post_type=product&#038;p=96430"},"modified":"2025-11-11T10:42:29","modified_gmt":"2025-11-11T10:42:29","slug":"plastx","status":"publish","type":"product","link":"https:\/\/u-pol.com\/de\/product\/spachtel\/spezielle-reparaturen\/plastx\/","title":{"rendered":"PLASTX Kunststoffspachtel"},"content":{"rendered":"<div class=\"fusion-fullwidth fullwidth-box fusion-builder-row-1 fusion-flex-container nonhundred-percent-fullwidth non-hundred-percent-height-scrolling\" style=\"--awb-border-radius-top-left:0px;--awb-border-radius-top-right:0px;--awb-border-radius-bottom-right:0px;--awb-border-radius-bottom-left:0px;--awb-margin-top:20px;--awb-flex-wrap:wrap;\" ><div class=\"fusion-builder-row fusion-row fusion-flex-align-items-flex-start fusion-flex-content-wrap\" style=\"max-width:1203.6px;margin-left: calc(-2% \/ 2 );margin-right: calc(-2% \/ 2 );\"><div class=\"fusion-layout-column fusion_builder_column fusion-builder-column-0 fusion_builder_column_1_1 1_1 fusion-flex-column\" style=\"--awb-bg-size:cover;--awb-width-large:100%;--awb-margin-top-large:0px;--awb-spacing-right-large:0.98%;--awb-margin-bottom-large:20px;--awb-spacing-left-large:0.98%;--awb-width-medium:100%;--awb-order-medium:0;--awb-spacing-right-medium:0.98%;--awb-spacing-left-medium:0.98%;--awb-width-small:100%;--awb-order-small:0;--awb-spacing-right-small:0.98%;--awb-spacing-left-small:0.98%;\"><div class=\"fusion-column-wrapper fusion-column-has-shadow fusion-flex-justify-content-flex-start fusion-content-layout-column\">\n<div class=\"table-1\">\n<table width=\"100%\">\n<thead>\n<tr>\n<th align=\"left\">Artikelnummer<\/th>\n<th align=\"left\">Gebindegr\u00f6\u00dfe<\/th>\n<th align=\"left\">Farbe<\/th>\n<th align=\"left\">VE<\/th>\n<th align=\"left\">Technisches Datenblatt<\/th>\n<th align=\"left\">Sicherheitsdatenblatt<\/th>\n<\/tr>\n<\/thead>\n<tbody>\n<tr>\n<td align=\"left\">PLASTX\/6<\/td>\n<td align=\"left\">Dose 600mL<\/td>\n<td align=\"left\">Schwarz<\/td>\n<td align=\"left\">12<\/td>\n<td align=\"left\"><a href=\"https:\/\/u-pol.com\/wp-content\/uploads\/DE-PLASTX-2.pdf\">PLASTX\/6 TDS<\/a><\/td>\n<td align=\"left\"><a href=\"https:\/\/use-qa-inf-apiacs.azure-api.net\/publishedsds\/item\/24819\">PLASTX\/6 SDS<\/a><\/td>\n<\/tr>\n<\/tbody>\n<\/table>\n<\/div>\n<\/div><\/div><\/div><\/div>\n","protected":false},"excerpt":{"rendered":"<h3><strong>Hochflexibler Spachtel f\u00fcr Kunststoffe<\/strong><\/h3>\n<p>PLASTX wurde speziell unter Verwendung eines hochwertigen Harzsystems entwickelt, welches eine hohe Haftung und Flexibilit\u00e4t auf Kunststoffteilen bietet<br \/>\n\u2022 Hochflexibler Spachtel f\u00fcr Kunststoffe<br \/>\n\u2022 Speziell entwickelt f\u00fcr die Reparatur von Kunststoffteilen, die volle Flexibilit\u00e4t erfordern wie bspw. Sto\u00dfstangen<br \/>\n\u2022 Hervorragende Haftung an den meisten harten Kunststoffen, Glasfaser, SMC und blankem Stahl<br \/>\n\u2022 Leicht zu schleifen und zu formen<br \/>\n\u2022 Hervorragende \u00dcberg\u00e4nge an den Randzonen<\/p>\n<p><img decoding=\"async\" class=\"alignnone wp-image-126512 size-thumbnail\" src=\"https:\/\/u-pol.com\/wp-content\/uploads\/1200x675_Axalta_Axcess_logo-150x84.png\" alt=\"\" width=\"150\" height=\"84\" srcset=\"https:\/\/u-pol.com\/wp-content\/uploads\/1200x675_Axalta_Axcess_logo-150x84.png 150w, https:\/\/u-pol.com\/wp-content\/uploads\/1200x675_Axalta_Axcess_logo-200x113.png 200w, https:\/\/u-pol.com\/wp-content\/uploads\/1200x675_Axalta_Axcess_logo-400x225.png 400w, https:\/\/u-pol.com\/wp-content\/uploads\/1200x675_Axalta_Axcess_logo-500x281.png 500w, https:\/\/u-pol.com\/wp-content\/uploads\/1200x675_Axalta_Axcess_logo-512x288.png 512w, https:\/\/u-pol.com\/wp-content\/uploads\/1200x675_Axalta_Axcess_logo-600x338.png 600w, https:\/\/u-pol.com\/wp-content\/uploads\/1200x675_Axalta_Axcess_logo-700x394.png 700w, https:\/\/u-pol.com\/wp-content\/uploads\/1200x675_Axalta_Axcess_logo-768x432.png 768w, https:\/\/u-pol.com\/wp-content\/uploads\/1200x675_Axalta_Axcess_logo-800x450.png 800w, https:\/\/u-pol.com\/wp-content\/uploads\/1200x675_Axalta_Axcess_logo-1024x576.png 1024w, https:\/\/u-pol.com\/wp-content\/uploads\/1200x675_Axalta_Axcess_logo.png 1200w\" sizes=\"(max-width: 150px) 100vw, 150px\" \/><\/p>\n<p>*Axalta partners can purchase U-Pol products directly from <a href=\"https:\/\/u-pol.com\/de\/axalta-axcess\/\">Axalta Axcess &#8211; U-Pol<\/a><\/p>\n","protected":false},"featured_media":96056,"template":"","meta":[],"product_brand":[],"product_cat":[1425,1430],"product_tag":[],"class_list":{"0":"post-96430","1":"product","2":"type-product","3":"status-publish","4":"has-post-thumbnail","6":"product_cat-spachtel","7":"product_cat-spezielle-reparaturen","9":"first","10":"instock","11":"downloadable","12":"virtual","13":"sold-individually","14":"product-type-simple"},"yoast_head":"<title>PLASTX Kunststoffspachtel - U-Pol<\/title>\n<meta name=\"description\" content=\"Ein einkomponentiger, gebrauchsfertiger Polyurethan-Dichtstoff und -Klebstoff, der auf den meisten Materialien, einschlie\u00dflich Stahl, Aluminium und den meisten Kunststoffen, haftet.\" \/>\n<meta name=\"robots\" content=\"index, follow, max-snippet:-1, max-image-preview:large, max-video-preview:-1\" \/>\n<link rel=\"canonical\" href=\"https:\/\/u-pol.com\/de\/product\/spachtel\/spezielle-reparaturen\/plastx\/\" \/>\n<meta property=\"og:locale\" content=\"de_DE\" \/>\n<meta property=\"og:type\" content=\"article\" \/>\n<meta property=\"og:title\" content=\"PLASTX Kunststoffspachtel - U-Pol\" \/>\n<meta property=\"og:description\" content=\"Ein einkomponentiger, gebrauchsfertiger Polyurethan-Dichtstoff und -Klebstoff, der auf den meisten Materialien, einschlie\u00dflich Stahl, Aluminium und den meisten Kunststoffen, haftet.\" \/>\n<meta property=\"og:url\" content=\"https:\/\/u-pol.com\/de\/product\/spachtel\/spezielle-reparaturen\/plastx\/\" \/>\n<meta property=\"og:site_name\" content=\"U-Pol\" \/>\n<meta property=\"article:publisher\" content=\"https:\/\/www.facebook.com\/U-POL-UK-409641822803819\/\" \/>\n<meta property=\"article:modified_time\" content=\"2025-11-11T10:42:29+00:00\" \/>\n<meta property=\"og:image\" content=\"https:\/\/u-pol.com\/wp-content\/uploads\/PLASTX-6_PlastX-Flexible-Putty-for-Plastics-600mL.jpg\" \/>\n\t<meta property=\"og:image:width\" content=\"1200\" \/>\n\t<meta property=\"og:image:height\" content=\"1200\" \/>\n\t<meta property=\"og:image:type\" content=\"image\/jpeg\" \/>\n<meta name=\"twitter:card\" content=\"summary_large_image\" \/>\n<meta name=\"twitter:site\" content=\"@UpolUK\" \/>\n<meta name=\"twitter:label1\" content=\"Gesch\u00e4tzte Lesezeit\" \/>\n\t<meta name=\"twitter:data1\" content=\"3\u00a0Minuten\" \/>\n<script type=\"application\/ld+json\" class=\"yoast-schema-graph\">{\"@context\":\"https:\/\/schema.org\",\"@graph\":[{\"@type\":\"WebPage\",\"@id\":\"https:\/\/u-pol.com\/de\/product\/spachtel\/spezielle-reparaturen\/plastx\/\",\"url\":\"https:\/\/u-pol.com\/de\/product\/spachtel\/spezielle-reparaturen\/plastx\/\",\"name\":\"PLASTX Kunststoffspachtel - U-Pol\",\"isPartOf\":{\"@id\":\"https:\/\/u-pol.com\/de\/#website\"},\"primaryImageOfPage\":{\"@id\":\"https:\/\/u-pol.com\/de\/product\/spachtel\/spezielle-reparaturen\/plastx\/#primaryimage\"},\"image\":{\"@id\":\"https:\/\/u-pol.com\/de\/product\/spachtel\/spezielle-reparaturen\/plastx\/#primaryimage\"},\"thumbnailUrl\":\"https:\/\/u-pol.com\/wp-content\/uploads\/PLASTX-6_PlastX-Flexible-Putty-for-Plastics-600mL.jpg\",\"datePublished\":\"2024-07-16T12:27:33+00:00\",\"dateModified\":\"2025-11-11T10:42:29+00:00\",\"description\":\"Ein einkomponentiger, gebrauchsfertiger Polyurethan-Dichtstoff und -Klebstoff, der auf den meisten Materialien, einschlie\u00dflich Stahl, Aluminium und den meisten Kunststoffen, haftet.\",\"breadcrumb\":{\"@id\":\"https:\/\/u-pol.com\/de\/product\/spachtel\/spezielle-reparaturen\/plastx\/#breadcrumb\"},\"inLanguage\":\"de\",\"potentialAction\":[{\"@type\":\"ReadAction\",\"target\":[\"https:\/\/u-pol.com\/de\/product\/spachtel\/spezielle-reparaturen\/plastx\/\"]}]},{\"@type\":\"ImageObject\",\"inLanguage\":\"de\",\"@id\":\"https:\/\/u-pol.com\/de\/product\/spachtel\/spezielle-reparaturen\/plastx\/#primaryimage\",\"url\":\"https:\/\/u-pol.com\/wp-content\/uploads\/PLASTX-6_PlastX-Flexible-Putty-for-Plastics-600mL.jpg\",\"contentUrl\":\"https:\/\/u-pol.com\/wp-content\/uploads\/PLASTX-6_PlastX-Flexible-Putty-for-Plastics-600mL.jpg\",\"width\":1200,\"height\":1200},{\"@type\":\"BreadcrumbList\",\"@id\":\"https:\/\/u-pol.com\/de\/product\/spachtel\/spezielle-reparaturen\/plastx\/#breadcrumb\",\"itemListElement\":[{\"@type\":\"ListItem\",\"position\":1,\"name\":\"Home\",\"item\":\"https:\/\/u-pol.com\/de\/\"},{\"@type\":\"ListItem\",\"position\":2,\"name\":\"Shop\",\"item\":\"https:\/\/u-pol.com\/?page_id=235\"},{\"@type\":\"ListItem\",\"position\":3,\"name\":\"PLASTX Kunststoffspachtel\"}]},{\"@type\":\"WebSite\",\"@id\":\"https:\/\/u-pol.com\/de\/#website\",\"url\":\"https:\/\/u-pol.com\/de\/\",\"name\":\"U-Pol\",\"description\":\"\",\"publisher\":{\"@id\":\"https:\/\/u-pol.com\/de\/#organization\"},\"potentialAction\":[{\"@type\":\"SearchAction\",\"target\":{\"@type\":\"EntryPoint\",\"urlTemplate\":\"https:\/\/u-pol.com\/de\/?s={search_term_string}\"},\"query-input\":{\"@type\":\"PropertyValueSpecification\",\"valueRequired\":true,\"valueName\":\"search_term_string\"}}],\"inLanguage\":\"de\"},{\"@type\":\"Organization\",\"@id\":\"https:\/\/u-pol.com\/de\/#organization\",\"name\":\"U-POL\",\"url\":\"https:\/\/u-pol.com\/de\/\",\"logo\":{\"@type\":\"ImageObject\",\"inLanguage\":\"de\",\"@id\":\"https:\/\/u-pol.com\/de\/#\/schema\/logo\/image\/\",\"url\":\"https:\/\/u-pol.com\/wp-content\/uploads\/UPOL-sticky-bLogo.png\",\"contentUrl\":\"https:\/\/u-pol.com\/wp-content\/uploads\/UPOL-sticky-bLogo.png\",\"width\":125,\"height\":75,\"caption\":\"U-POL\"},\"image\":{\"@id\":\"https:\/\/u-pol.com\/de\/#\/schema\/logo\/image\/\"},\"sameAs\":[\"https:\/\/www.facebook.com\/U-POL-UK-409641822803819\/\",\"https:\/\/x.com\/UpolUK\"]}]}<\/script>","yoast_head_json":{"title":"PLASTX Kunststoffspachtel - U-Pol","description":"Ein einkomponentiger, gebrauchsfertiger Polyurethan-Dichtstoff und -Klebstoff, der auf den meisten Materialien, einschlie\u00dflich Stahl, Aluminium und den meisten Kunststoffen, haftet.","robots":{"index":"index","follow":"follow","max-snippet":"max-snippet:-1","max-image-preview":"max-image-preview:large","max-video-preview":"max-video-preview:-1"},"canonical":"https:\/\/u-pol.com\/de\/product\/spachtel\/spezielle-reparaturen\/plastx\/","og_locale":"de_DE","og_type":"article","og_title":"PLASTX Kunststoffspachtel - U-Pol","og_description":"Ein einkomponentiger, gebrauchsfertiger Polyurethan-Dichtstoff und -Klebstoff, der auf den meisten Materialien, einschlie\u00dflich Stahl, Aluminium und den meisten Kunststoffen, haftet.","og_url":"https:\/\/u-pol.com\/de\/product\/spachtel\/spezielle-reparaturen\/plastx\/","og_site_name":"U-Pol","article_publisher":"https:\/\/www.facebook.com\/U-POL-UK-409641822803819\/","article_modified_time":"2025-11-11T10:42:29+00:00","og_image":[{"width":1200,"height":1200,"url":"https:\/\/u-pol.com\/wp-content\/uploads\/PLASTX-6_PlastX-Flexible-Putty-for-Plastics-600mL.jpg","type":"image\/jpeg"}],"twitter_card":"summary_large_image","twitter_site":"@UpolUK","twitter_misc":{"Gesch\u00e4tzte Lesezeit":"3\u00a0Minuten"},"schema":{"@context":"https:\/\/schema.org","@graph":[{"@type":"WebPage","@id":"https:\/\/u-pol.com\/de\/product\/spachtel\/spezielle-reparaturen\/plastx\/","url":"https:\/\/u-pol.com\/de\/product\/spachtel\/spezielle-reparaturen\/plastx\/","name":"PLASTX Kunststoffspachtel - U-Pol","isPartOf":{"@id":"https:\/\/u-pol.com\/de\/#website"},"primaryImageOfPage":{"@id":"https:\/\/u-pol.com\/de\/product\/spachtel\/spezielle-reparaturen\/plastx\/#primaryimage"},"image":{"@id":"https:\/\/u-pol.com\/de\/product\/spachtel\/spezielle-reparaturen\/plastx\/#primaryimage"},"thumbnailUrl":"https:\/\/u-pol.com\/wp-content\/uploads\/PLASTX-6_PlastX-Flexible-Putty-for-Plastics-600mL.jpg","datePublished":"2024-07-16T12:27:33+00:00","dateModified":"2025-11-11T10:42:29+00:00","description":"Ein einkomponentiger, gebrauchsfertiger Polyurethan-Dichtstoff und -Klebstoff, der auf den meisten Materialien, einschlie\u00dflich Stahl, Aluminium und den meisten Kunststoffen, haftet.","breadcrumb":{"@id":"https:\/\/u-pol.com\/de\/product\/spachtel\/spezielle-reparaturen\/plastx\/#breadcrumb"},"inLanguage":"de","potentialAction":[{"@type":"ReadAction","target":["https:\/\/u-pol.com\/de\/product\/spachtel\/spezielle-reparaturen\/plastx\/"]}]},{"@type":"ImageObject","inLanguage":"de","@id":"https:\/\/u-pol.com\/de\/product\/spachtel\/spezielle-reparaturen\/plastx\/#primaryimage","url":"https:\/\/u-pol.com\/wp-content\/uploads\/PLASTX-6_PlastX-Flexible-Putty-for-Plastics-600mL.jpg","contentUrl":"https:\/\/u-pol.com\/wp-content\/uploads\/PLASTX-6_PlastX-Flexible-Putty-for-Plastics-600mL.jpg","width":1200,"height":1200},{"@type":"BreadcrumbList","@id":"https:\/\/u-pol.com\/de\/product\/spachtel\/spezielle-reparaturen\/plastx\/#breadcrumb","itemListElement":[{"@type":"ListItem","position":1,"name":"Home","item":"https:\/\/u-pol.com\/de\/"},{"@type":"ListItem","position":2,"name":"Shop","item":"https:\/\/u-pol.com\/?page_id=235"},{"@type":"ListItem","position":3,"name":"PLASTX Kunststoffspachtel"}]},{"@type":"WebSite","@id":"https:\/\/u-pol.com\/de\/#website","url":"https:\/\/u-pol.com\/de\/","name":"U-Pol","description":"","publisher":{"@id":"https:\/\/u-pol.com\/de\/#organization"},"potentialAction":[{"@type":"SearchAction","target":{"@type":"EntryPoint","urlTemplate":"https:\/\/u-pol.com\/de\/?s={search_term_string}"},"query-input":{"@type":"PropertyValueSpecification","valueRequired":true,"valueName":"search_term_string"}}],"inLanguage":"de"},{"@type":"Organization","@id":"https:\/\/u-pol.com\/de\/#organization","name":"U-POL","url":"https:\/\/u-pol.com\/de\/","logo":{"@type":"ImageObject","inLanguage":"de","@id":"https:\/\/u-pol.com\/de\/#\/schema\/logo\/image\/","url":"https:\/\/u-pol.com\/wp-content\/uploads\/UPOL-sticky-bLogo.png","contentUrl":"https:\/\/u-pol.com\/wp-content\/uploads\/UPOL-sticky-bLogo.png","width":125,"height":75,"caption":"U-POL"},"image":{"@id":"https:\/\/u-pol.com\/de\/#\/schema\/logo\/image\/"},"sameAs":["https:\/\/www.facebook.com\/U-POL-UK-409641822803819\/","https:\/\/x.com\/UpolUK"]}]}},"_links":{"self":[{"href":"https:\/\/u-pol.com\/de\/wp-json\/wp\/v2\/product\/96430","targetHints":{"allow":["GET"]}}],"collection":[{"href":"https:\/\/u-pol.com\/de\/wp-json\/wp\/v2\/product"}],"about":[{"href":"https:\/\/u-pol.com\/de\/wp-json\/wp\/v2\/types\/product"}],"wp:featuredmedia":[{"embeddable":true,"href":"https:\/\/u-pol.com\/de\/wp-json\/wp\/v2\/media\/96056"}],"wp:attachment":[{"href":"https:\/\/u-pol.com\/de\/wp-json\/wp\/v2\/media?parent=96430"}],"wp:term":[{"taxonomy":"product_brand","embeddable":true,"href":"https:\/\/u-pol.com\/de\/wp-json\/wp\/v2\/product_brand?post=96430"},{"taxonomy":"product_cat","embeddable":true,"href":"https:\/\/u-pol.com\/de\/wp-json\/wp\/v2\/product_cat?post=96430"},{"taxonomy":"product_tag","embeddable":true,"href":"https:\/\/u-pol.com\/de\/wp-json\/wp\/v2\/product_tag?post=96430"}],"curies":[{"name":"wp","href":"https:\/\/api.w.org\/{rel}","templated":true}]}}