{"id":117435,"date":"2025-06-13T13:53:58","date_gmt":"2025-06-13T13:53:58","guid":{"rendered":"https:\/\/u-pol.com\/primeros-micrositios\/"},"modified":"2025-07-14T15:01:33","modified_gmt":"2025-07-14T15:01:33","slug":"primeros-micrositios","status":"publish","type":"page","link":"https:\/\/u-pol.com\/es-us\/primeros-micrositios\/","title":{"rendered":"imprimaciones microsite"},"content":{"rendered":"<div class=\"fusion-fullwidth fullwidth-box fusion-builder-row-1 fusion-flex-container has-pattern-background has-mask-background nonhundred-percent-fullwidth non-hundred-percent-height-scrolling\" style=\"--awb-border-radius-top-left:0px;--awb-border-radius-top-right:0px;--awb-border-radius-bottom-right:0px;--awb-border-radius-bottom-left:0px;--awb-flex-wrap:wrap;\" ><div class=\"fusion-builder-row fusion-row fusion-flex-align-items-flex-start fusion-flex-content-wrap\" style=\"max-width:1203.6px;margin-left: calc(-2% \/ 2 );margin-right: calc(-2% \/ 2 );\"><div class=\"fusion-layout-column fusion_builder_column fusion-builder-column-0 fusion_builder_column_1_2 1_2 fusion-flex-column\" style=\"--awb-overflow:hidden;--awb-bg-color:#f37f00;--awb-bg-color-hover:#f37f00;--awb-bg-image:radial-gradient(circle at center center, #e03c31 50%,#f37f00 100%);--awb-bg-size:cover;--awb-border-radius:10px 10px 10px 10px;--awb-width-large:50%;--awb-margin-top-large:0px;--awb-spacing-right-large:1.96%;--awb-margin-bottom-large:20px;--awb-spacing-left-large:1.96%;--awb-width-medium:50%;--awb-order-medium:0;--awb-spacing-right-medium:1.96%;--awb-spacing-left-medium:1.96%;--awb-width-small:100%;--awb-order-small:0;--awb-spacing-right-small:0.98%;--awb-spacing-left-small:0.98%;\" data-scroll-devices=\"small-visibility,medium-visibility,large-visibility\"><div class=\"fusion-column-wrapper fusion-column-has-shadow fusion-flex-justify-content-space-between fusion-content-layout-column\"><div class=\"fusion-image-element \" style=\"text-align:center;--awb-margin-bottom:20px;--awb-caption-title-font-family:var(--h2_typography-font-family);--awb-caption-title-font-weight:var(--h2_typography-font-weight);--awb-caption-title-font-style:var(--h2_typography-font-style);--awb-caption-title-size:var(--h2_typography-font-size);--awb-caption-title-transform:var(--h2_typography-text-transform);--awb-caption-title-line-height:var(--h2_typography-line-height);--awb-caption-title-letter-spacing:var(--h2_typography-letter-spacing);\"><span class=\" fusion-imageframe imageframe-none imageframe-1 hover-type-none\"><img decoding=\"async\" width=\"2507\" height=\"2507\" title=\"Upol V1-06\" src=\"data:image\/svg+xml,%3Csvg%20xmlns%3D%27http%3A%2F%2Fwww.w3.org%2F2000%2Fsvg%27%20width%3D%272507%27%20height%3D%272507%27%20viewBox%3D%270%200%202507%202507%27%3E%3Crect%20width%3D%272507%27%20height%3D%272507%27%20fill-opacity%3D%220%22%2F%3E%3C%2Fsvg%3E\" data-orig-src=\"https:\/\/u-pol.com\/wp-content\/uploads\/Upol-V1-06-e1750165543388.jpg\" alt class=\"lazyload img-responsive wp-image-116123\"\/><\/span><\/div><div class=\"fusion-title title fusion-title-1 fusion-sep-none fusion-title-center fusion-title-text fusion-title-size-two\" style=\"--awb-text-color:var(--awb-color1);--awb-margin-right:32px;--awb-margin-left:32px;--awb-font-size:28px;\"><h2 class=\"fusion-title-heading title-heading-center\" style=\"margin:0;font-size:1em;\">\u00a1COMPRA AHORA IMPRIMACIONES EN AUTOZONE!<\/h2><\/div><div class=\"fusion-text fusion-text-1 fusion-text-no-margin\" style=\"--awb-content-alignment:center;--awb-font-size:16px;--awb-text-color:var(--awb-color1);--awb-margin-top:15px;--awb-margin-right:15px;--awb-margin-bottom:15px;--awb-margin-left:15px;\"><p>Nuestra gama EXPERT de imprimaciones en aerosol son f\u00e1cilmente lijables y est\u00e1n dise\u00f1adas para facilitar al m\u00e1ximo el arreglo de tu veh\u00edculo. Rellenan imperfecciones, evitan el \u00f3xido y funcionan de maravilla tanto en el interior como en el exterior.<\/p>\n<\/div><div style=\"text-align:center;\"><a class=\"fusion-button button-flat fusion-button-default-size button-custom fusion-button-default button-1 fusion-button-span-no fusion-button-default-type design-cta\" style=\"--button_accent_color:var(--awb-color7);--button_accent_hover_color:var(--awb-color6);--button_border_hover_color:rgba(255,255,255,0);--button-border-radius-top-left:5px;--button-border-radius-top-right:5px;--button-border-radius-bottom-right:5px;--button-border-radius-bottom-left:5px;--button_gradient_top_color:var(--awb-color1);--button_gradient_bottom_color:var(--awb-color1);--button_gradient_top_color_hover:var(--awb-color1);--button_gradient_bottom_color_hover:var(--awb-color1);--button_text_transform:uppercase;--button_font_size:22px;--button_padding-top:12px;--button_padding-right:15%;--button_padding-bottom:12px;--button_padding-left:15%;--button_typography-font-family:&quot;Handel Gothic Compres Medium&quot;;--button_typography-font-style:normal;--button_typography-font-weight:400;--button_margin-top:20px;--button_margin-right:32px;--button_margin-bottom:32px;--button_margin-left:32px;\" target=\"_self\" href=\"https:\/\/www.autozone.com\/paint-and-body\/primer\/b\/brand\/u-pol?intcmp=BPP:CTA:4:20230315:00000000:PBD:UPOL-Primer\"><span class=\"fusion-button-text awb-button__text awb-button__text--default\">Descubre<\/span><\/a><\/div><\/div><\/div><div class=\"fusion-layout-column fusion_builder_column fusion-builder-column-1 fusion_builder_column_1_2 1_2 fusion-flex-column\" style=\"--awb-overflow:hidden;--awb-bg-color:#f37f00;--awb-bg-color-hover:#f37f00;--awb-bg-image:radial-gradient(circle at center center, #009d57 50%,green 100%);--awb-bg-size:cover;--awb-border-radius:10px 10px 10px 10px;--awb-width-large:50%;--awb-margin-top-large:0px;--awb-spacing-right-large:1.96%;--awb-margin-bottom-large:20px;--awb-spacing-left-large:1.96%;--awb-width-medium:50%;--awb-order-medium:0;--awb-spacing-right-medium:1.96%;--awb-spacing-left-medium:1.96%;--awb-width-small:100%;--awb-order-small:0;--awb-spacing-right-small:0.98%;--awb-spacing-left-small:0.98%;\" data-scroll-devices=\"small-visibility,medium-visibility,large-visibility\"><div class=\"fusion-column-wrapper fusion-column-has-shadow fusion-flex-justify-content-space-between fusion-content-layout-column\"><div class=\"fusion-image-element \" style=\"text-align:center;--awb-margin-bottom:20px;--awb-caption-title-font-family:var(--h2_typography-font-family);--awb-caption-title-font-weight:var(--h2_typography-font-weight);--awb-caption-title-font-style:var(--h2_typography-font-style);--awb-caption-title-size:var(--h2_typography-font-size);--awb-caption-title-transform:var(--h2_typography-text-transform);--awb-caption-title-line-height:var(--h2_typography-line-height);--awb-caption-title-letter-spacing:var(--h2_typography-letter-spacing);\"><span class=\" fusion-imageframe imageframe-none imageframe-2 hover-type-none\"><img decoding=\"async\" width=\"2560\" height=\"1707\" title=\"221206_UP0970_Fantastic_Sandable_Primer_0002 (1)\" src=\"data:image\/svg+xml,%3Csvg%20xmlns%3D%27http%3A%2F%2Fwww.w3.org%2F2000%2Fsvg%27%20width%3D%272560%27%20height%3D%271707%27%20viewBox%3D%270%200%202560%201707%27%3E%3Crect%20width%3D%272560%27%20height%3D%271707%27%20fill-opacity%3D%220%22%2F%3E%3C%2Fsvg%3E\" data-orig-src=\"https:\/\/u-pol.com\/wp-content\/uploads\/221206_UP0970_Fantastic_Sandable_Primer_0002-1-scaled-e1750165607140.jpg\" alt class=\"lazyload img-responsive wp-image-116136\"\/><\/span><\/div><div class=\"fusion-title title fusion-title-2 fusion-sep-none fusion-title-center fusion-title-text fusion-title-size-two\" style=\"--awb-text-color:var(--awb-color1);--awb-margin-right:32px;--awb-margin-left:32px;--awb-font-size:28px;\"><h2 class=\"fusion-title-heading title-heading-center\" style=\"margin:0;font-size:1em;\">\u00a1COMPRA AHORA IMPRIMACIONES EN O\u2019REILLY!<\/h2><\/div><div class=\"fusion-text fusion-text-2 fusion-text-no-margin\" style=\"--awb-content-alignment:center;--awb-font-size:16px;--awb-text-color:var(--awb-color1);--awb-margin-top:15px;--awb-margin-right:15px;--awb-margin-bottom:15px;--awb-margin-left:15px;\"><p>Nuestra gama FANTASTIC de imprimaciones en aerosol son f\u00e1cilmente lijables y est\u00e1n dise\u00f1adas para facilitar al m\u00e1ximo el arreglo de tu veh\u00edculo. Rellenan imperfecciones, evitan el \u00f3xido y funcionan de maravilla tanto en el interior como en el exterior.<\/p>\n<\/div><div style=\"text-align:center;\"><a class=\"fusion-button button-flat fusion-button-default-size button-custom fusion-button-default button-2 fusion-button-span-no fusion-button-default-type design-cta\" style=\"--button_accent_color:var(--awb-color7);--button_accent_hover_color:var(--awb-color6);--button_border_hover_color:rgba(255,255,255,0);--button-border-radius-top-left:5px;--button-border-radius-top-right:5px;--button-border-radius-bottom-right:5px;--button-border-radius-bottom-left:5px;--button_gradient_top_color:var(--awb-color1);--button_gradient_bottom_color:var(--awb-color1);--button_gradient_top_color_hover:var(--awb-color1);--button_gradient_bottom_color_hover:var(--awb-color1);--button_text_transform:uppercase;--button_font_size:22px;--button_padding-top:12px;--button_padding-right:15%;--button_padding-bottom:12px;--button_padding-left:15%;--button_typography-font-family:&quot;Handel Gothic Compres Medium&quot;;--button_typography-font-style:normal;--button_typography-font-weight:400;--button_margin-top:20px;--button_margin-right:32px;--button_margin-bottom:32px;--button_margin-left:32px;\" target=\"_self\" href=\"https:\/\/www.oreillyauto.com\/shop\/b\/paint---body\/paint\/aerosol-primer\/b34503cacbd9?Brands=U-POL_Fantastic\"><span class=\"fusion-button-text awb-button__text awb-button__text--default\">Descubre<\/span><\/a><\/div><\/div><\/div><\/div><\/div>\n","protected":false},"excerpt":{"rendered":"","protected":false},"author":22,"featured_media":0,"parent":0,"menu_order":0,"comment_status":"closed","ping_status":"closed","template":"","meta":{"footnotes":""},"class_list":["post-117435","page","type-page","status-publish","hentry"],"yoast_head":"<title>imprimaciones microsite - U-Pol<\/title>\n<meta name=\"description\" content=\"U-POL is a World leader in automotive refinishing products specializing in fillers, coatings, aerosols, adhesives and paint related products.\" \/>\n<meta name=\"robots\" content=\"index, follow, max-snippet:-1, max-image-preview:large, max-video-preview:-1\" \/>\n<link rel=\"canonical\" href=\"https:\/\/u-pol.com\/es-us\/primeros-micrositios\/\" \/>\n<meta property=\"og:locale\" content=\"es_ES\" \/>\n<meta property=\"og:type\" content=\"article\" \/>\n<meta property=\"og:title\" content=\"imprimaciones microsite - U-Pol\" \/>\n<meta property=\"og:description\" content=\"U-POL is a World leader in automotive refinishing products specializing in fillers, coatings, aerosols, adhesives and paint related products.\" \/>\n<meta property=\"og:url\" content=\"https:\/\/u-pol.com\/es-us\/primeros-micrositios\/\" \/>\n<meta property=\"og:site_name\" content=\"U-Pol\" \/>\n<meta property=\"article:publisher\" content=\"https:\/\/www.facebook.com\/U-POL-UK-409641822803819\/\" \/>\n<meta property=\"article:modified_time\" content=\"2025-07-14T15:01:33+00:00\" \/>\n<meta property=\"og:image\" content=\"https:\/\/u-pol.com\/wp-content\/uploads\/UPOL-ret-sticky-bLogo-1.png\" \/>\n\t<meta property=\"og:image:width\" content=\"250\" \/>\n\t<meta property=\"og:image:height\" content=\"150\" \/>\n\t<meta property=\"og:image:type\" content=\"image\/png\" \/>\n<meta name=\"twitter:card\" content=\"summary_large_image\" \/>\n<meta name=\"twitter:site\" content=\"@UpolUK\" \/>\n<meta name=\"twitter:label1\" content=\"Est. reading time\" \/>\n\t<meta name=\"twitter:data1\" content=\"19 minutes\" \/>\n<script type=\"application\/ld+json\" class=\"yoast-schema-graph\">{\"@context\":\"https:\/\/schema.org\",\"@graph\":[{\"@type\":\"WebPage\",\"@id\":\"https:\/\/u-pol.com\/es-us\/primeros-micrositios\/\",\"url\":\"https:\/\/u-pol.com\/es-us\/primeros-micrositios\/\",\"name\":\"imprimaciones microsite - U-Pol\",\"isPartOf\":{\"@id\":\"https:\/\/u-pol.com\/es-us\/#website\"},\"datePublished\":\"2025-06-13T13:53:58+00:00\",\"dateModified\":\"2025-07-14T15:01:33+00:00\",\"description\":\"U-POL is a World leader in automotive refinishing products specializing in fillers, coatings, aerosols, adhesives and paint related products.\",\"breadcrumb\":{\"@id\":\"https:\/\/u-pol.com\/es-us\/primeros-micrositios\/#breadcrumb\"},\"inLanguage\":\"es-US\",\"potentialAction\":[{\"@type\":\"ReadAction\",\"target\":[\"https:\/\/u-pol.com\/es-us\/primeros-micrositios\/\"]}]},{\"@type\":\"BreadcrumbList\",\"@id\":\"https:\/\/u-pol.com\/es-us\/primeros-micrositios\/#breadcrumb\",\"itemListElement\":[{\"@type\":\"ListItem\",\"position\":1,\"name\":\"Home\",\"item\":\"https:\/\/u-pol.com\/es-us\/\"},{\"@type\":\"ListItem\",\"position\":2,\"name\":\"imprimaciones microsite\"}]},{\"@type\":\"WebSite\",\"@id\":\"https:\/\/u-pol.com\/es-us\/#website\",\"url\":\"https:\/\/u-pol.com\/es-us\/\",\"name\":\"U-Pol\",\"description\":\"\",\"publisher\":{\"@id\":\"https:\/\/u-pol.com\/es-us\/#organization\"},\"potentialAction\":[{\"@type\":\"SearchAction\",\"target\":{\"@type\":\"EntryPoint\",\"urlTemplate\":\"https:\/\/u-pol.com\/es-us\/?s={search_term_string}\"},\"query-input\":{\"@type\":\"PropertyValueSpecification\",\"valueRequired\":true,\"valueName\":\"search_term_string\"}}],\"inLanguage\":\"es-US\"},{\"@type\":\"Organization\",\"@id\":\"https:\/\/u-pol.com\/es-us\/#organization\",\"name\":\"U-POL\",\"url\":\"https:\/\/u-pol.com\/es-us\/\",\"logo\":{\"@type\":\"ImageObject\",\"inLanguage\":\"es-US\",\"@id\":\"https:\/\/u-pol.com\/es-us\/#\/schema\/logo\/image\/\",\"url\":\"https:\/\/u-pol.com\/wp-content\/uploads\/UPOL-sticky-bLogo.png\",\"contentUrl\":\"https:\/\/u-pol.com\/wp-content\/uploads\/UPOL-sticky-bLogo.png\",\"width\":125,\"height\":75,\"caption\":\"U-POL\"},\"image\":{\"@id\":\"https:\/\/u-pol.com\/es-us\/#\/schema\/logo\/image\/\"},\"sameAs\":[\"https:\/\/www.facebook.com\/U-POL-UK-409641822803819\/\",\"https:\/\/x.com\/UpolUK\"]}]}<\/script>","yoast_head_json":{"title":"imprimaciones microsite - U-Pol","description":"U-POL is a World leader in automotive refinishing products specializing in fillers, coatings, aerosols, adhesives and paint related products.","robots":{"index":"index","follow":"follow","max-snippet":"max-snippet:-1","max-image-preview":"max-image-preview:large","max-video-preview":"max-video-preview:-1"},"canonical":"https:\/\/u-pol.com\/es-us\/primeros-micrositios\/","og_locale":"es_ES","og_type":"article","og_title":"imprimaciones microsite - U-Pol","og_description":"U-POL is a World leader in automotive refinishing products specializing in fillers, coatings, aerosols, adhesives and paint related products.","og_url":"https:\/\/u-pol.com\/es-us\/primeros-micrositios\/","og_site_name":"U-Pol","article_publisher":"https:\/\/www.facebook.com\/U-POL-UK-409641822803819\/","article_modified_time":"2025-07-14T15:01:33+00:00","og_image":[{"width":250,"height":150,"url":"https:\/\/u-pol.com\/wp-content\/uploads\/UPOL-ret-sticky-bLogo-1.png","type":"image\/png"}],"twitter_card":"summary_large_image","twitter_site":"@UpolUK","twitter_misc":{"Est. reading time":"19 minutes"},"schema":{"@context":"https:\/\/schema.org","@graph":[{"@type":"WebPage","@id":"https:\/\/u-pol.com\/es-us\/primeros-micrositios\/","url":"https:\/\/u-pol.com\/es-us\/primeros-micrositios\/","name":"imprimaciones microsite - U-Pol","isPartOf":{"@id":"https:\/\/u-pol.com\/es-us\/#website"},"datePublished":"2025-06-13T13:53:58+00:00","dateModified":"2025-07-14T15:01:33+00:00","description":"U-POL is a World leader in automotive refinishing products specializing in fillers, coatings, aerosols, adhesives and paint related products.","breadcrumb":{"@id":"https:\/\/u-pol.com\/es-us\/primeros-micrositios\/#breadcrumb"},"inLanguage":"es-US","potentialAction":[{"@type":"ReadAction","target":["https:\/\/u-pol.com\/es-us\/primeros-micrositios\/"]}]},{"@type":"BreadcrumbList","@id":"https:\/\/u-pol.com\/es-us\/primeros-micrositios\/#breadcrumb","itemListElement":[{"@type":"ListItem","position":1,"name":"Home","item":"https:\/\/u-pol.com\/es-us\/"},{"@type":"ListItem","position":2,"name":"imprimaciones microsite"}]},{"@type":"WebSite","@id":"https:\/\/u-pol.com\/es-us\/#website","url":"https:\/\/u-pol.com\/es-us\/","name":"U-Pol","description":"","publisher":{"@id":"https:\/\/u-pol.com\/es-us\/#organization"},"potentialAction":[{"@type":"SearchAction","target":{"@type":"EntryPoint","urlTemplate":"https:\/\/u-pol.com\/es-us\/?s={search_term_string}"},"query-input":{"@type":"PropertyValueSpecification","valueRequired":true,"valueName":"search_term_string"}}],"inLanguage":"es-US"},{"@type":"Organization","@id":"https:\/\/u-pol.com\/es-us\/#organization","name":"U-POL","url":"https:\/\/u-pol.com\/es-us\/","logo":{"@type":"ImageObject","inLanguage":"es-US","@id":"https:\/\/u-pol.com\/es-us\/#\/schema\/logo\/image\/","url":"https:\/\/u-pol.com\/wp-content\/uploads\/UPOL-sticky-bLogo.png","contentUrl":"https:\/\/u-pol.com\/wp-content\/uploads\/UPOL-sticky-bLogo.png","width":125,"height":75,"caption":"U-POL"},"image":{"@id":"https:\/\/u-pol.com\/es-us\/#\/schema\/logo\/image\/"},"sameAs":["https:\/\/www.facebook.com\/U-POL-UK-409641822803819\/","https:\/\/x.com\/UpolUK"]}]}},"_links":{"self":[{"href":"https:\/\/u-pol.com\/es-us\/wp-json\/wp\/v2\/pages\/117435","targetHints":{"allow":["GET"]}}],"collection":[{"href":"https:\/\/u-pol.com\/es-us\/wp-json\/wp\/v2\/pages"}],"about":[{"href":"https:\/\/u-pol.com\/es-us\/wp-json\/wp\/v2\/types\/page"}],"author":[{"embeddable":true,"href":"https:\/\/u-pol.com\/es-us\/wp-json\/wp\/v2\/users\/22"}],"replies":[{"embeddable":true,"href":"https:\/\/u-pol.com\/es-us\/wp-json\/wp\/v2\/comments?post=117435"}],"version-history":[{"count":5,"href":"https:\/\/u-pol.com\/es-us\/wp-json\/wp\/v2\/pages\/117435\/revisions"}],"predecessor-version":[{"id":117716,"href":"https:\/\/u-pol.com\/es-us\/wp-json\/wp\/v2\/pages\/117435\/revisions\/117716"}],"wp:attachment":[{"href":"https:\/\/u-pol.com\/es-us\/wp-json\/wp\/v2\/media?parent=117435"}],"curies":[{"name":"wp","href":"https:\/\/api.w.org\/{rel}","templated":true}]}}