{"id":12557,"date":"2022-03-01T16:35:49","date_gmt":"2022-03-01T16:35:49","guid":{"rendered":"https:\/\/upol.darkgrey.eu\/politica-de-privacidad\/"},"modified":"2022-05-31T07:43:38","modified_gmt":"2022-05-31T07:43:38","slug":"politica-de-privacidad","status":"publish","type":"page","link":"https:\/\/u-pol.com\/es-us\/politica-de-privacidad\/","title":{"rendered":"Pol\u00edtica de Privacidad"},"content":{"rendered":"<div class=\"fusion-fullwidth fullwidth-box fusion-builder-row-1 fusion-flex-container nonhundred-percent-fullwidth non-hundred-percent-height-scrolling\" style=\"--awb-border-radius-top-left:0px;--awb-border-radius-top-right:0px;--awb-border-radius-bottom-right:0px;--awb-border-radius-bottom-left:0px;--awb-flex-wrap:wrap;\" ><div class=\"fusion-builder-row fusion-row fusion-flex-align-items-flex-start fusion-flex-content-wrap\" style=\"max-width:1203.6px;margin-left: calc(-2% \/ 2 );margin-right: calc(-2% \/ 2 );\"><div class=\"fusion-layout-column fusion_builder_column fusion-builder-column-0 fusion_builder_column_1_1 1_1 fusion-flex-column\" style=\"--awb-bg-size:cover;--awb-width-large:100%;--awb-margin-top-large:0px;--awb-spacing-right-large:0.98%;--awb-margin-bottom-large:20px;--awb-spacing-left-large:0.98%;--awb-width-medium:100%;--awb-order-medium:0;--awb-spacing-right-medium:0.98%;--awb-spacing-left-medium:0.98%;--awb-width-small:100%;--awb-order-small:0;--awb-spacing-right-small:0.98%;--awb-spacing-left-small:0.98%;\"><div class=\"fusion-column-wrapper fusion-column-has-shadow fusion-flex-justify-content-flex-start fusion-content-layout-column\"><div class=\"fusion-text fusion-text-1\" style=\"--awb-text-transform:none;\"><h1 style=\"text-align: left;\">Pol\u00edtica de Privacidad<\/h1>\n<h3 style=\"text-align: left;\">PUNTOS CLAVE<\/h3>\n<p style=\"text-align: left;\">Esta Pol\u00edtica de Privacidad es relevante para las personas que:<\/p>\n<ul style=\"text-align: left;\">\n<li>Utilicen nuestro sitio web o nuestra p\u00e1gina de redes sociales (por ejemplo, Facebook, Twitter) para enviar consultas o quejas generales;<\/li>\n<li>Asisten a nuestros eventos;<\/li>\n<li>Participen en nuestras competiciones; y<\/li>\n<li>Realizen nuestras encuestas.<\/li>\n<\/ul>\n<p style=\"text-align: left;\">Solo procesamos su informaci\u00f3n personal seg\u00fan sea necesario por la raz\u00f3n que nos la proporcion\u00f3.<br \/>\nUtilizamos cookies que recopilan datos personales en relaci\u00f3n con su uso del sitio web para mejorar los contenidos y la facilidad de uso de nuestro sitio web. Para obtener m\u00e1s informaci\u00f3n acerca de nuestras cookies, consulte nuestra <a href=\"https:\/\/u-pol.com\/es-us\/politica-de-cookies\/\" target=\"_blank\" rel=\"noopener\">Pol\u00edtica de Cookies<\/a>.<br \/>\nEsta Pol\u00edtica de Privacidad explica qu\u00e9 datos procesamos, por qu\u00e9, c\u00f3mo son legales y sus derechos.<\/p>\n<h3 style=\"text-align: left;\">SOBRE NOSOTROS Y ESTA POL\u00cdTICA DE PRIVACIDAD<\/h3>\n<p style=\"text-align: left;\">U-POL Limited (&#8220;<strong>U-POL<\/strong>&#8220;, &#8220;<strong>nosotros<\/strong>&#8220;) se compromete a proteger y respetar su privacidad. U-POL est\u00e1 registrado en el Reino Unido (n\u00famero de empresa 464919). Somos un &#8220;controlador&#8221; a los fines del Reglamento general de protecci\u00f3n de datos (UE) 2016\/679 y la Ley de protecci\u00f3n de datos del Reino Unido de 2018 (denominadas en conjunto como las &#8220;<strong>Leyes de protecci\u00f3n de datos<\/strong>&#8220;). Esta Pol\u00edtica de Privacidad se aplica a los datos personales que recopilamos en relaci\u00f3n con los siguientes servicios y procesos: consultas generales y quejas enviadas a U-POL, nuestros eventos y concursos, promociones y encuestas.<\/p>\n<p style=\"text-align: left;\">En esta Pol\u00edtica de Privacidad:<\/p>\n<ul style=\"text-align: left;\">\n<li>&#8216;\u201c<strong>Nosotros<\/strong>\u201d, \u201c<strong>nos&#8217;<\/strong>\u201d o \u201c<strong>nuestro<\/strong>\u201d significa U-POL Limited;<\/li>\n<li>\u201cEl sitio\u201d significa el\u00a0<a href=\"https:\/\/u-pol.com\/es-us\/\">Sitio Web de U-POL<\/a>\u00a0que est\u00e1 visitando o en el que participa; y<\/li>\n<li>&#8220;<strong>Usted<\/strong>&#8221; y &#8220;<strong>su<\/strong>&#8221; significa usted, la persona que se relaciona con nosotros, se registra en nuestros eventos o servicios o visita nuestro sitio.<\/li>\n<\/ul>\n<p style=\"text-align: left;\"><strong>C\u00f3mo contactarnos<\/strong><\/p>\n<p style=\"text-align: left;\" align=\"justify\">Si desea esta Pol\u00edtica de Privacidad en otro formato (por ejemplo: audio, letra grande, braille), comun\u00edquese con nosotros a los detalles a continuaci\u00f3n.<\/p>\n<ul style=\"text-align: left;\">\n<li><strong>Contacto<\/strong>: Privacy Manager &#8211; Mark Button<\/li>\n<li><strong>Direcci\u00f3n<\/strong>:\u00a0Dennington Road, Dennington Industrial Estate, Wellingborough, NN8 2QH, Reino-Unido<\/li>\n<li><strong>N\u00famero de tel\u00e9fono<\/strong>:\u00a0+44 (01933) 230341<\/li>\n<li><strong>Correo electr\u00f3nico<\/strong>:\u00a0Mark.Button@u-pol.com<\/li>\n<\/ul>\n<p style=\"text-align: left;\" align=\"justify\"><strong>Cambios a este Aviso de Privacidad<\/strong><\/p>\n<p style=\"text-align: left;\" align=\"justify\">La \u00faltima versi\u00f3n del Aviso de Privacidad se puede encontrar en\u00a0<a href=\"https:\/\/u-pol.com\/uk\/en-uk\/konfidencialnost-i-cookie-fajly\">https:\/\/u-pol.com\/uk\/en-uk\/konfidencialnost-i-cookie-fajly<\/a><\/p>\n<p style=\"text-align: left;\" align=\"justify\">Podemos cambiar esta Pol\u00edtica de Privacidad de vez en cuando. Le avisaremos en el sitio cuando se realicen cambios.<\/p>\n<h3 align=\"justify\">INFORMACI\u00d3N QUE RECOGEMOS Y PARA QU\u00c9 LO UTILIZAMOS<\/h3>\n<ul>\n<li>Visitantes del sitio web solamente<br \/>\nSi solo est\u00e1 navegando por nuestro sitio web, no recopilaremos datos personales que no sean la informaci\u00f3n recopilada a trav\u00e9s de nuestras <a href=\"https:\/\/u-pol.com\/es-us\/politica-de-cookies\/\" target=\"_blank\" rel=\"noopener\">cookies<\/a>.<\/li>\n<li>Consultas generales<br \/>\nProcesamos su nombre, detalles de contacto y detalles de la consulta cuando nos env\u00eda consultas sobre nuestra empresa u otras consultas generales. Utilizaremos esta informaci\u00f3n para responder a sus consultas.<\/li>\n<li>Nuestros eventos<br \/>\nRegularmente organizamos eventos para que los usuarios de nuestros productos conozcan nuestros productos y discutan las \u00faltimas caracteristicas clave. Procesamos su nombre, empresa, cargo, direcci\u00f3n, direcci\u00f3n de correo electr\u00f3nico y n\u00famero de tel\u00e9fono para organizar su asistencia a estos eventos. Adem\u00e1s, durante el evento en s\u00ed, le pediremos su opini\u00f3n sobre nuestros productos, c\u00f3mo se llev\u00f3 a cabo el evento y cualquier mejora que podamos hacer. Responder a esto es completamente opcional. Si, durante el evento, nos solicita que le enviemos informaci\u00f3n por correo electr\u00f3nico o por correo postal, recopilaremos su nombre y direcci\u00f3n postal \/ correo electr\u00f3nico para responder a su solicitud.<\/li>\n<li>Nuestras competiciones<br \/>\nRegularmente realizamos promociones y concursos para los usuarios de nuestros productos. Para participar, le pedimos su t\u00edtulo, nombre, empresa, direcci\u00f3n, tel\u00e9fono y correo electr\u00f3nico, as\u00ed como preguntas objetivas relacionadas con el uso de nuestros productos, como el n\u00famero de veh\u00edculos en los que trabaj\u00f3 una semana y sus preferencias, como su marca y producto de relleno preferido.<\/li>\n<li>Nuestras encuestas<br \/>\nRegularmente realizamos encuestas en las que solicitamos sus comentarios en relaci\u00f3n con nuestra marca, la calidad de la comunicaci\u00f3n que recibe de nosotros, comentarios sobre su experiencia con nuestro sitio web y productos, y preguntas sobre sus preferencias de compra.<\/li>\n<\/ul>\n<p align=\"justify\"><i>Categor\u00edas especiales de datos<br \/>\n<\/i>No recopilamos ninguna categor\u00eda especial de datos sobre usted a menos que decida proporcion\u00e1rnosla.<\/p>\n<p align=\"justify\"><i>Informaci\u00f3n personal sobre otros<br \/>\n<\/i>Si nos proporciona informaci\u00f3n en nombre de otra persona, confirma que la otra persona lo ha designado para actuar en su nombre y ha aceptado que puede hacerlo.<\/p>\n<\/div><div class=\"fusion-text fusion-text-2\" style=\"--awb-text-transform:none;\"><h3>\u00bfC\u00d3MO EL PROCESAMIENTO DE DATOS PERSONALES ES LEGAL?<\/h3>\n<p>Estamos autorizados a procesar sus datos personales en las siguientes bases legales:<\/p>\n<p><strong>Consultas generales y quejas a U-POL y encuestas.<\/strong><\/p>\n<ul>\n<li>Intereses leg\u00edtimos<br \/>\nSe nos permite procesar sus datos personales si se basan en nuestros &#8220;intereses leg\u00edtimos&#8221;, es decir, tenemos razones buenas, sensatas y pr\u00e1cticas para procesar sus datos personales que nos interesan. Para ello, hemos considerado el impacto en sus intereses y derechos, y hemos colocado las salvaguardas adecuadas para garantizar que la intrusi\u00f3n en su privacidad se reduzca lo m\u00e1s posible.<br \/>\nEn relaci\u00f3n con las consultas y quejas generales, el inter\u00e9s leg\u00edtimo de U-POL es proporcionar informaci\u00f3n sobre U-POL a posibles clientes, desarrollar nuevos negocios, hacer crecer las relaciones existentes, brindar una soluci\u00f3n a cualquier queja que puedan tener los clientes existentes. Solo utilizamos los datos que nos proporciona y solo utilizamos sus datos para responder a su consulta.<br \/>\nPuede objetar cualquiera de los procesos que llevamos a cabo por motivos de intereses leg\u00edtimos (consulte la secci\u00f3n &#8220;Sus derechos en relaci\u00f3n con sus datos personales&#8221; para saber c\u00f3mo).<\/li>\n<\/ul>\n<p><strong>Asistir a nuestros eventos<\/strong><\/p>\n<ul>\n<li>Consentimiento<br \/>\nEn relaci\u00f3n con el env\u00edo de invitaciones a nuestros eventos, podemos procesar sus datos personales sobre la base de su consentimiento. Si ya no desea recibirlos, haga clic en el enlace &#8220;cancelar suscripci\u00f3n&#8221; en los correos electr\u00f3nicos o p\u00f3ngase en contacto con nosotros utilizando los detalles en la secci\u00f3n &#8220;C\u00f3mo contactarnos&#8221;.<\/li>\n<\/ul>\n<h3><strong>QUI\u00c9N TENDR\u00c1 ACCESO A SUS DATOS PERSONALES<\/strong><\/h3>\n<p>Como cualquier empresa, utilizamos proveedores de servicios para operar nuestro sitio web, como el alojamiento de sitios web. Algunos de estos proveedores de servicios procesar\u00e1n sus datos personales como parte de los servicios que nos ofrecen. Tomamos medidas para asegurarnos de que nuestros proveedores de servicios traten sus datos de acuerdo con la ley, solo los utilicen de acuerdo con nuestro contrato con ellos y los mantengamos seguros.<\/p>\n<\/p>\n<div class=\"table-1\">\n<table width=\"100%\">\n<thead>\n<tr>\n<th align=\"left\">Procesadores<\/th>\n<th align=\"left\">Informaci\u00f3n personal<\/th>\n<\/tr>\n<\/thead>\n<tbody>\n<tr>\n<td align=\"left\">Nine Yards ltd.<\/td>\n<td align=\"left\">Construcci\u00f3n de E-mail y env\u00edo de publicidad digital y marketing general.<\/td>\n<\/tr>\n<tr>\n<td align=\"left\">Webpagesoftware Ltd<\/td>\n<td align=\"left\">Desarrollador web<\/td>\n<\/tr>\n<tr>\n<td align=\"left\">Amazon Web Services<\/td>\n<td align=\"left\">Servicios de alojamiento web<\/td>\n<\/tr>\n<\/tbody>\n<\/table>\n<\/div>\n<p>\n<p>Tambi\u00e9n compartimos los datos seg\u00fan sea necesario para hacer valer nuestros derechos legales, defender reclamos legales y, si la ley lo exige, divulgarlos a los tribunales, la polic\u00eda, los organismos encargados de hacer cumplir la ley o los reguladores.<\/p>\n<p><strong>Enlaces a terceros<\/strong><br \/>\nNuestro sitio puede, de vez en cuando, contener enlaces hacia y desde los sitios web de nuestras redes de socios, anunciantes y afiliados. Si sigue un enlace a cualquiera de estos sitios web, tenga en cuenta que estos sitios web tienen sus propias pol\u00edticas de privacidad y que no aceptamos ninguna responsabilidad por estas pol\u00edticas. Compruebe estas pol\u00edticas antes de enviar cualquier informaci\u00f3n personal a estos sitios web.<\/p>\n<p><strong>Donde almacenamos sus datos personales<\/strong><br \/>\nTodos los datos personales que procesamos bajo esta Pol\u00edtica de Privacidad se almacenan en el Reino-Unido.<\/p>\n<p><strong>C\u00f3mo mantenemos seguros sus datos personales<\/strong><br \/>\nImplementamos las medidas t\u00e9cnicas y organizativas adecuadas para proteger sus datos personales contra la destrucci\u00f3n accidental o ilegal, la p\u00e9rdida o alteraci\u00f3n accidental, la divulgaci\u00f3n o el acceso no autorizados y cualquier otra forma ilegal de procesamiento. Nuestro objetivo es garantizar que el nivel de seguridad y las medidas adoptadas para proteger sus datos personales sean adecuados para los riesgos que presenta la naturaleza y el uso de sus datos personales.<\/p>\n<\/div><div class=\"fusion-text fusion-text-3\" style=\"--awb-text-transform:none;\"><h3><strong>\u00bfCU\u00c1NDO BORRAREMOS SUS DATOS PERSONALES?<\/strong><\/h3>\n<p>Conservaremos sus datos personales y categor\u00edas especiales de datos en relaci\u00f3n con los servicios durante el per\u00edodo que se detalla a continuaci\u00f3n.<\/p>\n<\/p>\n<div class=\"table-1\">\n<table width=\"100%\">\n<thead>\n<tr>\n<th align=\"left\">Datos personales \/ Categor\u00edas especiales de datos<\/th>\n<th align=\"left\">Periodo de Retenci\u00f3n<\/th>\n<\/tr>\n<\/thead>\n<tbody>\n<tr>\n<td align=\"left\">Detalles de sus consultas y quejas y nuestra respuesta.<\/td>\n<td align=\"left\">1 A\u00f1o<\/td>\n<\/tr>\n<tr>\n<td align=\"left\">Informaci\u00f3n de asistencia al evento.<\/td>\n<td align=\"left\">3 A\u00f1os<\/td>\n<\/tr>\n<tr>\n<td align=\"left\">Informaci\u00f3n proporcionada para las encuestas.<\/td>\n<td align=\"left\">2 A\u00f1os<\/td>\n<\/tr>\n<\/tbody>\n<\/table>\n<\/div>\n<p>\n<h3><strong>SUS DERECHOS EN RELACI\u00d3N CON SUS DATOS PERSONALES<\/strong><\/h3>\n<p>Usted tiene los siguientes derechos en virtud de las leyes de protecci\u00f3n de datos:<\/p>\n<ul>\n<li>Solicite\u00a0una copia de los datos personales que conservamos sobre usted: puede solicitarnos que proporcionemos los datos en un formato de uso com\u00fan, legible por m\u00e1quina,<\/li>\n<li>Solicite\u00a0que proporcionemos una copia electr\u00f3nica de sus datos personales a otra organizaci\u00f3n si hemos firmado un contrato con usted;<\/li>\n<li>Comun\u00edquese con nosotros si le preocupa que alguna de la informaci\u00f3n que tenemos sobre usted sea incorrecta, para corregirla;<\/li>\n<li>P\u00f3ngase en contacto con nosotros para dejar de procesar sus datos;<\/li>\n<li>P\u00eddanos que dejemos de contactarlo con marketing directo;<\/li>\n<li>P\u00f3ngase en contacto con nosotros para solicitar que eliminemos sus datos personales; y<\/li>\n<li>P\u00f3ngase en contacto con nosotros para objetar el procesamiento de sus datos personales cuando tengamos un inter\u00e9s leg\u00edtimo como nuestra base legal para el procesamiento. Si usted se opone a que procesemos sus datos personales, debemos demostrar motivos convincentes para continuar haci\u00e9ndolo. Creemos que hemos demostrado motivos convincentes en la secci\u00f3n titulada &#8220;C\u00f3mo procesa sus datos personales como leg\u00edtimos&#8221;.<\/li>\n<\/ul>\n<p align=\"justify\">Para ejercer cualquiera de sus derechos, p\u00f3ngase en contacto con nosotros utilizando los detalles en la secci\u00f3n titulada &#8220;C\u00f3mo contactarnos&#8221;.<\/p>\n<p align=\"justify\">Puede presentar una queja ante la autoridad de protecci\u00f3n de datos si cree que no hemos cumplido con cualquier ley de protecci\u00f3n de datos aplicable. En el Reino Unido, la autoridad relevante es la Oficina del Comisionado de Informaci\u00f3n, puede encontrar sus detalles en <a href=\"http:\/\/www.ico.org.uk\" target=\"_blank\" rel=\"noopener\">www.ico.org.uk<\/a>.<\/p>\n<h3><strong>YouTube<\/strong><\/h3>\n<p>This website displays videos hosted by YouTube. Here are YouTube <a href=\"https:\/\/www.youtube.com\/static?gl=GB&amp;template=terms\" target=\"_blank\" rel=\"noopener\">Terms of Service<\/a> and its <a href=\"http:\/\/www.youtube.com\/intl\/en-GB\/about\/policies\/#community-guidelines\" target=\"_blank\" rel=\"noopener\">Privacy Policy<\/a>.<\/p>\n<\/div><\/div><\/div><\/div><\/div>\n","protected":false},"excerpt":{"rendered":"","protected":false},"author":1,"featured_media":0,"parent":0,"menu_order":200,"comment_status":"closed","ping_status":"closed","template":"","meta":{"footnotes":""},"class_list":["post-12557","page","type-page","status-publish","hentry"],"yoast_head":"<title>Pol\u00edtica de Privacidad - U-Pol<\/title>\n<meta name=\"description\" content=\"U-POL is a World leader in automotive refinishing products specializing in fillers, coatings, aerosols, adhesives and paint related products.\" \/>\n<meta name=\"robots\" content=\"index, follow, max-snippet:-1, max-image-preview:large, max-video-preview:-1\" \/>\n<link rel=\"canonical\" href=\"https:\/\/u-pol.com\/es-us\/politica-de-privacidad\/\" \/>\n<meta property=\"og:locale\" content=\"es_ES\" \/>\n<meta property=\"og:type\" content=\"article\" \/>\n<meta property=\"og:title\" content=\"Pol\u00edtica de Privacidad - U-Pol\" \/>\n<meta property=\"og:description\" content=\"U-POL is a World leader in automotive refinishing products specializing in fillers, coatings, aerosols, adhesives and paint related products.\" \/>\n<meta property=\"og:url\" content=\"https:\/\/u-pol.com\/es-us\/politica-de-privacidad\/\" \/>\n<meta property=\"og:site_name\" content=\"U-Pol\" \/>\n<meta property=\"article:publisher\" content=\"https:\/\/www.facebook.com\/U-POL-UK-409641822803819\/\" \/>\n<meta property=\"article:modified_time\" content=\"2022-05-31T07:43:38+00:00\" \/>\n<meta property=\"og:image\" content=\"https:\/\/u-pol.com\/wp-content\/uploads\/UPOL-ret-sticky-bLogo-1.png\" \/>\n\t<meta property=\"og:image:width\" content=\"250\" \/>\n\t<meta property=\"og:image:height\" content=\"150\" \/>\n\t<meta property=\"og:image:type\" content=\"image\/png\" \/>\n<meta name=\"twitter:card\" content=\"summary_large_image\" \/>\n<meta name=\"twitter:site\" content=\"@UpolUK\" \/>\n<meta name=\"twitter:label1\" content=\"Est. reading time\" \/>\n\t<meta name=\"twitter:data1\" content=\"13 minutes\" \/>\n<script type=\"application\/ld+json\" class=\"yoast-schema-graph\">{\"@context\":\"https:\/\/schema.org\",\"@graph\":[{\"@type\":\"WebPage\",\"@id\":\"https:\/\/u-pol.com\/es-us\/politica-de-privacidad\/\",\"url\":\"https:\/\/u-pol.com\/es-us\/politica-de-privacidad\/\",\"name\":\"Pol\u00edtica de Privacidad - U-Pol\",\"isPartOf\":{\"@id\":\"https:\/\/u-pol.com\/es-us\/#website\"},\"datePublished\":\"2022-03-01T16:35:49+00:00\",\"dateModified\":\"2022-05-31T07:43:38+00:00\",\"description\":\"U-POL is a World leader in automotive refinishing products specializing in fillers, coatings, aerosols, adhesives and paint related products.\",\"breadcrumb\":{\"@id\":\"https:\/\/u-pol.com\/es-us\/politica-de-privacidad\/#breadcrumb\"},\"inLanguage\":\"es-US\",\"potentialAction\":[{\"@type\":\"ReadAction\",\"target\":[\"https:\/\/u-pol.com\/es-us\/politica-de-privacidad\/\"]}]},{\"@type\":\"BreadcrumbList\",\"@id\":\"https:\/\/u-pol.com\/es-us\/politica-de-privacidad\/#breadcrumb\",\"itemListElement\":[{\"@type\":\"ListItem\",\"position\":1,\"name\":\"Home\",\"item\":\"https:\/\/u-pol.com\/es-us\/\"},{\"@type\":\"ListItem\",\"position\":2,\"name\":\"Pol\u00edtica de Privacidad\"}]},{\"@type\":\"WebSite\",\"@id\":\"https:\/\/u-pol.com\/es-us\/#website\",\"url\":\"https:\/\/u-pol.com\/es-us\/\",\"name\":\"U-Pol\",\"description\":\"\",\"publisher\":{\"@id\":\"https:\/\/u-pol.com\/es-us\/#organization\"},\"potentialAction\":[{\"@type\":\"SearchAction\",\"target\":{\"@type\":\"EntryPoint\",\"urlTemplate\":\"https:\/\/u-pol.com\/es-us\/?s={search_term_string}\"},\"query-input\":{\"@type\":\"PropertyValueSpecification\",\"valueRequired\":true,\"valueName\":\"search_term_string\"}}],\"inLanguage\":\"es-US\"},{\"@type\":\"Organization\",\"@id\":\"https:\/\/u-pol.com\/es-us\/#organization\",\"name\":\"U-POL\",\"url\":\"https:\/\/u-pol.com\/es-us\/\",\"logo\":{\"@type\":\"ImageObject\",\"inLanguage\":\"es-US\",\"@id\":\"https:\/\/u-pol.com\/es-us\/#\/schema\/logo\/image\/\",\"url\":\"https:\/\/u-pol.com\/wp-content\/uploads\/UPOL-sticky-bLogo.png\",\"contentUrl\":\"https:\/\/u-pol.com\/wp-content\/uploads\/UPOL-sticky-bLogo.png\",\"width\":125,\"height\":75,\"caption\":\"U-POL\"},\"image\":{\"@id\":\"https:\/\/u-pol.com\/es-us\/#\/schema\/logo\/image\/\"},\"sameAs\":[\"https:\/\/www.facebook.com\/U-POL-UK-409641822803819\/\",\"https:\/\/x.com\/UpolUK\"]}]}<\/script>","yoast_head_json":{"title":"Pol\u00edtica de Privacidad - U-Pol","description":"U-POL is a World leader in automotive refinishing products specializing in fillers, coatings, aerosols, adhesives and paint related products.","robots":{"index":"index","follow":"follow","max-snippet":"max-snippet:-1","max-image-preview":"max-image-preview:large","max-video-preview":"max-video-preview:-1"},"canonical":"https:\/\/u-pol.com\/es-us\/politica-de-privacidad\/","og_locale":"es_ES","og_type":"article","og_title":"Pol\u00edtica de Privacidad - U-Pol","og_description":"U-POL is a World leader in automotive refinishing products specializing in fillers, coatings, aerosols, adhesives and paint related products.","og_url":"https:\/\/u-pol.com\/es-us\/politica-de-privacidad\/","og_site_name":"U-Pol","article_publisher":"https:\/\/www.facebook.com\/U-POL-UK-409641822803819\/","article_modified_time":"2022-05-31T07:43:38+00:00","og_image":[{"width":250,"height":150,"url":"https:\/\/u-pol.com\/wp-content\/uploads\/UPOL-ret-sticky-bLogo-1.png","type":"image\/png"}],"twitter_card":"summary_large_image","twitter_site":"@UpolUK","twitter_misc":{"Est. reading time":"13 minutes"},"schema":{"@context":"https:\/\/schema.org","@graph":[{"@type":"WebPage","@id":"https:\/\/u-pol.com\/es-us\/politica-de-privacidad\/","url":"https:\/\/u-pol.com\/es-us\/politica-de-privacidad\/","name":"Pol\u00edtica de Privacidad - U-Pol","isPartOf":{"@id":"https:\/\/u-pol.com\/es-us\/#website"},"datePublished":"2022-03-01T16:35:49+00:00","dateModified":"2022-05-31T07:43:38+00:00","description":"U-POL is a World leader in automotive refinishing products specializing in fillers, coatings, aerosols, adhesives and paint related products.","breadcrumb":{"@id":"https:\/\/u-pol.com\/es-us\/politica-de-privacidad\/#breadcrumb"},"inLanguage":"es-US","potentialAction":[{"@type":"ReadAction","target":["https:\/\/u-pol.com\/es-us\/politica-de-privacidad\/"]}]},{"@type":"BreadcrumbList","@id":"https:\/\/u-pol.com\/es-us\/politica-de-privacidad\/#breadcrumb","itemListElement":[{"@type":"ListItem","position":1,"name":"Home","item":"https:\/\/u-pol.com\/es-us\/"},{"@type":"ListItem","position":2,"name":"Pol\u00edtica de Privacidad"}]},{"@type":"WebSite","@id":"https:\/\/u-pol.com\/es-us\/#website","url":"https:\/\/u-pol.com\/es-us\/","name":"U-Pol","description":"","publisher":{"@id":"https:\/\/u-pol.com\/es-us\/#organization"},"potentialAction":[{"@type":"SearchAction","target":{"@type":"EntryPoint","urlTemplate":"https:\/\/u-pol.com\/es-us\/?s={search_term_string}"},"query-input":{"@type":"PropertyValueSpecification","valueRequired":true,"valueName":"search_term_string"}}],"inLanguage":"es-US"},{"@type":"Organization","@id":"https:\/\/u-pol.com\/es-us\/#organization","name":"U-POL","url":"https:\/\/u-pol.com\/es-us\/","logo":{"@type":"ImageObject","inLanguage":"es-US","@id":"https:\/\/u-pol.com\/es-us\/#\/schema\/logo\/image\/","url":"https:\/\/u-pol.com\/wp-content\/uploads\/UPOL-sticky-bLogo.png","contentUrl":"https:\/\/u-pol.com\/wp-content\/uploads\/UPOL-sticky-bLogo.png","width":125,"height":75,"caption":"U-POL"},"image":{"@id":"https:\/\/u-pol.com\/es-us\/#\/schema\/logo\/image\/"},"sameAs":["https:\/\/www.facebook.com\/U-POL-UK-409641822803819\/","https:\/\/x.com\/UpolUK"]}]}},"_links":{"self":[{"href":"https:\/\/u-pol.com\/es-us\/wp-json\/wp\/v2\/pages\/12557","targetHints":{"allow":["GET"]}}],"collection":[{"href":"https:\/\/u-pol.com\/es-us\/wp-json\/wp\/v2\/pages"}],"about":[{"href":"https:\/\/u-pol.com\/es-us\/wp-json\/wp\/v2\/types\/page"}],"author":[{"embeddable":true,"href":"https:\/\/u-pol.com\/es-us\/wp-json\/wp\/v2\/users\/1"}],"replies":[{"embeddable":true,"href":"https:\/\/u-pol.com\/es-us\/wp-json\/wp\/v2\/comments?post=12557"}],"version-history":[{"count":0,"href":"https:\/\/u-pol.com\/es-us\/wp-json\/wp\/v2\/pages\/12557\/revisions"}],"wp:attachment":[{"href":"https:\/\/u-pol.com\/es-us\/wp-json\/wp\/v2\/media?parent=12557"}],"curies":[{"name":"wp","href":"https:\/\/api.w.org\/{rel}","templated":true}]}}