{"id":12561,"date":"2022-03-09T14:30:26","date_gmt":"2022-03-09T14:30:26","guid":{"rendered":"https:\/\/upol.darkgrey.eu\/terminos-y-condiciones\/"},"modified":"2022-04-28T11:48:52","modified_gmt":"2022-04-28T11:48:52","slug":"terminos-y-condiciones","status":"publish","type":"page","link":"https:\/\/u-pol.com\/es-us\/terminos-y-condiciones\/","title":{"rendered":"T\u00e9rminos y Condiciones"},"content":{"rendered":"<div class=\"fusion-fullwidth fullwidth-box fusion-builder-row-1 fusion-flex-container Terms nonhundred-percent-fullwidth non-hundred-percent-height-scrolling\" style=\"--awb-border-radius-top-left:0px;--awb-border-radius-top-right:0px;--awb-border-radius-bottom-right:0px;--awb-border-radius-bottom-left:0px;--awb-flex-wrap:wrap;\" ><div class=\"fusion-builder-row fusion-row fusion-flex-align-items-flex-start fusion-flex-content-wrap\" style=\"max-width:1203.6px;margin-left: calc(-2% \/ 2 );margin-right: calc(-2% \/ 2 );\"><div class=\"fusion-layout-column fusion_builder_column fusion-builder-column-0 fusion_builder_column_1_1 1_1 fusion-flex-column\" style=\"--awb-bg-size:cover;--awb-width-large:100%;--awb-margin-top-large:0px;--awb-spacing-right-large:0.98%;--awb-margin-bottom-large:20px;--awb-spacing-left-large:0.98%;--awb-width-medium:100%;--awb-order-medium:0;--awb-spacing-right-medium:0.98%;--awb-spacing-left-medium:0.98%;--awb-width-small:100%;--awb-order-small:0;--awb-spacing-right-small:0.98%;--awb-spacing-left-small:0.98%;\"><div class=\"fusion-column-wrapper fusion-column-has-shadow fusion-flex-justify-content-flex-start fusion-content-layout-column\"><div class=\"fusion-text fusion-text-1\" style=\"--awb-text-transform:none;\"><h1>T\u00e9rminos y Condiciones<\/h1>\n<h3>T\u00c9RMINOS Y CONDICIONES DE LAS VENTAS<\/h3>\n<\/div><div class=\"fusion-text fusion-text-2\" style=\"--awb-text-transform:none;\"><p align=\"JUSTIFY\"><strong>Precios:<\/strong>\u00a0Todos los precios est\u00e1n sujetos a cambios sin previo aviso. \u00a0Esta lista de precios reemplaza todas las listas de precio anteriores.<\/p>\n<p align=\"JUSTIFY\"><strong>T\u00e9rminos:<\/strong>\u00a0La factura m\u00ednima para Jobbers es de USD 2000 y para almacenes en general es de USD 4000 a menos que se especifique lo contrario. \u00a0A los distribuidores habilitados para operar con cr\u00e9dito se les aplica de forma estricta 1 % de descuento si el pago se realiza antes del d\u00eda 10 del mes siguiente. De lo contrario, deber\u00e1 pagarse el valor neto en el transcurso de los 30 d\u00edas del mes. La factura m\u00ednima es posterior a la aplicaci\u00f3n de todos los descuentos correspondientes.<\/p>\n<p align=\"JUSTIFY\"><strong>Flete:<\/strong>\u00a0En compras de USD 2000 (USD 4000 para almacenes en general) o superiores, el costo del env\u00edo es gratuito. En compras inferiores a USD 2000 (USD 4000 para almacenes en general), el costo m\u00ednimo de env\u00edo y manipulaci\u00f3n es de USD 100. U-POL solo enviar\u00e1 productos por flete. Los productos aprobados para su env\u00edo por UPS son herramientas y consumibles hasta una cantidad m\u00e1xima establecida. A los pedidos enviados por UPS se les aplicar\u00e1 un cargo m\u00ednimo de env\u00edo y manipulaci\u00f3n de USD 25.<\/p>\n<p align=\"JUSTIFY\"><strong>Faltantes o Da\u00f1os:<\/strong>\u00a0El consignatario es responsable de inspeccionar el env\u00edo al momento de recibirlo. Todos los faltantes o da\u00f1os deben notificarse en el recibo de entrega al momento de la entrega. Luego, debe notificarse a U-POL en el transcurso de los 7 d\u00edas posteriores a la entrega para que se emita un cr\u00e9dito. U-POL no ser\u00e1 responsable por los da\u00f1os o faltantes que no puedan verificarse a trav\u00e9s de este proceso.<\/p>\n<p align=\"JUSTIFY\"><strong>Devoluciones:<\/strong>\u00a0U-POL solo aceptar\u00e1 devoluciones que se hayan aprobado por escrito en la Oficina de ventas de los EE. UU. Los productos deben devolverse en sus respectivos empaques completos sin abrir y sellados. Los productos comprados hace m\u00e1s de 12 meses no pueden devolverse. El cliente es responsable por los cargos de env\u00edo y reposici\u00f3n. El producto devuelto se reintegrar\u00e1 mediante un cr\u00e9dito destinado a productos.<\/p>\n<p align=\"JUSTIFY\"><strong>Garant\u00eda:<\/strong>\u00a0El vendedor debe garantizar que los productos sean de calidad comerciable e idoneidad para un fin determinado por un per\u00edodo de un (1) a\u00f1o desde la fecha de la fabricaci\u00f3n, siempre que se hayan almacenado y usado conforme a las instrucciones y recomendaciones del vendedor. \u00a0Si aparentemente en el transcurso de los doce (12) meses a partir de la fecha de la fabricaci\u00f3n las mercanc\u00edas no cumplen con la garant\u00eda especificada anteriormente y se notifica inmediatamente al vendedor y su representante, el vendedor deber\u00e1 reemplazar dichas mercanc\u00edas. \u00a0Cualquiera sea el caso, la responsabilidad del vendedor en un reclamo de cualquier tipo, ya sea por negligencia, o p\u00e9rdida o da\u00f1o provocados, relacionados o resultantes de la fabricaci\u00f3n, venta, entrega, reventa, reparaci\u00f3n o uso de las mercanc\u00edas cubiertas o equipadas, no debe superar el costo del reemplazo de las mercanc\u00edas que no cumplan con la garant\u00eda descrita anteriormente.<\/p>\n<\/div><\/div><\/div><\/div><\/div>\n","protected":false},"excerpt":{"rendered":"","protected":false},"author":2,"featured_media":0,"parent":0,"menu_order":210,"comment_status":"closed","ping_status":"closed","template":"","meta":{"footnotes":""},"class_list":["post-12561","page","type-page","status-publish","hentry"],"yoast_head":"<title>T\u00e9rminos y Condiciones - U-Pol<\/title>\n<meta name=\"description\" content=\"U-POL is a World leader in automotive refinishing products specializing in fillers, coatings, aerosols, adhesives and paint related products.\" \/>\n<meta name=\"robots\" content=\"index, follow, max-snippet:-1, max-image-preview:large, max-video-preview:-1\" \/>\n<link rel=\"canonical\" href=\"https:\/\/u-pol.com\/es-us\/terminos-y-condiciones\/\" \/>\n<meta property=\"og:locale\" content=\"es_ES\" \/>\n<meta property=\"og:type\" content=\"article\" \/>\n<meta property=\"og:title\" content=\"T\u00e9rminos y Condiciones - U-Pol\" \/>\n<meta property=\"og:description\" content=\"U-POL is a World leader in automotive refinishing products specializing in fillers, coatings, aerosols, adhesives and paint related products.\" \/>\n<meta property=\"og:url\" content=\"https:\/\/u-pol.com\/es-us\/terminos-y-condiciones\/\" \/>\n<meta property=\"og:site_name\" content=\"U-Pol\" \/>\n<meta property=\"article:publisher\" content=\"https:\/\/www.facebook.com\/U-POL-UK-409641822803819\/\" \/>\n<meta property=\"article:modified_time\" content=\"2022-04-28T11:48:52+00:00\" \/>\n<meta property=\"og:image\" content=\"https:\/\/u-pol.com\/wp-content\/uploads\/UPOL-ret-sticky-bLogo-1.png\" \/>\n\t<meta property=\"og:image:width\" content=\"250\" \/>\n\t<meta property=\"og:image:height\" content=\"150\" \/>\n\t<meta property=\"og:image:type\" content=\"image\/png\" \/>\n<meta name=\"twitter:card\" content=\"summary_large_image\" \/>\n<meta name=\"twitter:site\" content=\"@UpolUK\" \/>\n<meta name=\"twitter:label1\" content=\"Est. reading time\" \/>\n\t<meta name=\"twitter:data1\" content=\"6 minutes\" \/>\n<script type=\"application\/ld+json\" class=\"yoast-schema-graph\">{\"@context\":\"https:\/\/schema.org\",\"@graph\":[{\"@type\":\"WebPage\",\"@id\":\"https:\/\/u-pol.com\/es-us\/terminos-y-condiciones\/\",\"url\":\"https:\/\/u-pol.com\/es-us\/terminos-y-condiciones\/\",\"name\":\"T\u00e9rminos y Condiciones - U-Pol\",\"isPartOf\":{\"@id\":\"https:\/\/u-pol.com\/es-us\/#website\"},\"datePublished\":\"2022-03-09T14:30:26+00:00\",\"dateModified\":\"2022-04-28T11:48:52+00:00\",\"description\":\"U-POL is a World leader in automotive refinishing products specializing in fillers, coatings, aerosols, adhesives and paint related products.\",\"breadcrumb\":{\"@id\":\"https:\/\/u-pol.com\/es-us\/terminos-y-condiciones\/#breadcrumb\"},\"inLanguage\":\"es-US\",\"potentialAction\":[{\"@type\":\"ReadAction\",\"target\":[\"https:\/\/u-pol.com\/es-us\/terminos-y-condiciones\/\"]}]},{\"@type\":\"BreadcrumbList\",\"@id\":\"https:\/\/u-pol.com\/es-us\/terminos-y-condiciones\/#breadcrumb\",\"itemListElement\":[{\"@type\":\"ListItem\",\"position\":1,\"name\":\"Home\",\"item\":\"https:\/\/u-pol.com\/es-us\/\"},{\"@type\":\"ListItem\",\"position\":2,\"name\":\"T\u00e9rminos y Condiciones\"}]},{\"@type\":\"WebSite\",\"@id\":\"https:\/\/u-pol.com\/es-us\/#website\",\"url\":\"https:\/\/u-pol.com\/es-us\/\",\"name\":\"U-Pol\",\"description\":\"\",\"publisher\":{\"@id\":\"https:\/\/u-pol.com\/es-us\/#organization\"},\"potentialAction\":[{\"@type\":\"SearchAction\",\"target\":{\"@type\":\"EntryPoint\",\"urlTemplate\":\"https:\/\/u-pol.com\/es-us\/?s={search_term_string}\"},\"query-input\":{\"@type\":\"PropertyValueSpecification\",\"valueRequired\":true,\"valueName\":\"search_term_string\"}}],\"inLanguage\":\"es-US\"},{\"@type\":\"Organization\",\"@id\":\"https:\/\/u-pol.com\/es-us\/#organization\",\"name\":\"U-POL\",\"url\":\"https:\/\/u-pol.com\/es-us\/\",\"logo\":{\"@type\":\"ImageObject\",\"inLanguage\":\"es-US\",\"@id\":\"https:\/\/u-pol.com\/es-us\/#\/schema\/logo\/image\/\",\"url\":\"https:\/\/u-pol.com\/wp-content\/uploads\/UPOL-sticky-bLogo.png\",\"contentUrl\":\"https:\/\/u-pol.com\/wp-content\/uploads\/UPOL-sticky-bLogo.png\",\"width\":125,\"height\":75,\"caption\":\"U-POL\"},\"image\":{\"@id\":\"https:\/\/u-pol.com\/es-us\/#\/schema\/logo\/image\/\"},\"sameAs\":[\"https:\/\/www.facebook.com\/U-POL-UK-409641822803819\/\",\"https:\/\/x.com\/UpolUK\"]}]}<\/script>","yoast_head_json":{"title":"T\u00e9rminos y Condiciones - U-Pol","description":"U-POL is a World leader in automotive refinishing products specializing in fillers, coatings, aerosols, adhesives and paint related products.","robots":{"index":"index","follow":"follow","max-snippet":"max-snippet:-1","max-image-preview":"max-image-preview:large","max-video-preview":"max-video-preview:-1"},"canonical":"https:\/\/u-pol.com\/es-us\/terminos-y-condiciones\/","og_locale":"es_ES","og_type":"article","og_title":"T\u00e9rminos y Condiciones - U-Pol","og_description":"U-POL is a World leader in automotive refinishing products specializing in fillers, coatings, aerosols, adhesives and paint related products.","og_url":"https:\/\/u-pol.com\/es-us\/terminos-y-condiciones\/","og_site_name":"U-Pol","article_publisher":"https:\/\/www.facebook.com\/U-POL-UK-409641822803819\/","article_modified_time":"2022-04-28T11:48:52+00:00","og_image":[{"width":250,"height":150,"url":"https:\/\/u-pol.com\/wp-content\/uploads\/UPOL-ret-sticky-bLogo-1.png","type":"image\/png"}],"twitter_card":"summary_large_image","twitter_site":"@UpolUK","twitter_misc":{"Est. reading time":"6 minutes"},"schema":{"@context":"https:\/\/schema.org","@graph":[{"@type":"WebPage","@id":"https:\/\/u-pol.com\/es-us\/terminos-y-condiciones\/","url":"https:\/\/u-pol.com\/es-us\/terminos-y-condiciones\/","name":"T\u00e9rminos y Condiciones - U-Pol","isPartOf":{"@id":"https:\/\/u-pol.com\/es-us\/#website"},"datePublished":"2022-03-09T14:30:26+00:00","dateModified":"2022-04-28T11:48:52+00:00","description":"U-POL is a World leader in automotive refinishing products specializing in fillers, coatings, aerosols, adhesives and paint related products.","breadcrumb":{"@id":"https:\/\/u-pol.com\/es-us\/terminos-y-condiciones\/#breadcrumb"},"inLanguage":"es-US","potentialAction":[{"@type":"ReadAction","target":["https:\/\/u-pol.com\/es-us\/terminos-y-condiciones\/"]}]},{"@type":"BreadcrumbList","@id":"https:\/\/u-pol.com\/es-us\/terminos-y-condiciones\/#breadcrumb","itemListElement":[{"@type":"ListItem","position":1,"name":"Home","item":"https:\/\/u-pol.com\/es-us\/"},{"@type":"ListItem","position":2,"name":"T\u00e9rminos y Condiciones"}]},{"@type":"WebSite","@id":"https:\/\/u-pol.com\/es-us\/#website","url":"https:\/\/u-pol.com\/es-us\/","name":"U-Pol","description":"","publisher":{"@id":"https:\/\/u-pol.com\/es-us\/#organization"},"potentialAction":[{"@type":"SearchAction","target":{"@type":"EntryPoint","urlTemplate":"https:\/\/u-pol.com\/es-us\/?s={search_term_string}"},"query-input":{"@type":"PropertyValueSpecification","valueRequired":true,"valueName":"search_term_string"}}],"inLanguage":"es-US"},{"@type":"Organization","@id":"https:\/\/u-pol.com\/es-us\/#organization","name":"U-POL","url":"https:\/\/u-pol.com\/es-us\/","logo":{"@type":"ImageObject","inLanguage":"es-US","@id":"https:\/\/u-pol.com\/es-us\/#\/schema\/logo\/image\/","url":"https:\/\/u-pol.com\/wp-content\/uploads\/UPOL-sticky-bLogo.png","contentUrl":"https:\/\/u-pol.com\/wp-content\/uploads\/UPOL-sticky-bLogo.png","width":125,"height":75,"caption":"U-POL"},"image":{"@id":"https:\/\/u-pol.com\/es-us\/#\/schema\/logo\/image\/"},"sameAs":["https:\/\/www.facebook.com\/U-POL-UK-409641822803819\/","https:\/\/x.com\/UpolUK"]}]}},"_links":{"self":[{"href":"https:\/\/u-pol.com\/es-us\/wp-json\/wp\/v2\/pages\/12561","targetHints":{"allow":["GET"]}}],"collection":[{"href":"https:\/\/u-pol.com\/es-us\/wp-json\/wp\/v2\/pages"}],"about":[{"href":"https:\/\/u-pol.com\/es-us\/wp-json\/wp\/v2\/types\/page"}],"author":[{"embeddable":true,"href":"https:\/\/u-pol.com\/es-us\/wp-json\/wp\/v2\/users\/2"}],"replies":[{"embeddable":true,"href":"https:\/\/u-pol.com\/es-us\/wp-json\/wp\/v2\/comments?post=12561"}],"version-history":[{"count":0,"href":"https:\/\/u-pol.com\/es-us\/wp-json\/wp\/v2\/pages\/12561\/revisions"}],"wp:attachment":[{"href":"https:\/\/u-pol.com\/es-us\/wp-json\/wp\/v2\/media?parent=12561"}],"curies":[{"name":"wp","href":"https:\/\/api.w.org\/{rel}","templated":true}]}}