{"id":10517,"date":"2022-04-15T13:41:37","date_gmt":"2022-04-15T13:41:37","guid":{"rendered":"https:\/\/upol.darkgrey.eu\/product\/uncategorized\/masilla-ultra-fina-dolphin\/"},"modified":"2022-05-31T10:56:58","modified_gmt":"2022-05-31T10:56:58","slug":"masilla-ultra-fina-dolphin","status":"publish","type":"product","link":"https:\/\/u-pol.com\/es-us\/product\/masillas\/esmaltes\/masilla-ultra-fina-dolphin\/","title":{"rendered":"Masilla Ultra Fina Dolphin"},"content":{"rendered":"<div class=\"fusion-fullwidth fullwidth-box fusion-builder-row-1 fusion-flex-container nonhundred-percent-fullwidth non-hundred-percent-height-scrolling\" style=\"--awb-border-radius-top-left:0px;--awb-border-radius-top-right:0px;--awb-border-radius-bottom-right:0px;--awb-border-radius-bottom-left:0px;--awb-margin-top:20px;--awb-flex-wrap:wrap;\" ><div class=\"fusion-builder-row fusion-row fusion-flex-align-items-flex-start fusion-flex-content-wrap\" style=\"max-width:1203.6px;margin-left: calc(-2% \/ 2 );margin-right: calc(-2% \/ 2 );\"><div class=\"fusion-layout-column fusion_builder_column fusion-builder-column-0 fusion_builder_column_1_1 1_1 fusion-flex-column\" style=\"--awb-bg-size:cover;--awb-width-large:100%;--awb-margin-top-large:0px;--awb-spacing-right-large:0.98%;--awb-margin-bottom-large:20px;--awb-spacing-left-large:0.98%;--awb-width-medium:100%;--awb-order-medium:0;--awb-spacing-right-medium:0.98%;--awb-spacing-left-medium:0.98%;--awb-width-small:100%;--awb-order-small:0;--awb-spacing-right-small:0.98%;--awb-spacing-left-small:0.98%;\"><div class=\"fusion-column-wrapper fusion-column-has-shadow fusion-flex-justify-content-flex-end fusion-content-layout-row\"><div ><a class=\"fusion-button button-flat fusion-button-default-size button-default fusion-button-default button-1 fusion-button-default-span fusion-button-default-type\" target=\"lightbox\" rel=\"iLightbox\" href=\"https:\/\/u-pol.com\/wp-content\/uploads\/Dolphin-Glazes-and-Putties.mp4\"><span class=\"fusion-button-text awb-button__text awb-button__text--default\">VER EL VIDEO<\/span><\/a><\/div><\/div><\/div><div class=\"fusion-layout-column fusion_builder_column fusion-builder-column-1 fusion_builder_column_1_1 1_1 fusion-flex-column\" style=\"--awb-bg-size:cover;--awb-width-large:100%;--awb-margin-top-large:0px;--awb-spacing-right-large:0.98%;--awb-margin-bottom-large:20px;--awb-spacing-left-large:0.98%;--awb-width-medium:100%;--awb-order-medium:0;--awb-spacing-right-medium:0.98%;--awb-spacing-left-medium:0.98%;--awb-width-small:100%;--awb-order-small:0;--awb-spacing-right-small:0.98%;--awb-spacing-left-small:0.98%;\"><div class=\"fusion-column-wrapper fusion-column-has-shadow fusion-flex-justify-content-flex-start fusion-content-layout-column\">\n<div class=\"table-1\">\n<table width=\"100%\">\n<thead>\n<tr>\n<th align=\"left\">C\u00f3digo<\/th>\n<th align=\"left\">Tama\u00f1o<\/th>\n<th align=\"left\">Color<\/th>\n<th align=\"left\">Por Caja<\/th>\n<th align=\"left\">Ver Hoja T\u00e9cnica<\/th>\n<th align=\"left\">Ver Hoja de Seguridad<\/th>\n<\/tr>\n<\/thead>\n<tbody>\n<tr>\n<td align=\"left\">UP0658<\/td>\n<td align=\"left\">Botella 615 ml<\/td>\n<td align=\"left\">Beige<\/td>\n<td align=\"left\">10<\/td>\n<td align=\"left\"><a href=\"https:\/\/u-pol.com\/en-us\/video\/up0658-tds-es\/up0658-tds-es-2\/\" target=\"_blank\" rel=\"noopener\">UP0658 TDS<\/a><\/td>\n<td align=\"left\"><a href=\"https:\/\/u-pol.com\/en-us\/video\/up0658-sds-es\/up0658-sds-es-2\/\" target=\"_blank\" rel=\"noopener\">UP0658 SDS<\/a><\/td>\n<\/tr>\n<\/tbody>\n<\/table>\n<\/div>\n<\/div><\/div><\/div><\/div>\n","protected":false},"excerpt":{"rendered":"<h3>DOLPHIN\u2122<\/h3>\n<p>La masilla de acabado Dolphin es una masilla de poli\u00e9ster de dos componentes de primera calidad, utilizada para rellenar golpes e imperfecciones en la mayor\u00eda de los sustratos. Esta formulaci\u00f3n cuenta con una tecnolog\u00eda sofisticada y ligera. Tiene excelentes propiedades de relleno, brinda una aplicaci\u00f3n suave y un lijado sin esfuerzo.<\/p>\n<ul>\n<li>Formulaci\u00f3n flexible y sin porosidad<\/li>\n<li>Lijado sin esfuerzo, bien sea un d\u00eda o una semana despu\u00e9s<\/li>\n<li>La f\u00f3rmula no porosa no se encoge, ni se retrae<\/li>\n<li>Resistente a los solventes en 15-20 minutos<\/li>\n<li>Secado r\u00e1pido: lijar, aplicar o pintar en 15-20 minutos<\/li>\n<li>Adhesi\u00f3n inigualable a la mayor\u00eda de los sustratos<\/li>\n<\/ul>\n","protected":false},"featured_media":10031,"template":"","meta":[],"product_brand":[],"product_cat":[326,345,353],"product_tag":[346],"class_list":{"0":"post-10517","1":"product","2":"type-product","3":"status-publish","4":"has-post-thumbnail","6":"product_cat-masillas","7":"product_cat-esmaltes","8":"product_cat-selladores","9":"product_tag-dolphin","11":"first","12":"instock","13":"shipping-taxable","14":"product-type-simple"},"yoast_head":"<title>Masilla Ultra Fina Dolphin - U-Pol<\/title>\n<meta name=\"description\" content=\"La masilla de acabado Dolphin es una masilla de poli\u00e9ster de dos componentes de primera calidad, utilizada para rellenar golpes e imperfecciones en la mayor\u00eda de los sustratos.\" \/>\n<meta name=\"robots\" content=\"index, follow, max-snippet:-1, max-image-preview:large, max-video-preview:-1\" \/>\n<link rel=\"canonical\" href=\"https:\/\/u-pol.com\/es-us\/product\/masillas\/esmaltes\/masilla-ultra-fina-dolphin\/\" \/>\n<meta property=\"og:locale\" content=\"es_ES\" \/>\n<meta property=\"og:type\" content=\"article\" \/>\n<meta property=\"og:title\" content=\"Masilla Ultra Fina Dolphin - U-Pol\" \/>\n<meta property=\"og:description\" content=\"La masilla de acabado Dolphin es una masilla de poli\u00e9ster de dos componentes de primera calidad, utilizada para rellenar golpes e imperfecciones en la mayor\u00eda de los sustratos.\" \/>\n<meta property=\"og:url\" content=\"https:\/\/u-pol.com\/es-us\/product\/masillas\/esmaltes\/masilla-ultra-fina-dolphin\/\" \/>\n<meta property=\"og:site_name\" content=\"U-Pol\" \/>\n<meta property=\"article:publisher\" content=\"https:\/\/www.facebook.com\/U-POL-UK-409641822803819\/\" \/>\n<meta property=\"article:modified_time\" content=\"2022-05-31T10:56:58+00:00\" \/>\n<meta property=\"og:image\" content=\"https:\/\/u-pol.com\/wp-content\/uploads\/Dolphin-Putty.jpg\" \/>\n\t<meta property=\"og:image:width\" content=\"500\" \/>\n\t<meta property=\"og:image:height\" content=\"500\" \/>\n\t<meta property=\"og:image:type\" content=\"image\/jpeg\" \/>\n<meta name=\"twitter:card\" content=\"summary_large_image\" \/>\n<meta name=\"twitter:site\" content=\"@UpolUK\" \/>\n<meta name=\"twitter:label1\" content=\"Est. reading time\" \/>\n\t<meta name=\"twitter:data1\" content=\"5 minutes\" \/>\n<script type=\"application\/ld+json\" class=\"yoast-schema-graph\">{\"@context\":\"https:\/\/schema.org\",\"@graph\":[{\"@type\":\"WebPage\",\"@id\":\"https:\/\/u-pol.com\/es-us\/product\/masillas\/esmaltes\/masilla-ultra-fina-dolphin\/\",\"url\":\"https:\/\/u-pol.com\/es-us\/product\/masillas\/esmaltes\/masilla-ultra-fina-dolphin\/\",\"name\":\"Masilla Ultra Fina Dolphin - U-Pol\",\"isPartOf\":{\"@id\":\"https:\/\/u-pol.com\/es-us\/#website\"},\"primaryImageOfPage\":{\"@id\":\"https:\/\/u-pol.com\/es-us\/product\/masillas\/esmaltes\/masilla-ultra-fina-dolphin\/#primaryimage\"},\"image\":{\"@id\":\"https:\/\/u-pol.com\/es-us\/product\/masillas\/esmaltes\/masilla-ultra-fina-dolphin\/#primaryimage\"},\"thumbnailUrl\":\"https:\/\/u-pol.com\/wp-content\/uploads\/Dolphin-Putty.jpg\",\"datePublished\":\"2022-04-15T13:41:37+00:00\",\"dateModified\":\"2022-05-31T10:56:58+00:00\",\"description\":\"La masilla de acabado Dolphin es una masilla de poli\u00e9ster de dos componentes de primera calidad, utilizada para rellenar golpes e imperfecciones en la mayor\u00eda de los sustratos.\",\"breadcrumb\":{\"@id\":\"https:\/\/u-pol.com\/es-us\/product\/masillas\/esmaltes\/masilla-ultra-fina-dolphin\/#breadcrumb\"},\"inLanguage\":\"es-US\",\"potentialAction\":[{\"@type\":\"ReadAction\",\"target\":[\"https:\/\/u-pol.com\/es-us\/product\/masillas\/esmaltes\/masilla-ultra-fina-dolphin\/\"]}]},{\"@type\":\"ImageObject\",\"inLanguage\":\"es-US\",\"@id\":\"https:\/\/u-pol.com\/es-us\/product\/masillas\/esmaltes\/masilla-ultra-fina-dolphin\/#primaryimage\",\"url\":\"https:\/\/u-pol.com\/wp-content\/uploads\/Dolphin-Putty.jpg\",\"contentUrl\":\"https:\/\/u-pol.com\/wp-content\/uploads\/Dolphin-Putty.jpg\",\"width\":500,\"height\":500,\"caption\":\"Masilla Ultra Fina Dolphin\"},{\"@type\":\"BreadcrumbList\",\"@id\":\"https:\/\/u-pol.com\/es-us\/product\/masillas\/esmaltes\/masilla-ultra-fina-dolphin\/#breadcrumb\",\"itemListElement\":[{\"@type\":\"ListItem\",\"position\":1,\"name\":\"Home\",\"item\":\"https:\/\/u-pol.com\/es-us\/\"},{\"@type\":\"ListItem\",\"position\":2,\"name\":\"Shop\",\"item\":\"https:\/\/u-pol.com\/?page_id=235\"},{\"@type\":\"ListItem\",\"position\":3,\"name\":\"Masilla Ultra Fina Dolphin\"}]},{\"@type\":\"WebSite\",\"@id\":\"https:\/\/u-pol.com\/es-us\/#website\",\"url\":\"https:\/\/u-pol.com\/es-us\/\",\"name\":\"U-Pol\",\"description\":\"\",\"publisher\":{\"@id\":\"https:\/\/u-pol.com\/es-us\/#organization\"},\"potentialAction\":[{\"@type\":\"SearchAction\",\"target\":{\"@type\":\"EntryPoint\",\"urlTemplate\":\"https:\/\/u-pol.com\/es-us\/?s={search_term_string}\"},\"query-input\":{\"@type\":\"PropertyValueSpecification\",\"valueRequired\":true,\"valueName\":\"search_term_string\"}}],\"inLanguage\":\"es-US\"},{\"@type\":\"Organization\",\"@id\":\"https:\/\/u-pol.com\/es-us\/#organization\",\"name\":\"U-POL\",\"url\":\"https:\/\/u-pol.com\/es-us\/\",\"logo\":{\"@type\":\"ImageObject\",\"inLanguage\":\"es-US\",\"@id\":\"https:\/\/u-pol.com\/es-us\/#\/schema\/logo\/image\/\",\"url\":\"https:\/\/u-pol.com\/wp-content\/uploads\/UPOL-sticky-bLogo.png\",\"contentUrl\":\"https:\/\/u-pol.com\/wp-content\/uploads\/UPOL-sticky-bLogo.png\",\"width\":125,\"height\":75,\"caption\":\"U-POL\"},\"image\":{\"@id\":\"https:\/\/u-pol.com\/es-us\/#\/schema\/logo\/image\/\"},\"sameAs\":[\"https:\/\/www.facebook.com\/U-POL-UK-409641822803819\/\",\"https:\/\/x.com\/UpolUK\"]}]}<\/script>","yoast_head_json":{"title":"Masilla Ultra Fina Dolphin - U-Pol","description":"La masilla de acabado Dolphin es una masilla de poli\u00e9ster de dos componentes de primera calidad, utilizada para rellenar golpes e imperfecciones en la mayor\u00eda de los sustratos.","robots":{"index":"index","follow":"follow","max-snippet":"max-snippet:-1","max-image-preview":"max-image-preview:large","max-video-preview":"max-video-preview:-1"},"canonical":"https:\/\/u-pol.com\/es-us\/product\/masillas\/esmaltes\/masilla-ultra-fina-dolphin\/","og_locale":"es_ES","og_type":"article","og_title":"Masilla Ultra Fina Dolphin - U-Pol","og_description":"La masilla de acabado Dolphin es una masilla de poli\u00e9ster de dos componentes de primera calidad, utilizada para rellenar golpes e imperfecciones en la mayor\u00eda de los sustratos.","og_url":"https:\/\/u-pol.com\/es-us\/product\/masillas\/esmaltes\/masilla-ultra-fina-dolphin\/","og_site_name":"U-Pol","article_publisher":"https:\/\/www.facebook.com\/U-POL-UK-409641822803819\/","article_modified_time":"2022-05-31T10:56:58+00:00","og_image":[{"width":500,"height":500,"url":"https:\/\/u-pol.com\/wp-content\/uploads\/Dolphin-Putty.jpg","type":"image\/jpeg"}],"twitter_card":"summary_large_image","twitter_site":"@UpolUK","twitter_misc":{"Est. reading time":"5 minutes"},"schema":{"@context":"https:\/\/schema.org","@graph":[{"@type":"WebPage","@id":"https:\/\/u-pol.com\/es-us\/product\/masillas\/esmaltes\/masilla-ultra-fina-dolphin\/","url":"https:\/\/u-pol.com\/es-us\/product\/masillas\/esmaltes\/masilla-ultra-fina-dolphin\/","name":"Masilla Ultra Fina Dolphin - U-Pol","isPartOf":{"@id":"https:\/\/u-pol.com\/es-us\/#website"},"primaryImageOfPage":{"@id":"https:\/\/u-pol.com\/es-us\/product\/masillas\/esmaltes\/masilla-ultra-fina-dolphin\/#primaryimage"},"image":{"@id":"https:\/\/u-pol.com\/es-us\/product\/masillas\/esmaltes\/masilla-ultra-fina-dolphin\/#primaryimage"},"thumbnailUrl":"https:\/\/u-pol.com\/wp-content\/uploads\/Dolphin-Putty.jpg","datePublished":"2022-04-15T13:41:37+00:00","dateModified":"2022-05-31T10:56:58+00:00","description":"La masilla de acabado Dolphin es una masilla de poli\u00e9ster de dos componentes de primera calidad, utilizada para rellenar golpes e imperfecciones en la mayor\u00eda de los sustratos.","breadcrumb":{"@id":"https:\/\/u-pol.com\/es-us\/product\/masillas\/esmaltes\/masilla-ultra-fina-dolphin\/#breadcrumb"},"inLanguage":"es-US","potentialAction":[{"@type":"ReadAction","target":["https:\/\/u-pol.com\/es-us\/product\/masillas\/esmaltes\/masilla-ultra-fina-dolphin\/"]}]},{"@type":"ImageObject","inLanguage":"es-US","@id":"https:\/\/u-pol.com\/es-us\/product\/masillas\/esmaltes\/masilla-ultra-fina-dolphin\/#primaryimage","url":"https:\/\/u-pol.com\/wp-content\/uploads\/Dolphin-Putty.jpg","contentUrl":"https:\/\/u-pol.com\/wp-content\/uploads\/Dolphin-Putty.jpg","width":500,"height":500,"caption":"Masilla Ultra Fina Dolphin"},{"@type":"BreadcrumbList","@id":"https:\/\/u-pol.com\/es-us\/product\/masillas\/esmaltes\/masilla-ultra-fina-dolphin\/#breadcrumb","itemListElement":[{"@type":"ListItem","position":1,"name":"Home","item":"https:\/\/u-pol.com\/es-us\/"},{"@type":"ListItem","position":2,"name":"Shop","item":"https:\/\/u-pol.com\/?page_id=235"},{"@type":"ListItem","position":3,"name":"Masilla Ultra Fina Dolphin"}]},{"@type":"WebSite","@id":"https:\/\/u-pol.com\/es-us\/#website","url":"https:\/\/u-pol.com\/es-us\/","name":"U-Pol","description":"","publisher":{"@id":"https:\/\/u-pol.com\/es-us\/#organization"},"potentialAction":[{"@type":"SearchAction","target":{"@type":"EntryPoint","urlTemplate":"https:\/\/u-pol.com\/es-us\/?s={search_term_string}"},"query-input":{"@type":"PropertyValueSpecification","valueRequired":true,"valueName":"search_term_string"}}],"inLanguage":"es-US"},{"@type":"Organization","@id":"https:\/\/u-pol.com\/es-us\/#organization","name":"U-POL","url":"https:\/\/u-pol.com\/es-us\/","logo":{"@type":"ImageObject","inLanguage":"es-US","@id":"https:\/\/u-pol.com\/es-us\/#\/schema\/logo\/image\/","url":"https:\/\/u-pol.com\/wp-content\/uploads\/UPOL-sticky-bLogo.png","contentUrl":"https:\/\/u-pol.com\/wp-content\/uploads\/UPOL-sticky-bLogo.png","width":125,"height":75,"caption":"U-POL"},"image":{"@id":"https:\/\/u-pol.com\/es-us\/#\/schema\/logo\/image\/"},"sameAs":["https:\/\/www.facebook.com\/U-POL-UK-409641822803819\/","https:\/\/x.com\/UpolUK"]}]}},"_links":{"self":[{"href":"https:\/\/u-pol.com\/es-us\/wp-json\/wp\/v2\/product\/10517","targetHints":{"allow":["GET"]}}],"collection":[{"href":"https:\/\/u-pol.com\/es-us\/wp-json\/wp\/v2\/product"}],"about":[{"href":"https:\/\/u-pol.com\/es-us\/wp-json\/wp\/v2\/types\/product"}],"wp:featuredmedia":[{"embeddable":true,"href":"https:\/\/u-pol.com\/es-us\/wp-json\/wp\/v2\/media\/10031"}],"wp:attachment":[{"href":"https:\/\/u-pol.com\/es-us\/wp-json\/wp\/v2\/media?parent=10517"}],"wp:term":[{"taxonomy":"product_brand","embeddable":true,"href":"https:\/\/u-pol.com\/es-us\/wp-json\/wp\/v2\/product_brand?post=10517"},{"taxonomy":"product_cat","embeddable":true,"href":"https:\/\/u-pol.com\/es-us\/wp-json\/wp\/v2\/product_cat?post=10517"},{"taxonomy":"product_tag","embeddable":true,"href":"https:\/\/u-pol.com\/es-us\/wp-json\/wp\/v2\/product_tag?post=10517"}],"curies":[{"name":"wp","href":"https:\/\/api.w.org\/{rel}","templated":true}]}}