{"id":10974,"date":"2022-02-15T08:21:06","date_gmt":"2022-02-15T08:21:06","guid":{"rendered":"https:\/\/upol.darkgrey.eu\/product\/uncategorized\/reparacion-de-e-coat-e-coat12\/"},"modified":"2025-07-10T10:54:59","modified_gmt":"2025-07-10T10:54:59","slug":"reparacion-de-e-coat-e-coat12","status":"publish","type":"product","link":"https:\/\/u-pol.com\/es-us\/product\/aerosoles\/aerosoles-premium\/reparacion-de-e-coat-e-coat12\/","title":{"rendered":"Reparaci\u00f3n De E-Coat E-COAT#12"},"content":{"rendered":"<div class=\"fusion-fullwidth fullwidth-box fusion-builder-row-1 fusion-flex-container nonhundred-percent-fullwidth non-hundred-percent-height-scrolling\" style=\"--awb-border-radius-top-left:0px;--awb-border-radius-top-right:0px;--awb-border-radius-bottom-right:0px;--awb-border-radius-bottom-left:0px;--awb-flex-wrap:wrap;\" ><div class=\"fusion-builder-row fusion-row fusion-flex-align-items-flex-start fusion-flex-content-wrap\" style=\"max-width:1203.6px;margin-left: calc(-2% \/ 2 );margin-right: calc(-2% \/ 2 );\"><div class=\"fusion-layout-column fusion_builder_column fusion-builder-column-0 fusion_builder_column_3_4 3_4 fusion-flex-column\" style=\"--awb-bg-size:cover;--awb-width-large:75%;--awb-margin-top-large:0px;--awb-spacing-right-large:1.3066666666667%;--awb-margin-bottom-large:20px;--awb-spacing-left-large:1.3066666666667%;--awb-width-medium:50%;--awb-order-medium:0;--awb-spacing-right-medium:1.96%;--awb-spacing-left-medium:1.96%;--awb-width-small:100%;--awb-order-small:0;--awb-spacing-right-small:0.98%;--awb-spacing-left-small:0.98%;\"><div class=\"fusion-column-wrapper fusion-column-has-shadow fusion-flex-justify-content-flex-end fusion-content-layout-row\"><div ><a class=\"fusion-button button-flat fusion-button-default-size button-default fusion-button-default button-1 fusion-button-default-span fusion-button-default-type\" target=\"lightbox\" rel=\"iLightbox\" href=\"https:\/\/u-pol.com\/wp-content\/uploads\/E-Coat12.mp4\"><span class=\"fusion-button-text awb-button__text awb-button__text--default\">VER EL VIDEO<\/span><\/a><\/div><\/div><\/div><div class=\"fusion-layout-column fusion_builder_column fusion-builder-column-1 fusion_builder_column_1_4 1_4 fusion-flex-column\" style=\"--awb-bg-size:cover;--awb-width-large:25%;--awb-margin-top-large:0px;--awb-spacing-right-large:3.92%;--awb-margin-bottom-large:20px;--awb-spacing-left-large:3.92%;--awb-width-medium:50%;--awb-order-medium:0;--awb-spacing-right-medium:1.96%;--awb-spacing-left-medium:1.96%;--awb-width-small:100%;--awb-order-small:0;--awb-spacing-right-small:0.98%;--awb-spacing-left-small:0.98%;\"><div class=\"fusion-column-wrapper fusion-column-has-shadow fusion-flex-justify-content-flex-start fusion-content-layout-column\"><div ><a class=\"fusion-button button-flat fusion-button-default-size button-default fusion-button-default button-2 fusion-button-default-span fusion-button-default-type\" target=\"_blank\" rel=\"noopener noreferrer\" href=\"https:\/\/u-pol.com\/wp-content\/uploads\/E-Coat12.pdf\"><span class=\"fusion-button-text awb-button__text awb-button__text--default\">Prospecto Informativo<\/span><\/a><\/div><\/div><\/div><div class=\"fusion-layout-column fusion_builder_column fusion-builder-column-2 fusion_builder_column_1_1 1_1 fusion-flex-column\" style=\"--awb-bg-size:cover;--awb-width-large:100%;--awb-margin-top-large:0px;--awb-spacing-right-large:0.98%;--awb-margin-bottom-large:20px;--awb-spacing-left-large:0.98%;--awb-width-medium:100%;--awb-order-medium:0;--awb-spacing-right-medium:0.98%;--awb-spacing-left-medium:0.98%;--awb-width-small:100%;--awb-order-small:0;--awb-spacing-right-small:0.98%;--awb-spacing-left-small:0.98%;\"><div class=\"fusion-column-wrapper fusion-column-has-shadow fusion-flex-justify-content-flex-start fusion-content-layout-column\">\n<div class=\"table-1\">\n<table width=\"100%\">\n<thead>\n<tr>\n<th align=\"left\">C\u00f3digo<\/th>\n<th align=\"left\">Tama\u00f1o<\/th>\n<th align=\"left\">Color<\/th>\n<th align=\"left\">Por Caja<\/th>\n<th align=\"left\">Ver Hoja T\u00e9cnica<\/th>\n<th align=\"left\">Ver Hoja de Seguridad<\/th>\n<\/tr>\n<\/thead>\n<tbody>\n<tr>\n<td align=\"left\">UP0890<\/td>\n<td align=\"left\">Aerosol 450 ml<\/td>\n<td align=\"left\">Negro<\/td>\n<td align=\"left\">6<\/td>\n<td align=\"left\"><a href=\"https:\/\/u-pol.com\/es-us\/video\/up0890-tds-es\/up0890-tds-es\/\" target=\"_blank\" rel=\"noopener\">UP0890 TDS<\/a><\/td>\n<td align=\"left\"><a href=\"https:\/\/use-qa-inf-apiacs.azure-api.net\/publishedsds\/item\/26349\" target=\"_blank\" rel=\"noopener\">UP0890 SDS<\/a><\/td>\n<\/tr>\n<tr>\n<td align=\"left\">UP0891<\/td>\n<td align=\"left\">Aerosol 450 ml<\/td>\n<td align=\"left\">Gris<\/td>\n<td align=\"left\">6<\/td>\n<td align=\"left\"><a href=\"https:\/\/u-pol.com\/es-us\/video\/up0891-tds-es\/up0891-tds-es\/\" target=\"_blank\" rel=\"noopener\">UP0891 TDS<\/a><\/td>\n<td align=\"left\"><a href=\"https:\/\/use-qa-inf-apiacs.azure-api.net\/publishedsds\/item\/26365\" target=\"_blank\" rel=\"noopener\">UP0891 SDS<\/a><\/td>\n<\/tr>\n<tr>\n<td align=\"left\">UP0892<\/td>\n<td align=\"left\">Aerosol 450 ml<\/td>\n<td align=\"left\">Verde Claro<\/td>\n<td align=\"left\">6<\/td>\n<td align=\"left\"><a href=\"https:\/\/u-pol.com\/es-us\/video\/up0892-tds-es\/up0892-tds-es\/\" target=\"_blank\" rel=\"noopener\">UP0892 TDS<\/a><\/td>\n<td align=\"left\"><a href=\"https:\/\/use-qa-inf-apiacs.azure-api.net\/publishedsds\/item\/26339\" target=\"_blank\" rel=\"noopener\">UP0892 SDS<\/a><\/td>\n<\/tr>\n<tr>\n<td align=\"left\">UP0893<\/td>\n<td align=\"left\">Aerosol 450 ml<\/td>\n<td align=\"left\">Beige<\/td>\n<td align=\"left\">6<\/td>\n<td align=\"left\"><a href=\"https:\/\/u-pol.com\/es-us\/video\/up0893-tds-es\/up0893-tds-es\/\" target=\"_blank\" rel=\"noopener\">UP0893 TDS<\/a><\/td>\n<td align=\"left\"><a href=\"https:\/\/use-qa-inf-apiacs.azure-api.net\/publishedsds\/item\/26352\" target=\"_blank\" rel=\"noopener\">UP0893 SDS<\/a><\/td>\n<\/tr>\n<tr>\n<td align=\"left\">UP0894<\/td>\n<td align=\"left\">Aerosol 450 ml<\/td>\n<td align=\"left\">Verde Oliva<\/td>\n<td align=\"left\">6<\/td>\n<td align=\"left\"><a href=\"https:\/\/u-pol.com\/es-us\/video\/up0894-tds-es\/up0894-tds-es\/\" target=\"_blank\" rel=\"noopener\">UP0894 TDS<\/a><\/td>\n<td align=\"left\"><a href=\"https:\/\/use-qa-inf-apiacs.azure-api.net\/publishedsds\/item\/26336\" target=\"_blank\" rel=\"noopener\">UP0894 SDS<\/a><\/td>\n<\/tr>\n<tr>\n<td align=\"left\">UP0895<\/td>\n<td align=\"left\">Aerosol 450 ml<\/td>\n<td align=\"left\">Blanco<\/td>\n<td align=\"left\">&#8211;<\/td>\n<td align=\"left\"><a href=\"https:\/\/u-pol.com\/es-us\/video\/up0895-tds-es\/up0895-tds-es\/\" target=\"_blank\" rel=\"noopener\">UP0895 TDS<\/a><\/td>\n<td align=\"left\"><a href=\"https:\/\/use-qa-inf-apiacs.azure-api.net\/publishedsds\/item\/26343\" target=\"_blank\" rel=\"noopener\">UP0895 SDS<\/a><\/td>\n<\/tr>\n<\/tbody>\n<\/table>\n<\/div>\n<\/div><\/div><\/div><\/div>\n","protected":false},"excerpt":{"rendered":"<h3>PREMIUM AEROSOLS<\/h3>\n<p>Revestimiento \u00fanico directo al metal que combina con el color y el brillo del aparejo y los colores electr\u00f3nicos de f\u00e1brica.<\/p>\n<ul>\n<li>Excelente adherencia sobre metal desnudo, pinturas y aparejos<\/li>\n<li>Super duradero, resistente a los rayos UV<\/li>\n<li>Protecci\u00f3n superior contra la corrosi\u00f3n, pasa una rigurosa prueba de resistencia a la niebla salina de 100 horas<\/li>\n<li>Compatible con la mayor\u00eda de las pinturas<\/li>\n<\/ul>\n","protected":false},"featured_media":9980,"template":"","meta":[],"product_brand":[],"product_cat":[341,342],"product_tag":[366],"class_list":{"0":"post-10974","1":"product","2":"type-product","3":"status-publish","4":"has-post-thumbnail","6":"product_cat-aerosoles","7":"product_cat-aerosoles-premium","8":"product_tag-aerosoles-premium","10":"first","11":"instock","12":"downloadable","13":"virtual","14":"product-type-simple"},"yoast_head":"<title>Reparaci\u00f3n De E-Coat E-COAT#12 - U-Pol<\/title>\n<meta name=\"description\" content=\"Revestimiento \u00fanico directo al metal que combina con el color y el brillo del aparejo y los colores electr\u00f3nicos de f\u00e1brica.\" \/>\n<meta name=\"robots\" content=\"index, follow, max-snippet:-1, max-image-preview:large, max-video-preview:-1\" \/>\n<link rel=\"canonical\" href=\"https:\/\/u-pol.com\/es-us\/product\/aerosoles\/aerosoles-premium\/reparacion-de-e-coat-e-coat12\/\" \/>\n<meta property=\"og:locale\" content=\"es_ES\" \/>\n<meta property=\"og:type\" content=\"article\" \/>\n<meta property=\"og:title\" content=\"Reparaci\u00f3n De E-Coat E-COAT#12 - U-Pol\" \/>\n<meta property=\"og:description\" content=\"Revestimiento \u00fanico directo al metal que combina con el color y el brillo del aparejo y los colores electr\u00f3nicos de f\u00e1brica.\" \/>\n<meta property=\"og:url\" content=\"https:\/\/u-pol.com\/es-us\/product\/aerosoles\/aerosoles-premium\/reparacion-de-e-coat-e-coat12\/\" \/>\n<meta property=\"og:site_name\" content=\"U-Pol\" \/>\n<meta property=\"article:publisher\" content=\"https:\/\/www.facebook.com\/U-POL-UK-409641822803819\/\" \/>\n<meta property=\"article:modified_time\" content=\"2025-07-10T10:54:59+00:00\" \/>\n<meta property=\"og:image\" content=\"https:\/\/u-pol.com\/wp-content\/uploads\/E-COAT12-E-Coat-Repair.jpg\" \/>\n\t<meta property=\"og:image:width\" content=\"500\" \/>\n\t<meta property=\"og:image:height\" content=\"500\" \/>\n\t<meta property=\"og:image:type\" content=\"image\/jpeg\" \/>\n<meta name=\"twitter:card\" content=\"summary_large_image\" \/>\n<meta name=\"twitter:site\" content=\"@UpolUK\" \/>\n<meta name=\"twitter:label1\" content=\"Est. reading time\" \/>\n\t<meta name=\"twitter:data1\" content=\"8 minutes\" \/>\n<script type=\"application\/ld+json\" class=\"yoast-schema-graph\">{\"@context\":\"https:\/\/schema.org\",\"@graph\":[{\"@type\":\"WebPage\",\"@id\":\"https:\/\/u-pol.com\/es-us\/product\/aerosoles\/aerosoles-premium\/reparacion-de-e-coat-e-coat12\/\",\"url\":\"https:\/\/u-pol.com\/es-us\/product\/aerosoles\/aerosoles-premium\/reparacion-de-e-coat-e-coat12\/\",\"name\":\"Reparaci\u00f3n De E-Coat E-COAT#12 - U-Pol\",\"isPartOf\":{\"@id\":\"https:\/\/u-pol.com\/es-us\/#website\"},\"primaryImageOfPage\":{\"@id\":\"https:\/\/u-pol.com\/es-us\/product\/aerosoles\/aerosoles-premium\/reparacion-de-e-coat-e-coat12\/#primaryimage\"},\"image\":{\"@id\":\"https:\/\/u-pol.com\/es-us\/product\/aerosoles\/aerosoles-premium\/reparacion-de-e-coat-e-coat12\/#primaryimage\"},\"thumbnailUrl\":\"https:\/\/u-pol.com\/wp-content\/uploads\/E-COAT12-E-Coat-Repair.jpg\",\"datePublished\":\"2022-02-15T08:21:06+00:00\",\"dateModified\":\"2025-07-10T10:54:59+00:00\",\"description\":\"Revestimiento \u00fanico directo al metal que combina con el color y el brillo del aparejo y los colores electr\u00f3nicos de f\u00e1brica.\",\"breadcrumb\":{\"@id\":\"https:\/\/u-pol.com\/es-us\/product\/aerosoles\/aerosoles-premium\/reparacion-de-e-coat-e-coat12\/#breadcrumb\"},\"inLanguage\":\"es-US\",\"potentialAction\":[{\"@type\":\"ReadAction\",\"target\":[\"https:\/\/u-pol.com\/es-us\/product\/aerosoles\/aerosoles-premium\/reparacion-de-e-coat-e-coat12\/\"]}]},{\"@type\":\"ImageObject\",\"inLanguage\":\"es-US\",\"@id\":\"https:\/\/u-pol.com\/es-us\/product\/aerosoles\/aerosoles-premium\/reparacion-de-e-coat-e-coat12\/#primaryimage\",\"url\":\"https:\/\/u-pol.com\/wp-content\/uploads\/E-COAT12-E-Coat-Repair.jpg\",\"contentUrl\":\"https:\/\/u-pol.com\/wp-content\/uploads\/E-COAT12-E-Coat-Repair.jpg\",\"width\":500,\"height\":500,\"caption\":\"Reparaci\u00f3n De E-Coat E-COAT#12\"},{\"@type\":\"BreadcrumbList\",\"@id\":\"https:\/\/u-pol.com\/es-us\/product\/aerosoles\/aerosoles-premium\/reparacion-de-e-coat-e-coat12\/#breadcrumb\",\"itemListElement\":[{\"@type\":\"ListItem\",\"position\":1,\"name\":\"Home\",\"item\":\"https:\/\/u-pol.com\/es-us\/\"},{\"@type\":\"ListItem\",\"position\":2,\"name\":\"Shop\",\"item\":\"https:\/\/u-pol.com\/?page_id=235\"},{\"@type\":\"ListItem\",\"position\":3,\"name\":\"Reparaci\u00f3n De E-Coat E-COAT#12\"}]},{\"@type\":\"WebSite\",\"@id\":\"https:\/\/u-pol.com\/es-us\/#website\",\"url\":\"https:\/\/u-pol.com\/es-us\/\",\"name\":\"U-Pol\",\"description\":\"\",\"publisher\":{\"@id\":\"https:\/\/u-pol.com\/es-us\/#organization\"},\"potentialAction\":[{\"@type\":\"SearchAction\",\"target\":{\"@type\":\"EntryPoint\",\"urlTemplate\":\"https:\/\/u-pol.com\/es-us\/?s={search_term_string}\"},\"query-input\":{\"@type\":\"PropertyValueSpecification\",\"valueRequired\":true,\"valueName\":\"search_term_string\"}}],\"inLanguage\":\"es-US\"},{\"@type\":\"Organization\",\"@id\":\"https:\/\/u-pol.com\/es-us\/#organization\",\"name\":\"U-POL\",\"url\":\"https:\/\/u-pol.com\/es-us\/\",\"logo\":{\"@type\":\"ImageObject\",\"inLanguage\":\"es-US\",\"@id\":\"https:\/\/u-pol.com\/es-us\/#\/schema\/logo\/image\/\",\"url\":\"https:\/\/u-pol.com\/wp-content\/uploads\/UPOL-sticky-bLogo.png\",\"contentUrl\":\"https:\/\/u-pol.com\/wp-content\/uploads\/UPOL-sticky-bLogo.png\",\"width\":125,\"height\":75,\"caption\":\"U-POL\"},\"image\":{\"@id\":\"https:\/\/u-pol.com\/es-us\/#\/schema\/logo\/image\/\"},\"sameAs\":[\"https:\/\/www.facebook.com\/U-POL-UK-409641822803819\/\",\"https:\/\/x.com\/UpolUK\"]}]}<\/script>","yoast_head_json":{"title":"Reparaci\u00f3n De E-Coat E-COAT#12 - U-Pol","description":"Revestimiento \u00fanico directo al metal que combina con el color y el brillo del aparejo y los colores electr\u00f3nicos de f\u00e1brica.","robots":{"index":"index","follow":"follow","max-snippet":"max-snippet:-1","max-image-preview":"max-image-preview:large","max-video-preview":"max-video-preview:-1"},"canonical":"https:\/\/u-pol.com\/es-us\/product\/aerosoles\/aerosoles-premium\/reparacion-de-e-coat-e-coat12\/","og_locale":"es_ES","og_type":"article","og_title":"Reparaci\u00f3n De E-Coat E-COAT#12 - U-Pol","og_description":"Revestimiento \u00fanico directo al metal que combina con el color y el brillo del aparejo y los colores electr\u00f3nicos de f\u00e1brica.","og_url":"https:\/\/u-pol.com\/es-us\/product\/aerosoles\/aerosoles-premium\/reparacion-de-e-coat-e-coat12\/","og_site_name":"U-Pol","article_publisher":"https:\/\/www.facebook.com\/U-POL-UK-409641822803819\/","article_modified_time":"2025-07-10T10:54:59+00:00","og_image":[{"width":500,"height":500,"url":"https:\/\/u-pol.com\/wp-content\/uploads\/E-COAT12-E-Coat-Repair.jpg","type":"image\/jpeg"}],"twitter_card":"summary_large_image","twitter_site":"@UpolUK","twitter_misc":{"Est. reading time":"8 minutes"},"schema":{"@context":"https:\/\/schema.org","@graph":[{"@type":"WebPage","@id":"https:\/\/u-pol.com\/es-us\/product\/aerosoles\/aerosoles-premium\/reparacion-de-e-coat-e-coat12\/","url":"https:\/\/u-pol.com\/es-us\/product\/aerosoles\/aerosoles-premium\/reparacion-de-e-coat-e-coat12\/","name":"Reparaci\u00f3n De E-Coat E-COAT#12 - U-Pol","isPartOf":{"@id":"https:\/\/u-pol.com\/es-us\/#website"},"primaryImageOfPage":{"@id":"https:\/\/u-pol.com\/es-us\/product\/aerosoles\/aerosoles-premium\/reparacion-de-e-coat-e-coat12\/#primaryimage"},"image":{"@id":"https:\/\/u-pol.com\/es-us\/product\/aerosoles\/aerosoles-premium\/reparacion-de-e-coat-e-coat12\/#primaryimage"},"thumbnailUrl":"https:\/\/u-pol.com\/wp-content\/uploads\/E-COAT12-E-Coat-Repair.jpg","datePublished":"2022-02-15T08:21:06+00:00","dateModified":"2025-07-10T10:54:59+00:00","description":"Revestimiento \u00fanico directo al metal que combina con el color y el brillo del aparejo y los colores electr\u00f3nicos de f\u00e1brica.","breadcrumb":{"@id":"https:\/\/u-pol.com\/es-us\/product\/aerosoles\/aerosoles-premium\/reparacion-de-e-coat-e-coat12\/#breadcrumb"},"inLanguage":"es-US","potentialAction":[{"@type":"ReadAction","target":["https:\/\/u-pol.com\/es-us\/product\/aerosoles\/aerosoles-premium\/reparacion-de-e-coat-e-coat12\/"]}]},{"@type":"ImageObject","inLanguage":"es-US","@id":"https:\/\/u-pol.com\/es-us\/product\/aerosoles\/aerosoles-premium\/reparacion-de-e-coat-e-coat12\/#primaryimage","url":"https:\/\/u-pol.com\/wp-content\/uploads\/E-COAT12-E-Coat-Repair.jpg","contentUrl":"https:\/\/u-pol.com\/wp-content\/uploads\/E-COAT12-E-Coat-Repair.jpg","width":500,"height":500,"caption":"Reparaci\u00f3n De E-Coat E-COAT#12"},{"@type":"BreadcrumbList","@id":"https:\/\/u-pol.com\/es-us\/product\/aerosoles\/aerosoles-premium\/reparacion-de-e-coat-e-coat12\/#breadcrumb","itemListElement":[{"@type":"ListItem","position":1,"name":"Home","item":"https:\/\/u-pol.com\/es-us\/"},{"@type":"ListItem","position":2,"name":"Shop","item":"https:\/\/u-pol.com\/?page_id=235"},{"@type":"ListItem","position":3,"name":"Reparaci\u00f3n De E-Coat E-COAT#12"}]},{"@type":"WebSite","@id":"https:\/\/u-pol.com\/es-us\/#website","url":"https:\/\/u-pol.com\/es-us\/","name":"U-Pol","description":"","publisher":{"@id":"https:\/\/u-pol.com\/es-us\/#organization"},"potentialAction":[{"@type":"SearchAction","target":{"@type":"EntryPoint","urlTemplate":"https:\/\/u-pol.com\/es-us\/?s={search_term_string}"},"query-input":{"@type":"PropertyValueSpecification","valueRequired":true,"valueName":"search_term_string"}}],"inLanguage":"es-US"},{"@type":"Organization","@id":"https:\/\/u-pol.com\/es-us\/#organization","name":"U-POL","url":"https:\/\/u-pol.com\/es-us\/","logo":{"@type":"ImageObject","inLanguage":"es-US","@id":"https:\/\/u-pol.com\/es-us\/#\/schema\/logo\/image\/","url":"https:\/\/u-pol.com\/wp-content\/uploads\/UPOL-sticky-bLogo.png","contentUrl":"https:\/\/u-pol.com\/wp-content\/uploads\/UPOL-sticky-bLogo.png","width":125,"height":75,"caption":"U-POL"},"image":{"@id":"https:\/\/u-pol.com\/es-us\/#\/schema\/logo\/image\/"},"sameAs":["https:\/\/www.facebook.com\/U-POL-UK-409641822803819\/","https:\/\/x.com\/UpolUK"]}]}},"_links":{"self":[{"href":"https:\/\/u-pol.com\/es-us\/wp-json\/wp\/v2\/product\/10974","targetHints":{"allow":["GET"]}}],"collection":[{"href":"https:\/\/u-pol.com\/es-us\/wp-json\/wp\/v2\/product"}],"about":[{"href":"https:\/\/u-pol.com\/es-us\/wp-json\/wp\/v2\/types\/product"}],"wp:featuredmedia":[{"embeddable":true,"href":"https:\/\/u-pol.com\/es-us\/wp-json\/wp\/v2\/media\/9980"}],"wp:attachment":[{"href":"https:\/\/u-pol.com\/es-us\/wp-json\/wp\/v2\/media?parent=10974"}],"wp:term":[{"taxonomy":"product_brand","embeddable":true,"href":"https:\/\/u-pol.com\/es-us\/wp-json\/wp\/v2\/product_brand?post=10974"},{"taxonomy":"product_cat","embeddable":true,"href":"https:\/\/u-pol.com\/es-us\/wp-json\/wp\/v2\/product_cat?post=10974"},{"taxonomy":"product_tag","embeddable":true,"href":"https:\/\/u-pol.com\/es-us\/wp-json\/wp\/v2\/product_tag?post=10974"}],"curies":[{"name":"wp","href":"https:\/\/api.w.org\/{rel}","templated":true}]}}