{"id":11232,"date":"2022-04-05T09:33:09","date_gmt":"2022-04-05T09:33:09","guid":{"rendered":"https:\/\/upol.darkgrey.eu\/product\/uncategorized\/aerosol-2k-raptor\/"},"modified":"2022-06-01T11:32:43","modified_gmt":"2022-06-01T11:32:43","slug":"aerosol-2k-raptor","status":"publish","type":"product","link":"https:\/\/u-pol.com\/es-us\/product\/revestimiento-protector-de-cubierta\/raptor-2k-aerosoles\/aerosol-2k-raptor\/","title":{"rendered":"Aerosol 2K RAPTOR"},"content":{"rendered":"<div class=\"fusion-fullwidth fullwidth-box fusion-builder-row-1 fusion-flex-container nonhundred-percent-fullwidth non-hundred-percent-height-scrolling\" style=\"--awb-border-radius-top-left:0px;--awb-border-radius-top-right:0px;--awb-border-radius-bottom-right:0px;--awb-border-radius-bottom-left:0px;--awb-margin-top:20px;--awb-flex-wrap:wrap;\" ><div class=\"fusion-builder-row fusion-row fusion-flex-align-items-flex-start fusion-flex-content-wrap\" style=\"max-width:1203.6px;margin-left: calc(-2% \/ 2 );margin-right: calc(-2% \/ 2 );\"><div class=\"fusion-layout-column fusion_builder_column fusion-builder-column-0 fusion_builder_column_1_1 1_1 fusion-flex-column\" style=\"--awb-bg-size:cover;--awb-width-large:100%;--awb-margin-top-large:0px;--awb-spacing-right-large:0.98%;--awb-margin-bottom-large:20px;--awb-spacing-left-large:0.98%;--awb-width-medium:100%;--awb-order-medium:0;--awb-spacing-right-medium:0.98%;--awb-spacing-left-medium:0.98%;--awb-width-small:100%;--awb-order-small:0;--awb-spacing-right-small:0.98%;--awb-spacing-left-small:0.98%;\"><div class=\"fusion-column-wrapper fusion-column-has-shadow fusion-flex-justify-content-flex-start fusion-content-layout-column\">\n<div class=\"table-1\">\n<table width=\"100%\">\n<thead>\n<tr>\n<th align=\"left\">C\u00f3digo<\/th>\n<th align=\"left\">Tama\u00f1o<\/th>\n<th align=\"left\">Color<\/th>\n<th align=\"left\">Por Caja<\/th>\n<th align=\"left\">Ver Hoja T\u00e9cnica<\/th>\n<th align=\"left\">Ver Hoja de Seguridad<\/th>\n<\/tr>\n<\/thead>\n<tbody>\n<tr>\n<td align=\"left\">UP4883<\/td>\n<td align=\"left\">Aerosol 13.2 Oz.<\/td>\n<td align=\"left\">Negro<\/td>\n<td align=\"left\">6<\/td>\n<td align=\"left\"><a href=\"https:\/\/u-pol.com\/es-us\/video\/up4883-tds-es\/up4883-tds-es\/\" target=\"_blank\" rel=\"noopener\">UP4883 TDS<\/a><\/td>\n<td align=\"left\"><a href=\"https:\/\/u-pol.com\/es-us\/video\/up4883-sds-es\/up4883-sds-es\/\" target=\"_blank\" rel=\"noopener\">UP4883 SDS<\/a><\/td>\n<\/tr>\n<tr>\n<td align=\"left\">UP4884<\/td>\n<td align=\"left\">Aerosol 13.2 Oz.<\/td>\n<td align=\"left\">Basalt Grey<\/td>\n<td align=\"left\">6<\/td>\n<td align=\"left\"><a href=\"https:\/\/u-pol.com\/es-us\/video\/up4884-tds-es\/up4884-tds-es\/\" target=\"_blank\" rel=\"noopener\">UP4884 TDS<\/a><\/td>\n<td align=\"left\"><a href=\"https:\/\/u-pol.com\/es-us\/video\/up4884-sds-es\/up4884-sds-es\/\" target=\"_blank\" rel=\"noopener\">UP4884 SDS<\/a><\/td>\n<\/tr>\n<tr>\n<td align=\"left\">UP4885<\/td>\n<td align=\"left\">Aerosol 13.2 Oz.<\/td>\n<td align=\"left\">Blanco<\/td>\n<td align=\"left\">6<\/td>\n<td align=\"left\"><a href=\"https:\/\/u-pol.com\/es-us\/video\/up4885-tds-es\/up4885-tds-es\/\" target=\"_blank\" rel=\"noopener\">UP4885 TDS<\/a><\/td>\n<td align=\"left\"><a href=\"https:\/\/u-pol.com\/es-us\/video\/up4885-sds-es\/up4885-sds-es\/\" target=\"_blank\" rel=\"noopener\">UP4885 SDS<\/a><\/td>\n<\/tr>\n<tr>\n<td align=\"left\">UP4886<\/td>\n<td align=\"left\">Aerosol 13.2 Oz.<\/td>\n<td align=\"left\">Llama Roja<\/td>\n<td align=\"left\">6<\/td>\n<td align=\"left\"><a href=\"https:\/\/u-pol.com\/es-us\/video\/up4886-tds-es\/up4886-tds-es\/\" target=\"_blank\" rel=\"noopener\">UP4886 TDS<\/a><\/td>\n<td align=\"left\"><a href=\"https:\/\/u-pol.com\/es-us\/video\/up4886-sds-es\/up4886-sds-es\/\" target=\"_blank\" rel=\"noopener\">UP4886 SDS<\/a><\/td>\n<\/tr>\n<tr>\n<td align=\"left\">UP4887<\/td>\n<td align=\"left\">Aerosol 13.2 Oz.<\/td>\n<td align=\"left\">Verde Oliva<\/td>\n<td align=\"left\">6<\/td>\n<td align=\"left\"><a href=\"https:\/\/u-pol.com\/es-us\/video\/up4887-tds-es\/up4887-tds-es\/\" target=\"_blank\" rel=\"noopener\">UP4887 TDS<\/a><\/td>\n<td align=\"left\"><a href=\"https:\/\/u-pol.com\/es-us\/video\/up4887-sds-es\/up4887-sds-es\/\" target=\"_blank\" rel=\"noopener\">UP4887 SDS<\/a><\/td>\n<\/tr>\n<tr>\n<td align=\"left\">UP4888<\/td>\n<td align=\"left\">Aerosol 13.2 Oz.<\/td>\n<td align=\"left\">Marr\u00f3n Sepia<\/td>\n<td align=\"left\">6<\/td>\n<td align=\"left\"><a href=\"https:\/\/u-pol.com\/es-us\/video\/up4888-tds-es\/up4888-tds-es\/\" target=\"_blank\" rel=\"noopener\">UP4888 TDS<\/a><\/td>\n<td align=\"left\"><a href=\"https:\/\/u-pol.com\/es-us\/video\/up4888-sds-es\/up4888-sds-es\/\" target=\"_blank\" rel=\"noopener\">UP4888 SDS<\/a><\/td>\n<\/tr>\n<tr>\n<td align=\"left\">UP4889<\/td>\n<td align=\"left\">Aerosol 13.2 Oz.<\/td>\n<td align=\"left\">Azul<\/td>\n<td align=\"left\">6<\/td>\n<td align=\"left\"><a href=\"https:\/\/u-pol.com\/es-us\/video\/up4889-tds-es\/up4889-tds-es\/\" target=\"_blank\" rel=\"noopener\">UP4889 TDS<\/a><\/td>\n<td align=\"left\"><a href=\"https:\/\/u-pol.com\/es-us\/video\/up4889-sds-es\/up4889-sds-es\/\" target=\"_blank\" rel=\"noopener\">UP4889 SDS<\/a><\/td>\n<\/tr>\n<\/tbody>\n<\/table>\n<\/div>\n<\/div><\/div><\/div><\/div>\n","protected":false},"excerpt":{"rendered":"<h3>RAPTOR<sup>\u00ae<\/sup><\/h3>\n<p>El sistema de Aerosol 2K RAPTOR es una forma conveniente, f\u00e1cil y r\u00e1pida de aplicar, sin comprometer el rendimiento y sin los equipos de pulverizaci\u00f3n necesarios. Ideal para reparaciones peque\u00f1as y trabajos peque\u00f1os. M\u00e1s que un simple recubrimiento para pick-up, RAPTOR es muy resistente y duradero. Use RAPTOR en superficies que necesitan protecci\u00f3n para resistir las situaciones m\u00e1s dif\u00edciles. RAPTOR es simple de usar. Ahora puede aplicar el sistema de aerosol RAPTOR 2K para una aplicaci\u00f3n limpia y sin limpieza. \u00a1Es f\u00e1cil!<\/p>\n<ul>\n<li>F\u00e1cil y pr\u00e1ctico: active con la v\u00e1lvula en la base<\/li>\n<li>Acabado texturizado tipo pistola<\/li>\n<li>No se necesita equipo de pulverizaci\u00f3n<\/li>\n<\/ul>\n","protected":false},"featured_media":9195,"template":"","meta":[],"product_brand":[],"product_cat":[352,350],"product_tag":[362],"class_list":{"0":"post-11232","1":"product","2":"type-product","3":"status-publish","4":"has-post-thumbnail","6":"product_cat-revestimiento-protector-de-cubierta","7":"product_cat-raptor-2k-aerosoles","8":"product_tag-raptor","10":"first","11":"instock","12":"downloadable","13":"virtual","14":"sold-individually","15":"product-type-simple"},"yoast_head":"<title>Aerosol 2K RAPTOR - U-Pol<\/title>\n<meta name=\"description\" content=\"El sistema de Aerosol 2K RAPTOR es una forma conveniente, f\u00e1cil y r\u00e1pida de aplicar, sin comprometer el rendimiento y sin los equipos de pulverizaci\u00f3n necesarios.\" \/>\n<meta name=\"robots\" content=\"index, follow, max-snippet:-1, max-image-preview:large, max-video-preview:-1\" \/>\n<link rel=\"canonical\" href=\"https:\/\/u-pol.com\/es-us\/product\/revestimiento-protector-de-cubierta\/raptor-2k-aerosoles\/aerosol-2k-raptor\/\" \/>\n<meta property=\"og:locale\" content=\"es_ES\" \/>\n<meta property=\"og:type\" content=\"article\" \/>\n<meta property=\"og:title\" content=\"Aerosol 2K RAPTOR - U-Pol\" \/>\n<meta property=\"og:description\" content=\"El sistema de Aerosol 2K RAPTOR es una forma conveniente, f\u00e1cil y r\u00e1pida de aplicar, sin comprometer el rendimiento y sin los equipos de pulverizaci\u00f3n necesarios.\" \/>\n<meta property=\"og:url\" content=\"https:\/\/u-pol.com\/es-us\/product\/revestimiento-protector-de-cubierta\/raptor-2k-aerosoles\/aerosol-2k-raptor\/\" \/>\n<meta property=\"og:site_name\" content=\"U-Pol\" \/>\n<meta property=\"article:publisher\" content=\"https:\/\/www.facebook.com\/U-POL-UK-409641822803819\/\" \/>\n<meta property=\"article:modified_time\" content=\"2022-06-01T11:32:43+00:00\" \/>\n<meta property=\"og:image\" content=\"https:\/\/u-pol.com\/wp-content\/uploads\/RLB-RAPTOR-2K-Aerosol-Protective-Coating.jpg\" \/>\n\t<meta property=\"og:image:width\" content=\"500\" \/>\n\t<meta property=\"og:image:height\" content=\"500\" \/>\n\t<meta property=\"og:image:type\" content=\"image\/jpeg\" \/>\n<meta name=\"twitter:card\" content=\"summary_large_image\" \/>\n<meta name=\"twitter:site\" content=\"@UpolUK\" \/>\n<meta name=\"twitter:label1\" content=\"Est. reading time\" \/>\n\t<meta name=\"twitter:data1\" content=\"3 minutes\" \/>\n<script type=\"application\/ld+json\" class=\"yoast-schema-graph\">{\"@context\":\"https:\/\/schema.org\",\"@graph\":[{\"@type\":\"WebPage\",\"@id\":\"https:\/\/u-pol.com\/es-us\/product\/revestimiento-protector-de-cubierta\/raptor-2k-aerosoles\/aerosol-2k-raptor\/\",\"url\":\"https:\/\/u-pol.com\/es-us\/product\/revestimiento-protector-de-cubierta\/raptor-2k-aerosoles\/aerosol-2k-raptor\/\",\"name\":\"Aerosol 2K RAPTOR - U-Pol\",\"isPartOf\":{\"@id\":\"https:\/\/u-pol.com\/es-us\/#website\"},\"primaryImageOfPage\":{\"@id\":\"https:\/\/u-pol.com\/es-us\/product\/revestimiento-protector-de-cubierta\/raptor-2k-aerosoles\/aerosol-2k-raptor\/#primaryimage\"},\"image\":{\"@id\":\"https:\/\/u-pol.com\/es-us\/product\/revestimiento-protector-de-cubierta\/raptor-2k-aerosoles\/aerosol-2k-raptor\/#primaryimage\"},\"thumbnailUrl\":\"https:\/\/u-pol.com\/wp-content\/uploads\/RLB-RAPTOR-2K-Aerosol-Protective-Coating.jpg\",\"datePublished\":\"2022-04-05T09:33:09+00:00\",\"dateModified\":\"2022-06-01T11:32:43+00:00\",\"description\":\"El sistema de Aerosol 2K RAPTOR es una forma conveniente, f\u00e1cil y r\u00e1pida de aplicar, sin comprometer el rendimiento y sin los equipos de pulverizaci\u00f3n necesarios.\",\"breadcrumb\":{\"@id\":\"https:\/\/u-pol.com\/es-us\/product\/revestimiento-protector-de-cubierta\/raptor-2k-aerosoles\/aerosol-2k-raptor\/#breadcrumb\"},\"inLanguage\":\"es-US\",\"potentialAction\":[{\"@type\":\"ReadAction\",\"target\":[\"https:\/\/u-pol.com\/es-us\/product\/revestimiento-protector-de-cubierta\/raptor-2k-aerosoles\/aerosol-2k-raptor\/\"]}]},{\"@type\":\"ImageObject\",\"inLanguage\":\"es-US\",\"@id\":\"https:\/\/u-pol.com\/es-us\/product\/revestimiento-protector-de-cubierta\/raptor-2k-aerosoles\/aerosol-2k-raptor\/#primaryimage\",\"url\":\"https:\/\/u-pol.com\/wp-content\/uploads\/RLB-RAPTOR-2K-Aerosol-Protective-Coating.jpg\",\"contentUrl\":\"https:\/\/u-pol.com\/wp-content\/uploads\/RLB-RAPTOR-2K-Aerosol-Protective-Coating.jpg\",\"width\":500,\"height\":500,\"caption\":\"Aerosol 2K RAPTOR\"},{\"@type\":\"BreadcrumbList\",\"@id\":\"https:\/\/u-pol.com\/es-us\/product\/revestimiento-protector-de-cubierta\/raptor-2k-aerosoles\/aerosol-2k-raptor\/#breadcrumb\",\"itemListElement\":[{\"@type\":\"ListItem\",\"position\":1,\"name\":\"Home\",\"item\":\"https:\/\/u-pol.com\/es-us\/\"},{\"@type\":\"ListItem\",\"position\":2,\"name\":\"Shop\",\"item\":\"https:\/\/u-pol.com\/?page_id=235\"},{\"@type\":\"ListItem\",\"position\":3,\"name\":\"Aerosol 2K RAPTOR\"}]},{\"@type\":\"WebSite\",\"@id\":\"https:\/\/u-pol.com\/es-us\/#website\",\"url\":\"https:\/\/u-pol.com\/es-us\/\",\"name\":\"U-Pol\",\"description\":\"\",\"publisher\":{\"@id\":\"https:\/\/u-pol.com\/es-us\/#organization\"},\"potentialAction\":[{\"@type\":\"SearchAction\",\"target\":{\"@type\":\"EntryPoint\",\"urlTemplate\":\"https:\/\/u-pol.com\/es-us\/?s={search_term_string}\"},\"query-input\":{\"@type\":\"PropertyValueSpecification\",\"valueRequired\":true,\"valueName\":\"search_term_string\"}}],\"inLanguage\":\"es-US\"},{\"@type\":\"Organization\",\"@id\":\"https:\/\/u-pol.com\/es-us\/#organization\",\"name\":\"U-POL\",\"url\":\"https:\/\/u-pol.com\/es-us\/\",\"logo\":{\"@type\":\"ImageObject\",\"inLanguage\":\"es-US\",\"@id\":\"https:\/\/u-pol.com\/es-us\/#\/schema\/logo\/image\/\",\"url\":\"https:\/\/u-pol.com\/wp-content\/uploads\/UPOL-sticky-bLogo.png\",\"contentUrl\":\"https:\/\/u-pol.com\/wp-content\/uploads\/UPOL-sticky-bLogo.png\",\"width\":125,\"height\":75,\"caption\":\"U-POL\"},\"image\":{\"@id\":\"https:\/\/u-pol.com\/es-us\/#\/schema\/logo\/image\/\"},\"sameAs\":[\"https:\/\/www.facebook.com\/U-POL-UK-409641822803819\/\",\"https:\/\/x.com\/UpolUK\"]}]}<\/script>","yoast_head_json":{"title":"Aerosol 2K RAPTOR - U-Pol","description":"El sistema de Aerosol 2K RAPTOR es una forma conveniente, f\u00e1cil y r\u00e1pida de aplicar, sin comprometer el rendimiento y sin los equipos de pulverizaci\u00f3n necesarios.","robots":{"index":"index","follow":"follow","max-snippet":"max-snippet:-1","max-image-preview":"max-image-preview:large","max-video-preview":"max-video-preview:-1"},"canonical":"https:\/\/u-pol.com\/es-us\/product\/revestimiento-protector-de-cubierta\/raptor-2k-aerosoles\/aerosol-2k-raptor\/","og_locale":"es_ES","og_type":"article","og_title":"Aerosol 2K RAPTOR - U-Pol","og_description":"El sistema de Aerosol 2K RAPTOR es una forma conveniente, f\u00e1cil y r\u00e1pida de aplicar, sin comprometer el rendimiento y sin los equipos de pulverizaci\u00f3n necesarios.","og_url":"https:\/\/u-pol.com\/es-us\/product\/revestimiento-protector-de-cubierta\/raptor-2k-aerosoles\/aerosol-2k-raptor\/","og_site_name":"U-Pol","article_publisher":"https:\/\/www.facebook.com\/U-POL-UK-409641822803819\/","article_modified_time":"2022-06-01T11:32:43+00:00","og_image":[{"width":500,"height":500,"url":"https:\/\/u-pol.com\/wp-content\/uploads\/RLB-RAPTOR-2K-Aerosol-Protective-Coating.jpg","type":"image\/jpeg"}],"twitter_card":"summary_large_image","twitter_site":"@UpolUK","twitter_misc":{"Est. reading time":"3 minutes"},"schema":{"@context":"https:\/\/schema.org","@graph":[{"@type":"WebPage","@id":"https:\/\/u-pol.com\/es-us\/product\/revestimiento-protector-de-cubierta\/raptor-2k-aerosoles\/aerosol-2k-raptor\/","url":"https:\/\/u-pol.com\/es-us\/product\/revestimiento-protector-de-cubierta\/raptor-2k-aerosoles\/aerosol-2k-raptor\/","name":"Aerosol 2K RAPTOR - U-Pol","isPartOf":{"@id":"https:\/\/u-pol.com\/es-us\/#website"},"primaryImageOfPage":{"@id":"https:\/\/u-pol.com\/es-us\/product\/revestimiento-protector-de-cubierta\/raptor-2k-aerosoles\/aerosol-2k-raptor\/#primaryimage"},"image":{"@id":"https:\/\/u-pol.com\/es-us\/product\/revestimiento-protector-de-cubierta\/raptor-2k-aerosoles\/aerosol-2k-raptor\/#primaryimage"},"thumbnailUrl":"https:\/\/u-pol.com\/wp-content\/uploads\/RLB-RAPTOR-2K-Aerosol-Protective-Coating.jpg","datePublished":"2022-04-05T09:33:09+00:00","dateModified":"2022-06-01T11:32:43+00:00","description":"El sistema de Aerosol 2K RAPTOR es una forma conveniente, f\u00e1cil y r\u00e1pida de aplicar, sin comprometer el rendimiento y sin los equipos de pulverizaci\u00f3n necesarios.","breadcrumb":{"@id":"https:\/\/u-pol.com\/es-us\/product\/revestimiento-protector-de-cubierta\/raptor-2k-aerosoles\/aerosol-2k-raptor\/#breadcrumb"},"inLanguage":"es-US","potentialAction":[{"@type":"ReadAction","target":["https:\/\/u-pol.com\/es-us\/product\/revestimiento-protector-de-cubierta\/raptor-2k-aerosoles\/aerosol-2k-raptor\/"]}]},{"@type":"ImageObject","inLanguage":"es-US","@id":"https:\/\/u-pol.com\/es-us\/product\/revestimiento-protector-de-cubierta\/raptor-2k-aerosoles\/aerosol-2k-raptor\/#primaryimage","url":"https:\/\/u-pol.com\/wp-content\/uploads\/RLB-RAPTOR-2K-Aerosol-Protective-Coating.jpg","contentUrl":"https:\/\/u-pol.com\/wp-content\/uploads\/RLB-RAPTOR-2K-Aerosol-Protective-Coating.jpg","width":500,"height":500,"caption":"Aerosol 2K RAPTOR"},{"@type":"BreadcrumbList","@id":"https:\/\/u-pol.com\/es-us\/product\/revestimiento-protector-de-cubierta\/raptor-2k-aerosoles\/aerosol-2k-raptor\/#breadcrumb","itemListElement":[{"@type":"ListItem","position":1,"name":"Home","item":"https:\/\/u-pol.com\/es-us\/"},{"@type":"ListItem","position":2,"name":"Shop","item":"https:\/\/u-pol.com\/?page_id=235"},{"@type":"ListItem","position":3,"name":"Aerosol 2K RAPTOR"}]},{"@type":"WebSite","@id":"https:\/\/u-pol.com\/es-us\/#website","url":"https:\/\/u-pol.com\/es-us\/","name":"U-Pol","description":"","publisher":{"@id":"https:\/\/u-pol.com\/es-us\/#organization"},"potentialAction":[{"@type":"SearchAction","target":{"@type":"EntryPoint","urlTemplate":"https:\/\/u-pol.com\/es-us\/?s={search_term_string}"},"query-input":{"@type":"PropertyValueSpecification","valueRequired":true,"valueName":"search_term_string"}}],"inLanguage":"es-US"},{"@type":"Organization","@id":"https:\/\/u-pol.com\/es-us\/#organization","name":"U-POL","url":"https:\/\/u-pol.com\/es-us\/","logo":{"@type":"ImageObject","inLanguage":"es-US","@id":"https:\/\/u-pol.com\/es-us\/#\/schema\/logo\/image\/","url":"https:\/\/u-pol.com\/wp-content\/uploads\/UPOL-sticky-bLogo.png","contentUrl":"https:\/\/u-pol.com\/wp-content\/uploads\/UPOL-sticky-bLogo.png","width":125,"height":75,"caption":"U-POL"},"image":{"@id":"https:\/\/u-pol.com\/es-us\/#\/schema\/logo\/image\/"},"sameAs":["https:\/\/www.facebook.com\/U-POL-UK-409641822803819\/","https:\/\/x.com\/UpolUK"]}]}},"_links":{"self":[{"href":"https:\/\/u-pol.com\/es-us\/wp-json\/wp\/v2\/product\/11232","targetHints":{"allow":["GET"]}}],"collection":[{"href":"https:\/\/u-pol.com\/es-us\/wp-json\/wp\/v2\/product"}],"about":[{"href":"https:\/\/u-pol.com\/es-us\/wp-json\/wp\/v2\/types\/product"}],"wp:featuredmedia":[{"embeddable":true,"href":"https:\/\/u-pol.com\/es-us\/wp-json\/wp\/v2\/media\/9195"}],"wp:attachment":[{"href":"https:\/\/u-pol.com\/es-us\/wp-json\/wp\/v2\/media?parent=11232"}],"wp:term":[{"taxonomy":"product_brand","embeddable":true,"href":"https:\/\/u-pol.com\/es-us\/wp-json\/wp\/v2\/product_brand?post=11232"},{"taxonomy":"product_cat","embeddable":true,"href":"https:\/\/u-pol.com\/es-us\/wp-json\/wp\/v2\/product_cat?post=11232"},{"taxonomy":"product_tag","embeddable":true,"href":"https:\/\/u-pol.com\/es-us\/wp-json\/wp\/v2\/product_tag?post=11232"}],"curies":[{"name":"wp","href":"https:\/\/api.w.org\/{rel}","templated":true}]}}