{"id":11250,"date":"2022-04-05T09:40:07","date_gmt":"2022-04-05T09:40:07","guid":{"rendered":"https:\/\/upol.darkgrey.eu\/product\/uncategorized\/kit-raptor-1-botella\/"},"modified":"2022-05-20T14:52:42","modified_gmt":"2022-05-20T14:52:42","slug":"kit-raptor-1-botella","status":"publish","type":"product","link":"https:\/\/u-pol.com\/es-us\/product\/revestimiento-protector-de-cubierta\/raptor-revestimiento-protector\/kit-raptor-1-botella\/","title":{"rendered":"Kit RAPTOR 1 Botella"},"content":{"rendered":"<div class=\"fusion-fullwidth fullwidth-box fusion-builder-row-1 fusion-flex-container nonhundred-percent-fullwidth non-hundred-percent-height-scrolling\" style=\"--awb-border-radius-top-left:0px;--awb-border-radius-top-right:0px;--awb-border-radius-bottom-right:0px;--awb-border-radius-bottom-left:0px;--awb-margin-top:20px;--awb-flex-wrap:wrap;\" ><div class=\"fusion-builder-row fusion-row fusion-flex-align-items-flex-start fusion-flex-content-wrap\" style=\"max-width:1203.6px;margin-left: calc(-2% \/ 2 );margin-right: calc(-2% \/ 2 );\"><div class=\"fusion-layout-column fusion_builder_column fusion-builder-column-0 fusion_builder_column_1_1 1_1 fusion-flex-column\" style=\"--awb-bg-size:cover;--awb-width-large:100%;--awb-margin-top-large:0px;--awb-spacing-right-large:0.98%;--awb-margin-bottom-large:20px;--awb-spacing-left-large:0.98%;--awb-width-medium:100%;--awb-order-medium:0;--awb-spacing-right-medium:0.98%;--awb-spacing-left-medium:0.98%;--awb-width-small:100%;--awb-order-small:0;--awb-spacing-right-small:0.98%;--awb-spacing-left-small:0.98%;\"><div class=\"fusion-column-wrapper fusion-column-has-shadow fusion-flex-justify-content-flex-end fusion-content-layout-row\"><div ><a class=\"fusion-button button-flat fusion-button-default-size button-default fusion-button-default button-1 fusion-button-default-span fusion-button-default-type\" target=\"lightbox\" rel=\"iLightbox\" href=\"https:\/\/u-pol.com\/wp-content\/uploads\/Mix-Black-Raptor-Kits.mp4\"><span class=\"fusion-button-text awb-button__text awb-button__text--default\">Ver el Video<\/span><\/a><\/div><\/div><\/div><div class=\"fusion-layout-column fusion_builder_column fusion-builder-column-1 fusion_builder_column_1_1 1_1 fusion-flex-column\" style=\"--awb-bg-size:cover;--awb-width-large:100%;--awb-margin-top-large:0px;--awb-spacing-right-large:0.98%;--awb-margin-bottom-large:20px;--awb-spacing-left-large:0.98%;--awb-width-medium:100%;--awb-order-medium:0;--awb-spacing-right-medium:0.98%;--awb-spacing-left-medium:0.98%;--awb-width-small:100%;--awb-order-small:0;--awb-spacing-right-small:0.98%;--awb-spacing-left-small:0.98%;\"><div class=\"fusion-column-wrapper fusion-column-has-shadow fusion-flex-justify-content-flex-start fusion-content-layout-column\">\n<div class=\"table-1\">\n<table width=\"100%\">\n<thead>\n<tr>\n<th align=\"left\">C\u00f3digo<\/th>\n<th align=\"left\">Tama\u00f1o<\/th>\n<th align=\"left\">Color<\/th>\n<th align=\"left\">Por Caja<\/th>\n<th align=\"left\">Ver Hoja T\u00e9cnica<\/th>\n<th align=\"left\">Ver Hoja de Seguridad<\/th>\n<\/tr>\n<\/thead>\n<tbody>\n<tr>\n<td align=\"left\">UP4801<\/td>\n<td align=\"left\">1 US Quart Kit National Rule<\/td>\n<td align=\"left\">Negro<\/td>\n<td align=\"left\">6<\/td>\n<td align=\"left\"><a href=\"https:\/\/u-pol.com\/es-us\/video\/up4801-tds-es\/up4801-tds-es\/\" target=\"_blank\" rel=\"noopener\">UP4801 TDS<\/a><\/td>\n<td align=\"left\"><a href=\"https:\/\/u-pol.com\/es-us\/video\/up4801-sds-es\/up4801-sds-es\/\" target=\"_blank\" rel=\"noopener\">UP4801 SDS<\/a><br \/>\n<a href=\"https:\/\/u-pol.com\/es-us\/video\/up4801-sds-2-es\/up4801-sds-2-es\/\" target=\"_blank\" rel=\"noopener\">UP4801 SDS<\/a><\/td>\n<\/tr>\n<tr>\n<td align=\"left\">UP4802<\/td>\n<td align=\"left\">1 US Quart Kit National Rule<\/td>\n<td align=\"left\">Tinteable<\/td>\n<td align=\"left\">6<\/td>\n<td align=\"left\"><a href=\"https:\/\/u-pol.com\/es-us\/video\/up4802-tds-es\/up4802-tds-es\/\" target=\"_blank\" rel=\"noopener\">UP4802 TDS<\/a><\/td>\n<td align=\"left\"><a href=\"https:\/\/u-pol.com\/es-us\/video\/up4802-sds-es\/up4802-sds-es\/\" target=\"_blank\" rel=\"noopener\">UP4802 SDS<\/a><br \/>\n<a href=\"https:\/\/u-pol.com\/es-us\/video\/up4802-sds-2-es\/up4802-sds-2-es\/\" target=\"_blank\" rel=\"noopener\">UP4802 SDS<\/a><\/td>\n<\/tr>\n<tr>\n<td align=\"left\">UP4803<\/td>\n<td align=\"left\">1 US Quart Kit 2.6 VOC<\/td>\n<td align=\"left\">Negro<\/td>\n<td align=\"left\">6<\/td>\n<td align=\"left\"><a href=\"https:\/\/u-pol.com\/es-us\/video\/up4803-tds-es\/up4803-tds-es\/\" target=\"_blank\" rel=\"noopener\">UP4803 TDS<\/a><\/td>\n<td align=\"left\"><a href=\"https:\/\/u-pol.com\/es-us\/video\/up4803-sds-es\/up4803-sds-es\/\" target=\"_blank\" rel=\"noopener\">UP4803 SDS<\/a><br \/>\n<a href=\"https:\/\/u-pol.com\/es-us\/video\/up4803-sds-2-es\/up4803-sds-2-es\/\" target=\"_blank\" rel=\"noopener\">UP4803 SDS<\/a><\/td>\n<\/tr>\n<tr>\n<td align=\"left\">UP4804<\/td>\n<td align=\"left\">1 US Quart Kit 2.6 VOC<\/td>\n<td align=\"left\">Tinteable<\/td>\n<td align=\"left\">6<\/td>\n<td align=\"left\"><a href=\"https:\/\/u-pol.com\/es-us\/video\/up4804-tds-es\/up4804-tds-es\/\" target=\"_blank\" rel=\"noopener\">UP4804 TDS<\/a><\/td>\n<td align=\"left\"><a href=\"https:\/\/u-pol.com\/es-us\/video\/up4804-sds-es\/up4804-sds-es\/\" target=\"_blank\" rel=\"noopener\">UP4804 SDS<\/a><br \/>\n<a href=\"https:\/\/u-pol.com\/es-us\/video\/up4804-sds-2-es\/up4804-sds-2-es\/\" target=\"_blank\" rel=\"noopener\">UP4804 SDS<\/a><\/td>\n<\/tr>\n<\/tbody>\n<\/table>\n<\/div>\n<\/div><\/div><\/div><\/div>\n","protected":false},"excerpt":{"rendered":"<h3>RAPTOR<sup>\u00ae<\/sup><\/h3>\n<p>RAPTOR es un revestimiento de uretano duradero que proporciona a las superficies una barrera protectora que puede soportar los entornos m\u00e1s dif\u00edciles. RAPTOR resiste a los rayones, da\u00f1os mec\u00e1nicos, combustibles, aceites hidr\u00e1ulicos, orina de animales, agua salada y mucho m\u00e1s. La versatilidad de RAPTOR lo hace perfecto para casi cualquier aplicaci\u00f3n.<\/p>\n<p>Ideal para las aplicaciones m\u00e1s peque\u00f1as y retoques. Cada kit contiene una botella\u00a0de RAPTOR para aproximadamente 30m\u00b2 de cobertura. Compatible con pistolas de aplicaci\u00f3n est\u00e1ndar y profesional RAPTOR.<\/p>\n","protected":false},"featured_media":9193,"template":"","meta":[],"product_brand":[],"product_cat":[352,1098],"product_tag":[362],"class_list":{"0":"post-11250","1":"product","2":"type-product","3":"status-publish","4":"has-post-thumbnail","6":"product_cat-revestimiento-protector-de-cubierta","7":"product_cat-raptor-revestimiento-protector","8":"product_tag-raptor","10":"first","11":"instock","12":"downloadable","13":"virtual","14":"sold-individually","15":"product-type-simple"},"yoast_head":"<title>Kit RAPTOR 1 Botella - U-Pol<\/title>\n<meta name=\"description\" content=\"RAPTOR es un revestimiento de uretano duradero que proporciona a las superficies una barrera protectora que puede soportar los entornos m\u00e1s dif\u00edciles.\" \/>\n<meta name=\"robots\" content=\"index, follow, max-snippet:-1, max-image-preview:large, max-video-preview:-1\" \/>\n<link rel=\"canonical\" href=\"https:\/\/u-pol.com\/es-us\/product\/revestimiento-protector-de-cubierta\/raptor-revestimiento-protector\/kit-raptor-1-botella\/\" \/>\n<meta property=\"og:locale\" content=\"es_ES\" \/>\n<meta property=\"og:type\" content=\"article\" \/>\n<meta property=\"og:title\" content=\"Kit RAPTOR 1 Botella - U-Pol\" \/>\n<meta property=\"og:description\" content=\"RAPTOR es un revestimiento de uretano duradero que proporciona a las superficies una barrera protectora que puede soportar los entornos m\u00e1s dif\u00edciles.\" \/>\n<meta property=\"og:url\" content=\"https:\/\/u-pol.com\/es-us\/product\/revestimiento-protector-de-cubierta\/raptor-revestimiento-protector\/kit-raptor-1-botella\/\" \/>\n<meta property=\"og:site_name\" content=\"U-Pol\" \/>\n<meta property=\"article:publisher\" content=\"https:\/\/www.facebook.com\/U-POL-UK-409641822803819\/\" \/>\n<meta property=\"article:modified_time\" content=\"2022-05-20T14:52:42+00:00\" \/>\n<meta property=\"og:image\" content=\"https:\/\/u-pol.com\/wp-content\/uploads\/RLB-1-Bottle-Kit.jpg\" \/>\n\t<meta property=\"og:image:width\" content=\"500\" \/>\n\t<meta property=\"og:image:height\" content=\"500\" \/>\n\t<meta property=\"og:image:type\" content=\"image\/jpeg\" \/>\n<meta name=\"twitter:card\" content=\"summary_large_image\" \/>\n<meta name=\"twitter:site\" content=\"@UpolUK\" \/>\n<meta name=\"twitter:label1\" content=\"Est. reading time\" \/>\n\t<meta name=\"twitter:data1\" content=\"3 minutes\" \/>\n<script type=\"application\/ld+json\" class=\"yoast-schema-graph\">{\"@context\":\"https:\/\/schema.org\",\"@graph\":[{\"@type\":\"WebPage\",\"@id\":\"https:\/\/u-pol.com\/es-us\/product\/revestimiento-protector-de-cubierta\/raptor-revestimiento-protector\/kit-raptor-1-botella\/\",\"url\":\"https:\/\/u-pol.com\/es-us\/product\/revestimiento-protector-de-cubierta\/raptor-revestimiento-protector\/kit-raptor-1-botella\/\",\"name\":\"Kit RAPTOR 1 Botella - U-Pol\",\"isPartOf\":{\"@id\":\"https:\/\/u-pol.com\/es-us\/#website\"},\"primaryImageOfPage\":{\"@id\":\"https:\/\/u-pol.com\/es-us\/product\/revestimiento-protector-de-cubierta\/raptor-revestimiento-protector\/kit-raptor-1-botella\/#primaryimage\"},\"image\":{\"@id\":\"https:\/\/u-pol.com\/es-us\/product\/revestimiento-protector-de-cubierta\/raptor-revestimiento-protector\/kit-raptor-1-botella\/#primaryimage\"},\"thumbnailUrl\":\"https:\/\/u-pol.com\/wp-content\/uploads\/RLB-1-Bottle-Kit.jpg\",\"datePublished\":\"2022-04-05T09:40:07+00:00\",\"dateModified\":\"2022-05-20T14:52:42+00:00\",\"description\":\"RAPTOR es un revestimiento de uretano duradero que proporciona a las superficies una barrera protectora que puede soportar los entornos m\u00e1s dif\u00edciles.\",\"breadcrumb\":{\"@id\":\"https:\/\/u-pol.com\/es-us\/product\/revestimiento-protector-de-cubierta\/raptor-revestimiento-protector\/kit-raptor-1-botella\/#breadcrumb\"},\"inLanguage\":\"es-US\",\"potentialAction\":[{\"@type\":\"ReadAction\",\"target\":[\"https:\/\/u-pol.com\/es-us\/product\/revestimiento-protector-de-cubierta\/raptor-revestimiento-protector\/kit-raptor-1-botella\/\"]}]},{\"@type\":\"ImageObject\",\"inLanguage\":\"es-US\",\"@id\":\"https:\/\/u-pol.com\/es-us\/product\/revestimiento-protector-de-cubierta\/raptor-revestimiento-protector\/kit-raptor-1-botella\/#primaryimage\",\"url\":\"https:\/\/u-pol.com\/wp-content\/uploads\/RLB-1-Bottle-Kit.jpg\",\"contentUrl\":\"https:\/\/u-pol.com\/wp-content\/uploads\/RLB-1-Bottle-Kit.jpg\",\"width\":500,\"height\":500,\"caption\":\"Kit RAPTOR 1 Botella\"},{\"@type\":\"BreadcrumbList\",\"@id\":\"https:\/\/u-pol.com\/es-us\/product\/revestimiento-protector-de-cubierta\/raptor-revestimiento-protector\/kit-raptor-1-botella\/#breadcrumb\",\"itemListElement\":[{\"@type\":\"ListItem\",\"position\":1,\"name\":\"Home\",\"item\":\"https:\/\/u-pol.com\/es-us\/\"},{\"@type\":\"ListItem\",\"position\":2,\"name\":\"Shop\",\"item\":\"https:\/\/u-pol.com\/?page_id=235\"},{\"@type\":\"ListItem\",\"position\":3,\"name\":\"Kit RAPTOR 1 Botella\"}]},{\"@type\":\"WebSite\",\"@id\":\"https:\/\/u-pol.com\/es-us\/#website\",\"url\":\"https:\/\/u-pol.com\/es-us\/\",\"name\":\"U-Pol\",\"description\":\"\",\"publisher\":{\"@id\":\"https:\/\/u-pol.com\/es-us\/#organization\"},\"potentialAction\":[{\"@type\":\"SearchAction\",\"target\":{\"@type\":\"EntryPoint\",\"urlTemplate\":\"https:\/\/u-pol.com\/es-us\/?s={search_term_string}\"},\"query-input\":{\"@type\":\"PropertyValueSpecification\",\"valueRequired\":true,\"valueName\":\"search_term_string\"}}],\"inLanguage\":\"es-US\"},{\"@type\":\"Organization\",\"@id\":\"https:\/\/u-pol.com\/es-us\/#organization\",\"name\":\"U-POL\",\"url\":\"https:\/\/u-pol.com\/es-us\/\",\"logo\":{\"@type\":\"ImageObject\",\"inLanguage\":\"es-US\",\"@id\":\"https:\/\/u-pol.com\/es-us\/#\/schema\/logo\/image\/\",\"url\":\"https:\/\/u-pol.com\/wp-content\/uploads\/UPOL-sticky-bLogo.png\",\"contentUrl\":\"https:\/\/u-pol.com\/wp-content\/uploads\/UPOL-sticky-bLogo.png\",\"width\":125,\"height\":75,\"caption\":\"U-POL\"},\"image\":{\"@id\":\"https:\/\/u-pol.com\/es-us\/#\/schema\/logo\/image\/\"},\"sameAs\":[\"https:\/\/www.facebook.com\/U-POL-UK-409641822803819\/\",\"https:\/\/x.com\/UpolUK\"]}]}<\/script>","yoast_head_json":{"title":"Kit RAPTOR 1 Botella - U-Pol","description":"RAPTOR es un revestimiento de uretano duradero que proporciona a las superficies una barrera protectora que puede soportar los entornos m\u00e1s dif\u00edciles.","robots":{"index":"index","follow":"follow","max-snippet":"max-snippet:-1","max-image-preview":"max-image-preview:large","max-video-preview":"max-video-preview:-1"},"canonical":"https:\/\/u-pol.com\/es-us\/product\/revestimiento-protector-de-cubierta\/raptor-revestimiento-protector\/kit-raptor-1-botella\/","og_locale":"es_ES","og_type":"article","og_title":"Kit RAPTOR 1 Botella - U-Pol","og_description":"RAPTOR es un revestimiento de uretano duradero que proporciona a las superficies una barrera protectora que puede soportar los entornos m\u00e1s dif\u00edciles.","og_url":"https:\/\/u-pol.com\/es-us\/product\/revestimiento-protector-de-cubierta\/raptor-revestimiento-protector\/kit-raptor-1-botella\/","og_site_name":"U-Pol","article_publisher":"https:\/\/www.facebook.com\/U-POL-UK-409641822803819\/","article_modified_time":"2022-05-20T14:52:42+00:00","og_image":[{"width":500,"height":500,"url":"https:\/\/u-pol.com\/wp-content\/uploads\/RLB-1-Bottle-Kit.jpg","type":"image\/jpeg"}],"twitter_card":"summary_large_image","twitter_site":"@UpolUK","twitter_misc":{"Est. reading time":"3 minutes"},"schema":{"@context":"https:\/\/schema.org","@graph":[{"@type":"WebPage","@id":"https:\/\/u-pol.com\/es-us\/product\/revestimiento-protector-de-cubierta\/raptor-revestimiento-protector\/kit-raptor-1-botella\/","url":"https:\/\/u-pol.com\/es-us\/product\/revestimiento-protector-de-cubierta\/raptor-revestimiento-protector\/kit-raptor-1-botella\/","name":"Kit RAPTOR 1 Botella - U-Pol","isPartOf":{"@id":"https:\/\/u-pol.com\/es-us\/#website"},"primaryImageOfPage":{"@id":"https:\/\/u-pol.com\/es-us\/product\/revestimiento-protector-de-cubierta\/raptor-revestimiento-protector\/kit-raptor-1-botella\/#primaryimage"},"image":{"@id":"https:\/\/u-pol.com\/es-us\/product\/revestimiento-protector-de-cubierta\/raptor-revestimiento-protector\/kit-raptor-1-botella\/#primaryimage"},"thumbnailUrl":"https:\/\/u-pol.com\/wp-content\/uploads\/RLB-1-Bottle-Kit.jpg","datePublished":"2022-04-05T09:40:07+00:00","dateModified":"2022-05-20T14:52:42+00:00","description":"RAPTOR es un revestimiento de uretano duradero que proporciona a las superficies una barrera protectora que puede soportar los entornos m\u00e1s dif\u00edciles.","breadcrumb":{"@id":"https:\/\/u-pol.com\/es-us\/product\/revestimiento-protector-de-cubierta\/raptor-revestimiento-protector\/kit-raptor-1-botella\/#breadcrumb"},"inLanguage":"es-US","potentialAction":[{"@type":"ReadAction","target":["https:\/\/u-pol.com\/es-us\/product\/revestimiento-protector-de-cubierta\/raptor-revestimiento-protector\/kit-raptor-1-botella\/"]}]},{"@type":"ImageObject","inLanguage":"es-US","@id":"https:\/\/u-pol.com\/es-us\/product\/revestimiento-protector-de-cubierta\/raptor-revestimiento-protector\/kit-raptor-1-botella\/#primaryimage","url":"https:\/\/u-pol.com\/wp-content\/uploads\/RLB-1-Bottle-Kit.jpg","contentUrl":"https:\/\/u-pol.com\/wp-content\/uploads\/RLB-1-Bottle-Kit.jpg","width":500,"height":500,"caption":"Kit RAPTOR 1 Botella"},{"@type":"BreadcrumbList","@id":"https:\/\/u-pol.com\/es-us\/product\/revestimiento-protector-de-cubierta\/raptor-revestimiento-protector\/kit-raptor-1-botella\/#breadcrumb","itemListElement":[{"@type":"ListItem","position":1,"name":"Home","item":"https:\/\/u-pol.com\/es-us\/"},{"@type":"ListItem","position":2,"name":"Shop","item":"https:\/\/u-pol.com\/?page_id=235"},{"@type":"ListItem","position":3,"name":"Kit RAPTOR 1 Botella"}]},{"@type":"WebSite","@id":"https:\/\/u-pol.com\/es-us\/#website","url":"https:\/\/u-pol.com\/es-us\/","name":"U-Pol","description":"","publisher":{"@id":"https:\/\/u-pol.com\/es-us\/#organization"},"potentialAction":[{"@type":"SearchAction","target":{"@type":"EntryPoint","urlTemplate":"https:\/\/u-pol.com\/es-us\/?s={search_term_string}"},"query-input":{"@type":"PropertyValueSpecification","valueRequired":true,"valueName":"search_term_string"}}],"inLanguage":"es-US"},{"@type":"Organization","@id":"https:\/\/u-pol.com\/es-us\/#organization","name":"U-POL","url":"https:\/\/u-pol.com\/es-us\/","logo":{"@type":"ImageObject","inLanguage":"es-US","@id":"https:\/\/u-pol.com\/es-us\/#\/schema\/logo\/image\/","url":"https:\/\/u-pol.com\/wp-content\/uploads\/UPOL-sticky-bLogo.png","contentUrl":"https:\/\/u-pol.com\/wp-content\/uploads\/UPOL-sticky-bLogo.png","width":125,"height":75,"caption":"U-POL"},"image":{"@id":"https:\/\/u-pol.com\/es-us\/#\/schema\/logo\/image\/"},"sameAs":["https:\/\/www.facebook.com\/U-POL-UK-409641822803819\/","https:\/\/x.com\/UpolUK"]}]}},"_links":{"self":[{"href":"https:\/\/u-pol.com\/es-us\/wp-json\/wp\/v2\/product\/11250","targetHints":{"allow":["GET"]}}],"collection":[{"href":"https:\/\/u-pol.com\/es-us\/wp-json\/wp\/v2\/product"}],"about":[{"href":"https:\/\/u-pol.com\/es-us\/wp-json\/wp\/v2\/types\/product"}],"wp:featuredmedia":[{"embeddable":true,"href":"https:\/\/u-pol.com\/es-us\/wp-json\/wp\/v2\/media\/9193"}],"wp:attachment":[{"href":"https:\/\/u-pol.com\/es-us\/wp-json\/wp\/v2\/media?parent=11250"}],"wp:term":[{"taxonomy":"product_brand","embeddable":true,"href":"https:\/\/u-pol.com\/es-us\/wp-json\/wp\/v2\/product_brand?post=11250"},{"taxonomy":"product_cat","embeddable":true,"href":"https:\/\/u-pol.com\/es-us\/wp-json\/wp\/v2\/product_cat?post=11250"},{"taxonomy":"product_tag","embeddable":true,"href":"https:\/\/u-pol.com\/es-us\/wp-json\/wp\/v2\/product_tag?post=11250"}],"curies":[{"name":"wp","href":"https:\/\/api.w.org\/{rel}","templated":true}]}}