{"id":11270,"date":"2022-04-05T09:46:29","date_gmt":"2022-04-05T09:46:29","guid":{"rendered":"https:\/\/upol.darkgrey.eu\/product\/uncategorized\/revestimientos-y-endurecedores-raptor\/"},"modified":"2022-06-01T09:30:16","modified_gmt":"2022-06-01T09:30:16","slug":"revestimientos-y-endurecedores-raptor","status":"publish","type":"product","link":"https:\/\/u-pol.com\/es-us\/product\/revestimiento-protector-de-cubierta\/raptor-revestimiento-protector\/revestimientos-y-endurecedores-raptor\/","title":{"rendered":"Revestimientos Y Endurecedores RAPTOR"},"content":{"rendered":"<div class=\"fusion-fullwidth fullwidth-box fusion-builder-row-1 fusion-flex-container nonhundred-percent-fullwidth non-hundred-percent-height-scrolling\" style=\"--awb-border-radius-top-left:0px;--awb-border-radius-top-right:0px;--awb-border-radius-bottom-right:0px;--awb-border-radius-bottom-left:0px;--awb-margin-top:20px;--awb-flex-wrap:wrap;\" ><div class=\"fusion-builder-row fusion-row fusion-flex-align-items-flex-start fusion-flex-content-wrap\" style=\"max-width:1203.6px;margin-left: calc(-2% \/ 2 );margin-right: calc(-2% \/ 2 );\"><div class=\"fusion-layout-column fusion_builder_column fusion-builder-column-0 fusion_builder_column_1_1 1_1 fusion-flex-column\" style=\"--awb-bg-size:cover;--awb-width-large:100%;--awb-margin-top-large:0px;--awb-spacing-right-large:0.98%;--awb-margin-bottom-large:20px;--awb-spacing-left-large:0.98%;--awb-width-medium:100%;--awb-order-medium:0;--awb-spacing-right-medium:0.98%;--awb-spacing-left-medium:0.98%;--awb-width-small:100%;--awb-order-small:0;--awb-spacing-right-small:0.98%;--awb-spacing-left-small:0.98%;\"><div class=\"fusion-column-wrapper fusion-column-has-shadow fusion-flex-justify-content-flex-start fusion-content-layout-column\">\n<div class=\"table-1\">\n<table width=\"100%\">\n<thead>\n<tr>\n<th align=\"left\">C\u00f3digo<\/th>\n<th align=\"left\">Tama\u00f1o<\/th>\n<th align=\"left\">Color<\/th>\n<th align=\"left\">Por Caja<\/th>\n<th align=\"left\">Ver Hoja T\u00e9cnica<\/th>\n<th align=\"left\">Ver Hoja de Seguridad<\/th>\n<\/tr>\n<\/thead>\n<tbody>\n<tr>\n<td align=\"left\">UP4850<\/td>\n<td align=\"left\">5 Liters Black \u2013 1.7 VOC<\/td>\n<td align=\"left\">Negro<\/td>\n<td align=\"left\">2<\/td>\n<td align=\"left\"><a href=\"https:\/\/u-pol.com\/es-us\/video\/up4850-tds-es\/up4850-tds-es\/\" target=\"_blank\" rel=\"noopener\">UP4850 TDS<\/a><\/td>\n<td align=\"left\"><\/td>\n<\/tr>\n<tr>\n<td align=\"left\">UP4851<\/td>\n<td align=\"left\">5 Liters Tintable &#8211; 1.7 VOC<\/td>\n<td align=\"left\">Tinteable<\/td>\n<td align=\"left\">2<\/td>\n<td align=\"left\"><a href=\"https:\/\/u-pol.com\/es-us\/video\/up4851-tds-es\/up4851-tds-es\/\" target=\"_blank\" rel=\"noopener\">UP4851 TDS<\/a><\/td>\n<td align=\"left\"><a href=\"https:\/\/u-pol.com\/es-us\/video\/up4851-sds-es\/up4851-sds-es\/\" target=\"_blank\" rel=\"noopener\">UP4851 SDS<\/a><\/td>\n<\/tr>\n<tr>\n<td align=\"left\">UP4824<\/td>\n<td align=\"left\">5 Liters Hardener \u2013 1.7 VOC<\/td>\n<td align=\"left\">Endurecedor<\/td>\n<td align=\"left\">2<\/td>\n<td align=\"left\"><a href=\"https:\/\/u-pol.com\/es-us\/video\/up4824-tds-es\/up4824-tds-es\/\" target=\"_blank\" rel=\"noopener\">UP4824 TDS<\/a><\/td>\n<td align=\"left\"><a href=\"https:\/\/u-pol.com\/es-us\/video\/up4824-sds-es\/up4824-sds-es\/\" target=\"_blank\" rel=\"noopener\">UP4824 SDS<\/a><\/td>\n<\/tr>\n<tr>\n<td align=\"left\">UP4874<\/td>\n<td align=\"left\">Endurecedor 25L COV 2.6<\/td>\n<td align=\"left\">Endurecedor<\/td>\n<td align=\"left\">1<\/td>\n<td align=\"left\"><a href=\"https:\/\/u-pol.com\/es-us\/video\/up4874-tds-es\/up4874-tds-es\/\" target=\"_blank\" rel=\"noopener\">UP4874 TDS<\/a><\/td>\n<td align=\"left\"><a href=\"https:\/\/u-pol.com\/es-us\/video\/up4874-sds-es\/up4874-sds-es\/\" target=\"_blank\" rel=\"noopener\">UP4874 SDS<\/a><\/td>\n<\/tr>\n<\/tbody>\n<\/table>\n<\/div>\n<\/div><\/div><\/div><\/div>\n","protected":false},"excerpt":{"rendered":"<h3>RAPTOR<sup>\u00ae<\/sup><\/h3>\n<p>Las latas RAPTOR de 5L son ideales para grandes \u00e1reas como remolques, suelos, equipos pesados y revestimientos completos. \u00a1Mezcle 3:1 (15L de RAPTOR con 5L de endurecedor) para m\u00e1s de 5 galones pulverizables de RAPTOR que cubrir\u00e1n aproximadamente 625 pies cuadrados! Se puede aplicar con un pincel o con una pistola HVLP (neum\u00e1tica o convencional).<\/p>\n<p>Ideal para aplicaciones de automoci\u00f3n, construcci\u00f3n, marina, recreativas, industriales, agr\u00edcolas y comerciales.<\/p>\n","protected":false},"featured_media":9194,"template":"","meta":[],"product_brand":[],"product_cat":[352,1098],"product_tag":[362],"class_list":{"0":"post-11270","1":"product","2":"type-product","3":"status-publish","4":"has-post-thumbnail","6":"product_cat-revestimiento-protector-de-cubierta","7":"product_cat-raptor-revestimiento-protector","8":"product_tag-raptor","10":"first","11":"instock","12":"downloadable","13":"virtual","14":"sold-individually","15":"product-type-simple"},"yoast_head":"<title>Revestimientos Y Endurecedores RAPTOR - U-Pol<\/title>\n<meta name=\"description\" content=\"Las latas RAPTOR de 5L son ideales para grandes \u00e1reas como remolques, suelos, equipos pesados y revestimientos completos.\" \/>\n<meta name=\"robots\" content=\"index, follow, max-snippet:-1, max-image-preview:large, max-video-preview:-1\" \/>\n<link rel=\"canonical\" href=\"https:\/\/u-pol.com\/es-us\/product\/revestimiento-protector-de-cubierta\/raptor-revestimiento-protector\/revestimientos-y-endurecedores-raptor\/\" \/>\n<meta property=\"og:locale\" content=\"es_ES\" \/>\n<meta property=\"og:type\" content=\"article\" \/>\n<meta property=\"og:title\" content=\"Revestimientos Y Endurecedores RAPTOR - U-Pol\" \/>\n<meta property=\"og:description\" content=\"Las latas RAPTOR de 5L son ideales para grandes \u00e1reas como remolques, suelos, equipos pesados y revestimientos completos.\" \/>\n<meta property=\"og:url\" content=\"https:\/\/u-pol.com\/es-us\/product\/revestimiento-protector-de-cubierta\/raptor-revestimiento-protector\/revestimientos-y-endurecedores-raptor\/\" \/>\n<meta property=\"og:site_name\" content=\"U-Pol\" \/>\n<meta property=\"article:publisher\" content=\"https:\/\/www.facebook.com\/U-POL-UK-409641822803819\/\" \/>\n<meta property=\"article:modified_time\" content=\"2022-06-01T09:30:16+00:00\" \/>\n<meta property=\"og:image\" content=\"https:\/\/u-pol.com\/wp-content\/uploads\/RLB-5-Litre-Raptor-Tough-Protective-Coating.jpg\" \/>\n\t<meta property=\"og:image:width\" content=\"500\" \/>\n\t<meta property=\"og:image:height\" content=\"500\" \/>\n\t<meta property=\"og:image:type\" content=\"image\/jpeg\" \/>\n<meta name=\"twitter:card\" content=\"summary_large_image\" \/>\n<meta name=\"twitter:site\" content=\"@UpolUK\" \/>\n<meta name=\"twitter:label1\" content=\"Est. reading time\" \/>\n\t<meta name=\"twitter:data1\" content=\"3 minutes\" \/>\n<script type=\"application\/ld+json\" class=\"yoast-schema-graph\">{\"@context\":\"https:\/\/schema.org\",\"@graph\":[{\"@type\":\"WebPage\",\"@id\":\"https:\/\/u-pol.com\/es-us\/product\/revestimiento-protector-de-cubierta\/raptor-revestimiento-protector\/revestimientos-y-endurecedores-raptor\/\",\"url\":\"https:\/\/u-pol.com\/es-us\/product\/revestimiento-protector-de-cubierta\/raptor-revestimiento-protector\/revestimientos-y-endurecedores-raptor\/\",\"name\":\"Revestimientos Y Endurecedores RAPTOR - U-Pol\",\"isPartOf\":{\"@id\":\"https:\/\/u-pol.com\/es-us\/#website\"},\"primaryImageOfPage\":{\"@id\":\"https:\/\/u-pol.com\/es-us\/product\/revestimiento-protector-de-cubierta\/raptor-revestimiento-protector\/revestimientos-y-endurecedores-raptor\/#primaryimage\"},\"image\":{\"@id\":\"https:\/\/u-pol.com\/es-us\/product\/revestimiento-protector-de-cubierta\/raptor-revestimiento-protector\/revestimientos-y-endurecedores-raptor\/#primaryimage\"},\"thumbnailUrl\":\"https:\/\/u-pol.com\/wp-content\/uploads\/RLB-5-Litre-Raptor-Tough-Protective-Coating.jpg\",\"datePublished\":\"2022-04-05T09:46:29+00:00\",\"dateModified\":\"2022-06-01T09:30:16+00:00\",\"description\":\"Las latas RAPTOR de 5L son ideales para grandes \u00e1reas como remolques, suelos, equipos pesados y revestimientos completos.\",\"breadcrumb\":{\"@id\":\"https:\/\/u-pol.com\/es-us\/product\/revestimiento-protector-de-cubierta\/raptor-revestimiento-protector\/revestimientos-y-endurecedores-raptor\/#breadcrumb\"},\"inLanguage\":\"es-US\",\"potentialAction\":[{\"@type\":\"ReadAction\",\"target\":[\"https:\/\/u-pol.com\/es-us\/product\/revestimiento-protector-de-cubierta\/raptor-revestimiento-protector\/revestimientos-y-endurecedores-raptor\/\"]}]},{\"@type\":\"ImageObject\",\"inLanguage\":\"es-US\",\"@id\":\"https:\/\/u-pol.com\/es-us\/product\/revestimiento-protector-de-cubierta\/raptor-revestimiento-protector\/revestimientos-y-endurecedores-raptor\/#primaryimage\",\"url\":\"https:\/\/u-pol.com\/wp-content\/uploads\/RLB-5-Litre-Raptor-Tough-Protective-Coating.jpg\",\"contentUrl\":\"https:\/\/u-pol.com\/wp-content\/uploads\/RLB-5-Litre-Raptor-Tough-Protective-Coating.jpg\",\"width\":500,\"height\":500,\"caption\":\"Revestimientos Y Endurecedores RAPTOR\"},{\"@type\":\"BreadcrumbList\",\"@id\":\"https:\/\/u-pol.com\/es-us\/product\/revestimiento-protector-de-cubierta\/raptor-revestimiento-protector\/revestimientos-y-endurecedores-raptor\/#breadcrumb\",\"itemListElement\":[{\"@type\":\"ListItem\",\"position\":1,\"name\":\"Home\",\"item\":\"https:\/\/u-pol.com\/es-us\/\"},{\"@type\":\"ListItem\",\"position\":2,\"name\":\"Shop\",\"item\":\"https:\/\/u-pol.com\/?page_id=235\"},{\"@type\":\"ListItem\",\"position\":3,\"name\":\"Revestimientos Y Endurecedores RAPTOR\"}]},{\"@type\":\"WebSite\",\"@id\":\"https:\/\/u-pol.com\/es-us\/#website\",\"url\":\"https:\/\/u-pol.com\/es-us\/\",\"name\":\"U-Pol\",\"description\":\"\",\"publisher\":{\"@id\":\"https:\/\/u-pol.com\/es-us\/#organization\"},\"potentialAction\":[{\"@type\":\"SearchAction\",\"target\":{\"@type\":\"EntryPoint\",\"urlTemplate\":\"https:\/\/u-pol.com\/es-us\/?s={search_term_string}\"},\"query-input\":{\"@type\":\"PropertyValueSpecification\",\"valueRequired\":true,\"valueName\":\"search_term_string\"}}],\"inLanguage\":\"es-US\"},{\"@type\":\"Organization\",\"@id\":\"https:\/\/u-pol.com\/es-us\/#organization\",\"name\":\"U-POL\",\"url\":\"https:\/\/u-pol.com\/es-us\/\",\"logo\":{\"@type\":\"ImageObject\",\"inLanguage\":\"es-US\",\"@id\":\"https:\/\/u-pol.com\/es-us\/#\/schema\/logo\/image\/\",\"url\":\"https:\/\/u-pol.com\/wp-content\/uploads\/UPOL-sticky-bLogo.png\",\"contentUrl\":\"https:\/\/u-pol.com\/wp-content\/uploads\/UPOL-sticky-bLogo.png\",\"width\":125,\"height\":75,\"caption\":\"U-POL\"},\"image\":{\"@id\":\"https:\/\/u-pol.com\/es-us\/#\/schema\/logo\/image\/\"},\"sameAs\":[\"https:\/\/www.facebook.com\/U-POL-UK-409641822803819\/\",\"https:\/\/x.com\/UpolUK\"]}]}<\/script>","yoast_head_json":{"title":"Revestimientos Y Endurecedores RAPTOR - U-Pol","description":"Las latas RAPTOR de 5L son ideales para grandes \u00e1reas como remolques, suelos, equipos pesados y revestimientos completos.","robots":{"index":"index","follow":"follow","max-snippet":"max-snippet:-1","max-image-preview":"max-image-preview:large","max-video-preview":"max-video-preview:-1"},"canonical":"https:\/\/u-pol.com\/es-us\/product\/revestimiento-protector-de-cubierta\/raptor-revestimiento-protector\/revestimientos-y-endurecedores-raptor\/","og_locale":"es_ES","og_type":"article","og_title":"Revestimientos Y Endurecedores RAPTOR - U-Pol","og_description":"Las latas RAPTOR de 5L son ideales para grandes \u00e1reas como remolques, suelos, equipos pesados y revestimientos completos.","og_url":"https:\/\/u-pol.com\/es-us\/product\/revestimiento-protector-de-cubierta\/raptor-revestimiento-protector\/revestimientos-y-endurecedores-raptor\/","og_site_name":"U-Pol","article_publisher":"https:\/\/www.facebook.com\/U-POL-UK-409641822803819\/","article_modified_time":"2022-06-01T09:30:16+00:00","og_image":[{"width":500,"height":500,"url":"https:\/\/u-pol.com\/wp-content\/uploads\/RLB-5-Litre-Raptor-Tough-Protective-Coating.jpg","type":"image\/jpeg"}],"twitter_card":"summary_large_image","twitter_site":"@UpolUK","twitter_misc":{"Est. reading time":"3 minutes"},"schema":{"@context":"https:\/\/schema.org","@graph":[{"@type":"WebPage","@id":"https:\/\/u-pol.com\/es-us\/product\/revestimiento-protector-de-cubierta\/raptor-revestimiento-protector\/revestimientos-y-endurecedores-raptor\/","url":"https:\/\/u-pol.com\/es-us\/product\/revestimiento-protector-de-cubierta\/raptor-revestimiento-protector\/revestimientos-y-endurecedores-raptor\/","name":"Revestimientos Y Endurecedores RAPTOR - U-Pol","isPartOf":{"@id":"https:\/\/u-pol.com\/es-us\/#website"},"primaryImageOfPage":{"@id":"https:\/\/u-pol.com\/es-us\/product\/revestimiento-protector-de-cubierta\/raptor-revestimiento-protector\/revestimientos-y-endurecedores-raptor\/#primaryimage"},"image":{"@id":"https:\/\/u-pol.com\/es-us\/product\/revestimiento-protector-de-cubierta\/raptor-revestimiento-protector\/revestimientos-y-endurecedores-raptor\/#primaryimage"},"thumbnailUrl":"https:\/\/u-pol.com\/wp-content\/uploads\/RLB-5-Litre-Raptor-Tough-Protective-Coating.jpg","datePublished":"2022-04-05T09:46:29+00:00","dateModified":"2022-06-01T09:30:16+00:00","description":"Las latas RAPTOR de 5L son ideales para grandes \u00e1reas como remolques, suelos, equipos pesados y revestimientos completos.","breadcrumb":{"@id":"https:\/\/u-pol.com\/es-us\/product\/revestimiento-protector-de-cubierta\/raptor-revestimiento-protector\/revestimientos-y-endurecedores-raptor\/#breadcrumb"},"inLanguage":"es-US","potentialAction":[{"@type":"ReadAction","target":["https:\/\/u-pol.com\/es-us\/product\/revestimiento-protector-de-cubierta\/raptor-revestimiento-protector\/revestimientos-y-endurecedores-raptor\/"]}]},{"@type":"ImageObject","inLanguage":"es-US","@id":"https:\/\/u-pol.com\/es-us\/product\/revestimiento-protector-de-cubierta\/raptor-revestimiento-protector\/revestimientos-y-endurecedores-raptor\/#primaryimage","url":"https:\/\/u-pol.com\/wp-content\/uploads\/RLB-5-Litre-Raptor-Tough-Protective-Coating.jpg","contentUrl":"https:\/\/u-pol.com\/wp-content\/uploads\/RLB-5-Litre-Raptor-Tough-Protective-Coating.jpg","width":500,"height":500,"caption":"Revestimientos Y Endurecedores RAPTOR"},{"@type":"BreadcrumbList","@id":"https:\/\/u-pol.com\/es-us\/product\/revestimiento-protector-de-cubierta\/raptor-revestimiento-protector\/revestimientos-y-endurecedores-raptor\/#breadcrumb","itemListElement":[{"@type":"ListItem","position":1,"name":"Home","item":"https:\/\/u-pol.com\/es-us\/"},{"@type":"ListItem","position":2,"name":"Shop","item":"https:\/\/u-pol.com\/?page_id=235"},{"@type":"ListItem","position":3,"name":"Revestimientos Y Endurecedores RAPTOR"}]},{"@type":"WebSite","@id":"https:\/\/u-pol.com\/es-us\/#website","url":"https:\/\/u-pol.com\/es-us\/","name":"U-Pol","description":"","publisher":{"@id":"https:\/\/u-pol.com\/es-us\/#organization"},"potentialAction":[{"@type":"SearchAction","target":{"@type":"EntryPoint","urlTemplate":"https:\/\/u-pol.com\/es-us\/?s={search_term_string}"},"query-input":{"@type":"PropertyValueSpecification","valueRequired":true,"valueName":"search_term_string"}}],"inLanguage":"es-US"},{"@type":"Organization","@id":"https:\/\/u-pol.com\/es-us\/#organization","name":"U-POL","url":"https:\/\/u-pol.com\/es-us\/","logo":{"@type":"ImageObject","inLanguage":"es-US","@id":"https:\/\/u-pol.com\/es-us\/#\/schema\/logo\/image\/","url":"https:\/\/u-pol.com\/wp-content\/uploads\/UPOL-sticky-bLogo.png","contentUrl":"https:\/\/u-pol.com\/wp-content\/uploads\/UPOL-sticky-bLogo.png","width":125,"height":75,"caption":"U-POL"},"image":{"@id":"https:\/\/u-pol.com\/es-us\/#\/schema\/logo\/image\/"},"sameAs":["https:\/\/www.facebook.com\/U-POL-UK-409641822803819\/","https:\/\/x.com\/UpolUK"]}]}},"_links":{"self":[{"href":"https:\/\/u-pol.com\/es-us\/wp-json\/wp\/v2\/product\/11270","targetHints":{"allow":["GET"]}}],"collection":[{"href":"https:\/\/u-pol.com\/es-us\/wp-json\/wp\/v2\/product"}],"about":[{"href":"https:\/\/u-pol.com\/es-us\/wp-json\/wp\/v2\/types\/product"}],"wp:featuredmedia":[{"embeddable":true,"href":"https:\/\/u-pol.com\/es-us\/wp-json\/wp\/v2\/media\/9194"}],"wp:attachment":[{"href":"https:\/\/u-pol.com\/es-us\/wp-json\/wp\/v2\/media?parent=11270"}],"wp:term":[{"taxonomy":"product_brand","embeddable":true,"href":"https:\/\/u-pol.com\/es-us\/wp-json\/wp\/v2\/product_brand?post=11270"},{"taxonomy":"product_cat","embeddable":true,"href":"https:\/\/u-pol.com\/es-us\/wp-json\/wp\/v2\/product_cat?post=11270"},{"taxonomy":"product_tag","embeddable":true,"href":"https:\/\/u-pol.com\/es-us\/wp-json\/wp\/v2\/product_tag?post=11270"}],"curies":[{"name":"wp","href":"https:\/\/api.w.org\/{rel}","templated":true}]}}