{"id":11271,"date":"2022-04-14T08:02:38","date_gmt":"2022-04-14T08:02:38","guid":{"rendered":"https:\/\/upol.darkgrey.eu\/product\/uncategorized\/barril-200-litros-ratio-de-mezcla-31\/"},"modified":"2022-06-01T09:58:44","modified_gmt":"2022-06-01T09:58:44","slug":"barril-200-litros-ratio-de-mezcla-31","status":"publish","type":"product","link":"https:\/\/u-pol.com\/es-us\/product\/uncategorised\/barril-200-litros-ratio-de-mezcla-31\/","title":{"rendered":"Barril 200 Litros &#8211; Ratio De Mezcla 3:1"},"content":{"rendered":"<p><div class=\"fusion-fullwidth fullwidth-box fusion-builder-row-1 fusion-flex-container nonhundred-percent-fullwidth non-hundred-percent-height-scrolling\" style=\"--awb-border-radius-top-left:0px;--awb-border-radius-top-right:0px;--awb-border-radius-bottom-right:0px;--awb-border-radius-bottom-left:0px;--awb-flex-wrap:wrap;\" ><div class=\"fusion-builder-row fusion-row fusion-flex-align-items-flex-start fusion-flex-content-wrap\" style=\"max-width:1203.6px;margin-left: calc(-2% \/ 2 );margin-right: calc(-2% \/ 2 );\"><div class=\"fusion-layout-column fusion_builder_column fusion-builder-column-0 fusion_builder_column_1_1 1_1 fusion-flex-column\" style=\"--awb-bg-size:cover;--awb-width-large:100%;--awb-margin-top-large:20px;--awb-spacing-right-large:0.98%;--awb-margin-bottom-large:20px;--awb-spacing-left-large:0.98%;--awb-width-medium:100%;--awb-order-medium:0;--awb-spacing-right-medium:0.98%;--awb-spacing-left-medium:0.98%;--awb-width-small:100%;--awb-order-small:0;--awb-spacing-right-small:0.98%;--awb-spacing-left-small:0.98%;\"><div class=\"fusion-column-wrapper fusion-column-has-shadow fusion-flex-justify-content-flex-start fusion-content-layout-column\">\n<div class=\"table-1\">\n<table width=\"100%\">\n<thead>\n<tr>\n<th align=\"left\">C\u00f3digo<\/th>\n<th align=\"left\">Tama\u00f1o<\/th>\n<th align=\"left\">Color<\/th>\n<th align=\"left\">Por Caja<\/th>\n<th align=\"left\">Ver Hoja T\u00e9cnica<\/th>\n<th align=\"left\">Ver Hoja de Seguridad<\/th>\n<\/tr>\n<\/thead>\n<tbody>\n<tr>\n<td align=\"left\">UP4870<\/td>\n<td align=\"left\">200L Negro COV 2.6<\/td>\n<td align=\"left\">Negro<\/td>\n<td align=\"left\">1<\/td>\n<td align=\"left\"><a href=\"https:\/\/u-pol.com\/es-us\/video\/up4870-tds-es\/up4870-tds-es\/\" target=\"_blank\" rel=\"noopener\">UP4870 TDS<\/a><\/td>\n<td align=\"left\"><a href=\"https:\/\/u-pol.com\/es-us\/video\/up4870-sds-es\/up4870-sds-es\/\" target=\"_blank\" rel=\"noopener\">UP4870 SDS<\/a><\/td>\n<\/tr>\n<tr>\n<td align=\"left\">UP4871<\/td>\n<td align=\"left\">200L Tintable COV 2.6<\/td>\n<td align=\"left\">Tinteable<\/td>\n<td align=\"left\">1<\/td>\n<td align=\"left\"><a href=\"https:\/\/u-pol.com\/es-us\/video\/up4871-tds-es\/up4871-tds-es\/\" target=\"_blank\" rel=\"noopener\">UP4871 TDS<\/a><\/td>\n<td align=\"left\"><a href=\"https:\/\/u-pol.com\/es-us\/video\/up4871-sds-es\/up4871-sds-es\/\" target=\"_blank\" rel=\"noopener\">UP4871 SDS<\/a><\/td>\n<\/tr>\n<tr>\n<td align=\"left\">UP4872<\/td>\n<td align=\"left\">Drum 200 Liter White 2.6 VOC<\/td>\n<td align=\"left\">Blanco<\/td>\n<td align=\"left\">1<\/td>\n<td align=\"left\"><a href=\"https:\/\/u-pol.com\/es-us\/video\/up4872-tds-es\/up4872-tds-es\/\" target=\"_blank\" rel=\"noopener\">UP4872 TDS<\/a><\/td>\n<td align=\"left\"><a href=\"https:\/\/u-pol.com\/es-us\/video\/up4872-sds-es\/up4872-sds-es\/\" target=\"_blank\" rel=\"noopener\">UP4872 SDS<\/a><\/td>\n<\/tr>\n<tr>\n<td align=\"left\">UP4873<\/td>\n<td align=\"left\">200L Tintable COV 1.7<\/td>\n<td align=\"left\">Tinteable<\/td>\n<td align=\"left\">1<\/td>\n<td align=\"left\"><a href=\"https:\/\/u-pol.com\/es-us\/video\/up4873-tds-es\/up4873-tds-es\/\" target=\"_blank\" rel=\"noopener\">UP4873 TDS<\/a><\/td>\n<td align=\"left\"><a href=\"https:\/\/u-pol.com\/es-us\/video\/up4873-sds-es\/up4873-sds-es\/\" target=\"_blank\" rel=\"noopener\">UP4873 SDS<\/a><\/td>\n<\/tr>\n<\/tbody>\n<\/table>\n<\/div>\n<\/div><\/div><\/div><\/div><div class=\"fusion-fullwidth fullwidth-box fusion-builder-row-2 fusion-flex-container nonhundred-percent-fullwidth non-hundred-percent-height-scrolling\" style=\"--awb-border-radius-top-left:0px;--awb-border-radius-top-right:0px;--awb-border-radius-bottom-right:0px;--awb-border-radius-bottom-left:0px;--awb-flex-wrap:wrap;\" ><div class=\"fusion-builder-row fusion-row fusion-flex-align-items-flex-start fusion-flex-content-wrap\" style=\"max-width:1203.6px;margin-left: calc(-2% \/ 2 );margin-right: calc(-2% \/ 2 );\"><\/div><\/div><\/p>\n","protected":false},"excerpt":{"rendered":"<h3>RAPTOR\u00ae<\/h3>\n<p>Los barriles RAPTOR de 200L le proporcionar\u00e1n la cobertura y protecci\u00f3n que necesita para aplicaciones grandes y OEM.<\/p>\n<p>Ideal para aplicaciones de automoci\u00f3n, construcci\u00f3n, marina, recreativas, industriales, agr\u00edcolas y comerciales.<\/p>\n","protected":false},"featured_media":9933,"template":"","meta":[],"product_brand":[],"product_cat":[352,26],"product_tag":[362],"class_list":{"0":"post-11271","1":"product","2":"type-product","3":"status-publish","4":"has-post-thumbnail","6":"product_cat-revestimiento-protector-de-cubierta","7":"product_cat-uncategorised","8":"product_tag-raptor","10":"first","11":"instock","12":"downloadable","13":"virtual","14":"product-type-simple"},"yoast_head":"<title>Barril 200 Litros - Ratio De Mezcla 3:1 - U-Pol<\/title>\n<meta name=\"description\" content=\"Los barriles RAPTOR de 200L le proporcionar\u00e1n la cobertura y protecci\u00f3n que necesita para aplicaciones grandes y OEM.\" \/>\n<meta name=\"robots\" content=\"index, follow, max-snippet:-1, max-image-preview:large, max-video-preview:-1\" \/>\n<link rel=\"canonical\" href=\"https:\/\/u-pol.com\/es-us\/product\/uncategorised\/barril-200-litros-ratio-de-mezcla-31\/\" \/>\n<meta property=\"og:locale\" content=\"es_ES\" \/>\n<meta property=\"og:type\" content=\"article\" \/>\n<meta property=\"og:title\" content=\"Barril 200 Litros - Ratio De Mezcla 3:1 - U-Pol\" \/>\n<meta property=\"og:description\" content=\"Los barriles RAPTOR de 200L le proporcionar\u00e1n la cobertura y protecci\u00f3n que necesita para aplicaciones grandes y OEM.\" \/>\n<meta property=\"og:url\" content=\"https:\/\/u-pol.com\/es-us\/product\/uncategorised\/barril-200-litros-ratio-de-mezcla-31\/\" \/>\n<meta property=\"og:site_name\" content=\"U-Pol\" \/>\n<meta property=\"article:publisher\" content=\"https:\/\/www.facebook.com\/U-POL-UK-409641822803819\/\" \/>\n<meta property=\"article:modified_time\" content=\"2022-06-01T09:58:44+00:00\" \/>\n<meta property=\"og:image\" content=\"https:\/\/u-pol.com\/wp-content\/uploads\/UP4870-UP4871-UP4872-UP4873-200LiterRAPTORDrums3-1MixRatio.jpg\" \/>\n\t<meta property=\"og:image:width\" content=\"500\" \/>\n\t<meta property=\"og:image:height\" content=\"500\" \/>\n\t<meta property=\"og:image:type\" content=\"image\/jpeg\" \/>\n<meta name=\"twitter:card\" content=\"summary_large_image\" \/>\n<meta name=\"twitter:site\" content=\"@UpolUK\" \/>\n<meta name=\"twitter:label1\" content=\"Est. reading time\" \/>\n\t<meta name=\"twitter:data1\" content=\"3 minutes\" \/>\n<script type=\"application\/ld+json\" class=\"yoast-schema-graph\">{\"@context\":\"https:\/\/schema.org\",\"@graph\":[{\"@type\":\"WebPage\",\"@id\":\"https:\/\/u-pol.com\/es-us\/product\/uncategorised\/barril-200-litros-ratio-de-mezcla-31\/\",\"url\":\"https:\/\/u-pol.com\/es-us\/product\/uncategorised\/barril-200-litros-ratio-de-mezcla-31\/\",\"name\":\"Barril 200 Litros - Ratio De Mezcla 3:1 - U-Pol\",\"isPartOf\":{\"@id\":\"https:\/\/u-pol.com\/es-us\/#website\"},\"primaryImageOfPage\":{\"@id\":\"https:\/\/u-pol.com\/es-us\/product\/uncategorised\/barril-200-litros-ratio-de-mezcla-31\/#primaryimage\"},\"image\":{\"@id\":\"https:\/\/u-pol.com\/es-us\/product\/uncategorised\/barril-200-litros-ratio-de-mezcla-31\/#primaryimage\"},\"thumbnailUrl\":\"https:\/\/u-pol.com\/wp-content\/uploads\/UP4870-UP4871-UP4872-UP4873-200LiterRAPTORDrums3-1MixRatio.jpg\",\"datePublished\":\"2022-04-14T08:02:38+00:00\",\"dateModified\":\"2022-06-01T09:58:44+00:00\",\"description\":\"Los barriles RAPTOR de 200L le proporcionar\u00e1n la cobertura y protecci\u00f3n que necesita para aplicaciones grandes y OEM.\",\"breadcrumb\":{\"@id\":\"https:\/\/u-pol.com\/es-us\/product\/uncategorised\/barril-200-litros-ratio-de-mezcla-31\/#breadcrumb\"},\"inLanguage\":\"es-US\",\"potentialAction\":[{\"@type\":\"ReadAction\",\"target\":[\"https:\/\/u-pol.com\/es-us\/product\/uncategorised\/barril-200-litros-ratio-de-mezcla-31\/\"]}]},{\"@type\":\"ImageObject\",\"inLanguage\":\"es-US\",\"@id\":\"https:\/\/u-pol.com\/es-us\/product\/uncategorised\/barril-200-litros-ratio-de-mezcla-31\/#primaryimage\",\"url\":\"https:\/\/u-pol.com\/wp-content\/uploads\/UP4870-UP4871-UP4872-UP4873-200LiterRAPTORDrums3-1MixRatio.jpg\",\"contentUrl\":\"https:\/\/u-pol.com\/wp-content\/uploads\/UP4870-UP4871-UP4872-UP4873-200LiterRAPTORDrums3-1MixRatio.jpg\",\"width\":500,\"height\":500,\"caption\":\"Barril 200 Litros - Ratio De Mezcla 3:1\"},{\"@type\":\"BreadcrumbList\",\"@id\":\"https:\/\/u-pol.com\/es-us\/product\/uncategorised\/barril-200-litros-ratio-de-mezcla-31\/#breadcrumb\",\"itemListElement\":[{\"@type\":\"ListItem\",\"position\":1,\"name\":\"Home\",\"item\":\"https:\/\/u-pol.com\/es-us\/\"},{\"@type\":\"ListItem\",\"position\":2,\"name\":\"Shop\",\"item\":\"https:\/\/u-pol.com\/?page_id=235\"},{\"@type\":\"ListItem\",\"position\":3,\"name\":\"Barril 200 Litros &#8211; Ratio De Mezcla 3:1\"}]},{\"@type\":\"WebSite\",\"@id\":\"https:\/\/u-pol.com\/es-us\/#website\",\"url\":\"https:\/\/u-pol.com\/es-us\/\",\"name\":\"U-Pol\",\"description\":\"\",\"publisher\":{\"@id\":\"https:\/\/u-pol.com\/es-us\/#organization\"},\"potentialAction\":[{\"@type\":\"SearchAction\",\"target\":{\"@type\":\"EntryPoint\",\"urlTemplate\":\"https:\/\/u-pol.com\/es-us\/?s={search_term_string}\"},\"query-input\":{\"@type\":\"PropertyValueSpecification\",\"valueRequired\":true,\"valueName\":\"search_term_string\"}}],\"inLanguage\":\"es-US\"},{\"@type\":\"Organization\",\"@id\":\"https:\/\/u-pol.com\/es-us\/#organization\",\"name\":\"U-POL\",\"url\":\"https:\/\/u-pol.com\/es-us\/\",\"logo\":{\"@type\":\"ImageObject\",\"inLanguage\":\"es-US\",\"@id\":\"https:\/\/u-pol.com\/es-us\/#\/schema\/logo\/image\/\",\"url\":\"https:\/\/u-pol.com\/wp-content\/uploads\/UPOL-sticky-bLogo.png\",\"contentUrl\":\"https:\/\/u-pol.com\/wp-content\/uploads\/UPOL-sticky-bLogo.png\",\"width\":125,\"height\":75,\"caption\":\"U-POL\"},\"image\":{\"@id\":\"https:\/\/u-pol.com\/es-us\/#\/schema\/logo\/image\/\"},\"sameAs\":[\"https:\/\/www.facebook.com\/U-POL-UK-409641822803819\/\",\"https:\/\/x.com\/UpolUK\"]}]}<\/script>","yoast_head_json":{"title":"Barril 200 Litros - Ratio De Mezcla 3:1 - U-Pol","description":"Los barriles RAPTOR de 200L le proporcionar\u00e1n la cobertura y protecci\u00f3n que necesita para aplicaciones grandes y OEM.","robots":{"index":"index","follow":"follow","max-snippet":"max-snippet:-1","max-image-preview":"max-image-preview:large","max-video-preview":"max-video-preview:-1"},"canonical":"https:\/\/u-pol.com\/es-us\/product\/uncategorised\/barril-200-litros-ratio-de-mezcla-31\/","og_locale":"es_ES","og_type":"article","og_title":"Barril 200 Litros - Ratio De Mezcla 3:1 - U-Pol","og_description":"Los barriles RAPTOR de 200L le proporcionar\u00e1n la cobertura y protecci\u00f3n que necesita para aplicaciones grandes y OEM.","og_url":"https:\/\/u-pol.com\/es-us\/product\/uncategorised\/barril-200-litros-ratio-de-mezcla-31\/","og_site_name":"U-Pol","article_publisher":"https:\/\/www.facebook.com\/U-POL-UK-409641822803819\/","article_modified_time":"2022-06-01T09:58:44+00:00","og_image":[{"width":500,"height":500,"url":"https:\/\/u-pol.com\/wp-content\/uploads\/UP4870-UP4871-UP4872-UP4873-200LiterRAPTORDrums3-1MixRatio.jpg","type":"image\/jpeg"}],"twitter_card":"summary_large_image","twitter_site":"@UpolUK","twitter_misc":{"Est. reading time":"3 minutes"},"schema":{"@context":"https:\/\/schema.org","@graph":[{"@type":"WebPage","@id":"https:\/\/u-pol.com\/es-us\/product\/uncategorised\/barril-200-litros-ratio-de-mezcla-31\/","url":"https:\/\/u-pol.com\/es-us\/product\/uncategorised\/barril-200-litros-ratio-de-mezcla-31\/","name":"Barril 200 Litros - Ratio De Mezcla 3:1 - U-Pol","isPartOf":{"@id":"https:\/\/u-pol.com\/es-us\/#website"},"primaryImageOfPage":{"@id":"https:\/\/u-pol.com\/es-us\/product\/uncategorised\/barril-200-litros-ratio-de-mezcla-31\/#primaryimage"},"image":{"@id":"https:\/\/u-pol.com\/es-us\/product\/uncategorised\/barril-200-litros-ratio-de-mezcla-31\/#primaryimage"},"thumbnailUrl":"https:\/\/u-pol.com\/wp-content\/uploads\/UP4870-UP4871-UP4872-UP4873-200LiterRAPTORDrums3-1MixRatio.jpg","datePublished":"2022-04-14T08:02:38+00:00","dateModified":"2022-06-01T09:58:44+00:00","description":"Los barriles RAPTOR de 200L le proporcionar\u00e1n la cobertura y protecci\u00f3n que necesita para aplicaciones grandes y OEM.","breadcrumb":{"@id":"https:\/\/u-pol.com\/es-us\/product\/uncategorised\/barril-200-litros-ratio-de-mezcla-31\/#breadcrumb"},"inLanguage":"es-US","potentialAction":[{"@type":"ReadAction","target":["https:\/\/u-pol.com\/es-us\/product\/uncategorised\/barril-200-litros-ratio-de-mezcla-31\/"]}]},{"@type":"ImageObject","inLanguage":"es-US","@id":"https:\/\/u-pol.com\/es-us\/product\/uncategorised\/barril-200-litros-ratio-de-mezcla-31\/#primaryimage","url":"https:\/\/u-pol.com\/wp-content\/uploads\/UP4870-UP4871-UP4872-UP4873-200LiterRAPTORDrums3-1MixRatio.jpg","contentUrl":"https:\/\/u-pol.com\/wp-content\/uploads\/UP4870-UP4871-UP4872-UP4873-200LiterRAPTORDrums3-1MixRatio.jpg","width":500,"height":500,"caption":"Barril 200 Litros - Ratio De Mezcla 3:1"},{"@type":"BreadcrumbList","@id":"https:\/\/u-pol.com\/es-us\/product\/uncategorised\/barril-200-litros-ratio-de-mezcla-31\/#breadcrumb","itemListElement":[{"@type":"ListItem","position":1,"name":"Home","item":"https:\/\/u-pol.com\/es-us\/"},{"@type":"ListItem","position":2,"name":"Shop","item":"https:\/\/u-pol.com\/?page_id=235"},{"@type":"ListItem","position":3,"name":"Barril 200 Litros &#8211; Ratio De Mezcla 3:1"}]},{"@type":"WebSite","@id":"https:\/\/u-pol.com\/es-us\/#website","url":"https:\/\/u-pol.com\/es-us\/","name":"U-Pol","description":"","publisher":{"@id":"https:\/\/u-pol.com\/es-us\/#organization"},"potentialAction":[{"@type":"SearchAction","target":{"@type":"EntryPoint","urlTemplate":"https:\/\/u-pol.com\/es-us\/?s={search_term_string}"},"query-input":{"@type":"PropertyValueSpecification","valueRequired":true,"valueName":"search_term_string"}}],"inLanguage":"es-US"},{"@type":"Organization","@id":"https:\/\/u-pol.com\/es-us\/#organization","name":"U-POL","url":"https:\/\/u-pol.com\/es-us\/","logo":{"@type":"ImageObject","inLanguage":"es-US","@id":"https:\/\/u-pol.com\/es-us\/#\/schema\/logo\/image\/","url":"https:\/\/u-pol.com\/wp-content\/uploads\/UPOL-sticky-bLogo.png","contentUrl":"https:\/\/u-pol.com\/wp-content\/uploads\/UPOL-sticky-bLogo.png","width":125,"height":75,"caption":"U-POL"},"image":{"@id":"https:\/\/u-pol.com\/es-us\/#\/schema\/logo\/image\/"},"sameAs":["https:\/\/www.facebook.com\/U-POL-UK-409641822803819\/","https:\/\/x.com\/UpolUK"]}]}},"_links":{"self":[{"href":"https:\/\/u-pol.com\/es-us\/wp-json\/wp\/v2\/product\/11271","targetHints":{"allow":["GET"]}}],"collection":[{"href":"https:\/\/u-pol.com\/es-us\/wp-json\/wp\/v2\/product"}],"about":[{"href":"https:\/\/u-pol.com\/es-us\/wp-json\/wp\/v2\/types\/product"}],"wp:featuredmedia":[{"embeddable":true,"href":"https:\/\/u-pol.com\/es-us\/wp-json\/wp\/v2\/media\/9933"}],"wp:attachment":[{"href":"https:\/\/u-pol.com\/es-us\/wp-json\/wp\/v2\/media?parent=11271"}],"wp:term":[{"taxonomy":"product_brand","embeddable":true,"href":"https:\/\/u-pol.com\/es-us\/wp-json\/wp\/v2\/product_brand?post=11271"},{"taxonomy":"product_cat","embeddable":true,"href":"https:\/\/u-pol.com\/es-us\/wp-json\/wp\/v2\/product_cat?post=11271"},{"taxonomy":"product_tag","embeddable":true,"href":"https:\/\/u-pol.com\/es-us\/wp-json\/wp\/v2\/product_tag?post=11271"}],"curies":[{"name":"wp","href":"https:\/\/api.w.org\/{rel}","templated":true}]}}