{"id":11356,"date":"2022-04-05T09:49:07","date_gmt":"2022-04-05T09:49:07","guid":{"rendered":"https:\/\/upol.darkgrey.eu\/product\/uncategorized\/acid8-imprimacion-fosfatante-de-agarre-3\/"},"modified":"2022-04-26T12:22:05","modified_gmt":"2022-04-26T12:22:05","slug":"acid8-imprimacion-fosfatante-de-agarre-3","status":"publish","type":"product","link":"https:\/\/u-pol.com\/es-us\/product\/revestimiento-protector-de-cubierta\/raptor-accessorios\/acid8-imprimacion-fosfatante-de-agarre-3\/","title":{"rendered":"ACID#8 Imprimaci\u00f3n Fosfatante De Agarre"},"content":{"rendered":"<div class=\"fusion-fullwidth fullwidth-box fusion-builder-row-1 fusion-flex-container nonhundred-percent-fullwidth non-hundred-percent-height-scrolling\" style=\"--awb-border-radius-top-left:0px;--awb-border-radius-top-right:0px;--awb-border-radius-bottom-right:0px;--awb-border-radius-bottom-left:0px;--awb-margin-top:20px;--awb-flex-wrap:wrap;\" ><div class=\"fusion-builder-row fusion-row fusion-flex-align-items-flex-start fusion-flex-content-wrap\" style=\"max-width:1203.6px;margin-left: calc(-2% \/ 2 );margin-right: calc(-2% \/ 2 );\"><div class=\"fusion-layout-column fusion_builder_column fusion-builder-column-0 fusion_builder_column_1_1 1_1 fusion-flex-column\" style=\"--awb-bg-size:cover;--awb-width-large:100%;--awb-margin-top-large:0px;--awb-spacing-right-large:0.98%;--awb-margin-bottom-large:20px;--awb-spacing-left-large:0.98%;--awb-width-medium:100%;--awb-order-medium:0;--awb-spacing-right-medium:0.98%;--awb-spacing-left-medium:0.98%;--awb-width-small:100%;--awb-order-small:0;--awb-spacing-right-small:0.98%;--awb-spacing-left-small:0.98%;\"><div class=\"fusion-column-wrapper fusion-column-has-shadow fusion-flex-justify-content-flex-end fusion-content-layout-row\"><div ><a class=\"fusion-button button-flat fusion-button-default-size button-default fusion-button-default button-1 fusion-button-default-span fusion-button-default-type\" target=\"_blank\" rel=\"noopener noreferrer\" href=\"https:\/\/u-pol.com\/es-us\/acid8-imprimacion-fosfantante-de-agarre\/\"><span class=\"fusion-button-text awb-button__text awb-button__text--default\">Prospecto Informativo<\/span><\/a><\/div><\/div><\/div><div class=\"fusion-layout-column fusion_builder_column fusion-builder-column-1 fusion_builder_column_1_1 1_1 fusion-flex-column\" style=\"--awb-bg-size:cover;--awb-width-large:100%;--awb-margin-top-large:0px;--awb-spacing-right-large:0.98%;--awb-margin-bottom-large:20px;--awb-spacing-left-large:0.98%;--awb-width-medium:100%;--awb-order-medium:0;--awb-spacing-right-medium:0.98%;--awb-spacing-left-medium:0.98%;--awb-width-small:100%;--awb-order-small:0;--awb-spacing-right-small:0.98%;--awb-spacing-left-small:0.98%;\"><div class=\"fusion-column-wrapper fusion-column-has-shadow fusion-flex-justify-content-flex-start fusion-content-layout-column\">\n<div class=\"table-1\">\n<table width=\"100%\">\n<thead>\n<tr>\n<th align=\"left\">C\u00f3digo<\/th>\n<th align=\"left\">Tama\u00f1o<\/th>\n<th align=\"left\">Color<\/th>\n<th align=\"left\">Por Caja<\/th>\n<th align=\"left\">Ver Hoja T\u00e9cnica<\/th>\n<th align=\"left\">Ver Hoja de Seguridad<\/th>\n<\/tr>\n<\/thead>\n<tbody>\n<tr>\n<td align=\"left\">UP5023<\/td>\n<td align=\"left\">Aerosol 13.2 Oz.<\/td>\n<td align=\"left\">Gris<\/td>\n<td align=\"left\">6<\/td>\n<td align=\"left\"><a href=\"https:\/\/u-pol.com\/es-us\/video\/up5023-tds-es\/up5023-tds-es\/\" target=\"_blank\" rel=\"noopener\">UP5023 TDS<\/a><\/td>\n<td align=\"left\"><a href=\"https:\/\/u-pol.com\/es-us\/video\/up5023-sds-es\/up5023-sds-es\/\" target=\"_blank\" rel=\"noopener\">UP5023 SDS<\/a><\/td>\n<\/tr>\n<\/tbody>\n<\/table>\n<\/div>\n<\/div><\/div><\/div><\/div>\n","protected":false},"excerpt":{"rendered":"<h3>RAPTOR<sup>\u00ae<\/sup><\/h3>\n<p>Graba e imprime el metal expuesto en un s\u00f3lo paso. Promueve la adherencia de la pintura sobre sustratos dificiles tales como el acero galvanizado y el aluminio.<\/p>\n<ul>\n<li>Contiene resina \u00e9ster de \u00e1cido fosf\u00f3rico<\/li>\n<li>Boquilla plana de alta atomizaci\u00f3n permitiendo una ventilaci\u00f3n m\u00e1s grande<\/li>\n<li>Se aplica sobre sustratos de metal expuesto, pintura endurecida, masilla de poli\u00e9ster endurecido y GRP<\/li>\n<li>Anti-corrosivo &#8211; evita que el acero se oxide<\/li>\n<li>Secado r\u00e1pido<\/li>\n<li>Ideal para zonas expuestas o para revestir nuevos paneles<\/li>\n<li>Puede ser recubierto directamente &#8211; no requiere lijado<\/li>\n<\/ul>\n","protected":false},"featured_media":9188,"template":"","meta":[],"product_brand":[],"product_cat":[352,351],"product_tag":[362],"class_list":{"0":"post-11356","1":"product","2":"type-product","3":"status-publish","4":"has-post-thumbnail","6":"product_cat-revestimiento-protector-de-cubierta","7":"product_cat-raptor-accessorios","8":"product_tag-raptor","10":"first","11":"instock","12":"downloadable","13":"virtual","14":"sold-individually","15":"product-type-simple"},"yoast_head":"<title>ACID#8 Imprimaci\u00f3n Fosfatante De Agarre - U-Pol<\/title>\n<meta name=\"description\" content=\"Graba e imprime el metal expuesto en un s\u00f3lo paso. Promueve la adherencia de la pintura sobre sustratos dificiles tales como el acero galvanizado y el aluminio.\" \/>\n<meta name=\"robots\" content=\"index, follow, max-snippet:-1, max-image-preview:large, max-video-preview:-1\" \/>\n<link rel=\"canonical\" href=\"https:\/\/u-pol.com\/es-us\/product\/revestimiento-protector-de-cubierta\/raptor-accessorios\/acid8-imprimacion-fosfatante-de-agarre-3\/\" \/>\n<meta property=\"og:locale\" content=\"es_ES\" \/>\n<meta property=\"og:type\" content=\"article\" \/>\n<meta property=\"og:title\" content=\"ACID#8 Imprimaci\u00f3n Fosfatante De Agarre - U-Pol\" \/>\n<meta property=\"og:description\" content=\"Graba e imprime el metal expuesto en un s\u00f3lo paso. Promueve la adherencia de la pintura sobre sustratos dificiles tales como el acero galvanizado y el aluminio.\" \/>\n<meta property=\"og:url\" content=\"https:\/\/u-pol.com\/es-us\/product\/revestimiento-protector-de-cubierta\/raptor-accessorios\/acid8-imprimacion-fosfatante-de-agarre-3\/\" \/>\n<meta property=\"og:site_name\" content=\"U-Pol\" \/>\n<meta property=\"article:publisher\" content=\"https:\/\/www.facebook.com\/U-POL-UK-409641822803819\/\" \/>\n<meta property=\"article:modified_time\" content=\"2022-04-26T12:22:05+00:00\" \/>\n<meta property=\"og:image\" content=\"https:\/\/u-pol.com\/wp-content\/uploads\/RPTEP-Acid-Etch-Primer.jpg\" \/>\n\t<meta property=\"og:image:width\" content=\"500\" \/>\n\t<meta property=\"og:image:height\" content=\"500\" \/>\n\t<meta property=\"og:image:type\" content=\"image\/jpeg\" \/>\n<meta name=\"twitter:card\" content=\"summary_large_image\" \/>\n<meta name=\"twitter:site\" content=\"@UpolUK\" \/>\n<meta name=\"twitter:label1\" content=\"Est. reading time\" \/>\n\t<meta name=\"twitter:data1\" content=\"3 minutes\" \/>\n<script type=\"application\/ld+json\" class=\"yoast-schema-graph\">{\"@context\":\"https:\/\/schema.org\",\"@graph\":[{\"@type\":\"WebPage\",\"@id\":\"https:\/\/u-pol.com\/es-us\/product\/revestimiento-protector-de-cubierta\/raptor-accessorios\/acid8-imprimacion-fosfatante-de-agarre-3\/\",\"url\":\"https:\/\/u-pol.com\/es-us\/product\/revestimiento-protector-de-cubierta\/raptor-accessorios\/acid8-imprimacion-fosfatante-de-agarre-3\/\",\"name\":\"ACID#8 Imprimaci\u00f3n Fosfatante De Agarre - U-Pol\",\"isPartOf\":{\"@id\":\"https:\/\/u-pol.com\/es-us\/#website\"},\"primaryImageOfPage\":{\"@id\":\"https:\/\/u-pol.com\/es-us\/product\/revestimiento-protector-de-cubierta\/raptor-accessorios\/acid8-imprimacion-fosfatante-de-agarre-3\/#primaryimage\"},\"image\":{\"@id\":\"https:\/\/u-pol.com\/es-us\/product\/revestimiento-protector-de-cubierta\/raptor-accessorios\/acid8-imprimacion-fosfatante-de-agarre-3\/#primaryimage\"},\"thumbnailUrl\":\"https:\/\/u-pol.com\/wp-content\/uploads\/RPTEP-Acid-Etch-Primer.jpg\",\"datePublished\":\"2022-04-05T09:49:07+00:00\",\"dateModified\":\"2022-04-26T12:22:05+00:00\",\"description\":\"Graba e imprime el metal expuesto en un s\u00f3lo paso. Promueve la adherencia de la pintura sobre sustratos dificiles tales como el acero galvanizado y el aluminio.\",\"breadcrumb\":{\"@id\":\"https:\/\/u-pol.com\/es-us\/product\/revestimiento-protector-de-cubierta\/raptor-accessorios\/acid8-imprimacion-fosfatante-de-agarre-3\/#breadcrumb\"},\"inLanguage\":\"es-US\",\"potentialAction\":[{\"@type\":\"ReadAction\",\"target\":[\"https:\/\/u-pol.com\/es-us\/product\/revestimiento-protector-de-cubierta\/raptor-accessorios\/acid8-imprimacion-fosfatante-de-agarre-3\/\"]}]},{\"@type\":\"ImageObject\",\"inLanguage\":\"es-US\",\"@id\":\"https:\/\/u-pol.com\/es-us\/product\/revestimiento-protector-de-cubierta\/raptor-accessorios\/acid8-imprimacion-fosfatante-de-agarre-3\/#primaryimage\",\"url\":\"https:\/\/u-pol.com\/wp-content\/uploads\/RPTEP-Acid-Etch-Primer.jpg\",\"contentUrl\":\"https:\/\/u-pol.com\/wp-content\/uploads\/RPTEP-Acid-Etch-Primer.jpg\",\"width\":500,\"height\":500,\"caption\":\"ACID#8 Imprimaci\u00f3n Fosfatante De Agarre\"},{\"@type\":\"BreadcrumbList\",\"@id\":\"https:\/\/u-pol.com\/es-us\/product\/revestimiento-protector-de-cubierta\/raptor-accessorios\/acid8-imprimacion-fosfatante-de-agarre-3\/#breadcrumb\",\"itemListElement\":[{\"@type\":\"ListItem\",\"position\":1,\"name\":\"Home\",\"item\":\"https:\/\/u-pol.com\/es-us\/\"},{\"@type\":\"ListItem\",\"position\":2,\"name\":\"Shop\",\"item\":\"https:\/\/u-pol.com\/?page_id=235\"},{\"@type\":\"ListItem\",\"position\":3,\"name\":\"ACID#8 Imprimaci\u00f3n Fosfatante De Agarre\"}]},{\"@type\":\"WebSite\",\"@id\":\"https:\/\/u-pol.com\/es-us\/#website\",\"url\":\"https:\/\/u-pol.com\/es-us\/\",\"name\":\"U-Pol\",\"description\":\"\",\"publisher\":{\"@id\":\"https:\/\/u-pol.com\/es-us\/#organization\"},\"potentialAction\":[{\"@type\":\"SearchAction\",\"target\":{\"@type\":\"EntryPoint\",\"urlTemplate\":\"https:\/\/u-pol.com\/es-us\/?s={search_term_string}\"},\"query-input\":{\"@type\":\"PropertyValueSpecification\",\"valueRequired\":true,\"valueName\":\"search_term_string\"}}],\"inLanguage\":\"es-US\"},{\"@type\":\"Organization\",\"@id\":\"https:\/\/u-pol.com\/es-us\/#organization\",\"name\":\"U-POL\",\"url\":\"https:\/\/u-pol.com\/es-us\/\",\"logo\":{\"@type\":\"ImageObject\",\"inLanguage\":\"es-US\",\"@id\":\"https:\/\/u-pol.com\/es-us\/#\/schema\/logo\/image\/\",\"url\":\"https:\/\/u-pol.com\/wp-content\/uploads\/UPOL-sticky-bLogo.png\",\"contentUrl\":\"https:\/\/u-pol.com\/wp-content\/uploads\/UPOL-sticky-bLogo.png\",\"width\":125,\"height\":75,\"caption\":\"U-POL\"},\"image\":{\"@id\":\"https:\/\/u-pol.com\/es-us\/#\/schema\/logo\/image\/\"},\"sameAs\":[\"https:\/\/www.facebook.com\/U-POL-UK-409641822803819\/\",\"https:\/\/x.com\/UpolUK\"]}]}<\/script>","yoast_head_json":{"title":"ACID#8 Imprimaci\u00f3n Fosfatante De Agarre - U-Pol","description":"Graba e imprime el metal expuesto en un s\u00f3lo paso. Promueve la adherencia de la pintura sobre sustratos dificiles tales como el acero galvanizado y el aluminio.","robots":{"index":"index","follow":"follow","max-snippet":"max-snippet:-1","max-image-preview":"max-image-preview:large","max-video-preview":"max-video-preview:-1"},"canonical":"https:\/\/u-pol.com\/es-us\/product\/revestimiento-protector-de-cubierta\/raptor-accessorios\/acid8-imprimacion-fosfatante-de-agarre-3\/","og_locale":"es_ES","og_type":"article","og_title":"ACID#8 Imprimaci\u00f3n Fosfatante De Agarre - U-Pol","og_description":"Graba e imprime el metal expuesto en un s\u00f3lo paso. Promueve la adherencia de la pintura sobre sustratos dificiles tales como el acero galvanizado y el aluminio.","og_url":"https:\/\/u-pol.com\/es-us\/product\/revestimiento-protector-de-cubierta\/raptor-accessorios\/acid8-imprimacion-fosfatante-de-agarre-3\/","og_site_name":"U-Pol","article_publisher":"https:\/\/www.facebook.com\/U-POL-UK-409641822803819\/","article_modified_time":"2022-04-26T12:22:05+00:00","og_image":[{"width":500,"height":500,"url":"https:\/\/u-pol.com\/wp-content\/uploads\/RPTEP-Acid-Etch-Primer.jpg","type":"image\/jpeg"}],"twitter_card":"summary_large_image","twitter_site":"@UpolUK","twitter_misc":{"Est. reading time":"3 minutes"},"schema":{"@context":"https:\/\/schema.org","@graph":[{"@type":"WebPage","@id":"https:\/\/u-pol.com\/es-us\/product\/revestimiento-protector-de-cubierta\/raptor-accessorios\/acid8-imprimacion-fosfatante-de-agarre-3\/","url":"https:\/\/u-pol.com\/es-us\/product\/revestimiento-protector-de-cubierta\/raptor-accessorios\/acid8-imprimacion-fosfatante-de-agarre-3\/","name":"ACID#8 Imprimaci\u00f3n Fosfatante De Agarre - U-Pol","isPartOf":{"@id":"https:\/\/u-pol.com\/es-us\/#website"},"primaryImageOfPage":{"@id":"https:\/\/u-pol.com\/es-us\/product\/revestimiento-protector-de-cubierta\/raptor-accessorios\/acid8-imprimacion-fosfatante-de-agarre-3\/#primaryimage"},"image":{"@id":"https:\/\/u-pol.com\/es-us\/product\/revestimiento-protector-de-cubierta\/raptor-accessorios\/acid8-imprimacion-fosfatante-de-agarre-3\/#primaryimage"},"thumbnailUrl":"https:\/\/u-pol.com\/wp-content\/uploads\/RPTEP-Acid-Etch-Primer.jpg","datePublished":"2022-04-05T09:49:07+00:00","dateModified":"2022-04-26T12:22:05+00:00","description":"Graba e imprime el metal expuesto en un s\u00f3lo paso. Promueve la adherencia de la pintura sobre sustratos dificiles tales como el acero galvanizado y el aluminio.","breadcrumb":{"@id":"https:\/\/u-pol.com\/es-us\/product\/revestimiento-protector-de-cubierta\/raptor-accessorios\/acid8-imprimacion-fosfatante-de-agarre-3\/#breadcrumb"},"inLanguage":"es-US","potentialAction":[{"@type":"ReadAction","target":["https:\/\/u-pol.com\/es-us\/product\/revestimiento-protector-de-cubierta\/raptor-accessorios\/acid8-imprimacion-fosfatante-de-agarre-3\/"]}]},{"@type":"ImageObject","inLanguage":"es-US","@id":"https:\/\/u-pol.com\/es-us\/product\/revestimiento-protector-de-cubierta\/raptor-accessorios\/acid8-imprimacion-fosfatante-de-agarre-3\/#primaryimage","url":"https:\/\/u-pol.com\/wp-content\/uploads\/RPTEP-Acid-Etch-Primer.jpg","contentUrl":"https:\/\/u-pol.com\/wp-content\/uploads\/RPTEP-Acid-Etch-Primer.jpg","width":500,"height":500,"caption":"ACID#8 Imprimaci\u00f3n Fosfatante De Agarre"},{"@type":"BreadcrumbList","@id":"https:\/\/u-pol.com\/es-us\/product\/revestimiento-protector-de-cubierta\/raptor-accessorios\/acid8-imprimacion-fosfatante-de-agarre-3\/#breadcrumb","itemListElement":[{"@type":"ListItem","position":1,"name":"Home","item":"https:\/\/u-pol.com\/es-us\/"},{"@type":"ListItem","position":2,"name":"Shop","item":"https:\/\/u-pol.com\/?page_id=235"},{"@type":"ListItem","position":3,"name":"ACID#8 Imprimaci\u00f3n Fosfatante De Agarre"}]},{"@type":"WebSite","@id":"https:\/\/u-pol.com\/es-us\/#website","url":"https:\/\/u-pol.com\/es-us\/","name":"U-Pol","description":"","publisher":{"@id":"https:\/\/u-pol.com\/es-us\/#organization"},"potentialAction":[{"@type":"SearchAction","target":{"@type":"EntryPoint","urlTemplate":"https:\/\/u-pol.com\/es-us\/?s={search_term_string}"},"query-input":{"@type":"PropertyValueSpecification","valueRequired":true,"valueName":"search_term_string"}}],"inLanguage":"es-US"},{"@type":"Organization","@id":"https:\/\/u-pol.com\/es-us\/#organization","name":"U-POL","url":"https:\/\/u-pol.com\/es-us\/","logo":{"@type":"ImageObject","inLanguage":"es-US","@id":"https:\/\/u-pol.com\/es-us\/#\/schema\/logo\/image\/","url":"https:\/\/u-pol.com\/wp-content\/uploads\/UPOL-sticky-bLogo.png","contentUrl":"https:\/\/u-pol.com\/wp-content\/uploads\/UPOL-sticky-bLogo.png","width":125,"height":75,"caption":"U-POL"},"image":{"@id":"https:\/\/u-pol.com\/es-us\/#\/schema\/logo\/image\/"},"sameAs":["https:\/\/www.facebook.com\/U-POL-UK-409641822803819\/","https:\/\/x.com\/UpolUK"]}]}},"_links":{"self":[{"href":"https:\/\/u-pol.com\/es-us\/wp-json\/wp\/v2\/product\/11356","targetHints":{"allow":["GET"]}}],"collection":[{"href":"https:\/\/u-pol.com\/es-us\/wp-json\/wp\/v2\/product"}],"about":[{"href":"https:\/\/u-pol.com\/es-us\/wp-json\/wp\/v2\/types\/product"}],"wp:featuredmedia":[{"embeddable":true,"href":"https:\/\/u-pol.com\/es-us\/wp-json\/wp\/v2\/media\/9188"}],"wp:attachment":[{"href":"https:\/\/u-pol.com\/es-us\/wp-json\/wp\/v2\/media?parent=11356"}],"wp:term":[{"taxonomy":"product_brand","embeddable":true,"href":"https:\/\/u-pol.com\/es-us\/wp-json\/wp\/v2\/product_brand?post=11356"},{"taxonomy":"product_cat","embeddable":true,"href":"https:\/\/u-pol.com\/es-us\/wp-json\/wp\/v2\/product_cat?post=11356"},{"taxonomy":"product_tag","embeddable":true,"href":"https:\/\/u-pol.com\/es-us\/wp-json\/wp\/v2\/product_tag?post=11356"}],"curies":[{"name":"wp","href":"https:\/\/api.w.org\/{rel}","templated":true}]}}