{"id":80983,"date":"2023-04-21T13:48:57","date_gmt":"2023-04-21T13:48:57","guid":{"rendered":"https:\/\/u-pol.com\/?post_type=product&#038;p=80983"},"modified":"2025-07-09T10:11:10","modified_gmt":"2025-07-09T10:11:10","slug":"relleno-rapido-dolphin","status":"publish","type":"product","link":"https:\/\/u-pol.com\/es-us\/product\/masillas\/masillas-2\/relleno-rapido-dolphin\/","title":{"rendered":"Dolphin, Relleno r\u00e1pido"},"content":{"rendered":"<div class=\"fusion-fullwidth fullwidth-box fusion-builder-row-1 fusion-flex-container nonhundred-percent-fullwidth non-hundred-percent-height-scrolling\" style=\"--awb-border-radius-top-left:0px;--awb-border-radius-top-right:0px;--awb-border-radius-bottom-right:0px;--awb-border-radius-bottom-left:0px;--awb-margin-top:20px;--awb-flex-wrap:wrap;\" ><div class=\"fusion-builder-row fusion-row fusion-flex-align-items-flex-start fusion-flex-content-wrap\" style=\"max-width:1203.6px;margin-left: calc(-2% \/ 2 );margin-right: calc(-2% \/ 2 );\"><div class=\"fusion-layout-column fusion_builder_column fusion-builder-column-0 fusion_builder_column_1_1 1_1 fusion-flex-column\" style=\"--awb-bg-size:cover;--awb-width-large:100%;--awb-margin-top-large:0px;--awb-spacing-right-large:0.98%;--awb-margin-bottom-large:20px;--awb-spacing-left-large:0.98%;--awb-width-medium:100%;--awb-order-medium:0;--awb-spacing-right-medium:0.98%;--awb-spacing-left-medium:0.98%;--awb-width-small:100%;--awb-order-small:0;--awb-spacing-right-small:0.98%;--awb-spacing-left-small:0.98%;\"><div class=\"fusion-column-wrapper fusion-column-has-shadow fusion-flex-justify-content-flex-start fusion-content-layout-column\">\n<div class=\"table-1\">\n<table width=\"100%\">\n<thead>\n<tr>\n<th align=\"left\">C\u00f3digo<\/th>\n<th align=\"left\">Tama\u00f1o<\/th>\n<th align=\"left\">Color<\/th>\n<th align=\"left\">Por Caja<\/th>\n<th align=\"left\">Ver Hoja T\u00e9cnica<\/th>\n<th align=\"left\">Ver Hoja de Seguridad<\/th>\n<\/tr>\n<\/thead>\n<tbody>\n<tr>\n<td align=\"left\">UP0653<\/td>\n<td align=\"left\">Lata 3L<\/td>\n<td align=\"left\">Azul<\/td>\n<td align=\"left\">4<\/td>\n<td align=\"left\"><a href=\"https:\/\/u-pol.com\/es-us\/video\/up0653-tds-es\/\">UP0653-TDS-ES<\/a><\/td>\n<td align=\"left\"><a href=\"https:\/\/use-qa-inf-apiacs.azure-api.net\/publishedsds\/item\/26369\">DOLSF-US-SDS-ES<\/a><\/td>\n<\/tr>\n<\/tbody>\n<\/table>\n<\/div>\n<\/div><\/div><\/div><\/div>\n","protected":false},"excerpt":{"rendered":"<p><strong>Dolphin Relleno r\u00e1pido<\/strong><\/p>\n<div>\n<p>Masilla ligera Ultra Fast Premium<\/p>\n<\/div>\n<div>\n<p>Dolphin Speed Filler es una masilla avanzada, ligera y de curado ultrarr\u00e1pido para reparaciones de paneles medianos a profundos. Gracias a la tecnolog\u00eda &#8220;Snap Cure&#8221;, la masilla Dolphin Speed Filler est\u00e1 lista para lijar en la mitad de tiempo que una masilla est\u00e1ndar. Ofrece un sistema de proceso con Dolphin Speed Glaze para reducir el tiempo total de curado hasta en 26 minutos o un 65%.<\/p>\n<\/div>\n<div>\n<ul type=\"disc\">\n<li>Curado m\u00e1s de 2 veces m\u00e1s r\u00e1pido (8-10 minutos a 70\u00b0F)<\/li>\n<li>Reducci\u00f3n del tiempo de ciclo en el taller<\/li>\n<li>Excepcionales propiedades de lijado<\/li>\n<li>No se pega y es resistente a los agujeros de alfiler<\/li>\n<\/ul>\n<\/div>\n","protected":false},"featured_media":119014,"template":"","meta":[],"product_brand":[],"product_cat":[326,327],"product_tag":[346],"class_list":{"0":"post-80983","1":"product","2":"type-product","3":"status-publish","4":"has-post-thumbnail","6":"product_cat-masillas","7":"product_cat-masillas-2","8":"product_tag-dolphin","10":"first","11":"instock","12":"downloadable","13":"virtual","14":"sold-individually","15":"product-type-simple"},"yoast_head":"<title>Dolphin, Relleno r\u00e1pido - U-Pol<\/title>\n<meta name=\"description\" content=\"Dolphin Speed Glaze es un esmalte de acabado avanzado, ligero y de curado ultrarr\u00e1pido especialmente formulado para reparar ara\u00f1azos, desconchones de piedra y agujeros de alfiler.\" \/>\n<meta name=\"robots\" content=\"index, follow, max-snippet:-1, max-image-preview:large, max-video-preview:-1\" \/>\n<link rel=\"canonical\" href=\"https:\/\/u-pol.com\/es-us\/product\/masillas\/masillas-2\/relleno-rapido-dolphin\/\" \/>\n<meta property=\"og:locale\" content=\"es_ES\" \/>\n<meta property=\"og:type\" content=\"article\" \/>\n<meta property=\"og:title\" content=\"Dolphin, Relleno r\u00e1pido - U-Pol\" \/>\n<meta property=\"og:description\" content=\"Dolphin Speed Glaze es un esmalte de acabado avanzado, ligero y de curado ultrarr\u00e1pido especialmente formulado para reparar ara\u00f1azos, desconchones de piedra y agujeros de alfiler.\" \/>\n<meta property=\"og:url\" content=\"https:\/\/u-pol.com\/es-us\/product\/masillas\/masillas-2\/relleno-rapido-dolphin\/\" \/>\n<meta property=\"og:site_name\" content=\"U-Pol\" \/>\n<meta property=\"article:publisher\" content=\"https:\/\/www.facebook.com\/U-POL-UK-409641822803819\/\" \/>\n<meta property=\"article:modified_time\" content=\"2025-07-09T10:11:10+00:00\" \/>\n<meta property=\"og:image\" content=\"https:\/\/u-pol.com\/wp-content\/uploads\/14.png\" \/>\n\t<meta property=\"og:image:width\" content=\"1200\" \/>\n\t<meta property=\"og:image:height\" content=\"1200\" \/>\n\t<meta property=\"og:image:type\" content=\"image\/png\" \/>\n<meta name=\"twitter:card\" content=\"summary_large_image\" \/>\n<meta name=\"twitter:site\" content=\"@UpolUK\" \/>\n<meta name=\"twitter:label1\" content=\"Est. reading time\" \/>\n\t<meta name=\"twitter:data1\" content=\"3 minutes\" \/>\n<script type=\"application\/ld+json\" class=\"yoast-schema-graph\">{\"@context\":\"https:\/\/schema.org\",\"@graph\":[{\"@type\":\"WebPage\",\"@id\":\"https:\/\/u-pol.com\/es-us\/product\/masillas\/masillas-2\/relleno-rapido-dolphin\/\",\"url\":\"https:\/\/u-pol.com\/es-us\/product\/masillas\/masillas-2\/relleno-rapido-dolphin\/\",\"name\":\"Dolphin, Relleno r\u00e1pido - U-Pol\",\"isPartOf\":{\"@id\":\"https:\/\/u-pol.com\/es-us\/#website\"},\"primaryImageOfPage\":{\"@id\":\"https:\/\/u-pol.com\/es-us\/product\/masillas\/masillas-2\/relleno-rapido-dolphin\/#primaryimage\"},\"image\":{\"@id\":\"https:\/\/u-pol.com\/es-us\/product\/masillas\/masillas-2\/relleno-rapido-dolphin\/#primaryimage\"},\"thumbnailUrl\":\"https:\/\/u-pol.com\/wp-content\/uploads\/14.png\",\"datePublished\":\"2023-04-21T13:48:57+00:00\",\"dateModified\":\"2025-07-09T10:11:10+00:00\",\"description\":\"Dolphin Speed Glaze es un esmalte de acabado avanzado, ligero y de curado ultrarr\u00e1pido especialmente formulado para reparar ara\u00f1azos, desconchones de piedra y agujeros de alfiler.\",\"breadcrumb\":{\"@id\":\"https:\/\/u-pol.com\/es-us\/product\/masillas\/masillas-2\/relleno-rapido-dolphin\/#breadcrumb\"},\"inLanguage\":\"es-US\",\"potentialAction\":[{\"@type\":\"ReadAction\",\"target\":[\"https:\/\/u-pol.com\/es-us\/product\/masillas\/masillas-2\/relleno-rapido-dolphin\/\"]}]},{\"@type\":\"ImageObject\",\"inLanguage\":\"es-US\",\"@id\":\"https:\/\/u-pol.com\/es-us\/product\/masillas\/masillas-2\/relleno-rapido-dolphin\/#primaryimage\",\"url\":\"https:\/\/u-pol.com\/wp-content\/uploads\/14.png\",\"contentUrl\":\"https:\/\/u-pol.com\/wp-content\/uploads\/14.png\",\"width\":1200,\"height\":1200},{\"@type\":\"BreadcrumbList\",\"@id\":\"https:\/\/u-pol.com\/es-us\/product\/masillas\/masillas-2\/relleno-rapido-dolphin\/#breadcrumb\",\"itemListElement\":[{\"@type\":\"ListItem\",\"position\":1,\"name\":\"Home\",\"item\":\"https:\/\/u-pol.com\/es-us\/\"},{\"@type\":\"ListItem\",\"position\":2,\"name\":\"Shop\",\"item\":\"https:\/\/u-pol.com\/?page_id=235\"},{\"@type\":\"ListItem\",\"position\":3,\"name\":\"Dolphin, Relleno r\u00e1pido\"}]},{\"@type\":\"WebSite\",\"@id\":\"https:\/\/u-pol.com\/es-us\/#website\",\"url\":\"https:\/\/u-pol.com\/es-us\/\",\"name\":\"U-Pol\",\"description\":\"\",\"publisher\":{\"@id\":\"https:\/\/u-pol.com\/es-us\/#organization\"},\"potentialAction\":[{\"@type\":\"SearchAction\",\"target\":{\"@type\":\"EntryPoint\",\"urlTemplate\":\"https:\/\/u-pol.com\/es-us\/?s={search_term_string}\"},\"query-input\":{\"@type\":\"PropertyValueSpecification\",\"valueRequired\":true,\"valueName\":\"search_term_string\"}}],\"inLanguage\":\"es-US\"},{\"@type\":\"Organization\",\"@id\":\"https:\/\/u-pol.com\/es-us\/#organization\",\"name\":\"U-POL\",\"url\":\"https:\/\/u-pol.com\/es-us\/\",\"logo\":{\"@type\":\"ImageObject\",\"inLanguage\":\"es-US\",\"@id\":\"https:\/\/u-pol.com\/es-us\/#\/schema\/logo\/image\/\",\"url\":\"https:\/\/u-pol.com\/wp-content\/uploads\/UPOL-sticky-bLogo.png\",\"contentUrl\":\"https:\/\/u-pol.com\/wp-content\/uploads\/UPOL-sticky-bLogo.png\",\"width\":125,\"height\":75,\"caption\":\"U-POL\"},\"image\":{\"@id\":\"https:\/\/u-pol.com\/es-us\/#\/schema\/logo\/image\/\"},\"sameAs\":[\"https:\/\/www.facebook.com\/U-POL-UK-409641822803819\/\",\"https:\/\/x.com\/UpolUK\"]}]}<\/script>","yoast_head_json":{"title":"Dolphin, Relleno r\u00e1pido - U-Pol","description":"Dolphin Speed Glaze es un esmalte de acabado avanzado, ligero y de curado ultrarr\u00e1pido especialmente formulado para reparar ara\u00f1azos, desconchones de piedra y agujeros de alfiler.","robots":{"index":"index","follow":"follow","max-snippet":"max-snippet:-1","max-image-preview":"max-image-preview:large","max-video-preview":"max-video-preview:-1"},"canonical":"https:\/\/u-pol.com\/es-us\/product\/masillas\/masillas-2\/relleno-rapido-dolphin\/","og_locale":"es_ES","og_type":"article","og_title":"Dolphin, Relleno r\u00e1pido - U-Pol","og_description":"Dolphin Speed Glaze es un esmalte de acabado avanzado, ligero y de curado ultrarr\u00e1pido especialmente formulado para reparar ara\u00f1azos, desconchones de piedra y agujeros de alfiler.","og_url":"https:\/\/u-pol.com\/es-us\/product\/masillas\/masillas-2\/relleno-rapido-dolphin\/","og_site_name":"U-Pol","article_publisher":"https:\/\/www.facebook.com\/U-POL-UK-409641822803819\/","article_modified_time":"2025-07-09T10:11:10+00:00","og_image":[{"width":1200,"height":1200,"url":"https:\/\/u-pol.com\/wp-content\/uploads\/14.png","type":"image\/png"}],"twitter_card":"summary_large_image","twitter_site":"@UpolUK","twitter_misc":{"Est. reading time":"3 minutes"},"schema":{"@context":"https:\/\/schema.org","@graph":[{"@type":"WebPage","@id":"https:\/\/u-pol.com\/es-us\/product\/masillas\/masillas-2\/relleno-rapido-dolphin\/","url":"https:\/\/u-pol.com\/es-us\/product\/masillas\/masillas-2\/relleno-rapido-dolphin\/","name":"Dolphin, Relleno r\u00e1pido - U-Pol","isPartOf":{"@id":"https:\/\/u-pol.com\/es-us\/#website"},"primaryImageOfPage":{"@id":"https:\/\/u-pol.com\/es-us\/product\/masillas\/masillas-2\/relleno-rapido-dolphin\/#primaryimage"},"image":{"@id":"https:\/\/u-pol.com\/es-us\/product\/masillas\/masillas-2\/relleno-rapido-dolphin\/#primaryimage"},"thumbnailUrl":"https:\/\/u-pol.com\/wp-content\/uploads\/14.png","datePublished":"2023-04-21T13:48:57+00:00","dateModified":"2025-07-09T10:11:10+00:00","description":"Dolphin Speed Glaze es un esmalte de acabado avanzado, ligero y de curado ultrarr\u00e1pido especialmente formulado para reparar ara\u00f1azos, desconchones de piedra y agujeros de alfiler.","breadcrumb":{"@id":"https:\/\/u-pol.com\/es-us\/product\/masillas\/masillas-2\/relleno-rapido-dolphin\/#breadcrumb"},"inLanguage":"es-US","potentialAction":[{"@type":"ReadAction","target":["https:\/\/u-pol.com\/es-us\/product\/masillas\/masillas-2\/relleno-rapido-dolphin\/"]}]},{"@type":"ImageObject","inLanguage":"es-US","@id":"https:\/\/u-pol.com\/es-us\/product\/masillas\/masillas-2\/relleno-rapido-dolphin\/#primaryimage","url":"https:\/\/u-pol.com\/wp-content\/uploads\/14.png","contentUrl":"https:\/\/u-pol.com\/wp-content\/uploads\/14.png","width":1200,"height":1200},{"@type":"BreadcrumbList","@id":"https:\/\/u-pol.com\/es-us\/product\/masillas\/masillas-2\/relleno-rapido-dolphin\/#breadcrumb","itemListElement":[{"@type":"ListItem","position":1,"name":"Home","item":"https:\/\/u-pol.com\/es-us\/"},{"@type":"ListItem","position":2,"name":"Shop","item":"https:\/\/u-pol.com\/?page_id=235"},{"@type":"ListItem","position":3,"name":"Dolphin, Relleno r\u00e1pido"}]},{"@type":"WebSite","@id":"https:\/\/u-pol.com\/es-us\/#website","url":"https:\/\/u-pol.com\/es-us\/","name":"U-Pol","description":"","publisher":{"@id":"https:\/\/u-pol.com\/es-us\/#organization"},"potentialAction":[{"@type":"SearchAction","target":{"@type":"EntryPoint","urlTemplate":"https:\/\/u-pol.com\/es-us\/?s={search_term_string}"},"query-input":{"@type":"PropertyValueSpecification","valueRequired":true,"valueName":"search_term_string"}}],"inLanguage":"es-US"},{"@type":"Organization","@id":"https:\/\/u-pol.com\/es-us\/#organization","name":"U-POL","url":"https:\/\/u-pol.com\/es-us\/","logo":{"@type":"ImageObject","inLanguage":"es-US","@id":"https:\/\/u-pol.com\/es-us\/#\/schema\/logo\/image\/","url":"https:\/\/u-pol.com\/wp-content\/uploads\/UPOL-sticky-bLogo.png","contentUrl":"https:\/\/u-pol.com\/wp-content\/uploads\/UPOL-sticky-bLogo.png","width":125,"height":75,"caption":"U-POL"},"image":{"@id":"https:\/\/u-pol.com\/es-us\/#\/schema\/logo\/image\/"},"sameAs":["https:\/\/www.facebook.com\/U-POL-UK-409641822803819\/","https:\/\/x.com\/UpolUK"]}]}},"_links":{"self":[{"href":"https:\/\/u-pol.com\/es-us\/wp-json\/wp\/v2\/product\/80983","targetHints":{"allow":["GET"]}}],"collection":[{"href":"https:\/\/u-pol.com\/es-us\/wp-json\/wp\/v2\/product"}],"about":[{"href":"https:\/\/u-pol.com\/es-us\/wp-json\/wp\/v2\/types\/product"}],"wp:featuredmedia":[{"embeddable":true,"href":"https:\/\/u-pol.com\/es-us\/wp-json\/wp\/v2\/media\/119014"}],"wp:attachment":[{"href":"https:\/\/u-pol.com\/es-us\/wp-json\/wp\/v2\/media?parent=80983"}],"wp:term":[{"taxonomy":"product_brand","embeddable":true,"href":"https:\/\/u-pol.com\/es-us\/wp-json\/wp\/v2\/product_brand?post=80983"},{"taxonomy":"product_cat","embeddable":true,"href":"https:\/\/u-pol.com\/es-us\/wp-json\/wp\/v2\/product_cat?post=80983"},{"taxonomy":"product_tag","embeddable":true,"href":"https:\/\/u-pol.com\/es-us\/wp-json\/wp\/v2\/product_tag?post=80983"}],"curies":[{"name":"wp","href":"https:\/\/api.w.org\/{rel}","templated":true}]}}