{"id":8550,"date":"2022-04-15T13:05:27","date_gmt":"2022-04-15T13:05:27","guid":{"rendered":"https:\/\/upol.darkgrey.eu\/product\/uncategorized\/liteweight-gold\/"},"modified":"2025-07-09T10:45:24","modified_gmt":"2025-07-09T10:45:24","slug":"liteweight-gold","status":"publish","type":"product","link":"https:\/\/u-pol.com\/es-us\/product\/masillas\/masillas-2\/liteweight-gold\/","title":{"rendered":"Liteweight Gold"},"content":{"rendered":"<div class=\"fusion-fullwidth fullwidth-box fusion-builder-row-1 fusion-flex-container nonhundred-percent-fullwidth non-hundred-percent-height-scrolling\" style=\"--awb-border-radius-top-left:0px;--awb-border-radius-top-right:0px;--awb-border-radius-bottom-right:0px;--awb-border-radius-bottom-left:0px;--awb-margin-top:20px;--awb-flex-wrap:wrap;\" ><div class=\"fusion-builder-row fusion-row fusion-flex-align-items-flex-start fusion-flex-content-wrap\" style=\"max-width:1203.6px;margin-left: calc(-2% \/ 2 );margin-right: calc(-2% \/ 2 );\"><div class=\"fusion-layout-column fusion_builder_column fusion-builder-column-0 fusion_builder_column_1_1 1_1 fusion-flex-column\" style=\"--awb-bg-size:cover;--awb-width-large:100%;--awb-margin-top-large:0px;--awb-spacing-right-large:0.98%;--awb-margin-bottom-large:20px;--awb-spacing-left-large:0.98%;--awb-width-medium:100%;--awb-order-medium:0;--awb-spacing-right-medium:0.98%;--awb-spacing-left-medium:0.98%;--awb-width-small:100%;--awb-order-small:0;--awb-spacing-right-small:0.98%;--awb-spacing-left-small:0.98%;\"><div class=\"fusion-column-wrapper fusion-column-has-shadow fusion-flex-justify-content-flex-end fusion-content-layout-row\"><div ><a class=\"fusion-button button-flat fusion-button-default-size button-default fusion-button-default button-1 fusion-button-default-span fusion-button-default-type\" target=\"lightbox\" rel=\"iLightbox\" href=\"https:\/\/u-pol.com\/wp-content\/uploads\/Performing-a-complete-Repair.mp4\"><span class=\"fusion-button-text awb-button__text awb-button__text--default\">VER EL VIDEO<\/span><\/a><\/div><\/div><\/div><div class=\"fusion-layout-column fusion_builder_column fusion-builder-column-1 fusion_builder_column_1_1 1_1 fusion-flex-column\" style=\"--awb-bg-size:cover;--awb-width-large:100%;--awb-margin-top-large:0px;--awb-spacing-right-large:0.98%;--awb-margin-bottom-large:20px;--awb-spacing-left-large:0.98%;--awb-width-medium:100%;--awb-order-medium:0;--awb-spacing-right-medium:0.98%;--awb-spacing-left-medium:0.98%;--awb-width-small:100%;--awb-order-small:0;--awb-spacing-right-small:0.98%;--awb-spacing-left-small:0.98%;\"><div class=\"fusion-column-wrapper fusion-column-has-shadow fusion-flex-justify-content-flex-start fusion-content-layout-column\">\n<div class=\"table-1\">\n<table width=\"100%\">\n<thead>\n<tr>\n<th align=\"left\">C\u00f3digo<\/th>\n<th align=\"left\">Tama\u00f1o<\/th>\n<th align=\"left\">Color<\/th>\n<th align=\"left\">Por Caja<\/th>\n<th align=\"left\">Ver Hoja T\u00e9cnica<\/th>\n<th align=\"left\">Ver Hoja de Seguridad<\/th>\n<\/tr>\n<\/thead>\n<tbody>\n<tr>\n<td align=\"left\">UP0745<\/td>\n<td align=\"left\">Lata 3L<\/td>\n<td align=\"left\">Oro<\/td>\n<td align=\"left\">4<\/td>\n<td align=\"left\"><a href=\"https:\/\/u-pol.com\/en-us\/video\/up0745-tds-es\/up0745-tds-es-2\/\" target=\"_blank\" rel=\"noopener\">UP0745 TDS<\/a><\/td>\n<td align=\"left\"><a href=\"https:\/\/use-qa-inf-apiacs.azure-api.net\/publishedsds\/item\/26581\" target=\"_blank\" rel=\"noopener\">UP0745 SDS<\/a><\/td>\n<\/tr>\n<\/tbody>\n<\/table>\n<\/div>\n<\/div><\/div><\/div><\/div>\n","protected":false},"excerpt":{"rendered":"<h3>GOLD\u2122<\/h3>\n<p>Liteweight Gold tiene una f\u00f3rmula de alta calidad: suave, cremosa, ligera, f\u00e1cil de aplicar y de lijar. La versatilidad de esta f\u00f3rmula evita el descuelgue y promueve una excelente adherencia DTM lo cual convierte Liteweight en la primera elecci\u00f3n de los profesionales de taller.<\/p>\n<ul>\n<li>Resistente a la porosidad<\/li>\n<li>Evita el descuelgue incluso en superficies verticales<\/li>\n<li>Seca rapidamente y resiste a solventes despu\u00e9s de 15 minutos<\/li>\n<li>\u00a1F\u00e1cil de lijar, incluso d\u00edas o semanas despu\u00e9s del curado!<\/li>\n<li>La f\u00f3rmula no porosa no se encoge, ni se retrae<\/li>\n<\/ul>\n","protected":false},"featured_media":119001,"template":"","meta":[],"product_brand":[],"product_cat":[326,327],"product_tag":[330],"class_list":{"0":"post-8550","1":"product","2":"type-product","3":"status-publish","4":"has-post-thumbnail","6":"product_cat-masillas","7":"product_cat-masillas-2","8":"product_tag-gold-es-us","10":"first","11":"instock","12":"shipping-taxable","13":"product-type-simple"},"yoast_head":"<title>Liteweight Gold - U-Pol<\/title>\n<meta name=\"description\" content=\"Liteweight Gold tiene una f\u00f3rmula de alta calidad: suave, cremosa, ligera, f\u00e1cil de aplicar y de lijar. La versatilidad de esta f\u00f3rmula evita el descuelgue y promueve una excelente adherencia DTM lo cual convierte Liteweight en la primera elecci\u00f3n de los profesionales de taller.\" \/>\n<meta name=\"robots\" content=\"index, follow, max-snippet:-1, max-image-preview:large, max-video-preview:-1\" \/>\n<link rel=\"canonical\" href=\"https:\/\/u-pol.com\/es-us\/product\/masillas\/masillas-2\/liteweight-gold\/\" \/>\n<meta property=\"og:locale\" content=\"es_ES\" \/>\n<meta property=\"og:type\" content=\"article\" \/>\n<meta property=\"og:title\" content=\"Liteweight Gold - U-Pol\" \/>\n<meta property=\"og:description\" content=\"Liteweight Gold tiene una f\u00f3rmula de alta calidad: suave, cremosa, ligera, f\u00e1cil de aplicar y de lijar. La versatilidad de esta f\u00f3rmula evita el descuelgue y promueve una excelente adherencia DTM lo cual convierte Liteweight en la primera elecci\u00f3n de los profesionales de taller.\" \/>\n<meta property=\"og:url\" content=\"https:\/\/u-pol.com\/es-us\/product\/masillas\/masillas-2\/liteweight-gold\/\" \/>\n<meta property=\"og:site_name\" content=\"U-Pol\" \/>\n<meta property=\"article:publisher\" content=\"https:\/\/www.facebook.com\/U-POL-UK-409641822803819\/\" \/>\n<meta property=\"article:modified_time\" content=\"2025-07-09T10:45:24+00:00\" \/>\n<meta property=\"og:image\" content=\"https:\/\/u-pol.com\/wp-content\/uploads\/13.png\" \/>\n\t<meta property=\"og:image:width\" content=\"1200\" \/>\n\t<meta property=\"og:image:height\" content=\"1200\" \/>\n\t<meta property=\"og:image:type\" content=\"image\/png\" \/>\n<meta name=\"twitter:card\" content=\"summary_large_image\" \/>\n<meta name=\"twitter:site\" content=\"@UpolUK\" \/>\n<meta name=\"twitter:label1\" content=\"Est. reading time\" \/>\n\t<meta name=\"twitter:data1\" content=\"5 minutes\" \/>\n<script type=\"application\/ld+json\" class=\"yoast-schema-graph\">{\"@context\":\"https:\/\/schema.org\",\"@graph\":[{\"@type\":\"WebPage\",\"@id\":\"https:\/\/u-pol.com\/es-us\/product\/masillas\/masillas-2\/liteweight-gold\/\",\"url\":\"https:\/\/u-pol.com\/es-us\/product\/masillas\/masillas-2\/liteweight-gold\/\",\"name\":\"Liteweight Gold - U-Pol\",\"isPartOf\":{\"@id\":\"https:\/\/u-pol.com\/es-us\/#website\"},\"primaryImageOfPage\":{\"@id\":\"https:\/\/u-pol.com\/es-us\/product\/masillas\/masillas-2\/liteweight-gold\/#primaryimage\"},\"image\":{\"@id\":\"https:\/\/u-pol.com\/es-us\/product\/masillas\/masillas-2\/liteweight-gold\/#primaryimage\"},\"thumbnailUrl\":\"https:\/\/u-pol.com\/wp-content\/uploads\/13.png\",\"datePublished\":\"2022-04-15T13:05:27+00:00\",\"dateModified\":\"2025-07-09T10:45:24+00:00\",\"description\":\"Liteweight Gold tiene una f\u00f3rmula de alta calidad: suave, cremosa, ligera, f\u00e1cil de aplicar y de lijar. La versatilidad de esta f\u00f3rmula evita el descuelgue y promueve una excelente adherencia DTM lo cual convierte Liteweight en la primera elecci\u00f3n de los profesionales de taller.\",\"breadcrumb\":{\"@id\":\"https:\/\/u-pol.com\/es-us\/product\/masillas\/masillas-2\/liteweight-gold\/#breadcrumb\"},\"inLanguage\":\"es-US\",\"potentialAction\":[{\"@type\":\"ReadAction\",\"target\":[\"https:\/\/u-pol.com\/es-us\/product\/masillas\/masillas-2\/liteweight-gold\/\"]}]},{\"@type\":\"ImageObject\",\"inLanguage\":\"es-US\",\"@id\":\"https:\/\/u-pol.com\/es-us\/product\/masillas\/masillas-2\/liteweight-gold\/#primaryimage\",\"url\":\"https:\/\/u-pol.com\/wp-content\/uploads\/13.png\",\"contentUrl\":\"https:\/\/u-pol.com\/wp-content\/uploads\/13.png\",\"width\":1200,\"height\":1200},{\"@type\":\"BreadcrumbList\",\"@id\":\"https:\/\/u-pol.com\/es-us\/product\/masillas\/masillas-2\/liteweight-gold\/#breadcrumb\",\"itemListElement\":[{\"@type\":\"ListItem\",\"position\":1,\"name\":\"Home\",\"item\":\"https:\/\/u-pol.com\/es-us\/\"},{\"@type\":\"ListItem\",\"position\":2,\"name\":\"Shop\",\"item\":\"https:\/\/u-pol.com\/?page_id=235\"},{\"@type\":\"ListItem\",\"position\":3,\"name\":\"Liteweight Gold\"}]},{\"@type\":\"WebSite\",\"@id\":\"https:\/\/u-pol.com\/es-us\/#website\",\"url\":\"https:\/\/u-pol.com\/es-us\/\",\"name\":\"U-Pol\",\"description\":\"\",\"publisher\":{\"@id\":\"https:\/\/u-pol.com\/es-us\/#organization\"},\"potentialAction\":[{\"@type\":\"SearchAction\",\"target\":{\"@type\":\"EntryPoint\",\"urlTemplate\":\"https:\/\/u-pol.com\/es-us\/?s={search_term_string}\"},\"query-input\":{\"@type\":\"PropertyValueSpecification\",\"valueRequired\":true,\"valueName\":\"search_term_string\"}}],\"inLanguage\":\"es-US\"},{\"@type\":\"Organization\",\"@id\":\"https:\/\/u-pol.com\/es-us\/#organization\",\"name\":\"U-POL\",\"url\":\"https:\/\/u-pol.com\/es-us\/\",\"logo\":{\"@type\":\"ImageObject\",\"inLanguage\":\"es-US\",\"@id\":\"https:\/\/u-pol.com\/es-us\/#\/schema\/logo\/image\/\",\"url\":\"https:\/\/u-pol.com\/wp-content\/uploads\/UPOL-sticky-bLogo.png\",\"contentUrl\":\"https:\/\/u-pol.com\/wp-content\/uploads\/UPOL-sticky-bLogo.png\",\"width\":125,\"height\":75,\"caption\":\"U-POL\"},\"image\":{\"@id\":\"https:\/\/u-pol.com\/es-us\/#\/schema\/logo\/image\/\"},\"sameAs\":[\"https:\/\/www.facebook.com\/U-POL-UK-409641822803819\/\",\"https:\/\/x.com\/UpolUK\"]}]}<\/script>","yoast_head_json":{"title":"Liteweight Gold - U-Pol","description":"Liteweight Gold tiene una f\u00f3rmula de alta calidad: suave, cremosa, ligera, f\u00e1cil de aplicar y de lijar. La versatilidad de esta f\u00f3rmula evita el descuelgue y promueve una excelente adherencia DTM lo cual convierte Liteweight en la primera elecci\u00f3n de los profesionales de taller.","robots":{"index":"index","follow":"follow","max-snippet":"max-snippet:-1","max-image-preview":"max-image-preview:large","max-video-preview":"max-video-preview:-1"},"canonical":"https:\/\/u-pol.com\/es-us\/product\/masillas\/masillas-2\/liteweight-gold\/","og_locale":"es_ES","og_type":"article","og_title":"Liteweight Gold - U-Pol","og_description":"Liteweight Gold tiene una f\u00f3rmula de alta calidad: suave, cremosa, ligera, f\u00e1cil de aplicar y de lijar. La versatilidad de esta f\u00f3rmula evita el descuelgue y promueve una excelente adherencia DTM lo cual convierte Liteweight en la primera elecci\u00f3n de los profesionales de taller.","og_url":"https:\/\/u-pol.com\/es-us\/product\/masillas\/masillas-2\/liteweight-gold\/","og_site_name":"U-Pol","article_publisher":"https:\/\/www.facebook.com\/U-POL-UK-409641822803819\/","article_modified_time":"2025-07-09T10:45:24+00:00","og_image":[{"width":1200,"height":1200,"url":"https:\/\/u-pol.com\/wp-content\/uploads\/13.png","type":"image\/png"}],"twitter_card":"summary_large_image","twitter_site":"@UpolUK","twitter_misc":{"Est. reading time":"5 minutes"},"schema":{"@context":"https:\/\/schema.org","@graph":[{"@type":"WebPage","@id":"https:\/\/u-pol.com\/es-us\/product\/masillas\/masillas-2\/liteweight-gold\/","url":"https:\/\/u-pol.com\/es-us\/product\/masillas\/masillas-2\/liteweight-gold\/","name":"Liteweight Gold - U-Pol","isPartOf":{"@id":"https:\/\/u-pol.com\/es-us\/#website"},"primaryImageOfPage":{"@id":"https:\/\/u-pol.com\/es-us\/product\/masillas\/masillas-2\/liteweight-gold\/#primaryimage"},"image":{"@id":"https:\/\/u-pol.com\/es-us\/product\/masillas\/masillas-2\/liteweight-gold\/#primaryimage"},"thumbnailUrl":"https:\/\/u-pol.com\/wp-content\/uploads\/13.png","datePublished":"2022-04-15T13:05:27+00:00","dateModified":"2025-07-09T10:45:24+00:00","description":"Liteweight Gold tiene una f\u00f3rmula de alta calidad: suave, cremosa, ligera, f\u00e1cil de aplicar y de lijar. La versatilidad de esta f\u00f3rmula evita el descuelgue y promueve una excelente adherencia DTM lo cual convierte Liteweight en la primera elecci\u00f3n de los profesionales de taller.","breadcrumb":{"@id":"https:\/\/u-pol.com\/es-us\/product\/masillas\/masillas-2\/liteweight-gold\/#breadcrumb"},"inLanguage":"es-US","potentialAction":[{"@type":"ReadAction","target":["https:\/\/u-pol.com\/es-us\/product\/masillas\/masillas-2\/liteweight-gold\/"]}]},{"@type":"ImageObject","inLanguage":"es-US","@id":"https:\/\/u-pol.com\/es-us\/product\/masillas\/masillas-2\/liteweight-gold\/#primaryimage","url":"https:\/\/u-pol.com\/wp-content\/uploads\/13.png","contentUrl":"https:\/\/u-pol.com\/wp-content\/uploads\/13.png","width":1200,"height":1200},{"@type":"BreadcrumbList","@id":"https:\/\/u-pol.com\/es-us\/product\/masillas\/masillas-2\/liteweight-gold\/#breadcrumb","itemListElement":[{"@type":"ListItem","position":1,"name":"Home","item":"https:\/\/u-pol.com\/es-us\/"},{"@type":"ListItem","position":2,"name":"Shop","item":"https:\/\/u-pol.com\/?page_id=235"},{"@type":"ListItem","position":3,"name":"Liteweight Gold"}]},{"@type":"WebSite","@id":"https:\/\/u-pol.com\/es-us\/#website","url":"https:\/\/u-pol.com\/es-us\/","name":"U-Pol","description":"","publisher":{"@id":"https:\/\/u-pol.com\/es-us\/#organization"},"potentialAction":[{"@type":"SearchAction","target":{"@type":"EntryPoint","urlTemplate":"https:\/\/u-pol.com\/es-us\/?s={search_term_string}"},"query-input":{"@type":"PropertyValueSpecification","valueRequired":true,"valueName":"search_term_string"}}],"inLanguage":"es-US"},{"@type":"Organization","@id":"https:\/\/u-pol.com\/es-us\/#organization","name":"U-POL","url":"https:\/\/u-pol.com\/es-us\/","logo":{"@type":"ImageObject","inLanguage":"es-US","@id":"https:\/\/u-pol.com\/es-us\/#\/schema\/logo\/image\/","url":"https:\/\/u-pol.com\/wp-content\/uploads\/UPOL-sticky-bLogo.png","contentUrl":"https:\/\/u-pol.com\/wp-content\/uploads\/UPOL-sticky-bLogo.png","width":125,"height":75,"caption":"U-POL"},"image":{"@id":"https:\/\/u-pol.com\/es-us\/#\/schema\/logo\/image\/"},"sameAs":["https:\/\/www.facebook.com\/U-POL-UK-409641822803819\/","https:\/\/x.com\/UpolUK"]}]}},"_links":{"self":[{"href":"https:\/\/u-pol.com\/es-us\/wp-json\/wp\/v2\/product\/8550","targetHints":{"allow":["GET"]}}],"collection":[{"href":"https:\/\/u-pol.com\/es-us\/wp-json\/wp\/v2\/product"}],"about":[{"href":"https:\/\/u-pol.com\/es-us\/wp-json\/wp\/v2\/types\/product"}],"wp:featuredmedia":[{"embeddable":true,"href":"https:\/\/u-pol.com\/es-us\/wp-json\/wp\/v2\/media\/119001"}],"wp:attachment":[{"href":"https:\/\/u-pol.com\/es-us\/wp-json\/wp\/v2\/media?parent=8550"}],"wp:term":[{"taxonomy":"product_brand","embeddable":true,"href":"https:\/\/u-pol.com\/es-us\/wp-json\/wp\/v2\/product_brand?post=8550"},{"taxonomy":"product_cat","embeddable":true,"href":"https:\/\/u-pol.com\/es-us\/wp-json\/wp\/v2\/product_cat?post=8550"},{"taxonomy":"product_tag","embeddable":true,"href":"https:\/\/u-pol.com\/es-us\/wp-json\/wp\/v2\/product_tag?post=8550"}],"curies":[{"name":"wp","href":"https:\/\/api.w.org\/{rel}","templated":true}]}}