{"id":8583,"date":"2022-04-01T14:01:57","date_gmt":"2022-04-01T14:01:57","guid":{"rendered":"https:\/\/upol.darkgrey.eu\/product\/uncategorized\/masilla-premium-todo-en-uno-dolphin-one-fill\/"},"modified":"2025-07-10T10:50:12","modified_gmt":"2025-07-10T10:50:12","slug":"masilla-premium-todo-en-uno-dolphin-one-fill","status":"publish","type":"product","link":"https:\/\/u-pol.com\/es-us\/product\/masillas\/masillas-2\/masilla-premium-todo-en-uno-dolphin-one-fill\/","title":{"rendered":"Masilla Premium Todo En Uno Dolphin One Fill"},"content":{"rendered":"<div class=\"fusion-fullwidth fullwidth-box fusion-builder-row-1 fusion-flex-container nonhundred-percent-fullwidth non-hundred-percent-height-scrolling\" style=\"--awb-border-radius-top-left:0px;--awb-border-radius-top-right:0px;--awb-border-radius-bottom-right:0px;--awb-border-radius-bottom-left:0px;--awb-margin-top:20px;--awb-flex-wrap:wrap;\" ><div class=\"fusion-builder-row fusion-row fusion-flex-align-items-flex-start fusion-flex-content-wrap\" style=\"max-width:1203.6px;margin-left: calc(-2% \/ 2 );margin-right: calc(-2% \/ 2 );\"><div class=\"fusion-layout-column fusion_builder_column fusion-builder-column-0 fusion_builder_column_3_4 3_4 fusion-flex-column\" style=\"--awb-bg-size:cover;--awb-width-large:75%;--awb-margin-top-large:0px;--awb-spacing-right-large:1.3066666666667%;--awb-margin-bottom-large:20px;--awb-spacing-left-large:1.3066666666667%;--awb-width-medium:75%;--awb-order-medium:0;--awb-spacing-right-medium:1.3066666666667%;--awb-spacing-left-medium:1.3066666666667%;--awb-width-small:100%;--awb-order-small:0;--awb-spacing-right-small:0.98%;--awb-spacing-left-small:0.98%;\"><div class=\"fusion-column-wrapper fusion-column-has-shadow fusion-flex-justify-content-flex-end fusion-content-layout-row\"><div ><a class=\"fusion-button button-flat fusion-button-default-size button-default fusion-button-default button-1 fusion-button-default-span fusion-button-default-type\" target=\"_blank\" rel=\"noopener noreferrer\" href=\"https:\/\/u-pol.com\/wp-content\/uploads\/Masilla-Premium-todo-en-uno-Dolphin-One-Fill-flyer.pdf\"><span class=\"fusion-button-text awb-button__text awb-button__text--default\">Prospecto Informativo<\/span><\/a><\/div><\/div><\/div><div class=\"fusion-layout-column fusion_builder_column fusion-builder-column-1 fusion_builder_column_1_4 1_4 fusion-flex-column\" style=\"--awb-bg-size:cover;--awb-width-large:25%;--awb-margin-top-large:0px;--awb-spacing-right-large:3.92%;--awb-margin-bottom-large:20px;--awb-spacing-left-large:3.92%;--awb-width-medium:25%;--awb-order-medium:0;--awb-spacing-right-medium:3.92%;--awb-spacing-left-medium:3.92%;--awb-width-small:100%;--awb-order-small:0;--awb-spacing-right-small:0.98%;--awb-spacing-left-small:0.98%;\"><div class=\"fusion-column-wrapper fusion-column-has-shadow fusion-flex-justify-content-flex-start fusion-content-layout-column\"><div ><a class=\"fusion-button button-flat fusion-button-default-size button-default fusion-button-default button-2 fusion-button-default-span fusion-button-default-type\" target=\"_blank\" rel=\"noopener noreferrer\" href=\"https:\/\/u-pol.com\/wp-content\/uploads\/Masilla-Premium-todo-en-uno-Dolphin-One-Fill-leaflet.pdf\"><span class=\"fusion-button-text awb-button__text awb-button__text--default\">Instruction Leaflet<\/span><\/a><\/div><\/div><\/div><div class=\"fusion-layout-column fusion_builder_column fusion-builder-column-2 fusion_builder_column_1_1 1_1 fusion-flex-column\" style=\"--awb-bg-size:cover;--awb-width-large:100%;--awb-margin-top-large:0px;--awb-spacing-right-large:0.98%;--awb-margin-bottom-large:20px;--awb-spacing-left-large:0.98%;--awb-width-medium:100%;--awb-order-medium:0;--awb-spacing-right-medium:0.98%;--awb-spacing-left-medium:0.98%;--awb-width-small:100%;--awb-order-small:0;--awb-spacing-right-small:0.98%;--awb-spacing-left-small:0.98%;\"><div class=\"fusion-column-wrapper fusion-column-has-shadow fusion-flex-justify-content-flex-start fusion-content-layout-column\">\n<div class=\"table-1\">\n<table width=\"100%\">\n<thead>\n<tr>\n<th align=\"left\">C\u00f3digo<\/th>\n<th align=\"left\">Tama\u00f1o<\/th>\n<th align=\"left\">Color<\/th>\n<th align=\"left\">Por Caja<\/th>\n<th align=\"left\">Ver Hoja T\u00e9cnica<\/th>\n<th align=\"left\">Ver Hoja de Seguridad<\/th>\n<\/tr>\n<\/thead>\n<tbody>\n<tr>\n<td align=\"left\">UP0659<\/td>\n<td align=\"left\">Lata 0.8 US Gal<\/td>\n<td align=\"left\">Blanquecino<\/td>\n<td align=\"left\">4<\/td>\n<td align=\"left\"><a href=\"https:\/\/u-pol.com\/es-us\/video\/up0659-tds\/up0659-tds-es\/\" target=\"_blank\" rel=\"noopener\">UP0659 TDS<\/a><\/td>\n<td align=\"left\"><a href=\"https:\/\/use-qa-inf-apiacs.azure-api.net\/publishedsds\/item\/26471\" target=\"_blank\" rel=\"noopener\">UP0659 SDS<\/a><\/td>\n<\/tr>\n<tr>\n<td align=\"left\">UP0660<\/td>\n<td align=\"left\">Lata 1 US Cuarto<\/td>\n<td align=\"left\">Blanquecino<\/td>\n<td align=\"left\">8<\/td>\n<td align=\"left\"><a href=\"https:\/\/u-pol.com\/es-us\/video\/up0660-tds\/up0660-tds-es\/\" target=\"_blank\" rel=\"noopener\">UP0660 TDS<\/a><\/td>\n<td align=\"left\"><a href=\"https:\/\/use-qa-inf-apiacs.azure-api.net\/publishedsds\/item\/26471\" target=\"_blank\" rel=\"noopener\">UP0660 SDS<\/a><\/td>\n<\/tr>\n<\/tbody>\n<\/table>\n<\/div>\n<\/div><\/div><\/div><\/div>\n","protected":false},"excerpt":{"rendered":"<h3>DOLPHIN\u2122<\/h3>\n<p>Dolphin One Fill es un relleno corporal premium todo en uno. La f\u00f3rmula de la tecnolog\u00eda de microesferas inteligente de One Fill se construye como masilla para el cuerpo pero es s\u00faper suave y sin orificios como el esmalte, por lo que puede omitir el esmalte y comenzar a imprimar y pintar en 20 minutos.<\/p>\n<ul>\n<li>Adhesi\u00f3n l\u00edder en la industria a m\u00e1s sustratos<\/li>\n<li>Se lija hasta obtener un polvo s\u00faper fino que no obstruir\u00e1 el papel de lija<\/li>\n<li>Excelente sujeci\u00f3n vertical<\/li>\n<\/ul>\n","protected":false},"featured_media":8584,"template":"","meta":[],"product_brand":[],"product_cat":[327,345],"product_tag":[346],"class_list":{"0":"post-8583","1":"product","2":"type-product","3":"status-publish","4":"has-post-thumbnail","6":"product_cat-masillas-2","7":"product_cat-esmaltes","8":"product_tag-dolphin","10":"first","11":"instock","12":"downloadable","13":"virtual","14":"sold-individually","15":"product-type-simple"},"yoast_head":"<title>Masilla Premium Todo En Uno Dolphin One Fill - U-Pol<\/title>\n<meta name=\"description\" content=\"Dolphin One Fill es un relleno corporal premium todo en uno. La f\u00f3rmula de la tecnolog\u00eda de microesferas inteligente de One Fill se construye como masilla para el cuerpo pero es s\u00faper suave y sin orificios como el esmalte, por lo que puede omitir el esmalte y comenzar a imprimar y pintar en 20 minutos.\" \/>\n<meta name=\"robots\" content=\"index, follow, max-snippet:-1, max-image-preview:large, max-video-preview:-1\" \/>\n<link rel=\"canonical\" href=\"https:\/\/u-pol.com\/es-us\/product\/masillas\/masillas-2\/masilla-premium-todo-en-uno-dolphin-one-fill\/\" \/>\n<meta property=\"og:locale\" content=\"es_ES\" \/>\n<meta property=\"og:type\" content=\"article\" \/>\n<meta property=\"og:title\" content=\"Masilla Premium Todo En Uno Dolphin One Fill - U-Pol\" \/>\n<meta property=\"og:description\" content=\"Dolphin One Fill es un relleno corporal premium todo en uno. La f\u00f3rmula de la tecnolog\u00eda de microesferas inteligente de One Fill se construye como masilla para el cuerpo pero es s\u00faper suave y sin orificios como el esmalte, por lo que puede omitir el esmalte y comenzar a imprimar y pintar en 20 minutos.\" \/>\n<meta property=\"og:url\" content=\"https:\/\/u-pol.com\/es-us\/product\/masillas\/masillas-2\/masilla-premium-todo-en-uno-dolphin-one-fill\/\" \/>\n<meta property=\"og:site_name\" content=\"U-Pol\" \/>\n<meta property=\"article:publisher\" content=\"https:\/\/www.facebook.com\/U-POL-UK-409641822803819\/\" \/>\n<meta property=\"article:modified_time\" content=\"2025-07-10T10:50:12+00:00\" \/>\n<meta property=\"og:image\" content=\"https:\/\/u-pol.com\/wp-content\/uploads\/DOLBF-M-BodyFiller-Medium-Depth-Repairs.jpg\" \/>\n\t<meta property=\"og:image:width\" content=\"500\" \/>\n\t<meta property=\"og:image:height\" content=\"500\" \/>\n\t<meta property=\"og:image:type\" content=\"image\/jpeg\" \/>\n<meta name=\"twitter:card\" content=\"summary_large_image\" \/>\n<meta name=\"twitter:site\" content=\"@UpolUK\" \/>\n<meta name=\"twitter:label1\" content=\"Est. reading time\" \/>\n\t<meta name=\"twitter:data1\" content=\"8 minutes\" \/>\n<script type=\"application\/ld+json\" class=\"yoast-schema-graph\">{\"@context\":\"https:\/\/schema.org\",\"@graph\":[{\"@type\":\"WebPage\",\"@id\":\"https:\/\/u-pol.com\/es-us\/product\/masillas\/masillas-2\/masilla-premium-todo-en-uno-dolphin-one-fill\/\",\"url\":\"https:\/\/u-pol.com\/es-us\/product\/masillas\/masillas-2\/masilla-premium-todo-en-uno-dolphin-one-fill\/\",\"name\":\"Masilla Premium Todo En Uno Dolphin One Fill - U-Pol\",\"isPartOf\":{\"@id\":\"https:\/\/u-pol.com\/es-us\/#website\"},\"primaryImageOfPage\":{\"@id\":\"https:\/\/u-pol.com\/es-us\/product\/masillas\/masillas-2\/masilla-premium-todo-en-uno-dolphin-one-fill\/#primaryimage\"},\"image\":{\"@id\":\"https:\/\/u-pol.com\/es-us\/product\/masillas\/masillas-2\/masilla-premium-todo-en-uno-dolphin-one-fill\/#primaryimage\"},\"thumbnailUrl\":\"https:\/\/u-pol.com\/wp-content\/uploads\/DOLBF-M-BodyFiller-Medium-Depth-Repairs.jpg\",\"datePublished\":\"2022-04-01T14:01:57+00:00\",\"dateModified\":\"2025-07-10T10:50:12+00:00\",\"description\":\"Dolphin One Fill es un relleno corporal premium todo en uno. La f\u00f3rmula de la tecnolog\u00eda de microesferas inteligente de One Fill se construye como masilla para el cuerpo pero es s\u00faper suave y sin orificios como el esmalte, por lo que puede omitir el esmalte y comenzar a imprimar y pintar en 20 minutos.\",\"breadcrumb\":{\"@id\":\"https:\/\/u-pol.com\/es-us\/product\/masillas\/masillas-2\/masilla-premium-todo-en-uno-dolphin-one-fill\/#breadcrumb\"},\"inLanguage\":\"es-US\",\"potentialAction\":[{\"@type\":\"ReadAction\",\"target\":[\"https:\/\/u-pol.com\/es-us\/product\/masillas\/masillas-2\/masilla-premium-todo-en-uno-dolphin-one-fill\/\"]}]},{\"@type\":\"ImageObject\",\"inLanguage\":\"es-US\",\"@id\":\"https:\/\/u-pol.com\/es-us\/product\/masillas\/masillas-2\/masilla-premium-todo-en-uno-dolphin-one-fill\/#primaryimage\",\"url\":\"https:\/\/u-pol.com\/wp-content\/uploads\/DOLBF-M-BodyFiller-Medium-Depth-Repairs.jpg\",\"contentUrl\":\"https:\/\/u-pol.com\/wp-content\/uploads\/DOLBF-M-BodyFiller-Medium-Depth-Repairs.jpg\",\"width\":500,\"height\":500,\"caption\":\"UP0659 Body Filler\"},{\"@type\":\"BreadcrumbList\",\"@id\":\"https:\/\/u-pol.com\/es-us\/product\/masillas\/masillas-2\/masilla-premium-todo-en-uno-dolphin-one-fill\/#breadcrumb\",\"itemListElement\":[{\"@type\":\"ListItem\",\"position\":1,\"name\":\"Home\",\"item\":\"https:\/\/u-pol.com\/es-us\/\"},{\"@type\":\"ListItem\",\"position\":2,\"name\":\"Shop\",\"item\":\"https:\/\/u-pol.com\/?page_id=235\"},{\"@type\":\"ListItem\",\"position\":3,\"name\":\"Masilla Premium Todo En Uno Dolphin One Fill\"}]},{\"@type\":\"WebSite\",\"@id\":\"https:\/\/u-pol.com\/es-us\/#website\",\"url\":\"https:\/\/u-pol.com\/es-us\/\",\"name\":\"U-Pol\",\"description\":\"\",\"publisher\":{\"@id\":\"https:\/\/u-pol.com\/es-us\/#organization\"},\"potentialAction\":[{\"@type\":\"SearchAction\",\"target\":{\"@type\":\"EntryPoint\",\"urlTemplate\":\"https:\/\/u-pol.com\/es-us\/?s={search_term_string}\"},\"query-input\":{\"@type\":\"PropertyValueSpecification\",\"valueRequired\":true,\"valueName\":\"search_term_string\"}}],\"inLanguage\":\"es-US\"},{\"@type\":\"Organization\",\"@id\":\"https:\/\/u-pol.com\/es-us\/#organization\",\"name\":\"U-POL\",\"url\":\"https:\/\/u-pol.com\/es-us\/\",\"logo\":{\"@type\":\"ImageObject\",\"inLanguage\":\"es-US\",\"@id\":\"https:\/\/u-pol.com\/es-us\/#\/schema\/logo\/image\/\",\"url\":\"https:\/\/u-pol.com\/wp-content\/uploads\/UPOL-sticky-bLogo.png\",\"contentUrl\":\"https:\/\/u-pol.com\/wp-content\/uploads\/UPOL-sticky-bLogo.png\",\"width\":125,\"height\":75,\"caption\":\"U-POL\"},\"image\":{\"@id\":\"https:\/\/u-pol.com\/es-us\/#\/schema\/logo\/image\/\"},\"sameAs\":[\"https:\/\/www.facebook.com\/U-POL-UK-409641822803819\/\",\"https:\/\/x.com\/UpolUK\"]}]}<\/script>","yoast_head_json":{"title":"Masilla Premium Todo En Uno Dolphin One Fill - U-Pol","description":"Dolphin One Fill es un relleno corporal premium todo en uno. La f\u00f3rmula de la tecnolog\u00eda de microesferas inteligente de One Fill se construye como masilla para el cuerpo pero es s\u00faper suave y sin orificios como el esmalte, por lo que puede omitir el esmalte y comenzar a imprimar y pintar en 20 minutos.","robots":{"index":"index","follow":"follow","max-snippet":"max-snippet:-1","max-image-preview":"max-image-preview:large","max-video-preview":"max-video-preview:-1"},"canonical":"https:\/\/u-pol.com\/es-us\/product\/masillas\/masillas-2\/masilla-premium-todo-en-uno-dolphin-one-fill\/","og_locale":"es_ES","og_type":"article","og_title":"Masilla Premium Todo En Uno Dolphin One Fill - U-Pol","og_description":"Dolphin One Fill es un relleno corporal premium todo en uno. La f\u00f3rmula de la tecnolog\u00eda de microesferas inteligente de One Fill se construye como masilla para el cuerpo pero es s\u00faper suave y sin orificios como el esmalte, por lo que puede omitir el esmalte y comenzar a imprimar y pintar en 20 minutos.","og_url":"https:\/\/u-pol.com\/es-us\/product\/masillas\/masillas-2\/masilla-premium-todo-en-uno-dolphin-one-fill\/","og_site_name":"U-Pol","article_publisher":"https:\/\/www.facebook.com\/U-POL-UK-409641822803819\/","article_modified_time":"2025-07-10T10:50:12+00:00","og_image":[{"width":500,"height":500,"url":"https:\/\/u-pol.com\/wp-content\/uploads\/DOLBF-M-BodyFiller-Medium-Depth-Repairs.jpg","type":"image\/jpeg"}],"twitter_card":"summary_large_image","twitter_site":"@UpolUK","twitter_misc":{"Est. reading time":"8 minutes"},"schema":{"@context":"https:\/\/schema.org","@graph":[{"@type":"WebPage","@id":"https:\/\/u-pol.com\/es-us\/product\/masillas\/masillas-2\/masilla-premium-todo-en-uno-dolphin-one-fill\/","url":"https:\/\/u-pol.com\/es-us\/product\/masillas\/masillas-2\/masilla-premium-todo-en-uno-dolphin-one-fill\/","name":"Masilla Premium Todo En Uno Dolphin One Fill - U-Pol","isPartOf":{"@id":"https:\/\/u-pol.com\/es-us\/#website"},"primaryImageOfPage":{"@id":"https:\/\/u-pol.com\/es-us\/product\/masillas\/masillas-2\/masilla-premium-todo-en-uno-dolphin-one-fill\/#primaryimage"},"image":{"@id":"https:\/\/u-pol.com\/es-us\/product\/masillas\/masillas-2\/masilla-premium-todo-en-uno-dolphin-one-fill\/#primaryimage"},"thumbnailUrl":"https:\/\/u-pol.com\/wp-content\/uploads\/DOLBF-M-BodyFiller-Medium-Depth-Repairs.jpg","datePublished":"2022-04-01T14:01:57+00:00","dateModified":"2025-07-10T10:50:12+00:00","description":"Dolphin One Fill es un relleno corporal premium todo en uno. La f\u00f3rmula de la tecnolog\u00eda de microesferas inteligente de One Fill se construye como masilla para el cuerpo pero es s\u00faper suave y sin orificios como el esmalte, por lo que puede omitir el esmalte y comenzar a imprimar y pintar en 20 minutos.","breadcrumb":{"@id":"https:\/\/u-pol.com\/es-us\/product\/masillas\/masillas-2\/masilla-premium-todo-en-uno-dolphin-one-fill\/#breadcrumb"},"inLanguage":"es-US","potentialAction":[{"@type":"ReadAction","target":["https:\/\/u-pol.com\/es-us\/product\/masillas\/masillas-2\/masilla-premium-todo-en-uno-dolphin-one-fill\/"]}]},{"@type":"ImageObject","inLanguage":"es-US","@id":"https:\/\/u-pol.com\/es-us\/product\/masillas\/masillas-2\/masilla-premium-todo-en-uno-dolphin-one-fill\/#primaryimage","url":"https:\/\/u-pol.com\/wp-content\/uploads\/DOLBF-M-BodyFiller-Medium-Depth-Repairs.jpg","contentUrl":"https:\/\/u-pol.com\/wp-content\/uploads\/DOLBF-M-BodyFiller-Medium-Depth-Repairs.jpg","width":500,"height":500,"caption":"UP0659 Body Filler"},{"@type":"BreadcrumbList","@id":"https:\/\/u-pol.com\/es-us\/product\/masillas\/masillas-2\/masilla-premium-todo-en-uno-dolphin-one-fill\/#breadcrumb","itemListElement":[{"@type":"ListItem","position":1,"name":"Home","item":"https:\/\/u-pol.com\/es-us\/"},{"@type":"ListItem","position":2,"name":"Shop","item":"https:\/\/u-pol.com\/?page_id=235"},{"@type":"ListItem","position":3,"name":"Masilla Premium Todo En Uno Dolphin One Fill"}]},{"@type":"WebSite","@id":"https:\/\/u-pol.com\/es-us\/#website","url":"https:\/\/u-pol.com\/es-us\/","name":"U-Pol","description":"","publisher":{"@id":"https:\/\/u-pol.com\/es-us\/#organization"},"potentialAction":[{"@type":"SearchAction","target":{"@type":"EntryPoint","urlTemplate":"https:\/\/u-pol.com\/es-us\/?s={search_term_string}"},"query-input":{"@type":"PropertyValueSpecification","valueRequired":true,"valueName":"search_term_string"}}],"inLanguage":"es-US"},{"@type":"Organization","@id":"https:\/\/u-pol.com\/es-us\/#organization","name":"U-POL","url":"https:\/\/u-pol.com\/es-us\/","logo":{"@type":"ImageObject","inLanguage":"es-US","@id":"https:\/\/u-pol.com\/es-us\/#\/schema\/logo\/image\/","url":"https:\/\/u-pol.com\/wp-content\/uploads\/UPOL-sticky-bLogo.png","contentUrl":"https:\/\/u-pol.com\/wp-content\/uploads\/UPOL-sticky-bLogo.png","width":125,"height":75,"caption":"U-POL"},"image":{"@id":"https:\/\/u-pol.com\/es-us\/#\/schema\/logo\/image\/"},"sameAs":["https:\/\/www.facebook.com\/U-POL-UK-409641822803819\/","https:\/\/x.com\/UpolUK"]}]}},"_links":{"self":[{"href":"https:\/\/u-pol.com\/es-us\/wp-json\/wp\/v2\/product\/8583","targetHints":{"allow":["GET"]}}],"collection":[{"href":"https:\/\/u-pol.com\/es-us\/wp-json\/wp\/v2\/product"}],"about":[{"href":"https:\/\/u-pol.com\/es-us\/wp-json\/wp\/v2\/types\/product"}],"wp:featuredmedia":[{"embeddable":true,"href":"https:\/\/u-pol.com\/es-us\/wp-json\/wp\/v2\/media\/8584"}],"wp:attachment":[{"href":"https:\/\/u-pol.com\/es-us\/wp-json\/wp\/v2\/media?parent=8583"}],"wp:term":[{"taxonomy":"product_brand","embeddable":true,"href":"https:\/\/u-pol.com\/es-us\/wp-json\/wp\/v2\/product_brand?post=8583"},{"taxonomy":"product_cat","embeddable":true,"href":"https:\/\/u-pol.com\/es-us\/wp-json\/wp\/v2\/product_cat?post=8583"},{"taxonomy":"product_tag","embeddable":true,"href":"https:\/\/u-pol.com\/es-us\/wp-json\/wp\/v2\/product_tag?post=8583"}],"curies":[{"name":"wp","href":"https:\/\/api.w.org\/{rel}","templated":true}]}}