{"id":76226,"date":"2022-12-01T11:13:55","date_gmt":"2022-12-01T11:13:55","guid":{"rendered":"https:\/\/u-pol.com\/product\/non%20class\u00e9\/raptor-fiberglass-repair-kit\/"},"modified":"2023-04-25T12:34:09","modified_gmt":"2023-04-25T12:34:09","slug":"raptor-fiberglass-repair-kit","status":"publish","type":"product","link":"https:\/\/u-pol.com\/fr-ca\/product\/revetement-de-protection-raptor\/revetement-raptor-fr-ca\/raptor-fiberglass-repair-kit\/","title":{"rendered":"Kit de R\u00e9paration Fibres de Verre RAPTOR"},"content":{"rendered":"<div class=\"fusion-fullwidth fullwidth-box fusion-builder-row-1 fusion-flex-container has-pattern-background has-mask-background nonhundred-percent-fullwidth non-hundred-percent-height-scrolling\" style=\"--awb-border-radius-top-left:0px;--awb-border-radius-top-right:0px;--awb-border-radius-bottom-right:0px;--awb-border-radius-bottom-left:0px;--awb-flex-wrap:wrap;\" ><div class=\"fusion-builder-row fusion-row fusion-flex-align-items-flex-start fusion-flex-content-wrap\" style=\"max-width:1203.6px;margin-left: calc(-2% \/ 2 );margin-right: calc(-2% \/ 2 );\"><div class=\"fusion-layout-column fusion_builder_column fusion-builder-column-0 fusion_builder_column_1_1 1_1 fusion-flex-column\" style=\"--awb-bg-size:cover;--awb-width-large:100%;--awb-margin-top-large:0px;--awb-spacing-right-large:0.98%;--awb-margin-bottom-large:20px;--awb-spacing-left-large:0.98%;--awb-width-medium:100%;--awb-order-medium:0;--awb-spacing-right-medium:0.98%;--awb-spacing-left-medium:0.98%;--awb-width-small:100%;--awb-order-small:0;--awb-spacing-right-small:0.98%;--awb-spacing-left-small:0.98%;\"><div class=\"fusion-column-wrapper fusion-column-has-shadow fusion-flex-justify-content-flex-start fusion-content-layout-column\">\n<div class=\"table-1\">\n<table width=\"100%\">\n<thead>\n<tr>\n<th align=\"left\">Reference<\/th>\n<th align=\"left\">Format<\/th>\n<th align=\"left\">Couleur<\/th>\n<th align=\"left\">Par Carton<\/th>\n<th align=\"left\">Technical Data Sheet<\/th>\n<th align=\"left\">Safety Data Sheet<\/th>\n<\/tr>\n<\/thead>\n<tbody>\n<tr>\n<td align=\"left\">UP5050<\/td>\n<td align=\"left\">500ml<\/td>\n<td align=\"left\"><\/td>\n<td align=\"left\">4<\/td>\n<td align=\"left\"><\/td>\n<td align=\"left\"><a href=\"https:\/\/u-pol.com\/wp-content\/uploads\/RFGR-CA-SDS-FR.pdf\">UP5050 SDS<\/a><\/td>\n<\/tr>\n<\/tbody>\n<\/table>\n<\/div>\n<\/div><\/div><\/div><\/div>\n","protected":false},"excerpt":{"rendered":"<p>Ce kit facile \u00e0 utiliser contient tout ce dont vous avez besoin pour r\u00e9parer les trous et les fissures dans la<br \/>\nplupart des surfaces, y compris le m\u00e9tal, le bois, la brique et les plastiques durs. Il peut \u00eatre facilement mis<br \/>\nen forme et conserve sa forme de fa\u00e7on permanente.<br \/>\nEn plus de r\u00e9parer les dommages caus\u00e9s \u00e0 la carrosserie, il est id\u00e9al pour r\u00e9parer toutes sortes d\u2019autres<br \/>\narticles dans la maison, y compris les goutti\u00e8res, il convient donc parfaitement aux entreprises avec une<br \/>\ncirculation imm\u00e9diate.<br \/>\nNotre kit de r\u00e9paration fibres de verre RAPTOR forme un plastique r\u00e9sistant renforc\u00e9 de fibre de verre qui<br \/>\nadh\u00e8re \u00e0 la plupart des mat\u00e9riaux et offre jusqu\u2019\u00e0 6 pieds carr\u00e9s de couverture pour votre application.!<br \/>\nChaque kit de r\u00e9paration fibres de verre RAPTOR comprend :<br \/>\n&#8211; R\u00e9sine de fibre de verre et durcisseur de r\u00e9sine<br \/>\n&#8211; Brosse applicateur r\u00e9sine<br \/>\n&#8211; B\u00e9cher et r\u00e9glettes<br \/>\n&#8211; Quantit\u00e9 g\u00e9n\u00e9reuse de mat de fibre de verre<br \/>\n&#8211; Guide d\u2019instructions<\/p>\n","protected":false},"featured_media":76228,"template":"","meta":[],"product_brand":[],"product_cat":[1702,1704],"product_tag":[1758],"class_list":{"0":"post-76226","1":"product","2":"type-product","3":"status-publish","4":"has-post-thumbnail","6":"product_cat-revetement-de-protection-raptor","7":"product_cat-revetement-raptor-fr-ca","8":"product_tag-raptor-fr-ca","10":"first","11":"instock","12":"shipping-taxable","13":"product-type-simple"},"yoast_head":"<title>Kit de R\u00e9paration Fibres de Verre RAPTOR - U-Pol<\/title>\n<meta name=\"description\" content=\"U-POL is a World leader in automotive refinishing products specializing in fillers, coatings, aerosols, adhesives and paint related products.\" \/>\n<meta name=\"robots\" content=\"index, follow, max-snippet:-1, max-image-preview:large, max-video-preview:-1\" \/>\n<link rel=\"canonical\" href=\"https:\/\/u-pol.com\/fr-ca\/product\/revetement-de-protection-raptor\/revetement-raptor-fr-ca\/raptor-fiberglass-repair-kit\/\" \/>\n<meta property=\"og:locale\" content=\"fr_CA\" \/>\n<meta property=\"og:type\" content=\"article\" \/>\n<meta property=\"og:title\" content=\"Kit de R\u00e9paration Fibres de Verre RAPTOR - U-Pol\" \/>\n<meta property=\"og:description\" content=\"U-POL is a World leader in automotive refinishing products specializing in fillers, coatings, aerosols, adhesives and paint related products.\" \/>\n<meta property=\"og:url\" content=\"https:\/\/u-pol.com\/fr-ca\/product\/revetement-de-protection-raptor\/revetement-raptor-fr-ca\/raptor-fiberglass-repair-kit\/\" \/>\n<meta property=\"og:site_name\" content=\"U-Pol\" \/>\n<meta property=\"article:publisher\" content=\"https:\/\/www.facebook.com\/U-POL-UK-409641822803819\/\" \/>\n<meta property=\"article:modified_time\" content=\"2023-04-25T12:34:09+00:00\" \/>\n<meta property=\"og:image\" content=\"https:\/\/u-pol.com\/wp-content\/uploads\/fiberglass-u5050.jpg\" \/>\n\t<meta property=\"og:image:width\" content=\"1509\" \/>\n\t<meta property=\"og:image:height\" content=\"1509\" \/>\n\t<meta property=\"og:image:type\" content=\"image\/jpeg\" \/>\n<meta name=\"twitter:card\" content=\"summary_large_image\" \/>\n<meta name=\"twitter:site\" content=\"@UpolUK\" \/>\n<meta name=\"twitter:label1\" content=\"Estimation du temps de lecture\" \/>\n\t<meta name=\"twitter:data1\" content=\"4 minutes\" \/>\n<script type=\"application\/ld+json\" class=\"yoast-schema-graph\">{\"@context\":\"https:\/\/schema.org\",\"@graph\":[{\"@type\":\"WebPage\",\"@id\":\"https:\/\/u-pol.com\/fr-ca\/product\/revetement-de-protection-raptor\/revetement-raptor-fr-ca\/raptor-fiberglass-repair-kit\/\",\"url\":\"https:\/\/u-pol.com\/fr-ca\/product\/revetement-de-protection-raptor\/revetement-raptor-fr-ca\/raptor-fiberglass-repair-kit\/\",\"name\":\"Kit de R\u00e9paration Fibres de Verre RAPTOR - U-Pol\",\"isPartOf\":{\"@id\":\"https:\/\/u-pol.com\/fr-ca\/#website\"},\"primaryImageOfPage\":{\"@id\":\"https:\/\/u-pol.com\/fr-ca\/product\/revetement-de-protection-raptor\/revetement-raptor-fr-ca\/raptor-fiberglass-repair-kit\/#primaryimage\"},\"image\":{\"@id\":\"https:\/\/u-pol.com\/fr-ca\/product\/revetement-de-protection-raptor\/revetement-raptor-fr-ca\/raptor-fiberglass-repair-kit\/#primaryimage\"},\"thumbnailUrl\":\"https:\/\/u-pol.com\/wp-content\/uploads\/fiberglass-u5050.jpg\",\"datePublished\":\"2022-12-01T11:13:55+00:00\",\"dateModified\":\"2023-04-25T12:34:09+00:00\",\"description\":\"U-POL is a World leader in automotive refinishing products specializing in fillers, coatings, aerosols, adhesives and paint related products.\",\"breadcrumb\":{\"@id\":\"https:\/\/u-pol.com\/fr-ca\/product\/revetement-de-protection-raptor\/revetement-raptor-fr-ca\/raptor-fiberglass-repair-kit\/#breadcrumb\"},\"inLanguage\":\"fr-CA\",\"potentialAction\":[{\"@type\":\"ReadAction\",\"target\":[\"https:\/\/u-pol.com\/fr-ca\/product\/revetement-de-protection-raptor\/revetement-raptor-fr-ca\/raptor-fiberglass-repair-kit\/\"]}]},{\"@type\":\"ImageObject\",\"inLanguage\":\"fr-CA\",\"@id\":\"https:\/\/u-pol.com\/fr-ca\/product\/revetement-de-protection-raptor\/revetement-raptor-fr-ca\/raptor-fiberglass-repair-kit\/#primaryimage\",\"url\":\"https:\/\/u-pol.com\/wp-content\/uploads\/fiberglass-u5050.jpg\",\"contentUrl\":\"https:\/\/u-pol.com\/wp-content\/uploads\/fiberglass-u5050.jpg\",\"width\":1509,\"height\":1509},{\"@type\":\"BreadcrumbList\",\"@id\":\"https:\/\/u-pol.com\/fr-ca\/product\/revetement-de-protection-raptor\/revetement-raptor-fr-ca\/raptor-fiberglass-repair-kit\/#breadcrumb\",\"itemListElement\":[{\"@type\":\"ListItem\",\"position\":1,\"name\":\"Home\",\"item\":\"https:\/\/u-pol.com\/fr-ca\/\"},{\"@type\":\"ListItem\",\"position\":2,\"name\":\"Shop\",\"item\":\"https:\/\/u-pol.com\/?page_id=235\"},{\"@type\":\"ListItem\",\"position\":3,\"name\":\"Kit de R\u00e9paration Fibres de Verre RAPTOR\"}]},{\"@type\":\"WebSite\",\"@id\":\"https:\/\/u-pol.com\/fr-ca\/#website\",\"url\":\"https:\/\/u-pol.com\/fr-ca\/\",\"name\":\"U-Pol\",\"description\":\"\",\"publisher\":{\"@id\":\"https:\/\/u-pol.com\/fr-ca\/#organization\"},\"potentialAction\":[{\"@type\":\"SearchAction\",\"target\":{\"@type\":\"EntryPoint\",\"urlTemplate\":\"https:\/\/u-pol.com\/fr-ca\/?s={search_term_string}\"},\"query-input\":{\"@type\":\"PropertyValueSpecification\",\"valueRequired\":true,\"valueName\":\"search_term_string\"}}],\"inLanguage\":\"fr-CA\"},{\"@type\":\"Organization\",\"@id\":\"https:\/\/u-pol.com\/fr-ca\/#organization\",\"name\":\"U-POL\",\"url\":\"https:\/\/u-pol.com\/fr-ca\/\",\"logo\":{\"@type\":\"ImageObject\",\"inLanguage\":\"fr-CA\",\"@id\":\"https:\/\/u-pol.com\/fr-ca\/#\/schema\/logo\/image\/\",\"url\":\"https:\/\/u-pol.com\/wp-content\/uploads\/UPOL-sticky-bLogo.png\",\"contentUrl\":\"https:\/\/u-pol.com\/wp-content\/uploads\/UPOL-sticky-bLogo.png\",\"width\":125,\"height\":75,\"caption\":\"U-POL\"},\"image\":{\"@id\":\"https:\/\/u-pol.com\/fr-ca\/#\/schema\/logo\/image\/\"},\"sameAs\":[\"https:\/\/www.facebook.com\/U-POL-UK-409641822803819\/\",\"https:\/\/x.com\/UpolUK\"]}]}<\/script>","yoast_head_json":{"title":"Kit de R\u00e9paration Fibres de Verre RAPTOR - U-Pol","description":"U-POL is a World leader in automotive refinishing products specializing in fillers, coatings, aerosols, adhesives and paint related products.","robots":{"index":"index","follow":"follow","max-snippet":"max-snippet:-1","max-image-preview":"max-image-preview:large","max-video-preview":"max-video-preview:-1"},"canonical":"https:\/\/u-pol.com\/fr-ca\/product\/revetement-de-protection-raptor\/revetement-raptor-fr-ca\/raptor-fiberglass-repair-kit\/","og_locale":"fr_CA","og_type":"article","og_title":"Kit de R\u00e9paration Fibres de Verre RAPTOR - U-Pol","og_description":"U-POL is a World leader in automotive refinishing products specializing in fillers, coatings, aerosols, adhesives and paint related products.","og_url":"https:\/\/u-pol.com\/fr-ca\/product\/revetement-de-protection-raptor\/revetement-raptor-fr-ca\/raptor-fiberglass-repair-kit\/","og_site_name":"U-Pol","article_publisher":"https:\/\/www.facebook.com\/U-POL-UK-409641822803819\/","article_modified_time":"2023-04-25T12:34:09+00:00","og_image":[{"width":1509,"height":1509,"url":"https:\/\/u-pol.com\/wp-content\/uploads\/fiberglass-u5050.jpg","type":"image\/jpeg"}],"twitter_card":"summary_large_image","twitter_site":"@UpolUK","twitter_misc":{"Estimation du temps de lecture":"4 minutes"},"schema":{"@context":"https:\/\/schema.org","@graph":[{"@type":"WebPage","@id":"https:\/\/u-pol.com\/fr-ca\/product\/revetement-de-protection-raptor\/revetement-raptor-fr-ca\/raptor-fiberglass-repair-kit\/","url":"https:\/\/u-pol.com\/fr-ca\/product\/revetement-de-protection-raptor\/revetement-raptor-fr-ca\/raptor-fiberglass-repair-kit\/","name":"Kit de R\u00e9paration Fibres de Verre RAPTOR - U-Pol","isPartOf":{"@id":"https:\/\/u-pol.com\/fr-ca\/#website"},"primaryImageOfPage":{"@id":"https:\/\/u-pol.com\/fr-ca\/product\/revetement-de-protection-raptor\/revetement-raptor-fr-ca\/raptor-fiberglass-repair-kit\/#primaryimage"},"image":{"@id":"https:\/\/u-pol.com\/fr-ca\/product\/revetement-de-protection-raptor\/revetement-raptor-fr-ca\/raptor-fiberglass-repair-kit\/#primaryimage"},"thumbnailUrl":"https:\/\/u-pol.com\/wp-content\/uploads\/fiberglass-u5050.jpg","datePublished":"2022-12-01T11:13:55+00:00","dateModified":"2023-04-25T12:34:09+00:00","description":"U-POL is a World leader in automotive refinishing products specializing in fillers, coatings, aerosols, adhesives and paint related products.","breadcrumb":{"@id":"https:\/\/u-pol.com\/fr-ca\/product\/revetement-de-protection-raptor\/revetement-raptor-fr-ca\/raptor-fiberglass-repair-kit\/#breadcrumb"},"inLanguage":"fr-CA","potentialAction":[{"@type":"ReadAction","target":["https:\/\/u-pol.com\/fr-ca\/product\/revetement-de-protection-raptor\/revetement-raptor-fr-ca\/raptor-fiberglass-repair-kit\/"]}]},{"@type":"ImageObject","inLanguage":"fr-CA","@id":"https:\/\/u-pol.com\/fr-ca\/product\/revetement-de-protection-raptor\/revetement-raptor-fr-ca\/raptor-fiberglass-repair-kit\/#primaryimage","url":"https:\/\/u-pol.com\/wp-content\/uploads\/fiberglass-u5050.jpg","contentUrl":"https:\/\/u-pol.com\/wp-content\/uploads\/fiberglass-u5050.jpg","width":1509,"height":1509},{"@type":"BreadcrumbList","@id":"https:\/\/u-pol.com\/fr-ca\/product\/revetement-de-protection-raptor\/revetement-raptor-fr-ca\/raptor-fiberglass-repair-kit\/#breadcrumb","itemListElement":[{"@type":"ListItem","position":1,"name":"Home","item":"https:\/\/u-pol.com\/fr-ca\/"},{"@type":"ListItem","position":2,"name":"Shop","item":"https:\/\/u-pol.com\/?page_id=235"},{"@type":"ListItem","position":3,"name":"Kit de R\u00e9paration Fibres de Verre RAPTOR"}]},{"@type":"WebSite","@id":"https:\/\/u-pol.com\/fr-ca\/#website","url":"https:\/\/u-pol.com\/fr-ca\/","name":"U-Pol","description":"","publisher":{"@id":"https:\/\/u-pol.com\/fr-ca\/#organization"},"potentialAction":[{"@type":"SearchAction","target":{"@type":"EntryPoint","urlTemplate":"https:\/\/u-pol.com\/fr-ca\/?s={search_term_string}"},"query-input":{"@type":"PropertyValueSpecification","valueRequired":true,"valueName":"search_term_string"}}],"inLanguage":"fr-CA"},{"@type":"Organization","@id":"https:\/\/u-pol.com\/fr-ca\/#organization","name":"U-POL","url":"https:\/\/u-pol.com\/fr-ca\/","logo":{"@type":"ImageObject","inLanguage":"fr-CA","@id":"https:\/\/u-pol.com\/fr-ca\/#\/schema\/logo\/image\/","url":"https:\/\/u-pol.com\/wp-content\/uploads\/UPOL-sticky-bLogo.png","contentUrl":"https:\/\/u-pol.com\/wp-content\/uploads\/UPOL-sticky-bLogo.png","width":125,"height":75,"caption":"U-POL"},"image":{"@id":"https:\/\/u-pol.com\/fr-ca\/#\/schema\/logo\/image\/"},"sameAs":["https:\/\/www.facebook.com\/U-POL-UK-409641822803819\/","https:\/\/x.com\/UpolUK"]}]}},"_links":{"self":[{"href":"https:\/\/u-pol.com\/fr-ca\/wp-json\/wp\/v2\/product\/76226","targetHints":{"allow":["GET"]}}],"collection":[{"href":"https:\/\/u-pol.com\/fr-ca\/wp-json\/wp\/v2\/product"}],"about":[{"href":"https:\/\/u-pol.com\/fr-ca\/wp-json\/wp\/v2\/types\/product"}],"wp:featuredmedia":[{"embeddable":true,"href":"https:\/\/u-pol.com\/fr-ca\/wp-json\/wp\/v2\/media\/76228"}],"wp:attachment":[{"href":"https:\/\/u-pol.com\/fr-ca\/wp-json\/wp\/v2\/media?parent=76226"}],"wp:term":[{"taxonomy":"product_brand","embeddable":true,"href":"https:\/\/u-pol.com\/fr-ca\/wp-json\/wp\/v2\/product_brand?post=76226"},{"taxonomy":"product_cat","embeddable":true,"href":"https:\/\/u-pol.com\/fr-ca\/wp-json\/wp\/v2\/product_cat?post=76226"},{"taxonomy":"product_tag","embeddable":true,"href":"https:\/\/u-pol.com\/fr-ca\/wp-json\/wp\/v2\/product_tag?post=76226"}],"curies":[{"name":"wp","href":"https:\/\/api.w.org\/{rel}","templated":true}]}}