{"id":76404,"date":"2022-04-15T13:41:37","date_gmt":"2022-04-15T13:41:37","guid":{"rendered":"https:\/\/u-pol.com\/product\/non%20class\u00e9\/dolphin-putty\/"},"modified":"2023-04-25T12:35:30","modified_gmt":"2023-04-25T12:35:30","slug":"dolphin-putty","status":"publish","type":"product","link":"https:\/\/u-pol.com\/fr-ca\/product\/mastics-fr-ca\/mastics-de-finition-fr-ca\/dolphin-putty\/","title":{"rendered":"Mastic Dolphin"},"content":{"rendered":"<div class=\"fusion-fullwidth fullwidth-box fusion-builder-row-1 fusion-flex-container nonhundred-percent-fullwidth non-hundred-percent-height-scrolling\" style=\"--awb-border-radius-top-left:0px;--awb-border-radius-top-right:0px;--awb-border-radius-bottom-right:0px;--awb-border-radius-bottom-left:0px;--awb-margin-top:20px;--awb-flex-wrap:wrap;\" ><div class=\"fusion-builder-row fusion-row fusion-flex-align-items-flex-start fusion-flex-content-wrap\" style=\"max-width:1203.6px;margin-left: calc(-2% \/ 2 );margin-right: calc(-2% \/ 2 );\"><div class=\"fusion-layout-column fusion_builder_column fusion-builder-column-0 fusion_builder_column_1_1 1_1 fusion-flex-column\" style=\"--awb-bg-size:cover;--awb-width-large:100%;--awb-margin-top-large:0px;--awb-spacing-right-large:0.98%;--awb-margin-bottom-large:20px;--awb-spacing-left-large:0.98%;--awb-width-medium:100%;--awb-order-medium:0;--awb-spacing-right-medium:0.98%;--awb-spacing-left-medium:0.98%;--awb-width-small:100%;--awb-order-small:0;--awb-spacing-right-small:0.98%;--awb-spacing-left-small:0.98%;\"><div class=\"fusion-column-wrapper fusion-column-has-shadow fusion-flex-justify-content-flex-end fusion-content-layout-row\"><div ><a class=\"fusion-button button-flat fusion-button-default-size button-default fusion-button-default button-1 fusion-button-default-span fusion-button-default-type\" target=\"lightbox\" rel=\"iLightbox\" href=\"https:\/\/u-pol.com\/wp-content\/uploads\/Dolphin-Glazes-and-Putties.mp4\"><span class=\"fusion-button-text awb-button__text awb-button__text--default\">Watch Video<\/span><\/a><\/div><\/div><\/div><div class=\"fusion-layout-column fusion_builder_column fusion-builder-column-1 fusion_builder_column_1_1 1_1 fusion-flex-column\" style=\"--awb-bg-size:cover;--awb-width-large:100%;--awb-margin-top-large:0px;--awb-spacing-right-large:0.98%;--awb-margin-bottom-large:20px;--awb-spacing-left-large:0.98%;--awb-width-medium:100%;--awb-order-medium:0;--awb-spacing-right-medium:0.98%;--awb-spacing-left-medium:0.98%;--awb-width-small:100%;--awb-order-small:0;--awb-spacing-right-small:0.98%;--awb-spacing-left-small:0.98%;\"><div class=\"fusion-column-wrapper fusion-column-has-shadow fusion-flex-justify-content-flex-start fusion-content-layout-column\">\n<div class=\"table-1\">\n<table width=\"100%\">\n<thead>\n<tr>\n<th align=\"left\">Code<\/th>\n<th align=\"left\">Size\/Pack<\/th>\n<th align=\"left\">Color<\/th>\n<th align=\"left\">Ctn<\/th>\n<th align=\"left\">Technical Data Sheet<\/th>\n<th align=\"left\">Safety Data Sheet<\/th>\n<\/tr>\n<\/thead>\n<tbody>\n<tr>\n<td align=\"left\">UP0658<\/td>\n<td align=\"left\">615 ml Bottle<\/td>\n<td align=\"left\">Beige<\/td>\n<td align=\"left\">10<\/td>\n<td align=\"left\"><a href=\"https:\/\/u-pol.com\/en-us\/video\/up0658-tds\/up0658-tds-2\/\" target=\"_blank\" rel=\"noopener\">UP0658 TDS<\/a><\/td>\n<td align=\"left\"><a href=\"https:\/\/u-pol.com\/en-us\/video\/up0658-sds\/up0658-sds-2\/\" target=\"_blank\" rel=\"noopener\">UP0658 SDS<\/a><\/td>\n<\/tr>\n<\/tbody>\n<\/table>\n<\/div>\n<\/div><\/div><\/div><\/div>\n","protected":false},"excerpt":{"rendered":"<p>Le mastic Dolphin est un mastic de finition premium \u00e0 double application pour \u00e9liminer les trous<br \/>\net les imperfections sur les surfaces en plastique et en m\u00e9tal, comme le m\u00e9tal nu, l\u2019aluminium et<br \/>\nl\u2019acier galvanis\u00e9. Sa formulation pr\u00e9sente une technologie l\u00e9g\u00e8re sophistiqu\u00e9e qui offre d\u2019excellentes<br \/>\npropri\u00e9t\u00e9s de remplissage combin\u00e9es \u00e0 une application lisse et un pon\u00e7age facile.<br \/>\n\u2022 Formulation flexible, sans porosit\u00e9<br \/>\n\u2022 Facile \u00e0 poncer, que ce soit un jour ou une semaine plus tard<br \/>\n\u2022 S\u00e9chage rapide &#8211; imperm\u00e9able aux solvants et pr\u00eat \u00e0 poncer, appr\u00eater et peindre en<br \/>\n20 minutes<br \/>\n\u2022 Adh\u00e9sion in\u00e9gal\u00e9e \u00e0 la plupart des surfaces automobiles, y compris l\u2019acier nu, l\u2019aluminium et<br \/>\nl\u2019acier galvanis\u00e9<\/p>\n","protected":false},"featured_media":76405,"template":"","meta":[],"product_brand":[],"product_cat":[1697,1699],"product_tag":[1751],"class_list":{"0":"post-76404","1":"product","2":"type-product","3":"status-publish","4":"has-post-thumbnail","6":"product_cat-mastics-fr-ca","7":"product_cat-mastics-de-finition-fr-ca","8":"product_tag-dolphin-fr-ca","10":"first","11":"instock","12":"shipping-taxable","13":"product-type-simple"},"yoast_head":"<title>Mastic Dolphin - U-Pol<\/title>\n<meta name=\"description\" content=\"Dolphin Flexible Glazing Putty is a dual application premium finishing putty for filling dents and imperfections on both plastic and metal\" \/>\n<meta name=\"robots\" content=\"index, follow, max-snippet:-1, max-image-preview:large, max-video-preview:-1\" \/>\n<link rel=\"canonical\" href=\"https:\/\/u-pol.com\/fr-ca\/product\/mastics-fr-ca\/mastics-de-finition-fr-ca\/dolphin-putty\/\" \/>\n<meta property=\"og:locale\" content=\"fr_CA\" \/>\n<meta property=\"og:type\" content=\"article\" \/>\n<meta property=\"og:title\" content=\"Mastic Dolphin - U-Pol\" \/>\n<meta property=\"og:description\" content=\"Dolphin Flexible Glazing Putty is a dual application premium finishing putty for filling dents and imperfections on both plastic and metal\" \/>\n<meta property=\"og:url\" content=\"https:\/\/u-pol.com\/fr-ca\/product\/mastics-fr-ca\/mastics-de-finition-fr-ca\/dolphin-putty\/\" \/>\n<meta property=\"og:site_name\" content=\"U-Pol\" \/>\n<meta property=\"article:publisher\" content=\"https:\/\/www.facebook.com\/U-POL-UK-409641822803819\/\" \/>\n<meta property=\"article:modified_time\" content=\"2023-04-25T12:35:30+00:00\" \/>\n<meta property=\"og:image\" content=\"https:\/\/u-pol.com\/wp-content\/uploads\/Dolphin-Putty.jpg\" \/>\n\t<meta property=\"og:image:width\" content=\"500\" \/>\n\t<meta property=\"og:image:height\" content=\"500\" \/>\n\t<meta property=\"og:image:type\" content=\"image\/jpeg\" \/>\n<meta name=\"twitter:card\" content=\"summary_large_image\" \/>\n<meta name=\"twitter:site\" content=\"@UpolUK\" \/>\n<script type=\"application\/ld+json\" class=\"yoast-schema-graph\">{\"@context\":\"https:\/\/schema.org\",\"@graph\":[{\"@type\":\"WebPage\",\"@id\":\"https:\/\/u-pol.com\/fr-ca\/product\/mastics-fr-ca\/mastics-de-finition-fr-ca\/dolphin-putty\/\",\"url\":\"https:\/\/u-pol.com\/fr-ca\/product\/mastics-fr-ca\/mastics-de-finition-fr-ca\/dolphin-putty\/\",\"name\":\"Mastic Dolphin - U-Pol\",\"isPartOf\":{\"@id\":\"https:\/\/u-pol.com\/fr-ca\/#website\"},\"primaryImageOfPage\":{\"@id\":\"https:\/\/u-pol.com\/fr-ca\/product\/mastics-fr-ca\/mastics-de-finition-fr-ca\/dolphin-putty\/#primaryimage\"},\"image\":{\"@id\":\"https:\/\/u-pol.com\/fr-ca\/product\/mastics-fr-ca\/mastics-de-finition-fr-ca\/dolphin-putty\/#primaryimage\"},\"thumbnailUrl\":\"https:\/\/u-pol.com\/wp-content\/uploads\/Dolphin-Putty.jpg\",\"datePublished\":\"2022-04-15T13:41:37+00:00\",\"dateModified\":\"2023-04-25T12:35:30+00:00\",\"description\":\"Dolphin Flexible Glazing Putty is a dual application premium finishing putty for filling dents and imperfections on both plastic and metal\",\"breadcrumb\":{\"@id\":\"https:\/\/u-pol.com\/fr-ca\/product\/mastics-fr-ca\/mastics-de-finition-fr-ca\/dolphin-putty\/#breadcrumb\"},\"inLanguage\":\"fr-CA\",\"potentialAction\":[{\"@type\":\"ReadAction\",\"target\":[\"https:\/\/u-pol.com\/fr-ca\/product\/mastics-fr-ca\/mastics-de-finition-fr-ca\/dolphin-putty\/\"]}]},{\"@type\":\"ImageObject\",\"inLanguage\":\"fr-CA\",\"@id\":\"https:\/\/u-pol.com\/fr-ca\/product\/mastics-fr-ca\/mastics-de-finition-fr-ca\/dolphin-putty\/#primaryimage\",\"url\":\"https:\/\/u-pol.com\/wp-content\/uploads\/Dolphin-Putty.jpg\",\"contentUrl\":\"https:\/\/u-pol.com\/wp-content\/uploads\/Dolphin-Putty.jpg\",\"width\":500,\"height\":500,\"caption\":\"Dolphin Putty\"},{\"@type\":\"BreadcrumbList\",\"@id\":\"https:\/\/u-pol.com\/fr-ca\/product\/mastics-fr-ca\/mastics-de-finition-fr-ca\/dolphin-putty\/#breadcrumb\",\"itemListElement\":[{\"@type\":\"ListItem\",\"position\":1,\"name\":\"Home\",\"item\":\"https:\/\/u-pol.com\/fr-ca\/\"},{\"@type\":\"ListItem\",\"position\":2,\"name\":\"Shop\",\"item\":\"https:\/\/u-pol.com\/?page_id=235\"},{\"@type\":\"ListItem\",\"position\":3,\"name\":\"Mastic Dolphin\"}]},{\"@type\":\"WebSite\",\"@id\":\"https:\/\/u-pol.com\/fr-ca\/#website\",\"url\":\"https:\/\/u-pol.com\/fr-ca\/\",\"name\":\"U-Pol\",\"description\":\"\",\"publisher\":{\"@id\":\"https:\/\/u-pol.com\/fr-ca\/#organization\"},\"potentialAction\":[{\"@type\":\"SearchAction\",\"target\":{\"@type\":\"EntryPoint\",\"urlTemplate\":\"https:\/\/u-pol.com\/fr-ca\/?s={search_term_string}\"},\"query-input\":{\"@type\":\"PropertyValueSpecification\",\"valueRequired\":true,\"valueName\":\"search_term_string\"}}],\"inLanguage\":\"fr-CA\"},{\"@type\":\"Organization\",\"@id\":\"https:\/\/u-pol.com\/fr-ca\/#organization\",\"name\":\"U-POL\",\"url\":\"https:\/\/u-pol.com\/fr-ca\/\",\"logo\":{\"@type\":\"ImageObject\",\"inLanguage\":\"fr-CA\",\"@id\":\"https:\/\/u-pol.com\/fr-ca\/#\/schema\/logo\/image\/\",\"url\":\"https:\/\/u-pol.com\/wp-content\/uploads\/UPOL-sticky-bLogo.png\",\"contentUrl\":\"https:\/\/u-pol.com\/wp-content\/uploads\/UPOL-sticky-bLogo.png\",\"width\":125,\"height\":75,\"caption\":\"U-POL\"},\"image\":{\"@id\":\"https:\/\/u-pol.com\/fr-ca\/#\/schema\/logo\/image\/\"},\"sameAs\":[\"https:\/\/www.facebook.com\/U-POL-UK-409641822803819\/\",\"https:\/\/x.com\/UpolUK\"]}]}<\/script>","yoast_head_json":{"title":"Mastic Dolphin - U-Pol","description":"Dolphin Flexible Glazing Putty is a dual application premium finishing putty for filling dents and imperfections on both plastic and metal","robots":{"index":"index","follow":"follow","max-snippet":"max-snippet:-1","max-image-preview":"max-image-preview:large","max-video-preview":"max-video-preview:-1"},"canonical":"https:\/\/u-pol.com\/fr-ca\/product\/mastics-fr-ca\/mastics-de-finition-fr-ca\/dolphin-putty\/","og_locale":"fr_CA","og_type":"article","og_title":"Mastic Dolphin - U-Pol","og_description":"Dolphin Flexible Glazing Putty is a dual application premium finishing putty for filling dents and imperfections on both plastic and metal","og_url":"https:\/\/u-pol.com\/fr-ca\/product\/mastics-fr-ca\/mastics-de-finition-fr-ca\/dolphin-putty\/","og_site_name":"U-Pol","article_publisher":"https:\/\/www.facebook.com\/U-POL-UK-409641822803819\/","article_modified_time":"2023-04-25T12:35:30+00:00","og_image":[{"width":500,"height":500,"url":"https:\/\/u-pol.com\/wp-content\/uploads\/Dolphin-Putty.jpg","type":"image\/jpeg"}],"twitter_card":"summary_large_image","twitter_site":"@UpolUK","schema":{"@context":"https:\/\/schema.org","@graph":[{"@type":"WebPage","@id":"https:\/\/u-pol.com\/fr-ca\/product\/mastics-fr-ca\/mastics-de-finition-fr-ca\/dolphin-putty\/","url":"https:\/\/u-pol.com\/fr-ca\/product\/mastics-fr-ca\/mastics-de-finition-fr-ca\/dolphin-putty\/","name":"Mastic Dolphin - U-Pol","isPartOf":{"@id":"https:\/\/u-pol.com\/fr-ca\/#website"},"primaryImageOfPage":{"@id":"https:\/\/u-pol.com\/fr-ca\/product\/mastics-fr-ca\/mastics-de-finition-fr-ca\/dolphin-putty\/#primaryimage"},"image":{"@id":"https:\/\/u-pol.com\/fr-ca\/product\/mastics-fr-ca\/mastics-de-finition-fr-ca\/dolphin-putty\/#primaryimage"},"thumbnailUrl":"https:\/\/u-pol.com\/wp-content\/uploads\/Dolphin-Putty.jpg","datePublished":"2022-04-15T13:41:37+00:00","dateModified":"2023-04-25T12:35:30+00:00","description":"Dolphin Flexible Glazing Putty is a dual application premium finishing putty for filling dents and imperfections on both plastic and metal","breadcrumb":{"@id":"https:\/\/u-pol.com\/fr-ca\/product\/mastics-fr-ca\/mastics-de-finition-fr-ca\/dolphin-putty\/#breadcrumb"},"inLanguage":"fr-CA","potentialAction":[{"@type":"ReadAction","target":["https:\/\/u-pol.com\/fr-ca\/product\/mastics-fr-ca\/mastics-de-finition-fr-ca\/dolphin-putty\/"]}]},{"@type":"ImageObject","inLanguage":"fr-CA","@id":"https:\/\/u-pol.com\/fr-ca\/product\/mastics-fr-ca\/mastics-de-finition-fr-ca\/dolphin-putty\/#primaryimage","url":"https:\/\/u-pol.com\/wp-content\/uploads\/Dolphin-Putty.jpg","contentUrl":"https:\/\/u-pol.com\/wp-content\/uploads\/Dolphin-Putty.jpg","width":500,"height":500,"caption":"Dolphin Putty"},{"@type":"BreadcrumbList","@id":"https:\/\/u-pol.com\/fr-ca\/product\/mastics-fr-ca\/mastics-de-finition-fr-ca\/dolphin-putty\/#breadcrumb","itemListElement":[{"@type":"ListItem","position":1,"name":"Home","item":"https:\/\/u-pol.com\/fr-ca\/"},{"@type":"ListItem","position":2,"name":"Shop","item":"https:\/\/u-pol.com\/?page_id=235"},{"@type":"ListItem","position":3,"name":"Mastic Dolphin"}]},{"@type":"WebSite","@id":"https:\/\/u-pol.com\/fr-ca\/#website","url":"https:\/\/u-pol.com\/fr-ca\/","name":"U-Pol","description":"","publisher":{"@id":"https:\/\/u-pol.com\/fr-ca\/#organization"},"potentialAction":[{"@type":"SearchAction","target":{"@type":"EntryPoint","urlTemplate":"https:\/\/u-pol.com\/fr-ca\/?s={search_term_string}"},"query-input":{"@type":"PropertyValueSpecification","valueRequired":true,"valueName":"search_term_string"}}],"inLanguage":"fr-CA"},{"@type":"Organization","@id":"https:\/\/u-pol.com\/fr-ca\/#organization","name":"U-POL","url":"https:\/\/u-pol.com\/fr-ca\/","logo":{"@type":"ImageObject","inLanguage":"fr-CA","@id":"https:\/\/u-pol.com\/fr-ca\/#\/schema\/logo\/image\/","url":"https:\/\/u-pol.com\/wp-content\/uploads\/UPOL-sticky-bLogo.png","contentUrl":"https:\/\/u-pol.com\/wp-content\/uploads\/UPOL-sticky-bLogo.png","width":125,"height":75,"caption":"U-POL"},"image":{"@id":"https:\/\/u-pol.com\/fr-ca\/#\/schema\/logo\/image\/"},"sameAs":["https:\/\/www.facebook.com\/U-POL-UK-409641822803819\/","https:\/\/x.com\/UpolUK"]}]}},"_links":{"self":[{"href":"https:\/\/u-pol.com\/fr-ca\/wp-json\/wp\/v2\/product\/76404","targetHints":{"allow":["GET"]}}],"collection":[{"href":"https:\/\/u-pol.com\/fr-ca\/wp-json\/wp\/v2\/product"}],"about":[{"href":"https:\/\/u-pol.com\/fr-ca\/wp-json\/wp\/v2\/types\/product"}],"wp:featuredmedia":[{"embeddable":true,"href":"https:\/\/u-pol.com\/fr-ca\/wp-json\/wp\/v2\/media\/76405"}],"wp:attachment":[{"href":"https:\/\/u-pol.com\/fr-ca\/wp-json\/wp\/v2\/media?parent=76404"}],"wp:term":[{"taxonomy":"product_brand","embeddable":true,"href":"https:\/\/u-pol.com\/fr-ca\/wp-json\/wp\/v2\/product_brand?post=76404"},{"taxonomy":"product_cat","embeddable":true,"href":"https:\/\/u-pol.com\/fr-ca\/wp-json\/wp\/v2\/product_cat?post=76404"},{"taxonomy":"product_tag","embeddable":true,"href":"https:\/\/u-pol.com\/fr-ca\/wp-json\/wp\/v2\/product_tag?post=76404"}],"curies":[{"name":"wp","href":"https:\/\/api.w.org\/{rel}","templated":true}]}}