{"id":76429,"date":"2022-04-15T11:23:33","date_gmt":"2022-04-15T11:23:33","guid":{"rendered":"https:\/\/u-pol.com\/product\/non%20class\u00e9\/custom-can-aerosols\/"},"modified":"2023-03-29T10:59:13","modified_gmt":"2023-03-29T10:59:13","slug":"custom-can-aerosols","status":"publish","type":"product","link":"https:\/\/u-pol.com\/fr-ca\/product\/aerosols-fr-ca\/custom-can-aerosols\/","title":{"rendered":"Custom Can A\u00e9rosols"},"content":{"rendered":"<div class=\"fusion-fullwidth fullwidth-box fusion-builder-row-1 fusion-flex-container nonhundred-percent-fullwidth non-hundred-percent-height-scrolling\" style=\"--awb-border-radius-top-left:0px;--awb-border-radius-top-right:0px;--awb-border-radius-bottom-right:0px;--awb-border-radius-bottom-left:0px;--awb-flex-wrap:wrap;\" ><div class=\"fusion-builder-row fusion-row fusion-flex-align-items-flex-start fusion-flex-content-wrap\" style=\"max-width:1203.6px;margin-left: calc(-2% \/ 2 );margin-right: calc(-2% \/ 2 );\"><div class=\"fusion-layout-column fusion_builder_column fusion-builder-column-0 fusion_builder_column_1_1 1_1 fusion-flex-column\" style=\"--awb-bg-size:cover;--awb-width-large:100%;--awb-margin-top-large:0px;--awb-spacing-right-large:0.98%;--awb-margin-bottom-large:20px;--awb-spacing-left-large:0.98%;--awb-width-medium:100%;--awb-order-medium:0;--awb-spacing-right-medium:0.98%;--awb-spacing-left-medium:0.98%;--awb-width-small:100%;--awb-order-small:0;--awb-spacing-right-small:0.98%;--awb-spacing-left-small:0.98%;\"><div class=\"fusion-column-wrapper fusion-column-has-shadow fusion-flex-justify-content-flex-start fusion-content-layout-column\">\n<div class=\"table-1\">\n<table width=\"100%\">\n<thead>\n<tr>\n<th align=\"left\">Reference<\/th>\n<th align=\"left\">Format<\/th>\n<th align=\"left\">Couleur<\/th>\n<th align=\"left\">Par Carton<\/th>\n<th align=\"left\">Technical Data Sheet<\/th>\n<th align=\"left\">Safety Data Sheet<\/th>\n<\/tr>\n<\/thead>\n<tbody>\n<tr>\n<td align=\"left\">UP0811<\/td>\n<td align=\"left\">A\u00e9rosol \u00e0 Base Solvant\u00e9e 400ml<\/td>\n<td align=\"left\">&#8211;<\/td>\n<td align=\"left\">12<\/td>\n<td align=\"left\"><a href=\"https:\/\/u-pol.com\/fr\/video\/ccup-al-tds-fr\/ccup-al-tds-fr\/\" target=\"_blank\" rel=\"noopener\">UP0811 TDS<\/a><\/td>\n<td align=\"left\"><a href=\"https:\/\/u-pol.com\/wp-content\/uploads\/CCUPAL-CA-SDS-FR-1.pdf\">UP0811 SDS<\/a><\/td>\n<\/tr>\n<tr>\n<td align=\"left\">UP0818<\/td>\n<td align=\"left\">A\u00e9rosol \u00e0 Base H2O 400ml<\/td>\n<td align=\"left\">Clear<\/td>\n<td align=\"left\">12<\/td>\n<td align=\"left\"><a href=\"https:\/\/u-pol.com\/fr\/video\/ccwp-al-tds-fr\/ccwp-al-tds-fr\/\" target=\"_blank\" rel=\"noopener\">UP0818 TDS<\/a><\/td>\n<td align=\"left\"><a href=\"https:\/\/u-pol.com\/wp-content\/uploads\/CCWPAL-CA-SDS-FR-1.pdf\">UP0818 SDS<\/a><\/td>\n<\/tr>\n<\/tbody>\n<\/table>\n<\/div>\n<\/div><\/div><\/div><\/div>\n","protected":false},"excerpt":{"rendered":"<p>A\u00e9rosols pr\u00e9-gaz\u00e9s, pr\u00eats \u00e0 \u00eatre remplis avec 100ml de peinture.<br \/>\n\u2022 Application et rendu proches d&rsquo;une finition au pistolet<br \/>\n\u2022 Miscible avec toutes bases solvant\u00e9es ou H2O, selon l&rsquo;a\u00e9rosol<\/p>\n","protected":false},"featured_media":76430,"template":"","meta":[],"product_brand":[],"product_cat":[1682],"product_tag":[],"class_list":{"0":"post-76429","1":"product","2":"type-product","3":"status-publish","4":"has-post-thumbnail","6":"product_cat-aerosols-fr-ca","8":"first","9":"instock","10":"downloadable","11":"virtual","12":"product-type-simple"},"yoast_head":"<title>Custom Can A\u00e9rosols - U-Pol<\/title>\n<meta name=\"description\" content=\"Pre-gassed ready to be filled with 100ml paint. Compatible with most solvent and water based coatings.\" \/>\n<meta name=\"robots\" content=\"index, follow, max-snippet:-1, max-image-preview:large, max-video-preview:-1\" \/>\n<link rel=\"canonical\" href=\"https:\/\/u-pol.com\/fr-ca\/product\/aerosols-fr-ca\/custom-can-aerosols\/\" \/>\n<meta property=\"og:locale\" content=\"fr_CA\" \/>\n<meta property=\"og:type\" content=\"article\" \/>\n<meta property=\"og:title\" content=\"Custom Can A\u00e9rosols - U-Pol\" \/>\n<meta property=\"og:description\" content=\"Pre-gassed ready to be filled with 100ml paint. Compatible with most solvent and water based coatings.\" \/>\n<meta property=\"og:url\" content=\"https:\/\/u-pol.com\/fr-ca\/product\/aerosols-fr-ca\/custom-can-aerosols\/\" \/>\n<meta property=\"og:site_name\" content=\"U-Pol\" \/>\n<meta property=\"article:publisher\" content=\"https:\/\/www.facebook.com\/U-POL-UK-409641822803819\/\" \/>\n<meta property=\"article:modified_time\" content=\"2023-03-29T10:59:13+00:00\" \/>\n<meta property=\"og:image\" content=\"https:\/\/u-pol.com\/wp-content\/uploads\/UP0811-UP0818-CustomCanAerosols.jpg\" \/>\n\t<meta property=\"og:image:width\" content=\"500\" \/>\n\t<meta property=\"og:image:height\" content=\"500\" \/>\n\t<meta property=\"og:image:type\" content=\"image\/jpeg\" \/>\n<meta name=\"twitter:card\" content=\"summary_large_image\" \/>\n<meta name=\"twitter:site\" content=\"@UpolUK\" \/>\n<meta name=\"twitter:label1\" content=\"Estimation du temps de lecture\" \/>\n\t<meta name=\"twitter:data1\" content=\"3 minutes\" \/>\n<script type=\"application\/ld+json\" class=\"yoast-schema-graph\">{\"@context\":\"https:\/\/schema.org\",\"@graph\":[{\"@type\":\"WebPage\",\"@id\":\"https:\/\/u-pol.com\/fr-ca\/product\/aerosols-fr-ca\/custom-can-aerosols\/\",\"url\":\"https:\/\/u-pol.com\/fr-ca\/product\/aerosols-fr-ca\/custom-can-aerosols\/\",\"name\":\"Custom Can A\u00e9rosols - U-Pol\",\"isPartOf\":{\"@id\":\"https:\/\/u-pol.com\/fr-ca\/#website\"},\"primaryImageOfPage\":{\"@id\":\"https:\/\/u-pol.com\/fr-ca\/product\/aerosols-fr-ca\/custom-can-aerosols\/#primaryimage\"},\"image\":{\"@id\":\"https:\/\/u-pol.com\/fr-ca\/product\/aerosols-fr-ca\/custom-can-aerosols\/#primaryimage\"},\"thumbnailUrl\":\"https:\/\/u-pol.com\/wp-content\/uploads\/UP0811-UP0818-CustomCanAerosols.jpg\",\"datePublished\":\"2022-04-15T11:23:33+00:00\",\"dateModified\":\"2023-03-29T10:59:13+00:00\",\"description\":\"Pre-gassed ready to be filled with 100ml paint. Compatible with most solvent and water based coatings.\",\"breadcrumb\":{\"@id\":\"https:\/\/u-pol.com\/fr-ca\/product\/aerosols-fr-ca\/custom-can-aerosols\/#breadcrumb\"},\"inLanguage\":\"fr-CA\",\"potentialAction\":[{\"@type\":\"ReadAction\",\"target\":[\"https:\/\/u-pol.com\/fr-ca\/product\/aerosols-fr-ca\/custom-can-aerosols\/\"]}]},{\"@type\":\"ImageObject\",\"inLanguage\":\"fr-CA\",\"@id\":\"https:\/\/u-pol.com\/fr-ca\/product\/aerosols-fr-ca\/custom-can-aerosols\/#primaryimage\",\"url\":\"https:\/\/u-pol.com\/wp-content\/uploads\/UP0811-UP0818-CustomCanAerosols.jpg\",\"contentUrl\":\"https:\/\/u-pol.com\/wp-content\/uploads\/UP0811-UP0818-CustomCanAerosols.jpg\",\"width\":500,\"height\":500,\"caption\":\"Custom Can Aerosols\"},{\"@type\":\"BreadcrumbList\",\"@id\":\"https:\/\/u-pol.com\/fr-ca\/product\/aerosols-fr-ca\/custom-can-aerosols\/#breadcrumb\",\"itemListElement\":[{\"@type\":\"ListItem\",\"position\":1,\"name\":\"Home\",\"item\":\"https:\/\/u-pol.com\/fr-ca\/\"},{\"@type\":\"ListItem\",\"position\":2,\"name\":\"Shop\",\"item\":\"https:\/\/u-pol.com\/?page_id=235\"},{\"@type\":\"ListItem\",\"position\":3,\"name\":\"Custom Can A\u00e9rosols\"}]},{\"@type\":\"WebSite\",\"@id\":\"https:\/\/u-pol.com\/fr-ca\/#website\",\"url\":\"https:\/\/u-pol.com\/fr-ca\/\",\"name\":\"U-Pol\",\"description\":\"\",\"publisher\":{\"@id\":\"https:\/\/u-pol.com\/fr-ca\/#organization\"},\"potentialAction\":[{\"@type\":\"SearchAction\",\"target\":{\"@type\":\"EntryPoint\",\"urlTemplate\":\"https:\/\/u-pol.com\/fr-ca\/?s={search_term_string}\"},\"query-input\":{\"@type\":\"PropertyValueSpecification\",\"valueRequired\":true,\"valueName\":\"search_term_string\"}}],\"inLanguage\":\"fr-CA\"},{\"@type\":\"Organization\",\"@id\":\"https:\/\/u-pol.com\/fr-ca\/#organization\",\"name\":\"U-POL\",\"url\":\"https:\/\/u-pol.com\/fr-ca\/\",\"logo\":{\"@type\":\"ImageObject\",\"inLanguage\":\"fr-CA\",\"@id\":\"https:\/\/u-pol.com\/fr-ca\/#\/schema\/logo\/image\/\",\"url\":\"https:\/\/u-pol.com\/wp-content\/uploads\/UPOL-sticky-bLogo.png\",\"contentUrl\":\"https:\/\/u-pol.com\/wp-content\/uploads\/UPOL-sticky-bLogo.png\",\"width\":125,\"height\":75,\"caption\":\"U-POL\"},\"image\":{\"@id\":\"https:\/\/u-pol.com\/fr-ca\/#\/schema\/logo\/image\/\"},\"sameAs\":[\"https:\/\/www.facebook.com\/U-POL-UK-409641822803819\/\",\"https:\/\/x.com\/UpolUK\"]}]}<\/script>","yoast_head_json":{"title":"Custom Can A\u00e9rosols - U-Pol","description":"Pre-gassed ready to be filled with 100ml paint. Compatible with most solvent and water based coatings.","robots":{"index":"index","follow":"follow","max-snippet":"max-snippet:-1","max-image-preview":"max-image-preview:large","max-video-preview":"max-video-preview:-1"},"canonical":"https:\/\/u-pol.com\/fr-ca\/product\/aerosols-fr-ca\/custom-can-aerosols\/","og_locale":"fr_CA","og_type":"article","og_title":"Custom Can A\u00e9rosols - U-Pol","og_description":"Pre-gassed ready to be filled with 100ml paint. Compatible with most solvent and water based coatings.","og_url":"https:\/\/u-pol.com\/fr-ca\/product\/aerosols-fr-ca\/custom-can-aerosols\/","og_site_name":"U-Pol","article_publisher":"https:\/\/www.facebook.com\/U-POL-UK-409641822803819\/","article_modified_time":"2023-03-29T10:59:13+00:00","og_image":[{"width":500,"height":500,"url":"https:\/\/u-pol.com\/wp-content\/uploads\/UP0811-UP0818-CustomCanAerosols.jpg","type":"image\/jpeg"}],"twitter_card":"summary_large_image","twitter_site":"@UpolUK","twitter_misc":{"Estimation du temps de lecture":"3 minutes"},"schema":{"@context":"https:\/\/schema.org","@graph":[{"@type":"WebPage","@id":"https:\/\/u-pol.com\/fr-ca\/product\/aerosols-fr-ca\/custom-can-aerosols\/","url":"https:\/\/u-pol.com\/fr-ca\/product\/aerosols-fr-ca\/custom-can-aerosols\/","name":"Custom Can A\u00e9rosols - U-Pol","isPartOf":{"@id":"https:\/\/u-pol.com\/fr-ca\/#website"},"primaryImageOfPage":{"@id":"https:\/\/u-pol.com\/fr-ca\/product\/aerosols-fr-ca\/custom-can-aerosols\/#primaryimage"},"image":{"@id":"https:\/\/u-pol.com\/fr-ca\/product\/aerosols-fr-ca\/custom-can-aerosols\/#primaryimage"},"thumbnailUrl":"https:\/\/u-pol.com\/wp-content\/uploads\/UP0811-UP0818-CustomCanAerosols.jpg","datePublished":"2022-04-15T11:23:33+00:00","dateModified":"2023-03-29T10:59:13+00:00","description":"Pre-gassed ready to be filled with 100ml paint. Compatible with most solvent and water based coatings.","breadcrumb":{"@id":"https:\/\/u-pol.com\/fr-ca\/product\/aerosols-fr-ca\/custom-can-aerosols\/#breadcrumb"},"inLanguage":"fr-CA","potentialAction":[{"@type":"ReadAction","target":["https:\/\/u-pol.com\/fr-ca\/product\/aerosols-fr-ca\/custom-can-aerosols\/"]}]},{"@type":"ImageObject","inLanguage":"fr-CA","@id":"https:\/\/u-pol.com\/fr-ca\/product\/aerosols-fr-ca\/custom-can-aerosols\/#primaryimage","url":"https:\/\/u-pol.com\/wp-content\/uploads\/UP0811-UP0818-CustomCanAerosols.jpg","contentUrl":"https:\/\/u-pol.com\/wp-content\/uploads\/UP0811-UP0818-CustomCanAerosols.jpg","width":500,"height":500,"caption":"Custom Can Aerosols"},{"@type":"BreadcrumbList","@id":"https:\/\/u-pol.com\/fr-ca\/product\/aerosols-fr-ca\/custom-can-aerosols\/#breadcrumb","itemListElement":[{"@type":"ListItem","position":1,"name":"Home","item":"https:\/\/u-pol.com\/fr-ca\/"},{"@type":"ListItem","position":2,"name":"Shop","item":"https:\/\/u-pol.com\/?page_id=235"},{"@type":"ListItem","position":3,"name":"Custom Can A\u00e9rosols"}]},{"@type":"WebSite","@id":"https:\/\/u-pol.com\/fr-ca\/#website","url":"https:\/\/u-pol.com\/fr-ca\/","name":"U-Pol","description":"","publisher":{"@id":"https:\/\/u-pol.com\/fr-ca\/#organization"},"potentialAction":[{"@type":"SearchAction","target":{"@type":"EntryPoint","urlTemplate":"https:\/\/u-pol.com\/fr-ca\/?s={search_term_string}"},"query-input":{"@type":"PropertyValueSpecification","valueRequired":true,"valueName":"search_term_string"}}],"inLanguage":"fr-CA"},{"@type":"Organization","@id":"https:\/\/u-pol.com\/fr-ca\/#organization","name":"U-POL","url":"https:\/\/u-pol.com\/fr-ca\/","logo":{"@type":"ImageObject","inLanguage":"fr-CA","@id":"https:\/\/u-pol.com\/fr-ca\/#\/schema\/logo\/image\/","url":"https:\/\/u-pol.com\/wp-content\/uploads\/UPOL-sticky-bLogo.png","contentUrl":"https:\/\/u-pol.com\/wp-content\/uploads\/UPOL-sticky-bLogo.png","width":125,"height":75,"caption":"U-POL"},"image":{"@id":"https:\/\/u-pol.com\/fr-ca\/#\/schema\/logo\/image\/"},"sameAs":["https:\/\/www.facebook.com\/U-POL-UK-409641822803819\/","https:\/\/x.com\/UpolUK"]}]}},"_links":{"self":[{"href":"https:\/\/u-pol.com\/fr-ca\/wp-json\/wp\/v2\/product\/76429","targetHints":{"allow":["GET"]}}],"collection":[{"href":"https:\/\/u-pol.com\/fr-ca\/wp-json\/wp\/v2\/product"}],"about":[{"href":"https:\/\/u-pol.com\/fr-ca\/wp-json\/wp\/v2\/types\/product"}],"wp:featuredmedia":[{"embeddable":true,"href":"https:\/\/u-pol.com\/fr-ca\/wp-json\/wp\/v2\/media\/76430"}],"wp:attachment":[{"href":"https:\/\/u-pol.com\/fr-ca\/wp-json\/wp\/v2\/media?parent=76429"}],"wp:term":[{"taxonomy":"product_brand","embeddable":true,"href":"https:\/\/u-pol.com\/fr-ca\/wp-json\/wp\/v2\/product_brand?post=76429"},{"taxonomy":"product_cat","embeddable":true,"href":"https:\/\/u-pol.com\/fr-ca\/wp-json\/wp\/v2\/product_cat?post=76429"},{"taxonomy":"product_tag","embeddable":true,"href":"https:\/\/u-pol.com\/fr-ca\/wp-json\/wp\/v2\/product_tag?post=76429"}],"curies":[{"name":"wp","href":"https:\/\/api.w.org\/{rel}","templated":true}]}}