{"id":76435,"date":"2022-04-14T13:50:27","date_gmt":"2022-04-14T13:50:27","guid":{"rendered":"https:\/\/u-pol.com\/product\/non%20class\u00e9\/raptor-1k-tough-undercoating-aerosol\/"},"modified":"2023-04-25T12:34:09","modified_gmt":"2023-04-25T12:34:09","slug":"raptor-1k-tough-undercoating-aerosol","status":"publish","type":"product","link":"https:\/\/u-pol.com\/fr-ca\/product\/revetement-de-protection-raptor\/raptor-1k-tough-undercoating-aerosol\/","title":{"rendered":"Protecteur Anti-Gravillons RAPTOR 1K"},"content":{"rendered":"<div class=\"fusion-fullwidth fullwidth-box fusion-builder-row-1 fusion-flex-container nonhundred-percent-fullwidth non-hundred-percent-height-scrolling\" style=\"--awb-border-radius-top-left:0px;--awb-border-radius-top-right:0px;--awb-border-radius-bottom-right:0px;--awb-border-radius-bottom-left:0px;--awb-margin-top:20px;--awb-flex-wrap:wrap;\" ><div class=\"fusion-builder-row fusion-row fusion-flex-align-items-flex-start fusion-flex-content-wrap\" style=\"max-width:1203.6px;margin-left: calc(-2% \/ 2 );margin-right: calc(-2% \/ 2 );\"><div class=\"fusion-layout-column fusion_builder_column fusion-builder-column-0 fusion_builder_column_1_1 1_1 fusion-flex-column\" style=\"--awb-bg-size:cover;--awb-width-large:100%;--awb-margin-top-large:0px;--awb-spacing-right-large:0.98%;--awb-margin-bottom-large:20px;--awb-spacing-left-large:0.98%;--awb-width-medium:100%;--awb-order-medium:0;--awb-spacing-right-medium:0.98%;--awb-spacing-left-medium:0.98%;--awb-width-small:100%;--awb-order-small:0;--awb-spacing-right-small:0.98%;--awb-spacing-left-small:0.98%;\"><div class=\"fusion-column-wrapper fusion-column-has-shadow fusion-flex-justify-content-flex-start fusion-content-layout-column\">\n<div class=\"table-1\">\n<table width=\"100%\">\n<thead>\n<tr>\n<th align=\"left\">Reference<\/th>\n<th align=\"left\">Format<\/th>\n<th align=\"left\">Couleur<\/th>\n<th align=\"left\">Par Carton<\/th>\n<th align=\"left\">Technical Data Sheet<\/th>\n<th align=\"left\">Safety Data Sheet<\/th>\n<\/tr>\n<\/thead>\n<tbody>\n<tr>\n<td align=\"left\">UP4876 | UP8410<\/td>\n<td align=\"left\">14.1 Oz. A\u00e9rosol<\/td>\n<td align=\"left\">Noir<\/td>\n<td align=\"left\">6<\/td>\n<td align=\"left\"><a href=\"https:\/\/u-pol.com\/en-us\/?attachment_id=6302\" target=\"_blank\" rel=\"noopener\">UP4876 | UP8410 TDS<\/a><\/td>\n<td align=\"left\"><a href=\"https:\/\/u-pol.com\/en-us\/?attachment_id=6305\" target=\"_blank\" rel=\"noopener\">UP4876 | UP8410 SDS<\/a><\/td>\n<\/tr>\n<\/tbody>\n<\/table>\n<\/div>\n<\/div><\/div><\/div><\/div>\n","protected":false},"excerpt":{"rendered":"<p>Le protecteur anti-gravillons RAPTOR est id\u00e9al pour prot\u00e9ger les dessous de v\u00e9hicules, panneaux de<br \/>\ncarrosserie et passages de roues contre les projections de gravillons, les dommages dus au sel, l\u2019humidit\u00e9<br \/>\net la rouille. Sa formulation 1K tr\u00e8s r\u00e9sistante donne une finition durable et r\u00e9sistante \u00e0 l\u2019abrasion qui agit<br \/>\ncomme une barri\u00e8re contre les dommages caus\u00e9s par les projections de gravillons et la corrosion. Il est<br \/>\nparfait pour couvrir les marques de soudure et joints et lorsqu\u2019il est utilis\u00e9 dans le compartiment moteur, il<br \/>\npeut aussi aider \u00e0 att\u00e9nuer le bruit. Le protecteur anti-gravillons RAPTOR a une excellente adh\u00e9rence et peut<br \/>\n\u00eatre appliqu\u00e9 directement sur le m\u00e9tal, l\u2019aluminium, la fibre de verre et les plastiques pr\u00e9par\u00e9s et s\u00e8che pour<br \/>\nformer une texture attrayante.<\/p>\n","protected":false},"featured_media":76436,"template":"","meta":[],"product_brand":[],"product_cat":[1702],"product_tag":[1758],"class_list":{"0":"post-76435","1":"product","2":"type-product","3":"status-publish","4":"has-post-thumbnail","6":"product_cat-revetement-de-protection-raptor","7":"product_tag-raptor-fr-ca","9":"first","10":"instock","11":"downloadable","12":"virtual","13":"product-type-simple"},"yoast_head":"<title>Protecteur Anti-Gravillons RAPTOR 1K - U-Pol<\/title>\n<meta name=\"description\" content=\"RAPTOR Tough Undercoating is ideal for protecting underbodies, rocker panels and wheel wells from stone chips, salt damage, moisture and rust.\" \/>\n<meta name=\"robots\" content=\"index, follow, max-snippet:-1, max-image-preview:large, max-video-preview:-1\" \/>\n<link rel=\"canonical\" href=\"https:\/\/u-pol.com\/fr-ca\/product\/revetement-de-protection-raptor\/raptor-1k-tough-undercoating-aerosol\/\" \/>\n<meta property=\"og:locale\" content=\"fr_CA\" \/>\n<meta property=\"og:type\" content=\"article\" \/>\n<meta property=\"og:title\" content=\"Protecteur Anti-Gravillons RAPTOR 1K - U-Pol\" \/>\n<meta property=\"og:description\" content=\"RAPTOR Tough Undercoating is ideal for protecting underbodies, rocker panels and wheel wells from stone chips, salt damage, moisture and rust.\" \/>\n<meta property=\"og:url\" content=\"https:\/\/u-pol.com\/fr-ca\/product\/revetement-de-protection-raptor\/raptor-1k-tough-undercoating-aerosol\/\" \/>\n<meta property=\"og:site_name\" content=\"U-Pol\" \/>\n<meta property=\"article:publisher\" content=\"https:\/\/www.facebook.com\/U-POL-UK-409641822803819\/\" \/>\n<meta property=\"article:modified_time\" content=\"2023-04-25T12:34:09+00:00\" \/>\n<meta property=\"og:image\" content=\"https:\/\/u-pol.com\/wp-content\/uploads\/UP4876-RAPTOR-1K-Tough-Undercoating-Aerosol.jpg\" \/>\n\t<meta property=\"og:image:width\" content=\"500\" \/>\n\t<meta property=\"og:image:height\" content=\"500\" \/>\n\t<meta property=\"og:image:type\" content=\"image\/jpeg\" \/>\n<meta name=\"twitter:card\" content=\"summary_large_image\" \/>\n<meta name=\"twitter:site\" content=\"@UpolUK\" \/>\n<script type=\"application\/ld+json\" class=\"yoast-schema-graph\">{\"@context\":\"https:\/\/schema.org\",\"@graph\":[{\"@type\":\"WebPage\",\"@id\":\"https:\/\/u-pol.com\/fr-ca\/product\/revetement-de-protection-raptor\/raptor-1k-tough-undercoating-aerosol\/\",\"url\":\"https:\/\/u-pol.com\/fr-ca\/product\/revetement-de-protection-raptor\/raptor-1k-tough-undercoating-aerosol\/\",\"name\":\"Protecteur Anti-Gravillons RAPTOR 1K - U-Pol\",\"isPartOf\":{\"@id\":\"https:\/\/u-pol.com\/fr-ca\/#website\"},\"primaryImageOfPage\":{\"@id\":\"https:\/\/u-pol.com\/fr-ca\/product\/revetement-de-protection-raptor\/raptor-1k-tough-undercoating-aerosol\/#primaryimage\"},\"image\":{\"@id\":\"https:\/\/u-pol.com\/fr-ca\/product\/revetement-de-protection-raptor\/raptor-1k-tough-undercoating-aerosol\/#primaryimage\"},\"thumbnailUrl\":\"https:\/\/u-pol.com\/wp-content\/uploads\/UP4876-RAPTOR-1K-Tough-Undercoating-Aerosol.jpg\",\"datePublished\":\"2022-04-14T13:50:27+00:00\",\"dateModified\":\"2023-04-25T12:34:09+00:00\",\"description\":\"RAPTOR Tough Undercoating is ideal for protecting underbodies, rocker panels and wheel wells from stone chips, salt damage, moisture and rust.\",\"breadcrumb\":{\"@id\":\"https:\/\/u-pol.com\/fr-ca\/product\/revetement-de-protection-raptor\/raptor-1k-tough-undercoating-aerosol\/#breadcrumb\"},\"inLanguage\":\"fr-CA\",\"potentialAction\":[{\"@type\":\"ReadAction\",\"target\":[\"https:\/\/u-pol.com\/fr-ca\/product\/revetement-de-protection-raptor\/raptor-1k-tough-undercoating-aerosol\/\"]}]},{\"@type\":\"ImageObject\",\"inLanguage\":\"fr-CA\",\"@id\":\"https:\/\/u-pol.com\/fr-ca\/product\/revetement-de-protection-raptor\/raptor-1k-tough-undercoating-aerosol\/#primaryimage\",\"url\":\"https:\/\/u-pol.com\/wp-content\/uploads\/UP4876-RAPTOR-1K-Tough-Undercoating-Aerosol.jpg\",\"contentUrl\":\"https:\/\/u-pol.com\/wp-content\/uploads\/UP4876-RAPTOR-1K-Tough-Undercoating-Aerosol.jpg\",\"width\":500,\"height\":500,\"caption\":\"UP4876 RAPTOR 1K Tough Undercoating Aerosol\"},{\"@type\":\"BreadcrumbList\",\"@id\":\"https:\/\/u-pol.com\/fr-ca\/product\/revetement-de-protection-raptor\/raptor-1k-tough-undercoating-aerosol\/#breadcrumb\",\"itemListElement\":[{\"@type\":\"ListItem\",\"position\":1,\"name\":\"Home\",\"item\":\"https:\/\/u-pol.com\/fr-ca\/\"},{\"@type\":\"ListItem\",\"position\":2,\"name\":\"Shop\",\"item\":\"https:\/\/u-pol.com\/?page_id=235\"},{\"@type\":\"ListItem\",\"position\":3,\"name\":\"Protecteur Anti-Gravillons RAPTOR 1K\"}]},{\"@type\":\"WebSite\",\"@id\":\"https:\/\/u-pol.com\/fr-ca\/#website\",\"url\":\"https:\/\/u-pol.com\/fr-ca\/\",\"name\":\"U-Pol\",\"description\":\"\",\"publisher\":{\"@id\":\"https:\/\/u-pol.com\/fr-ca\/#organization\"},\"potentialAction\":[{\"@type\":\"SearchAction\",\"target\":{\"@type\":\"EntryPoint\",\"urlTemplate\":\"https:\/\/u-pol.com\/fr-ca\/?s={search_term_string}\"},\"query-input\":{\"@type\":\"PropertyValueSpecification\",\"valueRequired\":true,\"valueName\":\"search_term_string\"}}],\"inLanguage\":\"fr-CA\"},{\"@type\":\"Organization\",\"@id\":\"https:\/\/u-pol.com\/fr-ca\/#organization\",\"name\":\"U-POL\",\"url\":\"https:\/\/u-pol.com\/fr-ca\/\",\"logo\":{\"@type\":\"ImageObject\",\"inLanguage\":\"fr-CA\",\"@id\":\"https:\/\/u-pol.com\/fr-ca\/#\/schema\/logo\/image\/\",\"url\":\"https:\/\/u-pol.com\/wp-content\/uploads\/UPOL-sticky-bLogo.png\",\"contentUrl\":\"https:\/\/u-pol.com\/wp-content\/uploads\/UPOL-sticky-bLogo.png\",\"width\":125,\"height\":75,\"caption\":\"U-POL\"},\"image\":{\"@id\":\"https:\/\/u-pol.com\/fr-ca\/#\/schema\/logo\/image\/\"},\"sameAs\":[\"https:\/\/www.facebook.com\/U-POL-UK-409641822803819\/\",\"https:\/\/x.com\/UpolUK\"]}]}<\/script>","yoast_head_json":{"title":"Protecteur Anti-Gravillons RAPTOR 1K - U-Pol","description":"RAPTOR Tough Undercoating is ideal for protecting underbodies, rocker panels and wheel wells from stone chips, salt damage, moisture and rust.","robots":{"index":"index","follow":"follow","max-snippet":"max-snippet:-1","max-image-preview":"max-image-preview:large","max-video-preview":"max-video-preview:-1"},"canonical":"https:\/\/u-pol.com\/fr-ca\/product\/revetement-de-protection-raptor\/raptor-1k-tough-undercoating-aerosol\/","og_locale":"fr_CA","og_type":"article","og_title":"Protecteur Anti-Gravillons RAPTOR 1K - U-Pol","og_description":"RAPTOR Tough Undercoating is ideal for protecting underbodies, rocker panels and wheel wells from stone chips, salt damage, moisture and rust.","og_url":"https:\/\/u-pol.com\/fr-ca\/product\/revetement-de-protection-raptor\/raptor-1k-tough-undercoating-aerosol\/","og_site_name":"U-Pol","article_publisher":"https:\/\/www.facebook.com\/U-POL-UK-409641822803819\/","article_modified_time":"2023-04-25T12:34:09+00:00","og_image":[{"width":500,"height":500,"url":"https:\/\/u-pol.com\/wp-content\/uploads\/UP4876-RAPTOR-1K-Tough-Undercoating-Aerosol.jpg","type":"image\/jpeg"}],"twitter_card":"summary_large_image","twitter_site":"@UpolUK","schema":{"@context":"https:\/\/schema.org","@graph":[{"@type":"WebPage","@id":"https:\/\/u-pol.com\/fr-ca\/product\/revetement-de-protection-raptor\/raptor-1k-tough-undercoating-aerosol\/","url":"https:\/\/u-pol.com\/fr-ca\/product\/revetement-de-protection-raptor\/raptor-1k-tough-undercoating-aerosol\/","name":"Protecteur Anti-Gravillons RAPTOR 1K - U-Pol","isPartOf":{"@id":"https:\/\/u-pol.com\/fr-ca\/#website"},"primaryImageOfPage":{"@id":"https:\/\/u-pol.com\/fr-ca\/product\/revetement-de-protection-raptor\/raptor-1k-tough-undercoating-aerosol\/#primaryimage"},"image":{"@id":"https:\/\/u-pol.com\/fr-ca\/product\/revetement-de-protection-raptor\/raptor-1k-tough-undercoating-aerosol\/#primaryimage"},"thumbnailUrl":"https:\/\/u-pol.com\/wp-content\/uploads\/UP4876-RAPTOR-1K-Tough-Undercoating-Aerosol.jpg","datePublished":"2022-04-14T13:50:27+00:00","dateModified":"2023-04-25T12:34:09+00:00","description":"RAPTOR Tough Undercoating is ideal for protecting underbodies, rocker panels and wheel wells from stone chips, salt damage, moisture and rust.","breadcrumb":{"@id":"https:\/\/u-pol.com\/fr-ca\/product\/revetement-de-protection-raptor\/raptor-1k-tough-undercoating-aerosol\/#breadcrumb"},"inLanguage":"fr-CA","potentialAction":[{"@type":"ReadAction","target":["https:\/\/u-pol.com\/fr-ca\/product\/revetement-de-protection-raptor\/raptor-1k-tough-undercoating-aerosol\/"]}]},{"@type":"ImageObject","inLanguage":"fr-CA","@id":"https:\/\/u-pol.com\/fr-ca\/product\/revetement-de-protection-raptor\/raptor-1k-tough-undercoating-aerosol\/#primaryimage","url":"https:\/\/u-pol.com\/wp-content\/uploads\/UP4876-RAPTOR-1K-Tough-Undercoating-Aerosol.jpg","contentUrl":"https:\/\/u-pol.com\/wp-content\/uploads\/UP4876-RAPTOR-1K-Tough-Undercoating-Aerosol.jpg","width":500,"height":500,"caption":"UP4876 RAPTOR 1K Tough Undercoating Aerosol"},{"@type":"BreadcrumbList","@id":"https:\/\/u-pol.com\/fr-ca\/product\/revetement-de-protection-raptor\/raptor-1k-tough-undercoating-aerosol\/#breadcrumb","itemListElement":[{"@type":"ListItem","position":1,"name":"Home","item":"https:\/\/u-pol.com\/fr-ca\/"},{"@type":"ListItem","position":2,"name":"Shop","item":"https:\/\/u-pol.com\/?page_id=235"},{"@type":"ListItem","position":3,"name":"Protecteur Anti-Gravillons RAPTOR 1K"}]},{"@type":"WebSite","@id":"https:\/\/u-pol.com\/fr-ca\/#website","url":"https:\/\/u-pol.com\/fr-ca\/","name":"U-Pol","description":"","publisher":{"@id":"https:\/\/u-pol.com\/fr-ca\/#organization"},"potentialAction":[{"@type":"SearchAction","target":{"@type":"EntryPoint","urlTemplate":"https:\/\/u-pol.com\/fr-ca\/?s={search_term_string}"},"query-input":{"@type":"PropertyValueSpecification","valueRequired":true,"valueName":"search_term_string"}}],"inLanguage":"fr-CA"},{"@type":"Organization","@id":"https:\/\/u-pol.com\/fr-ca\/#organization","name":"U-POL","url":"https:\/\/u-pol.com\/fr-ca\/","logo":{"@type":"ImageObject","inLanguage":"fr-CA","@id":"https:\/\/u-pol.com\/fr-ca\/#\/schema\/logo\/image\/","url":"https:\/\/u-pol.com\/wp-content\/uploads\/UPOL-sticky-bLogo.png","contentUrl":"https:\/\/u-pol.com\/wp-content\/uploads\/UPOL-sticky-bLogo.png","width":125,"height":75,"caption":"U-POL"},"image":{"@id":"https:\/\/u-pol.com\/fr-ca\/#\/schema\/logo\/image\/"},"sameAs":["https:\/\/www.facebook.com\/U-POL-UK-409641822803819\/","https:\/\/x.com\/UpolUK"]}]}},"_links":{"self":[{"href":"https:\/\/u-pol.com\/fr-ca\/wp-json\/wp\/v2\/product\/76435","targetHints":{"allow":["GET"]}}],"collection":[{"href":"https:\/\/u-pol.com\/fr-ca\/wp-json\/wp\/v2\/product"}],"about":[{"href":"https:\/\/u-pol.com\/fr-ca\/wp-json\/wp\/v2\/types\/product"}],"wp:featuredmedia":[{"embeddable":true,"href":"https:\/\/u-pol.com\/fr-ca\/wp-json\/wp\/v2\/media\/76436"}],"wp:attachment":[{"href":"https:\/\/u-pol.com\/fr-ca\/wp-json\/wp\/v2\/media?parent=76435"}],"wp:term":[{"taxonomy":"product_brand","embeddable":true,"href":"https:\/\/u-pol.com\/fr-ca\/wp-json\/wp\/v2\/product_brand?post=76435"},{"taxonomy":"product_cat","embeddable":true,"href":"https:\/\/u-pol.com\/fr-ca\/wp-json\/wp\/v2\/product_cat?post=76435"},{"taxonomy":"product_tag","embeddable":true,"href":"https:\/\/u-pol.com\/fr-ca\/wp-json\/wp\/v2\/product_tag?post=76435"}],"curies":[{"name":"wp","href":"https:\/\/api.w.org\/{rel}","templated":true}]}}