{"id":76443,"date":"2022-04-05T09:57:14","date_gmt":"2022-04-05T09:57:14","guid":{"rendered":"https:\/\/u-pol.com\/product\/non%20class\u00e9\/raptor-professional-vari-nozzle-application-gun\/"},"modified":"2023-04-25T12:34:18","modified_gmt":"2023-04-25T12:34:18","slug":"raptor-professional-vari-nozzle-application-gun","status":"publish","type":"product","link":"https:\/\/u-pol.com\/fr-ca\/product\/revetement-de-protection-raptor\/accessoires-fr-ca\/raptor-professional-vari-nozzle-application-gun\/","title":{"rendered":"Pistolet d&rsquo;application buse reglable Raptor\u00ae"},"content":{"rendered":"<div class=\"fusion-fullwidth fullwidth-box fusion-builder-row-1 fusion-flex-container nonhundred-percent-fullwidth non-hundred-percent-height-scrolling\" style=\"--awb-border-radius-top-left:0px;--awb-border-radius-top-right:0px;--awb-border-radius-bottom-right:0px;--awb-border-radius-bottom-left:0px;--awb-margin-top:20px;--awb-flex-wrap:wrap;\" ><div class=\"fusion-builder-row fusion-row fusion-flex-align-items-flex-start fusion-flex-content-wrap\" style=\"max-width:1203.6px;margin-left: calc(-2% \/ 2 );margin-right: calc(-2% \/ 2 );\"><div class=\"fusion-layout-column fusion_builder_column fusion-builder-column-0 fusion_builder_column_1_1 1_1 fusion-flex-column\" style=\"--awb-bg-size:cover;--awb-width-large:100%;--awb-margin-top-large:0px;--awb-spacing-right-large:0.98%;--awb-margin-bottom-large:20px;--awb-spacing-left-large:0.98%;--awb-width-medium:100%;--awb-order-medium:0;--awb-spacing-right-medium:0.98%;--awb-spacing-left-medium:0.98%;--awb-width-small:100%;--awb-order-small:0;--awb-spacing-right-small:0.98%;--awb-spacing-left-small:0.98%;\"><div class=\"fusion-column-wrapper fusion-column-has-shadow fusion-flex-justify-content-flex-start fusion-content-layout-column\"><div style=\"text-align:right;\"><a class=\"fusion-button button-flat fusion-button-default-size button-default fusion-button-default button-1 fusion-button-default-span fusion-button-default-type\" target=\"lightbox\" rel=\"iLightbox\" href=\"https:\/\/u-pol.com\/wp-content\/uploads\/RAPTOR-Vari-Gun-Application-Gun.mp4\"><span class=\"fusion-button-text awb-button__text awb-button__text--default\">Watch Video<\/span><\/a><\/div><\/div><\/div><div class=\"fusion-layout-column fusion_builder_column fusion-builder-column-1 fusion_builder_column_1_1 1_1 fusion-flex-column\" style=\"--awb-bg-size:cover;--awb-width-large:100%;--awb-margin-top-large:0px;--awb-spacing-right-large:0.98%;--awb-margin-bottom-large:20px;--awb-spacing-left-large:0.98%;--awb-width-medium:100%;--awb-order-medium:0;--awb-spacing-right-medium:0.98%;--awb-spacing-left-medium:0.98%;--awb-width-small:100%;--awb-order-small:0;--awb-spacing-right-small:0.98%;--awb-spacing-left-small:0.98%;\"><div class=\"fusion-column-wrapper fusion-column-has-shadow fusion-flex-justify-content-flex-start fusion-content-layout-column\">\n<div class=\"table-1\">\n<table width=\"100%\">\n<thead>\n<tr>\n<th align=\"left\">Reference<\/th>\n<th align=\"left\">Format<\/th>\n<th align=\"left\">Couleur<\/th>\n<th align=\"left\">Par Carton<\/th>\n<th align=\"left\">Technical Data Sheet<\/th>\n<th align=\"left\">Safety Data Sheet<\/th>\n<\/tr>\n<\/thead>\n<tbody>\n<tr>\n<td align=\"left\">UP4880<\/td>\n<td align=\"left\"><\/td>\n<td align=\"left\">Argent<\/td>\n<td align=\"left\">6<\/td>\n<td align=\"left\"><\/td>\n<td align=\"left\"><\/td>\n<\/tr>\n<\/tbody>\n<\/table>\n<\/div>\n<\/div><\/div><\/div><\/div>\n","protected":false},"excerpt":{"rendered":"<p>\u2022 Buse ajustable : flexibilit\u00e9 pour obtenir la finition et la texture souhait\u00e9es<br \/>\n\u2022 Verrouillage du r\u00e9glage : garantit l\u2019homog\u00e9n\u00e9it\u00e9 et permet de r\u00e9p\u00e9ter la m\u00eame application<br \/>\n\u2022 L\u00e9ger et facile \u00e0 utiliser<br \/>\n\u2022 Compatible avec les bouteilles RAPTOR et Gravitex U-POL<\/p>\n","protected":false},"featured_media":76444,"template":"","meta":[],"product_brand":[],"product_cat":[1703,1702],"product_tag":[1758],"class_list":{"0":"post-76443","1":"product","2":"type-product","3":"status-publish","4":"has-post-thumbnail","6":"product_cat-accessoires-fr-ca","7":"product_cat-revetement-de-protection-raptor","8":"product_tag-raptor-fr-ca","10":"first","11":"instock","12":"downloadable","13":"virtual","14":"sold-individually","15":"product-type-simple"},"yoast_head":"<title>Pistolet d&#039;application buse reglable Raptor\u00ae - U-Pol<\/title>\n<meta name=\"description\" content=\"Delivers a professional, consistent finish, allowing for wide texture range and better application control.\" \/>\n<meta name=\"robots\" content=\"index, follow, max-snippet:-1, max-image-preview:large, max-video-preview:-1\" \/>\n<link rel=\"canonical\" href=\"https:\/\/u-pol.com\/fr-ca\/product\/revetement-de-protection-raptor\/accessoires-fr-ca\/raptor-professional-vari-nozzle-application-gun\/\" \/>\n<meta property=\"og:locale\" content=\"fr_CA\" \/>\n<meta property=\"og:type\" content=\"article\" \/>\n<meta property=\"og:title\" content=\"Pistolet d&#039;application buse reglable Raptor\u00ae - U-Pol\" \/>\n<meta property=\"og:description\" content=\"Delivers a professional, consistent finish, allowing for wide texture range and better application control.\" \/>\n<meta property=\"og:url\" content=\"https:\/\/u-pol.com\/fr-ca\/product\/revetement-de-protection-raptor\/accessoires-fr-ca\/raptor-professional-vari-nozzle-application-gun\/\" \/>\n<meta property=\"og:site_name\" content=\"U-Pol\" \/>\n<meta property=\"article:publisher\" content=\"https:\/\/www.facebook.com\/U-POL-UK-409641822803819\/\" \/>\n<meta property=\"article:modified_time\" content=\"2023-04-25T12:34:18+00:00\" \/>\n<meta property=\"og:image\" content=\"https:\/\/u-pol.com\/wp-content\/uploads\/GUN-Raptor-Professional-Vari-Nozzle-Application-Gun-1.jpg\" \/>\n\t<meta property=\"og:image:width\" content=\"500\" \/>\n\t<meta property=\"og:image:height\" content=\"500\" \/>\n\t<meta property=\"og:image:type\" content=\"image\/jpeg\" \/>\n<meta name=\"twitter:card\" content=\"summary_large_image\" \/>\n<meta name=\"twitter:site\" content=\"@UpolUK\" \/>\n<meta name=\"twitter:label1\" content=\"Estimation du temps de lecture\" \/>\n\t<meta name=\"twitter:data1\" content=\"5 minutes\" \/>\n<script type=\"application\/ld+json\" class=\"yoast-schema-graph\">{\"@context\":\"https:\/\/schema.org\",\"@graph\":[{\"@type\":\"WebPage\",\"@id\":\"https:\/\/u-pol.com\/fr-ca\/product\/revetement-de-protection-raptor\/accessoires-fr-ca\/raptor-professional-vari-nozzle-application-gun\/\",\"url\":\"https:\/\/u-pol.com\/fr-ca\/product\/revetement-de-protection-raptor\/accessoires-fr-ca\/raptor-professional-vari-nozzle-application-gun\/\",\"name\":\"Pistolet d'application buse reglable Raptor\u00ae - U-Pol\",\"isPartOf\":{\"@id\":\"https:\/\/u-pol.com\/fr-ca\/#website\"},\"primaryImageOfPage\":{\"@id\":\"https:\/\/u-pol.com\/fr-ca\/product\/revetement-de-protection-raptor\/accessoires-fr-ca\/raptor-professional-vari-nozzle-application-gun\/#primaryimage\"},\"image\":{\"@id\":\"https:\/\/u-pol.com\/fr-ca\/product\/revetement-de-protection-raptor\/accessoires-fr-ca\/raptor-professional-vari-nozzle-application-gun\/#primaryimage\"},\"thumbnailUrl\":\"https:\/\/u-pol.com\/wp-content\/uploads\/GUN-Raptor-Professional-Vari-Nozzle-Application-Gun-1.jpg\",\"datePublished\":\"2022-04-05T09:57:14+00:00\",\"dateModified\":\"2023-04-25T12:34:18+00:00\",\"description\":\"Delivers a professional, consistent finish, allowing for wide texture range and better application control.\",\"breadcrumb\":{\"@id\":\"https:\/\/u-pol.com\/fr-ca\/product\/revetement-de-protection-raptor\/accessoires-fr-ca\/raptor-professional-vari-nozzle-application-gun\/#breadcrumb\"},\"inLanguage\":\"fr-CA\",\"potentialAction\":[{\"@type\":\"ReadAction\",\"target\":[\"https:\/\/u-pol.com\/fr-ca\/product\/revetement-de-protection-raptor\/accessoires-fr-ca\/raptor-professional-vari-nozzle-application-gun\/\"]}]},{\"@type\":\"ImageObject\",\"inLanguage\":\"fr-CA\",\"@id\":\"https:\/\/u-pol.com\/fr-ca\/product\/revetement-de-protection-raptor\/accessoires-fr-ca\/raptor-professional-vari-nozzle-application-gun\/#primaryimage\",\"url\":\"https:\/\/u-pol.com\/wp-content\/uploads\/GUN-Raptor-Professional-Vari-Nozzle-Application-Gun-1.jpg\",\"contentUrl\":\"https:\/\/u-pol.com\/wp-content\/uploads\/GUN-Raptor-Professional-Vari-Nozzle-Application-Gun-1.jpg\",\"width\":500,\"height\":500,\"caption\":\"RAPTOR Professional Vari-Nozzle Application Gun\"},{\"@type\":\"BreadcrumbList\",\"@id\":\"https:\/\/u-pol.com\/fr-ca\/product\/revetement-de-protection-raptor\/accessoires-fr-ca\/raptor-professional-vari-nozzle-application-gun\/#breadcrumb\",\"itemListElement\":[{\"@type\":\"ListItem\",\"position\":1,\"name\":\"Home\",\"item\":\"https:\/\/u-pol.com\/fr-ca\/\"},{\"@type\":\"ListItem\",\"position\":2,\"name\":\"Shop\",\"item\":\"https:\/\/u-pol.com\/?page_id=235\"},{\"@type\":\"ListItem\",\"position\":3,\"name\":\"Pistolet d&rsquo;application buse reglable Raptor\u00ae\"}]},{\"@type\":\"WebSite\",\"@id\":\"https:\/\/u-pol.com\/fr-ca\/#website\",\"url\":\"https:\/\/u-pol.com\/fr-ca\/\",\"name\":\"U-Pol\",\"description\":\"\",\"publisher\":{\"@id\":\"https:\/\/u-pol.com\/fr-ca\/#organization\"},\"potentialAction\":[{\"@type\":\"SearchAction\",\"target\":{\"@type\":\"EntryPoint\",\"urlTemplate\":\"https:\/\/u-pol.com\/fr-ca\/?s={search_term_string}\"},\"query-input\":{\"@type\":\"PropertyValueSpecification\",\"valueRequired\":true,\"valueName\":\"search_term_string\"}}],\"inLanguage\":\"fr-CA\"},{\"@type\":\"Organization\",\"@id\":\"https:\/\/u-pol.com\/fr-ca\/#organization\",\"name\":\"U-POL\",\"url\":\"https:\/\/u-pol.com\/fr-ca\/\",\"logo\":{\"@type\":\"ImageObject\",\"inLanguage\":\"fr-CA\",\"@id\":\"https:\/\/u-pol.com\/fr-ca\/#\/schema\/logo\/image\/\",\"url\":\"https:\/\/u-pol.com\/wp-content\/uploads\/UPOL-sticky-bLogo.png\",\"contentUrl\":\"https:\/\/u-pol.com\/wp-content\/uploads\/UPOL-sticky-bLogo.png\",\"width\":125,\"height\":75,\"caption\":\"U-POL\"},\"image\":{\"@id\":\"https:\/\/u-pol.com\/fr-ca\/#\/schema\/logo\/image\/\"},\"sameAs\":[\"https:\/\/www.facebook.com\/U-POL-UK-409641822803819\/\",\"https:\/\/x.com\/UpolUK\"]}]}<\/script>","yoast_head_json":{"title":"Pistolet d'application buse reglable Raptor\u00ae - U-Pol","description":"Delivers a professional, consistent finish, allowing for wide texture range and better application control.","robots":{"index":"index","follow":"follow","max-snippet":"max-snippet:-1","max-image-preview":"max-image-preview:large","max-video-preview":"max-video-preview:-1"},"canonical":"https:\/\/u-pol.com\/fr-ca\/product\/revetement-de-protection-raptor\/accessoires-fr-ca\/raptor-professional-vari-nozzle-application-gun\/","og_locale":"fr_CA","og_type":"article","og_title":"Pistolet d'application buse reglable Raptor\u00ae - U-Pol","og_description":"Delivers a professional, consistent finish, allowing for wide texture range and better application control.","og_url":"https:\/\/u-pol.com\/fr-ca\/product\/revetement-de-protection-raptor\/accessoires-fr-ca\/raptor-professional-vari-nozzle-application-gun\/","og_site_name":"U-Pol","article_publisher":"https:\/\/www.facebook.com\/U-POL-UK-409641822803819\/","article_modified_time":"2023-04-25T12:34:18+00:00","og_image":[{"width":500,"height":500,"url":"https:\/\/u-pol.com\/wp-content\/uploads\/GUN-Raptor-Professional-Vari-Nozzle-Application-Gun-1.jpg","type":"image\/jpeg"}],"twitter_card":"summary_large_image","twitter_site":"@UpolUK","twitter_misc":{"Estimation du temps de lecture":"5 minutes"},"schema":{"@context":"https:\/\/schema.org","@graph":[{"@type":"WebPage","@id":"https:\/\/u-pol.com\/fr-ca\/product\/revetement-de-protection-raptor\/accessoires-fr-ca\/raptor-professional-vari-nozzle-application-gun\/","url":"https:\/\/u-pol.com\/fr-ca\/product\/revetement-de-protection-raptor\/accessoires-fr-ca\/raptor-professional-vari-nozzle-application-gun\/","name":"Pistolet d'application buse reglable Raptor\u00ae - U-Pol","isPartOf":{"@id":"https:\/\/u-pol.com\/fr-ca\/#website"},"primaryImageOfPage":{"@id":"https:\/\/u-pol.com\/fr-ca\/product\/revetement-de-protection-raptor\/accessoires-fr-ca\/raptor-professional-vari-nozzle-application-gun\/#primaryimage"},"image":{"@id":"https:\/\/u-pol.com\/fr-ca\/product\/revetement-de-protection-raptor\/accessoires-fr-ca\/raptor-professional-vari-nozzle-application-gun\/#primaryimage"},"thumbnailUrl":"https:\/\/u-pol.com\/wp-content\/uploads\/GUN-Raptor-Professional-Vari-Nozzle-Application-Gun-1.jpg","datePublished":"2022-04-05T09:57:14+00:00","dateModified":"2023-04-25T12:34:18+00:00","description":"Delivers a professional, consistent finish, allowing for wide texture range and better application control.","breadcrumb":{"@id":"https:\/\/u-pol.com\/fr-ca\/product\/revetement-de-protection-raptor\/accessoires-fr-ca\/raptor-professional-vari-nozzle-application-gun\/#breadcrumb"},"inLanguage":"fr-CA","potentialAction":[{"@type":"ReadAction","target":["https:\/\/u-pol.com\/fr-ca\/product\/revetement-de-protection-raptor\/accessoires-fr-ca\/raptor-professional-vari-nozzle-application-gun\/"]}]},{"@type":"ImageObject","inLanguage":"fr-CA","@id":"https:\/\/u-pol.com\/fr-ca\/product\/revetement-de-protection-raptor\/accessoires-fr-ca\/raptor-professional-vari-nozzle-application-gun\/#primaryimage","url":"https:\/\/u-pol.com\/wp-content\/uploads\/GUN-Raptor-Professional-Vari-Nozzle-Application-Gun-1.jpg","contentUrl":"https:\/\/u-pol.com\/wp-content\/uploads\/GUN-Raptor-Professional-Vari-Nozzle-Application-Gun-1.jpg","width":500,"height":500,"caption":"RAPTOR Professional Vari-Nozzle Application Gun"},{"@type":"BreadcrumbList","@id":"https:\/\/u-pol.com\/fr-ca\/product\/revetement-de-protection-raptor\/accessoires-fr-ca\/raptor-professional-vari-nozzle-application-gun\/#breadcrumb","itemListElement":[{"@type":"ListItem","position":1,"name":"Home","item":"https:\/\/u-pol.com\/fr-ca\/"},{"@type":"ListItem","position":2,"name":"Shop","item":"https:\/\/u-pol.com\/?page_id=235"},{"@type":"ListItem","position":3,"name":"Pistolet d&rsquo;application buse reglable Raptor\u00ae"}]},{"@type":"WebSite","@id":"https:\/\/u-pol.com\/fr-ca\/#website","url":"https:\/\/u-pol.com\/fr-ca\/","name":"U-Pol","description":"","publisher":{"@id":"https:\/\/u-pol.com\/fr-ca\/#organization"},"potentialAction":[{"@type":"SearchAction","target":{"@type":"EntryPoint","urlTemplate":"https:\/\/u-pol.com\/fr-ca\/?s={search_term_string}"},"query-input":{"@type":"PropertyValueSpecification","valueRequired":true,"valueName":"search_term_string"}}],"inLanguage":"fr-CA"},{"@type":"Organization","@id":"https:\/\/u-pol.com\/fr-ca\/#organization","name":"U-POL","url":"https:\/\/u-pol.com\/fr-ca\/","logo":{"@type":"ImageObject","inLanguage":"fr-CA","@id":"https:\/\/u-pol.com\/fr-ca\/#\/schema\/logo\/image\/","url":"https:\/\/u-pol.com\/wp-content\/uploads\/UPOL-sticky-bLogo.png","contentUrl":"https:\/\/u-pol.com\/wp-content\/uploads\/UPOL-sticky-bLogo.png","width":125,"height":75,"caption":"U-POL"},"image":{"@id":"https:\/\/u-pol.com\/fr-ca\/#\/schema\/logo\/image\/"},"sameAs":["https:\/\/www.facebook.com\/U-POL-UK-409641822803819\/","https:\/\/x.com\/UpolUK"]}]}},"_links":{"self":[{"href":"https:\/\/u-pol.com\/fr-ca\/wp-json\/wp\/v2\/product\/76443","targetHints":{"allow":["GET"]}}],"collection":[{"href":"https:\/\/u-pol.com\/fr-ca\/wp-json\/wp\/v2\/product"}],"about":[{"href":"https:\/\/u-pol.com\/fr-ca\/wp-json\/wp\/v2\/types\/product"}],"wp:featuredmedia":[{"embeddable":true,"href":"https:\/\/u-pol.com\/fr-ca\/wp-json\/wp\/v2\/media\/76444"}],"wp:attachment":[{"href":"https:\/\/u-pol.com\/fr-ca\/wp-json\/wp\/v2\/media?parent=76443"}],"wp:term":[{"taxonomy":"product_brand","embeddable":true,"href":"https:\/\/u-pol.com\/fr-ca\/wp-json\/wp\/v2\/product_brand?post=76443"},{"taxonomy":"product_cat","embeddable":true,"href":"https:\/\/u-pol.com\/fr-ca\/wp-json\/wp\/v2\/product_cat?post=76443"},{"taxonomy":"product_tag","embeddable":true,"href":"https:\/\/u-pol.com\/fr-ca\/wp-json\/wp\/v2\/product_tag?post=76443"}],"curies":[{"name":"wp","href":"https:\/\/api.w.org\/{rel}","templated":true}]}}