{"id":76461,"date":"2022-04-05T09:46:29","date_gmt":"2022-04-05T09:46:29","guid":{"rendered":"https:\/\/u-pol.com\/product\/non%20class\u00e9\/raptor-hardener-liner\/"},"modified":"2023-03-30T14:15:53","modified_gmt":"2023-03-30T14:15:53","slug":"raptor-hardener-liner","status":"publish","type":"product","link":"https:\/\/u-pol.com\/fr-ca\/product\/revetement-de-protection-raptor\/revetement-raptor-fr-ca\/raptor-hardener-liner\/","title":{"rendered":"Bidons 5L Rev\u00eatement de Protection"},"content":{"rendered":"<div class=\"fusion-fullwidth fullwidth-box fusion-builder-row-1 fusion-flex-container nonhundred-percent-fullwidth non-hundred-percent-height-scrolling\" style=\"--awb-border-radius-top-left:0px;--awb-border-radius-top-right:0px;--awb-border-radius-bottom-right:0px;--awb-border-radius-bottom-left:0px;--awb-margin-top:20px;--awb-flex-wrap:wrap;\" ><div class=\"fusion-builder-row fusion-row fusion-flex-align-items-flex-start fusion-flex-content-wrap\" style=\"max-width:1203.6px;margin-left: calc(-2% \/ 2 );margin-right: calc(-2% \/ 2 );\"><div class=\"fusion-layout-column fusion_builder_column fusion-builder-column-0 fusion_builder_column_1_1 1_1 fusion-flex-column\" style=\"--awb-bg-size:cover;--awb-width-large:100%;--awb-margin-top-large:0px;--awb-spacing-right-large:0.98%;--awb-margin-bottom-large:20px;--awb-spacing-left-large:0.98%;--awb-width-medium:100%;--awb-order-medium:0;--awb-spacing-right-medium:0.98%;--awb-spacing-left-medium:0.98%;--awb-width-small:100%;--awb-order-small:0;--awb-spacing-right-small:0.98%;--awb-spacing-left-small:0.98%;\"><div class=\"fusion-column-wrapper fusion-column-has-shadow fusion-flex-justify-content-flex-start fusion-content-layout-column\">\n<div class=\"table-1\">\n<table width=\"100%\">\n<thead>\n<tr>\n<th align=\"left\">Reference<\/th>\n<th align=\"left\">Format<\/th>\n<th align=\"left\">Couleur<\/th>\n<th align=\"left\">Par Carton<\/th>\n<th align=\"left\">Technical Data Sheet<\/th>\n<th align=\"left\">Safety Data Sheet<\/th>\n<\/tr>\n<\/thead>\n<tbody>\n<tr>\n<td align=\"left\">UP4850<\/td>\n<td align=\"left\">Bidon 5L<\/td>\n<td align=\"left\">Noit<\/td>\n<td align=\"left\">2<\/td>\n<td align=\"left\"><a href=\"https:\/\/u-pol.com\/video\/up4850-tds\/up4850-tds\/\" target=\"_blank\" rel=\"noopener\">UP4850 TDS<\/a><\/td>\n<td align=\"left\"><a href=\"https:\/\/u-pol.com\/wp-content\/uploads\/RLB50S-R-CA-SDS-FR.pdf\">UP4850 SDS<\/a><\/td>\n<\/tr>\n<tr>\n<td align=\"left\">UP4851<\/td>\n<td align=\"left\">Bidon 5L<\/td>\n<td align=\"left\">Teintable<\/td>\n<td align=\"left\">2<\/td>\n<td align=\"left\"><a href=\"https:\/\/u-pol.com\/video\/up4851-tds\/up4851-tds\/\" target=\"_blank\" rel=\"noopener\">UP4851 TDS<\/a><\/td>\n<td align=\"left\"><a href=\"https:\/\/u-pol.com\/wp-content\/uploads\/RLT50S-R-CA-SDS-FR.pdf\">UP4851 SDS<\/a><\/td>\n<\/tr>\n<tr>\n<td align=\"left\">UP4824<\/td>\n<td align=\"left\">Bidon 5L<\/td>\n<td align=\"left\">Durcisseur<\/td>\n<td align=\"left\">2<\/td>\n<td align=\"left\"><a href=\"https:\/\/u-pol.com\/video\/up4824-tds\/up4824-tds\/\" target=\"_blank\" rel=\"noopener\">UP4824 TDS<\/a><\/td>\n<td align=\"left\"><a href=\"https:\/\/u-pol.com\/wp-content\/uploads\/RLH50S-R-CA-SDS-FR.pdf\">UP4824 SDS<\/a><\/td>\n<\/tr>\n<tr>\n<td align=\"left\"><\/td>\n<td align=\"left\"><\/td>\n<td align=\"left\"><\/td>\n<td align=\"left\"><\/td>\n<td align=\"left\"><\/td>\n<td align=\"left\"><\/td>\n<\/tr>\n<\/tbody>\n<\/table>\n<\/div>\n<\/div><\/div><\/div><\/div>\n","protected":false},"excerpt":{"rendered":"<p>Parfaits pour les grandes surfaces, notamment pour les remorques, sols, \u00e9quipements lourds et rev\u00eatements complets. \u00c0 utiliser avec le durcisseur RAPTOR (r\u00e9f\u00e9rence RLH\/5).<br \/>\n\u2022 20L couvrent environ 60m\u00b2 (15L de RAPTOR pour 5L de durcisseur)<br \/>\n\u2022 Peut \u00eatre appliqu\u00e9 au pinceau, au rouleau ou avec un pistolet (pneumatique ou conventionnel HVLP)<\/p>\n","protected":false},"featured_media":76463,"template":"","meta":[],"product_brand":[],"product_cat":[1702,1704],"product_tag":[],"class_list":{"0":"post-76461","1":"product","2":"type-product","3":"status-publish","4":"has-post-thumbnail","6":"product_cat-revetement-de-protection-raptor","7":"product_cat-revetement-raptor-fr-ca","9":"first","10":"instock","11":"downloadable","12":"virtual","13":"sold-individually","14":"product-type-simple"},"yoast_head":"<title>Bidons 5L Rev\u00eatement de Protection - U-Pol<\/title>\n<meta name=\"description\" content=\"The 5 Liter RAPTOR tins are ideal for large areas such as trailers, floors, heavy equipment and full over sprays.\" \/>\n<meta name=\"robots\" content=\"index, follow, max-snippet:-1, max-image-preview:large, max-video-preview:-1\" \/>\n<link rel=\"canonical\" href=\"https:\/\/u-pol.com\/fr-ca\/product\/revetement-de-protection-raptor\/revetement-raptor-fr-ca\/raptor-hardener-liner\/\" \/>\n<meta property=\"og:locale\" content=\"fr_CA\" \/>\n<meta property=\"og:type\" content=\"article\" \/>\n<meta property=\"og:title\" content=\"Bidons 5L Rev\u00eatement de Protection - U-Pol\" \/>\n<meta property=\"og:description\" content=\"The 5 Liter RAPTOR tins are ideal for large areas such as trailers, floors, heavy equipment and full over sprays.\" \/>\n<meta property=\"og:url\" content=\"https:\/\/u-pol.com\/fr-ca\/product\/revetement-de-protection-raptor\/revetement-raptor-fr-ca\/raptor-hardener-liner\/\" \/>\n<meta property=\"og:site_name\" content=\"U-Pol\" \/>\n<meta property=\"article:publisher\" content=\"https:\/\/www.facebook.com\/U-POL-UK-409641822803819\/\" \/>\n<meta property=\"article:modified_time\" content=\"2023-03-30T14:15:53+00:00\" \/>\n<meta property=\"og:image\" content=\"https:\/\/u-pol.com\/wp-content\/uploads\/RLB-5-Litre-Raptor-Tough-Protective-Coating.jpg\" \/>\n\t<meta property=\"og:image:width\" content=\"500\" \/>\n\t<meta property=\"og:image:height\" content=\"500\" \/>\n\t<meta property=\"og:image:type\" content=\"image\/jpeg\" \/>\n<meta name=\"twitter:card\" content=\"summary_large_image\" \/>\n<meta name=\"twitter:site\" content=\"@UpolUK\" \/>\n<meta name=\"twitter:label1\" content=\"Estimation du temps de lecture\" \/>\n\t<meta name=\"twitter:data1\" content=\"3 minutes\" \/>\n<script type=\"application\/ld+json\" class=\"yoast-schema-graph\">{\"@context\":\"https:\/\/schema.org\",\"@graph\":[{\"@type\":\"WebPage\",\"@id\":\"https:\/\/u-pol.com\/fr-ca\/product\/revetement-de-protection-raptor\/revetement-raptor-fr-ca\/raptor-hardener-liner\/\",\"url\":\"https:\/\/u-pol.com\/fr-ca\/product\/revetement-de-protection-raptor\/revetement-raptor-fr-ca\/raptor-hardener-liner\/\",\"name\":\"Bidons 5L Rev\u00eatement de Protection - U-Pol\",\"isPartOf\":{\"@id\":\"https:\/\/u-pol.com\/fr-ca\/#website\"},\"primaryImageOfPage\":{\"@id\":\"https:\/\/u-pol.com\/fr-ca\/product\/revetement-de-protection-raptor\/revetement-raptor-fr-ca\/raptor-hardener-liner\/#primaryimage\"},\"image\":{\"@id\":\"https:\/\/u-pol.com\/fr-ca\/product\/revetement-de-protection-raptor\/revetement-raptor-fr-ca\/raptor-hardener-liner\/#primaryimage\"},\"thumbnailUrl\":\"https:\/\/u-pol.com\/wp-content\/uploads\/RLB-5-Litre-Raptor-Tough-Protective-Coating.jpg\",\"datePublished\":\"2022-04-05T09:46:29+00:00\",\"dateModified\":\"2023-03-30T14:15:53+00:00\",\"description\":\"The 5 Liter RAPTOR tins are ideal for large areas such as trailers, floors, heavy equipment and full over sprays.\",\"breadcrumb\":{\"@id\":\"https:\/\/u-pol.com\/fr-ca\/product\/revetement-de-protection-raptor\/revetement-raptor-fr-ca\/raptor-hardener-liner\/#breadcrumb\"},\"inLanguage\":\"fr-CA\",\"potentialAction\":[{\"@type\":\"ReadAction\",\"target\":[\"https:\/\/u-pol.com\/fr-ca\/product\/revetement-de-protection-raptor\/revetement-raptor-fr-ca\/raptor-hardener-liner\/\"]}]},{\"@type\":\"ImageObject\",\"inLanguage\":\"fr-CA\",\"@id\":\"https:\/\/u-pol.com\/fr-ca\/product\/revetement-de-protection-raptor\/revetement-raptor-fr-ca\/raptor-hardener-liner\/#primaryimage\",\"url\":\"https:\/\/u-pol.com\/wp-content\/uploads\/RLB-5-Litre-Raptor-Tough-Protective-Coating.jpg\",\"contentUrl\":\"https:\/\/u-pol.com\/wp-content\/uploads\/RLB-5-Litre-Raptor-Tough-Protective-Coating.jpg\",\"width\":500,\"height\":500,\"caption\":\"5 LITRE RAPTOR - Tough Protective Coating\"},{\"@type\":\"BreadcrumbList\",\"@id\":\"https:\/\/u-pol.com\/fr-ca\/product\/revetement-de-protection-raptor\/revetement-raptor-fr-ca\/raptor-hardener-liner\/#breadcrumb\",\"itemListElement\":[{\"@type\":\"ListItem\",\"position\":1,\"name\":\"Home\",\"item\":\"https:\/\/u-pol.com\/fr-ca\/\"},{\"@type\":\"ListItem\",\"position\":2,\"name\":\"Shop\",\"item\":\"https:\/\/u-pol.com\/?page_id=235\"},{\"@type\":\"ListItem\",\"position\":3,\"name\":\"Bidons 5L Rev\u00eatement de Protection\"}]},{\"@type\":\"WebSite\",\"@id\":\"https:\/\/u-pol.com\/fr-ca\/#website\",\"url\":\"https:\/\/u-pol.com\/fr-ca\/\",\"name\":\"U-Pol\",\"description\":\"\",\"publisher\":{\"@id\":\"https:\/\/u-pol.com\/fr-ca\/#organization\"},\"potentialAction\":[{\"@type\":\"SearchAction\",\"target\":{\"@type\":\"EntryPoint\",\"urlTemplate\":\"https:\/\/u-pol.com\/fr-ca\/?s={search_term_string}\"},\"query-input\":{\"@type\":\"PropertyValueSpecification\",\"valueRequired\":true,\"valueName\":\"search_term_string\"}}],\"inLanguage\":\"fr-CA\"},{\"@type\":\"Organization\",\"@id\":\"https:\/\/u-pol.com\/fr-ca\/#organization\",\"name\":\"U-POL\",\"url\":\"https:\/\/u-pol.com\/fr-ca\/\",\"logo\":{\"@type\":\"ImageObject\",\"inLanguage\":\"fr-CA\",\"@id\":\"https:\/\/u-pol.com\/fr-ca\/#\/schema\/logo\/image\/\",\"url\":\"https:\/\/u-pol.com\/wp-content\/uploads\/UPOL-sticky-bLogo.png\",\"contentUrl\":\"https:\/\/u-pol.com\/wp-content\/uploads\/UPOL-sticky-bLogo.png\",\"width\":125,\"height\":75,\"caption\":\"U-POL\"},\"image\":{\"@id\":\"https:\/\/u-pol.com\/fr-ca\/#\/schema\/logo\/image\/\"},\"sameAs\":[\"https:\/\/www.facebook.com\/U-POL-UK-409641822803819\/\",\"https:\/\/x.com\/UpolUK\"]}]}<\/script>","yoast_head_json":{"title":"Bidons 5L Rev\u00eatement de Protection - U-Pol","description":"The 5 Liter RAPTOR tins are ideal for large areas such as trailers, floors, heavy equipment and full over sprays.","robots":{"index":"index","follow":"follow","max-snippet":"max-snippet:-1","max-image-preview":"max-image-preview:large","max-video-preview":"max-video-preview:-1"},"canonical":"https:\/\/u-pol.com\/fr-ca\/product\/revetement-de-protection-raptor\/revetement-raptor-fr-ca\/raptor-hardener-liner\/","og_locale":"fr_CA","og_type":"article","og_title":"Bidons 5L Rev\u00eatement de Protection - U-Pol","og_description":"The 5 Liter RAPTOR tins are ideal for large areas such as trailers, floors, heavy equipment and full over sprays.","og_url":"https:\/\/u-pol.com\/fr-ca\/product\/revetement-de-protection-raptor\/revetement-raptor-fr-ca\/raptor-hardener-liner\/","og_site_name":"U-Pol","article_publisher":"https:\/\/www.facebook.com\/U-POL-UK-409641822803819\/","article_modified_time":"2023-03-30T14:15:53+00:00","og_image":[{"width":500,"height":500,"url":"https:\/\/u-pol.com\/wp-content\/uploads\/RLB-5-Litre-Raptor-Tough-Protective-Coating.jpg","type":"image\/jpeg"}],"twitter_card":"summary_large_image","twitter_site":"@UpolUK","twitter_misc":{"Estimation du temps de lecture":"3 minutes"},"schema":{"@context":"https:\/\/schema.org","@graph":[{"@type":"WebPage","@id":"https:\/\/u-pol.com\/fr-ca\/product\/revetement-de-protection-raptor\/revetement-raptor-fr-ca\/raptor-hardener-liner\/","url":"https:\/\/u-pol.com\/fr-ca\/product\/revetement-de-protection-raptor\/revetement-raptor-fr-ca\/raptor-hardener-liner\/","name":"Bidons 5L Rev\u00eatement de Protection - U-Pol","isPartOf":{"@id":"https:\/\/u-pol.com\/fr-ca\/#website"},"primaryImageOfPage":{"@id":"https:\/\/u-pol.com\/fr-ca\/product\/revetement-de-protection-raptor\/revetement-raptor-fr-ca\/raptor-hardener-liner\/#primaryimage"},"image":{"@id":"https:\/\/u-pol.com\/fr-ca\/product\/revetement-de-protection-raptor\/revetement-raptor-fr-ca\/raptor-hardener-liner\/#primaryimage"},"thumbnailUrl":"https:\/\/u-pol.com\/wp-content\/uploads\/RLB-5-Litre-Raptor-Tough-Protective-Coating.jpg","datePublished":"2022-04-05T09:46:29+00:00","dateModified":"2023-03-30T14:15:53+00:00","description":"The 5 Liter RAPTOR tins are ideal for large areas such as trailers, floors, heavy equipment and full over sprays.","breadcrumb":{"@id":"https:\/\/u-pol.com\/fr-ca\/product\/revetement-de-protection-raptor\/revetement-raptor-fr-ca\/raptor-hardener-liner\/#breadcrumb"},"inLanguage":"fr-CA","potentialAction":[{"@type":"ReadAction","target":["https:\/\/u-pol.com\/fr-ca\/product\/revetement-de-protection-raptor\/revetement-raptor-fr-ca\/raptor-hardener-liner\/"]}]},{"@type":"ImageObject","inLanguage":"fr-CA","@id":"https:\/\/u-pol.com\/fr-ca\/product\/revetement-de-protection-raptor\/revetement-raptor-fr-ca\/raptor-hardener-liner\/#primaryimage","url":"https:\/\/u-pol.com\/wp-content\/uploads\/RLB-5-Litre-Raptor-Tough-Protective-Coating.jpg","contentUrl":"https:\/\/u-pol.com\/wp-content\/uploads\/RLB-5-Litre-Raptor-Tough-Protective-Coating.jpg","width":500,"height":500,"caption":"5 LITRE RAPTOR - Tough Protective Coating"},{"@type":"BreadcrumbList","@id":"https:\/\/u-pol.com\/fr-ca\/product\/revetement-de-protection-raptor\/revetement-raptor-fr-ca\/raptor-hardener-liner\/#breadcrumb","itemListElement":[{"@type":"ListItem","position":1,"name":"Home","item":"https:\/\/u-pol.com\/fr-ca\/"},{"@type":"ListItem","position":2,"name":"Shop","item":"https:\/\/u-pol.com\/?page_id=235"},{"@type":"ListItem","position":3,"name":"Bidons 5L Rev\u00eatement de Protection"}]},{"@type":"WebSite","@id":"https:\/\/u-pol.com\/fr-ca\/#website","url":"https:\/\/u-pol.com\/fr-ca\/","name":"U-Pol","description":"","publisher":{"@id":"https:\/\/u-pol.com\/fr-ca\/#organization"},"potentialAction":[{"@type":"SearchAction","target":{"@type":"EntryPoint","urlTemplate":"https:\/\/u-pol.com\/fr-ca\/?s={search_term_string}"},"query-input":{"@type":"PropertyValueSpecification","valueRequired":true,"valueName":"search_term_string"}}],"inLanguage":"fr-CA"},{"@type":"Organization","@id":"https:\/\/u-pol.com\/fr-ca\/#organization","name":"U-POL","url":"https:\/\/u-pol.com\/fr-ca\/","logo":{"@type":"ImageObject","inLanguage":"fr-CA","@id":"https:\/\/u-pol.com\/fr-ca\/#\/schema\/logo\/image\/","url":"https:\/\/u-pol.com\/wp-content\/uploads\/UPOL-sticky-bLogo.png","contentUrl":"https:\/\/u-pol.com\/wp-content\/uploads\/UPOL-sticky-bLogo.png","width":125,"height":75,"caption":"U-POL"},"image":{"@id":"https:\/\/u-pol.com\/fr-ca\/#\/schema\/logo\/image\/"},"sameAs":["https:\/\/www.facebook.com\/U-POL-UK-409641822803819\/","https:\/\/x.com\/UpolUK"]}]}},"_links":{"self":[{"href":"https:\/\/u-pol.com\/fr-ca\/wp-json\/wp\/v2\/product\/76461","targetHints":{"allow":["GET"]}}],"collection":[{"href":"https:\/\/u-pol.com\/fr-ca\/wp-json\/wp\/v2\/product"}],"about":[{"href":"https:\/\/u-pol.com\/fr-ca\/wp-json\/wp\/v2\/types\/product"}],"wp:featuredmedia":[{"embeddable":true,"href":"https:\/\/u-pol.com\/fr-ca\/wp-json\/wp\/v2\/media\/76463"}],"wp:attachment":[{"href":"https:\/\/u-pol.com\/fr-ca\/wp-json\/wp\/v2\/media?parent=76461"}],"wp:term":[{"taxonomy":"product_brand","embeddable":true,"href":"https:\/\/u-pol.com\/fr-ca\/wp-json\/wp\/v2\/product_brand?post=76461"},{"taxonomy":"product_cat","embeddable":true,"href":"https:\/\/u-pol.com\/fr-ca\/wp-json\/wp\/v2\/product_cat?post=76461"},{"taxonomy":"product_tag","embeddable":true,"href":"https:\/\/u-pol.com\/fr-ca\/wp-json\/wp\/v2\/product_tag?post=76461"}],"curies":[{"name":"wp","href":"https:\/\/api.w.org\/{rel}","templated":true}]}}