{"id":76604,"date":"2022-04-04T14:27:42","date_gmt":"2022-04-04T14:27:42","guid":{"rendered":"https:\/\/u-pol.com\/product\/non%20class\u00e9\/custom-can-electric-multi-fill-machine\/"},"modified":"2023-03-17T18:46:38","modified_gmt":"2023-03-17T18:46:38","slug":"custom-can-electric-multi-fill-machine","status":"publish","type":"product","link":"https:\/\/u-pol.com\/fr-ca\/product\/aerosols-fr-ca\/custom-can-electric-multi-fill-machine\/","title":{"rendered":"Custom Can Machine \u00e9lectrique"},"content":{"rendered":"<p><div class=\"fusion-fullwidth fullwidth-box fusion-builder-row-1 fusion-flex-container nonhundred-percent-fullwidth non-hundred-percent-height-scrolling\" style=\"--awb-border-radius-top-left:0px;--awb-border-radius-top-right:0px;--awb-border-radius-bottom-right:0px;--awb-border-radius-bottom-left:0px;--awb-flex-wrap:wrap;\" ><div class=\"fusion-builder-row fusion-row fusion-flex-align-items-flex-start fusion-flex-justify-content-flex-end fusion-flex-content-wrap\" style=\"max-width:1203.6px;margin-left: calc(-2% \/ 2 );margin-right: calc(-2% \/ 2 );\"><div class=\"fusion-layout-column fusion_builder_column fusion-builder-column-0 fusion_builder_column_3_4 3_4 fusion-flex-column\" style=\"--awb-bg-size:cover;--awb-width-large:75%;--awb-margin-top-large:0px;--awb-spacing-right-large:1.3066666666667%;--awb-margin-bottom-large:20px;--awb-spacing-left-large:1.3066666666667%;--awb-width-medium:75%;--awb-order-medium:0;--awb-spacing-right-medium:1.3066666666667%;--awb-spacing-left-medium:1.3066666666667%;--awb-width-small:100%;--awb-order-small:0;--awb-spacing-right-small:0.98%;--awb-spacing-left-small:0.98%;\"><div class=\"fusion-column-wrapper fusion-column-has-shadow fusion-flex-justify-content-flex-end fusion-content-layout-row\"><div style=\"text-align:right;\"><a class=\"fusion-button button-flat fusion-button-default-size button-default fusion-button-default button-1 fusion-button-default-span fusion-button-default-type\" target=\"_blank\" rel=\"noopener noreferrer\" href=\"https:\/\/u-pol.com\/en-us\/custom-can-electric-multi-fill-machine-flyer-2\/\"><span class=\"fusion-button-text awb-button__text awb-button__text--default\">Flyer<\/span><\/a><\/div><\/div><\/div><div class=\"fusion-layout-column fusion_builder_column fusion-builder-column-1 fusion_builder_column_1_4 1_4 fusion-flex-column\" style=\"--awb-bg-size:cover;--awb-width-large:25%;--awb-margin-top-large:0px;--awb-spacing-right-large:3.92%;--awb-margin-bottom-large:20px;--awb-spacing-left-large:3.92%;--awb-width-medium:25%;--awb-order-medium:0;--awb-spacing-right-medium:3.92%;--awb-spacing-left-medium:3.92%;--awb-width-small:100%;--awb-order-small:0;--awb-spacing-right-small:0.98%;--awb-spacing-left-small:0.98%;\"><div class=\"fusion-column-wrapper fusion-column-has-shadow fusion-flex-justify-content-flex-end fusion-content-layout-row\"><div style=\"text-align:right;\"><a class=\"fusion-button button-flat fusion-button-default-size button-default fusion-button-default button-2 fusion-button-default-span fusion-button-default-type\" target=\"_blank\" rel=\"noopener noreferrer\" href=\"https:\/\/u-pol.com\/en-us\/custom-can-electric-multi-fill-machine-leaflet-2\/\"><span class=\"fusion-button-text awb-button__text awb-button__text--default\">Instruction Leaflet<\/span><\/a><\/div><\/div><\/div><\/div><\/div><div class=\"fusion-fullwidth fullwidth-box fusion-builder-row-2 fusion-flex-container nonhundred-percent-fullwidth non-hundred-percent-height-scrolling\" style=\"--awb-border-radius-top-left:0px;--awb-border-radius-top-right:0px;--awb-border-radius-bottom-right:0px;--awb-border-radius-bottom-left:0px;--awb-margin-top:20px;--awb-flex-wrap:wrap;\" ><div class=\"fusion-builder-row fusion-row fusion-flex-align-items-flex-start fusion-flex-content-wrap\" style=\"max-width:1203.6px;margin-left: calc(-2% \/ 2 );margin-right: calc(-2% \/ 2 );\"><div class=\"fusion-layout-column fusion_builder_column fusion-builder-column-2 fusion_builder_column_1_1 1_1 fusion-flex-column\" style=\"--awb-bg-size:cover;--awb-width-large:100%;--awb-margin-top-large:0px;--awb-spacing-right-large:0.98%;--awb-margin-bottom-large:20px;--awb-spacing-left-large:0.98%;--awb-width-medium:100%;--awb-order-medium:0;--awb-spacing-right-medium:0.98%;--awb-spacing-left-medium:0.98%;--awb-width-small:100%;--awb-order-small:0;--awb-spacing-right-small:0.98%;--awb-spacing-left-small:0.98%;\"><div class=\"fusion-column-wrapper fusion-column-has-shadow fusion-flex-justify-content-flex-start fusion-content-layout-column\">\n<div class=\"table-1\">\n<table width=\"100%\">\n<thead>\n<tr>\n<th align=\"left\">Reference<\/th>\n<th align=\"left\">Format<\/th>\n<th align=\"left\">Couleur<\/th>\n<th align=\"left\">Ctn<\/th>\n<th align=\"left\">Technical Data Sheet<\/th>\n<th align=\"left\">Safety Data Sheet<\/th>\n<\/tr>\n<\/thead>\n<tbody>\n<tr>\n<td align=\"left\">UP0819<\/td>\n<td align=\"left\">&#8211;<\/td>\n<td align=\"left\">&#8211;<\/td>\n<td align=\"left\">&#8211;<\/td>\n<td align=\"left\"><\/td>\n<td align=\"left\"><\/td>\n<\/tr>\n<\/tbody>\n<\/table>\n<\/div>\n<\/div><\/div><\/div><\/div><\/p>\n","protected":false},"excerpt":{"rendered":"<p>\u2022 A\u00e9rosols pr\u00e9-gaz\u00e9s, pr\u00eats \u00e0 \u00eatre remplis avec 100ml de peinture<br \/>\n\u2022 Compatible avec la plupart des bases aqueuses ou solvant\u00e9es<br \/>\n\u2022 Application anti-colmatage proche d\u2019une finition au pistolet<br \/>\n\u2022 Machines \u00e9lectriques, pneumatiques et manuelles<\/p>\n","protected":false},"featured_media":76605,"template":"","meta":[],"product_brand":[],"product_cat":[1682],"product_tag":[],"class_list":{"0":"post-76604","1":"product","2":"type-product","3":"status-publish","4":"has-post-thumbnail","6":"product_cat-aerosols-fr-ca","8":"first","9":"instock","10":"downloadable","11":"virtual","12":"sold-individually","13":"product-type-simple"},"yoast_head":"<title>Custom Can Machine \u00e9lectrique - U-Pol<\/title>\n<meta name=\"description\" content=\"Electric multi fill machine designed for multiple aerosol filling up to 360 per hour. Easy to install with no air supply required and no compressor air pressure issues\" \/>\n<meta name=\"robots\" content=\"index, follow, max-snippet:-1, max-image-preview:large, max-video-preview:-1\" \/>\n<link rel=\"canonical\" href=\"https:\/\/u-pol.com\/fr-ca\/product\/aerosols-fr-ca\/custom-can-electric-multi-fill-machine\/\" \/>\n<meta property=\"og:locale\" content=\"fr_CA\" \/>\n<meta property=\"og:type\" content=\"article\" \/>\n<meta property=\"og:title\" content=\"Custom Can Machine \u00e9lectrique - U-Pol\" \/>\n<meta property=\"og:description\" content=\"Electric multi fill machine designed for multiple aerosol filling up to 360 per hour. Easy to install with no air supply required and no compressor air pressure issues\" \/>\n<meta property=\"og:url\" content=\"https:\/\/u-pol.com\/fr-ca\/product\/aerosols-fr-ca\/custom-can-electric-multi-fill-machine\/\" \/>\n<meta property=\"og:site_name\" content=\"U-Pol\" \/>\n<meta property=\"article:publisher\" content=\"https:\/\/www.facebook.com\/U-POL-UK-409641822803819\/\" \/>\n<meta property=\"article:modified_time\" content=\"2023-03-17T18:46:38+00:00\" \/>\n<meta property=\"og:image\" content=\"https:\/\/u-pol.com\/wp-content\/uploads\/CCMFILLE-Custom-Can-Electric-Multi-Fill-Machine.jpg\" \/>\n\t<meta property=\"og:image:width\" content=\"500\" \/>\n\t<meta property=\"og:image:height\" content=\"500\" \/>\n\t<meta property=\"og:image:type\" content=\"image\/jpeg\" \/>\n<meta name=\"twitter:card\" content=\"summary_large_image\" \/>\n<meta name=\"twitter:site\" content=\"@UpolUK\" \/>\n<meta name=\"twitter:label1\" content=\"Estimation du temps de lecture\" \/>\n\t<meta name=\"twitter:data1\" content=\"9 minutes\" \/>\n<script type=\"application\/ld+json\" class=\"yoast-schema-graph\">{\"@context\":\"https:\/\/schema.org\",\"@graph\":[{\"@type\":\"WebPage\",\"@id\":\"https:\/\/u-pol.com\/fr-ca\/product\/aerosols-fr-ca\/custom-can-electric-multi-fill-machine\/\",\"url\":\"https:\/\/u-pol.com\/fr-ca\/product\/aerosols-fr-ca\/custom-can-electric-multi-fill-machine\/\",\"name\":\"Custom Can Machine \u00e9lectrique - U-Pol\",\"isPartOf\":{\"@id\":\"https:\/\/u-pol.com\/fr-ca\/#website\"},\"primaryImageOfPage\":{\"@id\":\"https:\/\/u-pol.com\/fr-ca\/product\/aerosols-fr-ca\/custom-can-electric-multi-fill-machine\/#primaryimage\"},\"image\":{\"@id\":\"https:\/\/u-pol.com\/fr-ca\/product\/aerosols-fr-ca\/custom-can-electric-multi-fill-machine\/#primaryimage\"},\"thumbnailUrl\":\"https:\/\/u-pol.com\/wp-content\/uploads\/CCMFILLE-Custom-Can-Electric-Multi-Fill-Machine.jpg\",\"datePublished\":\"2022-04-04T14:27:42+00:00\",\"dateModified\":\"2023-03-17T18:46:38+00:00\",\"description\":\"Electric multi fill machine designed for multiple aerosol filling up to 360 per hour. Easy to install with no air supply required and no compressor air pressure issues\",\"breadcrumb\":{\"@id\":\"https:\/\/u-pol.com\/fr-ca\/product\/aerosols-fr-ca\/custom-can-electric-multi-fill-machine\/#breadcrumb\"},\"inLanguage\":\"fr-CA\",\"potentialAction\":[{\"@type\":\"ReadAction\",\"target\":[\"https:\/\/u-pol.com\/fr-ca\/product\/aerosols-fr-ca\/custom-can-electric-multi-fill-machine\/\"]}]},{\"@type\":\"ImageObject\",\"inLanguage\":\"fr-CA\",\"@id\":\"https:\/\/u-pol.com\/fr-ca\/product\/aerosols-fr-ca\/custom-can-electric-multi-fill-machine\/#primaryimage\",\"url\":\"https:\/\/u-pol.com\/wp-content\/uploads\/CCMFILLE-Custom-Can-Electric-Multi-Fill-Machine.jpg\",\"contentUrl\":\"https:\/\/u-pol.com\/wp-content\/uploads\/CCMFILLE-Custom-Can-Electric-Multi-Fill-Machine.jpg\",\"width\":500,\"height\":500,\"caption\":\"Custom Can Electric Multi Fill Machine\"},{\"@type\":\"BreadcrumbList\",\"@id\":\"https:\/\/u-pol.com\/fr-ca\/product\/aerosols-fr-ca\/custom-can-electric-multi-fill-machine\/#breadcrumb\",\"itemListElement\":[{\"@type\":\"ListItem\",\"position\":1,\"name\":\"Home\",\"item\":\"https:\/\/u-pol.com\/fr-ca\/\"},{\"@type\":\"ListItem\",\"position\":2,\"name\":\"Shop\",\"item\":\"https:\/\/u-pol.com\/?page_id=235\"},{\"@type\":\"ListItem\",\"position\":3,\"name\":\"Custom Can Machine \u00e9lectrique\"}]},{\"@type\":\"WebSite\",\"@id\":\"https:\/\/u-pol.com\/fr-ca\/#website\",\"url\":\"https:\/\/u-pol.com\/fr-ca\/\",\"name\":\"U-Pol\",\"description\":\"\",\"publisher\":{\"@id\":\"https:\/\/u-pol.com\/fr-ca\/#organization\"},\"potentialAction\":[{\"@type\":\"SearchAction\",\"target\":{\"@type\":\"EntryPoint\",\"urlTemplate\":\"https:\/\/u-pol.com\/fr-ca\/?s={search_term_string}\"},\"query-input\":{\"@type\":\"PropertyValueSpecification\",\"valueRequired\":true,\"valueName\":\"search_term_string\"}}],\"inLanguage\":\"fr-CA\"},{\"@type\":\"Organization\",\"@id\":\"https:\/\/u-pol.com\/fr-ca\/#organization\",\"name\":\"U-POL\",\"url\":\"https:\/\/u-pol.com\/fr-ca\/\",\"logo\":{\"@type\":\"ImageObject\",\"inLanguage\":\"fr-CA\",\"@id\":\"https:\/\/u-pol.com\/fr-ca\/#\/schema\/logo\/image\/\",\"url\":\"https:\/\/u-pol.com\/wp-content\/uploads\/UPOL-sticky-bLogo.png\",\"contentUrl\":\"https:\/\/u-pol.com\/wp-content\/uploads\/UPOL-sticky-bLogo.png\",\"width\":125,\"height\":75,\"caption\":\"U-POL\"},\"image\":{\"@id\":\"https:\/\/u-pol.com\/fr-ca\/#\/schema\/logo\/image\/\"},\"sameAs\":[\"https:\/\/www.facebook.com\/U-POL-UK-409641822803819\/\",\"https:\/\/x.com\/UpolUK\"]}]}<\/script>","yoast_head_json":{"title":"Custom Can Machine \u00e9lectrique - U-Pol","description":"Electric multi fill machine designed for multiple aerosol filling up to 360 per hour. Easy to install with no air supply required and no compressor air pressure issues","robots":{"index":"index","follow":"follow","max-snippet":"max-snippet:-1","max-image-preview":"max-image-preview:large","max-video-preview":"max-video-preview:-1"},"canonical":"https:\/\/u-pol.com\/fr-ca\/product\/aerosols-fr-ca\/custom-can-electric-multi-fill-machine\/","og_locale":"fr_CA","og_type":"article","og_title":"Custom Can Machine \u00e9lectrique - U-Pol","og_description":"Electric multi fill machine designed for multiple aerosol filling up to 360 per hour. Easy to install with no air supply required and no compressor air pressure issues","og_url":"https:\/\/u-pol.com\/fr-ca\/product\/aerosols-fr-ca\/custom-can-electric-multi-fill-machine\/","og_site_name":"U-Pol","article_publisher":"https:\/\/www.facebook.com\/U-POL-UK-409641822803819\/","article_modified_time":"2023-03-17T18:46:38+00:00","og_image":[{"width":500,"height":500,"url":"https:\/\/u-pol.com\/wp-content\/uploads\/CCMFILLE-Custom-Can-Electric-Multi-Fill-Machine.jpg","type":"image\/jpeg"}],"twitter_card":"summary_large_image","twitter_site":"@UpolUK","twitter_misc":{"Estimation du temps de lecture":"9 minutes"},"schema":{"@context":"https:\/\/schema.org","@graph":[{"@type":"WebPage","@id":"https:\/\/u-pol.com\/fr-ca\/product\/aerosols-fr-ca\/custom-can-electric-multi-fill-machine\/","url":"https:\/\/u-pol.com\/fr-ca\/product\/aerosols-fr-ca\/custom-can-electric-multi-fill-machine\/","name":"Custom Can Machine \u00e9lectrique - U-Pol","isPartOf":{"@id":"https:\/\/u-pol.com\/fr-ca\/#website"},"primaryImageOfPage":{"@id":"https:\/\/u-pol.com\/fr-ca\/product\/aerosols-fr-ca\/custom-can-electric-multi-fill-machine\/#primaryimage"},"image":{"@id":"https:\/\/u-pol.com\/fr-ca\/product\/aerosols-fr-ca\/custom-can-electric-multi-fill-machine\/#primaryimage"},"thumbnailUrl":"https:\/\/u-pol.com\/wp-content\/uploads\/CCMFILLE-Custom-Can-Electric-Multi-Fill-Machine.jpg","datePublished":"2022-04-04T14:27:42+00:00","dateModified":"2023-03-17T18:46:38+00:00","description":"Electric multi fill machine designed for multiple aerosol filling up to 360 per hour. Easy to install with no air supply required and no compressor air pressure issues","breadcrumb":{"@id":"https:\/\/u-pol.com\/fr-ca\/product\/aerosols-fr-ca\/custom-can-electric-multi-fill-machine\/#breadcrumb"},"inLanguage":"fr-CA","potentialAction":[{"@type":"ReadAction","target":["https:\/\/u-pol.com\/fr-ca\/product\/aerosols-fr-ca\/custom-can-electric-multi-fill-machine\/"]}]},{"@type":"ImageObject","inLanguage":"fr-CA","@id":"https:\/\/u-pol.com\/fr-ca\/product\/aerosols-fr-ca\/custom-can-electric-multi-fill-machine\/#primaryimage","url":"https:\/\/u-pol.com\/wp-content\/uploads\/CCMFILLE-Custom-Can-Electric-Multi-Fill-Machine.jpg","contentUrl":"https:\/\/u-pol.com\/wp-content\/uploads\/CCMFILLE-Custom-Can-Electric-Multi-Fill-Machine.jpg","width":500,"height":500,"caption":"Custom Can Electric Multi Fill Machine"},{"@type":"BreadcrumbList","@id":"https:\/\/u-pol.com\/fr-ca\/product\/aerosols-fr-ca\/custom-can-electric-multi-fill-machine\/#breadcrumb","itemListElement":[{"@type":"ListItem","position":1,"name":"Home","item":"https:\/\/u-pol.com\/fr-ca\/"},{"@type":"ListItem","position":2,"name":"Shop","item":"https:\/\/u-pol.com\/?page_id=235"},{"@type":"ListItem","position":3,"name":"Custom Can Machine \u00e9lectrique"}]},{"@type":"WebSite","@id":"https:\/\/u-pol.com\/fr-ca\/#website","url":"https:\/\/u-pol.com\/fr-ca\/","name":"U-Pol","description":"","publisher":{"@id":"https:\/\/u-pol.com\/fr-ca\/#organization"},"potentialAction":[{"@type":"SearchAction","target":{"@type":"EntryPoint","urlTemplate":"https:\/\/u-pol.com\/fr-ca\/?s={search_term_string}"},"query-input":{"@type":"PropertyValueSpecification","valueRequired":true,"valueName":"search_term_string"}}],"inLanguage":"fr-CA"},{"@type":"Organization","@id":"https:\/\/u-pol.com\/fr-ca\/#organization","name":"U-POL","url":"https:\/\/u-pol.com\/fr-ca\/","logo":{"@type":"ImageObject","inLanguage":"fr-CA","@id":"https:\/\/u-pol.com\/fr-ca\/#\/schema\/logo\/image\/","url":"https:\/\/u-pol.com\/wp-content\/uploads\/UPOL-sticky-bLogo.png","contentUrl":"https:\/\/u-pol.com\/wp-content\/uploads\/UPOL-sticky-bLogo.png","width":125,"height":75,"caption":"U-POL"},"image":{"@id":"https:\/\/u-pol.com\/fr-ca\/#\/schema\/logo\/image\/"},"sameAs":["https:\/\/www.facebook.com\/U-POL-UK-409641822803819\/","https:\/\/x.com\/UpolUK"]}]}},"_links":{"self":[{"href":"https:\/\/u-pol.com\/fr-ca\/wp-json\/wp\/v2\/product\/76604","targetHints":{"allow":["GET"]}}],"collection":[{"href":"https:\/\/u-pol.com\/fr-ca\/wp-json\/wp\/v2\/product"}],"about":[{"href":"https:\/\/u-pol.com\/fr-ca\/wp-json\/wp\/v2\/types\/product"}],"wp:featuredmedia":[{"embeddable":true,"href":"https:\/\/u-pol.com\/fr-ca\/wp-json\/wp\/v2\/media\/76605"}],"wp:attachment":[{"href":"https:\/\/u-pol.com\/fr-ca\/wp-json\/wp\/v2\/media?parent=76604"}],"wp:term":[{"taxonomy":"product_brand","embeddable":true,"href":"https:\/\/u-pol.com\/fr-ca\/wp-json\/wp\/v2\/product_brand?post=76604"},{"taxonomy":"product_cat","embeddable":true,"href":"https:\/\/u-pol.com\/fr-ca\/wp-json\/wp\/v2\/product_cat?post=76604"},{"taxonomy":"product_tag","embeddable":true,"href":"https:\/\/u-pol.com\/fr-ca\/wp-json\/wp\/v2\/product_tag?post=76604"}],"curies":[{"name":"wp","href":"https:\/\/api.w.org\/{rel}","templated":true}]}}