{"id":76606,"date":"2022-04-04T14:10:33","date_gmt":"2022-04-04T14:10:33","guid":{"rendered":"https:\/\/u-pol.com\/product\/non%20class\u00e9\/power-can-professional-spray-paint-aerosols\/"},"modified":"2023-03-29T14:22:45","modified_gmt":"2023-03-29T14:22:45","slug":"power-can-professional-spray-paint-aerosols","status":"publish","type":"product","link":"https:\/\/u-pol.com\/fr-ca\/product\/aerosols-fr-ca\/power-can-professional-spray-paint-aerosols\/","title":{"rendered":"Peinture Power Can"},"content":{"rendered":"<div class=\"fusion-fullwidth fullwidth-box fusion-builder-row-1 fusion-flex-container nonhundred-percent-fullwidth non-hundred-percent-height-scrolling\" style=\"--awb-border-radius-top-left:0px;--awb-border-radius-top-right:0px;--awb-border-radius-bottom-right:0px;--awb-border-radius-bottom-left:0px;--awb-margin-top:20px;--awb-flex-wrap:wrap;\" ><div class=\"fusion-builder-row fusion-row fusion-flex-align-items-flex-start fusion-flex-content-wrap\" style=\"max-width:1203.6px;margin-left: calc(-2% \/ 2 );margin-right: calc(-2% \/ 2 );\"><div class=\"fusion-layout-column fusion_builder_column fusion-builder-column-0 fusion_builder_column_1_1 1_1 fusion-flex-column\" style=\"--awb-bg-size:cover;--awb-width-large:100%;--awb-margin-top-large:0px;--awb-spacing-right-large:0.98%;--awb-margin-bottom-large:20px;--awb-spacing-left-large:0.98%;--awb-width-medium:100%;--awb-order-medium:0;--awb-spacing-right-medium:0.98%;--awb-spacing-left-medium:0.98%;--awb-width-small:100%;--awb-order-small:0;--awb-spacing-right-small:0.98%;--awb-spacing-left-small:0.98%;\"><div class=\"fusion-column-wrapper fusion-column-has-shadow fusion-flex-justify-content-flex-start fusion-content-layout-column\">\n<div class=\"table-1\">\n<table width=\"100%\">\n<thead>\n<tr>\n<th align=\"left\">Reference<\/th>\n<th align=\"left\">Format<\/th>\n<th align=\"left\">Couleur<\/th>\n<th align=\"left\">Par Carton<\/th>\n<th align=\"left\">Technical Data Sheet<\/th>\n<th align=\"left\">Safety Data Sheet<\/th>\n<\/tr>\n<\/thead>\n<tbody>\n<tr>\n<td align=\"left\">UP0830<\/td>\n<td align=\"left\">500 ml A\u00e9rosol<\/td>\n<td align=\"left\">Appr\u00eat d\u2019Accrochage<\/td>\n<td align=\"left\">12<\/td>\n<td align=\"left\"><a href=\"https:\/\/u-pol.com\/fr\/video\/pcgb-al-tds-fr\/pcgb-al-tds-fr\/\" target=\"_blank\" rel=\"noopener\">UP0830 TDS<\/a><\/td>\n<td align=\"left\"><a href=\"https:\/\/u-pol.com\/wp-content\/uploads\/PCEPAL-CA-SDS-FR.pdf\">UP0830 SDS<\/a><\/td>\n<\/tr>\n<tr>\n<td align=\"left\">UP0803<\/td>\n<td align=\"left\">500 ml A\u00e9rosol<\/td>\n<td align=\"left\">Noir Brillant<\/td>\n<td align=\"left\">12<\/td>\n<td align=\"left\"><a href=\"https:\/\/u-pol.com\/fr\/video\/pcgb-al-tds-fr\/pcgb-al-tds-fr\/\" target=\"_blank\" rel=\"noopener\">UP0803 TDS<\/a><\/td>\n<td align=\"left\"><a href=\"https:\/\/u-pol.com\/wp-content\/uploads\/PCGBAL-CA-SDS-FR-1.pdf\">UP0803 SDS<\/a><\/td>\n<\/tr>\n<tr>\n<td align=\"left\">UP0810<\/td>\n<td align=\"left\">500 ml A\u00e9rosol<\/td>\n<td align=\"left\">Blanc Brillant<\/td>\n<td align=\"left\">12<\/td>\n<td align=\"left\"><a href=\"https:\/\/u-pol.com\/fr\/video\/pcgb-al-tds-fr\/pcgb-al-tds-fr\/\" target=\"_blank\" rel=\"noopener\">UP0810 TDS<\/a><\/td>\n<td align=\"left\"><a href=\"https:\/\/u-pol.com\/wp-content\/uploads\/PCGWAL-CA-SDS-FR-1.pdf\">UP0810 SDS<\/a><\/td>\n<\/tr>\n<tr>\n<td align=\"left\">UP0802<\/td>\n<td align=\"left\">500 ml A\u00e9rosol<\/td>\n<td align=\"left\">Noir Mat<\/td>\n<td align=\"left\">12<\/td>\n<td align=\"left\"><a href=\"https:\/\/u-pol.com\/fr\/video\/pcgb-al-tds-fr\/pcgb-al-tds-fr\/\" target=\"_blank\" rel=\"noopener\">UP0802 TDS<\/a><\/td>\n<td align=\"left\"><a href=\"https:\/\/u-pol.com\/wp-content\/uploads\/PCMBAL-CA-SDS-FR-1.pdf\">UP0802 SDS<\/a><\/td>\n<\/tr>\n<tr>\n<td align=\"left\">UP0805<\/td>\n<td align=\"left\">500 ml A\u00e9rosol<\/td>\n<td align=\"left\">Appr\u00eat Gris<\/td>\n<td align=\"left\">12<\/td>\n<td align=\"left\"><a href=\"https:\/\/u-pol.com\/fr\/video\/pcgb-al-tds-fr\/pcgb-al-tds-fr\/\" target=\"_blank\" rel=\"noopener\">UP0805 TDS<\/a><\/td>\n<td align=\"left\"><a href=\"https:\/\/u-pol.com\/wp-content\/uploads\/PCPGAL-CA-SDS-FR-1.pdf\">UP0805 SDS<\/a><\/td>\n<\/tr>\n<tr>\n<td align=\"left\">UP0801<\/td>\n<td align=\"left\">500 ml A\u00e9rosol<\/td>\n<td align=\"left\">Noir Satin<\/td>\n<td align=\"left\">12<\/td>\n<td align=\"left\"><a href=\"https:\/\/u-pol.com\/fr\/video\/pcgb-al-tds-fr\/pcgb-al-tds-fr\/\" target=\"_blank\" rel=\"noopener\">UP0801 TDS<\/a><\/td>\n<td align=\"left\"><a href=\"https:\/\/u-pol.com\/wp-content\/uploads\/PCSBAL-CA-SDS-FR.pdf\">UP0801 SDS<\/a><\/td>\n<\/tr>\n<tr>\n<td align=\"left\">UP0804<\/td>\n<td align=\"left\">500 ml A\u00e9rosol<\/td>\n<td align=\"left\">Vernis Transparent<\/td>\n<td align=\"left\">12<\/td>\n<td align=\"left\"><a href=\"https:\/\/u-pol.com\/fr\/video\/pcgb-al-tds-fr\/pcgb-al-tds-fr\/\" target=\"_blank\" rel=\"noopener\">UP0804 TDS<\/a><\/td>\n<td align=\"left\"><a href=\"https:\/\/u-pol.com\/wp-content\/uploads\/PCLCVAL-CA-SDS-FR-1.pdf\">UP0804 SDS<\/a><\/td>\n<\/tr>\n<\/tbody>\n<\/table>\n<\/div>\n<\/div><\/div><\/div><\/div>\n","protected":false},"excerpt":{"rendered":"<p>Peinture garnissante \u00e0 appliquer sur des surfaces appr\u00eat\u00e9es afin d&rsquo;atteindre une finition mate, satin\u00e9e ou brillante.<br \/>\n\u2022 Facile \u00e0 utiliser et flexible<br \/>\n\u2022 Pratique, r\u00e9duit la consommation de peinture<br \/>\n\u2022 Peintures \u00e9conomiques et durables<br \/>\n\u2022 Couvre 2m2<\/p>\n","protected":false},"featured_media":76607,"template":"","meta":[],"product_brand":[],"product_cat":[1682],"product_tag":[],"class_list":{"0":"post-76606","1":"product","2":"type-product","3":"status-publish","4":"has-post-thumbnail","6":"product_cat-aerosols-fr-ca","8":"first","9":"instock","10":"downloadable","11":"virtual","12":"sold-individually","13":"product-type-simple"},"yoast_head":"<title>Peinture Power Can - U-Pol<\/title>\n<meta name=\"description\" content=\"Power Can Aerosols have been formulated to create a permanent high build, fast drying, quality finish.\" \/>\n<meta name=\"robots\" content=\"index, follow, max-snippet:-1, max-image-preview:large, max-video-preview:-1\" \/>\n<link rel=\"canonical\" href=\"https:\/\/u-pol.com\/fr-ca\/product\/aerosols-fr-ca\/power-can-professional-spray-paint-aerosols\/\" \/>\n<meta property=\"og:locale\" content=\"fr_CA\" \/>\n<meta property=\"og:type\" content=\"article\" \/>\n<meta property=\"og:title\" content=\"Peinture Power Can - U-Pol\" \/>\n<meta property=\"og:description\" content=\"Power Can Aerosols have been formulated to create a permanent high build, fast drying, quality finish.\" \/>\n<meta property=\"og:url\" content=\"https:\/\/u-pol.com\/fr-ca\/product\/aerosols-fr-ca\/power-can-professional-spray-paint-aerosols\/\" \/>\n<meta property=\"og:site_name\" content=\"U-Pol\" \/>\n<meta property=\"article:publisher\" content=\"https:\/\/www.facebook.com\/U-POL-UK-409641822803819\/\" \/>\n<meta property=\"article:modified_time\" content=\"2023-03-29T14:22:45+00:00\" \/>\n<meta property=\"og:image\" content=\"https:\/\/u-pol.com\/wp-content\/uploads\/Power-Can-Professional-Spray-Paint-Aerosols.jpg\" \/>\n\t<meta property=\"og:image:width\" content=\"500\" \/>\n\t<meta property=\"og:image:height\" content=\"500\" \/>\n\t<meta property=\"og:image:type\" content=\"image\/jpeg\" \/>\n<meta name=\"twitter:card\" content=\"summary_large_image\" \/>\n<meta name=\"twitter:site\" content=\"@UpolUK\" \/>\n<meta name=\"twitter:label1\" content=\"Estimation du temps de lecture\" \/>\n\t<meta name=\"twitter:data1\" content=\"4 minutes\" \/>\n<script type=\"application\/ld+json\" class=\"yoast-schema-graph\">{\"@context\":\"https:\/\/schema.org\",\"@graph\":[{\"@type\":\"WebPage\",\"@id\":\"https:\/\/u-pol.com\/fr-ca\/product\/aerosols-fr-ca\/power-can-professional-spray-paint-aerosols\/\",\"url\":\"https:\/\/u-pol.com\/fr-ca\/product\/aerosols-fr-ca\/power-can-professional-spray-paint-aerosols\/\",\"name\":\"Peinture Power Can - U-Pol\",\"isPartOf\":{\"@id\":\"https:\/\/u-pol.com\/fr-ca\/#website\"},\"primaryImageOfPage\":{\"@id\":\"https:\/\/u-pol.com\/fr-ca\/product\/aerosols-fr-ca\/power-can-professional-spray-paint-aerosols\/#primaryimage\"},\"image\":{\"@id\":\"https:\/\/u-pol.com\/fr-ca\/product\/aerosols-fr-ca\/power-can-professional-spray-paint-aerosols\/#primaryimage\"},\"thumbnailUrl\":\"https:\/\/u-pol.com\/wp-content\/uploads\/Power-Can-Professional-Spray-Paint-Aerosols.jpg\",\"datePublished\":\"2022-04-04T14:10:33+00:00\",\"dateModified\":\"2023-03-29T14:22:45+00:00\",\"description\":\"Power Can Aerosols have been formulated to create a permanent high build, fast drying, quality finish.\",\"breadcrumb\":{\"@id\":\"https:\/\/u-pol.com\/fr-ca\/product\/aerosols-fr-ca\/power-can-professional-spray-paint-aerosols\/#breadcrumb\"},\"inLanguage\":\"fr-CA\",\"potentialAction\":[{\"@type\":\"ReadAction\",\"target\":[\"https:\/\/u-pol.com\/fr-ca\/product\/aerosols-fr-ca\/power-can-professional-spray-paint-aerosols\/\"]}]},{\"@type\":\"ImageObject\",\"inLanguage\":\"fr-CA\",\"@id\":\"https:\/\/u-pol.com\/fr-ca\/product\/aerosols-fr-ca\/power-can-professional-spray-paint-aerosols\/#primaryimage\",\"url\":\"https:\/\/u-pol.com\/wp-content\/uploads\/Power-Can-Professional-Spray-Paint-Aerosols.jpg\",\"contentUrl\":\"https:\/\/u-pol.com\/wp-content\/uploads\/Power-Can-Professional-Spray-Paint-Aerosols.jpg\",\"width\":500,\"height\":500,\"caption\":\"Power Can Professional Spray Paint Aerosols\"},{\"@type\":\"BreadcrumbList\",\"@id\":\"https:\/\/u-pol.com\/fr-ca\/product\/aerosols-fr-ca\/power-can-professional-spray-paint-aerosols\/#breadcrumb\",\"itemListElement\":[{\"@type\":\"ListItem\",\"position\":1,\"name\":\"Home\",\"item\":\"https:\/\/u-pol.com\/fr-ca\/\"},{\"@type\":\"ListItem\",\"position\":2,\"name\":\"Shop\",\"item\":\"https:\/\/u-pol.com\/?page_id=235\"},{\"@type\":\"ListItem\",\"position\":3,\"name\":\"Peinture Power Can\"}]},{\"@type\":\"WebSite\",\"@id\":\"https:\/\/u-pol.com\/fr-ca\/#website\",\"url\":\"https:\/\/u-pol.com\/fr-ca\/\",\"name\":\"U-Pol\",\"description\":\"\",\"publisher\":{\"@id\":\"https:\/\/u-pol.com\/fr-ca\/#organization\"},\"potentialAction\":[{\"@type\":\"SearchAction\",\"target\":{\"@type\":\"EntryPoint\",\"urlTemplate\":\"https:\/\/u-pol.com\/fr-ca\/?s={search_term_string}\"},\"query-input\":{\"@type\":\"PropertyValueSpecification\",\"valueRequired\":true,\"valueName\":\"search_term_string\"}}],\"inLanguage\":\"fr-CA\"},{\"@type\":\"Organization\",\"@id\":\"https:\/\/u-pol.com\/fr-ca\/#organization\",\"name\":\"U-POL\",\"url\":\"https:\/\/u-pol.com\/fr-ca\/\",\"logo\":{\"@type\":\"ImageObject\",\"inLanguage\":\"fr-CA\",\"@id\":\"https:\/\/u-pol.com\/fr-ca\/#\/schema\/logo\/image\/\",\"url\":\"https:\/\/u-pol.com\/wp-content\/uploads\/UPOL-sticky-bLogo.png\",\"contentUrl\":\"https:\/\/u-pol.com\/wp-content\/uploads\/UPOL-sticky-bLogo.png\",\"width\":125,\"height\":75,\"caption\":\"U-POL\"},\"image\":{\"@id\":\"https:\/\/u-pol.com\/fr-ca\/#\/schema\/logo\/image\/\"},\"sameAs\":[\"https:\/\/www.facebook.com\/U-POL-UK-409641822803819\/\",\"https:\/\/x.com\/UpolUK\"]}]}<\/script>","yoast_head_json":{"title":"Peinture Power Can - U-Pol","description":"Power Can Aerosols have been formulated to create a permanent high build, fast drying, quality finish.","robots":{"index":"index","follow":"follow","max-snippet":"max-snippet:-1","max-image-preview":"max-image-preview:large","max-video-preview":"max-video-preview:-1"},"canonical":"https:\/\/u-pol.com\/fr-ca\/product\/aerosols-fr-ca\/power-can-professional-spray-paint-aerosols\/","og_locale":"fr_CA","og_type":"article","og_title":"Peinture Power Can - U-Pol","og_description":"Power Can Aerosols have been formulated to create a permanent high build, fast drying, quality finish.","og_url":"https:\/\/u-pol.com\/fr-ca\/product\/aerosols-fr-ca\/power-can-professional-spray-paint-aerosols\/","og_site_name":"U-Pol","article_publisher":"https:\/\/www.facebook.com\/U-POL-UK-409641822803819\/","article_modified_time":"2023-03-29T14:22:45+00:00","og_image":[{"width":500,"height":500,"url":"https:\/\/u-pol.com\/wp-content\/uploads\/Power-Can-Professional-Spray-Paint-Aerosols.jpg","type":"image\/jpeg"}],"twitter_card":"summary_large_image","twitter_site":"@UpolUK","twitter_misc":{"Estimation du temps de lecture":"4 minutes"},"schema":{"@context":"https:\/\/schema.org","@graph":[{"@type":"WebPage","@id":"https:\/\/u-pol.com\/fr-ca\/product\/aerosols-fr-ca\/power-can-professional-spray-paint-aerosols\/","url":"https:\/\/u-pol.com\/fr-ca\/product\/aerosols-fr-ca\/power-can-professional-spray-paint-aerosols\/","name":"Peinture Power Can - U-Pol","isPartOf":{"@id":"https:\/\/u-pol.com\/fr-ca\/#website"},"primaryImageOfPage":{"@id":"https:\/\/u-pol.com\/fr-ca\/product\/aerosols-fr-ca\/power-can-professional-spray-paint-aerosols\/#primaryimage"},"image":{"@id":"https:\/\/u-pol.com\/fr-ca\/product\/aerosols-fr-ca\/power-can-professional-spray-paint-aerosols\/#primaryimage"},"thumbnailUrl":"https:\/\/u-pol.com\/wp-content\/uploads\/Power-Can-Professional-Spray-Paint-Aerosols.jpg","datePublished":"2022-04-04T14:10:33+00:00","dateModified":"2023-03-29T14:22:45+00:00","description":"Power Can Aerosols have been formulated to create a permanent high build, fast drying, quality finish.","breadcrumb":{"@id":"https:\/\/u-pol.com\/fr-ca\/product\/aerosols-fr-ca\/power-can-professional-spray-paint-aerosols\/#breadcrumb"},"inLanguage":"fr-CA","potentialAction":[{"@type":"ReadAction","target":["https:\/\/u-pol.com\/fr-ca\/product\/aerosols-fr-ca\/power-can-professional-spray-paint-aerosols\/"]}]},{"@type":"ImageObject","inLanguage":"fr-CA","@id":"https:\/\/u-pol.com\/fr-ca\/product\/aerosols-fr-ca\/power-can-professional-spray-paint-aerosols\/#primaryimage","url":"https:\/\/u-pol.com\/wp-content\/uploads\/Power-Can-Professional-Spray-Paint-Aerosols.jpg","contentUrl":"https:\/\/u-pol.com\/wp-content\/uploads\/Power-Can-Professional-Spray-Paint-Aerosols.jpg","width":500,"height":500,"caption":"Power Can Professional Spray Paint Aerosols"},{"@type":"BreadcrumbList","@id":"https:\/\/u-pol.com\/fr-ca\/product\/aerosols-fr-ca\/power-can-professional-spray-paint-aerosols\/#breadcrumb","itemListElement":[{"@type":"ListItem","position":1,"name":"Home","item":"https:\/\/u-pol.com\/fr-ca\/"},{"@type":"ListItem","position":2,"name":"Shop","item":"https:\/\/u-pol.com\/?page_id=235"},{"@type":"ListItem","position":3,"name":"Peinture Power Can"}]},{"@type":"WebSite","@id":"https:\/\/u-pol.com\/fr-ca\/#website","url":"https:\/\/u-pol.com\/fr-ca\/","name":"U-Pol","description":"","publisher":{"@id":"https:\/\/u-pol.com\/fr-ca\/#organization"},"potentialAction":[{"@type":"SearchAction","target":{"@type":"EntryPoint","urlTemplate":"https:\/\/u-pol.com\/fr-ca\/?s={search_term_string}"},"query-input":{"@type":"PropertyValueSpecification","valueRequired":true,"valueName":"search_term_string"}}],"inLanguage":"fr-CA"},{"@type":"Organization","@id":"https:\/\/u-pol.com\/fr-ca\/#organization","name":"U-POL","url":"https:\/\/u-pol.com\/fr-ca\/","logo":{"@type":"ImageObject","inLanguage":"fr-CA","@id":"https:\/\/u-pol.com\/fr-ca\/#\/schema\/logo\/image\/","url":"https:\/\/u-pol.com\/wp-content\/uploads\/UPOL-sticky-bLogo.png","contentUrl":"https:\/\/u-pol.com\/wp-content\/uploads\/UPOL-sticky-bLogo.png","width":125,"height":75,"caption":"U-POL"},"image":{"@id":"https:\/\/u-pol.com\/fr-ca\/#\/schema\/logo\/image\/"},"sameAs":["https:\/\/www.facebook.com\/U-POL-UK-409641822803819\/","https:\/\/x.com\/UpolUK"]}]}},"_links":{"self":[{"href":"https:\/\/u-pol.com\/fr-ca\/wp-json\/wp\/v2\/product\/76606","targetHints":{"allow":["GET"]}}],"collection":[{"href":"https:\/\/u-pol.com\/fr-ca\/wp-json\/wp\/v2\/product"}],"about":[{"href":"https:\/\/u-pol.com\/fr-ca\/wp-json\/wp\/v2\/types\/product"}],"wp:featuredmedia":[{"embeddable":true,"href":"https:\/\/u-pol.com\/fr-ca\/wp-json\/wp\/v2\/media\/76607"}],"wp:attachment":[{"href":"https:\/\/u-pol.com\/fr-ca\/wp-json\/wp\/v2\/media?parent=76606"}],"wp:term":[{"taxonomy":"product_brand","embeddable":true,"href":"https:\/\/u-pol.com\/fr-ca\/wp-json\/wp\/v2\/product_brand?post=76606"},{"taxonomy":"product_cat","embeddable":true,"href":"https:\/\/u-pol.com\/fr-ca\/wp-json\/wp\/v2\/product_cat?post=76606"},{"taxonomy":"product_tag","embeddable":true,"href":"https:\/\/u-pol.com\/fr-ca\/wp-json\/wp\/v2\/product_tag?post=76606"}],"curies":[{"name":"wp","href":"https:\/\/api.w.org\/{rel}","templated":true}]}}