{"id":76634,"date":"2022-04-04T13:07:32","date_gmt":"2022-04-04T13:07:32","guid":{"rendered":"https:\/\/u-pol.com\/product\/non%20class\u00e9\/high5-high-build-primer\/"},"modified":"2023-04-25T12:41:58","modified_gmt":"2023-04-25T12:41:58","slug":"high5-high-build-primer","status":"publish","type":"product","link":"https:\/\/u-pol.com\/fr-ca\/product\/aerosols-fr-ca\/aerosols-premium-fr-ca\/high5-high-build-primer\/","title":{"rendered":"HIGH#5 Appr\u00eat Garnissant"},"content":{"rendered":"<div class=\"fusion-fullwidth fullwidth-box fusion-builder-row-1 fusion-flex-container nonhundred-percent-fullwidth non-hundred-percent-height-scrolling\" style=\"--awb-border-radius-top-left:0px;--awb-border-radius-top-right:0px;--awb-border-radius-bottom-right:0px;--awb-border-radius-bottom-left:0px;--awb-margin-top:20px;--awb-flex-wrap:wrap;\" ><div class=\"fusion-builder-row fusion-row fusion-flex-align-items-flex-start fusion-flex-content-wrap\" style=\"max-width:1203.6px;margin-left: calc(-2% \/ 2 );margin-right: calc(-2% \/ 2 );\"><div class=\"fusion-layout-column fusion_builder_column fusion-builder-column-0 fusion_builder_column_4_5 4_5 fusion-flex-column\" style=\"--awb-bg-size:cover;--awb-width-large:80%;--awb-margin-top-large:0px;--awb-spacing-right-large:1.225%;--awb-margin-bottom-large:20px;--awb-spacing-left-large:1.225%;--awb-width-medium:50%;--awb-order-medium:0;--awb-spacing-right-medium:1.96%;--awb-spacing-left-medium:1.96%;--awb-width-small:100%;--awb-order-small:0;--awb-spacing-right-small:0.98%;--awb-spacing-left-small:0.98%;\"><div class=\"fusion-column-wrapper fusion-column-has-shadow fusion-flex-justify-content-flex-end fusion-content-layout-row\"><div ><a class=\"fusion-button button-flat fusion-button-default-size button-default fusion-button-default button-1 fusion-button-default-span fusion-button-default-type\" target=\"lightbox\" rel=\"iLightbox\" href=\"https:\/\/u-pol.com\/wp-content\/uploads\/High5.mp4\"><span class=\"fusion-button-text awb-button__text awb-button__text--default\">Watch Video<\/span><\/a><\/div><\/div><\/div><div class=\"fusion-layout-column fusion_builder_column fusion-builder-column-1 fusion_builder_column_1_5 1_5 fusion-flex-column\" style=\"--awb-bg-size:cover;--awb-width-large:20%;--awb-margin-top-large:0px;--awb-spacing-right-large:4.9%;--awb-margin-bottom-large:20px;--awb-spacing-left-large:4.9%;--awb-width-medium:20%;--awb-order-medium:0;--awb-spacing-right-medium:4.9%;--awb-spacing-left-medium:4.9%;--awb-width-small:50%;--awb-order-small:0;--awb-spacing-right-small:1.96%;--awb-spacing-left-small:1.96%;\"><div class=\"fusion-column-wrapper fusion-column-has-shadow fusion-flex-justify-content-flex-start fusion-content-layout-column\"><div ><a class=\"fusion-button button-flat fusion-button-default-size button-default fusion-button-default button-2 fusion-button-default-span fusion-button-default-type\" target=\"_blank\" rel=\"noopener noreferrer\" href=\"https:\/\/u-pol.com\/wp-content\/uploads\/High5.pdf\"><span class=\"fusion-button-text awb-button__text awb-button__text--default\">Flyer<\/span><\/a><\/div><\/div><\/div><div class=\"fusion-layout-column fusion_builder_column fusion-builder-column-2 fusion_builder_column_1_1 1_1 fusion-flex-column\" style=\"--awb-bg-size:cover;--awb-width-large:100%;--awb-margin-top-large:0px;--awb-spacing-right-large:0.98%;--awb-margin-bottom-large:20px;--awb-spacing-left-large:0.98%;--awb-width-medium:100%;--awb-order-medium:0;--awb-spacing-right-medium:0.98%;--awb-spacing-left-medium:0.98%;--awb-width-small:100%;--awb-order-small:0;--awb-spacing-right-small:0.98%;--awb-spacing-left-small:0.98%;\"><div class=\"fusion-column-wrapper fusion-column-has-shadow fusion-flex-justify-content-flex-start fusion-content-layout-column\">\n<div class=\"table-1\">\n<table width=\"100%\">\n<thead>\n<tr>\n<th align=\"left\">Reference<\/th>\n<th align=\"left\">Format<\/th>\n<th align=\"left\">Couleur<\/th>\n<th align=\"left\">Par Carton<\/th>\n<th align=\"left\">Technical Data Sheet<\/th>\n<th align=\"left\">Safety Data Sheet<\/th>\n<\/tr>\n<\/thead>\n<tbody>\n<tr>\n<td align=\"left\">UP0763V<\/td>\n<td align=\"left\">A\u00e9rosol 450 ml<\/td>\n<td align=\"left\">Blanc<\/td>\n<td align=\"left\">6<\/td>\n<td align=\"left\"><a href=\"https:\/\/u-pol.com\/fr\/video\/highb-al-tds-fr-pd\/highb-al-tds-fr-pd\/\" target=\"_blank\" rel=\"noopener\">UP0763V TDS<\/a><\/td>\n<td align=\"left\"><a href=\"https:\/\/u-pol.com\/wp-content\/uploads\/HIGHVWAL-CA-SDS-FR.pdf\">UP0763V SDS<\/a><\/td>\n<\/tr>\n<tr>\n<td align=\"left\">UP0791V<\/td>\n<td align=\"left\">A\u00e9rosol 450 ml<\/td>\n<td align=\"left\">Gris<\/td>\n<td align=\"left\">6<\/td>\n<td align=\"left\"><a href=\"https:\/\/u-pol.com\/fr\/video\/highg-al-tds-fr\/highg-al-tds-fr\/\" target=\"_blank\" rel=\"noopener\">UP0791V TDS<\/a><\/td>\n<td align=\"left\"><a href=\"https:\/\/u-pol.com\/wp-content\/uploads\/HIGHVGAL-CA-SDS-FR.pdf\">UP0791V SDS<\/a><\/td>\n<\/tr>\n<tr>\n<td align=\"left\">UP0871<\/td>\n<td align=\"left\">A\u00e9rosol 450 ml<\/td>\n<td align=\"left\">Noir<\/td>\n<td align=\"left\">6<\/td>\n<td align=\"left\"><a href=\"https:\/\/u-pol.com\/fr\/video\/highw-al-tds-fr\/highw-al-tds-fr\/\" target=\"_blank\" rel=\"noopener\">UP0871 TDS<\/a><\/td>\n<td align=\"left\"><a href=\"https:\/\/u-pol.com\/wp-content\/uploads\/HIGHVBKAL-CA-SDS-FR.pdf\">UP0871 SDS<\/a><\/td>\n<\/tr>\n<tr>\n<td align=\"left\">UP0765V<\/td>\n<td align=\"left\">A\u00e9rosol 450 ml<\/td>\n<td align=\"left\">Gris Fonce<\/td>\n<td align=\"left\">6<\/td>\n<td align=\"left\"><a href=\"https:\/\/u-pol.com\/fr\/video\/highdg-al-tds-fr\/highdg-al-tds-fr\/\" target=\"_blank\" rel=\"noopener\">UP0765V TDS<\/a><\/td>\n<td align=\"left\"><a href=\"https:\/\/u-pol.com\/wp-content\/uploads\/HIGHDGVAL-CA-SDS-FR.pdf\">UP0765V SDS<\/a><\/td>\n<\/tr>\n<tr>\n<td align=\"left\">UP0783V<\/td>\n<td align=\"left\">A\u00e9rosol 450 ml<\/td>\n<td align=\"left\">Beige<\/td>\n<td align=\"left\">6<\/td>\n<td align=\"left\"><a href=\"https:\/\/u-pol.com\/fr\/video\/highw-al-tds-fr\/highw-al-tds-fr\/\" target=\"_blank\" rel=\"noopener\">UP0783V TDS<\/a><\/td>\n<td align=\"left\"><a href=\"https:\/\/u-pol.com\/wp-content\/uploads\/HIGHVBKAL-CA-SDS-FR.pdf\">UP0783V SDS<\/a><\/td>\n<\/tr>\n<\/tbody>\n<\/table>\n<\/div>\n<\/div><\/div><\/div><\/div>\n","protected":false},"excerpt":{"rendered":"<p>Appr\u00eat \u00e0 tr\u00e8s haut pouvoir garnissant id\u00e9al pour atteindre une surface lisse avant d\u2019appliquer la peinture.<br \/>\n\u2022 Id\u00e9al pour les petites r\u00e9parations<br \/>\n\u2022 Reproduit une couche aussi \u00e9paisse qu\u2019un appr\u00eat appliqu\u00e9 au pistolet<br \/>\n\u2022 S\u00e9chage rapide, facile \u00e0 poncer<br \/>\n\u2022 Buse standard pour les applications traditionnelles<br \/>\n\u2022 Buse \u00e0 jet plat pour une pulv\u00e9risation type pistolet<\/p>\n","protected":false},"featured_media":76636,"template":"","meta":[],"product_brand":[],"product_cat":[1682,1685],"product_tag":[1754],"class_list":{"0":"post-76634","1":"product","2":"type-product","3":"status-publish","4":"has-post-thumbnail","6":"product_cat-aerosols-fr-ca","7":"product_cat-aerosols-premium-fr-ca","8":"product_tag-premium-aerosols-fr-ca","10":"first","11":"instock","12":"downloadable","13":"virtual","14":"sold-individually","15":"product-type-simple"},"yoast_head":"<title>HIGH#5 Appr\u00eat Garnissant - U-Pol<\/title>\n<meta name=\"description\" content=\"High build lacquer primer aerosol that fill uneven surfaces prior to topcoating. Ideal for spot repairs on fully cured paint, polyester body fillers, GRP and properly prepared steel, aluminum, and galvanized panels.\" \/>\n<meta name=\"robots\" content=\"index, follow, max-snippet:-1, max-image-preview:large, max-video-preview:-1\" \/>\n<link rel=\"canonical\" href=\"https:\/\/u-pol.com\/fr-ca\/product\/aerosols-fr-ca\/aerosols-premium-fr-ca\/high5-high-build-primer\/\" \/>\n<meta property=\"og:locale\" content=\"fr_CA\" \/>\n<meta property=\"og:type\" content=\"article\" \/>\n<meta property=\"og:title\" content=\"HIGH#5 Appr\u00eat Garnissant - U-Pol\" \/>\n<meta property=\"og:description\" content=\"High build lacquer primer aerosol that fill uneven surfaces prior to topcoating. Ideal for spot repairs on fully cured paint, polyester body fillers, GRP and properly prepared steel, aluminum, and galvanized panels.\" \/>\n<meta property=\"og:url\" content=\"https:\/\/u-pol.com\/fr-ca\/product\/aerosols-fr-ca\/aerosols-premium-fr-ca\/high5-high-build-primer\/\" \/>\n<meta property=\"og:site_name\" content=\"U-Pol\" \/>\n<meta property=\"article:publisher\" content=\"https:\/\/www.facebook.com\/U-POL-UK-409641822803819\/\" \/>\n<meta property=\"article:modified_time\" content=\"2023-04-25T12:41:58+00:00\" \/>\n<meta property=\"og:image\" content=\"https:\/\/u-pol.com\/wp-content\/uploads\/HIGH-5-High-Build-Primer-Filler.jpg\" \/>\n\t<meta property=\"og:image:width\" content=\"500\" \/>\n\t<meta property=\"og:image:height\" content=\"500\" \/>\n\t<meta property=\"og:image:type\" content=\"image\/jpeg\" \/>\n<meta name=\"twitter:card\" content=\"summary_large_image\" \/>\n<meta name=\"twitter:site\" content=\"@UpolUK\" \/>\n<meta name=\"twitter:label1\" content=\"Estimation du temps de lecture\" \/>\n\t<meta name=\"twitter:data1\" content=\"8 minutes\" \/>\n<script type=\"application\/ld+json\" class=\"yoast-schema-graph\">{\"@context\":\"https:\/\/schema.org\",\"@graph\":[{\"@type\":\"WebPage\",\"@id\":\"https:\/\/u-pol.com\/fr-ca\/product\/aerosols-fr-ca\/aerosols-premium-fr-ca\/high5-high-build-primer\/\",\"url\":\"https:\/\/u-pol.com\/fr-ca\/product\/aerosols-fr-ca\/aerosols-premium-fr-ca\/high5-high-build-primer\/\",\"name\":\"HIGH#5 Appr\u00eat Garnissant - U-Pol\",\"isPartOf\":{\"@id\":\"https:\/\/u-pol.com\/fr-ca\/#website\"},\"primaryImageOfPage\":{\"@id\":\"https:\/\/u-pol.com\/fr-ca\/product\/aerosols-fr-ca\/aerosols-premium-fr-ca\/high5-high-build-primer\/#primaryimage\"},\"image\":{\"@id\":\"https:\/\/u-pol.com\/fr-ca\/product\/aerosols-fr-ca\/aerosols-premium-fr-ca\/high5-high-build-primer\/#primaryimage\"},\"thumbnailUrl\":\"https:\/\/u-pol.com\/wp-content\/uploads\/HIGH-5-High-Build-Primer-Filler.jpg\",\"datePublished\":\"2022-04-04T13:07:32+00:00\",\"dateModified\":\"2023-04-25T12:41:58+00:00\",\"description\":\"High build lacquer primer aerosol that fill uneven surfaces prior to topcoating. Ideal for spot repairs on fully cured paint, polyester body fillers, GRP and properly prepared steel, aluminum, and galvanized panels.\",\"breadcrumb\":{\"@id\":\"https:\/\/u-pol.com\/fr-ca\/product\/aerosols-fr-ca\/aerosols-premium-fr-ca\/high5-high-build-primer\/#breadcrumb\"},\"inLanguage\":\"fr-CA\",\"potentialAction\":[{\"@type\":\"ReadAction\",\"target\":[\"https:\/\/u-pol.com\/fr-ca\/product\/aerosols-fr-ca\/aerosols-premium-fr-ca\/high5-high-build-primer\/\"]}]},{\"@type\":\"ImageObject\",\"inLanguage\":\"fr-CA\",\"@id\":\"https:\/\/u-pol.com\/fr-ca\/product\/aerosols-fr-ca\/aerosols-premium-fr-ca\/high5-high-build-primer\/#primaryimage\",\"url\":\"https:\/\/u-pol.com\/wp-content\/uploads\/HIGH-5-High-Build-Primer-Filler.jpg\",\"contentUrl\":\"https:\/\/u-pol.com\/wp-content\/uploads\/HIGH-5-High-Build-Primer-Filler.jpg\",\"width\":500,\"height\":500,\"caption\":\"HIGH#5 High Build Primer Filler\"},{\"@type\":\"BreadcrumbList\",\"@id\":\"https:\/\/u-pol.com\/fr-ca\/product\/aerosols-fr-ca\/aerosols-premium-fr-ca\/high5-high-build-primer\/#breadcrumb\",\"itemListElement\":[{\"@type\":\"ListItem\",\"position\":1,\"name\":\"Home\",\"item\":\"https:\/\/u-pol.com\/fr-ca\/\"},{\"@type\":\"ListItem\",\"position\":2,\"name\":\"Shop\",\"item\":\"https:\/\/u-pol.com\/?page_id=235\"},{\"@type\":\"ListItem\",\"position\":3,\"name\":\"HIGH#5 Appr\u00eat Garnissant\"}]},{\"@type\":\"WebSite\",\"@id\":\"https:\/\/u-pol.com\/fr-ca\/#website\",\"url\":\"https:\/\/u-pol.com\/fr-ca\/\",\"name\":\"U-Pol\",\"description\":\"\",\"publisher\":{\"@id\":\"https:\/\/u-pol.com\/fr-ca\/#organization\"},\"potentialAction\":[{\"@type\":\"SearchAction\",\"target\":{\"@type\":\"EntryPoint\",\"urlTemplate\":\"https:\/\/u-pol.com\/fr-ca\/?s={search_term_string}\"},\"query-input\":{\"@type\":\"PropertyValueSpecification\",\"valueRequired\":true,\"valueName\":\"search_term_string\"}}],\"inLanguage\":\"fr-CA\"},{\"@type\":\"Organization\",\"@id\":\"https:\/\/u-pol.com\/fr-ca\/#organization\",\"name\":\"U-POL\",\"url\":\"https:\/\/u-pol.com\/fr-ca\/\",\"logo\":{\"@type\":\"ImageObject\",\"inLanguage\":\"fr-CA\",\"@id\":\"https:\/\/u-pol.com\/fr-ca\/#\/schema\/logo\/image\/\",\"url\":\"https:\/\/u-pol.com\/wp-content\/uploads\/UPOL-sticky-bLogo.png\",\"contentUrl\":\"https:\/\/u-pol.com\/wp-content\/uploads\/UPOL-sticky-bLogo.png\",\"width\":125,\"height\":75,\"caption\":\"U-POL\"},\"image\":{\"@id\":\"https:\/\/u-pol.com\/fr-ca\/#\/schema\/logo\/image\/\"},\"sameAs\":[\"https:\/\/www.facebook.com\/U-POL-UK-409641822803819\/\",\"https:\/\/x.com\/UpolUK\"]}]}<\/script>","yoast_head_json":{"title":"HIGH#5 Appr\u00eat Garnissant - U-Pol","description":"High build lacquer primer aerosol that fill uneven surfaces prior to topcoating. Ideal for spot repairs on fully cured paint, polyester body fillers, GRP and properly prepared steel, aluminum, and galvanized panels.","robots":{"index":"index","follow":"follow","max-snippet":"max-snippet:-1","max-image-preview":"max-image-preview:large","max-video-preview":"max-video-preview:-1"},"canonical":"https:\/\/u-pol.com\/fr-ca\/product\/aerosols-fr-ca\/aerosols-premium-fr-ca\/high5-high-build-primer\/","og_locale":"fr_CA","og_type":"article","og_title":"HIGH#5 Appr\u00eat Garnissant - U-Pol","og_description":"High build lacquer primer aerosol that fill uneven surfaces prior to topcoating. Ideal for spot repairs on fully cured paint, polyester body fillers, GRP and properly prepared steel, aluminum, and galvanized panels.","og_url":"https:\/\/u-pol.com\/fr-ca\/product\/aerosols-fr-ca\/aerosols-premium-fr-ca\/high5-high-build-primer\/","og_site_name":"U-Pol","article_publisher":"https:\/\/www.facebook.com\/U-POL-UK-409641822803819\/","article_modified_time":"2023-04-25T12:41:58+00:00","og_image":[{"width":500,"height":500,"url":"https:\/\/u-pol.com\/wp-content\/uploads\/HIGH-5-High-Build-Primer-Filler.jpg","type":"image\/jpeg"}],"twitter_card":"summary_large_image","twitter_site":"@UpolUK","twitter_misc":{"Estimation du temps de lecture":"8 minutes"},"schema":{"@context":"https:\/\/schema.org","@graph":[{"@type":"WebPage","@id":"https:\/\/u-pol.com\/fr-ca\/product\/aerosols-fr-ca\/aerosols-premium-fr-ca\/high5-high-build-primer\/","url":"https:\/\/u-pol.com\/fr-ca\/product\/aerosols-fr-ca\/aerosols-premium-fr-ca\/high5-high-build-primer\/","name":"HIGH#5 Appr\u00eat Garnissant - U-Pol","isPartOf":{"@id":"https:\/\/u-pol.com\/fr-ca\/#website"},"primaryImageOfPage":{"@id":"https:\/\/u-pol.com\/fr-ca\/product\/aerosols-fr-ca\/aerosols-premium-fr-ca\/high5-high-build-primer\/#primaryimage"},"image":{"@id":"https:\/\/u-pol.com\/fr-ca\/product\/aerosols-fr-ca\/aerosols-premium-fr-ca\/high5-high-build-primer\/#primaryimage"},"thumbnailUrl":"https:\/\/u-pol.com\/wp-content\/uploads\/HIGH-5-High-Build-Primer-Filler.jpg","datePublished":"2022-04-04T13:07:32+00:00","dateModified":"2023-04-25T12:41:58+00:00","description":"High build lacquer primer aerosol that fill uneven surfaces prior to topcoating. Ideal for spot repairs on fully cured paint, polyester body fillers, GRP and properly prepared steel, aluminum, and galvanized panels.","breadcrumb":{"@id":"https:\/\/u-pol.com\/fr-ca\/product\/aerosols-fr-ca\/aerosols-premium-fr-ca\/high5-high-build-primer\/#breadcrumb"},"inLanguage":"fr-CA","potentialAction":[{"@type":"ReadAction","target":["https:\/\/u-pol.com\/fr-ca\/product\/aerosols-fr-ca\/aerosols-premium-fr-ca\/high5-high-build-primer\/"]}]},{"@type":"ImageObject","inLanguage":"fr-CA","@id":"https:\/\/u-pol.com\/fr-ca\/product\/aerosols-fr-ca\/aerosols-premium-fr-ca\/high5-high-build-primer\/#primaryimage","url":"https:\/\/u-pol.com\/wp-content\/uploads\/HIGH-5-High-Build-Primer-Filler.jpg","contentUrl":"https:\/\/u-pol.com\/wp-content\/uploads\/HIGH-5-High-Build-Primer-Filler.jpg","width":500,"height":500,"caption":"HIGH#5 High Build Primer Filler"},{"@type":"BreadcrumbList","@id":"https:\/\/u-pol.com\/fr-ca\/product\/aerosols-fr-ca\/aerosols-premium-fr-ca\/high5-high-build-primer\/#breadcrumb","itemListElement":[{"@type":"ListItem","position":1,"name":"Home","item":"https:\/\/u-pol.com\/fr-ca\/"},{"@type":"ListItem","position":2,"name":"Shop","item":"https:\/\/u-pol.com\/?page_id=235"},{"@type":"ListItem","position":3,"name":"HIGH#5 Appr\u00eat Garnissant"}]},{"@type":"WebSite","@id":"https:\/\/u-pol.com\/fr-ca\/#website","url":"https:\/\/u-pol.com\/fr-ca\/","name":"U-Pol","description":"","publisher":{"@id":"https:\/\/u-pol.com\/fr-ca\/#organization"},"potentialAction":[{"@type":"SearchAction","target":{"@type":"EntryPoint","urlTemplate":"https:\/\/u-pol.com\/fr-ca\/?s={search_term_string}"},"query-input":{"@type":"PropertyValueSpecification","valueRequired":true,"valueName":"search_term_string"}}],"inLanguage":"fr-CA"},{"@type":"Organization","@id":"https:\/\/u-pol.com\/fr-ca\/#organization","name":"U-POL","url":"https:\/\/u-pol.com\/fr-ca\/","logo":{"@type":"ImageObject","inLanguage":"fr-CA","@id":"https:\/\/u-pol.com\/fr-ca\/#\/schema\/logo\/image\/","url":"https:\/\/u-pol.com\/wp-content\/uploads\/UPOL-sticky-bLogo.png","contentUrl":"https:\/\/u-pol.com\/wp-content\/uploads\/UPOL-sticky-bLogo.png","width":125,"height":75,"caption":"U-POL"},"image":{"@id":"https:\/\/u-pol.com\/fr-ca\/#\/schema\/logo\/image\/"},"sameAs":["https:\/\/www.facebook.com\/U-POL-UK-409641822803819\/","https:\/\/x.com\/UpolUK"]}]}},"_links":{"self":[{"href":"https:\/\/u-pol.com\/fr-ca\/wp-json\/wp\/v2\/product\/76634","targetHints":{"allow":["GET"]}}],"collection":[{"href":"https:\/\/u-pol.com\/fr-ca\/wp-json\/wp\/v2\/product"}],"about":[{"href":"https:\/\/u-pol.com\/fr-ca\/wp-json\/wp\/v2\/types\/product"}],"wp:featuredmedia":[{"embeddable":true,"href":"https:\/\/u-pol.com\/fr-ca\/wp-json\/wp\/v2\/media\/76636"}],"wp:attachment":[{"href":"https:\/\/u-pol.com\/fr-ca\/wp-json\/wp\/v2\/media?parent=76634"}],"wp:term":[{"taxonomy":"product_brand","embeddable":true,"href":"https:\/\/u-pol.com\/fr-ca\/wp-json\/wp\/v2\/product_brand?post=76634"},{"taxonomy":"product_cat","embeddable":true,"href":"https:\/\/u-pol.com\/fr-ca\/wp-json\/wp\/v2\/product_cat?post=76634"},{"taxonomy":"product_tag","embeddable":true,"href":"https:\/\/u-pol.com\/fr-ca\/wp-json\/wp\/v2\/product_tag?post=76634"}],"curies":[{"name":"wp","href":"https:\/\/api.w.org\/{rel}","templated":true}]}}