{"id":76640,"date":"2022-04-04T13:05:08","date_gmt":"2022-04-04T13:05:08","guid":{"rendered":"https:\/\/u-pol.com\/product\/non%20class\u00e9\/guide7-dry-guide-coat\/"},"modified":"2023-04-25T12:42:02","modified_gmt":"2023-04-25T12:42:02","slug":"guide7-dry-guide-coat","status":"publish","type":"product","link":"https:\/\/u-pol.com\/fr-ca\/product\/aerosols-fr-ca\/aerosols-premium-fr-ca\/guide7-dry-guide-coat\/","title":{"rendered":"GUIDE#7 Guide de Pon\u00e7age \u00e0 Sec"},"content":{"rendered":"<div class=\"fusion-fullwidth fullwidth-box fusion-builder-row-1 fusion-flex-container nonhundred-percent-fullwidth non-hundred-percent-height-scrolling\" style=\"--awb-border-radius-top-left:0px;--awb-border-radius-top-right:0px;--awb-border-radius-bottom-right:0px;--awb-border-radius-bottom-left:0px;--awb-margin-top:20px;--awb-flex-wrap:wrap;\" ><div class=\"fusion-builder-row fusion-row fusion-flex-align-items-flex-start fusion-flex-content-wrap\" style=\"max-width:1203.6px;margin-left: calc(-2% \/ 2 );margin-right: calc(-2% \/ 2 );\"><div class=\"fusion-layout-column fusion_builder_column fusion-builder-column-0 fusion_builder_column_3_4 3_4 fusion-flex-column\" style=\"--awb-bg-size:cover;--awb-width-large:75%;--awb-margin-top-large:0px;--awb-spacing-right-large:1.3066666666667%;--awb-margin-bottom-large:20px;--awb-spacing-left-large:1.3066666666667%;--awb-width-medium:50%;--awb-order-medium:0;--awb-spacing-right-medium:1.96%;--awb-spacing-left-medium:1.96%;--awb-width-small:100%;--awb-order-small:0;--awb-spacing-right-small:0.98%;--awb-spacing-left-small:0.98%;\"><div class=\"fusion-column-wrapper fusion-column-has-shadow fusion-flex-justify-content-flex-end fusion-content-layout-row\"><div ><a class=\"fusion-button button-flat fusion-button-default-size button-default fusion-button-default button-1 fusion-button-default-span fusion-button-default-type\" target=\"lightbox\" rel=\"iLightbox\" href=\"https:\/\/u-pol.com\/wp-content\/uploads\/Guide7.mp4\"><span class=\"fusion-button-text awb-button__text awb-button__text--default\">Watch Video<\/span><\/a><\/div><\/div><\/div><div class=\"fusion-layout-column fusion_builder_column fusion-builder-column-1 fusion_builder_column_1_4 1_4 fusion-flex-column\" style=\"--awb-bg-size:cover;--awb-width-large:25%;--awb-margin-top-large:0px;--awb-spacing-right-large:3.92%;--awb-margin-bottom-large:20px;--awb-spacing-left-large:3.92%;--awb-width-medium:50%;--awb-order-medium:0;--awb-spacing-right-medium:1.96%;--awb-spacing-left-medium:1.96%;--awb-width-small:100%;--awb-order-small:0;--awb-spacing-right-small:0.98%;--awb-spacing-left-small:0.98%;\"><div class=\"fusion-column-wrapper fusion-column-has-shadow fusion-flex-justify-content-flex-start fusion-content-layout-column\"><div style=\"text-align:right;\"><a class=\"fusion-button button-flat fusion-button-default-size button-default fusion-button-default button-2 fusion-button-default-span fusion-button-default-type\" target=\"_blank\" rel=\"noopener noreferrer\" href=\"https:\/\/u-pol.com\/wp-content\/uploads\/Guide7.pdf\"><span class=\"fusion-button-text awb-button__text awb-button__text--default\">Flyer<\/span><\/a><\/div><\/div><\/div><div class=\"fusion-layout-column fusion_builder_column fusion-builder-column-2 fusion_builder_column_1_1 1_1 fusion-flex-column\" style=\"--awb-bg-size:cover;--awb-width-large:100%;--awb-margin-top-large:0px;--awb-spacing-right-large:0.98%;--awb-margin-bottom-large:20px;--awb-spacing-left-large:0.98%;--awb-width-medium:100%;--awb-order-medium:0;--awb-spacing-right-medium:0.98%;--awb-spacing-left-medium:0.98%;--awb-width-small:100%;--awb-order-small:0;--awb-spacing-right-small:0.98%;--awb-spacing-left-small:0.98%;\"><div class=\"fusion-column-wrapper fusion-column-has-shadow fusion-flex-justify-content-flex-start fusion-content-layout-column\">\n<div class=\"table-1\">\n<table width=\"100%\">\n<thead>\n<tr>\n<th align=\"left\">Reference<\/th>\n<th align=\"left\">Format<\/th>\n<th align=\"left\">Couleur<\/th>\n<th align=\"left\">Par Carton<\/th>\n<th align=\"left\">Technical Data Sheet<\/th>\n<th align=\"left\">Safety Data Sheet<\/th>\n<\/tr>\n<\/thead>\n<tbody>\n<tr>\n<td align=\"left\">UP0873<\/td>\n<td align=\"left\">A\u00e9rosol 450 ml<\/td>\n<td align=\"left\">Noir<\/td>\n<td align=\"left\">6<\/td>\n<td align=\"left\"><a href=\"https:\/\/u-pol.com\/en-us\/video\/up0873-tds\/up0873-tds-2\/\" target=\"_blank\" rel=\"noopener\">UP0873 TDS<\/a><\/td>\n<td align=\"left\"><a href=\"https:\/\/u-pol.com\/wp-content\/uploads\/GUIDEAL-CA-SDS-FR-1.pdf\">UP0873 SDS<\/a><\/td>\n<\/tr>\n<\/tbody>\n<\/table>\n<\/div>\n<\/div><\/div><\/div><\/div>\n","protected":false},"excerpt":{"rendered":"<p>Poudre s\u00e8che tr\u00e8s efficace pour r\u00e9v\u00e9ler les imperfections de surface lors du pon\u00e7age du mastic ou de l\u2019appr\u00eat.<br \/>\n\u2022 N\u2019encrasse pas les disques abrasifs<br \/>\n\u2022 Peut \u00eatre ponc\u00e9 \u00e0 l&rsquo;eau et \u00e0 sec<br \/>\n\u2022 S\u00e8che instantan\u00e9ment<\/p>\n","protected":false},"featured_media":76641,"template":"","meta":[],"product_brand":[],"product_cat":[1682,1685],"product_tag":[1754],"class_list":{"0":"post-76640","1":"product","2":"type-product","3":"status-publish","4":"has-post-thumbnail","6":"product_cat-aerosols-fr-ca","7":"product_cat-aerosols-premium-fr-ca","8":"product_tag-premium-aerosols-fr-ca","10":"first","11":"instock","12":"downloadable","13":"virtual","14":"sold-individually","15":"product-type-simple"},"yoast_head":"<title>GUIDE#7 Guide de Pon\u00e7age \u00e0 Sec - U-Pol<\/title>\n<meta name=\"description\" content=\"A dry powder guide coat used to highlight and identify surface imperfections when sanding fillers or primers.\" \/>\n<meta name=\"robots\" content=\"index, follow, max-snippet:-1, max-image-preview:large, max-video-preview:-1\" \/>\n<link rel=\"canonical\" href=\"https:\/\/u-pol.com\/fr-ca\/product\/aerosols-fr-ca\/aerosols-premium-fr-ca\/guide7-dry-guide-coat\/\" \/>\n<meta property=\"og:locale\" content=\"fr_CA\" \/>\n<meta property=\"og:type\" content=\"article\" \/>\n<meta property=\"og:title\" content=\"GUIDE#7 Guide de Pon\u00e7age \u00e0 Sec - U-Pol\" \/>\n<meta property=\"og:description\" content=\"A dry powder guide coat used to highlight and identify surface imperfections when sanding fillers or primers.\" \/>\n<meta property=\"og:url\" content=\"https:\/\/u-pol.com\/fr-ca\/product\/aerosols-fr-ca\/aerosols-premium-fr-ca\/guide7-dry-guide-coat\/\" \/>\n<meta property=\"og:site_name\" content=\"U-Pol\" \/>\n<meta property=\"article:publisher\" content=\"https:\/\/www.facebook.com\/U-POL-UK-409641822803819\/\" \/>\n<meta property=\"article:modified_time\" content=\"2023-04-25T12:42:02+00:00\" \/>\n<meta property=\"og:image\" content=\"https:\/\/u-pol.com\/wp-content\/uploads\/GUIDE-7-Dry-Guide-Coat.jpg\" \/>\n\t<meta property=\"og:image:width\" content=\"500\" \/>\n\t<meta property=\"og:image:height\" content=\"500\" \/>\n\t<meta property=\"og:image:type\" content=\"image\/jpeg\" \/>\n<meta name=\"twitter:card\" content=\"summary_large_image\" \/>\n<meta name=\"twitter:site\" content=\"@UpolUK\" \/>\n<meta name=\"twitter:label1\" content=\"Estimation du temps de lecture\" \/>\n\t<meta name=\"twitter:data1\" content=\"8 minutes\" \/>\n<script type=\"application\/ld+json\" class=\"yoast-schema-graph\">{\"@context\":\"https:\/\/schema.org\",\"@graph\":[{\"@type\":\"WebPage\",\"@id\":\"https:\/\/u-pol.com\/fr-ca\/product\/aerosols-fr-ca\/aerosols-premium-fr-ca\/guide7-dry-guide-coat\/\",\"url\":\"https:\/\/u-pol.com\/fr-ca\/product\/aerosols-fr-ca\/aerosols-premium-fr-ca\/guide7-dry-guide-coat\/\",\"name\":\"GUIDE#7 Guide de Pon\u00e7age \u00e0 Sec - U-Pol\",\"isPartOf\":{\"@id\":\"https:\/\/u-pol.com\/fr-ca\/#website\"},\"primaryImageOfPage\":{\"@id\":\"https:\/\/u-pol.com\/fr-ca\/product\/aerosols-fr-ca\/aerosols-premium-fr-ca\/guide7-dry-guide-coat\/#primaryimage\"},\"image\":{\"@id\":\"https:\/\/u-pol.com\/fr-ca\/product\/aerosols-fr-ca\/aerosols-premium-fr-ca\/guide7-dry-guide-coat\/#primaryimage\"},\"thumbnailUrl\":\"https:\/\/u-pol.com\/wp-content\/uploads\/GUIDE-7-Dry-Guide-Coat.jpg\",\"datePublished\":\"2022-04-04T13:05:08+00:00\",\"dateModified\":\"2023-04-25T12:42:02+00:00\",\"description\":\"A dry powder guide coat used to highlight and identify surface imperfections when sanding fillers or primers.\",\"breadcrumb\":{\"@id\":\"https:\/\/u-pol.com\/fr-ca\/product\/aerosols-fr-ca\/aerosols-premium-fr-ca\/guide7-dry-guide-coat\/#breadcrumb\"},\"inLanguage\":\"fr-CA\",\"potentialAction\":[{\"@type\":\"ReadAction\",\"target\":[\"https:\/\/u-pol.com\/fr-ca\/product\/aerosols-fr-ca\/aerosols-premium-fr-ca\/guide7-dry-guide-coat\/\"]}]},{\"@type\":\"ImageObject\",\"inLanguage\":\"fr-CA\",\"@id\":\"https:\/\/u-pol.com\/fr-ca\/product\/aerosols-fr-ca\/aerosols-premium-fr-ca\/guide7-dry-guide-coat\/#primaryimage\",\"url\":\"https:\/\/u-pol.com\/wp-content\/uploads\/GUIDE-7-Dry-Guide-Coat.jpg\",\"contentUrl\":\"https:\/\/u-pol.com\/wp-content\/uploads\/GUIDE-7-Dry-Guide-Coat.jpg\",\"width\":500,\"height\":500,\"caption\":\"GUIDE#7 Dry Guide Coat\"},{\"@type\":\"BreadcrumbList\",\"@id\":\"https:\/\/u-pol.com\/fr-ca\/product\/aerosols-fr-ca\/aerosols-premium-fr-ca\/guide7-dry-guide-coat\/#breadcrumb\",\"itemListElement\":[{\"@type\":\"ListItem\",\"position\":1,\"name\":\"Home\",\"item\":\"https:\/\/u-pol.com\/fr-ca\/\"},{\"@type\":\"ListItem\",\"position\":2,\"name\":\"Shop\",\"item\":\"https:\/\/u-pol.com\/?page_id=235\"},{\"@type\":\"ListItem\",\"position\":3,\"name\":\"GUIDE#7 Guide de Pon\u00e7age \u00e0 Sec\"}]},{\"@type\":\"WebSite\",\"@id\":\"https:\/\/u-pol.com\/fr-ca\/#website\",\"url\":\"https:\/\/u-pol.com\/fr-ca\/\",\"name\":\"U-Pol\",\"description\":\"\",\"publisher\":{\"@id\":\"https:\/\/u-pol.com\/fr-ca\/#organization\"},\"potentialAction\":[{\"@type\":\"SearchAction\",\"target\":{\"@type\":\"EntryPoint\",\"urlTemplate\":\"https:\/\/u-pol.com\/fr-ca\/?s={search_term_string}\"},\"query-input\":{\"@type\":\"PropertyValueSpecification\",\"valueRequired\":true,\"valueName\":\"search_term_string\"}}],\"inLanguage\":\"fr-CA\"},{\"@type\":\"Organization\",\"@id\":\"https:\/\/u-pol.com\/fr-ca\/#organization\",\"name\":\"U-POL\",\"url\":\"https:\/\/u-pol.com\/fr-ca\/\",\"logo\":{\"@type\":\"ImageObject\",\"inLanguage\":\"fr-CA\",\"@id\":\"https:\/\/u-pol.com\/fr-ca\/#\/schema\/logo\/image\/\",\"url\":\"https:\/\/u-pol.com\/wp-content\/uploads\/UPOL-sticky-bLogo.png\",\"contentUrl\":\"https:\/\/u-pol.com\/wp-content\/uploads\/UPOL-sticky-bLogo.png\",\"width\":125,\"height\":75,\"caption\":\"U-POL\"},\"image\":{\"@id\":\"https:\/\/u-pol.com\/fr-ca\/#\/schema\/logo\/image\/\"},\"sameAs\":[\"https:\/\/www.facebook.com\/U-POL-UK-409641822803819\/\",\"https:\/\/x.com\/UpolUK\"]}]}<\/script>","yoast_head_json":{"title":"GUIDE#7 Guide de Pon\u00e7age \u00e0 Sec - U-Pol","description":"A dry powder guide coat used to highlight and identify surface imperfections when sanding fillers or primers.","robots":{"index":"index","follow":"follow","max-snippet":"max-snippet:-1","max-image-preview":"max-image-preview:large","max-video-preview":"max-video-preview:-1"},"canonical":"https:\/\/u-pol.com\/fr-ca\/product\/aerosols-fr-ca\/aerosols-premium-fr-ca\/guide7-dry-guide-coat\/","og_locale":"fr_CA","og_type":"article","og_title":"GUIDE#7 Guide de Pon\u00e7age \u00e0 Sec - U-Pol","og_description":"A dry powder guide coat used to highlight and identify surface imperfections when sanding fillers or primers.","og_url":"https:\/\/u-pol.com\/fr-ca\/product\/aerosols-fr-ca\/aerosols-premium-fr-ca\/guide7-dry-guide-coat\/","og_site_name":"U-Pol","article_publisher":"https:\/\/www.facebook.com\/U-POL-UK-409641822803819\/","article_modified_time":"2023-04-25T12:42:02+00:00","og_image":[{"width":500,"height":500,"url":"https:\/\/u-pol.com\/wp-content\/uploads\/GUIDE-7-Dry-Guide-Coat.jpg","type":"image\/jpeg"}],"twitter_card":"summary_large_image","twitter_site":"@UpolUK","twitter_misc":{"Estimation du temps de lecture":"8 minutes"},"schema":{"@context":"https:\/\/schema.org","@graph":[{"@type":"WebPage","@id":"https:\/\/u-pol.com\/fr-ca\/product\/aerosols-fr-ca\/aerosols-premium-fr-ca\/guide7-dry-guide-coat\/","url":"https:\/\/u-pol.com\/fr-ca\/product\/aerosols-fr-ca\/aerosols-premium-fr-ca\/guide7-dry-guide-coat\/","name":"GUIDE#7 Guide de Pon\u00e7age \u00e0 Sec - U-Pol","isPartOf":{"@id":"https:\/\/u-pol.com\/fr-ca\/#website"},"primaryImageOfPage":{"@id":"https:\/\/u-pol.com\/fr-ca\/product\/aerosols-fr-ca\/aerosols-premium-fr-ca\/guide7-dry-guide-coat\/#primaryimage"},"image":{"@id":"https:\/\/u-pol.com\/fr-ca\/product\/aerosols-fr-ca\/aerosols-premium-fr-ca\/guide7-dry-guide-coat\/#primaryimage"},"thumbnailUrl":"https:\/\/u-pol.com\/wp-content\/uploads\/GUIDE-7-Dry-Guide-Coat.jpg","datePublished":"2022-04-04T13:05:08+00:00","dateModified":"2023-04-25T12:42:02+00:00","description":"A dry powder guide coat used to highlight and identify surface imperfections when sanding fillers or primers.","breadcrumb":{"@id":"https:\/\/u-pol.com\/fr-ca\/product\/aerosols-fr-ca\/aerosols-premium-fr-ca\/guide7-dry-guide-coat\/#breadcrumb"},"inLanguage":"fr-CA","potentialAction":[{"@type":"ReadAction","target":["https:\/\/u-pol.com\/fr-ca\/product\/aerosols-fr-ca\/aerosols-premium-fr-ca\/guide7-dry-guide-coat\/"]}]},{"@type":"ImageObject","inLanguage":"fr-CA","@id":"https:\/\/u-pol.com\/fr-ca\/product\/aerosols-fr-ca\/aerosols-premium-fr-ca\/guide7-dry-guide-coat\/#primaryimage","url":"https:\/\/u-pol.com\/wp-content\/uploads\/GUIDE-7-Dry-Guide-Coat.jpg","contentUrl":"https:\/\/u-pol.com\/wp-content\/uploads\/GUIDE-7-Dry-Guide-Coat.jpg","width":500,"height":500,"caption":"GUIDE#7 Dry Guide Coat"},{"@type":"BreadcrumbList","@id":"https:\/\/u-pol.com\/fr-ca\/product\/aerosols-fr-ca\/aerosols-premium-fr-ca\/guide7-dry-guide-coat\/#breadcrumb","itemListElement":[{"@type":"ListItem","position":1,"name":"Home","item":"https:\/\/u-pol.com\/fr-ca\/"},{"@type":"ListItem","position":2,"name":"Shop","item":"https:\/\/u-pol.com\/?page_id=235"},{"@type":"ListItem","position":3,"name":"GUIDE#7 Guide de Pon\u00e7age \u00e0 Sec"}]},{"@type":"WebSite","@id":"https:\/\/u-pol.com\/fr-ca\/#website","url":"https:\/\/u-pol.com\/fr-ca\/","name":"U-Pol","description":"","publisher":{"@id":"https:\/\/u-pol.com\/fr-ca\/#organization"},"potentialAction":[{"@type":"SearchAction","target":{"@type":"EntryPoint","urlTemplate":"https:\/\/u-pol.com\/fr-ca\/?s={search_term_string}"},"query-input":{"@type":"PropertyValueSpecification","valueRequired":true,"valueName":"search_term_string"}}],"inLanguage":"fr-CA"},{"@type":"Organization","@id":"https:\/\/u-pol.com\/fr-ca\/#organization","name":"U-POL","url":"https:\/\/u-pol.com\/fr-ca\/","logo":{"@type":"ImageObject","inLanguage":"fr-CA","@id":"https:\/\/u-pol.com\/fr-ca\/#\/schema\/logo\/image\/","url":"https:\/\/u-pol.com\/wp-content\/uploads\/UPOL-sticky-bLogo.png","contentUrl":"https:\/\/u-pol.com\/wp-content\/uploads\/UPOL-sticky-bLogo.png","width":125,"height":75,"caption":"U-POL"},"image":{"@id":"https:\/\/u-pol.com\/fr-ca\/#\/schema\/logo\/image\/"},"sameAs":["https:\/\/www.facebook.com\/U-POL-UK-409641822803819\/","https:\/\/x.com\/UpolUK"]}]}},"_links":{"self":[{"href":"https:\/\/u-pol.com\/fr-ca\/wp-json\/wp\/v2\/product\/76640","targetHints":{"allow":["GET"]}}],"collection":[{"href":"https:\/\/u-pol.com\/fr-ca\/wp-json\/wp\/v2\/product"}],"about":[{"href":"https:\/\/u-pol.com\/fr-ca\/wp-json\/wp\/v2\/types\/product"}],"wp:featuredmedia":[{"embeddable":true,"href":"https:\/\/u-pol.com\/fr-ca\/wp-json\/wp\/v2\/media\/76641"}],"wp:attachment":[{"href":"https:\/\/u-pol.com\/fr-ca\/wp-json\/wp\/v2\/media?parent=76640"}],"wp:term":[{"taxonomy":"product_brand","embeddable":true,"href":"https:\/\/u-pol.com\/fr-ca\/wp-json\/wp\/v2\/product_brand?post=76640"},{"taxonomy":"product_cat","embeddable":true,"href":"https:\/\/u-pol.com\/fr-ca\/wp-json\/wp\/v2\/product_cat?post=76640"},{"taxonomy":"product_tag","embeddable":true,"href":"https:\/\/u-pol.com\/fr-ca\/wp-json\/wp\/v2\/product_tag?post=76640"}],"curies":[{"name":"wp","href":"https:\/\/api.w.org\/{rel}","templated":true}]}}