{"id":76742,"date":"2022-04-01T14:56:25","date_gmt":"2022-04-01T14:56:25","guid":{"rendered":"https:\/\/u-pol.com\/product\/non%20class\u00e9\/dolphin-speed-glaze\/"},"modified":"2023-04-25T12:35:32","modified_gmt":"2023-04-25T12:35:32","slug":"dolphin-speed-glaze","status":"publish","type":"product","link":"https:\/\/u-pol.com\/fr-ca\/product\/mastics-fr-ca\/mastics-de-finition-fr-ca\/dolphin-speed-glaze\/","title":{"rendered":"Dolphin Speed Glaze"},"content":{"rendered":"<div class=\"fusion-fullwidth fullwidth-box fusion-builder-row-1 fusion-flex-container nonhundred-percent-fullwidth non-hundred-percent-height-scrolling\" style=\"--awb-border-radius-top-left:0px;--awb-border-radius-top-right:0px;--awb-border-radius-bottom-right:0px;--awb-border-radius-bottom-left:0px;--awb-margin-top:20px;--awb-flex-wrap:wrap;\" ><div class=\"fusion-builder-row fusion-row fusion-flex-align-items-flex-start fusion-flex-content-wrap\" style=\"max-width:1203.6px;margin-left: calc(-2% \/ 2 );margin-right: calc(-2% \/ 2 );\"><div class=\"fusion-layout-column fusion_builder_column fusion-builder-column-0 fusion_builder_column_1_1 1_1 fusion-flex-column\" style=\"--awb-bg-size:cover;--awb-width-large:100%;--awb-margin-top-large:0px;--awb-spacing-right-large:0.98%;--awb-margin-bottom-large:20px;--awb-spacing-left-large:0.98%;--awb-width-medium:100%;--awb-order-medium:0;--awb-spacing-right-medium:0.98%;--awb-spacing-left-medium:0.98%;--awb-width-small:100%;--awb-order-small:0;--awb-spacing-right-small:0.98%;--awb-spacing-left-small:0.98%;\"><div class=\"fusion-column-wrapper fusion-column-has-shadow fusion-flex-justify-content-flex-end fusion-content-layout-row\"><div ><a class=\"fusion-button button-flat fusion-button-default-size button-default fusion-button-default button-1 fusion-button-default-span fusion-button-default-type\" target=\"lightbox\" rel=\"iLightbox\" href=\"https:\/\/u-pol.com\/wp-content\/uploads\/Dolphin-Speed-Glaze.mp4\"><span class=\"fusion-button-text awb-button__text awb-button__text--default\">Watch Video<\/span><\/a><\/div><\/div><\/div><div class=\"fusion-layout-column fusion_builder_column fusion-builder-column-1 fusion_builder_column_1_1 1_1 fusion-flex-column\" style=\"--awb-bg-size:cover;--awb-width-large:100%;--awb-margin-top-large:0px;--awb-spacing-right-large:0.98%;--awb-margin-bottom-large:20px;--awb-spacing-left-large:0.98%;--awb-width-medium:100%;--awb-order-medium:0;--awb-spacing-right-medium:0.98%;--awb-spacing-left-medium:0.98%;--awb-width-small:100%;--awb-order-small:0;--awb-spacing-right-small:0.98%;--awb-spacing-left-small:0.98%;\"><div class=\"fusion-column-wrapper fusion-column-has-shadow fusion-flex-justify-content-flex-start fusion-content-layout-column\">\n<div class=\"table-1\">\n<table width=\"100%\">\n<thead>\n<tr>\n<th align=\"left\">Reference<\/th>\n<th align=\"left\">Format<\/th>\n<th align=\"left\">Couleur<\/th>\n<th align=\"left\">Par Carton<\/th>\n<th align=\"left\">Technical Data Sheet<\/th>\n<th align=\"left\">Safety Data Sheet<\/th>\n<\/tr>\n<\/thead>\n<tbody>\n<tr>\n<td align=\"left\">UP0654<\/td>\n<td align=\"left\">Poche 440mL<\/td>\n<td align=\"left\">Bleu<\/td>\n<td align=\"left\">10<\/td>\n<td align=\"left\"><a href=\"https:\/\/u-pol.com\/fr\/video\/bagdolsg-1-tds-fr\/bagdolsg-1-tds-fr\/\" target=\"_blank\" rel=\"noopener\">UP0654 TDS<\/a><\/td>\n<td align=\"left\"><a href=\"https:\/\/u-pol.com\/wp-content\/uploads\/BAGDOLSG-CA-SDS-FR.pdf\">UP0654 SDS<\/a><\/td>\n<\/tr>\n<\/tbody>\n<\/table>\n<\/div>\n<\/div><\/div><\/div><\/div>\n","protected":false},"excerpt":{"rendered":"<p>Le mastic de finition autonivelant Dolphin Speed Glaze est sp\u00e9cialement formul\u00e9 pour terminer de tr\u00e8s fines r\u00e9parations et corriger les petites imperfections. Cette formulation \u00e0 s\u00e9chage rapide est tr\u00e8s lisse et fine.<br \/>\n\u2022 S\u00e8che en 6-8 minutes<br \/>\n\u2022 Ultra-fin, finition facile \u00e0 poncer<br \/>\n\u2022 Autonivelant<\/p>\n","protected":false},"featured_media":92493,"template":"","meta":[],"product_brand":[],"product_cat":[1697,1699],"product_tag":[1751],"class_list":{"0":"post-76742","1":"product","2":"type-product","3":"status-publish","4":"has-post-thumbnail","6":"product_cat-mastics-fr-ca","7":"product_cat-mastics-de-finition-fr-ca","8":"product_tag-dolphin-fr-ca","10":"first","11":"instock","12":"downloadable","13":"virtual","14":"sold-individually","15":"product-type-simple"},"yoast_head":"<title>Dolphin Speed Glaze - U-Pol<\/title>\n<meta name=\"description\" content=\"Dolphin Speed Glaze is an advanced, lightweight, ultra-fast curing finishing glaze specially formulated to repair scratches, stone chips and pinholes.\" \/>\n<meta name=\"robots\" content=\"index, follow, max-snippet:-1, max-image-preview:large, max-video-preview:-1\" \/>\n<link rel=\"canonical\" href=\"https:\/\/u-pol.com\/fr-ca\/product\/mastics-fr-ca\/mastics-de-finition-fr-ca\/dolphin-speed-glaze\/\" \/>\n<meta property=\"og:locale\" content=\"fr_CA\" \/>\n<meta property=\"og:type\" content=\"article\" \/>\n<meta property=\"og:title\" content=\"Dolphin Speed Glaze - U-Pol\" \/>\n<meta property=\"og:description\" content=\"Dolphin Speed Glaze is an advanced, lightweight, ultra-fast curing finishing glaze specially formulated to repair scratches, stone chips and pinholes.\" \/>\n<meta property=\"og:url\" content=\"https:\/\/u-pol.com\/fr-ca\/product\/mastics-fr-ca\/mastics-de-finition-fr-ca\/dolphin-speed-glaze\/\" \/>\n<meta property=\"og:site_name\" content=\"U-Pol\" \/>\n<meta property=\"article:publisher\" content=\"https:\/\/www.facebook.com\/U-POL-UK-409641822803819\/\" \/>\n<meta property=\"article:modified_time\" content=\"2023-04-25T12:35:32+00:00\" \/>\n<meta property=\"og:image\" content=\"https:\/\/u-pol.com\/wp-content\/uploads\/sg-new.jpg\" \/>\n\t<meta property=\"og:image:width\" content=\"1200\" \/>\n\t<meta property=\"og:image:height\" content=\"1200\" \/>\n\t<meta property=\"og:image:type\" content=\"image\/jpeg\" \/>\n<meta name=\"twitter:card\" content=\"summary_large_image\" \/>\n<meta name=\"twitter:site\" content=\"@UpolUK\" \/>\n<meta name=\"twitter:label1\" content=\"Estimation du temps de lecture\" \/>\n\t<meta name=\"twitter:data1\" content=\"5 minutes\" \/>\n<script type=\"application\/ld+json\" class=\"yoast-schema-graph\">{\"@context\":\"https:\/\/schema.org\",\"@graph\":[{\"@type\":\"WebPage\",\"@id\":\"https:\/\/u-pol.com\/fr-ca\/product\/mastics-fr-ca\/mastics-de-finition-fr-ca\/dolphin-speed-glaze\/\",\"url\":\"https:\/\/u-pol.com\/fr-ca\/product\/mastics-fr-ca\/mastics-de-finition-fr-ca\/dolphin-speed-glaze\/\",\"name\":\"Dolphin Speed Glaze - U-Pol\",\"isPartOf\":{\"@id\":\"https:\/\/u-pol.com\/fr-ca\/#website\"},\"primaryImageOfPage\":{\"@id\":\"https:\/\/u-pol.com\/fr-ca\/product\/mastics-fr-ca\/mastics-de-finition-fr-ca\/dolphin-speed-glaze\/#primaryimage\"},\"image\":{\"@id\":\"https:\/\/u-pol.com\/fr-ca\/product\/mastics-fr-ca\/mastics-de-finition-fr-ca\/dolphin-speed-glaze\/#primaryimage\"},\"thumbnailUrl\":\"https:\/\/u-pol.com\/wp-content\/uploads\/sg-new.jpg\",\"datePublished\":\"2022-04-01T14:56:25+00:00\",\"dateModified\":\"2023-04-25T12:35:32+00:00\",\"description\":\"Dolphin Speed Glaze is an advanced, lightweight, ultra-fast curing finishing glaze specially formulated to repair scratches, stone chips and pinholes.\",\"breadcrumb\":{\"@id\":\"https:\/\/u-pol.com\/fr-ca\/product\/mastics-fr-ca\/mastics-de-finition-fr-ca\/dolphin-speed-glaze\/#breadcrumb\"},\"inLanguage\":\"fr-CA\",\"potentialAction\":[{\"@type\":\"ReadAction\",\"target\":[\"https:\/\/u-pol.com\/fr-ca\/product\/mastics-fr-ca\/mastics-de-finition-fr-ca\/dolphin-speed-glaze\/\"]}]},{\"@type\":\"ImageObject\",\"inLanguage\":\"fr-CA\",\"@id\":\"https:\/\/u-pol.com\/fr-ca\/product\/mastics-fr-ca\/mastics-de-finition-fr-ca\/dolphin-speed-glaze\/#primaryimage\",\"url\":\"https:\/\/u-pol.com\/wp-content\/uploads\/sg-new.jpg\",\"contentUrl\":\"https:\/\/u-pol.com\/wp-content\/uploads\/sg-new.jpg\",\"width\":1200,\"height\":1200},{\"@type\":\"BreadcrumbList\",\"@id\":\"https:\/\/u-pol.com\/fr-ca\/product\/mastics-fr-ca\/mastics-de-finition-fr-ca\/dolphin-speed-glaze\/#breadcrumb\",\"itemListElement\":[{\"@type\":\"ListItem\",\"position\":1,\"name\":\"Home\",\"item\":\"https:\/\/u-pol.com\/fr-ca\/\"},{\"@type\":\"ListItem\",\"position\":2,\"name\":\"Shop\",\"item\":\"https:\/\/u-pol.com\/?page_id=235\"},{\"@type\":\"ListItem\",\"position\":3,\"name\":\"Dolphin Speed Glaze\"}]},{\"@type\":\"WebSite\",\"@id\":\"https:\/\/u-pol.com\/fr-ca\/#website\",\"url\":\"https:\/\/u-pol.com\/fr-ca\/\",\"name\":\"U-Pol\",\"description\":\"\",\"publisher\":{\"@id\":\"https:\/\/u-pol.com\/fr-ca\/#organization\"},\"potentialAction\":[{\"@type\":\"SearchAction\",\"target\":{\"@type\":\"EntryPoint\",\"urlTemplate\":\"https:\/\/u-pol.com\/fr-ca\/?s={search_term_string}\"},\"query-input\":{\"@type\":\"PropertyValueSpecification\",\"valueRequired\":true,\"valueName\":\"search_term_string\"}}],\"inLanguage\":\"fr-CA\"},{\"@type\":\"Organization\",\"@id\":\"https:\/\/u-pol.com\/fr-ca\/#organization\",\"name\":\"U-POL\",\"url\":\"https:\/\/u-pol.com\/fr-ca\/\",\"logo\":{\"@type\":\"ImageObject\",\"inLanguage\":\"fr-CA\",\"@id\":\"https:\/\/u-pol.com\/fr-ca\/#\/schema\/logo\/image\/\",\"url\":\"https:\/\/u-pol.com\/wp-content\/uploads\/UPOL-sticky-bLogo.png\",\"contentUrl\":\"https:\/\/u-pol.com\/wp-content\/uploads\/UPOL-sticky-bLogo.png\",\"width\":125,\"height\":75,\"caption\":\"U-POL\"},\"image\":{\"@id\":\"https:\/\/u-pol.com\/fr-ca\/#\/schema\/logo\/image\/\"},\"sameAs\":[\"https:\/\/www.facebook.com\/U-POL-UK-409641822803819\/\",\"https:\/\/x.com\/UpolUK\"]}]}<\/script>","yoast_head_json":{"title":"Dolphin Speed Glaze - U-Pol","description":"Dolphin Speed Glaze is an advanced, lightweight, ultra-fast curing finishing glaze specially formulated to repair scratches, stone chips and pinholes.","robots":{"index":"index","follow":"follow","max-snippet":"max-snippet:-1","max-image-preview":"max-image-preview:large","max-video-preview":"max-video-preview:-1"},"canonical":"https:\/\/u-pol.com\/fr-ca\/product\/mastics-fr-ca\/mastics-de-finition-fr-ca\/dolphin-speed-glaze\/","og_locale":"fr_CA","og_type":"article","og_title":"Dolphin Speed Glaze - U-Pol","og_description":"Dolphin Speed Glaze is an advanced, lightweight, ultra-fast curing finishing glaze specially formulated to repair scratches, stone chips and pinholes.","og_url":"https:\/\/u-pol.com\/fr-ca\/product\/mastics-fr-ca\/mastics-de-finition-fr-ca\/dolphin-speed-glaze\/","og_site_name":"U-Pol","article_publisher":"https:\/\/www.facebook.com\/U-POL-UK-409641822803819\/","article_modified_time":"2023-04-25T12:35:32+00:00","og_image":[{"width":1200,"height":1200,"url":"https:\/\/u-pol.com\/wp-content\/uploads\/sg-new.jpg","type":"image\/jpeg"}],"twitter_card":"summary_large_image","twitter_site":"@UpolUK","twitter_misc":{"Estimation du temps de lecture":"5 minutes"},"schema":{"@context":"https:\/\/schema.org","@graph":[{"@type":"WebPage","@id":"https:\/\/u-pol.com\/fr-ca\/product\/mastics-fr-ca\/mastics-de-finition-fr-ca\/dolphin-speed-glaze\/","url":"https:\/\/u-pol.com\/fr-ca\/product\/mastics-fr-ca\/mastics-de-finition-fr-ca\/dolphin-speed-glaze\/","name":"Dolphin Speed Glaze - U-Pol","isPartOf":{"@id":"https:\/\/u-pol.com\/fr-ca\/#website"},"primaryImageOfPage":{"@id":"https:\/\/u-pol.com\/fr-ca\/product\/mastics-fr-ca\/mastics-de-finition-fr-ca\/dolphin-speed-glaze\/#primaryimage"},"image":{"@id":"https:\/\/u-pol.com\/fr-ca\/product\/mastics-fr-ca\/mastics-de-finition-fr-ca\/dolphin-speed-glaze\/#primaryimage"},"thumbnailUrl":"https:\/\/u-pol.com\/wp-content\/uploads\/sg-new.jpg","datePublished":"2022-04-01T14:56:25+00:00","dateModified":"2023-04-25T12:35:32+00:00","description":"Dolphin Speed Glaze is an advanced, lightweight, ultra-fast curing finishing glaze specially formulated to repair scratches, stone chips and pinholes.","breadcrumb":{"@id":"https:\/\/u-pol.com\/fr-ca\/product\/mastics-fr-ca\/mastics-de-finition-fr-ca\/dolphin-speed-glaze\/#breadcrumb"},"inLanguage":"fr-CA","potentialAction":[{"@type":"ReadAction","target":["https:\/\/u-pol.com\/fr-ca\/product\/mastics-fr-ca\/mastics-de-finition-fr-ca\/dolphin-speed-glaze\/"]}]},{"@type":"ImageObject","inLanguage":"fr-CA","@id":"https:\/\/u-pol.com\/fr-ca\/product\/mastics-fr-ca\/mastics-de-finition-fr-ca\/dolphin-speed-glaze\/#primaryimage","url":"https:\/\/u-pol.com\/wp-content\/uploads\/sg-new.jpg","contentUrl":"https:\/\/u-pol.com\/wp-content\/uploads\/sg-new.jpg","width":1200,"height":1200},{"@type":"BreadcrumbList","@id":"https:\/\/u-pol.com\/fr-ca\/product\/mastics-fr-ca\/mastics-de-finition-fr-ca\/dolphin-speed-glaze\/#breadcrumb","itemListElement":[{"@type":"ListItem","position":1,"name":"Home","item":"https:\/\/u-pol.com\/fr-ca\/"},{"@type":"ListItem","position":2,"name":"Shop","item":"https:\/\/u-pol.com\/?page_id=235"},{"@type":"ListItem","position":3,"name":"Dolphin Speed Glaze"}]},{"@type":"WebSite","@id":"https:\/\/u-pol.com\/fr-ca\/#website","url":"https:\/\/u-pol.com\/fr-ca\/","name":"U-Pol","description":"","publisher":{"@id":"https:\/\/u-pol.com\/fr-ca\/#organization"},"potentialAction":[{"@type":"SearchAction","target":{"@type":"EntryPoint","urlTemplate":"https:\/\/u-pol.com\/fr-ca\/?s={search_term_string}"},"query-input":{"@type":"PropertyValueSpecification","valueRequired":true,"valueName":"search_term_string"}}],"inLanguage":"fr-CA"},{"@type":"Organization","@id":"https:\/\/u-pol.com\/fr-ca\/#organization","name":"U-POL","url":"https:\/\/u-pol.com\/fr-ca\/","logo":{"@type":"ImageObject","inLanguage":"fr-CA","@id":"https:\/\/u-pol.com\/fr-ca\/#\/schema\/logo\/image\/","url":"https:\/\/u-pol.com\/wp-content\/uploads\/UPOL-sticky-bLogo.png","contentUrl":"https:\/\/u-pol.com\/wp-content\/uploads\/UPOL-sticky-bLogo.png","width":125,"height":75,"caption":"U-POL"},"image":{"@id":"https:\/\/u-pol.com\/fr-ca\/#\/schema\/logo\/image\/"},"sameAs":["https:\/\/www.facebook.com\/U-POL-UK-409641822803819\/","https:\/\/x.com\/UpolUK"]}]}},"_links":{"self":[{"href":"https:\/\/u-pol.com\/fr-ca\/wp-json\/wp\/v2\/product\/76742","targetHints":{"allow":["GET"]}}],"collection":[{"href":"https:\/\/u-pol.com\/fr-ca\/wp-json\/wp\/v2\/product"}],"about":[{"href":"https:\/\/u-pol.com\/fr-ca\/wp-json\/wp\/v2\/types\/product"}],"wp:featuredmedia":[{"embeddable":true,"href":"https:\/\/u-pol.com\/fr-ca\/wp-json\/wp\/v2\/media\/92493"}],"wp:attachment":[{"href":"https:\/\/u-pol.com\/fr-ca\/wp-json\/wp\/v2\/media?parent=76742"}],"wp:term":[{"taxonomy":"product_brand","embeddable":true,"href":"https:\/\/u-pol.com\/fr-ca\/wp-json\/wp\/v2\/product_brand?post=76742"},{"taxonomy":"product_cat","embeddable":true,"href":"https:\/\/u-pol.com\/fr-ca\/wp-json\/wp\/v2\/product_cat?post=76742"},{"taxonomy":"product_tag","embeddable":true,"href":"https:\/\/u-pol.com\/fr-ca\/wp-json\/wp\/v2\/product_tag?post=76742"}],"curies":[{"name":"wp","href":"https:\/\/api.w.org\/{rel}","templated":true}]}}