{"id":93944,"date":"2024-05-17T08:50:59","date_gmt":"2024-05-17T08:50:59","guid":{"rendered":"https:\/\/u-pol.com\/?post_type=product&#038;p=93944"},"modified":"2024-05-17T12:32:27","modified_gmt":"2024-05-17T12:32:27","slug":"revetements-de-protection-resistants-et-teintables-raptor-durcisseur-en-gallon-et-en-095-litre","status":"publish","type":"product","link":"https:\/\/u-pol.com\/fr-ca\/product\/revetement-de-protection-raptor\/revetement-raptor-fr-ca\/revetements-de-protection-resistants-et-teintables-raptor-durcisseur-en-gallon-et-en-095-litre\/","title":{"rendered":"Rev\u00eatements de Protection R\u00e9sistants et Teintables Raptor : Durcisseur en Gallon et en 0,95 Litre"},"content":{"rendered":"<div class=\"fusion-fullwidth fullwidth-box fusion-builder-row-1 fusion-flex-container nonhundred-percent-fullwidth non-hundred-percent-height-scrolling\" style=\"--awb-border-radius-top-left:0px;--awb-border-radius-top-right:0px;--awb-border-radius-bottom-right:0px;--awb-border-radius-bottom-left:0px;--awb-margin-top:20px;--awb-flex-wrap:wrap;\" ><div class=\"fusion-builder-row fusion-row fusion-flex-align-items-flex-start fusion-flex-content-wrap\" style=\"max-width:1203.6px;margin-left: calc(-2% \/ 2 );margin-right: calc(-2% \/ 2 );\"><div class=\"fusion-layout-column fusion_builder_column fusion-builder-column-0 fusion_builder_column_1_1 1_1 fusion-flex-column\" style=\"--awb-bg-size:cover;--awb-width-large:100%;--awb-margin-top-large:0px;--awb-spacing-right-large:0.98%;--awb-margin-bottom-large:20px;--awb-spacing-left-large:0.98%;--awb-width-medium:100%;--awb-order-medium:0;--awb-spacing-right-medium:0.98%;--awb-spacing-left-medium:0.98%;--awb-width-small:100%;--awb-order-small:0;--awb-spacing-right-small:0.98%;--awb-spacing-left-small:0.98%;\"><div class=\"fusion-column-wrapper fusion-column-has-shadow fusion-flex-justify-content-flex-start fusion-content-layout-column\">\n<div class=\"table-1\">\n<table width=\"100%\">\n<thead>\n<tr>\n<th align=\"left\">Code<\/th>\n<th align=\"left\">Size\/Pack<\/th>\n<th align=\"left\">Color<\/th>\n<th align=\"left\">Ctn<\/th>\n<th align=\"left\">Technical Data Sheet<\/th>\n<th align=\"left\">Safety Data Sheet<\/th>\n<\/tr>\n<\/thead>\n<tbody>\n<tr>\n<td align=\"left\">UP4838<\/td>\n<td align=\"left\">0.75 Gallon (2.85L)<\/td>\n<td align=\"left\">Noir<\/td>\n<td align=\"left\">2<\/td>\n<td align=\"left\"><\/td>\n<td align=\"left\"><a href=\"https:\/\/u-pol.com\/wp-content\/uploads\/UP4838-CA-SDS-FR-1.pdf\">UP4838-CA-SDS-FR<\/a><\/td>\n<\/tr>\n<tr>\n<td align=\"left\">UP4839<\/td>\n<td align=\"left\">0.75 Gallon (2.85L)<\/td>\n<td align=\"left\">Teintable<\/td>\n<td align=\"left\">2<\/td>\n<td align=\"left\"><\/td>\n<td align=\"left\"><a href=\"https:\/\/u-pol.com\/wp-content\/uploads\/UP4839-CA-SDS-FR-1.pdf\">UP4839-CA-SDS-FR<\/a><\/td>\n<\/tr>\n<tr>\n<td align=\"left\">UP8436<\/td>\n<td align=\"left\">Quart (946ml)<\/td>\n<td align=\"left\">Durcisseur RAPTOR<\/td>\n<td align=\"left\">4<\/td>\n<td align=\"left\"><\/td>\n<td align=\"left\"><\/td>\n<\/tr>\n<\/tbody>\n<\/table>\n<\/div>\n<\/div><\/div><\/div><\/div>\n","protected":false},"excerpt":{"rendered":"<p>RAPTOR est disponible en bo\u00eetes de deux gallons et devrait \u00eatre un produit de base pour tous les carrossiers. Au lieu de confier les bennes de pick-up endommag\u00e9es \u00e0 un tiers, les carrossiers peuvent effectuer les r\u00e9parations en interne avec RAPTOR et r\u00e9aliser ainsi des b\u00e9n\u00e9fices suppl\u00e9mentaires. Gr\u00e2ce \u00e0 un conditionnement compatible avec une banque de m\u00e9lange standard, le RAPTOR non catalys\u00e9 peut \u00eatre stock\u00e9 avec un couvercle de m\u00e9lange Fillon ou Dedoes et agit\u00e9, si n\u00e9cessaire. Avec un ratio de m\u00e9lange de 3:1, vendez 0,95 l de durcisseur pour chaque gallon de RAPTOR. La formulation \u00e0 faible teneur en COV est conforme dans tout le pays.<\/p>\n","protected":false},"featured_media":94119,"template":"","meta":[],"product_brand":[],"product_cat":[1702,1704],"product_tag":[1758],"class_list":{"0":"post-93944","1":"product","2":"type-product","3":"status-publish","4":"has-post-thumbnail","6":"product_cat-revetement-de-protection-raptor","7":"product_cat-revetement-raptor-fr-ca","8":"product_tag-raptor-fr-ca","10":"first","11":"instock","12":"shipping-taxable","13":"product-type-simple"},"yoast_head":"<title>Rev\u00eatements de Protection R\u00e9sistants et Teintables Raptor : Durcisseur en Gallon et en 0,95 Litre - U-Pol<\/title>\n<meta name=\"description\" content=\"U-POL is a World leader in automotive refinishing products specializing in fillers, coatings, aerosols, adhesives and paint related products.\" \/>\n<meta name=\"robots\" content=\"index, follow, max-snippet:-1, max-image-preview:large, max-video-preview:-1\" \/>\n<link rel=\"canonical\" href=\"https:\/\/u-pol.com\/fr-ca\/product\/revetement-de-protection-raptor\/revetement-raptor-fr-ca\/revetements-de-protection-resistants-et-teintables-raptor-durcisseur-en-gallon-et-en-095-litre\/\" \/>\n<meta property=\"og:locale\" content=\"fr_CA\" \/>\n<meta property=\"og:type\" content=\"article\" \/>\n<meta property=\"og:title\" content=\"Rev\u00eatements de Protection R\u00e9sistants et Teintables Raptor : Durcisseur en Gallon et en 0,95 Litre - U-Pol\" \/>\n<meta property=\"og:description\" content=\"U-POL is a World leader in automotive refinishing products specializing in fillers, coatings, aerosols, adhesives and paint related products.\" \/>\n<meta property=\"og:url\" content=\"https:\/\/u-pol.com\/fr-ca\/product\/revetement-de-protection-raptor\/revetement-raptor-fr-ca\/revetements-de-protection-resistants-et-teintables-raptor-durcisseur-en-gallon-et-en-095-litre\/\" \/>\n<meta property=\"og:site_name\" content=\"U-Pol\" \/>\n<meta property=\"article:publisher\" content=\"https:\/\/www.facebook.com\/U-POL-UK-409641822803819\/\" \/>\n<meta property=\"article:modified_time\" content=\"2024-05-17T12:32:27+00:00\" \/>\n<meta property=\"og:image\" content=\"https:\/\/u-pol.com\/wp-content\/uploads\/UP4838_RAPTOR-Black-Liner-1GAL-JOBBERS_US.jpg\" \/>\n\t<meta property=\"og:image:width\" content=\"1200\" \/>\n\t<meta property=\"og:image:height\" content=\"1251\" \/>\n\t<meta property=\"og:image:type\" content=\"image\/jpeg\" \/>\n<meta name=\"twitter:card\" content=\"summary_large_image\" \/>\n<meta name=\"twitter:site\" content=\"@UpolUK\" \/>\n<meta name=\"twitter:label1\" content=\"Estimation du temps de lecture\" \/>\n\t<meta name=\"twitter:data1\" content=\"3 minutes\" \/>\n<script type=\"application\/ld+json\" class=\"yoast-schema-graph\">{\"@context\":\"https:\/\/schema.org\",\"@graph\":[{\"@type\":\"WebPage\",\"@id\":\"https:\/\/u-pol.com\/fr-ca\/product\/revetement-de-protection-raptor\/revetement-raptor-fr-ca\/revetements-de-protection-resistants-et-teintables-raptor-durcisseur-en-gallon-et-en-095-litre\/\",\"url\":\"https:\/\/u-pol.com\/fr-ca\/product\/revetement-de-protection-raptor\/revetement-raptor-fr-ca\/revetements-de-protection-resistants-et-teintables-raptor-durcisseur-en-gallon-et-en-095-litre\/\",\"name\":\"Rev\u00eatements de Protection R\u00e9sistants et Teintables Raptor : Durcisseur en Gallon et en 0,95 Litre - U-Pol\",\"isPartOf\":{\"@id\":\"https:\/\/u-pol.com\/fr-ca\/#website\"},\"primaryImageOfPage\":{\"@id\":\"https:\/\/u-pol.com\/fr-ca\/product\/revetement-de-protection-raptor\/revetement-raptor-fr-ca\/revetements-de-protection-resistants-et-teintables-raptor-durcisseur-en-gallon-et-en-095-litre\/#primaryimage\"},\"image\":{\"@id\":\"https:\/\/u-pol.com\/fr-ca\/product\/revetement-de-protection-raptor\/revetement-raptor-fr-ca\/revetements-de-protection-resistants-et-teintables-raptor-durcisseur-en-gallon-et-en-095-litre\/#primaryimage\"},\"thumbnailUrl\":\"https:\/\/u-pol.com\/wp-content\/uploads\/UP4838_RAPTOR-Black-Liner-1GAL-JOBBERS_US.jpg\",\"datePublished\":\"2024-05-17T08:50:59+00:00\",\"dateModified\":\"2024-05-17T12:32:27+00:00\",\"description\":\"U-POL is a World leader in automotive refinishing products specializing in fillers, coatings, aerosols, adhesives and paint related products.\",\"breadcrumb\":{\"@id\":\"https:\/\/u-pol.com\/fr-ca\/product\/revetement-de-protection-raptor\/revetement-raptor-fr-ca\/revetements-de-protection-resistants-et-teintables-raptor-durcisseur-en-gallon-et-en-095-litre\/#breadcrumb\"},\"inLanguage\":\"fr-CA\",\"potentialAction\":[{\"@type\":\"ReadAction\",\"target\":[\"https:\/\/u-pol.com\/fr-ca\/product\/revetement-de-protection-raptor\/revetement-raptor-fr-ca\/revetements-de-protection-resistants-et-teintables-raptor-durcisseur-en-gallon-et-en-095-litre\/\"]}]},{\"@type\":\"ImageObject\",\"inLanguage\":\"fr-CA\",\"@id\":\"https:\/\/u-pol.com\/fr-ca\/product\/revetement-de-protection-raptor\/revetement-raptor-fr-ca\/revetements-de-protection-resistants-et-teintables-raptor-durcisseur-en-gallon-et-en-095-litre\/#primaryimage\",\"url\":\"https:\/\/u-pol.com\/wp-content\/uploads\/UP4838_RAPTOR-Black-Liner-1GAL-JOBBERS_US.jpg\",\"contentUrl\":\"https:\/\/u-pol.com\/wp-content\/uploads\/UP4838_RAPTOR-Black-Liner-1GAL-JOBBERS_US.jpg\",\"width\":1200,\"height\":1251,\"caption\":\"Raptor Gallon\"},{\"@type\":\"BreadcrumbList\",\"@id\":\"https:\/\/u-pol.com\/fr-ca\/product\/revetement-de-protection-raptor\/revetement-raptor-fr-ca\/revetements-de-protection-resistants-et-teintables-raptor-durcisseur-en-gallon-et-en-095-litre\/#breadcrumb\",\"itemListElement\":[{\"@type\":\"ListItem\",\"position\":1,\"name\":\"Home\",\"item\":\"https:\/\/u-pol.com\/fr-ca\/\"},{\"@type\":\"ListItem\",\"position\":2,\"name\":\"Shop\",\"item\":\"https:\/\/u-pol.com\/?page_id=235\"},{\"@type\":\"ListItem\",\"position\":3,\"name\":\"Rev\u00eatements de Protection R\u00e9sistants et Teintables Raptor : Durcisseur en Gallon et en 0,95 Litre\"}]},{\"@type\":\"WebSite\",\"@id\":\"https:\/\/u-pol.com\/fr-ca\/#website\",\"url\":\"https:\/\/u-pol.com\/fr-ca\/\",\"name\":\"U-Pol\",\"description\":\"\",\"publisher\":{\"@id\":\"https:\/\/u-pol.com\/fr-ca\/#organization\"},\"potentialAction\":[{\"@type\":\"SearchAction\",\"target\":{\"@type\":\"EntryPoint\",\"urlTemplate\":\"https:\/\/u-pol.com\/fr-ca\/?s={search_term_string}\"},\"query-input\":{\"@type\":\"PropertyValueSpecification\",\"valueRequired\":true,\"valueName\":\"search_term_string\"}}],\"inLanguage\":\"fr-CA\"},{\"@type\":\"Organization\",\"@id\":\"https:\/\/u-pol.com\/fr-ca\/#organization\",\"name\":\"U-POL\",\"url\":\"https:\/\/u-pol.com\/fr-ca\/\",\"logo\":{\"@type\":\"ImageObject\",\"inLanguage\":\"fr-CA\",\"@id\":\"https:\/\/u-pol.com\/fr-ca\/#\/schema\/logo\/image\/\",\"url\":\"https:\/\/u-pol.com\/wp-content\/uploads\/UPOL-sticky-bLogo.png\",\"contentUrl\":\"https:\/\/u-pol.com\/wp-content\/uploads\/UPOL-sticky-bLogo.png\",\"width\":125,\"height\":75,\"caption\":\"U-POL\"},\"image\":{\"@id\":\"https:\/\/u-pol.com\/fr-ca\/#\/schema\/logo\/image\/\"},\"sameAs\":[\"https:\/\/www.facebook.com\/U-POL-UK-409641822803819\/\",\"https:\/\/x.com\/UpolUK\"]}]}<\/script>","yoast_head_json":{"title":"Rev\u00eatements de Protection R\u00e9sistants et Teintables Raptor : Durcisseur en Gallon et en 0,95 Litre - U-Pol","description":"U-POL is a World leader in automotive refinishing products specializing in fillers, coatings, aerosols, adhesives and paint related products.","robots":{"index":"index","follow":"follow","max-snippet":"max-snippet:-1","max-image-preview":"max-image-preview:large","max-video-preview":"max-video-preview:-1"},"canonical":"https:\/\/u-pol.com\/fr-ca\/product\/revetement-de-protection-raptor\/revetement-raptor-fr-ca\/revetements-de-protection-resistants-et-teintables-raptor-durcisseur-en-gallon-et-en-095-litre\/","og_locale":"fr_CA","og_type":"article","og_title":"Rev\u00eatements de Protection R\u00e9sistants et Teintables Raptor : Durcisseur en Gallon et en 0,95 Litre - U-Pol","og_description":"U-POL is a World leader in automotive refinishing products specializing in fillers, coatings, aerosols, adhesives and paint related products.","og_url":"https:\/\/u-pol.com\/fr-ca\/product\/revetement-de-protection-raptor\/revetement-raptor-fr-ca\/revetements-de-protection-resistants-et-teintables-raptor-durcisseur-en-gallon-et-en-095-litre\/","og_site_name":"U-Pol","article_publisher":"https:\/\/www.facebook.com\/U-POL-UK-409641822803819\/","article_modified_time":"2024-05-17T12:32:27+00:00","og_image":[{"width":1200,"height":1251,"url":"https:\/\/u-pol.com\/wp-content\/uploads\/UP4838_RAPTOR-Black-Liner-1GAL-JOBBERS_US.jpg","type":"image\/jpeg"}],"twitter_card":"summary_large_image","twitter_site":"@UpolUK","twitter_misc":{"Estimation du temps de lecture":"3 minutes"},"schema":{"@context":"https:\/\/schema.org","@graph":[{"@type":"WebPage","@id":"https:\/\/u-pol.com\/fr-ca\/product\/revetement-de-protection-raptor\/revetement-raptor-fr-ca\/revetements-de-protection-resistants-et-teintables-raptor-durcisseur-en-gallon-et-en-095-litre\/","url":"https:\/\/u-pol.com\/fr-ca\/product\/revetement-de-protection-raptor\/revetement-raptor-fr-ca\/revetements-de-protection-resistants-et-teintables-raptor-durcisseur-en-gallon-et-en-095-litre\/","name":"Rev\u00eatements de Protection R\u00e9sistants et Teintables Raptor : Durcisseur en Gallon et en 0,95 Litre - U-Pol","isPartOf":{"@id":"https:\/\/u-pol.com\/fr-ca\/#website"},"primaryImageOfPage":{"@id":"https:\/\/u-pol.com\/fr-ca\/product\/revetement-de-protection-raptor\/revetement-raptor-fr-ca\/revetements-de-protection-resistants-et-teintables-raptor-durcisseur-en-gallon-et-en-095-litre\/#primaryimage"},"image":{"@id":"https:\/\/u-pol.com\/fr-ca\/product\/revetement-de-protection-raptor\/revetement-raptor-fr-ca\/revetements-de-protection-resistants-et-teintables-raptor-durcisseur-en-gallon-et-en-095-litre\/#primaryimage"},"thumbnailUrl":"https:\/\/u-pol.com\/wp-content\/uploads\/UP4838_RAPTOR-Black-Liner-1GAL-JOBBERS_US.jpg","datePublished":"2024-05-17T08:50:59+00:00","dateModified":"2024-05-17T12:32:27+00:00","description":"U-POL is a World leader in automotive refinishing products specializing in fillers, coatings, aerosols, adhesives and paint related products.","breadcrumb":{"@id":"https:\/\/u-pol.com\/fr-ca\/product\/revetement-de-protection-raptor\/revetement-raptor-fr-ca\/revetements-de-protection-resistants-et-teintables-raptor-durcisseur-en-gallon-et-en-095-litre\/#breadcrumb"},"inLanguage":"fr-CA","potentialAction":[{"@type":"ReadAction","target":["https:\/\/u-pol.com\/fr-ca\/product\/revetement-de-protection-raptor\/revetement-raptor-fr-ca\/revetements-de-protection-resistants-et-teintables-raptor-durcisseur-en-gallon-et-en-095-litre\/"]}]},{"@type":"ImageObject","inLanguage":"fr-CA","@id":"https:\/\/u-pol.com\/fr-ca\/product\/revetement-de-protection-raptor\/revetement-raptor-fr-ca\/revetements-de-protection-resistants-et-teintables-raptor-durcisseur-en-gallon-et-en-095-litre\/#primaryimage","url":"https:\/\/u-pol.com\/wp-content\/uploads\/UP4838_RAPTOR-Black-Liner-1GAL-JOBBERS_US.jpg","contentUrl":"https:\/\/u-pol.com\/wp-content\/uploads\/UP4838_RAPTOR-Black-Liner-1GAL-JOBBERS_US.jpg","width":1200,"height":1251,"caption":"Raptor Gallon"},{"@type":"BreadcrumbList","@id":"https:\/\/u-pol.com\/fr-ca\/product\/revetement-de-protection-raptor\/revetement-raptor-fr-ca\/revetements-de-protection-resistants-et-teintables-raptor-durcisseur-en-gallon-et-en-095-litre\/#breadcrumb","itemListElement":[{"@type":"ListItem","position":1,"name":"Home","item":"https:\/\/u-pol.com\/fr-ca\/"},{"@type":"ListItem","position":2,"name":"Shop","item":"https:\/\/u-pol.com\/?page_id=235"},{"@type":"ListItem","position":3,"name":"Rev\u00eatements de Protection R\u00e9sistants et Teintables Raptor : Durcisseur en Gallon et en 0,95 Litre"}]},{"@type":"WebSite","@id":"https:\/\/u-pol.com\/fr-ca\/#website","url":"https:\/\/u-pol.com\/fr-ca\/","name":"U-Pol","description":"","publisher":{"@id":"https:\/\/u-pol.com\/fr-ca\/#organization"},"potentialAction":[{"@type":"SearchAction","target":{"@type":"EntryPoint","urlTemplate":"https:\/\/u-pol.com\/fr-ca\/?s={search_term_string}"},"query-input":{"@type":"PropertyValueSpecification","valueRequired":true,"valueName":"search_term_string"}}],"inLanguage":"fr-CA"},{"@type":"Organization","@id":"https:\/\/u-pol.com\/fr-ca\/#organization","name":"U-POL","url":"https:\/\/u-pol.com\/fr-ca\/","logo":{"@type":"ImageObject","inLanguage":"fr-CA","@id":"https:\/\/u-pol.com\/fr-ca\/#\/schema\/logo\/image\/","url":"https:\/\/u-pol.com\/wp-content\/uploads\/UPOL-sticky-bLogo.png","contentUrl":"https:\/\/u-pol.com\/wp-content\/uploads\/UPOL-sticky-bLogo.png","width":125,"height":75,"caption":"U-POL"},"image":{"@id":"https:\/\/u-pol.com\/fr-ca\/#\/schema\/logo\/image\/"},"sameAs":["https:\/\/www.facebook.com\/U-POL-UK-409641822803819\/","https:\/\/x.com\/UpolUK"]}]}},"_links":{"self":[{"href":"https:\/\/u-pol.com\/fr-ca\/wp-json\/wp\/v2\/product\/93944","targetHints":{"allow":["GET"]}}],"collection":[{"href":"https:\/\/u-pol.com\/fr-ca\/wp-json\/wp\/v2\/product"}],"about":[{"href":"https:\/\/u-pol.com\/fr-ca\/wp-json\/wp\/v2\/types\/product"}],"wp:featuredmedia":[{"embeddable":true,"href":"https:\/\/u-pol.com\/fr-ca\/wp-json\/wp\/v2\/media\/94119"}],"wp:attachment":[{"href":"https:\/\/u-pol.com\/fr-ca\/wp-json\/wp\/v2\/media?parent=93944"}],"wp:term":[{"taxonomy":"product_brand","embeddable":true,"href":"https:\/\/u-pol.com\/fr-ca\/wp-json\/wp\/v2\/product_brand?post=93944"},{"taxonomy":"product_cat","embeddable":true,"href":"https:\/\/u-pol.com\/fr-ca\/wp-json\/wp\/v2\/product_cat?post=93944"},{"taxonomy":"product_tag","embeddable":true,"href":"https:\/\/u-pol.com\/fr-ca\/wp-json\/wp\/v2\/product_tag?post=93944"}],"curies":[{"name":"wp","href":"https:\/\/api.w.org\/{rel}","templated":true}]}}