{"id":37780,"date":"2022-03-01T14:58:49","date_gmt":"2022-03-01T14:58:49","guid":{"rendered":"https:\/\/upol.darkgrey.eu\/product\/non%20class\u00e9\/rapid-multi\/"},"modified":"2026-04-21T13:37:56","modified_gmt":"2026-04-21T13:37:56","slug":"rapid-multi","status":"publish","type":"product","link":"https:\/\/u-pol.com\/fr\/product\/non class\u00e9\/rapid-multi\/","title":{"rendered":"Rapid Multi"},"content":{"rendered":"<div class=\"fusion-fullwidth fullwidth-box fusion-builder-row-1 fusion-flex-container nonhundred-percent-fullwidth non-hundred-percent-height-scrolling\" style=\"--awb-border-radius-top-left:0px;--awb-border-radius-top-right:0px;--awb-border-radius-bottom-right:0px;--awb-border-radius-bottom-left:0px;--awb-margin-top:20px;--awb-flex-wrap:wrap;\" ><div class=\"fusion-builder-row fusion-row fusion-flex-align-items-flex-start fusion-flex-content-wrap\" style=\"max-width:1203.6px;margin-left: calc(-2% \/ 2 );margin-right: calc(-2% \/ 2 );\"><div class=\"fusion-layout-column fusion_builder_column fusion-builder-column-0 fusion_builder_column_1_1 1_1 fusion-flex-column\" style=\"--awb-bg-size:cover;--awb-width-large:100%;--awb-margin-top-large:0px;--awb-spacing-right-large:0.98%;--awb-margin-bottom-large:20px;--awb-spacing-left-large:0.98%;--awb-width-medium:100%;--awb-order-medium:0;--awb-spacing-right-medium:0.98%;--awb-spacing-left-medium:0.98%;--awb-width-small:100%;--awb-order-small:0;--awb-spacing-right-small:0.98%;--awb-spacing-left-small:0.98%;\"><div class=\"fusion-column-wrapper fusion-column-has-shadow fusion-flex-justify-content-flex-start fusion-content-layout-column\">\n<div class=\"table-1\">\n<table width=\"100%\">\n<thead>\n<tr>\n<th align=\"left\">R\u00e9f\u00e9rence<\/th>\n<th align=\"left\">Format<\/th>\n<th align=\"left\">Couleur<\/th>\n<th align=\"left\">Par Carton<\/th>\n<th align=\"left\">Voir la Fiche Technique<\/th>\n<th align=\"left\">Voir la Fiche de S\u00e9curit\u00e9<\/th>\n<\/tr>\n<\/thead>\n<tbody>\n<tr>\n<td align=\"left\">RS6101<\/td>\n<td align=\"left\">Bo\u00eete 1.1L<\/td>\n<td align=\"left\">Gris<\/td>\n<td align=\"left\">6<\/td>\n<td align=\"left\"><a href=\"https:\/\/u-pol.com\/fr\/video\/rs6101-tds-fr\/rs6101-tds-fr\/\" target=\"_blank\" rel=\"noopener\">RS6101 TDS<\/a><\/td>\n<td align=\"left\"><a href=\"https:\/\/use-qa-inf-apiacs.azure-api.net\/publishedsds\/item\/27128\" target=\"_blank\" rel=\"noopener\">RS6101 SDS<\/a><\/td>\n<\/tr>\n<tr>\n<td align=\"left\">RS6103<\/td>\n<td align=\"left\">Bo\u00eete 3L<\/td>\n<td align=\"left\">Gris<\/td>\n<td align=\"left\">4<\/td>\n<td align=\"left\"><a href=\"https:\/\/u-pol.com\/fr\/video\/rs6103-tds-fr\/rs6103-tds-fr\/\" target=\"_blank\" rel=\"noopener\">RS6103 TDS<\/a><\/td>\n<td align=\"left\"><a href=\"https:\/\/use-qa-inf-apiacs.azure-api.net\/publishedsds\/item\/27128\" target=\"_blank\" rel=\"noopener\">RS6103 SDS<\/a><\/td>\n<\/tr>\n<\/tbody>\n<\/table>\n<\/div>\n<\/div><\/div><\/div><\/div>\n","protected":false},"excerpt":{"rendered":"<h3>RAPID SYSTEM<\/h3>\n<p>Notre mastic Rapid System est le mastic au s\u00e9chage le plus rapide, avec sa technologie innovante. Il est tr\u00e8s facile \u00e0 appliquer, r\u00e9duit le temps d&rsquo;immobilisation des v\u00e9hicules et augmente la productivit\u00e9 des carrosseries.<\/p>\n<ul>\n<li>S\u00e8che en 10 minutes<\/li>\n<li>Pour des r\u00e9parations de profondeur moyenne<\/li>\n<li>Tr\u00e8s facile \u00e0 poncer<\/li>\n<li>Adh\u00e9rence sup\u00e9rieure \u00e0 de nombreux supports<\/li>\n<\/ul>\n<p><strong>*This product will be longer available by 1st July &rsquo;26 and will be replaced by Dolphin Muti Advance (DOLMA\/2)<\/strong><\/p>\n","protected":false},"featured_media":1376,"template":"","meta":[],"product_brand":[],"product_cat":[],"product_tag":[934],"class_list":{"0":"post-37780","1":"product","2":"type-product","3":"status-publish","4":"has-post-thumbnail","6":"product_tag-rapid-system-fr","8":"first","9":"instock","10":"downloadable","11":"virtual","12":"sold-individually","13":"product-type-simple"},"yoast_head":"<title>Rapid Multi - U-Pol<\/title>\n<meta name=\"description\" content=\"Notre mastic Rapid System est le mastic au s\u00e9chage le plus rapide, avec sa technologie innovante. Il est tr\u00e8s facile \u00e0 appliquer, r\u00e9duit le temps d&#039;immobilisation des v\u00e9hicules et augmente la productivit\u00e9 des carrosseries.\" \/>\n<meta name=\"robots\" content=\"index, follow, max-snippet:-1, max-image-preview:large, max-video-preview:-1\" \/>\n<link rel=\"canonical\" href=\"https:\/\/u-pol.com\/fr\/product\/non%20class\u00e9\/rapid-multi\/\" \/>\n<meta property=\"og:locale\" content=\"fr_FR\" \/>\n<meta property=\"og:type\" content=\"article\" \/>\n<meta property=\"og:title\" content=\"Rapid Multi - U-Pol\" \/>\n<meta property=\"og:description\" content=\"Notre mastic Rapid System est le mastic au s\u00e9chage le plus rapide, avec sa technologie innovante. Il est tr\u00e8s facile \u00e0 appliquer, r\u00e9duit le temps d&#039;immobilisation des v\u00e9hicules et augmente la productivit\u00e9 des carrosseries.\" \/>\n<meta property=\"og:url\" content=\"https:\/\/u-pol.com\/fr\/product\/non class\u00e9\/rapid-multi\/\" \/>\n<meta property=\"og:site_name\" content=\"U-Pol\" \/>\n<meta property=\"article:publisher\" content=\"https:\/\/www.facebook.com\/U-POL-UK-409641822803819\/\" \/>\n<meta property=\"article:modified_time\" content=\"2026-04-21T13:37:56+00:00\" \/>\n<meta property=\"og:image\" content=\"https:\/\/u-pol.com\/wp-content\/uploads\/RS6103-Rapid-Body-Filler.jpg\" \/>\n\t<meta property=\"og:image:width\" content=\"500\" \/>\n\t<meta property=\"og:image:height\" content=\"500\" \/>\n\t<meta property=\"og:image:type\" content=\"image\/jpeg\" \/>\n<meta name=\"twitter:card\" content=\"summary_large_image\" \/>\n<meta name=\"twitter:site\" content=\"@UpolUK\" \/>\n<meta name=\"twitter:label1\" content=\"Dur\u00e9e de lecture estim\u00e9e\" \/>\n\t<meta name=\"twitter:data1\" content=\"3 minutes\" \/>\n<script type=\"application\/ld+json\" class=\"yoast-schema-graph\">{\"@context\":\"https:\/\/schema.org\",\"@graph\":[{\"@type\":\"WebPage\",\"@id\":\"https:\/\/u-pol.com\/fr\/product\/non class\u00e9\/rapid-multi\/\",\"url\":\"https:\/\/u-pol.com\/fr\/product\/non class\u00e9\/rapid-multi\/\",\"name\":\"Rapid Multi - U-Pol\",\"isPartOf\":{\"@id\":\"https:\/\/u-pol.com\/fr\/#website\"},\"primaryImageOfPage\":{\"@id\":\"https:\/\/u-pol.com\/fr\/product\/non class\u00e9\/rapid-multi\/#primaryimage\"},\"image\":{\"@id\":\"https:\/\/u-pol.com\/fr\/product\/non class\u00e9\/rapid-multi\/#primaryimage\"},\"thumbnailUrl\":\"https:\/\/u-pol.com\/wp-content\/uploads\/RS6103-Rapid-Body-Filler.jpg\",\"datePublished\":\"2022-03-01T14:58:49+00:00\",\"dateModified\":\"2026-04-21T13:37:56+00:00\",\"description\":\"Notre mastic Rapid System est le mastic au s\u00e9chage le plus rapide, avec sa technologie innovante. Il est tr\u00e8s facile \u00e0 appliquer, r\u00e9duit le temps d'immobilisation des v\u00e9hicules et augmente la productivit\u00e9 des carrosseries.\",\"breadcrumb\":{\"@id\":\"https:\/\/u-pol.com\/fr\/product\/non class\u00e9\/rapid-multi\/#breadcrumb\"},\"inLanguage\":\"fr-FR\",\"potentialAction\":[{\"@type\":\"ReadAction\",\"target\":[\"https:\/\/u-pol.com\/fr\/product\/non class\u00e9\/rapid-multi\/\"]}]},{\"@type\":\"ImageObject\",\"inLanguage\":\"fr-FR\",\"@id\":\"https:\/\/u-pol.com\/fr\/product\/non class\u00e9\/rapid-multi\/#primaryimage\",\"url\":\"https:\/\/u-pol.com\/wp-content\/uploads\/RS6103-Rapid-Body-Filler.jpg\",\"contentUrl\":\"https:\/\/u-pol.com\/wp-content\/uploads\/RS6103-Rapid-Body-Filler.jpg\",\"width\":500,\"height\":500,\"caption\":\"RS6101 Rapid Multi\"},{\"@type\":\"BreadcrumbList\",\"@id\":\"https:\/\/u-pol.com\/fr\/product\/non class\u00e9\/rapid-multi\/#breadcrumb\",\"itemListElement\":[{\"@type\":\"ListItem\",\"position\":1,\"name\":\"Accueil\",\"item\":\"https:\/\/u-pol.com\/fr\/\"},{\"@type\":\"ListItem\",\"position\":2,\"name\":\"Shop\",\"item\":\"https:\/\/u-pol.com\/?page_id=235\"},{\"@type\":\"ListItem\",\"position\":3,\"name\":\"Rapid Multi\"}]},{\"@type\":\"WebSite\",\"@id\":\"https:\/\/u-pol.com\/fr\/#website\",\"url\":\"https:\/\/u-pol.com\/fr\/\",\"name\":\"U-Pol\",\"description\":\"\",\"publisher\":{\"@id\":\"https:\/\/u-pol.com\/fr\/#organization\"},\"potentialAction\":[{\"@type\":\"SearchAction\",\"target\":{\"@type\":\"EntryPoint\",\"urlTemplate\":\"https:\/\/u-pol.com\/fr\/?s={search_term_string}\"},\"query-input\":{\"@type\":\"PropertyValueSpecification\",\"valueRequired\":true,\"valueName\":\"search_term_string\"}}],\"inLanguage\":\"fr-FR\"},{\"@type\":\"Organization\",\"@id\":\"https:\/\/u-pol.com\/fr\/#organization\",\"name\":\"U-POL\",\"url\":\"https:\/\/u-pol.com\/fr\/\",\"logo\":{\"@type\":\"ImageObject\",\"inLanguage\":\"fr-FR\",\"@id\":\"https:\/\/u-pol.com\/fr\/#\/schema\/logo\/image\/\",\"url\":\"https:\/\/u-pol.com\/wp-content\/uploads\/UPOL-sticky-bLogo.png\",\"contentUrl\":\"https:\/\/u-pol.com\/wp-content\/uploads\/UPOL-sticky-bLogo.png\",\"width\":125,\"height\":75,\"caption\":\"U-POL\"},\"image\":{\"@id\":\"https:\/\/u-pol.com\/fr\/#\/schema\/logo\/image\/\"},\"sameAs\":[\"https:\/\/www.facebook.com\/U-POL-UK-409641822803819\/\",\"https:\/\/x.com\/UpolUK\"]}]}<\/script>","yoast_head_json":{"title":"Rapid Multi - U-Pol","description":"Notre mastic Rapid System est le mastic au s\u00e9chage le plus rapide, avec sa technologie innovante. Il est tr\u00e8s facile \u00e0 appliquer, r\u00e9duit le temps d'immobilisation des v\u00e9hicules et augmente la productivit\u00e9 des carrosseries.","robots":{"index":"index","follow":"follow","max-snippet":"max-snippet:-1","max-image-preview":"max-image-preview:large","max-video-preview":"max-video-preview:-1"},"canonical":"https:\/\/u-pol.com\/fr\/product\/non class\u00e9\/rapid-multi\/","og_locale":"fr_FR","og_type":"article","og_title":"Rapid Multi - U-Pol","og_description":"Notre mastic Rapid System est le mastic au s\u00e9chage le plus rapide, avec sa technologie innovante. Il est tr\u00e8s facile \u00e0 appliquer, r\u00e9duit le temps d'immobilisation des v\u00e9hicules et augmente la productivit\u00e9 des carrosseries.","og_url":"https:\/\/u-pol.com\/fr\/product\/non class\u00e9\/rapid-multi\/","og_site_name":"U-Pol","article_publisher":"https:\/\/www.facebook.com\/U-POL-UK-409641822803819\/","article_modified_time":"2026-04-21T13:37:56+00:00","og_image":[{"width":500,"height":500,"url":"https:\/\/u-pol.com\/wp-content\/uploads\/RS6103-Rapid-Body-Filler.jpg","type":"image\/jpeg"}],"twitter_card":"summary_large_image","twitter_site":"@UpolUK","twitter_misc":{"Dur\u00e9e de lecture estim\u00e9e":"3 minutes"},"schema":{"@context":"https:\/\/schema.org","@graph":[{"@type":"WebPage","@id":"https:\/\/u-pol.com\/fr\/product\/non class\u00e9\/rapid-multi\/","url":"https:\/\/u-pol.com\/fr\/product\/non class\u00e9\/rapid-multi\/","name":"Rapid Multi - U-Pol","isPartOf":{"@id":"https:\/\/u-pol.com\/fr\/#website"},"primaryImageOfPage":{"@id":"https:\/\/u-pol.com\/fr\/product\/non class\u00e9\/rapid-multi\/#primaryimage"},"image":{"@id":"https:\/\/u-pol.com\/fr\/product\/non class\u00e9\/rapid-multi\/#primaryimage"},"thumbnailUrl":"https:\/\/u-pol.com\/wp-content\/uploads\/RS6103-Rapid-Body-Filler.jpg","datePublished":"2022-03-01T14:58:49+00:00","dateModified":"2026-04-21T13:37:56+00:00","description":"Notre mastic Rapid System est le mastic au s\u00e9chage le plus rapide, avec sa technologie innovante. Il est tr\u00e8s facile \u00e0 appliquer, r\u00e9duit le temps d'immobilisation des v\u00e9hicules et augmente la productivit\u00e9 des carrosseries.","breadcrumb":{"@id":"https:\/\/u-pol.com\/fr\/product\/non class\u00e9\/rapid-multi\/#breadcrumb"},"inLanguage":"fr-FR","potentialAction":[{"@type":"ReadAction","target":["https:\/\/u-pol.com\/fr\/product\/non class\u00e9\/rapid-multi\/"]}]},{"@type":"ImageObject","inLanguage":"fr-FR","@id":"https:\/\/u-pol.com\/fr\/product\/non class\u00e9\/rapid-multi\/#primaryimage","url":"https:\/\/u-pol.com\/wp-content\/uploads\/RS6103-Rapid-Body-Filler.jpg","contentUrl":"https:\/\/u-pol.com\/wp-content\/uploads\/RS6103-Rapid-Body-Filler.jpg","width":500,"height":500,"caption":"RS6101 Rapid Multi"},{"@type":"BreadcrumbList","@id":"https:\/\/u-pol.com\/fr\/product\/non class\u00e9\/rapid-multi\/#breadcrumb","itemListElement":[{"@type":"ListItem","position":1,"name":"Accueil","item":"https:\/\/u-pol.com\/fr\/"},{"@type":"ListItem","position":2,"name":"Shop","item":"https:\/\/u-pol.com\/?page_id=235"},{"@type":"ListItem","position":3,"name":"Rapid Multi"}]},{"@type":"WebSite","@id":"https:\/\/u-pol.com\/fr\/#website","url":"https:\/\/u-pol.com\/fr\/","name":"U-Pol","description":"","publisher":{"@id":"https:\/\/u-pol.com\/fr\/#organization"},"potentialAction":[{"@type":"SearchAction","target":{"@type":"EntryPoint","urlTemplate":"https:\/\/u-pol.com\/fr\/?s={search_term_string}"},"query-input":{"@type":"PropertyValueSpecification","valueRequired":true,"valueName":"search_term_string"}}],"inLanguage":"fr-FR"},{"@type":"Organization","@id":"https:\/\/u-pol.com\/fr\/#organization","name":"U-POL","url":"https:\/\/u-pol.com\/fr\/","logo":{"@type":"ImageObject","inLanguage":"fr-FR","@id":"https:\/\/u-pol.com\/fr\/#\/schema\/logo\/image\/","url":"https:\/\/u-pol.com\/wp-content\/uploads\/UPOL-sticky-bLogo.png","contentUrl":"https:\/\/u-pol.com\/wp-content\/uploads\/UPOL-sticky-bLogo.png","width":125,"height":75,"caption":"U-POL"},"image":{"@id":"https:\/\/u-pol.com\/fr\/#\/schema\/logo\/image\/"},"sameAs":["https:\/\/www.facebook.com\/U-POL-UK-409641822803819\/","https:\/\/x.com\/UpolUK"]}]}},"_links":{"self":[{"href":"https:\/\/u-pol.com\/fr\/wp-json\/wp\/v2\/product\/37780","targetHints":{"allow":["GET"]}}],"collection":[{"href":"https:\/\/u-pol.com\/fr\/wp-json\/wp\/v2\/product"}],"about":[{"href":"https:\/\/u-pol.com\/fr\/wp-json\/wp\/v2\/types\/product"}],"wp:featuredmedia":[{"embeddable":true,"href":"https:\/\/u-pol.com\/fr\/wp-json\/wp\/v2\/media\/1376"}],"wp:attachment":[{"href":"https:\/\/u-pol.com\/fr\/wp-json\/wp\/v2\/media?parent=37780"}],"wp:term":[{"taxonomy":"product_brand","embeddable":true,"href":"https:\/\/u-pol.com\/fr\/wp-json\/wp\/v2\/product_brand?post=37780"},{"taxonomy":"product_cat","embeddable":true,"href":"https:\/\/u-pol.com\/fr\/wp-json\/wp\/v2\/product_cat?post=37780"},{"taxonomy":"product_tag","embeddable":true,"href":"https:\/\/u-pol.com\/fr\/wp-json\/wp\/v2\/product_tag?post=37780"}],"curies":[{"name":"wp","href":"https:\/\/api.w.org\/{rel}","templated":true}]}}