{"id":38332,"date":"2022-05-10T12:06:46","date_gmt":"2022-05-10T12:06:46","guid":{"rendered":"https:\/\/upol.darkgrey.eu\/?post_type=product&#038;p=38332"},"modified":"2025-08-12T12:44:58","modified_gmt":"2025-08-12T12:44:58","slug":"mastic-a-charge-medium-extrement-facile-a-poncer-extra-soft","status":"publish","type":"product","link":"https:\/\/u-pol.com\/fr\/product\/mastics\/mastics-multifonction\/mastic-a-charge-medium-extrement-facile-a-poncer-extra-soft\/","title":{"rendered":"Extra Soft Mastic \u00e0 Charge Medium Extr\u00e8ment Facile \u00e0 Poncer"},"content":{"rendered":"<div class=\"fusion-fullwidth fullwidth-box fusion-builder-row-1 fusion-flex-container nonhundred-percent-fullwidth non-hundred-percent-height-scrolling\" style=\"--awb-border-radius-top-left:0px;--awb-border-radius-top-right:0px;--awb-border-radius-bottom-right:0px;--awb-border-radius-bottom-left:0px;--awb-flex-wrap:wrap;\" ><div class=\"fusion-builder-row fusion-row fusion-flex-align-items-flex-start fusion-flex-content-wrap\" style=\"max-width:1203.6px;margin-left: calc(-2% \/ 2 );margin-right: calc(-2% \/ 2 );\"><div class=\"fusion-layout-column fusion_builder_column fusion-builder-column-0 fusion_builder_column_1_1 1_1 fusion-flex-column\" style=\"--awb-bg-size:cover;--awb-width-large:100%;--awb-margin-top-large:20px;--awb-spacing-right-large:0.98%;--awb-margin-bottom-large:20px;--awb-spacing-left-large:0.98%;--awb-width-medium:100%;--awb-order-medium:0;--awb-spacing-right-medium:0.98%;--awb-spacing-left-medium:0.98%;--awb-width-small:100%;--awb-order-small:0;--awb-spacing-right-small:0.98%;--awb-spacing-left-small:0.98%;\"><div class=\"fusion-column-wrapper fusion-column-has-shadow fusion-flex-justify-content-flex-start fusion-content-layout-column\">\n<div class=\"table-1\">\n<table width=\"100%\">\n<thead>\n<tr>\n<th align=\"left\">R\u00e9f\u00e9rence<\/th>\n<th align=\"left\">Format<\/th>\n<th align=\"left\">Couleur<\/th>\n<th align=\"left\">Par Carton<\/th>\n<th align=\"left\">Voir la Fiche Technique<\/th>\n<th align=\"left\">Voir la Fiche de S\u00e9curit\u00e9<\/th>\n<\/tr>\n<\/thead>\n<tbody>\n<tr>\n<td align=\"left\">EXSOF\/1<\/td>\n<td align=\"left\">Bo\u00eete 1760g<\/td>\n<td align=\"left\">Jaune Clair<\/td>\n<td align=\"left\">8<\/td>\n<td align=\"left\"><a href=\"https:\/\/u-pol.com\/fr\/video\/exsof-1-tds-fr\/exsof-1-tds-fr\/\" target=\"_blank\" rel=\"noopener\">EXSOF\/1 TDS<\/a><\/td>\n<td align=\"left\"><a href=\"https:\/\/use-qa-inf-apiacs.azure-api.net\/publishedsds\/item\/27102\" target=\"_blank\" rel=\"noopener\">EXSOF\/1 SDS<\/a><\/td>\n<\/tr>\n<\/tbody>\n<\/table>\n<\/div>\n<\/div><\/div><\/div><\/div>\n","protected":false},"excerpt":{"rendered":"<p>Le mastic U-POL le plus facile \u00e0 poncer, id\u00e9al pour remplir, finir et mettre en forme les dommages moyens \u00e0 profonds. Ce mastic offre une excellente adh\u00e9sion \u00e0 de nombreuses surfaces, il est facile \u00e0 appliquer et est id\u00e9al pour la plupart des syst\u00e8mes de peinture.<\/p>\n<ul>\n<li>Le mastic le plus facile \u00e0 poncer<\/li>\n<li>Excellente adh\u00e9rence \u00e0 de nombreuses surfaces<\/li>\n<li>Id\u00e9al pour remplir, finir et mettre en forme les dommages moyens \u00e0 profonds<\/li>\n<li>Bonne tenue<\/li>\n<li>Facile \u00e0 appliquer et \u00e9taler<\/li>\n<\/ul>\n","protected":false},"featured_media":38333,"template":"","meta":[],"product_brand":[],"product_cat":[792,935],"product_tag":[],"class_list":{"0":"post-38332","1":"product","2":"type-product","3":"status-publish","4":"has-post-thumbnail","6":"product_cat-mastics","7":"product_cat-mastics-multifonction","9":"first","10":"instock","11":"downloadable","12":"virtual","13":"product-type-simple"},"yoast_head":"<title>Extra Soft Mastic \u00e0 Charge Medium Extr\u00e8ment Facile \u00e0 Poncer - U-Pol<\/title>\n<meta name=\"description\" content=\"Le mastic U-POL le plus facile \u00e0 poncer, id\u00e9al pour remplir, finir et mettre en forme les dommages moyens \u00e0 profonds.\" \/>\n<meta name=\"robots\" content=\"index, follow, max-snippet:-1, max-image-preview:large, max-video-preview:-1\" \/>\n<link rel=\"canonical\" href=\"https:\/\/u-pol.com\/fr\/product\/mastics\/mastics-multifonction\/mastic-a-charge-medium-extrement-facile-a-poncer-extra-soft\/\" \/>\n<meta property=\"og:locale\" content=\"fr_FR\" \/>\n<meta property=\"og:type\" content=\"article\" \/>\n<meta property=\"og:title\" content=\"Extra Soft Mastic \u00e0 Charge Medium Extr\u00e8ment Facile \u00e0 Poncer - U-Pol\" \/>\n<meta property=\"og:description\" content=\"Le mastic U-POL le plus facile \u00e0 poncer, id\u00e9al pour remplir, finir et mettre en forme les dommages moyens \u00e0 profonds.\" \/>\n<meta property=\"og:url\" content=\"https:\/\/u-pol.com\/fr\/product\/mastics\/mastics-multifonction\/mastic-a-charge-medium-extrement-facile-a-poncer-extra-soft\/\" \/>\n<meta property=\"og:site_name\" content=\"U-Pol\" \/>\n<meta property=\"article:publisher\" content=\"https:\/\/www.facebook.com\/U-POL-UK-409641822803819\/\" \/>\n<meta property=\"article:modified_time\" content=\"2025-08-12T12:44:58+00:00\" \/>\n<meta property=\"og:image\" content=\"https:\/\/u-pol.com\/wp-content\/uploads\/Mastic-a-Charge-Medium-Extrement-Facile-a-Poncer-Extra-Soft.jpg\" \/>\n\t<meta property=\"og:image:width\" content=\"500\" \/>\n\t<meta property=\"og:image:height\" content=\"500\" \/>\n\t<meta property=\"og:image:type\" content=\"image\/jpeg\" \/>\n<meta name=\"twitter:card\" content=\"summary_large_image\" \/>\n<meta name=\"twitter:site\" content=\"@UpolUK\" \/>\n<meta name=\"twitter:label1\" content=\"Dur\u00e9e de lecture estim\u00e9e\" \/>\n\t<meta name=\"twitter:data1\" content=\"2 minutes\" \/>\n<script type=\"application\/ld+json\" class=\"yoast-schema-graph\">{\"@context\":\"https:\/\/schema.org\",\"@graph\":[{\"@type\":\"WebPage\",\"@id\":\"https:\/\/u-pol.com\/fr\/product\/mastics\/mastics-multifonction\/mastic-a-charge-medium-extrement-facile-a-poncer-extra-soft\/\",\"url\":\"https:\/\/u-pol.com\/fr\/product\/mastics\/mastics-multifonction\/mastic-a-charge-medium-extrement-facile-a-poncer-extra-soft\/\",\"name\":\"Extra Soft Mastic \u00e0 Charge Medium Extr\u00e8ment Facile \u00e0 Poncer - U-Pol\",\"isPartOf\":{\"@id\":\"https:\/\/u-pol.com\/fr\/#website\"},\"primaryImageOfPage\":{\"@id\":\"https:\/\/u-pol.com\/fr\/product\/mastics\/mastics-multifonction\/mastic-a-charge-medium-extrement-facile-a-poncer-extra-soft\/#primaryimage\"},\"image\":{\"@id\":\"https:\/\/u-pol.com\/fr\/product\/mastics\/mastics-multifonction\/mastic-a-charge-medium-extrement-facile-a-poncer-extra-soft\/#primaryimage\"},\"thumbnailUrl\":\"https:\/\/u-pol.com\/wp-content\/uploads\/Mastic-a-Charge-Medium-Extrement-Facile-a-Poncer-Extra-Soft.jpg\",\"datePublished\":\"2022-05-10T12:06:46+00:00\",\"dateModified\":\"2025-08-12T12:44:58+00:00\",\"description\":\"Le mastic U-POL le plus facile \u00e0 poncer, id\u00e9al pour remplir, finir et mettre en forme les dommages moyens \u00e0 profonds.\",\"breadcrumb\":{\"@id\":\"https:\/\/u-pol.com\/fr\/product\/mastics\/mastics-multifonction\/mastic-a-charge-medium-extrement-facile-a-poncer-extra-soft\/#breadcrumb\"},\"inLanguage\":\"fr-FR\",\"potentialAction\":[{\"@type\":\"ReadAction\",\"target\":[\"https:\/\/u-pol.com\/fr\/product\/mastics\/mastics-multifonction\/mastic-a-charge-medium-extrement-facile-a-poncer-extra-soft\/\"]}]},{\"@type\":\"ImageObject\",\"inLanguage\":\"fr-FR\",\"@id\":\"https:\/\/u-pol.com\/fr\/product\/mastics\/mastics-multifonction\/mastic-a-charge-medium-extrement-facile-a-poncer-extra-soft\/#primaryimage\",\"url\":\"https:\/\/u-pol.com\/wp-content\/uploads\/Mastic-a-Charge-Medium-Extrement-Facile-a-Poncer-Extra-Soft.jpg\",\"contentUrl\":\"https:\/\/u-pol.com\/wp-content\/uploads\/Mastic-a-Charge-Medium-Extrement-Facile-a-Poncer-Extra-Soft.jpg\",\"width\":500,\"height\":500,\"caption\":\"Mastic \u00e0 Charge Medium Extr\u00e8ment Facile \u00e0 Poncer Extra Soft\"},{\"@type\":\"BreadcrumbList\",\"@id\":\"https:\/\/u-pol.com\/fr\/product\/mastics\/mastics-multifonction\/mastic-a-charge-medium-extrement-facile-a-poncer-extra-soft\/#breadcrumb\",\"itemListElement\":[{\"@type\":\"ListItem\",\"position\":1,\"name\":\"Accueil\",\"item\":\"https:\/\/u-pol.com\/fr\/\"},{\"@type\":\"ListItem\",\"position\":2,\"name\":\"Shop\",\"item\":\"https:\/\/u-pol.com\/?page_id=235\"},{\"@type\":\"ListItem\",\"position\":3,\"name\":\"Extra Soft Mastic \u00e0 Charge Medium Extr\u00e8ment Facile \u00e0 Poncer\"}]},{\"@type\":\"WebSite\",\"@id\":\"https:\/\/u-pol.com\/fr\/#website\",\"url\":\"https:\/\/u-pol.com\/fr\/\",\"name\":\"U-Pol\",\"description\":\"\",\"publisher\":{\"@id\":\"https:\/\/u-pol.com\/fr\/#organization\"},\"potentialAction\":[{\"@type\":\"SearchAction\",\"target\":{\"@type\":\"EntryPoint\",\"urlTemplate\":\"https:\/\/u-pol.com\/fr\/?s={search_term_string}\"},\"query-input\":{\"@type\":\"PropertyValueSpecification\",\"valueRequired\":true,\"valueName\":\"search_term_string\"}}],\"inLanguage\":\"fr-FR\"},{\"@type\":\"Organization\",\"@id\":\"https:\/\/u-pol.com\/fr\/#organization\",\"name\":\"U-POL\",\"url\":\"https:\/\/u-pol.com\/fr\/\",\"logo\":{\"@type\":\"ImageObject\",\"inLanguage\":\"fr-FR\",\"@id\":\"https:\/\/u-pol.com\/fr\/#\/schema\/logo\/image\/\",\"url\":\"https:\/\/u-pol.com\/wp-content\/uploads\/UPOL-sticky-bLogo.png\",\"contentUrl\":\"https:\/\/u-pol.com\/wp-content\/uploads\/UPOL-sticky-bLogo.png\",\"width\":125,\"height\":75,\"caption\":\"U-POL\"},\"image\":{\"@id\":\"https:\/\/u-pol.com\/fr\/#\/schema\/logo\/image\/\"},\"sameAs\":[\"https:\/\/www.facebook.com\/U-POL-UK-409641822803819\/\",\"https:\/\/x.com\/UpolUK\"]}]}<\/script>","yoast_head_json":{"title":"Extra Soft Mastic \u00e0 Charge Medium Extr\u00e8ment Facile \u00e0 Poncer - U-Pol","description":"Le mastic U-POL le plus facile \u00e0 poncer, id\u00e9al pour remplir, finir et mettre en forme les dommages moyens \u00e0 profonds.","robots":{"index":"index","follow":"follow","max-snippet":"max-snippet:-1","max-image-preview":"max-image-preview:large","max-video-preview":"max-video-preview:-1"},"canonical":"https:\/\/u-pol.com\/fr\/product\/mastics\/mastics-multifonction\/mastic-a-charge-medium-extrement-facile-a-poncer-extra-soft\/","og_locale":"fr_FR","og_type":"article","og_title":"Extra Soft Mastic \u00e0 Charge Medium Extr\u00e8ment Facile \u00e0 Poncer - U-Pol","og_description":"Le mastic U-POL le plus facile \u00e0 poncer, id\u00e9al pour remplir, finir et mettre en forme les dommages moyens \u00e0 profonds.","og_url":"https:\/\/u-pol.com\/fr\/product\/mastics\/mastics-multifonction\/mastic-a-charge-medium-extrement-facile-a-poncer-extra-soft\/","og_site_name":"U-Pol","article_publisher":"https:\/\/www.facebook.com\/U-POL-UK-409641822803819\/","article_modified_time":"2025-08-12T12:44:58+00:00","og_image":[{"width":500,"height":500,"url":"https:\/\/u-pol.com\/wp-content\/uploads\/Mastic-a-Charge-Medium-Extrement-Facile-a-Poncer-Extra-Soft.jpg","type":"image\/jpeg"}],"twitter_card":"summary_large_image","twitter_site":"@UpolUK","twitter_misc":{"Dur\u00e9e de lecture estim\u00e9e":"2 minutes"},"schema":{"@context":"https:\/\/schema.org","@graph":[{"@type":"WebPage","@id":"https:\/\/u-pol.com\/fr\/product\/mastics\/mastics-multifonction\/mastic-a-charge-medium-extrement-facile-a-poncer-extra-soft\/","url":"https:\/\/u-pol.com\/fr\/product\/mastics\/mastics-multifonction\/mastic-a-charge-medium-extrement-facile-a-poncer-extra-soft\/","name":"Extra Soft Mastic \u00e0 Charge Medium Extr\u00e8ment Facile \u00e0 Poncer - U-Pol","isPartOf":{"@id":"https:\/\/u-pol.com\/fr\/#website"},"primaryImageOfPage":{"@id":"https:\/\/u-pol.com\/fr\/product\/mastics\/mastics-multifonction\/mastic-a-charge-medium-extrement-facile-a-poncer-extra-soft\/#primaryimage"},"image":{"@id":"https:\/\/u-pol.com\/fr\/product\/mastics\/mastics-multifonction\/mastic-a-charge-medium-extrement-facile-a-poncer-extra-soft\/#primaryimage"},"thumbnailUrl":"https:\/\/u-pol.com\/wp-content\/uploads\/Mastic-a-Charge-Medium-Extrement-Facile-a-Poncer-Extra-Soft.jpg","datePublished":"2022-05-10T12:06:46+00:00","dateModified":"2025-08-12T12:44:58+00:00","description":"Le mastic U-POL le plus facile \u00e0 poncer, id\u00e9al pour remplir, finir et mettre en forme les dommages moyens \u00e0 profonds.","breadcrumb":{"@id":"https:\/\/u-pol.com\/fr\/product\/mastics\/mastics-multifonction\/mastic-a-charge-medium-extrement-facile-a-poncer-extra-soft\/#breadcrumb"},"inLanguage":"fr-FR","potentialAction":[{"@type":"ReadAction","target":["https:\/\/u-pol.com\/fr\/product\/mastics\/mastics-multifonction\/mastic-a-charge-medium-extrement-facile-a-poncer-extra-soft\/"]}]},{"@type":"ImageObject","inLanguage":"fr-FR","@id":"https:\/\/u-pol.com\/fr\/product\/mastics\/mastics-multifonction\/mastic-a-charge-medium-extrement-facile-a-poncer-extra-soft\/#primaryimage","url":"https:\/\/u-pol.com\/wp-content\/uploads\/Mastic-a-Charge-Medium-Extrement-Facile-a-Poncer-Extra-Soft.jpg","contentUrl":"https:\/\/u-pol.com\/wp-content\/uploads\/Mastic-a-Charge-Medium-Extrement-Facile-a-Poncer-Extra-Soft.jpg","width":500,"height":500,"caption":"Mastic \u00e0 Charge Medium Extr\u00e8ment Facile \u00e0 Poncer Extra Soft"},{"@type":"BreadcrumbList","@id":"https:\/\/u-pol.com\/fr\/product\/mastics\/mastics-multifonction\/mastic-a-charge-medium-extrement-facile-a-poncer-extra-soft\/#breadcrumb","itemListElement":[{"@type":"ListItem","position":1,"name":"Accueil","item":"https:\/\/u-pol.com\/fr\/"},{"@type":"ListItem","position":2,"name":"Shop","item":"https:\/\/u-pol.com\/?page_id=235"},{"@type":"ListItem","position":3,"name":"Extra Soft Mastic \u00e0 Charge Medium Extr\u00e8ment Facile \u00e0 Poncer"}]},{"@type":"WebSite","@id":"https:\/\/u-pol.com\/fr\/#website","url":"https:\/\/u-pol.com\/fr\/","name":"U-Pol","description":"","publisher":{"@id":"https:\/\/u-pol.com\/fr\/#organization"},"potentialAction":[{"@type":"SearchAction","target":{"@type":"EntryPoint","urlTemplate":"https:\/\/u-pol.com\/fr\/?s={search_term_string}"},"query-input":{"@type":"PropertyValueSpecification","valueRequired":true,"valueName":"search_term_string"}}],"inLanguage":"fr-FR"},{"@type":"Organization","@id":"https:\/\/u-pol.com\/fr\/#organization","name":"U-POL","url":"https:\/\/u-pol.com\/fr\/","logo":{"@type":"ImageObject","inLanguage":"fr-FR","@id":"https:\/\/u-pol.com\/fr\/#\/schema\/logo\/image\/","url":"https:\/\/u-pol.com\/wp-content\/uploads\/UPOL-sticky-bLogo.png","contentUrl":"https:\/\/u-pol.com\/wp-content\/uploads\/UPOL-sticky-bLogo.png","width":125,"height":75,"caption":"U-POL"},"image":{"@id":"https:\/\/u-pol.com\/fr\/#\/schema\/logo\/image\/"},"sameAs":["https:\/\/www.facebook.com\/U-POL-UK-409641822803819\/","https:\/\/x.com\/UpolUK"]}]}},"_links":{"self":[{"href":"https:\/\/u-pol.com\/fr\/wp-json\/wp\/v2\/product\/38332","targetHints":{"allow":["GET"]}}],"collection":[{"href":"https:\/\/u-pol.com\/fr\/wp-json\/wp\/v2\/product"}],"about":[{"href":"https:\/\/u-pol.com\/fr\/wp-json\/wp\/v2\/types\/product"}],"wp:featuredmedia":[{"embeddable":true,"href":"https:\/\/u-pol.com\/fr\/wp-json\/wp\/v2\/media\/38333"}],"wp:attachment":[{"href":"https:\/\/u-pol.com\/fr\/wp-json\/wp\/v2\/media?parent=38332"}],"wp:term":[{"taxonomy":"product_brand","embeddable":true,"href":"https:\/\/u-pol.com\/fr\/wp-json\/wp\/v2\/product_brand?post=38332"},{"taxonomy":"product_cat","embeddable":true,"href":"https:\/\/u-pol.com\/fr\/wp-json\/wp\/v2\/product_cat?post=38332"},{"taxonomy":"product_tag","embeddable":true,"href":"https:\/\/u-pol.com\/fr\/wp-json\/wp\/v2\/product_tag?post=38332"}],"curies":[{"name":"wp","href":"https:\/\/api.w.org\/{rel}","templated":true}]}}