{"id":38347,"date":"2022-05-10T13:42:11","date_gmt":"2022-05-10T13:42:11","guid":{"rendered":"https:\/\/upol.darkgrey.eu\/?post_type=product&#038;p=38347"},"modified":"2025-08-12T11:12:05","modified_gmt":"2025-08-12T11:12:05","slug":"mastic-jantes-en-alliage","status":"publish","type":"product","link":"https:\/\/u-pol.com\/fr\/product\/mastics\/reparations-specifiques\/mastic-jantes-en-alliage\/","title":{"rendered":"Mastic Jantes en Alliage"},"content":{"rendered":"<div class=\"fusion-fullwidth fullwidth-box fusion-builder-row-1 fusion-flex-container nonhundred-percent-fullwidth non-hundred-percent-height-scrolling\" style=\"--awb-border-radius-top-left:0px;--awb-border-radius-top-right:0px;--awb-border-radius-bottom-right:0px;--awb-border-radius-bottom-left:0px;--awb-flex-wrap:wrap;\" ><div class=\"fusion-builder-row fusion-row fusion-flex-align-items-flex-start fusion-flex-content-wrap\" style=\"max-width:1203.6px;margin-left: calc(-2% \/ 2 );margin-right: calc(-2% \/ 2 );\"><div class=\"fusion-layout-column fusion_builder_column fusion-builder-column-0 fusion_builder_column_1_1 1_1 fusion-flex-column\" style=\"--awb-bg-size:cover;--awb-width-large:100%;--awb-margin-top-large:20px;--awb-spacing-right-large:0.98%;--awb-margin-bottom-large:20px;--awb-spacing-left-large:0.98%;--awb-width-medium:100%;--awb-order-medium:0;--awb-spacing-right-medium:0.98%;--awb-spacing-left-medium:0.98%;--awb-width-small:100%;--awb-order-small:0;--awb-spacing-right-small:0.98%;--awb-spacing-left-small:0.98%;\"><div class=\"fusion-column-wrapper fusion-column-has-shadow fusion-flex-justify-content-flex-start fusion-content-layout-column\">\n<div class=\"table-1\">\n<table width=\"100%\">\n<thead>\n<tr>\n<th align=\"left\">R\u00e9f\u00e9rence<\/th>\n<th align=\"left\">Format<\/th>\n<th align=\"left\">Couleur<\/th>\n<th align=\"left\">Par Carton<\/th>\n<th align=\"left\">Voir la Fiche Technique<\/th>\n<th align=\"left\">Voir la Fiche de S\u00e9curit\u00e9<\/th>\n<\/tr>\n<\/thead>\n<tbody>\n<tr>\n<td align=\"left\">ALWH\/100<\/td>\n<td align=\"left\">Tube 100mL<\/td>\n<td align=\"left\">M\u00e9tallique<\/td>\n<td align=\"left\">6<\/td>\n<td align=\"left\"><\/td>\n<td align=\"left\"><a href=\"https:\/\/use-qa-inf-apiacs.azure-api.net\/publishedsds\/item\/27511\" target=\"_blank\" rel=\"noopener\">ALWH\/100 SDS<\/a><\/td>\n<\/tr>\n<tr>\n<td align=\"left\">MET\/S<\/td>\n<td align=\"left\">Bo\u00eete 250mL<\/td>\n<td align=\"left\">M\u00e9tallique<\/td>\n<td align=\"left\">12<\/td>\n<td align=\"left\"><\/td>\n<td align=\"left\"><a href=\"https:\/\/use-qa-inf-apiacs.azure-api.net\/publishedsds\/item\/27511\" target=\"_blank\" rel=\"noopener\">MET\/S SDS<\/a><\/td>\n<\/tr>\n<\/tbody>\n<\/table>\n<\/div>\n<\/div><\/div><\/div><\/div>\n","protected":false},"excerpt":{"rendered":"<h3>ISOPON<\/h3>\n<p>Le Mastic Jantes en Alliage ISOPON est renforc\u00e9 avec de l\u2019aluminium. Facile \u00e0 utiliser et durable, il est sp\u00e9cialement formul\u00e9 pour r\u00e9parer les rayures et \u00e9raflures sur la plupart des jantes en alliage.<\/p>\n<ul>\n<li>Haute adh\u00e9rence sur la plupart des m\u00e9taux<\/li>\n<li>Facile \u00e0 poncer jusqu\u2019\u00e0 l\u2019obtention d\u2019une finition fine<\/li>\n<li>R\u00e9paration lisse parfaite pour appr\u00eater et peindre<\/li>\n<\/ul>\n","protected":false},"featured_media":37883,"template":"","meta":[],"product_brand":[],"product_cat":[792,795],"product_tag":[938],"class_list":{"0":"post-38347","1":"product","2":"type-product","3":"status-publish","4":"has-post-thumbnail","6":"product_cat-mastics","7":"product_cat-reparations-specifiques","8":"product_tag-isopon","10":"first","11":"instock","12":"downloadable","13":"virtual","14":"product-type-simple"},"yoast_head":"<title>Mastic Jantes en Alliage - U-Pol<\/title>\n<meta name=\"description\" content=\"Facile \u00e0 utiliser et durable, il est sp\u00e9cialement formul\u00e9 pour r\u00e9parer les rayures et \u00e9raflures sur la plupart des jantes en alliage.\" \/>\n<meta name=\"robots\" content=\"index, follow, max-snippet:-1, max-image-preview:large, max-video-preview:-1\" \/>\n<link rel=\"canonical\" href=\"https:\/\/u-pol.com\/fr\/product\/mastics\/reparations-specifiques\/mastic-jantes-en-alliage\/\" \/>\n<meta property=\"og:locale\" content=\"fr_FR\" \/>\n<meta property=\"og:type\" content=\"article\" \/>\n<meta property=\"og:title\" content=\"Mastic Jantes en Alliage - U-Pol\" \/>\n<meta property=\"og:description\" content=\"Facile \u00e0 utiliser et durable, il est sp\u00e9cialement formul\u00e9 pour r\u00e9parer les rayures et \u00e9raflures sur la plupart des jantes en alliage.\" \/>\n<meta property=\"og:url\" content=\"https:\/\/u-pol.com\/fr\/product\/mastics\/reparations-specifiques\/mastic-jantes-en-alliage\/\" \/>\n<meta property=\"og:site_name\" content=\"U-Pol\" \/>\n<meta property=\"article:publisher\" content=\"https:\/\/www.facebook.com\/U-POL-UK-409641822803819\/\" \/>\n<meta property=\"article:modified_time\" content=\"2025-08-12T11:12:05+00:00\" \/>\n<meta property=\"og:image\" content=\"https:\/\/u-pol.com\/wp-content\/uploads\/Mastic-Jantes-en-Alliage.jpg\" \/>\n\t<meta property=\"og:image:width\" content=\"500\" \/>\n\t<meta property=\"og:image:height\" content=\"500\" \/>\n\t<meta property=\"og:image:type\" content=\"image\/jpeg\" \/>\n<meta name=\"twitter:card\" content=\"summary_large_image\" \/>\n<meta name=\"twitter:site\" content=\"@UpolUK\" \/>\n<script type=\"application\/ld+json\" class=\"yoast-schema-graph\">{\"@context\":\"https:\/\/schema.org\",\"@graph\":[{\"@type\":\"WebPage\",\"@id\":\"https:\/\/u-pol.com\/fr\/product\/mastics\/reparations-specifiques\/mastic-jantes-en-alliage\/\",\"url\":\"https:\/\/u-pol.com\/fr\/product\/mastics\/reparations-specifiques\/mastic-jantes-en-alliage\/\",\"name\":\"Mastic Jantes en Alliage - U-Pol\",\"isPartOf\":{\"@id\":\"https:\/\/u-pol.com\/fr\/#website\"},\"primaryImageOfPage\":{\"@id\":\"https:\/\/u-pol.com\/fr\/product\/mastics\/reparations-specifiques\/mastic-jantes-en-alliage\/#primaryimage\"},\"image\":{\"@id\":\"https:\/\/u-pol.com\/fr\/product\/mastics\/reparations-specifiques\/mastic-jantes-en-alliage\/#primaryimage\"},\"thumbnailUrl\":\"https:\/\/u-pol.com\/wp-content\/uploads\/Mastic-Jantes-en-Alliage.jpg\",\"datePublished\":\"2022-05-10T13:42:11+00:00\",\"dateModified\":\"2025-08-12T11:12:05+00:00\",\"description\":\"Facile \u00e0 utiliser et durable, il est sp\u00e9cialement formul\u00e9 pour r\u00e9parer les rayures et \u00e9raflures sur la plupart des jantes en alliage.\",\"breadcrumb\":{\"@id\":\"https:\/\/u-pol.com\/fr\/product\/mastics\/reparations-specifiques\/mastic-jantes-en-alliage\/#breadcrumb\"},\"inLanguage\":\"fr-FR\",\"potentialAction\":[{\"@type\":\"ReadAction\",\"target\":[\"https:\/\/u-pol.com\/fr\/product\/mastics\/reparations-specifiques\/mastic-jantes-en-alliage\/\"]}]},{\"@type\":\"ImageObject\",\"inLanguage\":\"fr-FR\",\"@id\":\"https:\/\/u-pol.com\/fr\/product\/mastics\/reparations-specifiques\/mastic-jantes-en-alliage\/#primaryimage\",\"url\":\"https:\/\/u-pol.com\/wp-content\/uploads\/Mastic-Jantes-en-Alliage.jpg\",\"contentUrl\":\"https:\/\/u-pol.com\/wp-content\/uploads\/Mastic-Jantes-en-Alliage.jpg\",\"width\":500,\"height\":500,\"caption\":\"Mastic Jantes En Alliage\"},{\"@type\":\"BreadcrumbList\",\"@id\":\"https:\/\/u-pol.com\/fr\/product\/mastics\/reparations-specifiques\/mastic-jantes-en-alliage\/#breadcrumb\",\"itemListElement\":[{\"@type\":\"ListItem\",\"position\":1,\"name\":\"Accueil\",\"item\":\"https:\/\/u-pol.com\/fr\/\"},{\"@type\":\"ListItem\",\"position\":2,\"name\":\"Shop\",\"item\":\"https:\/\/u-pol.com\/?page_id=235\"},{\"@type\":\"ListItem\",\"position\":3,\"name\":\"Mastic Jantes en Alliage\"}]},{\"@type\":\"WebSite\",\"@id\":\"https:\/\/u-pol.com\/fr\/#website\",\"url\":\"https:\/\/u-pol.com\/fr\/\",\"name\":\"U-Pol\",\"description\":\"\",\"publisher\":{\"@id\":\"https:\/\/u-pol.com\/fr\/#organization\"},\"potentialAction\":[{\"@type\":\"SearchAction\",\"target\":{\"@type\":\"EntryPoint\",\"urlTemplate\":\"https:\/\/u-pol.com\/fr\/?s={search_term_string}\"},\"query-input\":{\"@type\":\"PropertyValueSpecification\",\"valueRequired\":true,\"valueName\":\"search_term_string\"}}],\"inLanguage\":\"fr-FR\"},{\"@type\":\"Organization\",\"@id\":\"https:\/\/u-pol.com\/fr\/#organization\",\"name\":\"U-POL\",\"url\":\"https:\/\/u-pol.com\/fr\/\",\"logo\":{\"@type\":\"ImageObject\",\"inLanguage\":\"fr-FR\",\"@id\":\"https:\/\/u-pol.com\/fr\/#\/schema\/logo\/image\/\",\"url\":\"https:\/\/u-pol.com\/wp-content\/uploads\/UPOL-sticky-bLogo.png\",\"contentUrl\":\"https:\/\/u-pol.com\/wp-content\/uploads\/UPOL-sticky-bLogo.png\",\"width\":125,\"height\":75,\"caption\":\"U-POL\"},\"image\":{\"@id\":\"https:\/\/u-pol.com\/fr\/#\/schema\/logo\/image\/\"},\"sameAs\":[\"https:\/\/www.facebook.com\/U-POL-UK-409641822803819\/\",\"https:\/\/x.com\/UpolUK\"]}]}<\/script>","yoast_head_json":{"title":"Mastic Jantes en Alliage - U-Pol","description":"Facile \u00e0 utiliser et durable, il est sp\u00e9cialement formul\u00e9 pour r\u00e9parer les rayures et \u00e9raflures sur la plupart des jantes en alliage.","robots":{"index":"index","follow":"follow","max-snippet":"max-snippet:-1","max-image-preview":"max-image-preview:large","max-video-preview":"max-video-preview:-1"},"canonical":"https:\/\/u-pol.com\/fr\/product\/mastics\/reparations-specifiques\/mastic-jantes-en-alliage\/","og_locale":"fr_FR","og_type":"article","og_title":"Mastic Jantes en Alliage - U-Pol","og_description":"Facile \u00e0 utiliser et durable, il est sp\u00e9cialement formul\u00e9 pour r\u00e9parer les rayures et \u00e9raflures sur la plupart des jantes en alliage.","og_url":"https:\/\/u-pol.com\/fr\/product\/mastics\/reparations-specifiques\/mastic-jantes-en-alliage\/","og_site_name":"U-Pol","article_publisher":"https:\/\/www.facebook.com\/U-POL-UK-409641822803819\/","article_modified_time":"2025-08-12T11:12:05+00:00","og_image":[{"width":500,"height":500,"url":"https:\/\/u-pol.com\/wp-content\/uploads\/Mastic-Jantes-en-Alliage.jpg","type":"image\/jpeg"}],"twitter_card":"summary_large_image","twitter_site":"@UpolUK","schema":{"@context":"https:\/\/schema.org","@graph":[{"@type":"WebPage","@id":"https:\/\/u-pol.com\/fr\/product\/mastics\/reparations-specifiques\/mastic-jantes-en-alliage\/","url":"https:\/\/u-pol.com\/fr\/product\/mastics\/reparations-specifiques\/mastic-jantes-en-alliage\/","name":"Mastic Jantes en Alliage - U-Pol","isPartOf":{"@id":"https:\/\/u-pol.com\/fr\/#website"},"primaryImageOfPage":{"@id":"https:\/\/u-pol.com\/fr\/product\/mastics\/reparations-specifiques\/mastic-jantes-en-alliage\/#primaryimage"},"image":{"@id":"https:\/\/u-pol.com\/fr\/product\/mastics\/reparations-specifiques\/mastic-jantes-en-alliage\/#primaryimage"},"thumbnailUrl":"https:\/\/u-pol.com\/wp-content\/uploads\/Mastic-Jantes-en-Alliage.jpg","datePublished":"2022-05-10T13:42:11+00:00","dateModified":"2025-08-12T11:12:05+00:00","description":"Facile \u00e0 utiliser et durable, il est sp\u00e9cialement formul\u00e9 pour r\u00e9parer les rayures et \u00e9raflures sur la plupart des jantes en alliage.","breadcrumb":{"@id":"https:\/\/u-pol.com\/fr\/product\/mastics\/reparations-specifiques\/mastic-jantes-en-alliage\/#breadcrumb"},"inLanguage":"fr-FR","potentialAction":[{"@type":"ReadAction","target":["https:\/\/u-pol.com\/fr\/product\/mastics\/reparations-specifiques\/mastic-jantes-en-alliage\/"]}]},{"@type":"ImageObject","inLanguage":"fr-FR","@id":"https:\/\/u-pol.com\/fr\/product\/mastics\/reparations-specifiques\/mastic-jantes-en-alliage\/#primaryimage","url":"https:\/\/u-pol.com\/wp-content\/uploads\/Mastic-Jantes-en-Alliage.jpg","contentUrl":"https:\/\/u-pol.com\/wp-content\/uploads\/Mastic-Jantes-en-Alliage.jpg","width":500,"height":500,"caption":"Mastic Jantes En Alliage"},{"@type":"BreadcrumbList","@id":"https:\/\/u-pol.com\/fr\/product\/mastics\/reparations-specifiques\/mastic-jantes-en-alliage\/#breadcrumb","itemListElement":[{"@type":"ListItem","position":1,"name":"Accueil","item":"https:\/\/u-pol.com\/fr\/"},{"@type":"ListItem","position":2,"name":"Shop","item":"https:\/\/u-pol.com\/?page_id=235"},{"@type":"ListItem","position":3,"name":"Mastic Jantes en Alliage"}]},{"@type":"WebSite","@id":"https:\/\/u-pol.com\/fr\/#website","url":"https:\/\/u-pol.com\/fr\/","name":"U-Pol","description":"","publisher":{"@id":"https:\/\/u-pol.com\/fr\/#organization"},"potentialAction":[{"@type":"SearchAction","target":{"@type":"EntryPoint","urlTemplate":"https:\/\/u-pol.com\/fr\/?s={search_term_string}"},"query-input":{"@type":"PropertyValueSpecification","valueRequired":true,"valueName":"search_term_string"}}],"inLanguage":"fr-FR"},{"@type":"Organization","@id":"https:\/\/u-pol.com\/fr\/#organization","name":"U-POL","url":"https:\/\/u-pol.com\/fr\/","logo":{"@type":"ImageObject","inLanguage":"fr-FR","@id":"https:\/\/u-pol.com\/fr\/#\/schema\/logo\/image\/","url":"https:\/\/u-pol.com\/wp-content\/uploads\/UPOL-sticky-bLogo.png","contentUrl":"https:\/\/u-pol.com\/wp-content\/uploads\/UPOL-sticky-bLogo.png","width":125,"height":75,"caption":"U-POL"},"image":{"@id":"https:\/\/u-pol.com\/fr\/#\/schema\/logo\/image\/"},"sameAs":["https:\/\/www.facebook.com\/U-POL-UK-409641822803819\/","https:\/\/x.com\/UpolUK"]}]}},"_links":{"self":[{"href":"https:\/\/u-pol.com\/fr\/wp-json\/wp\/v2\/product\/38347","targetHints":{"allow":["GET"]}}],"collection":[{"href":"https:\/\/u-pol.com\/fr\/wp-json\/wp\/v2\/product"}],"about":[{"href":"https:\/\/u-pol.com\/fr\/wp-json\/wp\/v2\/types\/product"}],"wp:featuredmedia":[{"embeddable":true,"href":"https:\/\/u-pol.com\/fr\/wp-json\/wp\/v2\/media\/37883"}],"wp:attachment":[{"href":"https:\/\/u-pol.com\/fr\/wp-json\/wp\/v2\/media?parent=38347"}],"wp:term":[{"taxonomy":"product_brand","embeddable":true,"href":"https:\/\/u-pol.com\/fr\/wp-json\/wp\/v2\/product_brand?post=38347"},{"taxonomy":"product_cat","embeddable":true,"href":"https:\/\/u-pol.com\/fr\/wp-json\/wp\/v2\/product_cat?post=38347"},{"taxonomy":"product_tag","embeddable":true,"href":"https:\/\/u-pol.com\/fr\/wp-json\/wp\/v2\/product_tag?post=38347"}],"curies":[{"name":"wp","href":"https:\/\/api.w.org\/{rel}","templated":true}]}}