{"id":38415,"date":"2022-04-04T10:06:35","date_gmt":"2022-04-04T10:06:35","guid":{"rendered":"https:\/\/upol.darkgrey.eu\/product\/non%20class\u00e9\/vernis-maximum-21\/"},"modified":"2025-09-10T11:14:26","modified_gmt":"2025-09-10T11:14:26","slug":"vernis-maximum-21","status":"publish","type":"product","link":"https:\/\/u-pol.com\/fr\/product\/revetements\/vernis\/vernis-maximum-21\/","title":{"rendered":"Vernis Maximum 2:1"},"content":{"rendered":"<div class=\"fusion-fullwidth fullwidth-box fusion-builder-row-1 fusion-flex-container nonhundred-percent-fullwidth non-hundred-percent-height-scrolling\" style=\"--awb-border-radius-top-left:0px;--awb-border-radius-top-right:0px;--awb-border-radius-bottom-right:0px;--awb-border-radius-bottom-left:0px;--awb-margin-top:20px;--awb-flex-wrap:wrap;\" ><div class=\"fusion-builder-row fusion-row fusion-flex-align-items-flex-start fusion-flex-content-wrap\" style=\"max-width:1203.6px;margin-left: calc(-2% \/ 2 );margin-right: calc(-2% \/ 2 );\"><div class=\"fusion-layout-column fusion_builder_column fusion-builder-column-0 fusion_builder_column_3_4 3_4 fusion-flex-column\" style=\"--awb-bg-size:cover;--awb-width-large:75%;--awb-margin-top-large:0px;--awb-spacing-right-large:1.3066666666667%;--awb-margin-bottom-large:20px;--awb-spacing-left-large:1.3066666666667%;--awb-width-medium:75%;--awb-order-medium:0;--awb-spacing-right-medium:1.3066666666667%;--awb-spacing-left-medium:1.3066666666667%;--awb-width-small:100%;--awb-order-small:0;--awb-spacing-right-small:0.98%;--awb-spacing-left-small:0.98%;\"><div class=\"fusion-column-wrapper fusion-column-has-shadow fusion-flex-justify-content-flex-end fusion-content-layout-row\"><div ><a class=\"fusion-button button-flat fusion-button-default-size button-default fusion-button-default button-1 fusion-button-default-span fusion-button-default-type\" target=\"_blank\" rel=\"noopener noreferrer\" href=\"https:\/\/u-pol.com\/fr\/video\/vernis-maximum\/vernis-maximum\/\"><span class=\"fusion-button-text awb-button__text awb-button__text--default\">Flyer<\/span><\/a><\/div><\/div><\/div><div class=\"fusion-layout-column fusion_builder_column fusion-builder-column-1 fusion_builder_column_1_4 1_4 fusion-flex-column\" style=\"--awb-bg-size:cover;--awb-width-large:25%;--awb-margin-top-large:0px;--awb-spacing-right-large:3.92%;--awb-margin-bottom-large:20px;--awb-spacing-left-large:3.92%;--awb-width-medium:25%;--awb-order-medium:0;--awb-spacing-right-medium:3.92%;--awb-spacing-left-medium:3.92%;--awb-width-small:100%;--awb-order-small:0;--awb-spacing-right-small:0.98%;--awb-spacing-left-small:0.98%;\"><div class=\"fusion-column-wrapper fusion-column-has-shadow fusion-flex-justify-content-flex-end fusion-content-layout-row\"><div ><a class=\"fusion-button button-flat fusion-button-default-size button-default fusion-button-default button-2 fusion-button-default-span fusion-button-default-type\" target=\"_blank\" rel=\"noopener noreferrer\" href=\"https:\/\/u-pol.com\/fr\/video\/vernis-maximum-2\/vernis-maximum2\/\"><span class=\"fusion-button-text awb-button__text awb-button__text--default\">GUIDE D&rsquo;INSTRUCTIONS<\/span><\/a><\/div><\/div><\/div><div class=\"fusion-layout-column fusion_builder_column fusion-builder-column-2 fusion_builder_column_1_1 1_1 fusion-flex-column\" style=\"--awb-bg-size:cover;--awb-width-large:100%;--awb-margin-top-large:0px;--awb-spacing-right-large:0.98%;--awb-margin-bottom-large:20px;--awb-spacing-left-large:0.98%;--awb-width-medium:100%;--awb-order-medium:0;--awb-spacing-right-medium:0.98%;--awb-spacing-left-medium:0.98%;--awb-width-small:100%;--awb-order-small:0;--awb-spacing-right-small:0.98%;--awb-spacing-left-small:0.98%;\"><div class=\"fusion-column-wrapper fusion-column-has-shadow fusion-flex-justify-content-flex-start fusion-content-layout-column\">\n<div class=\"table-1\">\n<table width=\"100%\">\n<thead>\n<tr>\n<th align=\"left\">R\u00e9f\u00e9rence<\/th>\n<th align=\"left\">Format<\/th>\n<th align=\"left\">Couleur<\/th>\n<th align=\"left\">Par Carton<\/th>\n<th align=\"left\">Voir la Fiche Technique<\/th>\n<th align=\"left\">Voir la Fiche de S\u00e9curit\u00e9<\/th>\n<\/tr>\n<\/thead>\n<tbody>\n<tr>\n<td align=\"left\">MXM81\/1<\/td>\n<td align=\"left\">Bidon 1L<\/td>\n<td align=\"left\">Transparent<\/td>\n<td align=\"left\">6<\/td>\n<td align=\"left\"><a href=\"https:\/\/u-pol.com\/wp-content\/uploads\/FR-MXMCL-1.pdf\" target=\"_blank\" rel=\"noopener\">MXM81\/1 TDS<\/a><\/td>\n<td align=\"left\"><a href=\"https:\/\/use-qa-inf-apiacs.azure-api.net\/publishedsds\/item\/26983\" target=\"_blank\" rel=\"noopener\">MXM81\/1 SDS<\/a><\/td>\n<\/tr>\n<tr>\n<td align=\"left\">MXM32\/M<\/td>\n<td align=\"left\">Bidon 500ml<\/td>\n<td align=\"left\">Transparent<\/td>\n<td align=\"left\">6<\/td>\n<td align=\"left\"><a href=\"https:\/\/u-pol.com\/wp-content\/uploads\/FR-MXMCL-1.pdf\" target=\"_blank\" rel=\"noopener\">MXM32\/M TDS<\/a><\/td>\n<td align=\"left\"><a href=\"https:\/\/use-qa-inf-apiacs.azure-api.net\/publishedsds\/item\/26983\" target=\"_blank\" rel=\"noopener\">MXM32\/M SDS<\/a><\/td>\n<\/tr>\n<tr>\n<td align=\"left\">MXMCL\/5<\/td>\n<td align=\"left\">Bidon 5L<\/td>\n<td align=\"left\">Transparent<\/td>\n<td align=\"left\">2<\/td>\n<td align=\"left\"><a href=\"https:\/\/u-pol.com\/wp-content\/uploads\/FR-MXMCL-1.pdf\" target=\"_blank\" rel=\"noopener\">MXMCL\/5 TDS<\/a><\/td>\n<td align=\"left\"><a href=\"https:\/\/use-qa-inf-apiacs.azure-api.net\/publishedsds\/item\/27033\" target=\"_blank\" rel=\"noopener\">MXMCL\/5 SDS<\/a><\/td>\n<\/tr>\n<tr>\n<td align=\"left\">MXMH\/25<\/td>\n<td align=\"left\">Bidon 2.5L<\/td>\n<td align=\"left\">Transparent<\/td>\n<td align=\"left\">4<\/td>\n<td align=\"left\"><a href=\"https:\/\/u-pol.com\/wp-content\/uploads\/FR-MXMCL-1.pdf\" target=\"_blank\" rel=\"noopener\">MXMH\/25 TDS<\/a><\/td>\n<td align=\"left\"><a href=\"https:\/\/use-qa-inf-apiacs.azure-api.net\/publishedsds\/item\/27033\" target=\"_blank\" rel=\"noopener\">MXMH\/25 SDS<\/a><\/td>\n<\/tr>\n<\/tbody>\n<\/table>\n<\/div>\n<\/div><\/div><\/div><\/div>\n","protected":false},"excerpt":{"rendered":"<p>U-Pol Maximum est un vernis HS 2:1 qui donne une finition r\u00e9sistante et durable. Facile \u00e0 appliquer avec un bon tendu et des propri\u00e9t\u00e9s anti-coulure. Durci rapidement avec une finition r\u00e9sistante aux rayures et aux UV. Id\u00e9al pour tous types d\u2019applications.<\/p>\n<ul>\n<li>Facile \u00e0 appliquer<\/li>\n<li>Finition claire avec une r\u00e9tention de brillance sup\u00e9rieure<\/li>\n<li>Excellentes propri\u00e9t\u00e9s d\u2019\u00e9coulement et de non-affaissement<\/li>\n<li>Blanc d\u2019eau<\/li>\n<li>Durable et r\u00e9sistant aux rayures<\/li>\n<li>Id\u00e9al pour les petites et grandes r\u00e9parations dans diverses conditions<\/li>\n<li>Produit haut de gamme \u00e0 un prix abordable<\/li>\n<\/ul>\n","protected":false},"featured_media":18857,"template":"","meta":[],"product_brand":[],"product_cat":[796,797],"product_tag":[],"class_list":{"0":"post-38415","1":"product","2":"type-product","3":"status-publish","4":"has-post-thumbnail","6":"product_cat-revetements","7":"product_cat-vernis","9":"first","10":"instock","11":"downloadable","12":"virtual","13":"sold-individually","14":"product-type-simple"},"yoast_head":"<title>Vernis Maximum 2:1 - U-Pol<\/title>\n<meta name=\"description\" content=\"U-Pol Maximum est un vernis HS 2:1 qui donne une finition r\u00e9sistante et durable.\" \/>\n<meta name=\"robots\" content=\"index, follow, max-snippet:-1, max-image-preview:large, max-video-preview:-1\" \/>\n<link rel=\"canonical\" href=\"https:\/\/u-pol.com\/fr\/product\/revetements\/vernis\/vernis-maximum-21\/\" \/>\n<meta property=\"og:locale\" content=\"fr_FR\" \/>\n<meta property=\"og:type\" content=\"article\" \/>\n<meta property=\"og:title\" content=\"Vernis Maximum 2:1 - U-Pol\" \/>\n<meta property=\"og:description\" content=\"U-Pol Maximum est un vernis HS 2:1 qui donne une finition r\u00e9sistante et durable.\" \/>\n<meta property=\"og:url\" content=\"https:\/\/u-pol.com\/fr\/product\/revetements\/vernis\/vernis-maximum-21\/\" \/>\n<meta property=\"og:site_name\" content=\"U-Pol\" \/>\n<meta property=\"article:publisher\" content=\"https:\/\/www.facebook.com\/U-POL-UK-409641822803819\/\" \/>\n<meta property=\"article:modified_time\" content=\"2025-09-10T11:14:26+00:00\" \/>\n<meta property=\"og:image\" content=\"https:\/\/u-pol.com\/wp-content\/uploads\/MAXIMUM-HS-Clearcoat.jpg\" \/>\n\t<meta property=\"og:image:width\" content=\"500\" \/>\n\t<meta property=\"og:image:height\" content=\"500\" \/>\n\t<meta property=\"og:image:type\" content=\"image\/jpeg\" \/>\n<meta name=\"twitter:card\" content=\"summary_large_image\" \/>\n<meta name=\"twitter:site\" content=\"@UpolUK\" \/>\n<meta name=\"twitter:label1\" content=\"Dur\u00e9e de lecture estim\u00e9e\" \/>\n\t<meta name=\"twitter:data1\" content=\"4 minutes\" \/>\n<script type=\"application\/ld+json\" class=\"yoast-schema-graph\">{\"@context\":\"https:\/\/schema.org\",\"@graph\":[{\"@type\":\"WebPage\",\"@id\":\"https:\/\/u-pol.com\/fr\/product\/revetements\/vernis\/vernis-maximum-21\/\",\"url\":\"https:\/\/u-pol.com\/fr\/product\/revetements\/vernis\/vernis-maximum-21\/\",\"name\":\"Vernis Maximum 2:1 - U-Pol\",\"isPartOf\":{\"@id\":\"https:\/\/u-pol.com\/fr\/#website\"},\"primaryImageOfPage\":{\"@id\":\"https:\/\/u-pol.com\/fr\/product\/revetements\/vernis\/vernis-maximum-21\/#primaryimage\"},\"image\":{\"@id\":\"https:\/\/u-pol.com\/fr\/product\/revetements\/vernis\/vernis-maximum-21\/#primaryimage\"},\"thumbnailUrl\":\"https:\/\/u-pol.com\/wp-content\/uploads\/MAXIMUM-HS-Clearcoat.jpg\",\"datePublished\":\"2022-04-04T10:06:35+00:00\",\"dateModified\":\"2025-09-10T11:14:26+00:00\",\"description\":\"U-Pol Maximum est un vernis HS 2:1 qui donne une finition r\u00e9sistante et durable.\",\"breadcrumb\":{\"@id\":\"https:\/\/u-pol.com\/fr\/product\/revetements\/vernis\/vernis-maximum-21\/#breadcrumb\"},\"inLanguage\":\"fr-FR\",\"potentialAction\":[{\"@type\":\"ReadAction\",\"target\":[\"https:\/\/u-pol.com\/fr\/product\/revetements\/vernis\/vernis-maximum-21\/\"]}]},{\"@type\":\"ImageObject\",\"inLanguage\":\"fr-FR\",\"@id\":\"https:\/\/u-pol.com\/fr\/product\/revetements\/vernis\/vernis-maximum-21\/#primaryimage\",\"url\":\"https:\/\/u-pol.com\/wp-content\/uploads\/MAXIMUM-HS-Clearcoat.jpg\",\"contentUrl\":\"https:\/\/u-pol.com\/wp-content\/uploads\/MAXIMUM-HS-Clearcoat.jpg\",\"width\":500,\"height\":500,\"caption\":\"MAXIMUM HS Clearcoat (2:1)\"},{\"@type\":\"BreadcrumbList\",\"@id\":\"https:\/\/u-pol.com\/fr\/product\/revetements\/vernis\/vernis-maximum-21\/#breadcrumb\",\"itemListElement\":[{\"@type\":\"ListItem\",\"position\":1,\"name\":\"Accueil\",\"item\":\"https:\/\/u-pol.com\/fr\/\"},{\"@type\":\"ListItem\",\"position\":2,\"name\":\"Shop\",\"item\":\"https:\/\/u-pol.com\/?page_id=235\"},{\"@type\":\"ListItem\",\"position\":3,\"name\":\"Vernis Maximum 2:1\"}]},{\"@type\":\"WebSite\",\"@id\":\"https:\/\/u-pol.com\/fr\/#website\",\"url\":\"https:\/\/u-pol.com\/fr\/\",\"name\":\"U-Pol\",\"description\":\"\",\"publisher\":{\"@id\":\"https:\/\/u-pol.com\/fr\/#organization\"},\"potentialAction\":[{\"@type\":\"SearchAction\",\"target\":{\"@type\":\"EntryPoint\",\"urlTemplate\":\"https:\/\/u-pol.com\/fr\/?s={search_term_string}\"},\"query-input\":{\"@type\":\"PropertyValueSpecification\",\"valueRequired\":true,\"valueName\":\"search_term_string\"}}],\"inLanguage\":\"fr-FR\"},{\"@type\":\"Organization\",\"@id\":\"https:\/\/u-pol.com\/fr\/#organization\",\"name\":\"U-POL\",\"url\":\"https:\/\/u-pol.com\/fr\/\",\"logo\":{\"@type\":\"ImageObject\",\"inLanguage\":\"fr-FR\",\"@id\":\"https:\/\/u-pol.com\/fr\/#\/schema\/logo\/image\/\",\"url\":\"https:\/\/u-pol.com\/wp-content\/uploads\/UPOL-sticky-bLogo.png\",\"contentUrl\":\"https:\/\/u-pol.com\/wp-content\/uploads\/UPOL-sticky-bLogo.png\",\"width\":125,\"height\":75,\"caption\":\"U-POL\"},\"image\":{\"@id\":\"https:\/\/u-pol.com\/fr\/#\/schema\/logo\/image\/\"},\"sameAs\":[\"https:\/\/www.facebook.com\/U-POL-UK-409641822803819\/\",\"https:\/\/x.com\/UpolUK\"]}]}<\/script>","yoast_head_json":{"title":"Vernis Maximum 2:1 - U-Pol","description":"U-Pol Maximum est un vernis HS 2:1 qui donne une finition r\u00e9sistante et durable.","robots":{"index":"index","follow":"follow","max-snippet":"max-snippet:-1","max-image-preview":"max-image-preview:large","max-video-preview":"max-video-preview:-1"},"canonical":"https:\/\/u-pol.com\/fr\/product\/revetements\/vernis\/vernis-maximum-21\/","og_locale":"fr_FR","og_type":"article","og_title":"Vernis Maximum 2:1 - U-Pol","og_description":"U-Pol Maximum est un vernis HS 2:1 qui donne une finition r\u00e9sistante et durable.","og_url":"https:\/\/u-pol.com\/fr\/product\/revetements\/vernis\/vernis-maximum-21\/","og_site_name":"U-Pol","article_publisher":"https:\/\/www.facebook.com\/U-POL-UK-409641822803819\/","article_modified_time":"2025-09-10T11:14:26+00:00","og_image":[{"width":500,"height":500,"url":"https:\/\/u-pol.com\/wp-content\/uploads\/MAXIMUM-HS-Clearcoat.jpg","type":"image\/jpeg"}],"twitter_card":"summary_large_image","twitter_site":"@UpolUK","twitter_misc":{"Dur\u00e9e de lecture estim\u00e9e":"4 minutes"},"schema":{"@context":"https:\/\/schema.org","@graph":[{"@type":"WebPage","@id":"https:\/\/u-pol.com\/fr\/product\/revetements\/vernis\/vernis-maximum-21\/","url":"https:\/\/u-pol.com\/fr\/product\/revetements\/vernis\/vernis-maximum-21\/","name":"Vernis Maximum 2:1 - U-Pol","isPartOf":{"@id":"https:\/\/u-pol.com\/fr\/#website"},"primaryImageOfPage":{"@id":"https:\/\/u-pol.com\/fr\/product\/revetements\/vernis\/vernis-maximum-21\/#primaryimage"},"image":{"@id":"https:\/\/u-pol.com\/fr\/product\/revetements\/vernis\/vernis-maximum-21\/#primaryimage"},"thumbnailUrl":"https:\/\/u-pol.com\/wp-content\/uploads\/MAXIMUM-HS-Clearcoat.jpg","datePublished":"2022-04-04T10:06:35+00:00","dateModified":"2025-09-10T11:14:26+00:00","description":"U-Pol Maximum est un vernis HS 2:1 qui donne une finition r\u00e9sistante et durable.","breadcrumb":{"@id":"https:\/\/u-pol.com\/fr\/product\/revetements\/vernis\/vernis-maximum-21\/#breadcrumb"},"inLanguage":"fr-FR","potentialAction":[{"@type":"ReadAction","target":["https:\/\/u-pol.com\/fr\/product\/revetements\/vernis\/vernis-maximum-21\/"]}]},{"@type":"ImageObject","inLanguage":"fr-FR","@id":"https:\/\/u-pol.com\/fr\/product\/revetements\/vernis\/vernis-maximum-21\/#primaryimage","url":"https:\/\/u-pol.com\/wp-content\/uploads\/MAXIMUM-HS-Clearcoat.jpg","contentUrl":"https:\/\/u-pol.com\/wp-content\/uploads\/MAXIMUM-HS-Clearcoat.jpg","width":500,"height":500,"caption":"MAXIMUM HS Clearcoat (2:1)"},{"@type":"BreadcrumbList","@id":"https:\/\/u-pol.com\/fr\/product\/revetements\/vernis\/vernis-maximum-21\/#breadcrumb","itemListElement":[{"@type":"ListItem","position":1,"name":"Accueil","item":"https:\/\/u-pol.com\/fr\/"},{"@type":"ListItem","position":2,"name":"Shop","item":"https:\/\/u-pol.com\/?page_id=235"},{"@type":"ListItem","position":3,"name":"Vernis Maximum 2:1"}]},{"@type":"WebSite","@id":"https:\/\/u-pol.com\/fr\/#website","url":"https:\/\/u-pol.com\/fr\/","name":"U-Pol","description":"","publisher":{"@id":"https:\/\/u-pol.com\/fr\/#organization"},"potentialAction":[{"@type":"SearchAction","target":{"@type":"EntryPoint","urlTemplate":"https:\/\/u-pol.com\/fr\/?s={search_term_string}"},"query-input":{"@type":"PropertyValueSpecification","valueRequired":true,"valueName":"search_term_string"}}],"inLanguage":"fr-FR"},{"@type":"Organization","@id":"https:\/\/u-pol.com\/fr\/#organization","name":"U-POL","url":"https:\/\/u-pol.com\/fr\/","logo":{"@type":"ImageObject","inLanguage":"fr-FR","@id":"https:\/\/u-pol.com\/fr\/#\/schema\/logo\/image\/","url":"https:\/\/u-pol.com\/wp-content\/uploads\/UPOL-sticky-bLogo.png","contentUrl":"https:\/\/u-pol.com\/wp-content\/uploads\/UPOL-sticky-bLogo.png","width":125,"height":75,"caption":"U-POL"},"image":{"@id":"https:\/\/u-pol.com\/fr\/#\/schema\/logo\/image\/"},"sameAs":["https:\/\/www.facebook.com\/U-POL-UK-409641822803819\/","https:\/\/x.com\/UpolUK"]}]}},"_links":{"self":[{"href":"https:\/\/u-pol.com\/fr\/wp-json\/wp\/v2\/product\/38415","targetHints":{"allow":["GET"]}}],"collection":[{"href":"https:\/\/u-pol.com\/fr\/wp-json\/wp\/v2\/product"}],"about":[{"href":"https:\/\/u-pol.com\/fr\/wp-json\/wp\/v2\/types\/product"}],"wp:featuredmedia":[{"embeddable":true,"href":"https:\/\/u-pol.com\/fr\/wp-json\/wp\/v2\/media\/18857"}],"wp:attachment":[{"href":"https:\/\/u-pol.com\/fr\/wp-json\/wp\/v2\/media?parent=38415"}],"wp:term":[{"taxonomy":"product_brand","embeddable":true,"href":"https:\/\/u-pol.com\/fr\/wp-json\/wp\/v2\/product_brand?post=38415"},{"taxonomy":"product_cat","embeddable":true,"href":"https:\/\/u-pol.com\/fr\/wp-json\/wp\/v2\/product_cat?post=38415"},{"taxonomy":"product_tag","embeddable":true,"href":"https:\/\/u-pol.com\/fr\/wp-json\/wp\/v2\/product_tag?post=38415"}],"curies":[{"name":"wp","href":"https:\/\/api.w.org\/{rel}","templated":true}]}}