{"id":38430,"date":"2022-04-04T12:05:34","date_gmt":"2022-04-04T12:05:34","guid":{"rendered":"https:\/\/upol.darkgrey.eu\/product\/non%20class\u00e9\/degraissant-solvante\/"},"modified":"2025-08-12T15:33:16","modified_gmt":"2025-08-12T15:33:16","slug":"degraissant-solvante","status":"publish","type":"product","link":"https:\/\/u-pol.com\/fr\/product\/revetements\/produits-de-peinture-complementaires\/degraissant-solvante\/","title":{"rendered":"D\u00e9graissant Solvant\u00e9"},"content":{"rendered":"<div class=\"fusion-fullwidth fullwidth-box fusion-builder-row-1 fusion-flex-container nonhundred-percent-fullwidth non-hundred-percent-height-scrolling\" style=\"--awb-border-radius-top-left:0px;--awb-border-radius-top-right:0px;--awb-border-radius-bottom-right:0px;--awb-border-radius-bottom-left:0px;--awb-margin-top:20px;--awb-flex-wrap:wrap;\" ><div class=\"fusion-builder-row fusion-row fusion-flex-align-items-flex-start fusion-flex-content-wrap\" style=\"max-width:1203.6px;margin-left: calc(-2% \/ 2 );margin-right: calc(-2% \/ 2 );\"><div class=\"fusion-layout-column fusion_builder_column fusion-builder-column-0 fusion_builder_column_1_1 1_1 fusion-flex-column\" style=\"--awb-bg-size:cover;--awb-width-large:100%;--awb-margin-top-large:0px;--awb-spacing-right-large:0.98%;--awb-margin-bottom-large:20px;--awb-spacing-left-large:0.98%;--awb-width-medium:100%;--awb-order-medium:0;--awb-spacing-right-medium:0.98%;--awb-spacing-left-medium:0.98%;--awb-width-small:100%;--awb-order-small:0;--awb-spacing-right-small:0.98%;--awb-spacing-left-small:0.98%;\"><div class=\"fusion-column-wrapper fusion-column-has-shadow fusion-flex-justify-content-flex-start fusion-content-layout-column\">\n<div class=\"table-1\">\n<table width=\"100%\">\n<thead>\n<tr>\n<th align=\"left\">R\u00e9f\u00e9rence<\/th>\n<th align=\"left\">Format<\/th>\n<th align=\"left\">Couleur<\/th>\n<th align=\"left\">Par Carton<\/th>\n<th align=\"left\">Voir la Fiche Technique<\/th>\n<th align=\"left\">Voir la Fiche de S\u00e9curit\u00e9<\/th>\n<\/tr>\n<\/thead>\n<tbody>\n<tr>\n<td align=\"left\">S2002\/1<\/td>\n<td align=\"left\">Bidon 1L<\/td>\n<td align=\"left\">Lent<\/td>\n<td align=\"left\">6<\/td>\n<td align=\"left\"><a href=\"https:\/\/u-pol.com\/fr\/video\/s2002-1-tds-fr\/s2002-1-tds-fr\/\" target=\"_blank\" rel=\"noopener\">S2002\/1 TDS<\/a><\/td>\n<td align=\"left\"><a href=\"https:\/\/use-qa-inf-apiacs.azure-api.net\/publishedsds\/item\/26918\" target=\"_blank\" rel=\"noopener\">S2002\/1 SDS<\/a><\/td>\n<\/tr>\n<tr>\n<td align=\"left\">S2002\/5<\/td>\n<td align=\"left\">Bidon 5L<\/td>\n<td align=\"left\">Lent<\/td>\n<td align=\"left\">2<\/td>\n<td align=\"left\"><a href=\"https:\/\/u-pol.com\/fr\/video\/s2002-5-tds-fr\/s2002-5-tds-fr\/\" target=\"_blank\" rel=\"noopener\">S2002\/5 TDS<\/a><\/td>\n<td align=\"left\"><a href=\"https:\/\/use-qa-inf-apiacs.azure-api.net\/publishedsds\/item\/26918\" target=\"_blank\" rel=\"noopener\">S2002\/5 SDS<\/a><\/td>\n<\/tr>\n<tr>\n<td align=\"left\">S2001\/5<\/td>\n<td align=\"left\">Bidon 5L<\/td>\n<td align=\"left\">Rapide<\/td>\n<td align=\"left\">2<\/td>\n<td align=\"left\"><a href=\"https:\/\/u-pol.com\/fr\/video\/s2001-5-tds-fr\/s2001-5-tds-fr\/\" target=\"_blank\" rel=\"noopener\">S2001\/5 TDS<\/a><\/td>\n<td align=\"left\"><a href=\"https:\/\/use-qa-inf-apiacs.azure-api.net\/publishedsds\/item\/26904\" target=\"_blank\" rel=\"noopener\">S2001\/5 SDS<\/a><\/td>\n<\/tr>\n<\/tbody>\n<\/table>\n<\/div>\n<\/div><\/div><\/div><\/div>\n","protected":false},"excerpt":{"rendered":"<h3>SYSTEM 20<\/h3>\n<p>D\u00e9graissant anti-statique et anti-silicone. Agressif, il enl\u00e8ve tous les contaminants y compris cire, graisse et silicones. Il peut \u00eatre utilis\u00e9 sur du m\u00e9tal nu et sur des peintures existantes avant la mise en peinture. Disponible en rapide, id\u00e9al pour les r\u00e9parations localis\u00e9es, et en lent, pour les r\u00e9parations plus grandes ou pour les temp\u00e9ratures plus chaudes.<\/p>\n<ul>\n<li>N&rsquo;attaque pas la peinture existante<\/li>\n<li>\u00c9limine efficacement les contaminants et l&rsquo;\u00e9lectricit\u00e9 statique<\/li>\n<li>Compatible avec la plupart des syst\u00e8mes de peinture<\/li>\n<\/ul>\n<p>&nbsp;<\/p>\n<div class=\"clearfix\"><\/div>\n","protected":false},"featured_media":18809,"template":"","meta":[],"product_brand":[],"product_cat":[796,798],"product_tag":[813],"class_list":{"0":"post-38430","1":"product","2":"type-product","3":"status-publish","4":"has-post-thumbnail","6":"product_cat-revetements","7":"product_cat-produits-de-peinture-complementaires","8":"product_tag-system-20-fr","10":"first","11":"instock","12":"downloadable","13":"virtual","14":"sold-individually","15":"product-type-simple"},"yoast_head":"<title>D\u00e9graissant Solvant\u00e9 - U-Pol<\/title>\n<meta name=\"description\" content=\"D\u00e9graissant anti-statique et anti-silicone. Agressif, il enl\u00e8ve tous les contaminants y compris cire, graisse et silicones.\" \/>\n<meta name=\"robots\" content=\"index, follow, max-snippet:-1, max-image-preview:large, max-video-preview:-1\" \/>\n<link rel=\"canonical\" href=\"https:\/\/u-pol.com\/fr\/product\/revetements\/produits-de-peinture-complementaires\/degraissant-solvante\/\" \/>\n<meta property=\"og:locale\" content=\"fr_FR\" \/>\n<meta property=\"og:type\" content=\"article\" \/>\n<meta property=\"og:title\" content=\"D\u00e9graissant Solvant\u00e9 - U-Pol\" \/>\n<meta property=\"og:description\" content=\"D\u00e9graissant anti-statique et anti-silicone. Agressif, il enl\u00e8ve tous les contaminants y compris cire, graisse et silicones.\" \/>\n<meta property=\"og:url\" content=\"https:\/\/u-pol.com\/fr\/product\/revetements\/produits-de-peinture-complementaires\/degraissant-solvante\/\" \/>\n<meta property=\"og:site_name\" content=\"U-Pol\" \/>\n<meta property=\"article:publisher\" content=\"https:\/\/www.facebook.com\/U-POL-UK-409641822803819\/\" \/>\n<meta property=\"article:modified_time\" content=\"2025-08-12T15:33:16+00:00\" \/>\n<meta property=\"og:image\" content=\"https:\/\/u-pol.com\/wp-content\/uploads\/S2002-5-Solvent-Based-Degreaser.jpg\" \/>\n\t<meta property=\"og:image:width\" content=\"500\" \/>\n\t<meta property=\"og:image:height\" content=\"500\" \/>\n\t<meta property=\"og:image:type\" content=\"image\/jpeg\" \/>\n<meta name=\"twitter:card\" content=\"summary_large_image\" \/>\n<meta name=\"twitter:site\" content=\"@UpolUK\" \/>\n<meta name=\"twitter:label1\" content=\"Dur\u00e9e de lecture estim\u00e9e\" \/>\n\t<meta name=\"twitter:data1\" content=\"3 minutes\" \/>\n<script type=\"application\/ld+json\" class=\"yoast-schema-graph\">{\"@context\":\"https:\/\/schema.org\",\"@graph\":[{\"@type\":\"WebPage\",\"@id\":\"https:\/\/u-pol.com\/fr\/product\/revetements\/produits-de-peinture-complementaires\/degraissant-solvante\/\",\"url\":\"https:\/\/u-pol.com\/fr\/product\/revetements\/produits-de-peinture-complementaires\/degraissant-solvante\/\",\"name\":\"D\u00e9graissant Solvant\u00e9 - U-Pol\",\"isPartOf\":{\"@id\":\"https:\/\/u-pol.com\/fr\/#website\"},\"primaryImageOfPage\":{\"@id\":\"https:\/\/u-pol.com\/fr\/product\/revetements\/produits-de-peinture-complementaires\/degraissant-solvante\/#primaryimage\"},\"image\":{\"@id\":\"https:\/\/u-pol.com\/fr\/product\/revetements\/produits-de-peinture-complementaires\/degraissant-solvante\/#primaryimage\"},\"thumbnailUrl\":\"https:\/\/u-pol.com\/wp-content\/uploads\/S2002-5-Solvent-Based-Degreaser.jpg\",\"datePublished\":\"2022-04-04T12:05:34+00:00\",\"dateModified\":\"2025-08-12T15:33:16+00:00\",\"description\":\"D\u00e9graissant anti-statique et anti-silicone. Agressif, il enl\u00e8ve tous les contaminants y compris cire, graisse et silicones.\",\"breadcrumb\":{\"@id\":\"https:\/\/u-pol.com\/fr\/product\/revetements\/produits-de-peinture-complementaires\/degraissant-solvante\/#breadcrumb\"},\"inLanguage\":\"fr-FR\",\"potentialAction\":[{\"@type\":\"ReadAction\",\"target\":[\"https:\/\/u-pol.com\/fr\/product\/revetements\/produits-de-peinture-complementaires\/degraissant-solvante\/\"]}]},{\"@type\":\"ImageObject\",\"inLanguage\":\"fr-FR\",\"@id\":\"https:\/\/u-pol.com\/fr\/product\/revetements\/produits-de-peinture-complementaires\/degraissant-solvante\/#primaryimage\",\"url\":\"https:\/\/u-pol.com\/wp-content\/uploads\/S2002-5-Solvent-Based-Degreaser.jpg\",\"contentUrl\":\"https:\/\/u-pol.com\/wp-content\/uploads\/S2002-5-Solvent-Based-Degreaser.jpg\",\"width\":500,\"height\":500,\"caption\":\"S2001 &amp; S2002 Solvent Based Degreaser\"},{\"@type\":\"BreadcrumbList\",\"@id\":\"https:\/\/u-pol.com\/fr\/product\/revetements\/produits-de-peinture-complementaires\/degraissant-solvante\/#breadcrumb\",\"itemListElement\":[{\"@type\":\"ListItem\",\"position\":1,\"name\":\"Accueil\",\"item\":\"https:\/\/u-pol.com\/fr\/\"},{\"@type\":\"ListItem\",\"position\":2,\"name\":\"Shop\",\"item\":\"https:\/\/u-pol.com\/?page_id=235\"},{\"@type\":\"ListItem\",\"position\":3,\"name\":\"D\u00e9graissant Solvant\u00e9\"}]},{\"@type\":\"WebSite\",\"@id\":\"https:\/\/u-pol.com\/fr\/#website\",\"url\":\"https:\/\/u-pol.com\/fr\/\",\"name\":\"U-Pol\",\"description\":\"\",\"publisher\":{\"@id\":\"https:\/\/u-pol.com\/fr\/#organization\"},\"potentialAction\":[{\"@type\":\"SearchAction\",\"target\":{\"@type\":\"EntryPoint\",\"urlTemplate\":\"https:\/\/u-pol.com\/fr\/?s={search_term_string}\"},\"query-input\":{\"@type\":\"PropertyValueSpecification\",\"valueRequired\":true,\"valueName\":\"search_term_string\"}}],\"inLanguage\":\"fr-FR\"},{\"@type\":\"Organization\",\"@id\":\"https:\/\/u-pol.com\/fr\/#organization\",\"name\":\"U-POL\",\"url\":\"https:\/\/u-pol.com\/fr\/\",\"logo\":{\"@type\":\"ImageObject\",\"inLanguage\":\"fr-FR\",\"@id\":\"https:\/\/u-pol.com\/fr\/#\/schema\/logo\/image\/\",\"url\":\"https:\/\/u-pol.com\/wp-content\/uploads\/UPOL-sticky-bLogo.png\",\"contentUrl\":\"https:\/\/u-pol.com\/wp-content\/uploads\/UPOL-sticky-bLogo.png\",\"width\":125,\"height\":75,\"caption\":\"U-POL\"},\"image\":{\"@id\":\"https:\/\/u-pol.com\/fr\/#\/schema\/logo\/image\/\"},\"sameAs\":[\"https:\/\/www.facebook.com\/U-POL-UK-409641822803819\/\",\"https:\/\/x.com\/UpolUK\"]}]}<\/script>","yoast_head_json":{"title":"D\u00e9graissant Solvant\u00e9 - U-Pol","description":"D\u00e9graissant anti-statique et anti-silicone. Agressif, il enl\u00e8ve tous les contaminants y compris cire, graisse et silicones.","robots":{"index":"index","follow":"follow","max-snippet":"max-snippet:-1","max-image-preview":"max-image-preview:large","max-video-preview":"max-video-preview:-1"},"canonical":"https:\/\/u-pol.com\/fr\/product\/revetements\/produits-de-peinture-complementaires\/degraissant-solvante\/","og_locale":"fr_FR","og_type":"article","og_title":"D\u00e9graissant Solvant\u00e9 - U-Pol","og_description":"D\u00e9graissant anti-statique et anti-silicone. Agressif, il enl\u00e8ve tous les contaminants y compris cire, graisse et silicones.","og_url":"https:\/\/u-pol.com\/fr\/product\/revetements\/produits-de-peinture-complementaires\/degraissant-solvante\/","og_site_name":"U-Pol","article_publisher":"https:\/\/www.facebook.com\/U-POL-UK-409641822803819\/","article_modified_time":"2025-08-12T15:33:16+00:00","og_image":[{"width":500,"height":500,"url":"https:\/\/u-pol.com\/wp-content\/uploads\/S2002-5-Solvent-Based-Degreaser.jpg","type":"image\/jpeg"}],"twitter_card":"summary_large_image","twitter_site":"@UpolUK","twitter_misc":{"Dur\u00e9e de lecture estim\u00e9e":"3 minutes"},"schema":{"@context":"https:\/\/schema.org","@graph":[{"@type":"WebPage","@id":"https:\/\/u-pol.com\/fr\/product\/revetements\/produits-de-peinture-complementaires\/degraissant-solvante\/","url":"https:\/\/u-pol.com\/fr\/product\/revetements\/produits-de-peinture-complementaires\/degraissant-solvante\/","name":"D\u00e9graissant Solvant\u00e9 - U-Pol","isPartOf":{"@id":"https:\/\/u-pol.com\/fr\/#website"},"primaryImageOfPage":{"@id":"https:\/\/u-pol.com\/fr\/product\/revetements\/produits-de-peinture-complementaires\/degraissant-solvante\/#primaryimage"},"image":{"@id":"https:\/\/u-pol.com\/fr\/product\/revetements\/produits-de-peinture-complementaires\/degraissant-solvante\/#primaryimage"},"thumbnailUrl":"https:\/\/u-pol.com\/wp-content\/uploads\/S2002-5-Solvent-Based-Degreaser.jpg","datePublished":"2022-04-04T12:05:34+00:00","dateModified":"2025-08-12T15:33:16+00:00","description":"D\u00e9graissant anti-statique et anti-silicone. Agressif, il enl\u00e8ve tous les contaminants y compris cire, graisse et silicones.","breadcrumb":{"@id":"https:\/\/u-pol.com\/fr\/product\/revetements\/produits-de-peinture-complementaires\/degraissant-solvante\/#breadcrumb"},"inLanguage":"fr-FR","potentialAction":[{"@type":"ReadAction","target":["https:\/\/u-pol.com\/fr\/product\/revetements\/produits-de-peinture-complementaires\/degraissant-solvante\/"]}]},{"@type":"ImageObject","inLanguage":"fr-FR","@id":"https:\/\/u-pol.com\/fr\/product\/revetements\/produits-de-peinture-complementaires\/degraissant-solvante\/#primaryimage","url":"https:\/\/u-pol.com\/wp-content\/uploads\/S2002-5-Solvent-Based-Degreaser.jpg","contentUrl":"https:\/\/u-pol.com\/wp-content\/uploads\/S2002-5-Solvent-Based-Degreaser.jpg","width":500,"height":500,"caption":"S2001 &amp; S2002 Solvent Based Degreaser"},{"@type":"BreadcrumbList","@id":"https:\/\/u-pol.com\/fr\/product\/revetements\/produits-de-peinture-complementaires\/degraissant-solvante\/#breadcrumb","itemListElement":[{"@type":"ListItem","position":1,"name":"Accueil","item":"https:\/\/u-pol.com\/fr\/"},{"@type":"ListItem","position":2,"name":"Shop","item":"https:\/\/u-pol.com\/?page_id=235"},{"@type":"ListItem","position":3,"name":"D\u00e9graissant Solvant\u00e9"}]},{"@type":"WebSite","@id":"https:\/\/u-pol.com\/fr\/#website","url":"https:\/\/u-pol.com\/fr\/","name":"U-Pol","description":"","publisher":{"@id":"https:\/\/u-pol.com\/fr\/#organization"},"potentialAction":[{"@type":"SearchAction","target":{"@type":"EntryPoint","urlTemplate":"https:\/\/u-pol.com\/fr\/?s={search_term_string}"},"query-input":{"@type":"PropertyValueSpecification","valueRequired":true,"valueName":"search_term_string"}}],"inLanguage":"fr-FR"},{"@type":"Organization","@id":"https:\/\/u-pol.com\/fr\/#organization","name":"U-POL","url":"https:\/\/u-pol.com\/fr\/","logo":{"@type":"ImageObject","inLanguage":"fr-FR","@id":"https:\/\/u-pol.com\/fr\/#\/schema\/logo\/image\/","url":"https:\/\/u-pol.com\/wp-content\/uploads\/UPOL-sticky-bLogo.png","contentUrl":"https:\/\/u-pol.com\/wp-content\/uploads\/UPOL-sticky-bLogo.png","width":125,"height":75,"caption":"U-POL"},"image":{"@id":"https:\/\/u-pol.com\/fr\/#\/schema\/logo\/image\/"},"sameAs":["https:\/\/www.facebook.com\/U-POL-UK-409641822803819\/","https:\/\/x.com\/UpolUK"]}]}},"_links":{"self":[{"href":"https:\/\/u-pol.com\/fr\/wp-json\/wp\/v2\/product\/38430","targetHints":{"allow":["GET"]}}],"collection":[{"href":"https:\/\/u-pol.com\/fr\/wp-json\/wp\/v2\/product"}],"about":[{"href":"https:\/\/u-pol.com\/fr\/wp-json\/wp\/v2\/types\/product"}],"wp:featuredmedia":[{"embeddable":true,"href":"https:\/\/u-pol.com\/fr\/wp-json\/wp\/v2\/media\/18809"}],"wp:attachment":[{"href":"https:\/\/u-pol.com\/fr\/wp-json\/wp\/v2\/media?parent=38430"}],"wp:term":[{"taxonomy":"product_brand","embeddable":true,"href":"https:\/\/u-pol.com\/fr\/wp-json\/wp\/v2\/product_brand?post=38430"},{"taxonomy":"product_cat","embeddable":true,"href":"https:\/\/u-pol.com\/fr\/wp-json\/wp\/v2\/product_cat?post=38430"},{"taxonomy":"product_tag","embeddable":true,"href":"https:\/\/u-pol.com\/fr\/wp-json\/wp\/v2\/product_tag?post=38430"}],"curies":[{"name":"wp","href":"https:\/\/api.w.org\/{rel}","templated":true}]}}