{"id":38438,"date":"2022-04-04T13:07:32","date_gmt":"2022-04-04T13:07:32","guid":{"rendered":"https:\/\/upol.darkgrey.eu\/product\/non%20class\u00e9\/high5-appret-garnissant\/"},"modified":"2026-01-27T10:45:38","modified_gmt":"2026-01-27T10:45:38","slug":"high5-appret-garnissant","status":"publish","type":"product","link":"https:\/\/u-pol.com\/fr\/product\/aerosols-fr\/aerosols-premium\/high5-appret-garnissant\/","title":{"rendered":"HIGH#5 Appr\u00eat Garnissant"},"content":{"rendered":"<div class=\"fusion-fullwidth fullwidth-box fusion-builder-row-1 fusion-flex-container nonhundred-percent-fullwidth non-hundred-percent-height-scrolling\" style=\"--awb-border-radius-top-left:0px;--awb-border-radius-top-right:0px;--awb-border-radius-bottom-right:0px;--awb-border-radius-bottom-left:0px;--awb-margin-top:20px;--awb-flex-wrap:wrap;\" ><div class=\"fusion-builder-row fusion-row fusion-flex-align-items-flex-start fusion-flex-content-wrap\" style=\"max-width:1203.6px;margin-left: calc(-2% \/ 2 );margin-right: calc(-2% \/ 2 );\"><div class=\"fusion-layout-column fusion_builder_column fusion-builder-column-0 fusion_builder_column_1_1 1_1 fusion-flex-column\" style=\"--awb-bg-size:cover;--awb-width-large:100%;--awb-margin-top-large:0px;--awb-spacing-right-large:0.98%;--awb-margin-bottom-large:20px;--awb-spacing-left-large:0.98%;--awb-width-medium:100%;--awb-order-medium:0;--awb-spacing-right-medium:0.98%;--awb-spacing-left-medium:0.98%;--awb-width-small:100%;--awb-order-small:0;--awb-spacing-right-small:0.98%;--awb-spacing-left-small:0.98%;\"><div class=\"fusion-column-wrapper fusion-column-has-shadow fusion-flex-justify-content-flex-end fusion-content-layout-row\"><div ><a class=\"fusion-button button-flat fusion-button-default-size button-default fusion-button-default button-1 fusion-button-default-span fusion-button-default-type\" target=\"lightbox\" rel=\"iLightbox\" href=\"https:\/\/u-pol.com\/fr\/appret-garnissant-high5-4\/\"><span class=\"fusion-button-text awb-button__text awb-button__text--default\">VOIR LA VID\u00c9O<\/span><\/a><\/div><\/div><\/div><div class=\"fusion-layout-column fusion_builder_column fusion-builder-column-1 fusion_builder_column_1_1 1_1 fusion-flex-column\" style=\"--awb-bg-size:cover;--awb-width-large:100%;--awb-margin-top-large:0px;--awb-spacing-right-large:0.98%;--awb-margin-bottom-large:20px;--awb-spacing-left-large:0.98%;--awb-width-medium:100%;--awb-order-medium:0;--awb-spacing-right-medium:0.98%;--awb-spacing-left-medium:0.98%;--awb-width-small:100%;--awb-order-small:0;--awb-spacing-right-small:0.98%;--awb-spacing-left-small:0.98%;\"><div class=\"fusion-column-wrapper fusion-column-has-shadow fusion-flex-justify-content-flex-start fusion-content-layout-column\">\n<div class=\"table-1\">\n<table width=\"100%\">\n<thead>\n<tr>\n<th align=\"left\">R\u00e9f\u00e9rence<\/th>\n<th align=\"left\">Format<\/th>\n<th align=\"left\">Couleur<\/th>\n<th align=\"left\">Par Carton<\/th>\n<th align=\"left\">Voir la Fiche Technique<\/th>\n<th align=\"left\">Voir la Fiche de S\u00e9curit\u00e9<\/th>\n<\/tr>\n<\/thead>\n<tbody>\n<tr>\n<td align=\"left\">HIGHG\/AL<\/td>\n<td align=\"left\">A\u00e9rosol 450 ml<\/td>\n<td align=\"left\">Gris<\/td>\n<td align=\"left\">6<\/td>\n<td align=\"left\"><a href=\"https:\/\/u-pol.com\/fr\/video\/highg-al-tds-fr\/highg-al-tds-fr\/\" target=\"_blank\" rel=\"noopener\">HIGHG\/AL TDS<\/a><\/td>\n<td align=\"left\"><a href=\"https:\/\/use-qa-inf-apiacs.azure-api.net\/publishedsds\/item\/27216\" target=\"_blank\" rel=\"noopener\">HIGHG\/AL SDS<\/a><\/td>\n<\/tr>\n<tr>\n<td align=\"left\">HIGHW\/AL<\/td>\n<td align=\"left\">A\u00e9rosol 450 ml<\/td>\n<td align=\"left\">Blanc<\/td>\n<td align=\"left\">6<\/td>\n<td align=\"left\"><a href=\"https:\/\/u-pol.com\/fr\/video\/highw-al-tds-fr\/highw-al-tds-fr\/\" target=\"_blank\" rel=\"noopener\">HIGHW\/AL TDS<\/a><\/td>\n<td align=\"left\"><a href=\"https:\/\/use-qa-inf-apiacs.azure-api.net\/publishedsds\/item\/27150\" target=\"_blank\" rel=\"noopener\">HIGHW\/AL SDS<\/a><\/td>\n<\/tr>\n<tr>\n<td align=\"left\">HIGHB\/AL<\/td>\n<td align=\"left\">A\u00e9rosol 450 ml<\/td>\n<td align=\"left\">Noir<\/td>\n<td align=\"left\">6<\/td>\n<td align=\"left\"><a href=\"https:\/\/u-pol.com\/fr\/video\/highb-al-tds-fr-pd\/highb-al-tds-fr-pd\/\" target=\"_blank\" rel=\"noopener\">HIGHB\/AL TDS<\/a><\/td>\n<td align=\"left\"><a href=\"https:\/\/use-qa-inf-apiacs.azure-api.net\/publishedsds\/item\/27238\" target=\"_blank\" rel=\"noopener\">HIGHB\/AL SDS<\/a><\/td>\n<\/tr>\n<tr>\n<td align=\"left\">HIGHDG\/AL<\/td>\n<td align=\"left\">A\u00e9rosol 450 ml<\/td>\n<td align=\"left\">Gris Fonc\u00e9<\/td>\n<td align=\"left\">6<\/td>\n<td align=\"left\"><a href=\"https:\/\/u-pol.com\/fr\/video\/highdg-al-tds-fr\/highdg-al-tds-fr\/\" target=\"_blank\" rel=\"noopener\">HIGHDG\/AL TDS<\/a><\/td>\n<td align=\"left\"><a href=\"https:\/\/use-qa-inf-apiacs.azure-api.net\/publishedsds\/item\/27009\" target=\"_blank\" rel=\"noopener\">HIGHDG\/AL SDS<\/a><\/td>\n<\/tr>\n<\/tbody>\n<\/table>\n<\/div>\n<\/div><\/div><\/div><\/div>\n","protected":false},"excerpt":{"rendered":"<h3>A\u00c9ROSOLS PREMIUM<\/h3>\n<p>Appr\u00eat \u00e0 tr\u00e8s haut pouvoir garnissant id\u00e9al pour atteindre une surface lisse avant d\u2019appliquer la peinture.<\/p>\n<ul>\n<li>Id\u00e9al pour les petites r\u00e9parations<\/li>\n<li>Reproduit une couche aussi \u00e9paisse qu\u2019un appr\u00eat appliqu\u00e9 au pistolet<\/li>\n<li>S\u00e9chage rapide, facile \u00e0 poncer<\/li>\n<li>Buse \u00e0 jet plat pour une pulv\u00e9risation type pistolet<\/li>\n<li>Buse standard pour les applications traditionnelles<\/li>\n<\/ul>\n","protected":false},"featured_media":18917,"template":"","meta":[],"product_brand":[],"product_cat":[783,784],"product_tag":[811],"class_list":{"0":"post-38438","1":"product","2":"type-product","3":"status-publish","4":"has-post-thumbnail","6":"product_cat-aerosols-fr","7":"product_cat-aerosols-premium","8":"product_tag-aerosols-premium","10":"first","11":"instock","12":"downloadable","13":"virtual","14":"sold-individually","15":"product-type-simple"},"yoast_head":"<title>HIGH#5 Appr\u00eat Garnissant - U-Pol<\/title>\n<meta name=\"description\" content=\"Appr\u00eat \u00e0 tr\u00e8s haut pouvoir garnissant id\u00e9al pour atteindre une surface lisse avant d\u2019appliquer la peinture.\" \/>\n<meta name=\"robots\" content=\"index, follow, max-snippet:-1, max-image-preview:large, max-video-preview:-1\" \/>\n<link rel=\"canonical\" href=\"https:\/\/u-pol.com\/fr\/product\/aerosols-fr\/aerosols-premium\/high5-appret-garnissant\/\" \/>\n<meta property=\"og:locale\" content=\"fr_FR\" \/>\n<meta property=\"og:type\" content=\"article\" \/>\n<meta property=\"og:title\" content=\"HIGH#5 Appr\u00eat Garnissant - U-Pol\" \/>\n<meta property=\"og:description\" content=\"Appr\u00eat \u00e0 tr\u00e8s haut pouvoir garnissant id\u00e9al pour atteindre une surface lisse avant d\u2019appliquer la peinture.\" \/>\n<meta property=\"og:url\" content=\"https:\/\/u-pol.com\/fr\/product\/aerosols-fr\/aerosols-premium\/high5-appret-garnissant\/\" \/>\n<meta property=\"og:site_name\" content=\"U-Pol\" \/>\n<meta property=\"article:publisher\" content=\"https:\/\/www.facebook.com\/U-POL-UK-409641822803819\/\" \/>\n<meta property=\"article:modified_time\" content=\"2026-01-27T10:45:38+00:00\" \/>\n<meta property=\"og:image\" content=\"https:\/\/u-pol.com\/wp-content\/uploads\/HIGH-5-High-Build-Primer-Filler.jpg\" \/>\n\t<meta property=\"og:image:width\" content=\"500\" \/>\n\t<meta property=\"og:image:height\" content=\"500\" \/>\n\t<meta property=\"og:image:type\" content=\"image\/jpeg\" \/>\n<meta name=\"twitter:card\" content=\"summary_large_image\" \/>\n<meta name=\"twitter:site\" content=\"@UpolUK\" \/>\n<meta name=\"twitter:label1\" content=\"Dur\u00e9e de lecture estim\u00e9e\" \/>\n\t<meta name=\"twitter:data1\" content=\"6 minutes\" \/>\n<script type=\"application\/ld+json\" class=\"yoast-schema-graph\">{\"@context\":\"https:\/\/schema.org\",\"@graph\":[{\"@type\":\"WebPage\",\"@id\":\"https:\/\/u-pol.com\/fr\/product\/aerosols-fr\/aerosols-premium\/high5-appret-garnissant\/\",\"url\":\"https:\/\/u-pol.com\/fr\/product\/aerosols-fr\/aerosols-premium\/high5-appret-garnissant\/\",\"name\":\"HIGH#5 Appr\u00eat Garnissant - U-Pol\",\"isPartOf\":{\"@id\":\"https:\/\/u-pol.com\/fr\/#website\"},\"primaryImageOfPage\":{\"@id\":\"https:\/\/u-pol.com\/fr\/product\/aerosols-fr\/aerosols-premium\/high5-appret-garnissant\/#primaryimage\"},\"image\":{\"@id\":\"https:\/\/u-pol.com\/fr\/product\/aerosols-fr\/aerosols-premium\/high5-appret-garnissant\/#primaryimage\"},\"thumbnailUrl\":\"https:\/\/u-pol.com\/wp-content\/uploads\/HIGH-5-High-Build-Primer-Filler.jpg\",\"datePublished\":\"2022-04-04T13:07:32+00:00\",\"dateModified\":\"2026-01-27T10:45:38+00:00\",\"description\":\"Appr\u00eat \u00e0 tr\u00e8s haut pouvoir garnissant id\u00e9al pour atteindre une surface lisse avant d\u2019appliquer la peinture.\",\"breadcrumb\":{\"@id\":\"https:\/\/u-pol.com\/fr\/product\/aerosols-fr\/aerosols-premium\/high5-appret-garnissant\/#breadcrumb\"},\"inLanguage\":\"fr-FR\",\"potentialAction\":[{\"@type\":\"ReadAction\",\"target\":[\"https:\/\/u-pol.com\/fr\/product\/aerosols-fr\/aerosols-premium\/high5-appret-garnissant\/\"]}]},{\"@type\":\"ImageObject\",\"inLanguage\":\"fr-FR\",\"@id\":\"https:\/\/u-pol.com\/fr\/product\/aerosols-fr\/aerosols-premium\/high5-appret-garnissant\/#primaryimage\",\"url\":\"https:\/\/u-pol.com\/wp-content\/uploads\/HIGH-5-High-Build-Primer-Filler.jpg\",\"contentUrl\":\"https:\/\/u-pol.com\/wp-content\/uploads\/HIGH-5-High-Build-Primer-Filler.jpg\",\"width\":500,\"height\":500,\"caption\":\"HIGH#5 High Build Primer Filler\"},{\"@type\":\"BreadcrumbList\",\"@id\":\"https:\/\/u-pol.com\/fr\/product\/aerosols-fr\/aerosols-premium\/high5-appret-garnissant\/#breadcrumb\",\"itemListElement\":[{\"@type\":\"ListItem\",\"position\":1,\"name\":\"Accueil\",\"item\":\"https:\/\/u-pol.com\/fr\/\"},{\"@type\":\"ListItem\",\"position\":2,\"name\":\"Shop\",\"item\":\"https:\/\/u-pol.com\/?page_id=235\"},{\"@type\":\"ListItem\",\"position\":3,\"name\":\"HIGH#5 Appr\u00eat Garnissant\"}]},{\"@type\":\"WebSite\",\"@id\":\"https:\/\/u-pol.com\/fr\/#website\",\"url\":\"https:\/\/u-pol.com\/fr\/\",\"name\":\"U-Pol\",\"description\":\"\",\"publisher\":{\"@id\":\"https:\/\/u-pol.com\/fr\/#organization\"},\"potentialAction\":[{\"@type\":\"SearchAction\",\"target\":{\"@type\":\"EntryPoint\",\"urlTemplate\":\"https:\/\/u-pol.com\/fr\/?s={search_term_string}\"},\"query-input\":{\"@type\":\"PropertyValueSpecification\",\"valueRequired\":true,\"valueName\":\"search_term_string\"}}],\"inLanguage\":\"fr-FR\"},{\"@type\":\"Organization\",\"@id\":\"https:\/\/u-pol.com\/fr\/#organization\",\"name\":\"U-POL\",\"url\":\"https:\/\/u-pol.com\/fr\/\",\"logo\":{\"@type\":\"ImageObject\",\"inLanguage\":\"fr-FR\",\"@id\":\"https:\/\/u-pol.com\/fr\/#\/schema\/logo\/image\/\",\"url\":\"https:\/\/u-pol.com\/wp-content\/uploads\/UPOL-sticky-bLogo.png\",\"contentUrl\":\"https:\/\/u-pol.com\/wp-content\/uploads\/UPOL-sticky-bLogo.png\",\"width\":125,\"height\":75,\"caption\":\"U-POL\"},\"image\":{\"@id\":\"https:\/\/u-pol.com\/fr\/#\/schema\/logo\/image\/\"},\"sameAs\":[\"https:\/\/www.facebook.com\/U-POL-UK-409641822803819\/\",\"https:\/\/x.com\/UpolUK\"]}]}<\/script>","yoast_head_json":{"title":"HIGH#5 Appr\u00eat Garnissant - U-Pol","description":"Appr\u00eat \u00e0 tr\u00e8s haut pouvoir garnissant id\u00e9al pour atteindre une surface lisse avant d\u2019appliquer la peinture.","robots":{"index":"index","follow":"follow","max-snippet":"max-snippet:-1","max-image-preview":"max-image-preview:large","max-video-preview":"max-video-preview:-1"},"canonical":"https:\/\/u-pol.com\/fr\/product\/aerosols-fr\/aerosols-premium\/high5-appret-garnissant\/","og_locale":"fr_FR","og_type":"article","og_title":"HIGH#5 Appr\u00eat Garnissant - U-Pol","og_description":"Appr\u00eat \u00e0 tr\u00e8s haut pouvoir garnissant id\u00e9al pour atteindre une surface lisse avant d\u2019appliquer la peinture.","og_url":"https:\/\/u-pol.com\/fr\/product\/aerosols-fr\/aerosols-premium\/high5-appret-garnissant\/","og_site_name":"U-Pol","article_publisher":"https:\/\/www.facebook.com\/U-POL-UK-409641822803819\/","article_modified_time":"2026-01-27T10:45:38+00:00","og_image":[{"width":500,"height":500,"url":"https:\/\/u-pol.com\/wp-content\/uploads\/HIGH-5-High-Build-Primer-Filler.jpg","type":"image\/jpeg"}],"twitter_card":"summary_large_image","twitter_site":"@UpolUK","twitter_misc":{"Dur\u00e9e de lecture estim\u00e9e":"6 minutes"},"schema":{"@context":"https:\/\/schema.org","@graph":[{"@type":"WebPage","@id":"https:\/\/u-pol.com\/fr\/product\/aerosols-fr\/aerosols-premium\/high5-appret-garnissant\/","url":"https:\/\/u-pol.com\/fr\/product\/aerosols-fr\/aerosols-premium\/high5-appret-garnissant\/","name":"HIGH#5 Appr\u00eat Garnissant - U-Pol","isPartOf":{"@id":"https:\/\/u-pol.com\/fr\/#website"},"primaryImageOfPage":{"@id":"https:\/\/u-pol.com\/fr\/product\/aerosols-fr\/aerosols-premium\/high5-appret-garnissant\/#primaryimage"},"image":{"@id":"https:\/\/u-pol.com\/fr\/product\/aerosols-fr\/aerosols-premium\/high5-appret-garnissant\/#primaryimage"},"thumbnailUrl":"https:\/\/u-pol.com\/wp-content\/uploads\/HIGH-5-High-Build-Primer-Filler.jpg","datePublished":"2022-04-04T13:07:32+00:00","dateModified":"2026-01-27T10:45:38+00:00","description":"Appr\u00eat \u00e0 tr\u00e8s haut pouvoir garnissant id\u00e9al pour atteindre une surface lisse avant d\u2019appliquer la peinture.","breadcrumb":{"@id":"https:\/\/u-pol.com\/fr\/product\/aerosols-fr\/aerosols-premium\/high5-appret-garnissant\/#breadcrumb"},"inLanguage":"fr-FR","potentialAction":[{"@type":"ReadAction","target":["https:\/\/u-pol.com\/fr\/product\/aerosols-fr\/aerosols-premium\/high5-appret-garnissant\/"]}]},{"@type":"ImageObject","inLanguage":"fr-FR","@id":"https:\/\/u-pol.com\/fr\/product\/aerosols-fr\/aerosols-premium\/high5-appret-garnissant\/#primaryimage","url":"https:\/\/u-pol.com\/wp-content\/uploads\/HIGH-5-High-Build-Primer-Filler.jpg","contentUrl":"https:\/\/u-pol.com\/wp-content\/uploads\/HIGH-5-High-Build-Primer-Filler.jpg","width":500,"height":500,"caption":"HIGH#5 High Build Primer Filler"},{"@type":"BreadcrumbList","@id":"https:\/\/u-pol.com\/fr\/product\/aerosols-fr\/aerosols-premium\/high5-appret-garnissant\/#breadcrumb","itemListElement":[{"@type":"ListItem","position":1,"name":"Accueil","item":"https:\/\/u-pol.com\/fr\/"},{"@type":"ListItem","position":2,"name":"Shop","item":"https:\/\/u-pol.com\/?page_id=235"},{"@type":"ListItem","position":3,"name":"HIGH#5 Appr\u00eat Garnissant"}]},{"@type":"WebSite","@id":"https:\/\/u-pol.com\/fr\/#website","url":"https:\/\/u-pol.com\/fr\/","name":"U-Pol","description":"","publisher":{"@id":"https:\/\/u-pol.com\/fr\/#organization"},"potentialAction":[{"@type":"SearchAction","target":{"@type":"EntryPoint","urlTemplate":"https:\/\/u-pol.com\/fr\/?s={search_term_string}"},"query-input":{"@type":"PropertyValueSpecification","valueRequired":true,"valueName":"search_term_string"}}],"inLanguage":"fr-FR"},{"@type":"Organization","@id":"https:\/\/u-pol.com\/fr\/#organization","name":"U-POL","url":"https:\/\/u-pol.com\/fr\/","logo":{"@type":"ImageObject","inLanguage":"fr-FR","@id":"https:\/\/u-pol.com\/fr\/#\/schema\/logo\/image\/","url":"https:\/\/u-pol.com\/wp-content\/uploads\/UPOL-sticky-bLogo.png","contentUrl":"https:\/\/u-pol.com\/wp-content\/uploads\/UPOL-sticky-bLogo.png","width":125,"height":75,"caption":"U-POL"},"image":{"@id":"https:\/\/u-pol.com\/fr\/#\/schema\/logo\/image\/"},"sameAs":["https:\/\/www.facebook.com\/U-POL-UK-409641822803819\/","https:\/\/x.com\/UpolUK"]}]}},"_links":{"self":[{"href":"https:\/\/u-pol.com\/fr\/wp-json\/wp\/v2\/product\/38438","targetHints":{"allow":["GET"]}}],"collection":[{"href":"https:\/\/u-pol.com\/fr\/wp-json\/wp\/v2\/product"}],"about":[{"href":"https:\/\/u-pol.com\/fr\/wp-json\/wp\/v2\/types\/product"}],"wp:featuredmedia":[{"embeddable":true,"href":"https:\/\/u-pol.com\/fr\/wp-json\/wp\/v2\/media\/18917"}],"wp:attachment":[{"href":"https:\/\/u-pol.com\/fr\/wp-json\/wp\/v2\/media?parent=38438"}],"wp:term":[{"taxonomy":"product_brand","embeddable":true,"href":"https:\/\/u-pol.com\/fr\/wp-json\/wp\/v2\/product_brand?post=38438"},{"taxonomy":"product_cat","embeddable":true,"href":"https:\/\/u-pol.com\/fr\/wp-json\/wp\/v2\/product_cat?post=38438"},{"taxonomy":"product_tag","embeddable":true,"href":"https:\/\/u-pol.com\/fr\/wp-json\/wp\/v2\/product_tag?post=38438"}],"curies":[{"name":"wp","href":"https:\/\/api.w.org\/{rel}","templated":true}]}}