{"id":38466,"date":"2022-04-04T14:27:42","date_gmt":"2022-04-04T14:27:42","guid":{"rendered":"https:\/\/upol.darkgrey.eu\/product\/non%20class\u00e9\/machine-de-multi-remplissage-electrique-custom-can\/"},"modified":"2022-06-03T14:57:27","modified_gmt":"2022-06-03T14:57:27","slug":"machine-de-multi-remplissage-electrique-custom-can","status":"publish","type":"product","link":"https:\/\/u-pol.com\/fr\/product\/aerosols-fr\/machine-de-multi-remplissage-electrique-custom-can\/","title":{"rendered":"Machine de Multi-Remplissage \u00c9lectrique Custom Can"},"content":{"rendered":"<div class=\"fusion-fullwidth fullwidth-box fusion-builder-row-1 fusion-flex-container nonhundred-percent-fullwidth non-hundred-percent-height-scrolling\" style=\"--awb-border-radius-top-left:0px;--awb-border-radius-top-right:0px;--awb-border-radius-bottom-right:0px;--awb-border-radius-bottom-left:0px;--awb-margin-top:20px;--awb-flex-wrap:wrap;\" ><div class=\"fusion-builder-row fusion-row fusion-flex-align-items-flex-start fusion-flex-content-wrap\" style=\"max-width:1203.6px;margin-left: calc(-2% \/ 2 );margin-right: calc(-2% \/ 2 );\"><div class=\"fusion-layout-column fusion_builder_column fusion-builder-column-0 fusion_builder_column_1_2 1_2 fusion-flex-column\" style=\"--awb-bg-size:cover;--awb-width-large:50%;--awb-margin-top-large:0px;--awb-spacing-right-large:1.96%;--awb-margin-bottom-large:20px;--awb-spacing-left-large:1.96%;--awb-width-medium:33.333333333333%;--awb-order-medium:0;--awb-spacing-right-medium:2.94%;--awb-spacing-left-medium:2.94%;--awb-width-small:100%;--awb-order-small:0;--awb-spacing-right-small:0.98%;--awb-spacing-left-small:0.98%;\"><div class=\"fusion-column-wrapper fusion-column-has-shadow fusion-flex-justify-content-flex-end fusion-content-layout-row\"><div style=\"text-align:right;\"><a class=\"fusion-button button-flat fusion-button-default-size button-default fusion-button-default button-1 fusion-button-default-span fusion-button-default-type\" target=\"lightbox\" rel=\"iLightbox\" href=\"https:\/\/u-pol.com\/wp-content\/uploads\/Machine-Electrique.mp4\"><span class=\"fusion-button-text awb-button__text awb-button__text--default\">VOIR LA VID\u00c9O<\/span><\/a><\/div><\/div><\/div><div class=\"fusion-layout-column fusion_builder_column fusion-builder-column-1 fusion_builder_column_1_4 1_4 fusion-flex-column\" style=\"--awb-bg-size:cover;--awb-width-large:25%;--awb-margin-top-large:0px;--awb-spacing-right-large:3.92%;--awb-margin-bottom-large:20px;--awb-spacing-left-large:3.92%;--awb-width-medium:33.333333333333%;--awb-order-medium:0;--awb-spacing-right-medium:2.94%;--awb-spacing-left-medium:2.94%;--awb-width-small:100%;--awb-order-small:0;--awb-spacing-right-small:0.98%;--awb-spacing-left-small:0.98%;\"><div class=\"fusion-column-wrapper fusion-column-has-shadow fusion-flex-justify-content-center fusion-content-layout-row\"><div ><a class=\"fusion-button button-flat fusion-button-default-size button-default fusion-button-default button-2 fusion-button-default-span fusion-button-default-type\" target=\"_blank\" rel=\"noopener noreferrer\" href=\"https:\/\/u-pol.com\/wp-content\/uploads\/Machine-de-Multi-Remplissage-Electrique-Custom-Can-Flyer.pdf\"><span class=\"fusion-button-text awb-button__text awb-button__text--default\">Flyer<\/span><\/a><\/div><\/div><\/div><div class=\"fusion-layout-column fusion_builder_column fusion-builder-column-2 fusion_builder_column_1_4 1_4 fusion-flex-column\" style=\"--awb-bg-size:cover;--awb-width-large:25%;--awb-margin-top-large:0px;--awb-spacing-right-large:3.92%;--awb-margin-bottom-large:20px;--awb-spacing-left-large:3.92%;--awb-width-medium:33.333333333333%;--awb-order-medium:0;--awb-spacing-right-medium:2.94%;--awb-spacing-left-medium:2.94%;--awb-width-small:100%;--awb-order-small:0;--awb-spacing-right-small:0.98%;--awb-spacing-left-small:0.98%;\"><div class=\"fusion-column-wrapper fusion-column-has-shadow fusion-flex-justify-content-flex-end fusion-content-layout-row\"><div ><a class=\"fusion-button button-flat fusion-button-default-size button-default fusion-button-default button-3 fusion-button-default-span fusion-button-default-type\" target=\"_blank\" rel=\"noopener noreferrer\" href=\"https:\/\/u-pol.com\/wp-content\/uploads\/Machine-de-Multi-Remplissage-Electrique-Custom-Can-Leaflet.pdf\"><span class=\"fusion-button-text awb-button__text awb-button__text--default\">GUIDE D&rsquo;INSTRUCTIONS<\/span><\/a><\/div><\/div><\/div><div class=\"fusion-layout-column fusion_builder_column fusion-builder-column-3 fusion_builder_column_1_1 1_1 fusion-flex-column\" style=\"--awb-bg-size:cover;--awb-width-large:100%;--awb-margin-top-large:0px;--awb-spacing-right-large:0.98%;--awb-margin-bottom-large:20px;--awb-spacing-left-large:0.98%;--awb-width-medium:100%;--awb-order-medium:0;--awb-spacing-right-medium:0.98%;--awb-spacing-left-medium:0.98%;--awb-width-small:100%;--awb-order-small:0;--awb-spacing-right-small:0.98%;--awb-spacing-left-small:0.98%;\"><div class=\"fusion-column-wrapper fusion-column-has-shadow fusion-flex-justify-content-flex-start fusion-content-layout-column\">\n<div class=\"table-1\">\n<table width=\"100%\">\n<thead>\n<tr>\n<th align=\"left\">R\u00e9f\u00e9rence<\/th>\n<th align=\"left\">Format<\/th>\n<th align=\"left\">Couleur<\/th>\n<th align=\"left\">Par Carton<\/th>\n<th align=\"left\">Voir la Fiche Technique<\/th>\n<th align=\"left\">Voir la Fiche de S\u00e9curit\u00e9<\/th>\n<\/tr>\n<\/thead>\n<tbody>\n<tr>\n<td align=\"left\">CCMFILLE<\/td>\n<td align=\"left\">Machine de Multi-Remplissage Custom Can<\/td>\n<td align=\"left\">&#8211;<\/td>\n<td align=\"left\">1<\/td>\n<td align=\"left\"><a href=\"https:\/\/u-pol.com\/fr\/video\/ccmfille-tds-fr\/ccmfille-tds-fr\/\" target=\"_blank\" rel=\"noopener\">CCMFILLE TDS<\/a><\/td>\n<td align=\"left\"><\/td>\n<\/tr>\n<\/tbody>\n<\/table>\n<\/div>\n<\/div><\/div><\/div><\/div>\n","protected":false},"excerpt":{"rendered":"<p>Machine de Multi-Remplissage \u00c9lectrique Custom Can, pour le remplissage des a\u00e9rosols Custom Can. C\u2019est une machine enti\u00e8rement automatis\u00e9e qui dispose d\u2019une minuterie pour pomper la quantit\u00e9 de peinture requise dans chaque a\u00e9rosol.<\/p>\n<ul>\n<li>Facile \u00e0 installer : Aucune alimentation d\u2019air requise et aucun probl\u00e8me de pression d\u2019air du compresseur<\/li>\n<li>Plus rapide : Remplit 360 a\u00e9rosols par heure<\/li>\n<li>Syst\u00e8me de remplissage tr\u00e8s propre : Les a\u00e9rosols peuvent \u00eatre pr\u00e9-\u00e9tiquet\u00e9s pour gagner du temps<\/li>\n<li>N\u00e9cessite peu d\u2019espace : Un design plus compact<\/li>\n<li>Gain de temps : Pas de porte, plus rapide de changer les a\u00e9rosols lors du remplissage<\/li>\n<li>S\u00e9curis\u00e9 : Tirer facilement le levier pour localiser la vave en toute s\u00e9curit\u00e9<\/li>\n<\/ul>\n","protected":false},"featured_media":18949,"template":"","meta":[],"product_brand":[],"product_cat":[783],"product_tag":[],"class_list":{"0":"post-38466","1":"product","2":"type-product","3":"status-publish","4":"has-post-thumbnail","6":"product_cat-aerosols-fr","8":"first","9":"instock","10":"downloadable","11":"virtual","12":"sold-individually","13":"product-type-simple"},"yoast_head":"<title>Machine de Multi-Remplissage \u00c9lectrique Custom Can - U-Pol<\/title>\n<meta name=\"description\" content=\"Machine de Multi-Remplissage \u00c9lectrique Custom Can, pour le remplissage des a\u00e9rosols Custom Can.\" \/>\n<meta name=\"robots\" content=\"index, follow, max-snippet:-1, max-image-preview:large, max-video-preview:-1\" \/>\n<link rel=\"canonical\" href=\"https:\/\/u-pol.com\/fr\/product\/aerosols-fr\/machine-de-multi-remplissage-electrique-custom-can\/\" \/>\n<meta property=\"og:locale\" content=\"fr_FR\" \/>\n<meta property=\"og:type\" content=\"article\" \/>\n<meta property=\"og:title\" content=\"Machine de Multi-Remplissage \u00c9lectrique Custom Can - U-Pol\" \/>\n<meta property=\"og:description\" content=\"Machine de Multi-Remplissage \u00c9lectrique Custom Can, pour le remplissage des a\u00e9rosols Custom Can.\" \/>\n<meta property=\"og:url\" content=\"https:\/\/u-pol.com\/fr\/product\/aerosols-fr\/machine-de-multi-remplissage-electrique-custom-can\/\" \/>\n<meta property=\"og:site_name\" content=\"U-Pol\" \/>\n<meta property=\"article:publisher\" content=\"https:\/\/www.facebook.com\/U-POL-UK-409641822803819\/\" \/>\n<meta property=\"article:modified_time\" content=\"2022-06-03T14:57:27+00:00\" \/>\n<meta property=\"og:image\" content=\"https:\/\/u-pol.com\/wp-content\/uploads\/CCMFILLE-Custom-Can-Electric-Multi-Fill-Machine.jpg\" \/>\n\t<meta property=\"og:image:width\" content=\"500\" \/>\n\t<meta property=\"og:image:height\" content=\"500\" \/>\n\t<meta property=\"og:image:type\" content=\"image\/jpeg\" \/>\n<meta name=\"twitter:card\" content=\"summary_large_image\" \/>\n<meta name=\"twitter:site\" content=\"@UpolUK\" \/>\n<meta name=\"twitter:label1\" content=\"Dur\u00e9e de lecture estim\u00e9e\" \/>\n\t<meta name=\"twitter:data1\" content=\"4 minutes\" \/>\n<script type=\"application\/ld+json\" class=\"yoast-schema-graph\">{\"@context\":\"https:\/\/schema.org\",\"@graph\":[{\"@type\":\"WebPage\",\"@id\":\"https:\/\/u-pol.com\/fr\/product\/aerosols-fr\/machine-de-multi-remplissage-electrique-custom-can\/\",\"url\":\"https:\/\/u-pol.com\/fr\/product\/aerosols-fr\/machine-de-multi-remplissage-electrique-custom-can\/\",\"name\":\"Machine de Multi-Remplissage \u00c9lectrique Custom Can - U-Pol\",\"isPartOf\":{\"@id\":\"https:\/\/u-pol.com\/fr\/#website\"},\"primaryImageOfPage\":{\"@id\":\"https:\/\/u-pol.com\/fr\/product\/aerosols-fr\/machine-de-multi-remplissage-electrique-custom-can\/#primaryimage\"},\"image\":{\"@id\":\"https:\/\/u-pol.com\/fr\/product\/aerosols-fr\/machine-de-multi-remplissage-electrique-custom-can\/#primaryimage\"},\"thumbnailUrl\":\"https:\/\/u-pol.com\/wp-content\/uploads\/CCMFILLE-Custom-Can-Electric-Multi-Fill-Machine.jpg\",\"datePublished\":\"2022-04-04T14:27:42+00:00\",\"dateModified\":\"2022-06-03T14:57:27+00:00\",\"description\":\"Machine de Multi-Remplissage \u00c9lectrique Custom Can, pour le remplissage des a\u00e9rosols Custom Can.\",\"breadcrumb\":{\"@id\":\"https:\/\/u-pol.com\/fr\/product\/aerosols-fr\/machine-de-multi-remplissage-electrique-custom-can\/#breadcrumb\"},\"inLanguage\":\"fr-FR\",\"potentialAction\":[{\"@type\":\"ReadAction\",\"target\":[\"https:\/\/u-pol.com\/fr\/product\/aerosols-fr\/machine-de-multi-remplissage-electrique-custom-can\/\"]}]},{\"@type\":\"ImageObject\",\"inLanguage\":\"fr-FR\",\"@id\":\"https:\/\/u-pol.com\/fr\/product\/aerosols-fr\/machine-de-multi-remplissage-electrique-custom-can\/#primaryimage\",\"url\":\"https:\/\/u-pol.com\/wp-content\/uploads\/CCMFILLE-Custom-Can-Electric-Multi-Fill-Machine.jpg\",\"contentUrl\":\"https:\/\/u-pol.com\/wp-content\/uploads\/CCMFILLE-Custom-Can-Electric-Multi-Fill-Machine.jpg\",\"width\":500,\"height\":500,\"caption\":\"Custom Can Electric Multi Fill Machine\"},{\"@type\":\"BreadcrumbList\",\"@id\":\"https:\/\/u-pol.com\/fr\/product\/aerosols-fr\/machine-de-multi-remplissage-electrique-custom-can\/#breadcrumb\",\"itemListElement\":[{\"@type\":\"ListItem\",\"position\":1,\"name\":\"Accueil\",\"item\":\"https:\/\/u-pol.com\/fr\/\"},{\"@type\":\"ListItem\",\"position\":2,\"name\":\"Shop\",\"item\":\"https:\/\/u-pol.com\/?page_id=235\"},{\"@type\":\"ListItem\",\"position\":3,\"name\":\"Machine de Multi-Remplissage \u00c9lectrique Custom Can\"}]},{\"@type\":\"WebSite\",\"@id\":\"https:\/\/u-pol.com\/fr\/#website\",\"url\":\"https:\/\/u-pol.com\/fr\/\",\"name\":\"U-Pol\",\"description\":\"\",\"publisher\":{\"@id\":\"https:\/\/u-pol.com\/fr\/#organization\"},\"potentialAction\":[{\"@type\":\"SearchAction\",\"target\":{\"@type\":\"EntryPoint\",\"urlTemplate\":\"https:\/\/u-pol.com\/fr\/?s={search_term_string}\"},\"query-input\":{\"@type\":\"PropertyValueSpecification\",\"valueRequired\":true,\"valueName\":\"search_term_string\"}}],\"inLanguage\":\"fr-FR\"},{\"@type\":\"Organization\",\"@id\":\"https:\/\/u-pol.com\/fr\/#organization\",\"name\":\"U-POL\",\"url\":\"https:\/\/u-pol.com\/fr\/\",\"logo\":{\"@type\":\"ImageObject\",\"inLanguage\":\"fr-FR\",\"@id\":\"https:\/\/u-pol.com\/fr\/#\/schema\/logo\/image\/\",\"url\":\"https:\/\/u-pol.com\/wp-content\/uploads\/UPOL-sticky-bLogo.png\",\"contentUrl\":\"https:\/\/u-pol.com\/wp-content\/uploads\/UPOL-sticky-bLogo.png\",\"width\":125,\"height\":75,\"caption\":\"U-POL\"},\"image\":{\"@id\":\"https:\/\/u-pol.com\/fr\/#\/schema\/logo\/image\/\"},\"sameAs\":[\"https:\/\/www.facebook.com\/U-POL-UK-409641822803819\/\",\"https:\/\/x.com\/UpolUK\"]}]}<\/script>","yoast_head_json":{"title":"Machine de Multi-Remplissage \u00c9lectrique Custom Can - U-Pol","description":"Machine de Multi-Remplissage \u00c9lectrique Custom Can, pour le remplissage des a\u00e9rosols Custom Can.","robots":{"index":"index","follow":"follow","max-snippet":"max-snippet:-1","max-image-preview":"max-image-preview:large","max-video-preview":"max-video-preview:-1"},"canonical":"https:\/\/u-pol.com\/fr\/product\/aerosols-fr\/machine-de-multi-remplissage-electrique-custom-can\/","og_locale":"fr_FR","og_type":"article","og_title":"Machine de Multi-Remplissage \u00c9lectrique Custom Can - U-Pol","og_description":"Machine de Multi-Remplissage \u00c9lectrique Custom Can, pour le remplissage des a\u00e9rosols Custom Can.","og_url":"https:\/\/u-pol.com\/fr\/product\/aerosols-fr\/machine-de-multi-remplissage-electrique-custom-can\/","og_site_name":"U-Pol","article_publisher":"https:\/\/www.facebook.com\/U-POL-UK-409641822803819\/","article_modified_time":"2022-06-03T14:57:27+00:00","og_image":[{"width":500,"height":500,"url":"https:\/\/u-pol.com\/wp-content\/uploads\/CCMFILLE-Custom-Can-Electric-Multi-Fill-Machine.jpg","type":"image\/jpeg"}],"twitter_card":"summary_large_image","twitter_site":"@UpolUK","twitter_misc":{"Dur\u00e9e de lecture estim\u00e9e":"4 minutes"},"schema":{"@context":"https:\/\/schema.org","@graph":[{"@type":"WebPage","@id":"https:\/\/u-pol.com\/fr\/product\/aerosols-fr\/machine-de-multi-remplissage-electrique-custom-can\/","url":"https:\/\/u-pol.com\/fr\/product\/aerosols-fr\/machine-de-multi-remplissage-electrique-custom-can\/","name":"Machine de Multi-Remplissage \u00c9lectrique Custom Can - U-Pol","isPartOf":{"@id":"https:\/\/u-pol.com\/fr\/#website"},"primaryImageOfPage":{"@id":"https:\/\/u-pol.com\/fr\/product\/aerosols-fr\/machine-de-multi-remplissage-electrique-custom-can\/#primaryimage"},"image":{"@id":"https:\/\/u-pol.com\/fr\/product\/aerosols-fr\/machine-de-multi-remplissage-electrique-custom-can\/#primaryimage"},"thumbnailUrl":"https:\/\/u-pol.com\/wp-content\/uploads\/CCMFILLE-Custom-Can-Electric-Multi-Fill-Machine.jpg","datePublished":"2022-04-04T14:27:42+00:00","dateModified":"2022-06-03T14:57:27+00:00","description":"Machine de Multi-Remplissage \u00c9lectrique Custom Can, pour le remplissage des a\u00e9rosols Custom Can.","breadcrumb":{"@id":"https:\/\/u-pol.com\/fr\/product\/aerosols-fr\/machine-de-multi-remplissage-electrique-custom-can\/#breadcrumb"},"inLanguage":"fr-FR","potentialAction":[{"@type":"ReadAction","target":["https:\/\/u-pol.com\/fr\/product\/aerosols-fr\/machine-de-multi-remplissage-electrique-custom-can\/"]}]},{"@type":"ImageObject","inLanguage":"fr-FR","@id":"https:\/\/u-pol.com\/fr\/product\/aerosols-fr\/machine-de-multi-remplissage-electrique-custom-can\/#primaryimage","url":"https:\/\/u-pol.com\/wp-content\/uploads\/CCMFILLE-Custom-Can-Electric-Multi-Fill-Machine.jpg","contentUrl":"https:\/\/u-pol.com\/wp-content\/uploads\/CCMFILLE-Custom-Can-Electric-Multi-Fill-Machine.jpg","width":500,"height":500,"caption":"Custom Can Electric Multi Fill Machine"},{"@type":"BreadcrumbList","@id":"https:\/\/u-pol.com\/fr\/product\/aerosols-fr\/machine-de-multi-remplissage-electrique-custom-can\/#breadcrumb","itemListElement":[{"@type":"ListItem","position":1,"name":"Accueil","item":"https:\/\/u-pol.com\/fr\/"},{"@type":"ListItem","position":2,"name":"Shop","item":"https:\/\/u-pol.com\/?page_id=235"},{"@type":"ListItem","position":3,"name":"Machine de Multi-Remplissage \u00c9lectrique Custom Can"}]},{"@type":"WebSite","@id":"https:\/\/u-pol.com\/fr\/#website","url":"https:\/\/u-pol.com\/fr\/","name":"U-Pol","description":"","publisher":{"@id":"https:\/\/u-pol.com\/fr\/#organization"},"potentialAction":[{"@type":"SearchAction","target":{"@type":"EntryPoint","urlTemplate":"https:\/\/u-pol.com\/fr\/?s={search_term_string}"},"query-input":{"@type":"PropertyValueSpecification","valueRequired":true,"valueName":"search_term_string"}}],"inLanguage":"fr-FR"},{"@type":"Organization","@id":"https:\/\/u-pol.com\/fr\/#organization","name":"U-POL","url":"https:\/\/u-pol.com\/fr\/","logo":{"@type":"ImageObject","inLanguage":"fr-FR","@id":"https:\/\/u-pol.com\/fr\/#\/schema\/logo\/image\/","url":"https:\/\/u-pol.com\/wp-content\/uploads\/UPOL-sticky-bLogo.png","contentUrl":"https:\/\/u-pol.com\/wp-content\/uploads\/UPOL-sticky-bLogo.png","width":125,"height":75,"caption":"U-POL"},"image":{"@id":"https:\/\/u-pol.com\/fr\/#\/schema\/logo\/image\/"},"sameAs":["https:\/\/www.facebook.com\/U-POL-UK-409641822803819\/","https:\/\/x.com\/UpolUK"]}]}},"_links":{"self":[{"href":"https:\/\/u-pol.com\/fr\/wp-json\/wp\/v2\/product\/38466","targetHints":{"allow":["GET"]}}],"collection":[{"href":"https:\/\/u-pol.com\/fr\/wp-json\/wp\/v2\/product"}],"about":[{"href":"https:\/\/u-pol.com\/fr\/wp-json\/wp\/v2\/types\/product"}],"wp:featuredmedia":[{"embeddable":true,"href":"https:\/\/u-pol.com\/fr\/wp-json\/wp\/v2\/media\/18949"}],"wp:attachment":[{"href":"https:\/\/u-pol.com\/fr\/wp-json\/wp\/v2\/media?parent=38466"}],"wp:term":[{"taxonomy":"product_brand","embeddable":true,"href":"https:\/\/u-pol.com\/fr\/wp-json\/wp\/v2\/product_brand?post=38466"},{"taxonomy":"product_cat","embeddable":true,"href":"https:\/\/u-pol.com\/fr\/wp-json\/wp\/v2\/product_cat?post=38466"},{"taxonomy":"product_tag","embeddable":true,"href":"https:\/\/u-pol.com\/fr\/wp-json\/wp\/v2\/product_tag?post=38466"}],"curies":[{"name":"wp","href":"https:\/\/api.w.org\/{rel}","templated":true}]}}