{"id":38472,"date":"2022-04-05T09:33:09","date_gmt":"2022-04-05T09:33:09","guid":{"rendered":"https:\/\/upol.darkgrey.eu\/product\/non%20class\u00e9\/aerosol-2k-raptor\/"},"modified":"2022-06-24T10:43:26","modified_gmt":"2022-06-24T10:43:26","slug":"aerosol-2k-raptor","status":"publish","type":"product","link":"https:\/\/u-pol.com\/fr\/product\/revetement-de-protection-raptor\/aerosol-raptor\/aerosol-2k-raptor\/","title":{"rendered":"A\u00e9rosol 2K Raptor"},"content":{"rendered":"<div class=\"fusion-fullwidth fullwidth-box fusion-builder-row-1 fusion-flex-container nonhundred-percent-fullwidth non-hundred-percent-height-scrolling\" style=\"--awb-border-radius-top-left:0px;--awb-border-radius-top-right:0px;--awb-border-radius-bottom-right:0px;--awb-border-radius-bottom-left:0px;--awb-margin-top:20px;--awb-flex-wrap:wrap;\" ><div class=\"fusion-builder-row fusion-row fusion-flex-align-items-flex-start fusion-flex-content-wrap\" style=\"max-width:1203.6px;margin-left: calc(-2% \/ 2 );margin-right: calc(-2% \/ 2 );\"><div class=\"fusion-layout-column fusion_builder_column fusion-builder-column-0 fusion_builder_column_1_1 1_1 fusion-flex-column\" style=\"--awb-bg-size:cover;--awb-width-large:100%;--awb-margin-top-large:0px;--awb-spacing-right-large:0.98%;--awb-margin-bottom-large:20px;--awb-spacing-left-large:0.98%;--awb-width-medium:100%;--awb-order-medium:0;--awb-spacing-right-medium:0.98%;--awb-spacing-left-medium:0.98%;--awb-width-small:100%;--awb-order-small:0;--awb-spacing-right-small:0.98%;--awb-spacing-left-small:0.98%;\"><div class=\"fusion-column-wrapper fusion-column-has-shadow fusion-flex-justify-content-flex-end fusion-content-layout-row\"><div ><a class=\"fusion-button button-flat fusion-button-default-size button-default fusion-button-default button-1 fusion-button-default-span fusion-button-default-type\" target=\"lightbox\" rel=\"iLightbox\" href=\"https:\/\/u-pol.com\/wp-content\/uploads\/Aerosol-2K.mp4\"><span class=\"fusion-button-text awb-button__text awb-button__text--default\">VOIR LA VID\u00c9O<\/span><\/a><\/div><\/div><\/div><div class=\"fusion-layout-column fusion_builder_column fusion-builder-column-1 fusion_builder_column_1_1 1_1 fusion-flex-column\" style=\"--awb-bg-size:cover;--awb-width-large:100%;--awb-margin-top-large:0px;--awb-spacing-right-large:0.98%;--awb-margin-bottom-large:20px;--awb-spacing-left-large:0.98%;--awb-width-medium:100%;--awb-order-medium:0;--awb-spacing-right-medium:0.98%;--awb-spacing-left-medium:0.98%;--awb-width-small:100%;--awb-order-small:0;--awb-spacing-right-small:0.98%;--awb-spacing-left-small:0.98%;\"><div class=\"fusion-column-wrapper fusion-column-has-shadow fusion-flex-justify-content-flex-start fusion-content-layout-column\">\n<div class=\"table-1\">\n<table width=\"100%\">\n<thead>\n<tr>\n<th align=\"left\">R\u00e9f\u00e9rence<\/th>\n<th align=\"left\">Format<\/th>\n<th align=\"left\">Couleur<\/th>\n<th align=\"left\">Par Carton<\/th>\n<th align=\"left\">Voir la Fiche Technique<\/th>\n<th align=\"left\">Voir la Fiche de S\u00e9curit\u00e9<\/th>\n<\/tr>\n<\/thead>\n<tbody>\n<tr>\n<td align=\"left\">RLB\/AL<\/td>\n<td align=\"left\">A\u00e9rosol 400 ml<\/td>\n<td align=\"left\">Noir<\/td>\n<td align=\"left\">6<\/td>\n<td align=\"left\"><a href=\"https:\/\/u-pol.com\/fr\/video\/rlb-al-tds-fr\/rlb-al-tds-fr\/\" target=\"_blank\" rel=\"noopener\">RLB\/AL TDS<\/a><\/td>\n<td align=\"left\"><a href=\"https:\/\/u-pol.com\/fr\/video\/rlb-al-sds-fr\/rlb-al-sds-fr\/\" target=\"_blank\" rel=\"noopener\">RLB\/AL SDS<\/a><\/td>\n<\/tr>\n<tr>\n<td align=\"left\">RLW\/AL<\/td>\n<td align=\"left\">A\u00e9rosol 400 ml<\/td>\n<td align=\"left\">Blanc<\/td>\n<td align=\"left\">6<\/td>\n<td align=\"left\"><a href=\"https:\/\/u-pol.com\/fr\/video\/rlw-al-tds-fr\/rlw-al-tds-fr\/\" target=\"_blank\" rel=\"noopener\">RLW\/AL TDS<\/a><\/td>\n<td align=\"left\"><a href=\"https:\/\/u-pol.com\/fr\/video\/rlw-al-sds-fr\/rlw-al-sds-fr\/\" target=\"_blank\" rel=\"noopener\">RLW\/AL SDS<\/a><\/td>\n<\/tr>\n<\/tbody>\n<\/table>\n<\/div>\n<\/div><\/div><\/div><\/div>\n","protected":false},"excerpt":{"rendered":"<h3>RAPTOR<sup>\u00ae<\/sup><\/h3>\n<p>LA DURABILIT\u00c9 DE RAPTOR AVEC LA COMMODIT\u00c9 D&rsquo;UN A\u00c9ROSOL !<\/p>\n<p>Le Syst\u00e8me d&rsquo;A\u00e9rosol 2K RAPTOR est un moyen pratique, facile et rapide \u00e0 appliquer, sans compromettre les performances et sans \u00e9quipement de pulv\u00e9risation n\u00e9cessaire. Id\u00e9al pour les petites r\u00e9parations et les petits travaux. Plus qu&rsquo;un simple rev\u00eatement pour bennes de pick-up, RAPTOR est tr\u00e8s r\u00e9sistant et durable. Utilisez RAPTOR sur les surfaces qui ont besoin d&rsquo;une protection pour r\u00e9sister aux situations les plus difficiles. RAPTOR est simple \u00e0 utiliser. Vous pouvez maintenant appliquer le Syst\u00e8me d&rsquo;A\u00e9rosol 2K RAPTOR pour une application propre et sans nettoyage. C&rsquo;est facile !<\/p>\n","protected":false},"featured_media":19085,"template":"","meta":[],"product_brand":[],"product_cat":[1100],"product_tag":[812],"class_list":{"0":"post-38472","1":"product","2":"type-product","3":"status-publish","4":"has-post-thumbnail","6":"product_cat-aerosol-raptor","7":"product_tag-raptor-fr","9":"first","10":"instock","11":"downloadable","12":"virtual","13":"sold-individually","14":"product-type-simple"},"yoast_head":"<title>A\u00e9rosol 2K Raptor - U-Pol<\/title>\n<meta name=\"description\" content=\"Le Syst\u00e8me d&#039;A\u00e9rosol 2K RAPTOR est un moyen pratique, facile et rapide \u00e0 appliquer, sans compromettre les performances et sans \u00e9quipement de pulv\u00e9risation n\u00e9cessaire.\" \/>\n<meta name=\"robots\" content=\"index, follow, max-snippet:-1, max-image-preview:large, max-video-preview:-1\" \/>\n<link rel=\"canonical\" href=\"https:\/\/u-pol.com\/fr\/product\/revetement-de-protection-raptor\/aerosol-raptor\/aerosol-2k-raptor\/\" \/>\n<meta property=\"og:locale\" content=\"fr_FR\" \/>\n<meta property=\"og:type\" content=\"article\" \/>\n<meta property=\"og:title\" content=\"A\u00e9rosol 2K Raptor - U-Pol\" \/>\n<meta property=\"og:description\" content=\"Le Syst\u00e8me d&#039;A\u00e9rosol 2K RAPTOR est un moyen pratique, facile et rapide \u00e0 appliquer, sans compromettre les performances et sans \u00e9quipement de pulv\u00e9risation n\u00e9cessaire.\" \/>\n<meta property=\"og:url\" content=\"https:\/\/u-pol.com\/fr\/product\/revetement-de-protection-raptor\/aerosol-raptor\/aerosol-2k-raptor\/\" \/>\n<meta property=\"og:site_name\" content=\"U-Pol\" \/>\n<meta property=\"article:publisher\" content=\"https:\/\/www.facebook.com\/U-POL-UK-409641822803819\/\" \/>\n<meta property=\"article:modified_time\" content=\"2022-06-24T10:43:26+00:00\" \/>\n<meta property=\"og:image\" content=\"https:\/\/u-pol.com\/wp-content\/uploads\/RLB-RAPTOR-2K-Aerosol-Protective-Coating.jpg\" \/>\n\t<meta property=\"og:image:width\" content=\"500\" \/>\n\t<meta property=\"og:image:height\" content=\"500\" \/>\n\t<meta property=\"og:image:type\" content=\"image\/jpeg\" \/>\n<meta name=\"twitter:card\" content=\"summary_large_image\" \/>\n<meta name=\"twitter:site\" content=\"@UpolUK\" \/>\n<meta name=\"twitter:label1\" content=\"Dur\u00e9e de lecture estim\u00e9e\" \/>\n\t<meta name=\"twitter:data1\" content=\"2 minutes\" \/>\n<script type=\"application\/ld+json\" class=\"yoast-schema-graph\">{\"@context\":\"https:\/\/schema.org\",\"@graph\":[{\"@type\":\"WebPage\",\"@id\":\"https:\/\/u-pol.com\/fr\/product\/revetement-de-protection-raptor\/aerosol-raptor\/aerosol-2k-raptor\/\",\"url\":\"https:\/\/u-pol.com\/fr\/product\/revetement-de-protection-raptor\/aerosol-raptor\/aerosol-2k-raptor\/\",\"name\":\"A\u00e9rosol 2K Raptor - U-Pol\",\"isPartOf\":{\"@id\":\"https:\/\/u-pol.com\/fr\/#website\"},\"primaryImageOfPage\":{\"@id\":\"https:\/\/u-pol.com\/fr\/product\/revetement-de-protection-raptor\/aerosol-raptor\/aerosol-2k-raptor\/#primaryimage\"},\"image\":{\"@id\":\"https:\/\/u-pol.com\/fr\/product\/revetement-de-protection-raptor\/aerosol-raptor\/aerosol-2k-raptor\/#primaryimage\"},\"thumbnailUrl\":\"https:\/\/u-pol.com\/wp-content\/uploads\/RLB-RAPTOR-2K-Aerosol-Protective-Coating.jpg\",\"datePublished\":\"2022-04-05T09:33:09+00:00\",\"dateModified\":\"2022-06-24T10:43:26+00:00\",\"description\":\"Le Syst\u00e8me d'A\u00e9rosol 2K RAPTOR est un moyen pratique, facile et rapide \u00e0 appliquer, sans compromettre les performances et sans \u00e9quipement de pulv\u00e9risation n\u00e9cessaire.\",\"breadcrumb\":{\"@id\":\"https:\/\/u-pol.com\/fr\/product\/revetement-de-protection-raptor\/aerosol-raptor\/aerosol-2k-raptor\/#breadcrumb\"},\"inLanguage\":\"fr-FR\",\"potentialAction\":[{\"@type\":\"ReadAction\",\"target\":[\"https:\/\/u-pol.com\/fr\/product\/revetement-de-protection-raptor\/aerosol-raptor\/aerosol-2k-raptor\/\"]}]},{\"@type\":\"ImageObject\",\"inLanguage\":\"fr-FR\",\"@id\":\"https:\/\/u-pol.com\/fr\/product\/revetement-de-protection-raptor\/aerosol-raptor\/aerosol-2k-raptor\/#primaryimage\",\"url\":\"https:\/\/u-pol.com\/wp-content\/uploads\/RLB-RAPTOR-2K-Aerosol-Protective-Coating.jpg\",\"contentUrl\":\"https:\/\/u-pol.com\/wp-content\/uploads\/RLB-RAPTOR-2K-Aerosol-Protective-Coating.jpg\",\"width\":500,\"height\":500,\"caption\":\"RAPTOR 2K Aerosol Protective Coating\"},{\"@type\":\"BreadcrumbList\",\"@id\":\"https:\/\/u-pol.com\/fr\/product\/revetement-de-protection-raptor\/aerosol-raptor\/aerosol-2k-raptor\/#breadcrumb\",\"itemListElement\":[{\"@type\":\"ListItem\",\"position\":1,\"name\":\"Accueil\",\"item\":\"https:\/\/u-pol.com\/fr\/\"},{\"@type\":\"ListItem\",\"position\":2,\"name\":\"Shop\",\"item\":\"https:\/\/u-pol.com\/?page_id=235\"},{\"@type\":\"ListItem\",\"position\":3,\"name\":\"A\u00e9rosol 2K Raptor\"}]},{\"@type\":\"WebSite\",\"@id\":\"https:\/\/u-pol.com\/fr\/#website\",\"url\":\"https:\/\/u-pol.com\/fr\/\",\"name\":\"U-Pol\",\"description\":\"\",\"publisher\":{\"@id\":\"https:\/\/u-pol.com\/fr\/#organization\"},\"potentialAction\":[{\"@type\":\"SearchAction\",\"target\":{\"@type\":\"EntryPoint\",\"urlTemplate\":\"https:\/\/u-pol.com\/fr\/?s={search_term_string}\"},\"query-input\":{\"@type\":\"PropertyValueSpecification\",\"valueRequired\":true,\"valueName\":\"search_term_string\"}}],\"inLanguage\":\"fr-FR\"},{\"@type\":\"Organization\",\"@id\":\"https:\/\/u-pol.com\/fr\/#organization\",\"name\":\"U-POL\",\"url\":\"https:\/\/u-pol.com\/fr\/\",\"logo\":{\"@type\":\"ImageObject\",\"inLanguage\":\"fr-FR\",\"@id\":\"https:\/\/u-pol.com\/fr\/#\/schema\/logo\/image\/\",\"url\":\"https:\/\/u-pol.com\/wp-content\/uploads\/UPOL-sticky-bLogo.png\",\"contentUrl\":\"https:\/\/u-pol.com\/wp-content\/uploads\/UPOL-sticky-bLogo.png\",\"width\":125,\"height\":75,\"caption\":\"U-POL\"},\"image\":{\"@id\":\"https:\/\/u-pol.com\/fr\/#\/schema\/logo\/image\/\"},\"sameAs\":[\"https:\/\/www.facebook.com\/U-POL-UK-409641822803819\/\",\"https:\/\/x.com\/UpolUK\"]}]}<\/script>","yoast_head_json":{"title":"A\u00e9rosol 2K Raptor - U-Pol","description":"Le Syst\u00e8me d'A\u00e9rosol 2K RAPTOR est un moyen pratique, facile et rapide \u00e0 appliquer, sans compromettre les performances et sans \u00e9quipement de pulv\u00e9risation n\u00e9cessaire.","robots":{"index":"index","follow":"follow","max-snippet":"max-snippet:-1","max-image-preview":"max-image-preview:large","max-video-preview":"max-video-preview:-1"},"canonical":"https:\/\/u-pol.com\/fr\/product\/revetement-de-protection-raptor\/aerosol-raptor\/aerosol-2k-raptor\/","og_locale":"fr_FR","og_type":"article","og_title":"A\u00e9rosol 2K Raptor - U-Pol","og_description":"Le Syst\u00e8me d'A\u00e9rosol 2K RAPTOR est un moyen pratique, facile et rapide \u00e0 appliquer, sans compromettre les performances et sans \u00e9quipement de pulv\u00e9risation n\u00e9cessaire.","og_url":"https:\/\/u-pol.com\/fr\/product\/revetement-de-protection-raptor\/aerosol-raptor\/aerosol-2k-raptor\/","og_site_name":"U-Pol","article_publisher":"https:\/\/www.facebook.com\/U-POL-UK-409641822803819\/","article_modified_time":"2022-06-24T10:43:26+00:00","og_image":[{"width":500,"height":500,"url":"https:\/\/u-pol.com\/wp-content\/uploads\/RLB-RAPTOR-2K-Aerosol-Protective-Coating.jpg","type":"image\/jpeg"}],"twitter_card":"summary_large_image","twitter_site":"@UpolUK","twitter_misc":{"Dur\u00e9e de lecture estim\u00e9e":"2 minutes"},"schema":{"@context":"https:\/\/schema.org","@graph":[{"@type":"WebPage","@id":"https:\/\/u-pol.com\/fr\/product\/revetement-de-protection-raptor\/aerosol-raptor\/aerosol-2k-raptor\/","url":"https:\/\/u-pol.com\/fr\/product\/revetement-de-protection-raptor\/aerosol-raptor\/aerosol-2k-raptor\/","name":"A\u00e9rosol 2K Raptor - U-Pol","isPartOf":{"@id":"https:\/\/u-pol.com\/fr\/#website"},"primaryImageOfPage":{"@id":"https:\/\/u-pol.com\/fr\/product\/revetement-de-protection-raptor\/aerosol-raptor\/aerosol-2k-raptor\/#primaryimage"},"image":{"@id":"https:\/\/u-pol.com\/fr\/product\/revetement-de-protection-raptor\/aerosol-raptor\/aerosol-2k-raptor\/#primaryimage"},"thumbnailUrl":"https:\/\/u-pol.com\/wp-content\/uploads\/RLB-RAPTOR-2K-Aerosol-Protective-Coating.jpg","datePublished":"2022-04-05T09:33:09+00:00","dateModified":"2022-06-24T10:43:26+00:00","description":"Le Syst\u00e8me d'A\u00e9rosol 2K RAPTOR est un moyen pratique, facile et rapide \u00e0 appliquer, sans compromettre les performances et sans \u00e9quipement de pulv\u00e9risation n\u00e9cessaire.","breadcrumb":{"@id":"https:\/\/u-pol.com\/fr\/product\/revetement-de-protection-raptor\/aerosol-raptor\/aerosol-2k-raptor\/#breadcrumb"},"inLanguage":"fr-FR","potentialAction":[{"@type":"ReadAction","target":["https:\/\/u-pol.com\/fr\/product\/revetement-de-protection-raptor\/aerosol-raptor\/aerosol-2k-raptor\/"]}]},{"@type":"ImageObject","inLanguage":"fr-FR","@id":"https:\/\/u-pol.com\/fr\/product\/revetement-de-protection-raptor\/aerosol-raptor\/aerosol-2k-raptor\/#primaryimage","url":"https:\/\/u-pol.com\/wp-content\/uploads\/RLB-RAPTOR-2K-Aerosol-Protective-Coating.jpg","contentUrl":"https:\/\/u-pol.com\/wp-content\/uploads\/RLB-RAPTOR-2K-Aerosol-Protective-Coating.jpg","width":500,"height":500,"caption":"RAPTOR 2K Aerosol Protective Coating"},{"@type":"BreadcrumbList","@id":"https:\/\/u-pol.com\/fr\/product\/revetement-de-protection-raptor\/aerosol-raptor\/aerosol-2k-raptor\/#breadcrumb","itemListElement":[{"@type":"ListItem","position":1,"name":"Accueil","item":"https:\/\/u-pol.com\/fr\/"},{"@type":"ListItem","position":2,"name":"Shop","item":"https:\/\/u-pol.com\/?page_id=235"},{"@type":"ListItem","position":3,"name":"A\u00e9rosol 2K Raptor"}]},{"@type":"WebSite","@id":"https:\/\/u-pol.com\/fr\/#website","url":"https:\/\/u-pol.com\/fr\/","name":"U-Pol","description":"","publisher":{"@id":"https:\/\/u-pol.com\/fr\/#organization"},"potentialAction":[{"@type":"SearchAction","target":{"@type":"EntryPoint","urlTemplate":"https:\/\/u-pol.com\/fr\/?s={search_term_string}"},"query-input":{"@type":"PropertyValueSpecification","valueRequired":true,"valueName":"search_term_string"}}],"inLanguage":"fr-FR"},{"@type":"Organization","@id":"https:\/\/u-pol.com\/fr\/#organization","name":"U-POL","url":"https:\/\/u-pol.com\/fr\/","logo":{"@type":"ImageObject","inLanguage":"fr-FR","@id":"https:\/\/u-pol.com\/fr\/#\/schema\/logo\/image\/","url":"https:\/\/u-pol.com\/wp-content\/uploads\/UPOL-sticky-bLogo.png","contentUrl":"https:\/\/u-pol.com\/wp-content\/uploads\/UPOL-sticky-bLogo.png","width":125,"height":75,"caption":"U-POL"},"image":{"@id":"https:\/\/u-pol.com\/fr\/#\/schema\/logo\/image\/"},"sameAs":["https:\/\/www.facebook.com\/U-POL-UK-409641822803819\/","https:\/\/x.com\/UpolUK"]}]}},"_links":{"self":[{"href":"https:\/\/u-pol.com\/fr\/wp-json\/wp\/v2\/product\/38472","targetHints":{"allow":["GET"]}}],"collection":[{"href":"https:\/\/u-pol.com\/fr\/wp-json\/wp\/v2\/product"}],"about":[{"href":"https:\/\/u-pol.com\/fr\/wp-json\/wp\/v2\/types\/product"}],"wp:featuredmedia":[{"embeddable":true,"href":"https:\/\/u-pol.com\/fr\/wp-json\/wp\/v2\/media\/19085"}],"wp:attachment":[{"href":"https:\/\/u-pol.com\/fr\/wp-json\/wp\/v2\/media?parent=38472"}],"wp:term":[{"taxonomy":"product_brand","embeddable":true,"href":"https:\/\/u-pol.com\/fr\/wp-json\/wp\/v2\/product_brand?post=38472"},{"taxonomy":"product_cat","embeddable":true,"href":"https:\/\/u-pol.com\/fr\/wp-json\/wp\/v2\/product_cat?post=38472"},{"taxonomy":"product_tag","embeddable":true,"href":"https:\/\/u-pol.com\/fr\/wp-json\/wp\/v2\/product_tag?post=38472"}],"curies":[{"name":"wp","href":"https:\/\/api.w.org\/{rel}","templated":true}]}}