{"id":38476,"date":"2022-05-11T13:12:12","date_gmt":"2022-05-11T13:12:12","guid":{"rendered":"https:\/\/upol.darkgrey.eu\/?post_type=product&#038;p=38476"},"modified":"2026-05-12T14:33:36","modified_gmt":"2026-05-12T14:33:36","slug":"revetement-de-protection-multi-usage-en-aerosol-1k","status":"publish","type":"product","link":"https:\/\/u-pol.com\/fr\/product\/revetement-de-protection-raptor\/aerosol-raptor\/revetement-de-protection-multi-usage-en-aerosol-1k\/","title":{"rendered":"Rev\u00eatement de Protection Multi-Usage en A\u00e9rosol 1K"},"content":{"rendered":"<div class=\"fusion-fullwidth fullwidth-box fusion-builder-row-1 fusion-flex-container nonhundred-percent-fullwidth non-hundred-percent-height-scrolling\" style=\"--awb-border-radius-top-left:0px;--awb-border-radius-top-right:0px;--awb-border-radius-bottom-right:0px;--awb-border-radius-bottom-left:0px;--awb-margin-top:20px;--awb-flex-wrap:wrap;\" ><div class=\"fusion-builder-row fusion-row fusion-flex-align-items-flex-start fusion-flex-content-wrap\" style=\"max-width:1203.6px;margin-left: calc(-2% \/ 2 );margin-right: calc(-2% \/ 2 );\"><div class=\"fusion-layout-column fusion_builder_column fusion-builder-column-0 fusion_builder_column_1_1 1_1 fusion-flex-column\" style=\"--awb-bg-size:cover;--awb-width-large:100%;--awb-margin-top-large:0px;--awb-spacing-right-large:0.98%;--awb-margin-bottom-large:20px;--awb-spacing-left-large:0.98%;--awb-width-medium:100%;--awb-order-medium:0;--awb-spacing-right-medium:0.98%;--awb-spacing-left-medium:0.98%;--awb-width-small:100%;--awb-order-small:0;--awb-spacing-right-small:0.98%;--awb-spacing-left-small:0.98%;\"><div class=\"fusion-column-wrapper fusion-column-has-shadow fusion-flex-justify-content-flex-end fusion-content-layout-row\"><div ><a class=\"fusion-button button-flat fusion-button-default-size button-default fusion-button-default button-1 fusion-button-default-span fusion-button-default-type\" target=\"_blank\" rel=\"noopener noreferrer\" href=\"https:\/\/u-pol.com\/wp-content\/uploads\/Revetement-de-protection-multiusage-RAPTOR-1.pdf\"><span class=\"fusion-button-text awb-button__text awb-button__text--default\">Flyer<\/span><\/a><\/div><\/div><\/div><div class=\"fusion-layout-column fusion_builder_column fusion-builder-column-1 fusion_builder_column_1_1 1_1 fusion-flex-column\" style=\"--awb-bg-size:cover;--awb-width-large:100%;--awb-margin-top-large:0px;--awb-spacing-right-large:0.98%;--awb-margin-bottom-large:20px;--awb-spacing-left-large:0.98%;--awb-width-medium:100%;--awb-order-medium:0;--awb-spacing-right-medium:0.98%;--awb-spacing-left-medium:0.98%;--awb-width-small:100%;--awb-order-small:0;--awb-spacing-right-small:0.98%;--awb-spacing-left-small:0.98%;\"><div class=\"fusion-column-wrapper fusion-column-has-shadow fusion-flex-justify-content-flex-start fusion-content-layout-column\">\n<div class=\"table-1\">\n<table width=\"100%\">\n<thead>\n<tr>\n<th align=\"left\">Code<\/th>\n<th align=\"left\">Size\/Pack<\/th>\n<th align=\"left\">Color<\/th>\n<th align=\"left\">Ctn<\/th>\n<th align=\"left\">Technical Data Sheet<\/th>\n<th align=\"left\">Safety Data Sheet<\/th>\n<\/tr>\n<\/thead>\n<tbody>\n<tr>\n<td align=\"left\">RMUB\/AL<\/td>\n<td align=\"left\">A\u00e9rosol 450ml<\/td>\n<td align=\"left\">Noir<\/td>\n<td align=\"left\">6<\/td>\n<td align=\"left\"><a href=\"https:\/\/u-pol.com\/fr\/video\/rmub-al-tds-fr\/rmub-al-tds-fr\/\" target=\"_blank\" rel=\"noopener\">RMUB\/AL TDS<\/a><\/td>\n<td align=\"left\"><a href=\"https:\/\/use-prd-inf-apiacs.azure-api.net\/publishedsds\/item\/859270\" target=\"_blank\" rel=\"noopener\">RMUB\/AL SDS<\/a><\/td>\n<\/tr>\n<\/tbody>\n<\/table>\n<\/div>\n<\/div><\/div><\/div><\/div>\n","protected":false},"excerpt":{"rendered":"<h3>RAPTOR<\/h3>\n<p>Un a\u00e9rosol 1K facile \u00e0 utiliser qui donne une finition durable et r\u00e9sistante aux abrasions, avec une excellente adh\u00e9rence \u00e0 une large gamme de surfaces. Id\u00e9al pour les retouches automobiles et les zones de finition, ainsi que pour prot\u00e9ger de nombreuses surfaces et objets dans la maison.<\/p>\n<ul>\n<li>Finition textur\u00e9e<\/li>\n<li>Durable et r\u00e9sistant \u00e0 l&rsquo;eau, procure une bonne r\u00e9sistance \u00e0 la corrosion<\/li>\n<li>R\u00e9sistant aux UV, ne ternie pas au soleil<\/li>\n<li>Excellente adh\u00e9rence apr\u00e8s pr\u00e9paration au m\u00e9tal, aluminium, fibre de verre, plastique et bois<\/li>\n<li>Facile \u00e0 utiliser<\/li>\n<li>Id\u00e9al \u00e0 la fois pour le march\u00e9 automobile et le march\u00e9 du bricolage<\/li>\n<\/ul>\n","protected":false},"featured_media":38051,"template":"","meta":[],"product_brand":[],"product_cat":[804,1100],"product_tag":[812],"class_list":{"0":"post-38476","1":"product","2":"type-product","3":"status-publish","4":"has-post-thumbnail","6":"product_cat-revetement-de-protection-raptor","7":"product_cat-aerosol-raptor","8":"product_tag-raptor-fr","10":"first","11":"instock","12":"downloadable","13":"virtual","14":"product-type-simple"},"yoast_head":"<title>Rev\u00eatement de Protection Multi-Usage en A\u00e9rosol 1K - U-Pol<\/title>\n<meta name=\"description\" content=\"Un a\u00e9rosol 1K facile \u00e0 utiliser qui donne une finition durable et r\u00e9sistante aux abrasions, avec une excellente adh\u00e9rence \u00e0 une large gamme de surfaces.\" \/>\n<meta name=\"robots\" content=\"index, follow, max-snippet:-1, max-image-preview:large, max-video-preview:-1\" \/>\n<link rel=\"canonical\" href=\"https:\/\/u-pol.com\/fr\/product\/revetement-de-protection-raptor\/aerosol-raptor\/revetement-de-protection-multi-usage-en-aerosol-1k\/\" \/>\n<meta property=\"og:locale\" content=\"fr_FR\" \/>\n<meta property=\"og:type\" content=\"article\" \/>\n<meta property=\"og:title\" content=\"Rev\u00eatement de Protection Multi-Usage en A\u00e9rosol 1K - U-Pol\" \/>\n<meta property=\"og:description\" content=\"Un a\u00e9rosol 1K facile \u00e0 utiliser qui donne une finition durable et r\u00e9sistante aux abrasions, avec une excellente adh\u00e9rence \u00e0 une large gamme de surfaces.\" \/>\n<meta property=\"og:url\" content=\"https:\/\/u-pol.com\/fr\/product\/revetement-de-protection-raptor\/aerosol-raptor\/revetement-de-protection-multi-usage-en-aerosol-1k\/\" \/>\n<meta property=\"og:site_name\" content=\"U-Pol\" \/>\n<meta property=\"article:publisher\" content=\"https:\/\/www.facebook.com\/U-POL-UK-409641822803819\/\" \/>\n<meta property=\"article:modified_time\" content=\"2026-05-12T14:33:36+00:00\" \/>\n<meta property=\"og:image\" content=\"https:\/\/u-pol.com\/wp-content\/uploads\/Multi-Usage-en-Aerosol-1K.jpg\" \/>\n\t<meta property=\"og:image:width\" content=\"500\" \/>\n\t<meta property=\"og:image:height\" content=\"500\" \/>\n\t<meta property=\"og:image:type\" content=\"image\/jpeg\" \/>\n<meta name=\"twitter:card\" content=\"summary_large_image\" \/>\n<meta name=\"twitter:site\" content=\"@UpolUK\" \/>\n<meta name=\"twitter:label1\" content=\"Dur\u00e9e de lecture estim\u00e9e\" \/>\n\t<meta name=\"twitter:data1\" content=\"2 minutes\" \/>\n<script type=\"application\/ld+json\" class=\"yoast-schema-graph\">{\"@context\":\"https:\/\/schema.org\",\"@graph\":[{\"@type\":\"WebPage\",\"@id\":\"https:\/\/u-pol.com\/fr\/product\/revetement-de-protection-raptor\/aerosol-raptor\/revetement-de-protection-multi-usage-en-aerosol-1k\/\",\"url\":\"https:\/\/u-pol.com\/fr\/product\/revetement-de-protection-raptor\/aerosol-raptor\/revetement-de-protection-multi-usage-en-aerosol-1k\/\",\"name\":\"Rev\u00eatement de Protection Multi-Usage en A\u00e9rosol 1K - U-Pol\",\"isPartOf\":{\"@id\":\"https:\/\/u-pol.com\/fr\/#website\"},\"primaryImageOfPage\":{\"@id\":\"https:\/\/u-pol.com\/fr\/product\/revetement-de-protection-raptor\/aerosol-raptor\/revetement-de-protection-multi-usage-en-aerosol-1k\/#primaryimage\"},\"image\":{\"@id\":\"https:\/\/u-pol.com\/fr\/product\/revetement-de-protection-raptor\/aerosol-raptor\/revetement-de-protection-multi-usage-en-aerosol-1k\/#primaryimage\"},\"thumbnailUrl\":\"https:\/\/u-pol.com\/wp-content\/uploads\/Multi-Usage-en-Aerosol-1K.jpg\",\"datePublished\":\"2022-05-11T13:12:12+00:00\",\"dateModified\":\"2026-05-12T14:33:36+00:00\",\"description\":\"Un a\u00e9rosol 1K facile \u00e0 utiliser qui donne une finition durable et r\u00e9sistante aux abrasions, avec une excellente adh\u00e9rence \u00e0 une large gamme de surfaces.\",\"breadcrumb\":{\"@id\":\"https:\/\/u-pol.com\/fr\/product\/revetement-de-protection-raptor\/aerosol-raptor\/revetement-de-protection-multi-usage-en-aerosol-1k\/#breadcrumb\"},\"inLanguage\":\"fr-FR\",\"potentialAction\":[{\"@type\":\"ReadAction\",\"target\":[\"https:\/\/u-pol.com\/fr\/product\/revetement-de-protection-raptor\/aerosol-raptor\/revetement-de-protection-multi-usage-en-aerosol-1k\/\"]}]},{\"@type\":\"ImageObject\",\"inLanguage\":\"fr-FR\",\"@id\":\"https:\/\/u-pol.com\/fr\/product\/revetement-de-protection-raptor\/aerosol-raptor\/revetement-de-protection-multi-usage-en-aerosol-1k\/#primaryimage\",\"url\":\"https:\/\/u-pol.com\/wp-content\/uploads\/Multi-Usage-en-Aerosol-1K.jpg\",\"contentUrl\":\"https:\/\/u-pol.com\/wp-content\/uploads\/Multi-Usage-en-Aerosol-1K.jpg\",\"width\":500,\"height\":500,\"caption\":\"Rev\u00eatement de Protection Multi-Usage en A\u00e9rosol 1K\"},{\"@type\":\"BreadcrumbList\",\"@id\":\"https:\/\/u-pol.com\/fr\/product\/revetement-de-protection-raptor\/aerosol-raptor\/revetement-de-protection-multi-usage-en-aerosol-1k\/#breadcrumb\",\"itemListElement\":[{\"@type\":\"ListItem\",\"position\":1,\"name\":\"Accueil\",\"item\":\"https:\/\/u-pol.com\/fr\/\"},{\"@type\":\"ListItem\",\"position\":2,\"name\":\"Shop\",\"item\":\"https:\/\/u-pol.com\/?page_id=235\"},{\"@type\":\"ListItem\",\"position\":3,\"name\":\"Rev\u00eatement de Protection Multi-Usage en A\u00e9rosol 1K\"}]},{\"@type\":\"WebSite\",\"@id\":\"https:\/\/u-pol.com\/fr\/#website\",\"url\":\"https:\/\/u-pol.com\/fr\/\",\"name\":\"U-Pol\",\"description\":\"\",\"publisher\":{\"@id\":\"https:\/\/u-pol.com\/fr\/#organization\"},\"potentialAction\":[{\"@type\":\"SearchAction\",\"target\":{\"@type\":\"EntryPoint\",\"urlTemplate\":\"https:\/\/u-pol.com\/fr\/?s={search_term_string}\"},\"query-input\":{\"@type\":\"PropertyValueSpecification\",\"valueRequired\":true,\"valueName\":\"search_term_string\"}}],\"inLanguage\":\"fr-FR\"},{\"@type\":\"Organization\",\"@id\":\"https:\/\/u-pol.com\/fr\/#organization\",\"name\":\"U-POL\",\"url\":\"https:\/\/u-pol.com\/fr\/\",\"logo\":{\"@type\":\"ImageObject\",\"inLanguage\":\"fr-FR\",\"@id\":\"https:\/\/u-pol.com\/fr\/#\/schema\/logo\/image\/\",\"url\":\"https:\/\/u-pol.com\/wp-content\/uploads\/UPOL-sticky-bLogo.png\",\"contentUrl\":\"https:\/\/u-pol.com\/wp-content\/uploads\/UPOL-sticky-bLogo.png\",\"width\":125,\"height\":75,\"caption\":\"U-POL\"},\"image\":{\"@id\":\"https:\/\/u-pol.com\/fr\/#\/schema\/logo\/image\/\"},\"sameAs\":[\"https:\/\/www.facebook.com\/U-POL-UK-409641822803819\/\",\"https:\/\/x.com\/UpolUK\"]}]}<\/script>","yoast_head_json":{"title":"Rev\u00eatement de Protection Multi-Usage en A\u00e9rosol 1K - U-Pol","description":"Un a\u00e9rosol 1K facile \u00e0 utiliser qui donne une finition durable et r\u00e9sistante aux abrasions, avec une excellente adh\u00e9rence \u00e0 une large gamme de surfaces.","robots":{"index":"index","follow":"follow","max-snippet":"max-snippet:-1","max-image-preview":"max-image-preview:large","max-video-preview":"max-video-preview:-1"},"canonical":"https:\/\/u-pol.com\/fr\/product\/revetement-de-protection-raptor\/aerosol-raptor\/revetement-de-protection-multi-usage-en-aerosol-1k\/","og_locale":"fr_FR","og_type":"article","og_title":"Rev\u00eatement de Protection Multi-Usage en A\u00e9rosol 1K - U-Pol","og_description":"Un a\u00e9rosol 1K facile \u00e0 utiliser qui donne une finition durable et r\u00e9sistante aux abrasions, avec une excellente adh\u00e9rence \u00e0 une large gamme de surfaces.","og_url":"https:\/\/u-pol.com\/fr\/product\/revetement-de-protection-raptor\/aerosol-raptor\/revetement-de-protection-multi-usage-en-aerosol-1k\/","og_site_name":"U-Pol","article_publisher":"https:\/\/www.facebook.com\/U-POL-UK-409641822803819\/","article_modified_time":"2026-05-12T14:33:36+00:00","og_image":[{"width":500,"height":500,"url":"https:\/\/u-pol.com\/wp-content\/uploads\/Multi-Usage-en-Aerosol-1K.jpg","type":"image\/jpeg"}],"twitter_card":"summary_large_image","twitter_site":"@UpolUK","twitter_misc":{"Dur\u00e9e de lecture estim\u00e9e":"2 minutes"},"schema":{"@context":"https:\/\/schema.org","@graph":[{"@type":"WebPage","@id":"https:\/\/u-pol.com\/fr\/product\/revetement-de-protection-raptor\/aerosol-raptor\/revetement-de-protection-multi-usage-en-aerosol-1k\/","url":"https:\/\/u-pol.com\/fr\/product\/revetement-de-protection-raptor\/aerosol-raptor\/revetement-de-protection-multi-usage-en-aerosol-1k\/","name":"Rev\u00eatement de Protection Multi-Usage en A\u00e9rosol 1K - U-Pol","isPartOf":{"@id":"https:\/\/u-pol.com\/fr\/#website"},"primaryImageOfPage":{"@id":"https:\/\/u-pol.com\/fr\/product\/revetement-de-protection-raptor\/aerosol-raptor\/revetement-de-protection-multi-usage-en-aerosol-1k\/#primaryimage"},"image":{"@id":"https:\/\/u-pol.com\/fr\/product\/revetement-de-protection-raptor\/aerosol-raptor\/revetement-de-protection-multi-usage-en-aerosol-1k\/#primaryimage"},"thumbnailUrl":"https:\/\/u-pol.com\/wp-content\/uploads\/Multi-Usage-en-Aerosol-1K.jpg","datePublished":"2022-05-11T13:12:12+00:00","dateModified":"2026-05-12T14:33:36+00:00","description":"Un a\u00e9rosol 1K facile \u00e0 utiliser qui donne une finition durable et r\u00e9sistante aux abrasions, avec une excellente adh\u00e9rence \u00e0 une large gamme de surfaces.","breadcrumb":{"@id":"https:\/\/u-pol.com\/fr\/product\/revetement-de-protection-raptor\/aerosol-raptor\/revetement-de-protection-multi-usage-en-aerosol-1k\/#breadcrumb"},"inLanguage":"fr-FR","potentialAction":[{"@type":"ReadAction","target":["https:\/\/u-pol.com\/fr\/product\/revetement-de-protection-raptor\/aerosol-raptor\/revetement-de-protection-multi-usage-en-aerosol-1k\/"]}]},{"@type":"ImageObject","inLanguage":"fr-FR","@id":"https:\/\/u-pol.com\/fr\/product\/revetement-de-protection-raptor\/aerosol-raptor\/revetement-de-protection-multi-usage-en-aerosol-1k\/#primaryimage","url":"https:\/\/u-pol.com\/wp-content\/uploads\/Multi-Usage-en-Aerosol-1K.jpg","contentUrl":"https:\/\/u-pol.com\/wp-content\/uploads\/Multi-Usage-en-Aerosol-1K.jpg","width":500,"height":500,"caption":"Rev\u00eatement de Protection Multi-Usage en A\u00e9rosol 1K"},{"@type":"BreadcrumbList","@id":"https:\/\/u-pol.com\/fr\/product\/revetement-de-protection-raptor\/aerosol-raptor\/revetement-de-protection-multi-usage-en-aerosol-1k\/#breadcrumb","itemListElement":[{"@type":"ListItem","position":1,"name":"Accueil","item":"https:\/\/u-pol.com\/fr\/"},{"@type":"ListItem","position":2,"name":"Shop","item":"https:\/\/u-pol.com\/?page_id=235"},{"@type":"ListItem","position":3,"name":"Rev\u00eatement de Protection Multi-Usage en A\u00e9rosol 1K"}]},{"@type":"WebSite","@id":"https:\/\/u-pol.com\/fr\/#website","url":"https:\/\/u-pol.com\/fr\/","name":"U-Pol","description":"","publisher":{"@id":"https:\/\/u-pol.com\/fr\/#organization"},"potentialAction":[{"@type":"SearchAction","target":{"@type":"EntryPoint","urlTemplate":"https:\/\/u-pol.com\/fr\/?s={search_term_string}"},"query-input":{"@type":"PropertyValueSpecification","valueRequired":true,"valueName":"search_term_string"}}],"inLanguage":"fr-FR"},{"@type":"Organization","@id":"https:\/\/u-pol.com\/fr\/#organization","name":"U-POL","url":"https:\/\/u-pol.com\/fr\/","logo":{"@type":"ImageObject","inLanguage":"fr-FR","@id":"https:\/\/u-pol.com\/fr\/#\/schema\/logo\/image\/","url":"https:\/\/u-pol.com\/wp-content\/uploads\/UPOL-sticky-bLogo.png","contentUrl":"https:\/\/u-pol.com\/wp-content\/uploads\/UPOL-sticky-bLogo.png","width":125,"height":75,"caption":"U-POL"},"image":{"@id":"https:\/\/u-pol.com\/fr\/#\/schema\/logo\/image\/"},"sameAs":["https:\/\/www.facebook.com\/U-POL-UK-409641822803819\/","https:\/\/x.com\/UpolUK"]}]}},"_links":{"self":[{"href":"https:\/\/u-pol.com\/fr\/wp-json\/wp\/v2\/product\/38476","targetHints":{"allow":["GET"]}}],"collection":[{"href":"https:\/\/u-pol.com\/fr\/wp-json\/wp\/v2\/product"}],"about":[{"href":"https:\/\/u-pol.com\/fr\/wp-json\/wp\/v2\/types\/product"}],"wp:featuredmedia":[{"embeddable":true,"href":"https:\/\/u-pol.com\/fr\/wp-json\/wp\/v2\/media\/38051"}],"wp:attachment":[{"href":"https:\/\/u-pol.com\/fr\/wp-json\/wp\/v2\/media?parent=38476"}],"wp:term":[{"taxonomy":"product_brand","embeddable":true,"href":"https:\/\/u-pol.com\/fr\/wp-json\/wp\/v2\/product_brand?post=38476"},{"taxonomy":"product_cat","embeddable":true,"href":"https:\/\/u-pol.com\/fr\/wp-json\/wp\/v2\/product_cat?post=38476"},{"taxonomy":"product_tag","embeddable":true,"href":"https:\/\/u-pol.com\/fr\/wp-json\/wp\/v2\/product_tag?post=38476"}],"curies":[{"name":"wp","href":"https:\/\/api.w.org\/{rel}","templated":true}]}}