{"id":38485,"date":"2022-04-05T10:02:56","date_gmt":"2022-04-05T10:02:56","guid":{"rendered":"https:\/\/upol.darkgrey.eu\/product\/non%20class\u00e9\/appret-epoxy-anti-rouille-raptor\/"},"modified":"2024-10-28T16:12:53","modified_gmt":"2024-10-28T16:12:53","slug":"appret-epoxy-anti-rouille-raptor","status":"publish","type":"product","link":"https:\/\/u-pol.com\/fr\/product\/revetement-de-protection-raptor\/accessoires\/appret-epoxy-anti-rouille-raptor\/","title":{"rendered":"Appr\u00eat \u00c9poxy Anti-Rouille RAPTOR"},"content":{"rendered":"<div class=\"fusion-fullwidth fullwidth-box fusion-builder-row-1 fusion-flex-container nonhundred-percent-fullwidth non-hundred-percent-height-scrolling\" style=\"--awb-border-radius-top-left:0px;--awb-border-radius-top-right:0px;--awb-border-radius-bottom-right:0px;--awb-border-radius-bottom-left:0px;--awb-margin-top:20px;--awb-flex-wrap:wrap;\" ><div class=\"fusion-builder-row fusion-row fusion-flex-align-items-flex-start fusion-flex-content-wrap\" style=\"max-width:1203.6px;margin-left: calc(-2% \/ 2 );margin-right: calc(-2% \/ 2 );\"><div class=\"fusion-layout-column fusion_builder_column fusion-builder-column-0 fusion_builder_column_1_1 1_1 fusion-flex-column\" style=\"--awb-bg-size:cover;--awb-width-large:100%;--awb-margin-top-large:0px;--awb-spacing-right-large:0.98%;--awb-margin-bottom-large:20px;--awb-spacing-left-large:0.98%;--awb-width-medium:100%;--awb-order-medium:0;--awb-spacing-right-medium:0.98%;--awb-spacing-left-medium:0.98%;--awb-width-small:100%;--awb-order-small:0;--awb-spacing-right-small:0.98%;--awb-spacing-left-small:0.98%;\"><div class=\"fusion-column-wrapper fusion-column-has-shadow fusion-flex-justify-content-flex-start fusion-content-layout-column\">\n<div class=\"table-1\">\n<table width=\"100%\">\n<thead>\n<tr>\n<th align=\"left\">R\u00e9f\u00e9rence<\/th>\n<th align=\"left\">Format<\/th>\n<th align=\"left\">Couleur<\/th>\n<th align=\"left\">Par Carton<\/th>\n<th align=\"left\">Voir la Fiche Technique<\/th>\n<th align=\"left\">Voir la Fiche de S\u00e9curit\u00e9<\/th>\n<\/tr>\n<\/thead>\n<tbody>\n<tr>\n<td align=\"left\">REP\/1<\/td>\n<td align=\"left\">1L<\/td>\n<td align=\"left\">Gris<\/td>\n<td align=\"left\">6<\/td>\n<td align=\"left\"><a href=\"https:\/\/u-pol.com\/wp-content\/uploads\/FR-REP.pdf\" target=\"_blank\" rel=\"noopener\">REP\/1 TDS<\/a><\/td>\n<td align=\"left\"><a href=\"https:\/\/u-pol.com\/wp-content\/uploads\/REP_1_RPTR_FR_fr_20241023_083530.pdf\" target=\"_blank\" rel=\"noopener\">REP\/1 SDS<\/a><\/td>\n<\/tr>\n<tr>\n<td align=\"left\">REP\/3<\/td>\n<td align=\"left\">3L<\/td>\n<td align=\"left\">Gris<\/td>\n<td align=\"left\">3<\/td>\n<td align=\"left\"><a href=\"https:\/\/u-pol.com\/wp-content\/uploads\/FR-REP.pdf\" target=\"_blank\" rel=\"noopener\">REP\/3 TDS<\/a><\/td>\n<td align=\"left\"><a href=\"https:\/\/u-pol.com\/wp-content\/uploads\/REP_1_RPTR_FR_fr_20241023_083530.pdf\" target=\"_blank\" rel=\"noopener\">REP\/3 SDS<\/a><\/td>\n<\/tr>\n<tr>\n<td align=\"left\">REPH\/1.5<\/td>\n<td align=\"left\">1.5L<\/td>\n<td align=\"left\"><\/td>\n<td align=\"left\">6<\/td>\n<td align=\"left\"><\/td>\n<td align=\"left\"><a href=\"https:\/\/u-pol.com\/wp-content\/uploads\/REPH_1.5_RPTR_FR_fr_20241023_113530.pdf\">REPH\/1.5 SDS<\/a><\/td>\n<\/tr>\n<tr>\n<td align=\"left\">REPH\/500<\/td>\n<td align=\"left\">0.5L<\/td>\n<td align=\"left\"><\/td>\n<td align=\"left\">6<\/td>\n<td align=\"left\"><\/td>\n<td align=\"left\"><a href=\"https:\/\/u-pol.com\/wp-content\/uploads\/REPH_1.5_RPTR_FR_fr_20241023_113530.pdf\">REPH\/500 SDS<\/a><\/td>\n<\/tr>\n<\/tbody>\n<\/table>\n<\/div>\n<\/div><\/div><\/div><\/div>\n","protected":false},"excerpt":{"rendered":"<h3>RAPTOR<\/h3>\n<p>L\u2019appr\u00eat \u00e9poxy anti-rouille RAPTOR haute performance \u00e0 deux composants est sp\u00e9cialement formul\u00e9 pour une utilisation avec le rev\u00eatement de protection RAPTOR. Chaque kit de 1L contient 800ml d&rsquo;appr\u00eat et 200ml de durcisseur. Le kit de 5L contient 4L d&rsquo;appr\u00eat et 1L de durcisseur. Il contient un m\u00e9lange d\u2019additifs anti-corrosifs r\u00e9duisant la rouille et a une excellente r\u00e9sistance au brouillard salin. Sa technologie de r\u00e9sine avanc\u00e9e am\u00e9liore l\u2019adh\u00e9rence aux surfaces difficiles et prolonge la dur\u00e9e de vie du support.<\/p>\n<ul>\n<li>Peut \u00eatre appliqu\u00e9 directement sur la rouille des surfaces<\/li>\n<li>Peut \u00e9galement \u00eatre appliqu\u00e9 mouill\u00e9-sur-mouill\u00e9<\/li>\n<li>1L couvre environ 5.9m\u00b2 par litre<\/li>\n<\/ul>\n","protected":false},"featured_media":100886,"template":"","meta":[],"product_brand":[],"product_cat":[805,936],"product_tag":[812],"class_list":{"0":"post-38485","1":"product","2":"type-product","3":"status-publish","4":"has-post-thumbnail","6":"product_cat-accessoires","7":"product_cat-appret-anti-rouille","8":"product_tag-raptor-fr","10":"first","11":"instock","12":"downloadable","13":"virtual","14":"sold-individually","15":"product-type-simple"},"yoast_head":"<title>Appr\u00eat \u00c9poxy Anti-Rouille RAPTOR - U-Pol<\/title>\n<meta name=\"description\" content=\"L\u2019appr\u00eat \u00e9poxy anti-rouille RAPTOR haute performance \u00e0 deux composants est sp\u00e9cialement formul\u00e9 pour une utilisation avec le rev\u00eatement de protection RAPTOR.\" \/>\n<meta name=\"robots\" content=\"index, follow, max-snippet:-1, max-image-preview:large, max-video-preview:-1\" \/>\n<link rel=\"canonical\" href=\"https:\/\/u-pol.com\/fr\/product\/revetement-de-protection-raptor\/accessoires\/appret-epoxy-anti-rouille-raptor\/\" \/>\n<meta property=\"og:locale\" content=\"fr_FR\" \/>\n<meta property=\"og:type\" content=\"article\" \/>\n<meta property=\"og:title\" content=\"Appr\u00eat \u00c9poxy Anti-Rouille RAPTOR - U-Pol\" \/>\n<meta property=\"og:description\" content=\"L\u2019appr\u00eat \u00e9poxy anti-rouille RAPTOR haute performance \u00e0 deux composants est sp\u00e9cialement formul\u00e9 pour une utilisation avec le rev\u00eatement de protection RAPTOR.\" \/>\n<meta property=\"og:url\" content=\"https:\/\/u-pol.com\/fr\/product\/revetement-de-protection-raptor\/accessoires\/appret-epoxy-anti-rouille-raptor\/\" \/>\n<meta property=\"og:site_name\" content=\"U-Pol\" \/>\n<meta property=\"article:publisher\" content=\"https:\/\/www.facebook.com\/U-POL-UK-409641822803819\/\" \/>\n<meta property=\"article:modified_time\" content=\"2024-10-28T16:12:53+00:00\" \/>\n<meta property=\"og:image\" content=\"https:\/\/u-pol.com\/wp-content\/uploads\/REP-1_RAPTOR-EPOXY-PRIMER-1L-1.jpg\" \/>\n\t<meta property=\"og:image:width\" content=\"1200\" \/>\n\t<meta property=\"og:image:height\" content=\"1200\" \/>\n\t<meta property=\"og:image:type\" content=\"image\/jpeg\" \/>\n<meta name=\"twitter:card\" content=\"summary_large_image\" \/>\n<meta name=\"twitter:site\" content=\"@UpolUK\" \/>\n<meta name=\"twitter:label1\" content=\"Dur\u00e9e de lecture estim\u00e9e\" \/>\n\t<meta name=\"twitter:data1\" content=\"3 minutes\" \/>\n<script type=\"application\/ld+json\" class=\"yoast-schema-graph\">{\"@context\":\"https:\/\/schema.org\",\"@graph\":[{\"@type\":\"WebPage\",\"@id\":\"https:\/\/u-pol.com\/fr\/product\/revetement-de-protection-raptor\/accessoires\/appret-epoxy-anti-rouille-raptor\/\",\"url\":\"https:\/\/u-pol.com\/fr\/product\/revetement-de-protection-raptor\/accessoires\/appret-epoxy-anti-rouille-raptor\/\",\"name\":\"Appr\u00eat \u00c9poxy Anti-Rouille RAPTOR - U-Pol\",\"isPartOf\":{\"@id\":\"https:\/\/u-pol.com\/fr\/#website\"},\"primaryImageOfPage\":{\"@id\":\"https:\/\/u-pol.com\/fr\/product\/revetement-de-protection-raptor\/accessoires\/appret-epoxy-anti-rouille-raptor\/#primaryimage\"},\"image\":{\"@id\":\"https:\/\/u-pol.com\/fr\/product\/revetement-de-protection-raptor\/accessoires\/appret-epoxy-anti-rouille-raptor\/#primaryimage\"},\"thumbnailUrl\":\"https:\/\/u-pol.com\/wp-content\/uploads\/Untitled-design-41.png\",\"datePublished\":\"2022-04-05T10:02:56+00:00\",\"dateModified\":\"2024-10-28T16:12:53+00:00\",\"description\":\"L\u2019appr\u00eat \u00e9poxy anti-rouille RAPTOR haute performance \u00e0 deux composants est sp\u00e9cialement formul\u00e9 pour une utilisation avec le rev\u00eatement de protection RAPTOR.\",\"breadcrumb\":{\"@id\":\"https:\/\/u-pol.com\/fr\/product\/revetement-de-protection-raptor\/accessoires\/appret-epoxy-anti-rouille-raptor\/#breadcrumb\"},\"inLanguage\":\"fr-FR\",\"potentialAction\":[{\"@type\":\"ReadAction\",\"target\":[\"https:\/\/u-pol.com\/fr\/product\/revetement-de-protection-raptor\/accessoires\/appret-epoxy-anti-rouille-raptor\/\"]}]},{\"@type\":\"ImageObject\",\"inLanguage\":\"fr-FR\",\"@id\":\"https:\/\/u-pol.com\/fr\/product\/revetement-de-protection-raptor\/accessoires\/appret-epoxy-anti-rouille-raptor\/#primaryimage\",\"url\":\"https:\/\/u-pol.com\/wp-content\/uploads\/Untitled-design-41.png\",\"contentUrl\":\"https:\/\/u-pol.com\/wp-content\/uploads\/Untitled-design-41.png\",\"width\":800,\"height\":800},{\"@type\":\"BreadcrumbList\",\"@id\":\"https:\/\/u-pol.com\/fr\/product\/revetement-de-protection-raptor\/accessoires\/appret-epoxy-anti-rouille-raptor\/#breadcrumb\",\"itemListElement\":[{\"@type\":\"ListItem\",\"position\":1,\"name\":\"Accueil\",\"item\":\"https:\/\/u-pol.com\/fr\/\"},{\"@type\":\"ListItem\",\"position\":2,\"name\":\"Shop\",\"item\":\"https:\/\/u-pol.com\/?page_id=235\"},{\"@type\":\"ListItem\",\"position\":3,\"name\":\"Appr\u00eat \u00c9poxy Anti-Rouille RAPTOR\"}]},{\"@type\":\"WebSite\",\"@id\":\"https:\/\/u-pol.com\/fr\/#website\",\"url\":\"https:\/\/u-pol.com\/fr\/\",\"name\":\"U-Pol\",\"description\":\"\",\"publisher\":{\"@id\":\"https:\/\/u-pol.com\/fr\/#organization\"},\"potentialAction\":[{\"@type\":\"SearchAction\",\"target\":{\"@type\":\"EntryPoint\",\"urlTemplate\":\"https:\/\/u-pol.com\/fr\/?s={search_term_string}\"},\"query-input\":{\"@type\":\"PropertyValueSpecification\",\"valueRequired\":true,\"valueName\":\"search_term_string\"}}],\"inLanguage\":\"fr-FR\"},{\"@type\":\"Organization\",\"@id\":\"https:\/\/u-pol.com\/fr\/#organization\",\"name\":\"U-POL\",\"url\":\"https:\/\/u-pol.com\/fr\/\",\"logo\":{\"@type\":\"ImageObject\",\"inLanguage\":\"fr-FR\",\"@id\":\"https:\/\/u-pol.com\/fr\/#\/schema\/logo\/image\/\",\"url\":\"https:\/\/u-pol.com\/wp-content\/uploads\/UPOL-sticky-bLogo.png\",\"contentUrl\":\"https:\/\/u-pol.com\/wp-content\/uploads\/UPOL-sticky-bLogo.png\",\"width\":125,\"height\":75,\"caption\":\"U-POL\"},\"image\":{\"@id\":\"https:\/\/u-pol.com\/fr\/#\/schema\/logo\/image\/\"},\"sameAs\":[\"https:\/\/www.facebook.com\/U-POL-UK-409641822803819\/\",\"https:\/\/x.com\/UpolUK\"]}]}<\/script>","yoast_head_json":{"title":"Appr\u00eat \u00c9poxy Anti-Rouille RAPTOR - U-Pol","description":"L\u2019appr\u00eat \u00e9poxy anti-rouille RAPTOR haute performance \u00e0 deux composants est sp\u00e9cialement formul\u00e9 pour une utilisation avec le rev\u00eatement de protection RAPTOR.","robots":{"index":"index","follow":"follow","max-snippet":"max-snippet:-1","max-image-preview":"max-image-preview:large","max-video-preview":"max-video-preview:-1"},"canonical":"https:\/\/u-pol.com\/fr\/product\/revetement-de-protection-raptor\/accessoires\/appret-epoxy-anti-rouille-raptor\/","og_locale":"fr_FR","og_type":"article","og_title":"Appr\u00eat \u00c9poxy Anti-Rouille RAPTOR - U-Pol","og_description":"L\u2019appr\u00eat \u00e9poxy anti-rouille RAPTOR haute performance \u00e0 deux composants est sp\u00e9cialement formul\u00e9 pour une utilisation avec le rev\u00eatement de protection RAPTOR.","og_url":"https:\/\/u-pol.com\/fr\/product\/revetement-de-protection-raptor\/accessoires\/appret-epoxy-anti-rouille-raptor\/","og_site_name":"U-Pol","article_publisher":"https:\/\/www.facebook.com\/U-POL-UK-409641822803819\/","article_modified_time":"2024-10-28T16:12:53+00:00","og_image":[{"width":1200,"height":1200,"url":"https:\/\/u-pol.com\/wp-content\/uploads\/REP-1_RAPTOR-EPOXY-PRIMER-1L-1.jpg","type":"image\/jpeg"}],"twitter_card":"summary_large_image","twitter_site":"@UpolUK","twitter_misc":{"Dur\u00e9e de lecture estim\u00e9e":"3 minutes"},"schema":{"@context":"https:\/\/schema.org","@graph":[{"@type":"WebPage","@id":"https:\/\/u-pol.com\/fr\/product\/revetement-de-protection-raptor\/accessoires\/appret-epoxy-anti-rouille-raptor\/","url":"https:\/\/u-pol.com\/fr\/product\/revetement-de-protection-raptor\/accessoires\/appret-epoxy-anti-rouille-raptor\/","name":"Appr\u00eat \u00c9poxy Anti-Rouille RAPTOR - U-Pol","isPartOf":{"@id":"https:\/\/u-pol.com\/fr\/#website"},"primaryImageOfPage":{"@id":"https:\/\/u-pol.com\/fr\/product\/revetement-de-protection-raptor\/accessoires\/appret-epoxy-anti-rouille-raptor\/#primaryimage"},"image":{"@id":"https:\/\/u-pol.com\/fr\/product\/revetement-de-protection-raptor\/accessoires\/appret-epoxy-anti-rouille-raptor\/#primaryimage"},"thumbnailUrl":"https:\/\/u-pol.com\/wp-content\/uploads\/Untitled-design-41.png","datePublished":"2022-04-05T10:02:56+00:00","dateModified":"2024-10-28T16:12:53+00:00","description":"L\u2019appr\u00eat \u00e9poxy anti-rouille RAPTOR haute performance \u00e0 deux composants est sp\u00e9cialement formul\u00e9 pour une utilisation avec le rev\u00eatement de protection RAPTOR.","breadcrumb":{"@id":"https:\/\/u-pol.com\/fr\/product\/revetement-de-protection-raptor\/accessoires\/appret-epoxy-anti-rouille-raptor\/#breadcrumb"},"inLanguage":"fr-FR","potentialAction":[{"@type":"ReadAction","target":["https:\/\/u-pol.com\/fr\/product\/revetement-de-protection-raptor\/accessoires\/appret-epoxy-anti-rouille-raptor\/"]}]},{"@type":"ImageObject","inLanguage":"fr-FR","@id":"https:\/\/u-pol.com\/fr\/product\/revetement-de-protection-raptor\/accessoires\/appret-epoxy-anti-rouille-raptor\/#primaryimage","url":"https:\/\/u-pol.com\/wp-content\/uploads\/Untitled-design-41.png","contentUrl":"https:\/\/u-pol.com\/wp-content\/uploads\/Untitled-design-41.png","width":800,"height":800},{"@type":"BreadcrumbList","@id":"https:\/\/u-pol.com\/fr\/product\/revetement-de-protection-raptor\/accessoires\/appret-epoxy-anti-rouille-raptor\/#breadcrumb","itemListElement":[{"@type":"ListItem","position":1,"name":"Accueil","item":"https:\/\/u-pol.com\/fr\/"},{"@type":"ListItem","position":2,"name":"Shop","item":"https:\/\/u-pol.com\/?page_id=235"},{"@type":"ListItem","position":3,"name":"Appr\u00eat \u00c9poxy Anti-Rouille RAPTOR"}]},{"@type":"WebSite","@id":"https:\/\/u-pol.com\/fr\/#website","url":"https:\/\/u-pol.com\/fr\/","name":"U-Pol","description":"","publisher":{"@id":"https:\/\/u-pol.com\/fr\/#organization"},"potentialAction":[{"@type":"SearchAction","target":{"@type":"EntryPoint","urlTemplate":"https:\/\/u-pol.com\/fr\/?s={search_term_string}"},"query-input":{"@type":"PropertyValueSpecification","valueRequired":true,"valueName":"search_term_string"}}],"inLanguage":"fr-FR"},{"@type":"Organization","@id":"https:\/\/u-pol.com\/fr\/#organization","name":"U-POL","url":"https:\/\/u-pol.com\/fr\/","logo":{"@type":"ImageObject","inLanguage":"fr-FR","@id":"https:\/\/u-pol.com\/fr\/#\/schema\/logo\/image\/","url":"https:\/\/u-pol.com\/wp-content\/uploads\/UPOL-sticky-bLogo.png","contentUrl":"https:\/\/u-pol.com\/wp-content\/uploads\/UPOL-sticky-bLogo.png","width":125,"height":75,"caption":"U-POL"},"image":{"@id":"https:\/\/u-pol.com\/fr\/#\/schema\/logo\/image\/"},"sameAs":["https:\/\/www.facebook.com\/U-POL-UK-409641822803819\/","https:\/\/x.com\/UpolUK"]}]}},"_links":{"self":[{"href":"https:\/\/u-pol.com\/fr\/wp-json\/wp\/v2\/product\/38485","targetHints":{"allow":["GET"]}}],"collection":[{"href":"https:\/\/u-pol.com\/fr\/wp-json\/wp\/v2\/product"}],"about":[{"href":"https:\/\/u-pol.com\/fr\/wp-json\/wp\/v2\/types\/product"}],"wp:featuredmedia":[{"embeddable":true,"href":"https:\/\/u-pol.com\/fr\/wp-json\/wp\/v2\/media\/100886"}],"wp:attachment":[{"href":"https:\/\/u-pol.com\/fr\/wp-json\/wp\/v2\/media?parent=38485"}],"wp:term":[{"taxonomy":"product_brand","embeddable":true,"href":"https:\/\/u-pol.com\/fr\/wp-json\/wp\/v2\/product_brand?post=38485"},{"taxonomy":"product_cat","embeddable":true,"href":"https:\/\/u-pol.com\/fr\/wp-json\/wp\/v2\/product_cat?post=38485"},{"taxonomy":"product_tag","embeddable":true,"href":"https:\/\/u-pol.com\/fr\/wp-json\/wp\/v2\/product_tag?post=38485"}],"curies":[{"name":"wp","href":"https:\/\/api.w.org\/{rel}","templated":true}]}}