{"id":38493,"date":"2022-05-11T14:38:56","date_gmt":"2022-05-11T14:38:56","guid":{"rendered":"https:\/\/upol.darkgrey.eu\/?post_type=product&#038;p=38493"},"modified":"2022-06-03T14:21:42","modified_gmt":"2022-06-03T14:21:42","slug":"combinaisons-pour-peintres-maximum","status":"publish","type":"product","link":"https:\/\/u-pol.com\/fr\/product\/consommables\/consummables\/combinaisons-pour-peintres-maximum\/","title":{"rendered":"Combinaisons pour Peintres Maximum"},"content":{"rendered":"<div class=\"fusion-fullwidth fullwidth-box fusion-builder-row-1 fusion-flex-container nonhundred-percent-fullwidth non-hundred-percent-height-scrolling\" style=\"--awb-border-radius-top-left:0px;--awb-border-radius-top-right:0px;--awb-border-radius-bottom-right:0px;--awb-border-radius-bottom-left:0px;--awb-flex-wrap:wrap;\" ><div class=\"fusion-builder-row fusion-row fusion-flex-align-items-flex-start fusion-flex-content-wrap\" style=\"max-width:1203.6px;margin-left: calc(-2% \/ 2 );margin-right: calc(-2% \/ 2 );\"><div class=\"fusion-layout-column fusion_builder_column fusion-builder-column-0 fusion_builder_column_1_1 1_1 fusion-flex-column\" style=\"--awb-bg-size:cover;--awb-width-large:100%;--awb-margin-top-large:20px;--awb-spacing-right-large:0.98%;--awb-margin-bottom-large:20px;--awb-spacing-left-large:0.98%;--awb-width-medium:100%;--awb-order-medium:0;--awb-spacing-right-medium:0.98%;--awb-spacing-left-medium:0.98%;--awb-width-small:100%;--awb-order-small:0;--awb-spacing-right-small:0.98%;--awb-spacing-left-small:0.98%;\"><div class=\"fusion-column-wrapper fusion-column-has-shadow fusion-flex-justify-content-flex-start fusion-content-layout-column\">\n<div class=\"table-1\">\n<table width=\"100%\">\n<thead>\n<tr>\n<th align=\"left\">R\u00e9f\u00e9rence<\/th>\n<th align=\"left\">Format<\/th>\n<th align=\"left\">Couleur<\/th>\n<th align=\"left\">Par Carton<\/th>\n<th align=\"left\">Voir la Fiche Technique<\/th>\n<th align=\"left\">Voir la Fiche de S\u00e9curit\u00e9<\/th>\n<\/tr>\n<\/thead>\n<tbody>\n<tr>\n<td align=\"left\">COVER\/M<\/td>\n<td align=\"left\">M<\/td>\n<td align=\"left\">Blanc<\/td>\n<td align=\"left\">10<\/td>\n<td align=\"left\"><\/td>\n<td align=\"left\"><\/td>\n<\/tr>\n<tr>\n<td align=\"left\">COVER\/L<\/td>\n<td align=\"left\">L<\/td>\n<td align=\"left\">Blanc<\/td>\n<td align=\"left\">10<\/td>\n<td align=\"left\"><\/td>\n<td align=\"left\"><\/td>\n<\/tr>\n<tr>\n<td align=\"left\">COVER\/XL<\/td>\n<td align=\"left\">XL<\/td>\n<td align=\"left\">Blanc<\/td>\n<td align=\"left\">10<\/td>\n<td align=\"left\"><\/td>\n<td align=\"left\"><\/td>\n<\/tr>\n<tr>\n<td align=\"left\">COVER\/XXL<\/td>\n<td align=\"left\">XXL<\/td>\n<td align=\"left\">Blanc<\/td>\n<td align=\"left\">10<\/td>\n<td align=\"left\"><\/td>\n<td align=\"left\"><\/td>\n<\/tr>\n<tr>\n<td align=\"left\">COVER\/XXXL<\/td>\n<td align=\"left\">XXXL<\/td>\n<td align=\"left\">Blanc<\/td>\n<td align=\"left\">10<\/td>\n<td align=\"left\"><\/td>\n<td align=\"left\"><\/td>\n<\/tr>\n<\/tbody>\n<\/table>\n<\/div>\n<\/div><\/div><\/div><\/div>\n","protected":false},"excerpt":{"rendered":"<p>Fournit une protection anti-statique et fiable contre tout type de solvants et de peintures.<\/p>\n<ul>\n<li>Tr\u00e8s l\u00e9g\u00e8re, tissu ultra-r\u00e9sistant<\/li>\n<li>Taille \u00e9lastique et zip \u00e0 double extr\u00e9mit\u00e9<\/li>\n<li>Fournie avec poche amovible<\/li>\n<\/ul>\n","protected":false},"featured_media":37979,"template":"","meta":[],"product_brand":[],"product_cat":[806,807],"product_tag":[],"class_list":{"0":"post-38493","1":"product","2":"type-product","3":"status-publish","4":"has-post-thumbnail","6":"product_cat-consommables","7":"product_cat-consummables","9":"first","10":"instock","11":"shipping-taxable","12":"product-type-simple"},"yoast_head":"<title>Combinaisons pour Peintres Maximum - U-Pol<\/title>\n<meta name=\"description\" content=\"Fournit une protection anti-statique et fiable contre tout type de solvants et de peintures.\" \/>\n<meta name=\"robots\" content=\"index, follow, max-snippet:-1, max-image-preview:large, max-video-preview:-1\" \/>\n<link rel=\"canonical\" href=\"https:\/\/u-pol.com\/fr\/product\/consommables\/consummables\/combinaisons-pour-peintres-maximum\/\" \/>\n<meta property=\"og:locale\" content=\"fr_FR\" \/>\n<meta property=\"og:type\" content=\"article\" \/>\n<meta property=\"og:title\" content=\"Combinaisons pour Peintres Maximum - U-Pol\" \/>\n<meta property=\"og:description\" content=\"Fournit une protection anti-statique et fiable contre tout type de solvants et de peintures.\" \/>\n<meta property=\"og:url\" content=\"https:\/\/u-pol.com\/fr\/product\/consommables\/consummables\/combinaisons-pour-peintres-maximum\/\" \/>\n<meta property=\"og:site_name\" content=\"U-Pol\" \/>\n<meta property=\"article:publisher\" content=\"https:\/\/www.facebook.com\/U-POL-UK-409641822803819\/\" \/>\n<meta property=\"article:modified_time\" content=\"2022-06-03T14:21:42+00:00\" \/>\n<meta property=\"og:image\" content=\"https:\/\/u-pol.com\/wp-content\/uploads\/Combinaisons-Pour-Peintres-Maximum.jpg\" \/>\n\t<meta property=\"og:image:width\" content=\"500\" \/>\n\t<meta property=\"og:image:height\" content=\"500\" \/>\n\t<meta property=\"og:image:type\" content=\"image\/jpeg\" \/>\n<meta name=\"twitter:card\" content=\"summary_large_image\" \/>\n<meta name=\"twitter:site\" content=\"@UpolUK\" \/>\n<meta name=\"twitter:label1\" content=\"Dur\u00e9e de lecture estim\u00e9e\" \/>\n\t<meta name=\"twitter:data1\" content=\"2 minutes\" \/>\n<script type=\"application\/ld+json\" class=\"yoast-schema-graph\">{\"@context\":\"https:\/\/schema.org\",\"@graph\":[{\"@type\":\"WebPage\",\"@id\":\"https:\/\/u-pol.com\/fr\/product\/consommables\/consummables\/combinaisons-pour-peintres-maximum\/\",\"url\":\"https:\/\/u-pol.com\/fr\/product\/consommables\/consummables\/combinaisons-pour-peintres-maximum\/\",\"name\":\"Combinaisons pour Peintres Maximum - U-Pol\",\"isPartOf\":{\"@id\":\"https:\/\/u-pol.com\/fr\/#website\"},\"primaryImageOfPage\":{\"@id\":\"https:\/\/u-pol.com\/fr\/product\/consommables\/consummables\/combinaisons-pour-peintres-maximum\/#primaryimage\"},\"image\":{\"@id\":\"https:\/\/u-pol.com\/fr\/product\/consommables\/consummables\/combinaisons-pour-peintres-maximum\/#primaryimage\"},\"thumbnailUrl\":\"https:\/\/u-pol.com\/wp-content\/uploads\/Combinaisons-Pour-Peintres-Maximum.jpg\",\"datePublished\":\"2022-05-11T14:38:56+00:00\",\"dateModified\":\"2022-06-03T14:21:42+00:00\",\"description\":\"Fournit une protection anti-statique et fiable contre tout type de solvants et de peintures.\",\"breadcrumb\":{\"@id\":\"https:\/\/u-pol.com\/fr\/product\/consommables\/consummables\/combinaisons-pour-peintres-maximum\/#breadcrumb\"},\"inLanguage\":\"fr-FR\",\"potentialAction\":[{\"@type\":\"ReadAction\",\"target\":[\"https:\/\/u-pol.com\/fr\/product\/consommables\/consummables\/combinaisons-pour-peintres-maximum\/\"]}]},{\"@type\":\"ImageObject\",\"inLanguage\":\"fr-FR\",\"@id\":\"https:\/\/u-pol.com\/fr\/product\/consommables\/consummables\/combinaisons-pour-peintres-maximum\/#primaryimage\",\"url\":\"https:\/\/u-pol.com\/wp-content\/uploads\/Combinaisons-Pour-Peintres-Maximum.jpg\",\"contentUrl\":\"https:\/\/u-pol.com\/wp-content\/uploads\/Combinaisons-Pour-Peintres-Maximum.jpg\",\"width\":500,\"height\":500,\"caption\":\"Combinaisons pour Peintres Maximum\"},{\"@type\":\"BreadcrumbList\",\"@id\":\"https:\/\/u-pol.com\/fr\/product\/consommables\/consummables\/combinaisons-pour-peintres-maximum\/#breadcrumb\",\"itemListElement\":[{\"@type\":\"ListItem\",\"position\":1,\"name\":\"Accueil\",\"item\":\"https:\/\/u-pol.com\/fr\/\"},{\"@type\":\"ListItem\",\"position\":2,\"name\":\"Shop\",\"item\":\"https:\/\/u-pol.com\/?page_id=235\"},{\"@type\":\"ListItem\",\"position\":3,\"name\":\"Combinaisons pour Peintres Maximum\"}]},{\"@type\":\"WebSite\",\"@id\":\"https:\/\/u-pol.com\/fr\/#website\",\"url\":\"https:\/\/u-pol.com\/fr\/\",\"name\":\"U-Pol\",\"description\":\"\",\"publisher\":{\"@id\":\"https:\/\/u-pol.com\/fr\/#organization\"},\"potentialAction\":[{\"@type\":\"SearchAction\",\"target\":{\"@type\":\"EntryPoint\",\"urlTemplate\":\"https:\/\/u-pol.com\/fr\/?s={search_term_string}\"},\"query-input\":{\"@type\":\"PropertyValueSpecification\",\"valueRequired\":true,\"valueName\":\"search_term_string\"}}],\"inLanguage\":\"fr-FR\"},{\"@type\":\"Organization\",\"@id\":\"https:\/\/u-pol.com\/fr\/#organization\",\"name\":\"U-POL\",\"url\":\"https:\/\/u-pol.com\/fr\/\",\"logo\":{\"@type\":\"ImageObject\",\"inLanguage\":\"fr-FR\",\"@id\":\"https:\/\/u-pol.com\/fr\/#\/schema\/logo\/image\/\",\"url\":\"https:\/\/u-pol.com\/wp-content\/uploads\/UPOL-sticky-bLogo.png\",\"contentUrl\":\"https:\/\/u-pol.com\/wp-content\/uploads\/UPOL-sticky-bLogo.png\",\"width\":125,\"height\":75,\"caption\":\"U-POL\"},\"image\":{\"@id\":\"https:\/\/u-pol.com\/fr\/#\/schema\/logo\/image\/\"},\"sameAs\":[\"https:\/\/www.facebook.com\/U-POL-UK-409641822803819\/\",\"https:\/\/x.com\/UpolUK\"]}]}<\/script>","yoast_head_json":{"title":"Combinaisons pour Peintres Maximum - U-Pol","description":"Fournit une protection anti-statique et fiable contre tout type de solvants et de peintures.","robots":{"index":"index","follow":"follow","max-snippet":"max-snippet:-1","max-image-preview":"max-image-preview:large","max-video-preview":"max-video-preview:-1"},"canonical":"https:\/\/u-pol.com\/fr\/product\/consommables\/consummables\/combinaisons-pour-peintres-maximum\/","og_locale":"fr_FR","og_type":"article","og_title":"Combinaisons pour Peintres Maximum - U-Pol","og_description":"Fournit une protection anti-statique et fiable contre tout type de solvants et de peintures.","og_url":"https:\/\/u-pol.com\/fr\/product\/consommables\/consummables\/combinaisons-pour-peintres-maximum\/","og_site_name":"U-Pol","article_publisher":"https:\/\/www.facebook.com\/U-POL-UK-409641822803819\/","article_modified_time":"2022-06-03T14:21:42+00:00","og_image":[{"width":500,"height":500,"url":"https:\/\/u-pol.com\/wp-content\/uploads\/Combinaisons-Pour-Peintres-Maximum.jpg","type":"image\/jpeg"}],"twitter_card":"summary_large_image","twitter_site":"@UpolUK","twitter_misc":{"Dur\u00e9e de lecture estim\u00e9e":"2 minutes"},"schema":{"@context":"https:\/\/schema.org","@graph":[{"@type":"WebPage","@id":"https:\/\/u-pol.com\/fr\/product\/consommables\/consummables\/combinaisons-pour-peintres-maximum\/","url":"https:\/\/u-pol.com\/fr\/product\/consommables\/consummables\/combinaisons-pour-peintres-maximum\/","name":"Combinaisons pour Peintres Maximum - U-Pol","isPartOf":{"@id":"https:\/\/u-pol.com\/fr\/#website"},"primaryImageOfPage":{"@id":"https:\/\/u-pol.com\/fr\/product\/consommables\/consummables\/combinaisons-pour-peintres-maximum\/#primaryimage"},"image":{"@id":"https:\/\/u-pol.com\/fr\/product\/consommables\/consummables\/combinaisons-pour-peintres-maximum\/#primaryimage"},"thumbnailUrl":"https:\/\/u-pol.com\/wp-content\/uploads\/Combinaisons-Pour-Peintres-Maximum.jpg","datePublished":"2022-05-11T14:38:56+00:00","dateModified":"2022-06-03T14:21:42+00:00","description":"Fournit une protection anti-statique et fiable contre tout type de solvants et de peintures.","breadcrumb":{"@id":"https:\/\/u-pol.com\/fr\/product\/consommables\/consummables\/combinaisons-pour-peintres-maximum\/#breadcrumb"},"inLanguage":"fr-FR","potentialAction":[{"@type":"ReadAction","target":["https:\/\/u-pol.com\/fr\/product\/consommables\/consummables\/combinaisons-pour-peintres-maximum\/"]}]},{"@type":"ImageObject","inLanguage":"fr-FR","@id":"https:\/\/u-pol.com\/fr\/product\/consommables\/consummables\/combinaisons-pour-peintres-maximum\/#primaryimage","url":"https:\/\/u-pol.com\/wp-content\/uploads\/Combinaisons-Pour-Peintres-Maximum.jpg","contentUrl":"https:\/\/u-pol.com\/wp-content\/uploads\/Combinaisons-Pour-Peintres-Maximum.jpg","width":500,"height":500,"caption":"Combinaisons pour Peintres Maximum"},{"@type":"BreadcrumbList","@id":"https:\/\/u-pol.com\/fr\/product\/consommables\/consummables\/combinaisons-pour-peintres-maximum\/#breadcrumb","itemListElement":[{"@type":"ListItem","position":1,"name":"Accueil","item":"https:\/\/u-pol.com\/fr\/"},{"@type":"ListItem","position":2,"name":"Shop","item":"https:\/\/u-pol.com\/?page_id=235"},{"@type":"ListItem","position":3,"name":"Combinaisons pour Peintres Maximum"}]},{"@type":"WebSite","@id":"https:\/\/u-pol.com\/fr\/#website","url":"https:\/\/u-pol.com\/fr\/","name":"U-Pol","description":"","publisher":{"@id":"https:\/\/u-pol.com\/fr\/#organization"},"potentialAction":[{"@type":"SearchAction","target":{"@type":"EntryPoint","urlTemplate":"https:\/\/u-pol.com\/fr\/?s={search_term_string}"},"query-input":{"@type":"PropertyValueSpecification","valueRequired":true,"valueName":"search_term_string"}}],"inLanguage":"fr-FR"},{"@type":"Organization","@id":"https:\/\/u-pol.com\/fr\/#organization","name":"U-POL","url":"https:\/\/u-pol.com\/fr\/","logo":{"@type":"ImageObject","inLanguage":"fr-FR","@id":"https:\/\/u-pol.com\/fr\/#\/schema\/logo\/image\/","url":"https:\/\/u-pol.com\/wp-content\/uploads\/UPOL-sticky-bLogo.png","contentUrl":"https:\/\/u-pol.com\/wp-content\/uploads\/UPOL-sticky-bLogo.png","width":125,"height":75,"caption":"U-POL"},"image":{"@id":"https:\/\/u-pol.com\/fr\/#\/schema\/logo\/image\/"},"sameAs":["https:\/\/www.facebook.com\/U-POL-UK-409641822803819\/","https:\/\/x.com\/UpolUK"]}]}},"_links":{"self":[{"href":"https:\/\/u-pol.com\/fr\/wp-json\/wp\/v2\/product\/38493","targetHints":{"allow":["GET"]}}],"collection":[{"href":"https:\/\/u-pol.com\/fr\/wp-json\/wp\/v2\/product"}],"about":[{"href":"https:\/\/u-pol.com\/fr\/wp-json\/wp\/v2\/types\/product"}],"wp:featuredmedia":[{"embeddable":true,"href":"https:\/\/u-pol.com\/fr\/wp-json\/wp\/v2\/media\/37979"}],"wp:attachment":[{"href":"https:\/\/u-pol.com\/fr\/wp-json\/wp\/v2\/media?parent=38493"}],"wp:term":[{"taxonomy":"product_brand","embeddable":true,"href":"https:\/\/u-pol.com\/fr\/wp-json\/wp\/v2\/product_brand?post=38493"},{"taxonomy":"product_cat","embeddable":true,"href":"https:\/\/u-pol.com\/fr\/wp-json\/wp\/v2\/product_cat?post=38493"},{"taxonomy":"product_tag","embeddable":true,"href":"https:\/\/u-pol.com\/fr\/wp-json\/wp\/v2\/product_tag?post=38493"}],"curies":[{"name":"wp","href":"https:\/\/api.w.org\/{rel}","templated":true}]}}