{"id":38506,"date":"2022-04-05T09:10:26","date_gmt":"2022-04-05T09:10:26","guid":{"rendered":"https:\/\/upol.darkgrey.eu\/product\/non%20class\u00e9\/stronghold-706-mastic-souple-a-haute-adherence-pour-plastiques\/"},"modified":"2025-08-12T13:05:29","modified_gmt":"2025-08-12T13:05:29","slug":"stronghold-706-mastic-souple-a-haute-adherence-pour-plastiques","status":"publish","type":"product","link":"https:\/\/u-pol.com\/fr\/product\/adhesifs-joints-et-reparations-plastiques\/reparations-plastique\/stronghold-706-mastic-souple-a-haute-adherence-pour-plastiques\/","title":{"rendered":"STRONGHOLD 706 Mastic Souple \u00e0 Haute Adh\u00e9rence pour Plastiques"},"content":{"rendered":"<div class=\"fusion-fullwidth fullwidth-box fusion-builder-row-1 fusion-flex-container nonhundred-percent-fullwidth non-hundred-percent-height-scrolling\" style=\"--awb-border-radius-top-left:0px;--awb-border-radius-top-right:0px;--awb-border-radius-bottom-right:0px;--awb-border-radius-bottom-left:0px;--awb-margin-top:20px;--awb-flex-wrap:wrap;\" ><div class=\"fusion-builder-row fusion-row fusion-flex-align-items-flex-start fusion-flex-content-wrap\" style=\"max-width:1203.6px;margin-left: calc(-2% \/ 2 );margin-right: calc(-2% \/ 2 );\"><div class=\"fusion-layout-column fusion_builder_column fusion-builder-column-0 fusion_builder_column_1_1 1_1 fusion-flex-column\" style=\"--awb-bg-size:cover;--awb-width-large:100%;--awb-margin-top-large:0px;--awb-spacing-right-large:0.98%;--awb-margin-bottom-large:20px;--awb-spacing-left-large:0.98%;--awb-width-medium:100%;--awb-order-medium:0;--awb-spacing-right-medium:0.98%;--awb-spacing-left-medium:0.98%;--awb-width-small:100%;--awb-order-small:0;--awb-spacing-right-small:0.98%;--awb-spacing-left-small:0.98%;\"><div class=\"fusion-column-wrapper fusion-column-has-shadow fusion-flex-justify-content-flex-start fusion-content-layout-column\">\n<div class=\"table-1\">\n<table width=\"100%\">\n<thead>\n<tr>\n<th align=\"left\">R\u00e9f\u00e9rence<\/th>\n<th align=\"left\">Format<\/th>\n<th align=\"left\">Couleur<\/th>\n<th align=\"left\">Par Carton<\/th>\n<th align=\"left\">Voir la Fiche Technique<\/th>\n<th align=\"left\">Voir la Fiche de S\u00e9curit\u00e9<\/th>\n<\/tr>\n<\/thead>\n<tbody>\n<tr>\n<td align=\"left\">SH706\/1<\/td>\n<td align=\"left\">Bo\u00eete 600 ml<\/td>\n<td align=\"left\">Noir<\/td>\n<td align=\"left\">6<\/td>\n<td align=\"left\"><a href=\"https:\/\/u-pol.com\/fr\/video\/sh706-1-tds-fr\/sh706-1-tds-fr\/\" target=\"_blank\" rel=\"noopener\">SH706\/1 TDS<\/a><\/td>\n<td align=\"left\"><a href=\"https:\/\/use-qa-inf-apiacs.azure-api.net\/publishedsds\/item\/28258\" target=\"_blank\" rel=\"noopener\">SH706\/1 SDS<\/a><\/td>\n<\/tr>\n<\/tbody>\n<\/table>\n<\/div>\n<\/div><\/div><\/div><\/div>\n","protected":false},"excerpt":{"rendered":"<p>Mastic polyester souple et dense. Peut \u00eatre utilis\u00e9 sur les plastiques flexibles. Id\u00e9al pour la r\u00e9paration de trous, pour les \u00e9raflures et rayures sur les pi\u00e8ces en plastique. Il peut \u00e9galement \u00eatre utilis\u00e9 comme mastic de finition sur les adh\u00e9sifs Stronghold une fois secs.<\/p>\n<ul>\n<li>Excellente adh\u00e9rence<\/li>\n<li>Peut \u00eatre ponc\u00e9 et peint<\/li>\n<li>Sans retrait<\/li>\n<\/ul>\n","protected":false},"featured_media":19021,"template":"","meta":[],"product_brand":[],"product_cat":[782],"product_tag":[],"class_list":{"0":"post-38506","1":"product","2":"type-product","3":"status-publish","4":"has-post-thumbnail","6":"product_cat-reparations-plastique","8":"first","9":"instock","10":"downloadable","11":"virtual","12":"sold-individually","13":"product-type-simple"},"yoast_head":"<title>STRONGHOLD 706 Mastic Souple \u00e0 Haute Adh\u00e9rence pour Plastiques - U-Pol<\/title>\n<meta name=\"description\" content=\"Mastic polyester souple et dense. Peut \u00eatre utilis\u00e9 sur les plastiques flexibles Id\u00e9al pour la r\u00e9paration de trous, pour les \u00e9raflures et rayures sur les pi\u00e8ces en plastique.\" \/>\n<meta name=\"robots\" content=\"index, follow, max-snippet:-1, max-image-preview:large, max-video-preview:-1\" \/>\n<link rel=\"canonical\" href=\"https:\/\/u-pol.com\/fr\/product\/adhesifs-joints-et-reparations-plastiques\/reparations-plastique\/stronghold-706-mastic-souple-a-haute-adherence-pour-plastiques\/\" \/>\n<meta property=\"og:locale\" content=\"fr_FR\" \/>\n<meta property=\"og:type\" content=\"article\" \/>\n<meta property=\"og:title\" content=\"STRONGHOLD 706 Mastic Souple \u00e0 Haute Adh\u00e9rence pour Plastiques - U-Pol\" \/>\n<meta property=\"og:description\" content=\"Mastic polyester souple et dense. Peut \u00eatre utilis\u00e9 sur les plastiques flexibles Id\u00e9al pour la r\u00e9paration de trous, pour les \u00e9raflures et rayures sur les pi\u00e8ces en plastique.\" \/>\n<meta property=\"og:url\" content=\"https:\/\/u-pol.com\/fr\/product\/adhesifs-joints-et-reparations-plastiques\/reparations-plastique\/stronghold-706-mastic-souple-a-haute-adherence-pour-plastiques\/\" \/>\n<meta property=\"og:site_name\" content=\"U-Pol\" \/>\n<meta property=\"article:publisher\" content=\"https:\/\/www.facebook.com\/U-POL-UK-409641822803819\/\" \/>\n<meta property=\"article:modified_time\" content=\"2025-08-12T13:05:29+00:00\" \/>\n<meta property=\"og:image\" content=\"https:\/\/u-pol.com\/wp-content\/uploads\/SH706-Stronghold-Smooth-High-Adhesion-Body-Filler-For-Plastics.jpg\" \/>\n\t<meta property=\"og:image:width\" content=\"500\" \/>\n\t<meta property=\"og:image:height\" content=\"500\" \/>\n\t<meta property=\"og:image:type\" content=\"image\/jpeg\" \/>\n<meta name=\"twitter:card\" content=\"summary_large_image\" \/>\n<meta name=\"twitter:site\" content=\"@UpolUK\" \/>\n<meta name=\"twitter:label1\" content=\"Dur\u00e9e de lecture estim\u00e9e\" \/>\n\t<meta name=\"twitter:data1\" content=\"3 minutes\" \/>\n<script type=\"application\/ld+json\" class=\"yoast-schema-graph\">{\"@context\":\"https:\/\/schema.org\",\"@graph\":[{\"@type\":\"WebPage\",\"@id\":\"https:\/\/u-pol.com\/fr\/product\/adhesifs-joints-et-reparations-plastiques\/reparations-plastique\/stronghold-706-mastic-souple-a-haute-adherence-pour-plastiques\/\",\"url\":\"https:\/\/u-pol.com\/fr\/product\/adhesifs-joints-et-reparations-plastiques\/reparations-plastique\/stronghold-706-mastic-souple-a-haute-adherence-pour-plastiques\/\",\"name\":\"STRONGHOLD 706 Mastic Souple \u00e0 Haute Adh\u00e9rence pour Plastiques - U-Pol\",\"isPartOf\":{\"@id\":\"https:\/\/u-pol.com\/fr\/#website\"},\"primaryImageOfPage\":{\"@id\":\"https:\/\/u-pol.com\/fr\/product\/adhesifs-joints-et-reparations-plastiques\/reparations-plastique\/stronghold-706-mastic-souple-a-haute-adherence-pour-plastiques\/#primaryimage\"},\"image\":{\"@id\":\"https:\/\/u-pol.com\/fr\/product\/adhesifs-joints-et-reparations-plastiques\/reparations-plastique\/stronghold-706-mastic-souple-a-haute-adherence-pour-plastiques\/#primaryimage\"},\"thumbnailUrl\":\"https:\/\/u-pol.com\/wp-content\/uploads\/SH706-Stronghold-Smooth-High-Adhesion-Body-Filler-For-Plastics.jpg\",\"datePublished\":\"2022-04-05T09:10:26+00:00\",\"dateModified\":\"2025-08-12T13:05:29+00:00\",\"description\":\"Mastic polyester souple et dense. Peut \u00eatre utilis\u00e9 sur les plastiques flexibles Id\u00e9al pour la r\u00e9paration de trous, pour les \u00e9raflures et rayures sur les pi\u00e8ces en plastique.\",\"breadcrumb\":{\"@id\":\"https:\/\/u-pol.com\/fr\/product\/adhesifs-joints-et-reparations-plastiques\/reparations-plastique\/stronghold-706-mastic-souple-a-haute-adherence-pour-plastiques\/#breadcrumb\"},\"inLanguage\":\"fr-FR\",\"potentialAction\":[{\"@type\":\"ReadAction\",\"target\":[\"https:\/\/u-pol.com\/fr\/product\/adhesifs-joints-et-reparations-plastiques\/reparations-plastique\/stronghold-706-mastic-souple-a-haute-adherence-pour-plastiques\/\"]}]},{\"@type\":\"ImageObject\",\"inLanguage\":\"fr-FR\",\"@id\":\"https:\/\/u-pol.com\/fr\/product\/adhesifs-joints-et-reparations-plastiques\/reparations-plastique\/stronghold-706-mastic-souple-a-haute-adherence-pour-plastiques\/#primaryimage\",\"url\":\"https:\/\/u-pol.com\/wp-content\/uploads\/SH706-Stronghold-Smooth-High-Adhesion-Body-Filler-For-Plastics.jpg\",\"contentUrl\":\"https:\/\/u-pol.com\/wp-content\/uploads\/SH706-Stronghold-Smooth-High-Adhesion-Body-Filler-For-Plastics.jpg\",\"width\":500,\"height\":500,\"caption\":\"STRONGHOLD 706 Mastic Souple \u00e0 Haute Adh\u00e9rence pour Plastiques\"},{\"@type\":\"BreadcrumbList\",\"@id\":\"https:\/\/u-pol.com\/fr\/product\/adhesifs-joints-et-reparations-plastiques\/reparations-plastique\/stronghold-706-mastic-souple-a-haute-adherence-pour-plastiques\/#breadcrumb\",\"itemListElement\":[{\"@type\":\"ListItem\",\"position\":1,\"name\":\"Accueil\",\"item\":\"https:\/\/u-pol.com\/fr\/\"},{\"@type\":\"ListItem\",\"position\":2,\"name\":\"Shop\",\"item\":\"https:\/\/u-pol.com\/?page_id=235\"},{\"@type\":\"ListItem\",\"position\":3,\"name\":\"STRONGHOLD 706 Mastic Souple \u00e0 Haute Adh\u00e9rence pour Plastiques\"}]},{\"@type\":\"WebSite\",\"@id\":\"https:\/\/u-pol.com\/fr\/#website\",\"url\":\"https:\/\/u-pol.com\/fr\/\",\"name\":\"U-Pol\",\"description\":\"\",\"publisher\":{\"@id\":\"https:\/\/u-pol.com\/fr\/#organization\"},\"potentialAction\":[{\"@type\":\"SearchAction\",\"target\":{\"@type\":\"EntryPoint\",\"urlTemplate\":\"https:\/\/u-pol.com\/fr\/?s={search_term_string}\"},\"query-input\":{\"@type\":\"PropertyValueSpecification\",\"valueRequired\":true,\"valueName\":\"search_term_string\"}}],\"inLanguage\":\"fr-FR\"},{\"@type\":\"Organization\",\"@id\":\"https:\/\/u-pol.com\/fr\/#organization\",\"name\":\"U-POL\",\"url\":\"https:\/\/u-pol.com\/fr\/\",\"logo\":{\"@type\":\"ImageObject\",\"inLanguage\":\"fr-FR\",\"@id\":\"https:\/\/u-pol.com\/fr\/#\/schema\/logo\/image\/\",\"url\":\"https:\/\/u-pol.com\/wp-content\/uploads\/UPOL-sticky-bLogo.png\",\"contentUrl\":\"https:\/\/u-pol.com\/wp-content\/uploads\/UPOL-sticky-bLogo.png\",\"width\":125,\"height\":75,\"caption\":\"U-POL\"},\"image\":{\"@id\":\"https:\/\/u-pol.com\/fr\/#\/schema\/logo\/image\/\"},\"sameAs\":[\"https:\/\/www.facebook.com\/U-POL-UK-409641822803819\/\",\"https:\/\/x.com\/UpolUK\"]}]}<\/script>","yoast_head_json":{"title":"STRONGHOLD 706 Mastic Souple \u00e0 Haute Adh\u00e9rence pour Plastiques - U-Pol","description":"Mastic polyester souple et dense. Peut \u00eatre utilis\u00e9 sur les plastiques flexibles Id\u00e9al pour la r\u00e9paration de trous, pour les \u00e9raflures et rayures sur les pi\u00e8ces en plastique.","robots":{"index":"index","follow":"follow","max-snippet":"max-snippet:-1","max-image-preview":"max-image-preview:large","max-video-preview":"max-video-preview:-1"},"canonical":"https:\/\/u-pol.com\/fr\/product\/adhesifs-joints-et-reparations-plastiques\/reparations-plastique\/stronghold-706-mastic-souple-a-haute-adherence-pour-plastiques\/","og_locale":"fr_FR","og_type":"article","og_title":"STRONGHOLD 706 Mastic Souple \u00e0 Haute Adh\u00e9rence pour Plastiques - U-Pol","og_description":"Mastic polyester souple et dense. Peut \u00eatre utilis\u00e9 sur les plastiques flexibles Id\u00e9al pour la r\u00e9paration de trous, pour les \u00e9raflures et rayures sur les pi\u00e8ces en plastique.","og_url":"https:\/\/u-pol.com\/fr\/product\/adhesifs-joints-et-reparations-plastiques\/reparations-plastique\/stronghold-706-mastic-souple-a-haute-adherence-pour-plastiques\/","og_site_name":"U-Pol","article_publisher":"https:\/\/www.facebook.com\/U-POL-UK-409641822803819\/","article_modified_time":"2025-08-12T13:05:29+00:00","og_image":[{"width":500,"height":500,"url":"https:\/\/u-pol.com\/wp-content\/uploads\/SH706-Stronghold-Smooth-High-Adhesion-Body-Filler-For-Plastics.jpg","type":"image\/jpeg"}],"twitter_card":"summary_large_image","twitter_site":"@UpolUK","twitter_misc":{"Dur\u00e9e de lecture estim\u00e9e":"3 minutes"},"schema":{"@context":"https:\/\/schema.org","@graph":[{"@type":"WebPage","@id":"https:\/\/u-pol.com\/fr\/product\/adhesifs-joints-et-reparations-plastiques\/reparations-plastique\/stronghold-706-mastic-souple-a-haute-adherence-pour-plastiques\/","url":"https:\/\/u-pol.com\/fr\/product\/adhesifs-joints-et-reparations-plastiques\/reparations-plastique\/stronghold-706-mastic-souple-a-haute-adherence-pour-plastiques\/","name":"STRONGHOLD 706 Mastic Souple \u00e0 Haute Adh\u00e9rence pour Plastiques - U-Pol","isPartOf":{"@id":"https:\/\/u-pol.com\/fr\/#website"},"primaryImageOfPage":{"@id":"https:\/\/u-pol.com\/fr\/product\/adhesifs-joints-et-reparations-plastiques\/reparations-plastique\/stronghold-706-mastic-souple-a-haute-adherence-pour-plastiques\/#primaryimage"},"image":{"@id":"https:\/\/u-pol.com\/fr\/product\/adhesifs-joints-et-reparations-plastiques\/reparations-plastique\/stronghold-706-mastic-souple-a-haute-adherence-pour-plastiques\/#primaryimage"},"thumbnailUrl":"https:\/\/u-pol.com\/wp-content\/uploads\/SH706-Stronghold-Smooth-High-Adhesion-Body-Filler-For-Plastics.jpg","datePublished":"2022-04-05T09:10:26+00:00","dateModified":"2025-08-12T13:05:29+00:00","description":"Mastic polyester souple et dense. Peut \u00eatre utilis\u00e9 sur les plastiques flexibles Id\u00e9al pour la r\u00e9paration de trous, pour les \u00e9raflures et rayures sur les pi\u00e8ces en plastique.","breadcrumb":{"@id":"https:\/\/u-pol.com\/fr\/product\/adhesifs-joints-et-reparations-plastiques\/reparations-plastique\/stronghold-706-mastic-souple-a-haute-adherence-pour-plastiques\/#breadcrumb"},"inLanguage":"fr-FR","potentialAction":[{"@type":"ReadAction","target":["https:\/\/u-pol.com\/fr\/product\/adhesifs-joints-et-reparations-plastiques\/reparations-plastique\/stronghold-706-mastic-souple-a-haute-adherence-pour-plastiques\/"]}]},{"@type":"ImageObject","inLanguage":"fr-FR","@id":"https:\/\/u-pol.com\/fr\/product\/adhesifs-joints-et-reparations-plastiques\/reparations-plastique\/stronghold-706-mastic-souple-a-haute-adherence-pour-plastiques\/#primaryimage","url":"https:\/\/u-pol.com\/wp-content\/uploads\/SH706-Stronghold-Smooth-High-Adhesion-Body-Filler-For-Plastics.jpg","contentUrl":"https:\/\/u-pol.com\/wp-content\/uploads\/SH706-Stronghold-Smooth-High-Adhesion-Body-Filler-For-Plastics.jpg","width":500,"height":500,"caption":"STRONGHOLD 706 Mastic Souple \u00e0 Haute Adh\u00e9rence pour Plastiques"},{"@type":"BreadcrumbList","@id":"https:\/\/u-pol.com\/fr\/product\/adhesifs-joints-et-reparations-plastiques\/reparations-plastique\/stronghold-706-mastic-souple-a-haute-adherence-pour-plastiques\/#breadcrumb","itemListElement":[{"@type":"ListItem","position":1,"name":"Accueil","item":"https:\/\/u-pol.com\/fr\/"},{"@type":"ListItem","position":2,"name":"Shop","item":"https:\/\/u-pol.com\/?page_id=235"},{"@type":"ListItem","position":3,"name":"STRONGHOLD 706 Mastic Souple \u00e0 Haute Adh\u00e9rence pour Plastiques"}]},{"@type":"WebSite","@id":"https:\/\/u-pol.com\/fr\/#website","url":"https:\/\/u-pol.com\/fr\/","name":"U-Pol","description":"","publisher":{"@id":"https:\/\/u-pol.com\/fr\/#organization"},"potentialAction":[{"@type":"SearchAction","target":{"@type":"EntryPoint","urlTemplate":"https:\/\/u-pol.com\/fr\/?s={search_term_string}"},"query-input":{"@type":"PropertyValueSpecification","valueRequired":true,"valueName":"search_term_string"}}],"inLanguage":"fr-FR"},{"@type":"Organization","@id":"https:\/\/u-pol.com\/fr\/#organization","name":"U-POL","url":"https:\/\/u-pol.com\/fr\/","logo":{"@type":"ImageObject","inLanguage":"fr-FR","@id":"https:\/\/u-pol.com\/fr\/#\/schema\/logo\/image\/","url":"https:\/\/u-pol.com\/wp-content\/uploads\/UPOL-sticky-bLogo.png","contentUrl":"https:\/\/u-pol.com\/wp-content\/uploads\/UPOL-sticky-bLogo.png","width":125,"height":75,"caption":"U-POL"},"image":{"@id":"https:\/\/u-pol.com\/fr\/#\/schema\/logo\/image\/"},"sameAs":["https:\/\/www.facebook.com\/U-POL-UK-409641822803819\/","https:\/\/x.com\/UpolUK"]}]}},"_links":{"self":[{"href":"https:\/\/u-pol.com\/fr\/wp-json\/wp\/v2\/product\/38506","targetHints":{"allow":["GET"]}}],"collection":[{"href":"https:\/\/u-pol.com\/fr\/wp-json\/wp\/v2\/product"}],"about":[{"href":"https:\/\/u-pol.com\/fr\/wp-json\/wp\/v2\/types\/product"}],"wp:featuredmedia":[{"embeddable":true,"href":"https:\/\/u-pol.com\/fr\/wp-json\/wp\/v2\/media\/19021"}],"wp:attachment":[{"href":"https:\/\/u-pol.com\/fr\/wp-json\/wp\/v2\/media?parent=38506"}],"wp:term":[{"taxonomy":"product_brand","embeddable":true,"href":"https:\/\/u-pol.com\/fr\/wp-json\/wp\/v2\/product_brand?post=38506"},{"taxonomy":"product_cat","embeddable":true,"href":"https:\/\/u-pol.com\/fr\/wp-json\/wp\/v2\/product_cat?post=38506"},{"taxonomy":"product_tag","embeddable":true,"href":"https:\/\/u-pol.com\/fr\/wp-json\/wp\/v2\/product_tag?post=38506"}],"curies":[{"name":"wp","href":"https:\/\/api.w.org\/{rel}","templated":true}]}}