{"id":38508,"date":"2022-04-05T08:50:42","date_gmt":"2022-04-05T08:50:42","guid":{"rendered":"https:\/\/upol.darkgrey.eu\/product\/non%20class\u00e9\/plastikit-kit-de-reparation-professionnel-resine-et-fibre-de-verre\/"},"modified":"2022-05-12T08:13:06","modified_gmt":"2022-05-12T08:13:06","slug":"plastikit-kit-de-reparation-professionnel-resine-et-fibre-de-verre","status":"publish","type":"product","link":"https:\/\/u-pol.com\/fr\/product\/adhesifs-joints-et-reparations-plastiques\/reparations-plastique\/plastikit-kit-de-reparation-professionnel-resine-et-fibre-de-verre\/","title":{"rendered":"Plastikit Kit de R\u00e9paration Professionnel R\u00e9sine et Fibre de Verre"},"content":{"rendered":"<div class=\"fusion-fullwidth fullwidth-box fusion-builder-row-1 fusion-flex-container nonhundred-percent-fullwidth non-hundred-percent-height-scrolling\" style=\"--awb-border-radius-top-left:0px;--awb-border-radius-top-right:0px;--awb-border-radius-bottom-right:0px;--awb-border-radius-bottom-left:0px;--awb-margin-top:20px;--awb-flex-wrap:wrap;\" ><div class=\"fusion-builder-row fusion-row fusion-flex-align-items-flex-start fusion-flex-content-wrap\" style=\"max-width:1203.6px;margin-left: calc(-2% \/ 2 );margin-right: calc(-2% \/ 2 );\"><div class=\"fusion-layout-column fusion_builder_column fusion-builder-column-0 fusion_builder_column_1_1 1_1 fusion-flex-column\" style=\"--awb-bg-size:cover;--awb-width-large:100%;--awb-margin-top-large:0px;--awb-spacing-right-large:0.98%;--awb-margin-bottom-large:20px;--awb-spacing-left-large:0.98%;--awb-width-medium:100%;--awb-order-medium:0;--awb-spacing-right-medium:0.98%;--awb-spacing-left-medium:0.98%;--awb-width-small:100%;--awb-order-small:0;--awb-spacing-right-small:0.98%;--awb-spacing-left-small:0.98%;\"><div class=\"fusion-column-wrapper fusion-column-has-shadow fusion-flex-justify-content-flex-start fusion-content-layout-column\">\n<div class=\"table-1\">\n<table width=\"100%\">\n<thead>\n<tr>\n<th align=\"left\">R\u00e9f\u00e9rence<\/th>\n<th align=\"left\">Format<\/th>\n<th align=\"left\">Couleur<\/th>\n<th align=\"left\">Par Carton<\/th>\n<th align=\"left\">Voir la Fiche Technique<\/th>\n<th align=\"left\">Voir la Fiche de S\u00e9curit\u00e9<\/th>\n<\/tr>\n<\/thead>\n<tbody>\n<tr>\n<td>FIBRE\/1<\/td>\n<td>Mat 0.5m\u00b2<\/td>\n<td>Blanc<\/td>\n<td>20<\/td>\n<td><a href=\"https:\/\/u-pol.com\/fr\/fibre-1-tds-fr-2\/\" target=\"_blank\" rel=\"noopener\">FIBRE\/1 TDS PDF<\/a><\/td>\n<td><\/td>\n<\/tr>\n<tr>\n<td>FIBRE\/5<\/td>\n<td>Mat 5m\u00b2<\/td>\n<td>Blanc<\/td>\n<td>1<\/td>\n<td><a href=\"https:\/\/u-pol.com\/fr\/fibre-5-tds-fr-2\/\" target=\"_blank\" rel=\"noopener\">FIBRE\/5 TDS PDF<\/a><\/td>\n<td><\/td>\n<\/tr>\n<tr>\n<td>RE\/5<\/td>\n<td>Bo\u00eete 5L<\/td>\n<td>Opaque<\/td>\n<td>2<\/td>\n<td><a href=\"https:\/\/u-pol.com\/fr\/re-5-tds-fr-2\/\" target=\"_blank\" rel=\"noopener\">RE\/5 TDS PDF<\/a><\/td>\n<td><a href=\"https:\/\/u-pol.com\/fr\/re-5-sds-fr-2\/\" target=\"_blank\" rel=\"noopener\">RE\/5 SDS PDF<\/a><\/td>\n<\/tr>\n<tr>\n<td>RE\/1<\/td>\n<td>Bo\u00eete 1L<\/td>\n<td>Opaque<\/td>\n<td>5<\/td>\n<td><a href=\"https:\/\/u-pol.com\/fr\/re-1-tds-fr-2\/\" target=\"_blank\" rel=\"noopener\">RE\/1 TDS PDF<\/a><\/td>\n<td><a href=\"https:\/\/u-pol.com\/fr\/re-1-sds-fr-2\/\" target=\"_blank\" rel=\"noopener\">RE\/1 SDS PDF<\/a><\/td>\n<\/tr>\n<tr>\n<td>RE\/2.5<\/td>\n<td>Bo\u00eete 2.5L<\/td>\n<td>Opaque<\/td>\n<td>2<\/td>\n<td><a href=\"https:\/\/u-pol.com\/fr\/re-2-5-tds-fr-2\/\" target=\"_blank\" rel=\"noopener\">RE\/2.5 TDS PDF<\/a><\/td>\n<td><a href=\"https:\/\/u-pol.com\/fr\/re-2-5-sds-fr-2\/\" target=\"_blank\" rel=\"noopener\">RE\/2.5 SDS PDF<\/a><\/td>\n<\/tr>\n<tr>\n<td>PK1<\/td>\n<td>Kit<\/td>\n<td>&#8211;<\/td>\n<td>2<\/td>\n<td><a href=\"https:\/\/u-pol.com\/fr\/pk1-tds-fr-2\/\" target=\"_blank\" rel=\"noopener\">PK1 TDS PDF<\/a><\/td>\n<td><a href=\"https:\/\/u-pol.com\/fr\/pk1-sds-fr-2\/\" target=\"_blank\" rel=\"noopener\">PK1 SDS PDF<\/a><br \/>\n<a href=\"https:\/\/u-pol.com\/fr\/pk1-2-sds-fr-2\/\" target=\"_blank\" rel=\"noopener\">PK1 SDS PDF<\/a><\/td>\n<\/tr>\n<tr>\n<td>CAT\/2<\/td>\n<td>Bouteille 20 ml<\/td>\n<td>Transparent<\/td>\n<td>6<\/td>\n<td><a href=\"https:\/\/u-pol.com\/fr\/cat-2-tds-fr-2\/\" target=\"_blank\" rel=\"noopener\">CAT\/2 TDS PDF<\/a><\/td>\n<td><a href=\"https:\/\/u-pol.com\/fr\/cat-2-sds-fr-2\/\" target=\"_blank\" rel=\"noopener\">CAT\/2 SDS PDF<\/a><\/td>\n<\/tr>\n<tr>\n<td>CAT\/5<\/td>\n<td>Bouteille 50 ml<\/td>\n<td>Transparent<\/td>\n<td>6<\/td>\n<td><a href=\"https:\/\/u-pol.com\/fr\/cat-5-tds-fr-2\/\" target=\"_blank\" rel=\"noopener\">CAT\/5 TDS PDF<\/a><\/td>\n<td><a href=\"https:\/\/u-pol.com\/fr\/cat-5-sds-fr-2\/\" target=\"_blank\" rel=\"noopener\">CAT\/5 SDS PDF<\/a><\/td>\n<\/tr>\n<\/tbody>\n<\/table>\n<\/div>\n<\/div><\/div><\/div><\/div>\n","protected":false},"excerpt":{"rendered":"<p>Kit pour r\u00e9parer la plupart des mat\u00e9riaux comme fibre de verre, m\u00e9tal, bois, plastique dur et briques.<\/p>\n<ul>\n<li>Contenu du kit : r\u00e9sine, durcisseur liquide, matt de verre, godet de m\u00e9lange, gants et mode d\u2019emploi d\u00e9taill\u00e9<\/li>\n<li>Pon\u00e7age facile<\/li>\n<li>Application plus lisse<\/li>\n<li>Id\u00e9al pour de grandes r\u00e9parations<\/li>\n<\/ul>\n","protected":false},"featured_media":19013,"template":"","meta":[],"product_brand":[],"product_cat":[782,944],"product_tag":[],"class_list":{"0":"post-38508","1":"product","2":"type-product","3":"status-publish","4":"has-post-thumbnail","6":"product_cat-reparations-plastique","7":"product_cat-reparations-fibre-de-verre","9":"first","10":"instock","11":"downloadable","12":"virtual","13":"sold-individually","14":"product-type-simple"},"yoast_head":"<title>Plastikit Kit de R\u00e9paration Professionnel R\u00e9sine et Fibre de Verre - U-Pol<\/title>\n<meta name=\"description\" content=\"Kit pour r\u00e9parer la plupart des mat\u00e9riaux comme fibre de verre, m\u00e9tal, bois, plastique dur et briques.\" \/>\n<meta name=\"robots\" content=\"index, follow, max-snippet:-1, max-image-preview:large, max-video-preview:-1\" \/>\n<link rel=\"canonical\" href=\"https:\/\/u-pol.com\/fr\/product\/adhesifs-joints-et-reparations-plastiques\/reparations-plastique\/plastikit-kit-de-reparation-professionnel-resine-et-fibre-de-verre\/\" \/>\n<meta property=\"og:locale\" content=\"fr_FR\" \/>\n<meta property=\"og:type\" content=\"article\" \/>\n<meta property=\"og:title\" content=\"Plastikit Kit de R\u00e9paration Professionnel R\u00e9sine et Fibre de Verre - U-Pol\" \/>\n<meta property=\"og:description\" content=\"Kit pour r\u00e9parer la plupart des mat\u00e9riaux comme fibre de verre, m\u00e9tal, bois, plastique dur et briques.\" \/>\n<meta property=\"og:url\" content=\"https:\/\/u-pol.com\/fr\/product\/adhesifs-joints-et-reparations-plastiques\/reparations-plastique\/plastikit-kit-de-reparation-professionnel-resine-et-fibre-de-verre\/\" \/>\n<meta property=\"og:site_name\" content=\"U-Pol\" \/>\n<meta property=\"article:publisher\" content=\"https:\/\/www.facebook.com\/U-POL-UK-409641822803819\/\" \/>\n<meta property=\"article:modified_time\" content=\"2022-05-12T08:13:06+00:00\" \/>\n<meta property=\"og:image\" content=\"https:\/\/u-pol.com\/wp-content\/uploads\/PLASTIKIT-Professional-Resin-Glass-Fibre-Repair-Kit.jpg\" \/>\n\t<meta property=\"og:image:width\" content=\"500\" \/>\n\t<meta property=\"og:image:height\" content=\"500\" \/>\n\t<meta property=\"og:image:type\" content=\"image\/jpeg\" \/>\n<meta name=\"twitter:card\" content=\"summary_large_image\" \/>\n<meta name=\"twitter:site\" content=\"@UpolUK\" \/>\n<meta name=\"twitter:label1\" content=\"Dur\u00e9e de lecture estim\u00e9e\" \/>\n\t<meta name=\"twitter:data1\" content=\"3 minutes\" \/>\n<script type=\"application\/ld+json\" class=\"yoast-schema-graph\">{\"@context\":\"https:\/\/schema.org\",\"@graph\":[{\"@type\":\"WebPage\",\"@id\":\"https:\/\/u-pol.com\/fr\/product\/adhesifs-joints-et-reparations-plastiques\/reparations-plastique\/plastikit-kit-de-reparation-professionnel-resine-et-fibre-de-verre\/\",\"url\":\"https:\/\/u-pol.com\/fr\/product\/adhesifs-joints-et-reparations-plastiques\/reparations-plastique\/plastikit-kit-de-reparation-professionnel-resine-et-fibre-de-verre\/\",\"name\":\"Plastikit Kit de R\u00e9paration Professionnel R\u00e9sine et Fibre de Verre - U-Pol\",\"isPartOf\":{\"@id\":\"https:\/\/u-pol.com\/fr\/#website\"},\"primaryImageOfPage\":{\"@id\":\"https:\/\/u-pol.com\/fr\/product\/adhesifs-joints-et-reparations-plastiques\/reparations-plastique\/plastikit-kit-de-reparation-professionnel-resine-et-fibre-de-verre\/#primaryimage\"},\"image\":{\"@id\":\"https:\/\/u-pol.com\/fr\/product\/adhesifs-joints-et-reparations-plastiques\/reparations-plastique\/plastikit-kit-de-reparation-professionnel-resine-et-fibre-de-verre\/#primaryimage\"},\"thumbnailUrl\":\"https:\/\/u-pol.com\/wp-content\/uploads\/PLASTIKIT-Professional-Resin-Glass-Fibre-Repair-Kit.jpg\",\"datePublished\":\"2022-04-05T08:50:42+00:00\",\"dateModified\":\"2022-05-12T08:13:06+00:00\",\"description\":\"Kit pour r\u00e9parer la plupart des mat\u00e9riaux comme fibre de verre, m\u00e9tal, bois, plastique dur et briques.\",\"breadcrumb\":{\"@id\":\"https:\/\/u-pol.com\/fr\/product\/adhesifs-joints-et-reparations-plastiques\/reparations-plastique\/plastikit-kit-de-reparation-professionnel-resine-et-fibre-de-verre\/#breadcrumb\"},\"inLanguage\":\"fr-FR\",\"potentialAction\":[{\"@type\":\"ReadAction\",\"target\":[\"https:\/\/u-pol.com\/fr\/product\/adhesifs-joints-et-reparations-plastiques\/reparations-plastique\/plastikit-kit-de-reparation-professionnel-resine-et-fibre-de-verre\/\"]}]},{\"@type\":\"ImageObject\",\"inLanguage\":\"fr-FR\",\"@id\":\"https:\/\/u-pol.com\/fr\/product\/adhesifs-joints-et-reparations-plastiques\/reparations-plastique\/plastikit-kit-de-reparation-professionnel-resine-et-fibre-de-verre\/#primaryimage\",\"url\":\"https:\/\/u-pol.com\/wp-content\/uploads\/PLASTIKIT-Professional-Resin-Glass-Fibre-Repair-Kit.jpg\",\"contentUrl\":\"https:\/\/u-pol.com\/wp-content\/uploads\/PLASTIKIT-Professional-Resin-Glass-Fibre-Repair-Kit.jpg\",\"width\":500,\"height\":500,\"caption\":\"Plastikit Professional Resin &amp; Glass Fibre Repair Kit\"},{\"@type\":\"BreadcrumbList\",\"@id\":\"https:\/\/u-pol.com\/fr\/product\/adhesifs-joints-et-reparations-plastiques\/reparations-plastique\/plastikit-kit-de-reparation-professionnel-resine-et-fibre-de-verre\/#breadcrumb\",\"itemListElement\":[{\"@type\":\"ListItem\",\"position\":1,\"name\":\"Accueil\",\"item\":\"https:\/\/u-pol.com\/fr\/\"},{\"@type\":\"ListItem\",\"position\":2,\"name\":\"Shop\",\"item\":\"https:\/\/u-pol.com\/?page_id=235\"},{\"@type\":\"ListItem\",\"position\":3,\"name\":\"Plastikit Kit de R\u00e9paration Professionnel R\u00e9sine et Fibre de Verre\"}]},{\"@type\":\"WebSite\",\"@id\":\"https:\/\/u-pol.com\/fr\/#website\",\"url\":\"https:\/\/u-pol.com\/fr\/\",\"name\":\"U-Pol\",\"description\":\"\",\"publisher\":{\"@id\":\"https:\/\/u-pol.com\/fr\/#organization\"},\"potentialAction\":[{\"@type\":\"SearchAction\",\"target\":{\"@type\":\"EntryPoint\",\"urlTemplate\":\"https:\/\/u-pol.com\/fr\/?s={search_term_string}\"},\"query-input\":{\"@type\":\"PropertyValueSpecification\",\"valueRequired\":true,\"valueName\":\"search_term_string\"}}],\"inLanguage\":\"fr-FR\"},{\"@type\":\"Organization\",\"@id\":\"https:\/\/u-pol.com\/fr\/#organization\",\"name\":\"U-POL\",\"url\":\"https:\/\/u-pol.com\/fr\/\",\"logo\":{\"@type\":\"ImageObject\",\"inLanguage\":\"fr-FR\",\"@id\":\"https:\/\/u-pol.com\/fr\/#\/schema\/logo\/image\/\",\"url\":\"https:\/\/u-pol.com\/wp-content\/uploads\/UPOL-sticky-bLogo.png\",\"contentUrl\":\"https:\/\/u-pol.com\/wp-content\/uploads\/UPOL-sticky-bLogo.png\",\"width\":125,\"height\":75,\"caption\":\"U-POL\"},\"image\":{\"@id\":\"https:\/\/u-pol.com\/fr\/#\/schema\/logo\/image\/\"},\"sameAs\":[\"https:\/\/www.facebook.com\/U-POL-UK-409641822803819\/\",\"https:\/\/x.com\/UpolUK\"]}]}<\/script>","yoast_head_json":{"title":"Plastikit Kit de R\u00e9paration Professionnel R\u00e9sine et Fibre de Verre - U-Pol","description":"Kit pour r\u00e9parer la plupart des mat\u00e9riaux comme fibre de verre, m\u00e9tal, bois, plastique dur et briques.","robots":{"index":"index","follow":"follow","max-snippet":"max-snippet:-1","max-image-preview":"max-image-preview:large","max-video-preview":"max-video-preview:-1"},"canonical":"https:\/\/u-pol.com\/fr\/product\/adhesifs-joints-et-reparations-plastiques\/reparations-plastique\/plastikit-kit-de-reparation-professionnel-resine-et-fibre-de-verre\/","og_locale":"fr_FR","og_type":"article","og_title":"Plastikit Kit de R\u00e9paration Professionnel R\u00e9sine et Fibre de Verre - U-Pol","og_description":"Kit pour r\u00e9parer la plupart des mat\u00e9riaux comme fibre de verre, m\u00e9tal, bois, plastique dur et briques.","og_url":"https:\/\/u-pol.com\/fr\/product\/adhesifs-joints-et-reparations-plastiques\/reparations-plastique\/plastikit-kit-de-reparation-professionnel-resine-et-fibre-de-verre\/","og_site_name":"U-Pol","article_publisher":"https:\/\/www.facebook.com\/U-POL-UK-409641822803819\/","article_modified_time":"2022-05-12T08:13:06+00:00","og_image":[{"width":500,"height":500,"url":"https:\/\/u-pol.com\/wp-content\/uploads\/PLASTIKIT-Professional-Resin-Glass-Fibre-Repair-Kit.jpg","type":"image\/jpeg"}],"twitter_card":"summary_large_image","twitter_site":"@UpolUK","twitter_misc":{"Dur\u00e9e de lecture estim\u00e9e":"3 minutes"},"schema":{"@context":"https:\/\/schema.org","@graph":[{"@type":"WebPage","@id":"https:\/\/u-pol.com\/fr\/product\/adhesifs-joints-et-reparations-plastiques\/reparations-plastique\/plastikit-kit-de-reparation-professionnel-resine-et-fibre-de-verre\/","url":"https:\/\/u-pol.com\/fr\/product\/adhesifs-joints-et-reparations-plastiques\/reparations-plastique\/plastikit-kit-de-reparation-professionnel-resine-et-fibre-de-verre\/","name":"Plastikit Kit de R\u00e9paration Professionnel R\u00e9sine et Fibre de Verre - U-Pol","isPartOf":{"@id":"https:\/\/u-pol.com\/fr\/#website"},"primaryImageOfPage":{"@id":"https:\/\/u-pol.com\/fr\/product\/adhesifs-joints-et-reparations-plastiques\/reparations-plastique\/plastikit-kit-de-reparation-professionnel-resine-et-fibre-de-verre\/#primaryimage"},"image":{"@id":"https:\/\/u-pol.com\/fr\/product\/adhesifs-joints-et-reparations-plastiques\/reparations-plastique\/plastikit-kit-de-reparation-professionnel-resine-et-fibre-de-verre\/#primaryimage"},"thumbnailUrl":"https:\/\/u-pol.com\/wp-content\/uploads\/PLASTIKIT-Professional-Resin-Glass-Fibre-Repair-Kit.jpg","datePublished":"2022-04-05T08:50:42+00:00","dateModified":"2022-05-12T08:13:06+00:00","description":"Kit pour r\u00e9parer la plupart des mat\u00e9riaux comme fibre de verre, m\u00e9tal, bois, plastique dur et briques.","breadcrumb":{"@id":"https:\/\/u-pol.com\/fr\/product\/adhesifs-joints-et-reparations-plastiques\/reparations-plastique\/plastikit-kit-de-reparation-professionnel-resine-et-fibre-de-verre\/#breadcrumb"},"inLanguage":"fr-FR","potentialAction":[{"@type":"ReadAction","target":["https:\/\/u-pol.com\/fr\/product\/adhesifs-joints-et-reparations-plastiques\/reparations-plastique\/plastikit-kit-de-reparation-professionnel-resine-et-fibre-de-verre\/"]}]},{"@type":"ImageObject","inLanguage":"fr-FR","@id":"https:\/\/u-pol.com\/fr\/product\/adhesifs-joints-et-reparations-plastiques\/reparations-plastique\/plastikit-kit-de-reparation-professionnel-resine-et-fibre-de-verre\/#primaryimage","url":"https:\/\/u-pol.com\/wp-content\/uploads\/PLASTIKIT-Professional-Resin-Glass-Fibre-Repair-Kit.jpg","contentUrl":"https:\/\/u-pol.com\/wp-content\/uploads\/PLASTIKIT-Professional-Resin-Glass-Fibre-Repair-Kit.jpg","width":500,"height":500,"caption":"Plastikit Professional Resin &amp; Glass Fibre Repair Kit"},{"@type":"BreadcrumbList","@id":"https:\/\/u-pol.com\/fr\/product\/adhesifs-joints-et-reparations-plastiques\/reparations-plastique\/plastikit-kit-de-reparation-professionnel-resine-et-fibre-de-verre\/#breadcrumb","itemListElement":[{"@type":"ListItem","position":1,"name":"Accueil","item":"https:\/\/u-pol.com\/fr\/"},{"@type":"ListItem","position":2,"name":"Shop","item":"https:\/\/u-pol.com\/?page_id=235"},{"@type":"ListItem","position":3,"name":"Plastikit Kit de R\u00e9paration Professionnel R\u00e9sine et Fibre de Verre"}]},{"@type":"WebSite","@id":"https:\/\/u-pol.com\/fr\/#website","url":"https:\/\/u-pol.com\/fr\/","name":"U-Pol","description":"","publisher":{"@id":"https:\/\/u-pol.com\/fr\/#organization"},"potentialAction":[{"@type":"SearchAction","target":{"@type":"EntryPoint","urlTemplate":"https:\/\/u-pol.com\/fr\/?s={search_term_string}"},"query-input":{"@type":"PropertyValueSpecification","valueRequired":true,"valueName":"search_term_string"}}],"inLanguage":"fr-FR"},{"@type":"Organization","@id":"https:\/\/u-pol.com\/fr\/#organization","name":"U-POL","url":"https:\/\/u-pol.com\/fr\/","logo":{"@type":"ImageObject","inLanguage":"fr-FR","@id":"https:\/\/u-pol.com\/fr\/#\/schema\/logo\/image\/","url":"https:\/\/u-pol.com\/wp-content\/uploads\/UPOL-sticky-bLogo.png","contentUrl":"https:\/\/u-pol.com\/wp-content\/uploads\/UPOL-sticky-bLogo.png","width":125,"height":75,"caption":"U-POL"},"image":{"@id":"https:\/\/u-pol.com\/fr\/#\/schema\/logo\/image\/"},"sameAs":["https:\/\/www.facebook.com\/U-POL-UK-409641822803819\/","https:\/\/x.com\/UpolUK"]}]}},"_links":{"self":[{"href":"https:\/\/u-pol.com\/fr\/wp-json\/wp\/v2\/product\/38508","targetHints":{"allow":["GET"]}}],"collection":[{"href":"https:\/\/u-pol.com\/fr\/wp-json\/wp\/v2\/product"}],"about":[{"href":"https:\/\/u-pol.com\/fr\/wp-json\/wp\/v2\/types\/product"}],"wp:featuredmedia":[{"embeddable":true,"href":"https:\/\/u-pol.com\/fr\/wp-json\/wp\/v2\/media\/19013"}],"wp:attachment":[{"href":"https:\/\/u-pol.com\/fr\/wp-json\/wp\/v2\/media?parent=38508"}],"wp:term":[{"taxonomy":"product_brand","embeddable":true,"href":"https:\/\/u-pol.com\/fr\/wp-json\/wp\/v2\/product_brand?post=38508"},{"taxonomy":"product_cat","embeddable":true,"href":"https:\/\/u-pol.com\/fr\/wp-json\/wp\/v2\/product_cat?post=38508"},{"taxonomy":"product_tag","embeddable":true,"href":"https:\/\/u-pol.com\/fr\/wp-json\/wp\/v2\/product_tag?post=38508"}],"curies":[{"name":"wp","href":"https:\/\/api.w.org\/{rel}","templated":true}]}}