{"id":38523,"date":"2022-04-05T09:12:27","date_gmt":"2022-04-05T09:12:27","guid":{"rendered":"https:\/\/upol.darkgrey.eu\/product\/non%20class\u00e9\/tiger-seal-joints-adhesifs-polyurethane\/"},"modified":"2025-08-12T13:01:51","modified_gmt":"2025-08-12T13:01:51","slug":"tiger-seal-joints-adhesifs-polyurethane","status":"publish","type":"product","link":"https:\/\/u-pol.com\/fr\/product\/adhesifs-joints-et-reparations-plastiques\/adhesifs-et-joints\/tiger-seal-joints-adhesifs-polyurethane\/","title":{"rendered":"Tiger Seal Joints Adh\u00e9sifs Polyur\u00e9thane"},"content":{"rendered":"<div class=\"fusion-fullwidth fullwidth-box fusion-builder-row-1 fusion-flex-container nonhundred-percent-fullwidth non-hundred-percent-height-scrolling\" style=\"--awb-border-radius-top-left:0px;--awb-border-radius-top-right:0px;--awb-border-radius-bottom-right:0px;--awb-border-radius-bottom-left:0px;--awb-margin-top:20px;--awb-flex-wrap:wrap;\" ><div class=\"fusion-builder-row fusion-row fusion-flex-align-items-flex-start fusion-flex-content-wrap\" style=\"max-width:1203.6px;margin-left: calc(-2% \/ 2 );margin-right: calc(-2% \/ 2 );\"><div class=\"fusion-layout-column fusion_builder_column fusion-builder-column-0 fusion_builder_column_1_1 1_1 fusion-flex-column\" style=\"--awb-bg-size:cover;--awb-width-large:100%;--awb-margin-top-large:0px;--awb-spacing-right-large:0.98%;--awb-margin-bottom-large:20px;--awb-spacing-left-large:0.98%;--awb-width-medium:100%;--awb-order-medium:0;--awb-spacing-right-medium:0.98%;--awb-spacing-left-medium:0.98%;--awb-width-small:100%;--awb-order-small:0;--awb-spacing-right-small:0.98%;--awb-spacing-left-small:0.98%;\"><div class=\"fusion-column-wrapper fusion-column-has-shadow fusion-flex-justify-content-flex-start fusion-content-layout-column\">\n<div class=\"table-1\">\n<table width=\"100%\">\n<thead>\n<tr>\n<th align=\"left\">R\u00e9f\u00e9rence<\/th>\n<th align=\"left\">Format<\/th>\n<th align=\"left\">Couleur<\/th>\n<th align=\"left\">Par Carton<\/th>\n<th align=\"left\">Voir la Fiche Technique<\/th>\n<th align=\"left\">Voir la Fiche de S\u00e9curit\u00e9<\/th>\n<\/tr>\n<\/thead>\n<tbody>\n<tr>\n<td align=\"left\">TIG\/NB<\/td>\n<td align=\"left\">Cartouche 310 ml<\/td>\n<td align=\"left\">Noir<\/td>\n<td align=\"left\">12<\/td>\n<td align=\"left\"><a href=\"https:\/\/u-pol.com\/fr\/video\/tig-nb-tds-fr\/tig-nb-tds-fr\/\" target=\"_blank\" rel=\"noopener\">TIG\/NB TDS<\/a><\/td>\n<td align=\"left\"><a href=\"https:\/\/use-qa-inf-apiacs.azure-api.net\/publishedsds\/item\/27040\" target=\"_blank\" rel=\"noopener\">TIG\/NB SDS<\/a><\/td>\n<\/tr>\n<tr>\n<td align=\"left\">TIG\/GG<\/td>\n<td align=\"left\">Cartouche 310 ml<\/td>\n<td align=\"left\">Gris<\/td>\n<td align=\"left\">12<\/td>\n<td align=\"left\"><a href=\"https:\/\/u-pol.com\/fr\/video\/tig-gg-tds-fr\/tig-gg-tds-fr\/\" target=\"_blank\" rel=\"noopener\">TIG\/GG TDS<\/a><\/td>\n<td align=\"left\"><a href=\"https:\/\/use-qa-inf-apiacs.azure-api.net\/publishedsds\/item\/26997\" target=\"_blank\" rel=\"noopener\">TIG\/GG SDS<\/a><\/td>\n<\/tr>\n<tr>\n<td align=\"left\">TIG\/BW<\/td>\n<td align=\"left\">Cartouche 310 ml<\/td>\n<td align=\"left\">Blanc<\/td>\n<td align=\"left\">12<\/td>\n<td align=\"left\"><a href=\"https:\/\/u-pol.com\/fr\/video\/tig-bw-tds-fr\/tig-bw-tds-fr\/\" target=\"_blank\" rel=\"noopener\">TIG\/BW TDS<\/a><\/td>\n<td align=\"left\"><a href=\"https:\/\/use-qa-inf-apiacs.azure-api.net\/publishedsds\/item\/27039\" target=\"_blank\" rel=\"noopener\">TIG\/BW SDS<\/a><\/td>\n<\/tr>\n<\/tbody>\n<\/table>\n<\/div>\n<\/div><\/div><\/div><\/div>\n","protected":false},"excerpt":{"rendered":"<h3>TIGER SEAL<\/h3>\n<p>Un joint adh\u00e9sif polyur\u00e9thane mono-composant pr\u00eat-\u00e0-l\u2019emploi. Jointure permanente sur la plupart des mat\u00e9riaux (acier, aluminium, plastiques, \u2026).<\/p>\n<ul>\n<li>Sans retrait et flexibilit\u00e9 permanente (\u00e9tanch\u00e9it\u00e9 pare-brises, phares, \u2026)<\/li>\n<li>Repeignable<\/li>\n<li>Joint polyur\u00e9thane homologu\u00e9 avec notre rev\u00eatement RAPTOR<\/li>\n<\/ul>\n","protected":false},"featured_media":19001,"template":"","meta":[],"product_brand":[],"product_cat":[780,781],"product_tag":[814],"class_list":{"0":"post-38523","1":"product","2":"type-product","3":"status-publish","4":"has-post-thumbnail","6":"product_cat-adhesifs-joints-et-reparations-plastiques","7":"product_cat-adhesifs-et-joints","8":"product_tag-tiger-seal-fr","10":"first","11":"instock","12":"downloadable","13":"virtual","14":"sold-individually","15":"product-type-simple"},"yoast_head":"<title>Tiger Seal Joints Adh\u00e9sifs Polyur\u00e9thane - U-Pol<\/title>\n<meta name=\"description\" content=\"Un joint adh\u00e9sif polyur\u00e9thane mono-composant pr\u00eat-\u00e0-l\u2019emploi. Jointure permanente sur la plupart des mat\u00e9riaux (acier, aluminium, plastiques, \u2026).\" \/>\n<meta name=\"robots\" content=\"index, follow, max-snippet:-1, max-image-preview:large, max-video-preview:-1\" \/>\n<link rel=\"canonical\" href=\"https:\/\/u-pol.com\/fr\/product\/adhesifs-joints-et-reparations-plastiques\/adhesifs-et-joints\/tiger-seal-joints-adhesifs-polyurethane\/\" \/>\n<meta property=\"og:locale\" content=\"fr_FR\" \/>\n<meta property=\"og:type\" content=\"article\" \/>\n<meta property=\"og:title\" content=\"Tiger Seal Joints Adh\u00e9sifs Polyur\u00e9thane - U-Pol\" \/>\n<meta property=\"og:description\" content=\"Un joint adh\u00e9sif polyur\u00e9thane mono-composant pr\u00eat-\u00e0-l\u2019emploi. Jointure permanente sur la plupart des mat\u00e9riaux (acier, aluminium, plastiques, \u2026).\" \/>\n<meta property=\"og:url\" content=\"https:\/\/u-pol.com\/fr\/product\/adhesifs-joints-et-reparations-plastiques\/adhesifs-et-joints\/tiger-seal-joints-adhesifs-polyurethane\/\" \/>\n<meta property=\"og:site_name\" content=\"U-Pol\" \/>\n<meta property=\"article:publisher\" content=\"https:\/\/www.facebook.com\/U-POL-UK-409641822803819\/\" \/>\n<meta property=\"article:modified_time\" content=\"2025-08-12T13:01:51+00:00\" \/>\n<meta property=\"og:image\" content=\"https:\/\/u-pol.com\/wp-content\/uploads\/TIGC-Tiger-Seal-Polyurethane-Sealant-And-Adhesive.jpg\" \/>\n\t<meta property=\"og:image:width\" content=\"500\" \/>\n\t<meta property=\"og:image:height\" content=\"500\" \/>\n\t<meta property=\"og:image:type\" content=\"image\/jpeg\" \/>\n<meta name=\"twitter:card\" content=\"summary_large_image\" \/>\n<meta name=\"twitter:site\" content=\"@UpolUK\" \/>\n<meta name=\"twitter:label1\" content=\"Dur\u00e9e de lecture estim\u00e9e\" \/>\n\t<meta name=\"twitter:data1\" content=\"3 minutes\" \/>\n<script type=\"application\/ld+json\" class=\"yoast-schema-graph\">{\"@context\":\"https:\/\/schema.org\",\"@graph\":[{\"@type\":\"WebPage\",\"@id\":\"https:\/\/u-pol.com\/fr\/product\/adhesifs-joints-et-reparations-plastiques\/adhesifs-et-joints\/tiger-seal-joints-adhesifs-polyurethane\/\",\"url\":\"https:\/\/u-pol.com\/fr\/product\/adhesifs-joints-et-reparations-plastiques\/adhesifs-et-joints\/tiger-seal-joints-adhesifs-polyurethane\/\",\"name\":\"Tiger Seal Joints Adh\u00e9sifs Polyur\u00e9thane - U-Pol\",\"isPartOf\":{\"@id\":\"https:\/\/u-pol.com\/fr\/#website\"},\"primaryImageOfPage\":{\"@id\":\"https:\/\/u-pol.com\/fr\/product\/adhesifs-joints-et-reparations-plastiques\/adhesifs-et-joints\/tiger-seal-joints-adhesifs-polyurethane\/#primaryimage\"},\"image\":{\"@id\":\"https:\/\/u-pol.com\/fr\/product\/adhesifs-joints-et-reparations-plastiques\/adhesifs-et-joints\/tiger-seal-joints-adhesifs-polyurethane\/#primaryimage\"},\"thumbnailUrl\":\"https:\/\/u-pol.com\/wp-content\/uploads\/TIGC-Tiger-Seal-Polyurethane-Sealant-And-Adhesive.jpg\",\"datePublished\":\"2022-04-05T09:12:27+00:00\",\"dateModified\":\"2025-08-12T13:01:51+00:00\",\"description\":\"Un joint adh\u00e9sif polyur\u00e9thane mono-composant pr\u00eat-\u00e0-l\u2019emploi. Jointure permanente sur la plupart des mat\u00e9riaux (acier, aluminium, plastiques, \u2026).\",\"breadcrumb\":{\"@id\":\"https:\/\/u-pol.com\/fr\/product\/adhesifs-joints-et-reparations-plastiques\/adhesifs-et-joints\/tiger-seal-joints-adhesifs-polyurethane\/#breadcrumb\"},\"inLanguage\":\"fr-FR\",\"potentialAction\":[{\"@type\":\"ReadAction\",\"target\":[\"https:\/\/u-pol.com\/fr\/product\/adhesifs-joints-et-reparations-plastiques\/adhesifs-et-joints\/tiger-seal-joints-adhesifs-polyurethane\/\"]}]},{\"@type\":\"ImageObject\",\"inLanguage\":\"fr-FR\",\"@id\":\"https:\/\/u-pol.com\/fr\/product\/adhesifs-joints-et-reparations-plastiques\/adhesifs-et-joints\/tiger-seal-joints-adhesifs-polyurethane\/#primaryimage\",\"url\":\"https:\/\/u-pol.com\/wp-content\/uploads\/TIGC-Tiger-Seal-Polyurethane-Sealant-And-Adhesive.jpg\",\"contentUrl\":\"https:\/\/u-pol.com\/wp-content\/uploads\/TIGC-Tiger-Seal-Polyurethane-Sealant-And-Adhesive.jpg\",\"width\":500,\"height\":500,\"caption\":\"Tiger Seal Polyurethane Sealant and Adhesive\"},{\"@type\":\"BreadcrumbList\",\"@id\":\"https:\/\/u-pol.com\/fr\/product\/adhesifs-joints-et-reparations-plastiques\/adhesifs-et-joints\/tiger-seal-joints-adhesifs-polyurethane\/#breadcrumb\",\"itemListElement\":[{\"@type\":\"ListItem\",\"position\":1,\"name\":\"Accueil\",\"item\":\"https:\/\/u-pol.com\/fr\/\"},{\"@type\":\"ListItem\",\"position\":2,\"name\":\"Shop\",\"item\":\"https:\/\/u-pol.com\/?page_id=235\"},{\"@type\":\"ListItem\",\"position\":3,\"name\":\"Tiger Seal Joints Adh\u00e9sifs Polyur\u00e9thane\"}]},{\"@type\":\"WebSite\",\"@id\":\"https:\/\/u-pol.com\/fr\/#website\",\"url\":\"https:\/\/u-pol.com\/fr\/\",\"name\":\"U-Pol\",\"description\":\"\",\"publisher\":{\"@id\":\"https:\/\/u-pol.com\/fr\/#organization\"},\"potentialAction\":[{\"@type\":\"SearchAction\",\"target\":{\"@type\":\"EntryPoint\",\"urlTemplate\":\"https:\/\/u-pol.com\/fr\/?s={search_term_string}\"},\"query-input\":{\"@type\":\"PropertyValueSpecification\",\"valueRequired\":true,\"valueName\":\"search_term_string\"}}],\"inLanguage\":\"fr-FR\"},{\"@type\":\"Organization\",\"@id\":\"https:\/\/u-pol.com\/fr\/#organization\",\"name\":\"U-POL\",\"url\":\"https:\/\/u-pol.com\/fr\/\",\"logo\":{\"@type\":\"ImageObject\",\"inLanguage\":\"fr-FR\",\"@id\":\"https:\/\/u-pol.com\/fr\/#\/schema\/logo\/image\/\",\"url\":\"https:\/\/u-pol.com\/wp-content\/uploads\/UPOL-sticky-bLogo.png\",\"contentUrl\":\"https:\/\/u-pol.com\/wp-content\/uploads\/UPOL-sticky-bLogo.png\",\"width\":125,\"height\":75,\"caption\":\"U-POL\"},\"image\":{\"@id\":\"https:\/\/u-pol.com\/fr\/#\/schema\/logo\/image\/\"},\"sameAs\":[\"https:\/\/www.facebook.com\/U-POL-UK-409641822803819\/\",\"https:\/\/x.com\/UpolUK\"]}]}<\/script>","yoast_head_json":{"title":"Tiger Seal Joints Adh\u00e9sifs Polyur\u00e9thane - U-Pol","description":"Un joint adh\u00e9sif polyur\u00e9thane mono-composant pr\u00eat-\u00e0-l\u2019emploi. Jointure permanente sur la plupart des mat\u00e9riaux (acier, aluminium, plastiques, \u2026).","robots":{"index":"index","follow":"follow","max-snippet":"max-snippet:-1","max-image-preview":"max-image-preview:large","max-video-preview":"max-video-preview:-1"},"canonical":"https:\/\/u-pol.com\/fr\/product\/adhesifs-joints-et-reparations-plastiques\/adhesifs-et-joints\/tiger-seal-joints-adhesifs-polyurethane\/","og_locale":"fr_FR","og_type":"article","og_title":"Tiger Seal Joints Adh\u00e9sifs Polyur\u00e9thane - U-Pol","og_description":"Un joint adh\u00e9sif polyur\u00e9thane mono-composant pr\u00eat-\u00e0-l\u2019emploi. Jointure permanente sur la plupart des mat\u00e9riaux (acier, aluminium, plastiques, \u2026).","og_url":"https:\/\/u-pol.com\/fr\/product\/adhesifs-joints-et-reparations-plastiques\/adhesifs-et-joints\/tiger-seal-joints-adhesifs-polyurethane\/","og_site_name":"U-Pol","article_publisher":"https:\/\/www.facebook.com\/U-POL-UK-409641822803819\/","article_modified_time":"2025-08-12T13:01:51+00:00","og_image":[{"width":500,"height":500,"url":"https:\/\/u-pol.com\/wp-content\/uploads\/TIGC-Tiger-Seal-Polyurethane-Sealant-And-Adhesive.jpg","type":"image\/jpeg"}],"twitter_card":"summary_large_image","twitter_site":"@UpolUK","twitter_misc":{"Dur\u00e9e de lecture estim\u00e9e":"3 minutes"},"schema":{"@context":"https:\/\/schema.org","@graph":[{"@type":"WebPage","@id":"https:\/\/u-pol.com\/fr\/product\/adhesifs-joints-et-reparations-plastiques\/adhesifs-et-joints\/tiger-seal-joints-adhesifs-polyurethane\/","url":"https:\/\/u-pol.com\/fr\/product\/adhesifs-joints-et-reparations-plastiques\/adhesifs-et-joints\/tiger-seal-joints-adhesifs-polyurethane\/","name":"Tiger Seal Joints Adh\u00e9sifs Polyur\u00e9thane - U-Pol","isPartOf":{"@id":"https:\/\/u-pol.com\/fr\/#website"},"primaryImageOfPage":{"@id":"https:\/\/u-pol.com\/fr\/product\/adhesifs-joints-et-reparations-plastiques\/adhesifs-et-joints\/tiger-seal-joints-adhesifs-polyurethane\/#primaryimage"},"image":{"@id":"https:\/\/u-pol.com\/fr\/product\/adhesifs-joints-et-reparations-plastiques\/adhesifs-et-joints\/tiger-seal-joints-adhesifs-polyurethane\/#primaryimage"},"thumbnailUrl":"https:\/\/u-pol.com\/wp-content\/uploads\/TIGC-Tiger-Seal-Polyurethane-Sealant-And-Adhesive.jpg","datePublished":"2022-04-05T09:12:27+00:00","dateModified":"2025-08-12T13:01:51+00:00","description":"Un joint adh\u00e9sif polyur\u00e9thane mono-composant pr\u00eat-\u00e0-l\u2019emploi. Jointure permanente sur la plupart des mat\u00e9riaux (acier, aluminium, plastiques, \u2026).","breadcrumb":{"@id":"https:\/\/u-pol.com\/fr\/product\/adhesifs-joints-et-reparations-plastiques\/adhesifs-et-joints\/tiger-seal-joints-adhesifs-polyurethane\/#breadcrumb"},"inLanguage":"fr-FR","potentialAction":[{"@type":"ReadAction","target":["https:\/\/u-pol.com\/fr\/product\/adhesifs-joints-et-reparations-plastiques\/adhesifs-et-joints\/tiger-seal-joints-adhesifs-polyurethane\/"]}]},{"@type":"ImageObject","inLanguage":"fr-FR","@id":"https:\/\/u-pol.com\/fr\/product\/adhesifs-joints-et-reparations-plastiques\/adhesifs-et-joints\/tiger-seal-joints-adhesifs-polyurethane\/#primaryimage","url":"https:\/\/u-pol.com\/wp-content\/uploads\/TIGC-Tiger-Seal-Polyurethane-Sealant-And-Adhesive.jpg","contentUrl":"https:\/\/u-pol.com\/wp-content\/uploads\/TIGC-Tiger-Seal-Polyurethane-Sealant-And-Adhesive.jpg","width":500,"height":500,"caption":"Tiger Seal Polyurethane Sealant and Adhesive"},{"@type":"BreadcrumbList","@id":"https:\/\/u-pol.com\/fr\/product\/adhesifs-joints-et-reparations-plastiques\/adhesifs-et-joints\/tiger-seal-joints-adhesifs-polyurethane\/#breadcrumb","itemListElement":[{"@type":"ListItem","position":1,"name":"Accueil","item":"https:\/\/u-pol.com\/fr\/"},{"@type":"ListItem","position":2,"name":"Shop","item":"https:\/\/u-pol.com\/?page_id=235"},{"@type":"ListItem","position":3,"name":"Tiger Seal Joints Adh\u00e9sifs Polyur\u00e9thane"}]},{"@type":"WebSite","@id":"https:\/\/u-pol.com\/fr\/#website","url":"https:\/\/u-pol.com\/fr\/","name":"U-Pol","description":"","publisher":{"@id":"https:\/\/u-pol.com\/fr\/#organization"},"potentialAction":[{"@type":"SearchAction","target":{"@type":"EntryPoint","urlTemplate":"https:\/\/u-pol.com\/fr\/?s={search_term_string}"},"query-input":{"@type":"PropertyValueSpecification","valueRequired":true,"valueName":"search_term_string"}}],"inLanguage":"fr-FR"},{"@type":"Organization","@id":"https:\/\/u-pol.com\/fr\/#organization","name":"U-POL","url":"https:\/\/u-pol.com\/fr\/","logo":{"@type":"ImageObject","inLanguage":"fr-FR","@id":"https:\/\/u-pol.com\/fr\/#\/schema\/logo\/image\/","url":"https:\/\/u-pol.com\/wp-content\/uploads\/UPOL-sticky-bLogo.png","contentUrl":"https:\/\/u-pol.com\/wp-content\/uploads\/UPOL-sticky-bLogo.png","width":125,"height":75,"caption":"U-POL"},"image":{"@id":"https:\/\/u-pol.com\/fr\/#\/schema\/logo\/image\/"},"sameAs":["https:\/\/www.facebook.com\/U-POL-UK-409641822803819\/","https:\/\/x.com\/UpolUK"]}]}},"_links":{"self":[{"href":"https:\/\/u-pol.com\/fr\/wp-json\/wp\/v2\/product\/38523","targetHints":{"allow":["GET"]}}],"collection":[{"href":"https:\/\/u-pol.com\/fr\/wp-json\/wp\/v2\/product"}],"about":[{"href":"https:\/\/u-pol.com\/fr\/wp-json\/wp\/v2\/types\/product"}],"wp:featuredmedia":[{"embeddable":true,"href":"https:\/\/u-pol.com\/fr\/wp-json\/wp\/v2\/media\/19001"}],"wp:attachment":[{"href":"https:\/\/u-pol.com\/fr\/wp-json\/wp\/v2\/media?parent=38523"}],"wp:term":[{"taxonomy":"product_brand","embeddable":true,"href":"https:\/\/u-pol.com\/fr\/wp-json\/wp\/v2\/product_brand?post=38523"},{"taxonomy":"product_cat","embeddable":true,"href":"https:\/\/u-pol.com\/fr\/wp-json\/wp\/v2\/product_cat?post=38523"},{"taxonomy":"product_tag","embeddable":true,"href":"https:\/\/u-pol.com\/fr\/wp-json\/wp\/v2\/product_tag?post=38523"}],"curies":[{"name":"wp","href":"https:\/\/api.w.org\/{rel}","templated":true}]}}