{"id":81442,"date":"2022-05-10T12:06:46","date_gmt":"2022-05-10T12:06:46","guid":{"rendered":"https:\/\/u-pol.com\/product\/uncategorized\/extra-soft-medium-fill-filler-extra-easy-to-sand\/"},"modified":"2023-05-22T15:16:58","modified_gmt":"2023-05-22T15:16:58","slug":"extra-soft-medium-fill-filler-extra-easy-to-sand","status":"publish","type":"product","link":"https:\/\/u-pol.com\/sv\/product\/fillers-sv\/multi-use-fillers-sv\/extra-soft-medium-fill-filler-extra-easy-to-sand\/","title":{"rendered":"Extra Soft Medium Fill Filler Extra Easy to Sand"},"content":{"rendered":"<div class=\"fusion-fullwidth fullwidth-box fusion-builder-row-1 fusion-flex-container nonhundred-percent-fullwidth non-hundred-percent-height-scrolling\" style=\"--awb-border-radius-top-left:0px;--awb-border-radius-top-right:0px;--awb-border-radius-bottom-right:0px;--awb-border-radius-bottom-left:0px;--awb-flex-wrap:wrap;\" ><div class=\"fusion-builder-row fusion-row fusion-flex-align-items-flex-start fusion-flex-content-wrap\" style=\"max-width:1203.6px;margin-left: calc(-2% \/ 2 );margin-right: calc(-2% \/ 2 );\"><div class=\"fusion-layout-column fusion_builder_column fusion-builder-column-0 fusion_builder_column_1_1 1_1 fusion-flex-column\" style=\"--awb-bg-size:cover;--awb-width-large:100%;--awb-margin-top-large:20px;--awb-spacing-right-large:0.98%;--awb-margin-bottom-large:20px;--awb-spacing-left-large:0.98%;--awb-width-medium:100%;--awb-order-medium:0;--awb-spacing-right-medium:0.98%;--awb-spacing-left-medium:0.98%;--awb-width-small:100%;--awb-order-small:0;--awb-spacing-right-small:0.98%;--awb-spacing-left-small:0.98%;\"><div class=\"fusion-column-wrapper fusion-column-has-shadow fusion-flex-justify-content-flex-start fusion-content-layout-column\">\n<div class=\"table-1\">\n<table width=\"100%\">\n<thead>\n<tr>\n<th align=\"left\">Code<\/th>\n<th align=\"left\">Size\/Pack<\/th>\n<th align=\"left\">Color<\/th>\n<th align=\"left\">Ctn<\/th>\n<th align=\"left\">Technical Data Sheet<\/th>\n<th align=\"left\">Safety Data Sheet<\/th>\n<\/tr>\n<\/thead>\n<tbody>\n<tr>\n<td align=\"left\">EXSOF\/1<\/td>\n<td align=\"left\">Box 1760g<\/td>\n<td align=\"left\">Light Yellow<\/td>\n<td align=\"left\">8<\/td>\n<td align=\"left\"><a href=\"https:\/\/u-pol.com\/fr\/video\/exsof-1-tds-fr\/exsof-1-tds-fr\/\" target=\"_blank\" rel=\"noopener\">EXSOF\/1 TDS<\/a><\/td>\n<td align=\"left\"><a href=\"https:\/\/u-pol.com\/fr\/video\/exsof-1-sds-fr\/exsof-1-sds-fr\/\" target=\"_blank\" rel=\"noopener\">EXSOF\/1 SDS<\/a><\/td>\n<\/tr>\n<\/tbody>\n<\/table>\n<\/div>\n<\/div><\/div><\/div><\/div>\n","protected":false},"excerpt":{"rendered":"<p>The easiest U-POL filler to sand, ideal for filling, finishing and shaping medium to deep damage. This sealant offers excellent adhesion to many surfaces, is easy to apply and is ideal for most paint systems.<\/p>\n<ul>\n<li>The easiest filler to sand<\/li>\n<li>Excellent adhesion to many surfaces<\/li>\n<li>Ideal for filling, finishing and shaping medium to deep damage<\/li>\n<li>Good holding<\/li>\n<li>Easy to apply and spread<\/li>\n<\/ul>\n","protected":false},"featured_media":59686,"template":"","meta":[],"product_brand":[],"product_cat":[1156,1158],"product_tag":[],"class_list":{"0":"post-81442","1":"product","2":"type-product","3":"status-publish","4":"has-post-thumbnail","6":"product_cat-fillers-sv","7":"product_cat-multi-use-fillers-sv","9":"first","10":"instock","11":"downloadable","12":"virtual","13":"product-type-simple"},"yoast_head":"<title>Extra Soft Medium Fill Filler Extra Easy to Sand - U-Pol<\/title>\n<meta name=\"description\" content=\"The easiest U-POL filler to sand, ideal for filling, finishing and shaping medium to deep damage.\" \/>\n<meta name=\"robots\" content=\"index, follow, max-snippet:-1, max-image-preview:large, max-video-preview:-1\" \/>\n<link rel=\"canonical\" href=\"https:\/\/u-pol.com\/sv\/product\/fillers-sv\/multi-use-fillers-sv\/extra-soft-medium-fill-filler-extra-easy-to-sand\/\" \/>\n<meta property=\"og:locale\" content=\"en_US\" \/>\n<meta property=\"og:type\" content=\"article\" \/>\n<meta property=\"og:title\" content=\"Extra Soft Medium Fill Filler Extra Easy to Sand - U-Pol\" \/>\n<meta property=\"og:description\" content=\"The easiest U-POL filler to sand, ideal for filling, finishing and shaping medium to deep damage.\" \/>\n<meta property=\"og:url\" content=\"https:\/\/u-pol.com\/sv\/product\/fillers-sv\/multi-use-fillers-sv\/extra-soft-medium-fill-filler-extra-easy-to-sand\/\" \/>\n<meta property=\"og:site_name\" content=\"U-Pol\" \/>\n<meta property=\"article:publisher\" content=\"https:\/\/www.facebook.com\/U-POL-UK-409641822803819\/\" \/>\n<meta property=\"article:modified_time\" content=\"2023-05-22T15:16:58+00:00\" \/>\n<meta property=\"og:image\" content=\"https:\/\/u-pol.com\/wp-content\/uploads\/Mastic-a-Charge-Medium-Extrement-Facile-a-Poncer-Extra-Soft.jpg\" \/>\n\t<meta property=\"og:image:width\" content=\"500\" \/>\n\t<meta property=\"og:image:height\" content=\"500\" \/>\n\t<meta property=\"og:image:type\" content=\"image\/jpeg\" \/>\n<meta name=\"twitter:card\" content=\"summary_large_image\" \/>\n<meta name=\"twitter:site\" content=\"@UpolUK\" \/>\n<meta name=\"twitter:label1\" content=\"Est. reading time\" \/>\n\t<meta name=\"twitter:data1\" content=\"3 minutes\" \/>\n<script type=\"application\/ld+json\" class=\"yoast-schema-graph\">{\"@context\":\"https:\/\/schema.org\",\"@graph\":[{\"@type\":\"WebPage\",\"@id\":\"https:\/\/u-pol.com\/sv\/product\/fillers-sv\/multi-use-fillers-sv\/extra-soft-medium-fill-filler-extra-easy-to-sand\/\",\"url\":\"https:\/\/u-pol.com\/sv\/product\/fillers-sv\/multi-use-fillers-sv\/extra-soft-medium-fill-filler-extra-easy-to-sand\/\",\"name\":\"Extra Soft Medium Fill Filler Extra Easy to Sand - U-Pol\",\"isPartOf\":{\"@id\":\"https:\/\/u-pol.com\/sv\/#website\"},\"primaryImageOfPage\":{\"@id\":\"https:\/\/u-pol.com\/sv\/product\/fillers-sv\/multi-use-fillers-sv\/extra-soft-medium-fill-filler-extra-easy-to-sand\/#primaryimage\"},\"image\":{\"@id\":\"https:\/\/u-pol.com\/sv\/product\/fillers-sv\/multi-use-fillers-sv\/extra-soft-medium-fill-filler-extra-easy-to-sand\/#primaryimage\"},\"thumbnailUrl\":\"https:\/\/u-pol.com\/wp-content\/uploads\/Mastic-a-Charge-Medium-Extrement-Facile-a-Poncer-Extra-Soft.jpg\",\"datePublished\":\"2022-05-10T12:06:46+00:00\",\"dateModified\":\"2023-05-22T15:16:58+00:00\",\"description\":\"The easiest U-POL filler to sand, ideal for filling, finishing and shaping medium to deep damage.\",\"breadcrumb\":{\"@id\":\"https:\/\/u-pol.com\/sv\/product\/fillers-sv\/multi-use-fillers-sv\/extra-soft-medium-fill-filler-extra-easy-to-sand\/#breadcrumb\"},\"inLanguage\":\"en-SE\",\"potentialAction\":[{\"@type\":\"ReadAction\",\"target\":[\"https:\/\/u-pol.com\/sv\/product\/fillers-sv\/multi-use-fillers-sv\/extra-soft-medium-fill-filler-extra-easy-to-sand\/\"]}]},{\"@type\":\"ImageObject\",\"inLanguage\":\"en-SE\",\"@id\":\"https:\/\/u-pol.com\/sv\/product\/fillers-sv\/multi-use-fillers-sv\/extra-soft-medium-fill-filler-extra-easy-to-sand\/#primaryimage\",\"url\":\"https:\/\/u-pol.com\/wp-content\/uploads\/Mastic-a-Charge-Medium-Extrement-Facile-a-Poncer-Extra-Soft.jpg\",\"contentUrl\":\"https:\/\/u-pol.com\/wp-content\/uploads\/Mastic-a-Charge-Medium-Extrement-Facile-a-Poncer-Extra-Soft.jpg\",\"width\":500,\"height\":500,\"caption\":\"Mastic \u00e0 Charge Medium Extr\u00e8ment Facile \u00e0 Poncer Extra Soft\"},{\"@type\":\"BreadcrumbList\",\"@id\":\"https:\/\/u-pol.com\/sv\/product\/fillers-sv\/multi-use-fillers-sv\/extra-soft-medium-fill-filler-extra-easy-to-sand\/#breadcrumb\",\"itemListElement\":[{\"@type\":\"ListItem\",\"position\":1,\"name\":\"Home\",\"item\":\"https:\/\/u-pol.com\/sv\/\"},{\"@type\":\"ListItem\",\"position\":2,\"name\":\"Shop\",\"item\":\"https:\/\/u-pol.com\/?page_id=235\"},{\"@type\":\"ListItem\",\"position\":3,\"name\":\"Extra Soft Medium Fill Filler Extra Easy to Sand\"}]},{\"@type\":\"WebSite\",\"@id\":\"https:\/\/u-pol.com\/sv\/#website\",\"url\":\"https:\/\/u-pol.com\/sv\/\",\"name\":\"U-Pol\",\"description\":\"\",\"publisher\":{\"@id\":\"https:\/\/u-pol.com\/sv\/#organization\"},\"potentialAction\":[{\"@type\":\"SearchAction\",\"target\":{\"@type\":\"EntryPoint\",\"urlTemplate\":\"https:\/\/u-pol.com\/sv\/?s={search_term_string}\"},\"query-input\":{\"@type\":\"PropertyValueSpecification\",\"valueRequired\":true,\"valueName\":\"search_term_string\"}}],\"inLanguage\":\"en-SE\"},{\"@type\":\"Organization\",\"@id\":\"https:\/\/u-pol.com\/sv\/#organization\",\"name\":\"U-POL\",\"url\":\"https:\/\/u-pol.com\/sv\/\",\"logo\":{\"@type\":\"ImageObject\",\"inLanguage\":\"en-SE\",\"@id\":\"https:\/\/u-pol.com\/sv\/#\/schema\/logo\/image\/\",\"url\":\"https:\/\/u-pol.com\/wp-content\/uploads\/UPOL-sticky-bLogo.png\",\"contentUrl\":\"https:\/\/u-pol.com\/wp-content\/uploads\/UPOL-sticky-bLogo.png\",\"width\":125,\"height\":75,\"caption\":\"U-POL\"},\"image\":{\"@id\":\"https:\/\/u-pol.com\/sv\/#\/schema\/logo\/image\/\"},\"sameAs\":[\"https:\/\/www.facebook.com\/U-POL-UK-409641822803819\/\",\"https:\/\/x.com\/UpolUK\"]}]}<\/script>","yoast_head_json":{"title":"Extra Soft Medium Fill Filler Extra Easy to Sand - U-Pol","description":"The easiest U-POL filler to sand, ideal for filling, finishing and shaping medium to deep damage.","robots":{"index":"index","follow":"follow","max-snippet":"max-snippet:-1","max-image-preview":"max-image-preview:large","max-video-preview":"max-video-preview:-1"},"canonical":"https:\/\/u-pol.com\/sv\/product\/fillers-sv\/multi-use-fillers-sv\/extra-soft-medium-fill-filler-extra-easy-to-sand\/","og_locale":"en_US","og_type":"article","og_title":"Extra Soft Medium Fill Filler Extra Easy to Sand - U-Pol","og_description":"The easiest U-POL filler to sand, ideal for filling, finishing and shaping medium to deep damage.","og_url":"https:\/\/u-pol.com\/sv\/product\/fillers-sv\/multi-use-fillers-sv\/extra-soft-medium-fill-filler-extra-easy-to-sand\/","og_site_name":"U-Pol","article_publisher":"https:\/\/www.facebook.com\/U-POL-UK-409641822803819\/","article_modified_time":"2023-05-22T15:16:58+00:00","og_image":[{"width":500,"height":500,"url":"https:\/\/u-pol.com\/wp-content\/uploads\/Mastic-a-Charge-Medium-Extrement-Facile-a-Poncer-Extra-Soft.jpg","type":"image\/jpeg"}],"twitter_card":"summary_large_image","twitter_site":"@UpolUK","twitter_misc":{"Est. reading time":"3 minutes"},"schema":{"@context":"https:\/\/schema.org","@graph":[{"@type":"WebPage","@id":"https:\/\/u-pol.com\/sv\/product\/fillers-sv\/multi-use-fillers-sv\/extra-soft-medium-fill-filler-extra-easy-to-sand\/","url":"https:\/\/u-pol.com\/sv\/product\/fillers-sv\/multi-use-fillers-sv\/extra-soft-medium-fill-filler-extra-easy-to-sand\/","name":"Extra Soft Medium Fill Filler Extra Easy to Sand - U-Pol","isPartOf":{"@id":"https:\/\/u-pol.com\/sv\/#website"},"primaryImageOfPage":{"@id":"https:\/\/u-pol.com\/sv\/product\/fillers-sv\/multi-use-fillers-sv\/extra-soft-medium-fill-filler-extra-easy-to-sand\/#primaryimage"},"image":{"@id":"https:\/\/u-pol.com\/sv\/product\/fillers-sv\/multi-use-fillers-sv\/extra-soft-medium-fill-filler-extra-easy-to-sand\/#primaryimage"},"thumbnailUrl":"https:\/\/u-pol.com\/wp-content\/uploads\/Mastic-a-Charge-Medium-Extrement-Facile-a-Poncer-Extra-Soft.jpg","datePublished":"2022-05-10T12:06:46+00:00","dateModified":"2023-05-22T15:16:58+00:00","description":"The easiest U-POL filler to sand, ideal for filling, finishing and shaping medium to deep damage.","breadcrumb":{"@id":"https:\/\/u-pol.com\/sv\/product\/fillers-sv\/multi-use-fillers-sv\/extra-soft-medium-fill-filler-extra-easy-to-sand\/#breadcrumb"},"inLanguage":"en-SE","potentialAction":[{"@type":"ReadAction","target":["https:\/\/u-pol.com\/sv\/product\/fillers-sv\/multi-use-fillers-sv\/extra-soft-medium-fill-filler-extra-easy-to-sand\/"]}]},{"@type":"ImageObject","inLanguage":"en-SE","@id":"https:\/\/u-pol.com\/sv\/product\/fillers-sv\/multi-use-fillers-sv\/extra-soft-medium-fill-filler-extra-easy-to-sand\/#primaryimage","url":"https:\/\/u-pol.com\/wp-content\/uploads\/Mastic-a-Charge-Medium-Extrement-Facile-a-Poncer-Extra-Soft.jpg","contentUrl":"https:\/\/u-pol.com\/wp-content\/uploads\/Mastic-a-Charge-Medium-Extrement-Facile-a-Poncer-Extra-Soft.jpg","width":500,"height":500,"caption":"Mastic \u00e0 Charge Medium Extr\u00e8ment Facile \u00e0 Poncer Extra Soft"},{"@type":"BreadcrumbList","@id":"https:\/\/u-pol.com\/sv\/product\/fillers-sv\/multi-use-fillers-sv\/extra-soft-medium-fill-filler-extra-easy-to-sand\/#breadcrumb","itemListElement":[{"@type":"ListItem","position":1,"name":"Home","item":"https:\/\/u-pol.com\/sv\/"},{"@type":"ListItem","position":2,"name":"Shop","item":"https:\/\/u-pol.com\/?page_id=235"},{"@type":"ListItem","position":3,"name":"Extra Soft Medium Fill Filler Extra Easy to Sand"}]},{"@type":"WebSite","@id":"https:\/\/u-pol.com\/sv\/#website","url":"https:\/\/u-pol.com\/sv\/","name":"U-Pol","description":"","publisher":{"@id":"https:\/\/u-pol.com\/sv\/#organization"},"potentialAction":[{"@type":"SearchAction","target":{"@type":"EntryPoint","urlTemplate":"https:\/\/u-pol.com\/sv\/?s={search_term_string}"},"query-input":{"@type":"PropertyValueSpecification","valueRequired":true,"valueName":"search_term_string"}}],"inLanguage":"en-SE"},{"@type":"Organization","@id":"https:\/\/u-pol.com\/sv\/#organization","name":"U-POL","url":"https:\/\/u-pol.com\/sv\/","logo":{"@type":"ImageObject","inLanguage":"en-SE","@id":"https:\/\/u-pol.com\/sv\/#\/schema\/logo\/image\/","url":"https:\/\/u-pol.com\/wp-content\/uploads\/UPOL-sticky-bLogo.png","contentUrl":"https:\/\/u-pol.com\/wp-content\/uploads\/UPOL-sticky-bLogo.png","width":125,"height":75,"caption":"U-POL"},"image":{"@id":"https:\/\/u-pol.com\/sv\/#\/schema\/logo\/image\/"},"sameAs":["https:\/\/www.facebook.com\/U-POL-UK-409641822803819\/","https:\/\/x.com\/UpolUK"]}]}},"_links":{"self":[{"href":"https:\/\/u-pol.com\/sv\/wp-json\/wp\/v2\/product\/81442","targetHints":{"allow":["GET"]}}],"collection":[{"href":"https:\/\/u-pol.com\/sv\/wp-json\/wp\/v2\/product"}],"about":[{"href":"https:\/\/u-pol.com\/sv\/wp-json\/wp\/v2\/types\/product"}],"wp:featuredmedia":[{"embeddable":true,"href":"https:\/\/u-pol.com\/sv\/wp-json\/wp\/v2\/media\/59686"}],"wp:attachment":[{"href":"https:\/\/u-pol.com\/sv\/wp-json\/wp\/v2\/media?parent=81442"}],"wp:term":[{"taxonomy":"product_brand","embeddable":true,"href":"https:\/\/u-pol.com\/sv\/wp-json\/wp\/v2\/product_brand?post=81442"},{"taxonomy":"product_cat","embeddable":true,"href":"https:\/\/u-pol.com\/sv\/wp-json\/wp\/v2\/product_cat?post=81442"},{"taxonomy":"product_tag","embeddable":true,"href":"https:\/\/u-pol.com\/sv\/wp-json\/wp\/v2\/product_tag?post=81442"}],"curies":[{"name":"wp","href":"https:\/\/api.w.org\/{rel}","templated":true}]}}